{"id":115507,"date":"2022-08-06T11:54:09","date_gmt":"2022-08-06T09:54:09","guid":{"rendered":"https:\/\/www.magnetenspecialist.nl\/?post_type=product&#038;p=115507"},"modified":"2025-03-24T21:52:18","modified_gmt":"2025-03-24T20:52:18","slug":"pot-magnetique-25-x-7-mm-avec-filetage-interne-m5-2","status":"publish","type":"product","link":"https:\/\/www.magnetenspecialist.nl\/fr\/magasin\/aimants-en-pot\/pot-magnetique-25-x-7-mm-avec-filetage-interne-m5-2\/","title":{"rendered":"Aimant en pot 25 x 7 mm avec filetage interne M5"},"content":{"rendered":"<h3>Aimants super puissants de diff\u00e9rentes tailles et forces<\/h3>\n<p>  Aimants en n\u00e9odyme \u00e0 filetage int\u00e9rieur m\u00e9trique A visser sur des objets \u00e0 filetage ext\u00e9rieur (\u00e0 noter que celui-ci doit \u00eatre appropri\u00e9 &#8211; 16mm). Veuillez noter que l&#8217;aimant est trait\u00e9 dans un pot, ce qui limite consid\u00e9rablement son pouvoir de r\u00e9tention. La puissance de maintien maximale est obtenue avec des surfaces lisses en acier massif.<\/p>\n","protected":false},"excerpt":{"rendered":"<p>Aimants super puissants de diff\u00e9rentes tailles et forces Aimants en n\u00e9odyme \u00e0 filetage int\u00e9rieur m\u00e9trique A visser sur des objets \u00e0 filetage ext\u00e9rieur (\u00e0 noter que celui-ci doit \u00eatre appropri\u00e9 &#8211; 16mm). Veuillez noter que l&#8217;aimant est trait\u00e9 dans un pot, ce qui limite consid\u00e9rablement son pouvoir de r\u00e9tention. La puissance de maintien maximale est [&hellip;]<\/p>\n","protected":false},"featured_media":112679,"template":"","meta":{"_acf_changed":false},"product_brand":[3521],"product_cat":[1394],"product_tag":[3159],"class_list":{"0":"post-115507","1":"product","2":"type-product","3":"status-publish","4":"has-post-thumbnail","6":"product_brand-magnetenspecialist","7":"product_cat-aimants-en-pot","8":"product_tag-groep-4-fr","9":"pa_herkomst-chine","10":"pa_houdkracht-15-fr","11":"pa_magnetisering-n40-fr","12":"pa_magnetiseringsrichting-axiaal-fr","13":"pa_materiaal-neodyme-nickele","14":"pa_maximale-gebruikstemperatuur-80-fr","15":"pa_model-aimant-en-neodyme-en-pot","16":"pa_preferentiele-oorsprong-non","17":"pa_taric-code-8505-1110-99-0-fr","19":"first","20":"instock","21":"taxable","22":"shipping-taxable","23":"purchasable","24":"product-type-simple"},"supplier_id":null,"supplier_sku":"","barcode":null,"atum_controlled":true,"out_stock_date":null,"out_stock_threshold":null,"inheritable":false,"inbound_stock":0,"stock_on_hold":0,"sold_today":0,"sales_last_days":0,"reserved_stock":0,"customer_returns":0,"warehouse_damage":0,"lost_in_post":0,"other_logs":0,"out_stock_days":0,"lost_sales":0,"has_location":false,"update_date":"2026-04-27T01:00:37","atum_locations":[],"atum_stock_status":"instock","restock_status":false,"low_stock_amount":1000,"sales_update_date":"2026-04-27T01:00:36","calc_backorders":null,"acf":[],"yoast_head":"<!-- This site is optimized with the Yoast SEO Premium plugin v24.7 (Yoast SEO v24.7) - https:\/\/yoast.com\/wordpress\/plugins\/seo\/ -->\n<title>Aimant en Pot 25 x 7 mm avec Filetage Interne M5 \u2013 Aimant \u00e0 Pot avec Filetage M5 Int\u00e9rieur<\/title>\n<meta name=\"description\" content=\"Vous cherchez un Aimant en pot 25 x 7 mm avec filetage interne M5? Les aimants peuvent \u00eatre achet\u00e9s facilement en ligne sur Magnetenspecialist.nl \u2713 1 jour ouvrable de d\u00e9lai de livraison \u2713 14 jours de d\u00e9lai de r\u00e9flexion \u2713 Exp\u00e9dition ou enl\u00e8vement *.\" \/>\n<meta name=\"robots\" content=\"index, follow, max-snippet:-1, max-image-preview:large, max-video-preview:-1\" \/>\n<link rel=\"canonical\" href=\"https:\/\/www.magnetenspecialist.nl\/fr\/magasin\/aimants-en-pot\/pot-magnetique-25-x-7-mm-avec-filetage-interne-m5-2\/\" \/>\n<meta property=\"og:locale\" content=\"fr_FR\" \/>\n<meta property=\"og:type\" content=\"article\" \/>\n<meta property=\"og:title\" content=\"Aimant en pot 25 x 7 mm avec filetage interne M5\" \/>\n<meta property=\"og:description\" content=\"Vous cherchez un Aimant en pot 25 x 7 mm avec filetage interne M5? Les aimants peuvent \u00eatre achet\u00e9s facilement en ligne sur Magnetenspecialist.nl \u2713 1 jour ouvrable de d\u00e9lai de livraison \u2713 14 jours de d\u00e9lai de r\u00e9flexion \u2713 Exp\u00e9dition ou enl\u00e8vement *.\" \/>\n<meta property=\"og:url\" content=\"https:\/\/www.magnetenspecialist.nl\/fr\/magasin\/aimants-en-pot\/pot-magnetique-25-x-7-mm-avec-filetage-interne-m5-2\/\" \/>\n<meta property=\"og:site_name\" content=\"Magnetenspecialist.nl\" \/>\n<meta property=\"article:publisher\" content=\"https:\/\/www.facebook.com\/Magnetenspecialist.nl\" \/>\n<meta property=\"article:modified_time\" content=\"2025-03-24T20:52:18+00:00\" \/>\n<meta property=\"og:image\" content=\"https:\/\/www.magnetenspecialist.nl\/wp-content\/uploads\/2021\/09\/Magnetenspecialist.nl_Potmagneet-16-x-5-mm-met-inwendige-schroefdraad-M4_1.jpg\" \/>\n\t<meta property=\"og:image:width\" content=\"1500\" \/>\n\t<meta property=\"og:image:height\" content=\"1500\" \/>\n\t<meta property=\"og:image:type\" content=\"image\/jpeg\" \/>\n<meta name=\"twitter:card\" content=\"summary_large_image\" \/>\n<meta name=\"twitter:site\" content=\"@magnetenspecial\" \/>\n<meta name=\"twitter:label1\" content=\"Prix\" \/>\n\t<meta name=\"twitter:data1\" content=\"&euro;&nbsp;4,32\" \/>\n\t<meta name=\"twitter:label2\" content=\"Disponibilit\u00e9\" \/>\n\t<meta name=\"twitter:data2\" content=\"En stock\" \/>\n<script type=\"application\/ld+json\" class=\"yoast-schema-graph\">{\"@context\":\"https:\/\/schema.org\",\"@graph\":[{\"@type\":\"WebPage\",\"@id\":\"https:\/\/www.magnetenspecialist.nl\/fr\/magasin\/aimants-en-pot\/pot-magnetique-25-x-7-mm-avec-filetage-interne-m5-2\/\",\"url\":\"https:\/\/www.magnetenspecialist.nl\/fr\/magasin\/aimants-en-pot\/pot-magnetique-25-x-7-mm-avec-filetage-interne-m5-2\/\",\"name\":\"Aimant en Pot 25 x 7 mm avec Filetage Interne M5 \u2013 Aimant \u00e0 Pot avec Filetage M5 Int\u00e9rieur\",\"isPartOf\":{\"@id\":\"https:\/\/www.magnetenspecialist.nl\/fr\/#website\"},\"primaryImageOfPage\":{\"@id\":\"https:\/\/www.magnetenspecialist.nl\/fr\/magasin\/aimants-en-pot\/pot-magnetique-25-x-7-mm-avec-filetage-interne-m5-2\/#primaryimage\"},\"image\":{\"@id\":\"https:\/\/www.magnetenspecialist.nl\/fr\/magasin\/aimants-en-pot\/pot-magnetique-25-x-7-mm-avec-filetage-interne-m5-2\/#primaryimage\"},\"thumbnailUrl\":\"https:\/\/www.magnetenspecialist.nl\/wp-content\/uploads\/2021\/09\/Magnetenspecialist.nl_Potmagneet-16-x-5-mm-met-inwendige-schroefdraad-M4_1.jpg\",\"datePublished\":\"2022-08-06T09:54:09+00:00\",\"dateModified\":\"2025-03-24T20:52:18+00:00\",\"description\":\"Vous cherchez un Aimant en pot 25 x 7 mm avec filetage interne M5? Les aimants peuvent \u00eatre achet\u00e9s facilement en ligne sur Magnetenspecialist.nl \u2713 1 jour ouvrable de d\u00e9lai de livraison \u2713 14 jours de d\u00e9lai de r\u00e9flexion \u2713 Exp\u00e9dition ou enl\u00e8vement *.\",\"breadcrumb\":{\"@id\":\"https:\/\/www.magnetenspecialist.nl\/fr\/magasin\/aimants-en-pot\/pot-magnetique-25-x-7-mm-avec-filetage-interne-m5-2\/#breadcrumb\"},\"inLanguage\":\"fr-FR\",\"potentialAction\":[{\"@type\":\"ReadAction\",\"target\":[\"https:\/\/www.magnetenspecialist.nl\/fr\/magasin\/aimants-en-pot\/pot-magnetique-25-x-7-mm-avec-filetage-interne-m5-2\/\"]}]},{\"@type\":\"ImageObject\",\"inLanguage\":\"fr-FR\",\"@id\":\"https:\/\/www.magnetenspecialist.nl\/fr\/magasin\/aimants-en-pot\/pot-magnetique-25-x-7-mm-avec-filetage-interne-m5-2\/#primaryimage\",\"url\":\"https:\/\/www.magnetenspecialist.nl\/wp-content\/uploads\/2021\/09\/Magnetenspecialist.nl_Potmagneet-16-x-5-mm-met-inwendige-schroefdraad-M4_1.jpg\",\"contentUrl\":\"https:\/\/www.magnetenspecialist.nl\/wp-content\/uploads\/2021\/09\/Magnetenspecialist.nl_Potmagneet-16-x-5-mm-met-inwendige-schroefdraad-M4_1.jpg\",\"width\":1500,\"height\":1500},{\"@type\":\"BreadcrumbList\",\"@id\":\"https:\/\/www.magnetenspecialist.nl\/fr\/magasin\/aimants-en-pot\/pot-magnetique-25-x-7-mm-avec-filetage-interne-m5-2\/#breadcrumb\",\"itemListElement\":[{\"@type\":\"ListItem\",\"position\":1,\"name\":\"Accueil\",\"item\":\"https:\/\/www.magnetenspecialist.nl\/fr\/accueil\/\"},{\"@type\":\"ListItem\",\"position\":2,\"name\":\"Boutique\",\"item\":\"https:\/\/www.magnetenspecialist.nl\/fr\/boutique\/\"},{\"@type\":\"ListItem\",\"position\":3,\"name\":\"Aimant en pot 25 x 7 mm avec filetage interne M5\"}]},{\"@type\":\"WebSite\",\"@id\":\"https:\/\/www.magnetenspecialist.nl\/fr\/#website\",\"url\":\"https:\/\/www.magnetenspecialist.nl\/fr\/\",\"name\":\"Magnetenspecialist.nl\",\"description\":\"Vaste gamme d'aimants en n\u00e9odyme\",\"publisher\":{\"@id\":\"https:\/\/www.magnetenspecialist.nl\/fr\/#organization\"},\"potentialAction\":[{\"@type\":\"SearchAction\",\"target\":{\"@type\":\"EntryPoint\",\"urlTemplate\":\"https:\/\/www.magnetenspecialist.nl\/fr\/?s={search_term_string}\"},\"query-input\":{\"@type\":\"PropertyValueSpecification\",\"valueRequired\":true,\"valueName\":\"search_term_string\"}}],\"inLanguage\":\"fr-FR\"},{\"@type\":\"Organization\",\"@id\":\"https:\/\/www.magnetenspecialist.nl\/fr\/#organization\",\"name\":\"Magnetenspecialist.nl\",\"url\":\"https:\/\/www.magnetenspecialist.nl\/fr\/\",\"logo\":{\"@type\":\"ImageObject\",\"inLanguage\":\"fr-FR\",\"@id\":\"https:\/\/www.magnetenspecialist.nl\/fr\/#\/schema\/logo\/image\/\",\"url\":\"https:\/\/www.magnetenspecialist.nl\/wp-content\/uploads\/2018\/10\/magneten-logo.jpg\",\"contentUrl\":\"https:\/\/www.magnetenspecialist.nl\/wp-content\/uploads\/2018\/10\/magneten-logo.jpg\",\"width\":151,\"height\":151,\"caption\":\"Magnetenspecialist.nl\"},\"image\":{\"@id\":\"https:\/\/www.magnetenspecialist.nl\/fr\/#\/schema\/logo\/image\/\"},\"sameAs\":[\"https:\/\/www.facebook.com\/Magnetenspecialist.nl\",\"https:\/\/x.com\/magnetenspecial\"]}]}<\/script>\n<meta property=\"product:price:amount\" content=\"4.32\" \/>\n<meta property=\"product:price:currency\" content=\"EUR\" \/>\n<meta property=\"og:availability\" content=\"instock\" \/>\n<meta property=\"product:availability\" content=\"instock\" \/>\n<meta property=\"product:retailer_item_id\" content=\"po025x007-N-I-1type-b-1\" \/>\n<meta property=\"product:condition\" content=\"new\" \/>\n<!-- \/ Yoast SEO Premium plugin. -->","yoast_head_json":{"title":"Aimant en Pot 25 x 7 mm avec Filetage Interne M5 \u2013 Aimant \u00e0 Pot avec Filetage M5 Int\u00e9rieur","description":"Vous cherchez un Aimant en pot 25 x 7 mm avec filetage interne M5? Les aimants peuvent \u00eatre achet\u00e9s facilement en ligne sur Magnetenspecialist.nl \u2713 1 jour ouvrable de d\u00e9lai de livraison \u2713 14 jours de d\u00e9lai de r\u00e9flexion \u2713 Exp\u00e9dition ou enl\u00e8vement *.","robots":{"index":"index","follow":"follow","max-snippet":"max-snippet:-1","max-image-preview":"max-image-preview:large","max-video-preview":"max-video-preview:-1"},"canonical":"https:\/\/www.magnetenspecialist.nl\/fr\/magasin\/aimants-en-pot\/pot-magnetique-25-x-7-mm-avec-filetage-interne-m5-2\/","og_locale":"fr_FR","og_type":"article","og_title":"Aimant en pot 25 x 7 mm avec filetage interne M5","og_description":"Vous cherchez un Aimant en pot 25 x 7 mm avec filetage interne M5? Les aimants peuvent \u00eatre achet\u00e9s facilement en ligne sur Magnetenspecialist.nl \u2713 1 jour ouvrable de d\u00e9lai de livraison \u2713 14 jours de d\u00e9lai de r\u00e9flexion \u2713 Exp\u00e9dition ou enl\u00e8vement *.","og_url":"https:\/\/www.magnetenspecialist.nl\/fr\/magasin\/aimants-en-pot\/pot-magnetique-25-x-7-mm-avec-filetage-interne-m5-2\/","og_site_name":"Magnetenspecialist.nl","article_publisher":"https:\/\/www.facebook.com\/Magnetenspecialist.nl","article_modified_time":"2025-03-24T20:52:18+00:00","og_image":[{"width":1500,"height":1500,"url":"https:\/\/www.magnetenspecialist.nl\/wp-content\/uploads\/2021\/09\/Magnetenspecialist.nl_Potmagneet-16-x-5-mm-met-inwendige-schroefdraad-M4_1.jpg","type":"image\/jpeg"}],"twitter_card":"summary_large_image","twitter_site":"@magnetenspecial","twitter_misc":{"Prix":"&euro;&nbsp;4,32","Disponibilit\u00e9":"En stock"},"schema":{"@context":"https:\/\/schema.org","@graph":[{"@type":"WebPage","@id":"https:\/\/www.magnetenspecialist.nl\/fr\/magasin\/aimants-en-pot\/pot-magnetique-25-x-7-mm-avec-filetage-interne-m5-2\/","url":"https:\/\/www.magnetenspecialist.nl\/fr\/magasin\/aimants-en-pot\/pot-magnetique-25-x-7-mm-avec-filetage-interne-m5-2\/","name":"Aimant en Pot 25 x 7 mm avec Filetage Interne M5 \u2013 Aimant \u00e0 Pot avec Filetage M5 Int\u00e9rieur","isPartOf":{"@id":"https:\/\/www.magnetenspecialist.nl\/fr\/#website"},"primaryImageOfPage":{"@id":"https:\/\/www.magnetenspecialist.nl\/fr\/magasin\/aimants-en-pot\/pot-magnetique-25-x-7-mm-avec-filetage-interne-m5-2\/#primaryimage"},"image":{"@id":"https:\/\/www.magnetenspecialist.nl\/fr\/magasin\/aimants-en-pot\/pot-magnetique-25-x-7-mm-avec-filetage-interne-m5-2\/#primaryimage"},"thumbnailUrl":"https:\/\/www.magnetenspecialist.nl\/wp-content\/uploads\/2021\/09\/Magnetenspecialist.nl_Potmagneet-16-x-5-mm-met-inwendige-schroefdraad-M4_1.jpg","datePublished":"2022-08-06T09:54:09+00:00","dateModified":"2025-03-24T20:52:18+00:00","description":"Vous cherchez un Aimant en pot 25 x 7 mm avec filetage interne M5? Les aimants peuvent \u00eatre achet\u00e9s facilement en ligne sur Magnetenspecialist.nl \u2713 1 jour ouvrable de d\u00e9lai de livraison \u2713 14 jours de d\u00e9lai de r\u00e9flexion \u2713 Exp\u00e9dition ou enl\u00e8vement *.","breadcrumb":{"@id":"https:\/\/www.magnetenspecialist.nl\/fr\/magasin\/aimants-en-pot\/pot-magnetique-25-x-7-mm-avec-filetage-interne-m5-2\/#breadcrumb"},"inLanguage":"fr-FR","potentialAction":[{"@type":"ReadAction","target":["https:\/\/www.magnetenspecialist.nl\/fr\/magasin\/aimants-en-pot\/pot-magnetique-25-x-7-mm-avec-filetage-interne-m5-2\/"]}]},{"@type":"ImageObject","inLanguage":"fr-FR","@id":"https:\/\/www.magnetenspecialist.nl\/fr\/magasin\/aimants-en-pot\/pot-magnetique-25-x-7-mm-avec-filetage-interne-m5-2\/#primaryimage","url":"https:\/\/www.magnetenspecialist.nl\/wp-content\/uploads\/2021\/09\/Magnetenspecialist.nl_Potmagneet-16-x-5-mm-met-inwendige-schroefdraad-M4_1.jpg","contentUrl":"https:\/\/www.magnetenspecialist.nl\/wp-content\/uploads\/2021\/09\/Magnetenspecialist.nl_Potmagneet-16-x-5-mm-met-inwendige-schroefdraad-M4_1.jpg","width":1500,"height":1500},{"@type":"BreadcrumbList","@id":"https:\/\/www.magnetenspecialist.nl\/fr\/magasin\/aimants-en-pot\/pot-magnetique-25-x-7-mm-avec-filetage-interne-m5-2\/#breadcrumb","itemListElement":[{"@type":"ListItem","position":1,"name":"Accueil","item":"https:\/\/www.magnetenspecialist.nl\/fr\/accueil\/"},{"@type":"ListItem","position":2,"name":"Boutique","item":"https:\/\/www.magnetenspecialist.nl\/fr\/boutique\/"},{"@type":"ListItem","position":3,"name":"Aimant en pot 25 x 7 mm avec filetage interne M5"}]},{"@type":"WebSite","@id":"https:\/\/www.magnetenspecialist.nl\/fr\/#website","url":"https:\/\/www.magnetenspecialist.nl\/fr\/","name":"Magnetenspecialist.nl","description":"Vaste gamme d'aimants en n\u00e9odyme","publisher":{"@id":"https:\/\/www.magnetenspecialist.nl\/fr\/#organization"},"potentialAction":[{"@type":"SearchAction","target":{"@type":"EntryPoint","urlTemplate":"https:\/\/www.magnetenspecialist.nl\/fr\/?s={search_term_string}"},"query-input":{"@type":"PropertyValueSpecification","valueRequired":true,"valueName":"search_term_string"}}],"inLanguage":"fr-FR"},{"@type":"Organization","@id":"https:\/\/www.magnetenspecialist.nl\/fr\/#organization","name":"Magnetenspecialist.nl","url":"https:\/\/www.magnetenspecialist.nl\/fr\/","logo":{"@type":"ImageObject","inLanguage":"fr-FR","@id":"https:\/\/www.magnetenspecialist.nl\/fr\/#\/schema\/logo\/image\/","url":"https:\/\/www.magnetenspecialist.nl\/wp-content\/uploads\/2018\/10\/magneten-logo.jpg","contentUrl":"https:\/\/www.magnetenspecialist.nl\/wp-content\/uploads\/2018\/10\/magneten-logo.jpg","width":151,"height":151,"caption":"Magnetenspecialist.nl"},"image":{"@id":"https:\/\/www.magnetenspecialist.nl\/fr\/#\/schema\/logo\/image\/"},"sameAs":["https:\/\/www.facebook.com\/Magnetenspecialist.nl","https:\/\/x.com\/magnetenspecial"]}]},"product_price_amount":"4.32","product_price_currency":"EUR","og_availability":"instock","product_availability":"instock","product_retailer_item_id":"po025x007-N-I-1type-b-1","product_condition":"new"},"_links":{"self":[{"href":"https:\/\/www.magnetenspecialist.nl\/fr\/wp-json\/wp\/v2\/product\/115507","targetHints":{"allow":["GET"]}}],"collection":[{"href":"https:\/\/www.magnetenspecialist.nl\/fr\/wp-json\/wp\/v2\/product"}],"about":[{"href":"https:\/\/www.magnetenspecialist.nl\/fr\/wp-json\/wp\/v2\/types\/product"}],"wp:featuredmedia":[{"embeddable":true,"href":"https:\/\/www.magnetenspecialist.nl\/fr\/wp-json\/wp\/v2\/media\/112679"}],"wp:attachment":[{"href":"https:\/\/www.magnetenspecialist.nl\/fr\/wp-json\/wp\/v2\/media?parent=115507"}],"wp:term":[{"taxonomy":"product_brand","embeddable":true,"href":"https:\/\/www.magnetenspecialist.nl\/fr\/wp-json\/wp\/v2\/product_brand?post=115507"},{"taxonomy":"product_cat","embeddable":true,"href":"https:\/\/www.magnetenspecialist.nl\/fr\/wp-json\/wp\/v2\/product_cat?post=115507"},{"taxonomy":"product_tag","embeddable":true,"href":"https:\/\/www.magnetenspecialist.nl\/fr\/wp-json\/wp\/v2\/product_tag?post=115507"}],"curies":[{"name":"wp","href":"https:\/\/api.w.org\/{rel}","templated":true}]}}