{"id":122015,"date":"2023-05-18T15:16:56","date_gmt":"2023-05-18T13:16:56","guid":{"rendered":"https:\/\/www.magnetenspecialist.nl\/?post_type=product&#038;p=122015"},"modified":"2025-03-18T15:42:14","modified_gmt":"2025-03-18T14:42:14","slug":"schijfmagneet-30-x-4-mm","status":"publish","type":"product","link":"https:\/\/www.magnetenspecialist.nl\/fr\/magasin\/aimants-a-disque\/schijfmagneet-30-x-4-mm\/","title":{"rendered":"Disque aimant\u00e9 30 x 4 mm"},"content":{"rendered":"<p data-sourcepos=\"1:1-1:76\"><strong>Aimant \u00e0 disque 30 x 4 mm : un aimant puissant pour diverses applications<\/strong><\/p>\n<p data-sourcepos=\"3:1-3:213\">Les aimants en forme de disque sont des aimants petits mais puissants utilis\u00e9s dans diverses applications.<br \/>\nL&#8217;aimant disque de 30 x 4 mm, qui a une force de r\u00e9tention maximale de 10 kg, est une taille courante. <\/p>\n<p data-sourcepos=\"5:1-5:17\"><strong>Caract\u00e9ristiques<\/strong><\/p>\n<p data-sourcepos=\"7:1-7:417\">L&#8217;aimant en forme de disque de 30 x 4 mm est fabriqu\u00e9 en n\u00e9odyme, l&#8217;un des mat\u00e9riaux magn\u00e9tiques les plus puissants qui soient.<br \/>\nLes aimants en n\u00e9odyme sont constitu\u00e9s d&#8217;un alliage de n\u00e9odyme, de fer et de bore.<br \/>\nCet alliage poss\u00e8de une grande force de champ magn\u00e9tique et une grande coercivit\u00e9, ce qui signifie que les aimants conservent leur force magn\u00e9tique m\u00eame lorsqu&#8217;ils sont expos\u00e9s \u00e0 un champ magn\u00e9tique de polarit\u00e9 invers\u00e9e.  <\/p>\n<p data-sourcepos=\"9:1-9:224\">Le disque magn\u00e9tique 30 x 4 mm a une largeur de 30 mm et une \u00e9paisseur de 4 mm.<br \/>\nLa force de r\u00e9tention maximale est de 10 kg, ce qui signifie que l&#8217;aimant peut supporter un poids de 10 kg.<br \/>\nL&#8217;aimant est nickel\u00e9, ce qui lui conf\u00e8re une couche de protection contre la rouille.  <\/p>\n<p data-sourcepos=\"11:1-11:16\"><strong>Applications<\/strong><\/p>\n<p data-sourcepos=\"13:1-13:91\">Les aimants en forme de disque de 30 x 4 mm sont utilis\u00e9s \u00e0 des fins tr\u00e8s diverses, notamment :<\/p>\n<ul data-sourcepos=\"15:1-19:0\">\n<li data-sourcepos=\"15:1-15:55\"><strong>Accrocher des affiches, des photos et d&#8217;autres objets<\/strong><\/li>\n<li data-sourcepos=\"16:1-16:38\"><strong>Raccordement d&#8217;objets m\u00e9talliques<\/strong><\/li>\n<li data-sourcepos=\"17:1-17:28\"><strong>Utilisation dans l&#8217;\u00e9lectronique<\/strong><\/li>\n<li data-sourcepos=\"18:1-19:0\"><a href=\"https:\/\/www.magnetenspecialist.nl\/vismagneten\/\"><strong>P\u00eache magn\u00e9tique<\/strong><\/a><\/li>\n<\/ul>\n<p data-sourcepos=\"20:1-20:53\"><strong>Accrocher des affiches, des photos et d&#8217;autres objets<\/strong><\/p>\n<p data-sourcepos=\"22:1-22:170\">Les aimants en forme de disque sont un moyen populaire d&#8217;accrocher des affiches, des photos et d&#8217;autres objets au mur.<br \/>\nLes aimants sont suffisamment puissants pour supporter des objets lourds. <\/p>\n<p data-sourcepos=\"24:1-24:36\"><strong>Raccordement d&#8217;objets m\u00e9talliques<\/strong><\/p>\n<p data-sourcepos=\"26:1-26:175\">Les aimants en forme de disque peuvent \u00eatre utilis\u00e9s pour relier des objets m\u00e9talliques.<br \/>\nC&#8217;est utile, par exemple, pour le mod\u00e9lisme ou la r\u00e9paration d&#8217;appareils. <\/p>\n<p data-sourcepos=\"28:1-28:26\"><strong>Utilisation dans l&#8217;\u00e9lectronique<\/strong><\/p>\n<p data-sourcepos=\"30:1-30:110\">Les disques magn\u00e9tiques sont utilis\u00e9s dans de nombreux appareils \u00e9lectroniques, tels que les disques durs, les haut-parleurs et les moteurs.<\/p>\n<p data-sourcepos=\"32:1-32:17\"><strong>P\u00eache magn\u00e9tique<\/strong><\/p>\n<p data-sourcepos=\"34:1-34:152\">Les aimants en forme de disque sont \u00e9galement utilis\u00e9s pour la p\u00eache \u00e0 l&#8217;aimant.<br \/>\nIl s&#8217;agit d&#8217;un loisir qui consiste \u00e0 utiliser des aimants pour r\u00e9cup\u00e9rer des objets m\u00e9talliques dans l&#8217;eau. <\/p>\n","protected":false},"excerpt":{"rendered":"<p data-sourcepos=\"3:1-3:27\"><strong>Disque aimant\u00e9 30 x 4 mm<\/strong><\/p>\n<p data-sourcepos=\"5:1-5:195\">Ce puissant aimant en forme de disque est fabriqu\u00e9 en n\u00e9odyme, l&#8217;un des mat\u00e9riaux magn\u00e9tiques les plus puissants qui soient.<br \/>\nL&#8217;aimant mesure 30 mm de large et 4 mm d&#8217;\u00e9paisseur et a une capacit\u00e9 de r\u00e9tention maximale de 10 kg. <\/p>\n<p data-sourcepos=\"7:1-7:147\">L&#8217;aimant est nickel\u00e9, ce qui lui conf\u00e8re une couche de protection contre la rouille.<br \/>\nL&#8217;aimant convient \u00e0 un large \u00e9ventail d&#8217;applications, notamment : <\/p>\n<ul data-sourcepos=\"9:1-13:0\">\n<li data-sourcepos=\"9:1-9:55\"><strong>Accrocher des affiches, des photos et d&#8217;autres objets<\/strong><\/li>\n<li data-sourcepos=\"10:1-10:38\"><strong>Raccordement d&#8217;objets m\u00e9talliques<\/strong><\/li>\n<li data-sourcepos=\"11:1-11:28\"><strong>Utilisation dans l&#8217;\u00e9lectronique<\/strong><\/li>\n<li data-sourcepos=\"12:1-13:0\"><strong>P\u00eache magn\u00e9tique<\/strong><\/li>\n<\/ul>\n<p data-sourcepos=\"14:1-14:17\"><strong>Sp\u00e9cifications<\/strong><\/p>\n<ul data-sourcepos=\"16:1-20:0\">\n<li data-sourcepos=\"16:1-16:22\">Mat\u00e9riau : N\u00e9odyme<\/li>\n<li data-sourcepos=\"17:1-17:23\">Dimensions : 30 x 4 mm<\/li>\n<li data-sourcepos=\"18:1-18:28\">Force de maintien maximale : 10 kg<\/li>\n<li data-sourcepos=\"19:1-20:0\">Transformation : Vernickeld<\/li>\n<\/ul>\n<p data-sourcepos=\"21:1-21:13\"><strong>Avantages<\/strong><\/p>\n<ul data-sourcepos=\"23:1-26:0\">\n<li data-sourcepos=\"23:1-23:19\">Aimant puissant<\/li>\n<li data-sourcepos=\"24:1-24:48\">Convient \u00e0 une large gamme d&#8217;applications<\/li>\n<li data-sourcepos=\"25:1-26:0\">Couche de protection contre la rouille<\/li>\n<\/ul>\n<p data-sourcepos=\"27:1-27:36\"><strong>Pourquoi choisir cet aimant ?<\/strong><\/p>\n<p data-sourcepos=\"29:1-29:292\">Cet aimant en forme de disque est un aimant puissant et polyvalent qui peut \u00eatre utilis\u00e9 pour un large \u00e9ventail d&#8217;applications.<br \/>\nIl est fabriqu\u00e9 en n\u00e9odyme, l&#8217;un des mat\u00e9riaux magn\u00e9tiques les plus puissants qui soient.<br \/>\nL&#8217;aimant est nickel\u00e9, ce qui lui conf\u00e8re une couche de protection contre la rouille.  <\/p>\n<p data-sourcepos=\"31:1-31:54\"><strong>Commandez d\u00e8s aujourd&#8217;hui votre aimant disque de 30 x 4 mm !<\/strong><\/p>\n","protected":false},"featured_media":113397,"template":"","meta":{"_acf_changed":false},"product_brand":[3521],"product_cat":[1400],"product_tag":[3159],"class_list":{"0":"post-122015","1":"product","2":"type-product","3":"status-publish","4":"has-post-thumbnail","6":"product_brand-magnetenspecialist","7":"product_cat-aimants-a-disque","8":"product_tag-groep-4-fr","9":"pa_houdkracht-10-fr","10":"pa_magnetisering-n45-fr","11":"pa_magnetiseringsrichting-axiaal-fr","12":"pa_materiaal-nickele-ni-cu-ni-fr-2","13":"pa_maximale-gebruikstemperatuur-80-fr","14":"pa_model-aimants-a-disques","16":"first","17":"instock","18":"taxable","19":"shipping-taxable","20":"purchasable","21":"product-type-simple"},"supplier_id":null,"supplier_sku":"","barcode":null,"atum_controlled":true,"out_stock_date":null,"out_stock_threshold":null,"inheritable":false,"inbound_stock":0,"stock_on_hold":0,"sold_today":3,"sales_last_days":13,"reserved_stock":0,"customer_returns":0,"warehouse_damage":0,"lost_in_post":0,"other_logs":0,"out_stock_days":0,"lost_sales":0,"has_location":false,"update_date":"2026-04-21T10:26:12","atum_locations":[],"atum_stock_status":"instock","restock_status":false,"low_stock_amount":2000,"sales_update_date":"2026-04-20T06:42:12","calc_backorders":null,"acf":[],"yoast_head":"<!-- This site is optimized with the Yoast SEO Premium plugin v24.7 (Yoast SEO v24.7) - https:\/\/yoast.com\/wordpress\/plugins\/seo\/ -->\n<title>Disque aimant\u00e9 30 x 4 mm - Magnetenspecialist.nl<\/title>\n<meta name=\"description\" content=\"Vous cherchez un Disque aimant\u00e9 30 x 4 mm? Les aimants peuvent \u00eatre achet\u00e9s facilement en ligne sur Magnetenspecialist.nl \u2713 1 jour ouvrable de d\u00e9lai de livraison \u2713 14 jours de d\u00e9lai de r\u00e9flexion \u2713 Exp\u00e9dition ou enl\u00e8vement *.\" \/>\n<meta name=\"robots\" content=\"index, follow, max-snippet:-1, max-image-preview:large, max-video-preview:-1\" \/>\n<link rel=\"canonical\" href=\"https:\/\/www.magnetenspecialist.nl\/fr\/magasin\/aimants-a-disque\/schijfmagneet-30-x-4-mm\/\" \/>\n<meta property=\"og:locale\" content=\"fr_FR\" \/>\n<meta property=\"og:type\" content=\"article\" \/>\n<meta property=\"og:title\" content=\"Disque aimant\u00e9 30 x 4 mm\" \/>\n<meta property=\"og:description\" content=\"Vous cherchez un Disque aimant\u00e9 30 x 4 mm? Les aimants peuvent \u00eatre achet\u00e9s facilement en ligne sur Magnetenspecialist.nl \u2713 1 jour ouvrable de d\u00e9lai de livraison \u2713 14 jours de d\u00e9lai de r\u00e9flexion \u2713 Exp\u00e9dition ou enl\u00e8vement *.\" \/>\n<meta property=\"og:url\" content=\"https:\/\/www.magnetenspecialist.nl\/fr\/magasin\/aimants-a-disque\/schijfmagneet-30-x-4-mm\/\" \/>\n<meta property=\"og:site_name\" content=\"Magnetenspecialist.nl\" \/>\n<meta property=\"article:publisher\" content=\"https:\/\/www.facebook.com\/Magnetenspecialist.nl\" \/>\n<meta property=\"article:modified_time\" content=\"2025-03-18T14:42:14+00:00\" \/>\n<meta property=\"og:image\" content=\"https:\/\/www.magnetenspecialist.nl\/wp-content\/uploads\/2019\/03\/Magnetenspecialist.nl_Schijfmagneet-30-x-5-mm_1.jpg\" \/>\n\t<meta property=\"og:image:width\" content=\"1500\" \/>\n\t<meta property=\"og:image:height\" content=\"1500\" \/>\n\t<meta property=\"og:image:type\" content=\"image\/jpeg\" \/>\n<meta name=\"twitter:card\" content=\"summary_large_image\" \/>\n<meta name=\"twitter:site\" content=\"@magnetenspecial\" \/>\n<meta name=\"twitter:label1\" content=\"Prix\" \/>\n\t<meta name=\"twitter:data1\" content=\"&euro;&nbsp;4,37\" \/>\n\t<meta name=\"twitter:label2\" content=\"Disponibilit\u00e9\" \/>\n\t<meta name=\"twitter:data2\" content=\"En stock\" \/>\n<script type=\"application\/ld+json\" class=\"yoast-schema-graph\">{\"@context\":\"https:\/\/schema.org\",\"@graph\":[{\"@type\":\"WebPage\",\"@id\":\"https:\/\/www.magnetenspecialist.nl\/fr\/magasin\/aimants-a-disque\/schijfmagneet-30-x-4-mm\/\",\"url\":\"https:\/\/www.magnetenspecialist.nl\/fr\/magasin\/aimants-a-disque\/schijfmagneet-30-x-4-mm\/\",\"name\":\"Disque aimant\u00e9 30 x 4 mm - Magnetenspecialist.nl\",\"isPartOf\":{\"@id\":\"https:\/\/www.magnetenspecialist.nl\/fr\/#website\"},\"primaryImageOfPage\":{\"@id\":\"https:\/\/www.magnetenspecialist.nl\/fr\/magasin\/aimants-a-disque\/schijfmagneet-30-x-4-mm\/#primaryimage\"},\"image\":{\"@id\":\"https:\/\/www.magnetenspecialist.nl\/fr\/magasin\/aimants-a-disque\/schijfmagneet-30-x-4-mm\/#primaryimage\"},\"thumbnailUrl\":\"https:\/\/www.magnetenspecialist.nl\/wp-content\/uploads\/2019\/03\/Magnetenspecialist.nl_Schijfmagneet-30-x-5-mm_1.jpg\",\"datePublished\":\"2023-05-18T13:16:56+00:00\",\"dateModified\":\"2025-03-18T14:42:14+00:00\",\"description\":\"Vous cherchez un Disque aimant\u00e9 30 x 4 mm? Les aimants peuvent \u00eatre achet\u00e9s facilement en ligne sur Magnetenspecialist.nl \u2713 1 jour ouvrable de d\u00e9lai de livraison \u2713 14 jours de d\u00e9lai de r\u00e9flexion \u2713 Exp\u00e9dition ou enl\u00e8vement *.\",\"breadcrumb\":{\"@id\":\"https:\/\/www.magnetenspecialist.nl\/fr\/magasin\/aimants-a-disque\/schijfmagneet-30-x-4-mm\/#breadcrumb\"},\"inLanguage\":\"fr-FR\",\"potentialAction\":[{\"@type\":\"ReadAction\",\"target\":[\"https:\/\/www.magnetenspecialist.nl\/fr\/magasin\/aimants-a-disque\/schijfmagneet-30-x-4-mm\/\"]}]},{\"@type\":\"ImageObject\",\"inLanguage\":\"fr-FR\",\"@id\":\"https:\/\/www.magnetenspecialist.nl\/fr\/magasin\/aimants-a-disque\/schijfmagneet-30-x-4-mm\/#primaryimage\",\"url\":\"https:\/\/www.magnetenspecialist.nl\/wp-content\/uploads\/2019\/03\/Magnetenspecialist.nl_Schijfmagneet-30-x-5-mm_1.jpg\",\"contentUrl\":\"https:\/\/www.magnetenspecialist.nl\/wp-content\/uploads\/2019\/03\/Magnetenspecialist.nl_Schijfmagneet-30-x-5-mm_1.jpg\",\"width\":1500,\"height\":1500},{\"@type\":\"BreadcrumbList\",\"@id\":\"https:\/\/www.magnetenspecialist.nl\/fr\/magasin\/aimants-a-disque\/schijfmagneet-30-x-4-mm\/#breadcrumb\",\"itemListElement\":[{\"@type\":\"ListItem\",\"position\":1,\"name\":\"Accueil\",\"item\":\"https:\/\/www.magnetenspecialist.nl\/fr\/accueil\/\"},{\"@type\":\"ListItem\",\"position\":2,\"name\":\"Boutique\",\"item\":\"https:\/\/www.magnetenspecialist.nl\/fr\/boutique\/\"},{\"@type\":\"ListItem\",\"position\":3,\"name\":\"Disque aimant\u00e9 30 x 4 mm\"}]},{\"@type\":\"WebSite\",\"@id\":\"https:\/\/www.magnetenspecialist.nl\/fr\/#website\",\"url\":\"https:\/\/www.magnetenspecialist.nl\/fr\/\",\"name\":\"Magnetenspecialist.nl\",\"description\":\"Vaste gamme d'aimants en n\u00e9odyme\",\"publisher\":{\"@id\":\"https:\/\/www.magnetenspecialist.nl\/fr\/#organization\"},\"potentialAction\":[{\"@type\":\"SearchAction\",\"target\":{\"@type\":\"EntryPoint\",\"urlTemplate\":\"https:\/\/www.magnetenspecialist.nl\/fr\/?s={search_term_string}\"},\"query-input\":{\"@type\":\"PropertyValueSpecification\",\"valueRequired\":true,\"valueName\":\"search_term_string\"}}],\"inLanguage\":\"fr-FR\"},{\"@type\":\"Organization\",\"@id\":\"https:\/\/www.magnetenspecialist.nl\/fr\/#organization\",\"name\":\"Magnetenspecialist.nl\",\"url\":\"https:\/\/www.magnetenspecialist.nl\/fr\/\",\"logo\":{\"@type\":\"ImageObject\",\"inLanguage\":\"fr-FR\",\"@id\":\"https:\/\/www.magnetenspecialist.nl\/fr\/#\/schema\/logo\/image\/\",\"url\":\"https:\/\/www.magnetenspecialist.nl\/wp-content\/uploads\/2018\/10\/magneten-logo.jpg\",\"contentUrl\":\"https:\/\/www.magnetenspecialist.nl\/wp-content\/uploads\/2018\/10\/magneten-logo.jpg\",\"width\":151,\"height\":151,\"caption\":\"Magnetenspecialist.nl\"},\"image\":{\"@id\":\"https:\/\/www.magnetenspecialist.nl\/fr\/#\/schema\/logo\/image\/\"},\"sameAs\":[\"https:\/\/www.facebook.com\/Magnetenspecialist.nl\",\"https:\/\/x.com\/magnetenspecial\"]}]}<\/script>\n<meta property=\"product:price:amount\" content=\"4.37\" \/>\n<meta property=\"product:price:currency\" content=\"EUR\" \/>\n<meta property=\"og:availability\" content=\"instock\" \/>\n<meta property=\"product:availability\" content=\"instock\" \/>\n<meta property=\"product:retailer_item_id\" content=\"sc030x004-N\" \/>\n<meta property=\"product:condition\" content=\"new\" \/>\n<!-- \/ Yoast SEO Premium plugin. -->","yoast_head_json":{"title":"Disque aimant\u00e9 30 x 4 mm - Magnetenspecialist.nl","description":"Vous cherchez un Disque aimant\u00e9 30 x 4 mm? Les aimants peuvent \u00eatre achet\u00e9s facilement en ligne sur Magnetenspecialist.nl \u2713 1 jour ouvrable de d\u00e9lai de livraison \u2713 14 jours de d\u00e9lai de r\u00e9flexion \u2713 Exp\u00e9dition ou enl\u00e8vement *.","robots":{"index":"index","follow":"follow","max-snippet":"max-snippet:-1","max-image-preview":"max-image-preview:large","max-video-preview":"max-video-preview:-1"},"canonical":"https:\/\/www.magnetenspecialist.nl\/fr\/magasin\/aimants-a-disque\/schijfmagneet-30-x-4-mm\/","og_locale":"fr_FR","og_type":"article","og_title":"Disque aimant\u00e9 30 x 4 mm","og_description":"Vous cherchez un Disque aimant\u00e9 30 x 4 mm? Les aimants peuvent \u00eatre achet\u00e9s facilement en ligne sur Magnetenspecialist.nl \u2713 1 jour ouvrable de d\u00e9lai de livraison \u2713 14 jours de d\u00e9lai de r\u00e9flexion \u2713 Exp\u00e9dition ou enl\u00e8vement *.","og_url":"https:\/\/www.magnetenspecialist.nl\/fr\/magasin\/aimants-a-disque\/schijfmagneet-30-x-4-mm\/","og_site_name":"Magnetenspecialist.nl","article_publisher":"https:\/\/www.facebook.com\/Magnetenspecialist.nl","article_modified_time":"2025-03-18T14:42:14+00:00","og_image":[{"width":1500,"height":1500,"url":"https:\/\/www.magnetenspecialist.nl\/wp-content\/uploads\/2019\/03\/Magnetenspecialist.nl_Schijfmagneet-30-x-5-mm_1.jpg","type":"image\/jpeg"}],"twitter_card":"summary_large_image","twitter_site":"@magnetenspecial","twitter_misc":{"Prix":"&euro;&nbsp;4,37","Disponibilit\u00e9":"En stock"},"schema":{"@context":"https:\/\/schema.org","@graph":[{"@type":"WebPage","@id":"https:\/\/www.magnetenspecialist.nl\/fr\/magasin\/aimants-a-disque\/schijfmagneet-30-x-4-mm\/","url":"https:\/\/www.magnetenspecialist.nl\/fr\/magasin\/aimants-a-disque\/schijfmagneet-30-x-4-mm\/","name":"Disque aimant\u00e9 30 x 4 mm - Magnetenspecialist.nl","isPartOf":{"@id":"https:\/\/www.magnetenspecialist.nl\/fr\/#website"},"primaryImageOfPage":{"@id":"https:\/\/www.magnetenspecialist.nl\/fr\/magasin\/aimants-a-disque\/schijfmagneet-30-x-4-mm\/#primaryimage"},"image":{"@id":"https:\/\/www.magnetenspecialist.nl\/fr\/magasin\/aimants-a-disque\/schijfmagneet-30-x-4-mm\/#primaryimage"},"thumbnailUrl":"https:\/\/www.magnetenspecialist.nl\/wp-content\/uploads\/2019\/03\/Magnetenspecialist.nl_Schijfmagneet-30-x-5-mm_1.jpg","datePublished":"2023-05-18T13:16:56+00:00","dateModified":"2025-03-18T14:42:14+00:00","description":"Vous cherchez un Disque aimant\u00e9 30 x 4 mm? Les aimants peuvent \u00eatre achet\u00e9s facilement en ligne sur Magnetenspecialist.nl \u2713 1 jour ouvrable de d\u00e9lai de livraison \u2713 14 jours de d\u00e9lai de r\u00e9flexion \u2713 Exp\u00e9dition ou enl\u00e8vement *.","breadcrumb":{"@id":"https:\/\/www.magnetenspecialist.nl\/fr\/magasin\/aimants-a-disque\/schijfmagneet-30-x-4-mm\/#breadcrumb"},"inLanguage":"fr-FR","potentialAction":[{"@type":"ReadAction","target":["https:\/\/www.magnetenspecialist.nl\/fr\/magasin\/aimants-a-disque\/schijfmagneet-30-x-4-mm\/"]}]},{"@type":"ImageObject","inLanguage":"fr-FR","@id":"https:\/\/www.magnetenspecialist.nl\/fr\/magasin\/aimants-a-disque\/schijfmagneet-30-x-4-mm\/#primaryimage","url":"https:\/\/www.magnetenspecialist.nl\/wp-content\/uploads\/2019\/03\/Magnetenspecialist.nl_Schijfmagneet-30-x-5-mm_1.jpg","contentUrl":"https:\/\/www.magnetenspecialist.nl\/wp-content\/uploads\/2019\/03\/Magnetenspecialist.nl_Schijfmagneet-30-x-5-mm_1.jpg","width":1500,"height":1500},{"@type":"BreadcrumbList","@id":"https:\/\/www.magnetenspecialist.nl\/fr\/magasin\/aimants-a-disque\/schijfmagneet-30-x-4-mm\/#breadcrumb","itemListElement":[{"@type":"ListItem","position":1,"name":"Accueil","item":"https:\/\/www.magnetenspecialist.nl\/fr\/accueil\/"},{"@type":"ListItem","position":2,"name":"Boutique","item":"https:\/\/www.magnetenspecialist.nl\/fr\/boutique\/"},{"@type":"ListItem","position":3,"name":"Disque aimant\u00e9 30 x 4 mm"}]},{"@type":"WebSite","@id":"https:\/\/www.magnetenspecialist.nl\/fr\/#website","url":"https:\/\/www.magnetenspecialist.nl\/fr\/","name":"Magnetenspecialist.nl","description":"Vaste gamme d'aimants en n\u00e9odyme","publisher":{"@id":"https:\/\/www.magnetenspecialist.nl\/fr\/#organization"},"potentialAction":[{"@type":"SearchAction","target":{"@type":"EntryPoint","urlTemplate":"https:\/\/www.magnetenspecialist.nl\/fr\/?s={search_term_string}"},"query-input":{"@type":"PropertyValueSpecification","valueRequired":true,"valueName":"search_term_string"}}],"inLanguage":"fr-FR"},{"@type":"Organization","@id":"https:\/\/www.magnetenspecialist.nl\/fr\/#organization","name":"Magnetenspecialist.nl","url":"https:\/\/www.magnetenspecialist.nl\/fr\/","logo":{"@type":"ImageObject","inLanguage":"fr-FR","@id":"https:\/\/www.magnetenspecialist.nl\/fr\/#\/schema\/logo\/image\/","url":"https:\/\/www.magnetenspecialist.nl\/wp-content\/uploads\/2018\/10\/magneten-logo.jpg","contentUrl":"https:\/\/www.magnetenspecialist.nl\/wp-content\/uploads\/2018\/10\/magneten-logo.jpg","width":151,"height":151,"caption":"Magnetenspecialist.nl"},"image":{"@id":"https:\/\/www.magnetenspecialist.nl\/fr\/#\/schema\/logo\/image\/"},"sameAs":["https:\/\/www.facebook.com\/Magnetenspecialist.nl","https:\/\/x.com\/magnetenspecial"]}]},"product_price_amount":"4.37","product_price_currency":"EUR","og_availability":"instock","product_availability":"instock","product_retailer_item_id":"sc030x004-N","product_condition":"new"},"_links":{"self":[{"href":"https:\/\/www.magnetenspecialist.nl\/fr\/wp-json\/wp\/v2\/product\/122015","targetHints":{"allow":["GET"]}}],"collection":[{"href":"https:\/\/www.magnetenspecialist.nl\/fr\/wp-json\/wp\/v2\/product"}],"about":[{"href":"https:\/\/www.magnetenspecialist.nl\/fr\/wp-json\/wp\/v2\/types\/product"}],"wp:featuredmedia":[{"embeddable":true,"href":"https:\/\/www.magnetenspecialist.nl\/fr\/wp-json\/wp\/v2\/media\/113397"}],"wp:attachment":[{"href":"https:\/\/www.magnetenspecialist.nl\/fr\/wp-json\/wp\/v2\/media?parent=122015"}],"wp:term":[{"taxonomy":"product_brand","embeddable":true,"href":"https:\/\/www.magnetenspecialist.nl\/fr\/wp-json\/wp\/v2\/product_brand?post=122015"},{"taxonomy":"product_cat","embeddable":true,"href":"https:\/\/www.magnetenspecialist.nl\/fr\/wp-json\/wp\/v2\/product_cat?post=122015"},{"taxonomy":"product_tag","embeddable":true,"href":"https:\/\/www.magnetenspecialist.nl\/fr\/wp-json\/wp\/v2\/product_tag?post=122015"}],"curies":[{"name":"wp","href":"https:\/\/api.w.org\/{rel}","templated":true}]}}