{"id":125456,"date":"2023-10-20T12:54:43","date_gmt":"2023-10-20T10:54:43","guid":{"rendered":"https:\/\/www.magnetenspecialist.nl\/?post_type=product&#038;p=125456"},"modified":"2025-04-28T14:54:39","modified_gmt":"2025-04-28T12:54:39","slug":"disque-aimante-10-x-5-mm-kopie","status":"publish","type":"product","link":"https:\/\/www.magnetenspecialist.nl\/fr\/magasin\/aimants-a-disque\/disque-aimante-10-x-5-mm-kopie\/","title":{"rendered":"Aimant disque 10 x 6 mm N45 &#8211; Aimant n\u00e9odyme"},"content":{"rendered":"<h2 class=\"\" data-start=\"331\" data-end=\"405\"><strong data-start=\"334\" data-end=\"405\">Aimant disque 10 x 6 mm N45 &#8211; Aimant en n\u00e9odyme \u00e0 haut pouvoir de r\u00e9tention<\/strong><\/h2>\n<p class=\"\" data-start=\"407\" data-end=\"749\">Vous recherchez un <strong data-start=\"424\" data-end=\"451\">aimant disque puissant<\/strong> pour diverses applications ? L&#8217;<strong data-start=\"482\" data-end=\"513\">aimant disque 10 x 6 mm N45<\/strong> est un <strong data-start=\"542\" data-end=\"563\">aimant n\u00e9odyme<\/strong> compact mais puissant, parfait pour une utilisation professionnelle et cr\u00e9ative. Gr\u00e2ce \u00e0 sa <strong data-start=\"626\" data-end=\"647\">magn\u00e9tisation N45<\/strong> et \u00e0 sa <strong data-start=\"651\" data-end=\"684\">direction de magn\u00e9tisation axiale<\/strong>, cet aimant offre une <strong data-start=\"723\" data-end=\"748\">force de r\u00e9tention<\/strong> impressionnante <strong data-start=\"723\" data-end=\"748\">de 3,4 kg.<\/strong>  <\/p>\n<p class=\"\" data-start=\"751\" data-end=\"1002\">Cet <strong data-start=\"756\" data-end=\"773\">aimant rond<\/strong> est fabriqu\u00e9 en <strong data-start=\"801\" data-end=\"836\">n\u00e9odyme nickel\u00e9 (Ni-Cu-Ni)<\/strong> de haute qualit\u00e9, ce qui le rend durable et r\u00e9sistant \u00e0 la corrosion. Id\u00e9al pour les projets d&#8217;ing\u00e9nierie, le mod\u00e9lisme, le d\u00e9veloppement de produits, les applications int\u00e9rieures ou industrielles. <\/p>\n<h3 class=\"\" data-start=\"1004\" data-end=\"1022\"><strong data-start=\"1008\" data-end=\"1022\">Caract\u00e9ristiques :<\/strong><\/h3>\n<ul data-start=\"1023\" data-end=\"1281\">\n<li class=\"\" data-start=\"1023\" data-end=\"1056\">\n<p class=\"\" data-start=\"1025\" data-end=\"1056\"><strong data-start=\"1025\" data-end=\"1040\">Dimensions :<\/strong> \u00d810 mm x 6 mm<\/p>\n<\/li>\n<li class=\"\" data-start=\"1057\" data-end=\"1098\">\n<p class=\"\" data-start=\"1059\" data-end=\"1098\"><strong data-start=\"1059\" data-end=\"1073\">Mat\u00e9riau :<\/strong> N\u00e9odyme (nickel\u00e9)<\/p>\n<\/li>\n<li class=\"\" data-start=\"1099\" data-end=\"1125\">\n<p class=\"\" data-start=\"1101\" data-end=\"1125\"><strong data-start=\"1101\" data-end=\"1119\">Magn\u00e9tisation :<\/strong> N45<\/p>\n<\/li>\n<li class=\"\" data-start=\"1126\" data-end=\"1152\">\n<p class=\"\" data-start=\"1128\" data-end=\"1152\"><strong data-start=\"1128\" data-end=\"1143\">Force de maintien :<\/strong> 3,4 kg<\/p>\n<\/li>\n<li class=\"\" data-start=\"1153\" data-end=\"1178\">\n<p class=\"\" data-start=\"1155\" data-end=\"1178\"><strong data-start=\"1155\" data-end=\"1167\">Poids :<\/strong> 3,4 grammes<\/p>\n<\/li>\n<li class=\"\" data-start=\"1179\" data-end=\"1217\">\n<p class=\"\" data-start=\"1181\" data-end=\"1217\"><strong data-start=\"1181\" data-end=\"1208\">Direction de magn\u00e9tisation :<\/strong> Axiale<\/p>\n<\/li>\n<li class=\"\" data-start=\"1218\" data-end=\"1248\">\n<p class=\"\" data-start=\"1220\" data-end=\"1248\"><strong data-start=\"1220\" data-end=\"1241\">Temp\u00e9rature maximale :<\/strong> 80\u00b0C<\/p>\n<\/li>\n<li class=\"\" data-start=\"1249\" data-end=\"1281\">\n<p class=\"\" data-start=\"1251\" data-end=\"1281\"><strong data-start=\"1251\" data-end=\"1269\">Num\u00e9ro d&#8217;article :<\/strong> SC010x006-N<\/p>\n<\/li>\n<\/ul>\n","protected":false},"excerpt":{"rendered":"<p>Aimant disque 10 x 6 mm N45 &#8211; Aimant en n\u00e9odyme \u00e0 haut pouvoir de r\u00e9tention Vous recherchez un aimant disque puissant pour diverses applications ? L&#8217;aimant disque 10 x 6 mm N45 est un aimant n\u00e9odyme compact mais puissant, parfait pour une utilisation professionnelle et cr\u00e9ative. Gr\u00e2ce \u00e0 sa magn\u00e9tisation N45 et \u00e0 sa [&hellip;]<\/p>\n","protected":false},"featured_media":110739,"template":"","meta":{"_acf_changed":false},"product_brand":[3521],"product_cat":[1400],"product_tag":[3160],"class_list":{"0":"post-125456","1":"product","2":"type-product","3":"status-publish","4":"has-post-thumbnail","6":"product_brand-magnetenspecialist","7":"product_cat-aimants-a-disque","8":"product_tag-groep-5-fr","9":"pa_houdkracht-3-4-fr","10":"pa_magnetisering-n45-fr","11":"pa_magnetiseringsrichting-axiaal-fr","12":"pa_materiaal-nickele-ni-cu-ni-fr-2","13":"pa_maximale-gebruikstemperatuur-80-fr","14":"pa_model-aimants-a-disques","16":"first","17":"instock","18":"taxable","19":"shipping-taxable","20":"purchasable","21":"product-type-simple"},"supplier_id":null,"supplier_sku":"","barcode":null,"atum_controlled":true,"out_stock_date":null,"out_stock_threshold":null,"inheritable":false,"inbound_stock":10000,"stock_on_hold":0,"sold_today":2,"sales_last_days":2,"reserved_stock":0,"customer_returns":0,"warehouse_damage":0,"lost_in_post":0,"other_logs":0,"out_stock_days":0,"lost_sales":0,"has_location":false,"update_date":"2026-04-22T13:48:02","atum_locations":[],"atum_stock_status":"instock","restock_status":false,"low_stock_amount":5000,"sales_update_date":"2026-04-22T13:48:01","calc_backorders":null,"acf":[],"yoast_head":"<!-- This site is optimized with the Yoast SEO Premium plugin v24.7 (Yoast SEO v24.7) - https:\/\/yoast.com\/wordpress\/plugins\/seo\/ -->\n<title>Aimant disque 10 x 6 mm N45 - Aimant n\u00e9odyme - Magnetenspecialist.nl<\/title>\n<meta name=\"description\" content=\"D\u00e9couvrez le disque magn\u00e9tique 10 x 6 mm N45 - aimant en n\u00e9odyme, parfait pour tous vos projets techniques et cr\u00e9atifs. Commandez maintenant et d\u00e9couvrez la puissance !\" \/>\n<meta name=\"robots\" content=\"index, follow, max-snippet:-1, max-image-preview:large, max-video-preview:-1\" \/>\n<link rel=\"canonical\" href=\"https:\/\/www.magnetenspecialist.nl\/fr\/magasin\/aimants-a-disque\/disque-aimante-10-x-5-mm-kopie\/\" \/>\n<meta property=\"og:locale\" content=\"fr_FR\" \/>\n<meta property=\"og:type\" content=\"article\" \/>\n<meta property=\"og:title\" content=\"Aimant disque 10 x 6 mm N45 - Aimant n\u00e9odyme\" \/>\n<meta property=\"og:description\" content=\"D\u00e9couvrez le disque magn\u00e9tique 10 x 6 mm N45 - aimant en n\u00e9odyme, parfait pour tous vos projets techniques et cr\u00e9atifs. Commandez maintenant et d\u00e9couvrez la puissance !\" \/>\n<meta property=\"og:url\" content=\"https:\/\/www.magnetenspecialist.nl\/fr\/magasin\/aimants-a-disque\/disque-aimante-10-x-5-mm-kopie\/\" \/>\n<meta property=\"og:site_name\" content=\"Magnetenspecialist.nl\" \/>\n<meta property=\"article:publisher\" content=\"https:\/\/www.facebook.com\/Magnetenspecialist.nl\" \/>\n<meta property=\"article:modified_time\" content=\"2025-04-28T12:54:39+00:00\" \/>\n<meta property=\"og:image\" content=\"https:\/\/www.magnetenspecialist.nl\/wp-content\/uploads\/2019\/03\/Magnetenspecialist.nl_Schijfmagneet-10-x-5-mm_1.jpg\" \/>\n\t<meta property=\"og:image:width\" content=\"1500\" \/>\n\t<meta property=\"og:image:height\" content=\"1500\" \/>\n\t<meta property=\"og:image:type\" content=\"image\/jpeg\" \/>\n<meta name=\"twitter:card\" content=\"summary_large_image\" \/>\n<meta name=\"twitter:site\" content=\"@magnetenspecial\" \/>\n<meta name=\"twitter:label1\" content=\"Prix\" \/>\n\t<meta name=\"twitter:data1\" content=\"&euro;&nbsp;1,07\" \/>\n\t<meta name=\"twitter:label2\" content=\"Disponibilit\u00e9\" \/>\n\t<meta name=\"twitter:data2\" content=\"En stock\" \/>\n<script type=\"application\/ld+json\" class=\"yoast-schema-graph\">{\"@context\":\"https:\/\/schema.org\",\"@graph\":[{\"@type\":\"WebPage\",\"@id\":\"https:\/\/www.magnetenspecialist.nl\/fr\/magasin\/aimants-a-disque\/disque-aimante-10-x-5-mm-kopie\/\",\"url\":\"https:\/\/www.magnetenspecialist.nl\/fr\/magasin\/aimants-a-disque\/disque-aimante-10-x-5-mm-kopie\/\",\"name\":\"Aimant disque 10 x 6 mm N45 - Aimant n\u00e9odyme - Magnetenspecialist.nl\",\"isPartOf\":{\"@id\":\"https:\/\/www.magnetenspecialist.nl\/fr\/#website\"},\"primaryImageOfPage\":{\"@id\":\"https:\/\/www.magnetenspecialist.nl\/fr\/magasin\/aimants-a-disque\/disque-aimante-10-x-5-mm-kopie\/#primaryimage\"},\"image\":{\"@id\":\"https:\/\/www.magnetenspecialist.nl\/fr\/magasin\/aimants-a-disque\/disque-aimante-10-x-5-mm-kopie\/#primaryimage\"},\"thumbnailUrl\":\"https:\/\/www.magnetenspecialist.nl\/wp-content\/uploads\/2019\/03\/Magnetenspecialist.nl_Schijfmagneet-10-x-5-mm_1.jpg\",\"datePublished\":\"2023-10-20T10:54:43+00:00\",\"dateModified\":\"2025-04-28T12:54:39+00:00\",\"description\":\"D\u00e9couvrez le disque magn\u00e9tique 10 x 6 mm N45 - aimant en n\u00e9odyme, parfait pour tous vos projets techniques et cr\u00e9atifs. Commandez maintenant et d\u00e9couvrez la puissance !\",\"breadcrumb\":{\"@id\":\"https:\/\/www.magnetenspecialist.nl\/fr\/magasin\/aimants-a-disque\/disque-aimante-10-x-5-mm-kopie\/#breadcrumb\"},\"inLanguage\":\"fr-FR\",\"potentialAction\":[{\"@type\":\"ReadAction\",\"target\":[\"https:\/\/www.magnetenspecialist.nl\/fr\/magasin\/aimants-a-disque\/disque-aimante-10-x-5-mm-kopie\/\"]}]},{\"@type\":\"ImageObject\",\"inLanguage\":\"fr-FR\",\"@id\":\"https:\/\/www.magnetenspecialist.nl\/fr\/magasin\/aimants-a-disque\/disque-aimante-10-x-5-mm-kopie\/#primaryimage\",\"url\":\"https:\/\/www.magnetenspecialist.nl\/wp-content\/uploads\/2019\/03\/Magnetenspecialist.nl_Schijfmagneet-10-x-5-mm_1.jpg\",\"contentUrl\":\"https:\/\/www.magnetenspecialist.nl\/wp-content\/uploads\/2019\/03\/Magnetenspecialist.nl_Schijfmagneet-10-x-5-mm_1.jpg\",\"width\":1500,\"height\":1500},{\"@type\":\"BreadcrumbList\",\"@id\":\"https:\/\/www.magnetenspecialist.nl\/fr\/magasin\/aimants-a-disque\/disque-aimante-10-x-5-mm-kopie\/#breadcrumb\",\"itemListElement\":[{\"@type\":\"ListItem\",\"position\":1,\"name\":\"Accueil\",\"item\":\"https:\/\/www.magnetenspecialist.nl\/fr\/accueil\/\"},{\"@type\":\"ListItem\",\"position\":2,\"name\":\"Boutique\",\"item\":\"https:\/\/www.magnetenspecialist.nl\/fr\/boutique\/\"},{\"@type\":\"ListItem\",\"position\":3,\"name\":\"Aimant disque 10 x 6 mm N45 &#8211; Aimant n\u00e9odyme\"}]},{\"@type\":\"WebSite\",\"@id\":\"https:\/\/www.magnetenspecialist.nl\/fr\/#website\",\"url\":\"https:\/\/www.magnetenspecialist.nl\/fr\/\",\"name\":\"Magnetenspecialist.nl\",\"description\":\"Vaste gamme d'aimants en n\u00e9odyme\",\"publisher\":{\"@id\":\"https:\/\/www.magnetenspecialist.nl\/fr\/#organization\"},\"potentialAction\":[{\"@type\":\"SearchAction\",\"target\":{\"@type\":\"EntryPoint\",\"urlTemplate\":\"https:\/\/www.magnetenspecialist.nl\/fr\/?s={search_term_string}\"},\"query-input\":{\"@type\":\"PropertyValueSpecification\",\"valueRequired\":true,\"valueName\":\"search_term_string\"}}],\"inLanguage\":\"fr-FR\"},{\"@type\":\"Organization\",\"@id\":\"https:\/\/www.magnetenspecialist.nl\/fr\/#organization\",\"name\":\"Magnetenspecialist.nl\",\"url\":\"https:\/\/www.magnetenspecialist.nl\/fr\/\",\"logo\":{\"@type\":\"ImageObject\",\"inLanguage\":\"fr-FR\",\"@id\":\"https:\/\/www.magnetenspecialist.nl\/fr\/#\/schema\/logo\/image\/\",\"url\":\"https:\/\/www.magnetenspecialist.nl\/wp-content\/uploads\/2018\/10\/magneten-logo.jpg\",\"contentUrl\":\"https:\/\/www.magnetenspecialist.nl\/wp-content\/uploads\/2018\/10\/magneten-logo.jpg\",\"width\":151,\"height\":151,\"caption\":\"Magnetenspecialist.nl\"},\"image\":{\"@id\":\"https:\/\/www.magnetenspecialist.nl\/fr\/#\/schema\/logo\/image\/\"},\"sameAs\":[\"https:\/\/www.facebook.com\/Magnetenspecialist.nl\",\"https:\/\/x.com\/magnetenspecial\"]}]}<\/script>\n<meta property=\"product:price:amount\" content=\"1.07\" \/>\n<meta property=\"product:price:currency\" content=\"EUR\" \/>\n<meta property=\"og:availability\" content=\"instock\" \/>\n<meta property=\"product:availability\" content=\"instock\" \/>\n<meta property=\"product:retailer_item_id\" content=\"sc010x006-N\" \/>\n<meta property=\"product:condition\" content=\"new\" \/>\n<!-- \/ Yoast SEO Premium plugin. -->","yoast_head_json":{"title":"Aimant disque 10 x 6 mm N45 - Aimant n\u00e9odyme - Magnetenspecialist.nl","description":"D\u00e9couvrez le disque magn\u00e9tique 10 x 6 mm N45 - aimant en n\u00e9odyme, parfait pour tous vos projets techniques et cr\u00e9atifs. Commandez maintenant et d\u00e9couvrez la puissance !","robots":{"index":"index","follow":"follow","max-snippet":"max-snippet:-1","max-image-preview":"max-image-preview:large","max-video-preview":"max-video-preview:-1"},"canonical":"https:\/\/www.magnetenspecialist.nl\/fr\/magasin\/aimants-a-disque\/disque-aimante-10-x-5-mm-kopie\/","og_locale":"fr_FR","og_type":"article","og_title":"Aimant disque 10 x 6 mm N45 - Aimant n\u00e9odyme","og_description":"D\u00e9couvrez le disque magn\u00e9tique 10 x 6 mm N45 - aimant en n\u00e9odyme, parfait pour tous vos projets techniques et cr\u00e9atifs. Commandez maintenant et d\u00e9couvrez la puissance !","og_url":"https:\/\/www.magnetenspecialist.nl\/fr\/magasin\/aimants-a-disque\/disque-aimante-10-x-5-mm-kopie\/","og_site_name":"Magnetenspecialist.nl","article_publisher":"https:\/\/www.facebook.com\/Magnetenspecialist.nl","article_modified_time":"2025-04-28T12:54:39+00:00","og_image":[{"width":1500,"height":1500,"url":"https:\/\/www.magnetenspecialist.nl\/wp-content\/uploads\/2019\/03\/Magnetenspecialist.nl_Schijfmagneet-10-x-5-mm_1.jpg","type":"image\/jpeg"}],"twitter_card":"summary_large_image","twitter_site":"@magnetenspecial","twitter_misc":{"Prix":"&euro;&nbsp;1,07","Disponibilit\u00e9":"En stock"},"schema":{"@context":"https:\/\/schema.org","@graph":[{"@type":"WebPage","@id":"https:\/\/www.magnetenspecialist.nl\/fr\/magasin\/aimants-a-disque\/disque-aimante-10-x-5-mm-kopie\/","url":"https:\/\/www.magnetenspecialist.nl\/fr\/magasin\/aimants-a-disque\/disque-aimante-10-x-5-mm-kopie\/","name":"Aimant disque 10 x 6 mm N45 - Aimant n\u00e9odyme - Magnetenspecialist.nl","isPartOf":{"@id":"https:\/\/www.magnetenspecialist.nl\/fr\/#website"},"primaryImageOfPage":{"@id":"https:\/\/www.magnetenspecialist.nl\/fr\/magasin\/aimants-a-disque\/disque-aimante-10-x-5-mm-kopie\/#primaryimage"},"image":{"@id":"https:\/\/www.magnetenspecialist.nl\/fr\/magasin\/aimants-a-disque\/disque-aimante-10-x-5-mm-kopie\/#primaryimage"},"thumbnailUrl":"https:\/\/www.magnetenspecialist.nl\/wp-content\/uploads\/2019\/03\/Magnetenspecialist.nl_Schijfmagneet-10-x-5-mm_1.jpg","datePublished":"2023-10-20T10:54:43+00:00","dateModified":"2025-04-28T12:54:39+00:00","description":"D\u00e9couvrez le disque magn\u00e9tique 10 x 6 mm N45 - aimant en n\u00e9odyme, parfait pour tous vos projets techniques et cr\u00e9atifs. Commandez maintenant et d\u00e9couvrez la puissance !","breadcrumb":{"@id":"https:\/\/www.magnetenspecialist.nl\/fr\/magasin\/aimants-a-disque\/disque-aimante-10-x-5-mm-kopie\/#breadcrumb"},"inLanguage":"fr-FR","potentialAction":[{"@type":"ReadAction","target":["https:\/\/www.magnetenspecialist.nl\/fr\/magasin\/aimants-a-disque\/disque-aimante-10-x-5-mm-kopie\/"]}]},{"@type":"ImageObject","inLanguage":"fr-FR","@id":"https:\/\/www.magnetenspecialist.nl\/fr\/magasin\/aimants-a-disque\/disque-aimante-10-x-5-mm-kopie\/#primaryimage","url":"https:\/\/www.magnetenspecialist.nl\/wp-content\/uploads\/2019\/03\/Magnetenspecialist.nl_Schijfmagneet-10-x-5-mm_1.jpg","contentUrl":"https:\/\/www.magnetenspecialist.nl\/wp-content\/uploads\/2019\/03\/Magnetenspecialist.nl_Schijfmagneet-10-x-5-mm_1.jpg","width":1500,"height":1500},{"@type":"BreadcrumbList","@id":"https:\/\/www.magnetenspecialist.nl\/fr\/magasin\/aimants-a-disque\/disque-aimante-10-x-5-mm-kopie\/#breadcrumb","itemListElement":[{"@type":"ListItem","position":1,"name":"Accueil","item":"https:\/\/www.magnetenspecialist.nl\/fr\/accueil\/"},{"@type":"ListItem","position":2,"name":"Boutique","item":"https:\/\/www.magnetenspecialist.nl\/fr\/boutique\/"},{"@type":"ListItem","position":3,"name":"Aimant disque 10 x 6 mm N45 &#8211; Aimant n\u00e9odyme"}]},{"@type":"WebSite","@id":"https:\/\/www.magnetenspecialist.nl\/fr\/#website","url":"https:\/\/www.magnetenspecialist.nl\/fr\/","name":"Magnetenspecialist.nl","description":"Vaste gamme d'aimants en n\u00e9odyme","publisher":{"@id":"https:\/\/www.magnetenspecialist.nl\/fr\/#organization"},"potentialAction":[{"@type":"SearchAction","target":{"@type":"EntryPoint","urlTemplate":"https:\/\/www.magnetenspecialist.nl\/fr\/?s={search_term_string}"},"query-input":{"@type":"PropertyValueSpecification","valueRequired":true,"valueName":"search_term_string"}}],"inLanguage":"fr-FR"},{"@type":"Organization","@id":"https:\/\/www.magnetenspecialist.nl\/fr\/#organization","name":"Magnetenspecialist.nl","url":"https:\/\/www.magnetenspecialist.nl\/fr\/","logo":{"@type":"ImageObject","inLanguage":"fr-FR","@id":"https:\/\/www.magnetenspecialist.nl\/fr\/#\/schema\/logo\/image\/","url":"https:\/\/www.magnetenspecialist.nl\/wp-content\/uploads\/2018\/10\/magneten-logo.jpg","contentUrl":"https:\/\/www.magnetenspecialist.nl\/wp-content\/uploads\/2018\/10\/magneten-logo.jpg","width":151,"height":151,"caption":"Magnetenspecialist.nl"},"image":{"@id":"https:\/\/www.magnetenspecialist.nl\/fr\/#\/schema\/logo\/image\/"},"sameAs":["https:\/\/www.facebook.com\/Magnetenspecialist.nl","https:\/\/x.com\/magnetenspecial"]}]},"product_price_amount":"1.07","product_price_currency":"EUR","og_availability":"instock","product_availability":"instock","product_retailer_item_id":"sc010x006-N","product_condition":"new"},"_links":{"self":[{"href":"https:\/\/www.magnetenspecialist.nl\/fr\/wp-json\/wp\/v2\/product\/125456","targetHints":{"allow":["GET"]}}],"collection":[{"href":"https:\/\/www.magnetenspecialist.nl\/fr\/wp-json\/wp\/v2\/product"}],"about":[{"href":"https:\/\/www.magnetenspecialist.nl\/fr\/wp-json\/wp\/v2\/types\/product"}],"wp:featuredmedia":[{"embeddable":true,"href":"https:\/\/www.magnetenspecialist.nl\/fr\/wp-json\/wp\/v2\/media\/110739"}],"wp:attachment":[{"href":"https:\/\/www.magnetenspecialist.nl\/fr\/wp-json\/wp\/v2\/media?parent=125456"}],"wp:term":[{"taxonomy":"product_brand","embeddable":true,"href":"https:\/\/www.magnetenspecialist.nl\/fr\/wp-json\/wp\/v2\/product_brand?post=125456"},{"taxonomy":"product_cat","embeddable":true,"href":"https:\/\/www.magnetenspecialist.nl\/fr\/wp-json\/wp\/v2\/product_cat?post=125456"},{"taxonomy":"product_tag","embeddable":true,"href":"https:\/\/www.magnetenspecialist.nl\/fr\/wp-json\/wp\/v2\/product_tag?post=125456"}],"curies":[{"name":"wp","href":"https:\/\/api.w.org\/{rel}","templated":true}]}}