{"id":126955,"date":"2024-01-09T15:09:37","date_gmt":"2024-01-09T14:09:37","guid":{"rendered":"https:\/\/www.magnetenspecialist.nl\/?post_type=product&#038;p=126955"},"modified":"2025-05-06T16:33:28","modified_gmt":"2025-05-06T14:33:28","slug":"aimant-a-crochet-16-x-6-x-45-mm-kopie","status":"publish","type":"product","link":"https:\/\/www.magnetenspecialist.nl\/fr\/magasin\/aimants-a-crochet\/aimant-a-crochet-16-x-6-x-45-mm-kopie\/","title":{"rendered":"Aimant \u00e0 crochet 13 x 5 x 6 mm &#8211; Aimant en n\u00e9odyme N40 dans un bo\u00eetier en acier"},"content":{"rendered":"<p class=\"\" data-start=\"221\" data-end=\"294\"><strong data-start=\"221\" data-end=\"294\">Aimant \u00e0 crochet 13 x 5 x 6 mm &#8211; Aimant en n\u00e9odyme N40 dans un bo\u00eetier en acier<\/strong><\/p>\n<p class=\"\" data-start=\"296\" data-end=\"693\">Cet aimant \u00e0 crochet compact de 13 mm est dot\u00e9 d&#8217;un puissant aimant en n\u00e9odyme N40 int\u00e9gr\u00e9 dans un bo\u00eetier en acier robuste. Gr\u00e2ce \u00e0 sa taille et \u00e0 sa force, cet aimant est id\u00e9al pour les applications o\u00f9 l&#8217;espace est limit\u00e9 mais o\u00f9 une fixation fiable est n\u00e9cessaire. Le crochet permet de suspendre facilement des objets tels que des cl\u00e9s, des outils ou des c\u00e2bles en toute s\u00e9curit\u00e9 sur des surfaces m\u00e9talliques.  <\/p>\n<p class=\"\" data-start=\"695\" data-end=\"858\"><strong data-start=\"695\" data-end=\"712\">Applications :<\/strong> Convient \u00e0 la maison, aux ateliers, aux cuisines, aux bureaux et aux environnements industriels o\u00f9 une solution de suspension petite mais puissante est n\u00e9cessaire.<\/p>\n<p class=\"\" data-start=\"860\" data-end=\"888\"><strong data-start=\"860\" data-end=\"888\">Caract\u00e9ristiques principales :<\/strong><\/p>\n<ul data-start=\"889\" data-end=\"1242\">\n<li class=\"\" data-start=\"889\" data-end=\"965\">\n<p class=\"\" data-start=\"891\" data-end=\"965\"><strong data-start=\"891\" data-end=\"906\">Dimensions :<\/strong> 13 mm de diam\u00e8tre x 5 mm de hauteur (bo\u00eetier) x 6 mm de hauteur de crochet<\/p>\n<\/li>\n<li class=\"\" data-start=\"966\" data-end=\"1034\">\n<p class=\"\" data-start=\"968\" data-end=\"1034\"><strong data-start=\"968\" data-end=\"982\">Mat\u00e9riau :<\/strong> aimant en n\u00e9odyme N40 dans un bo\u00eetier en acier galvanis\u00e9<\/p>\n<\/li>\n<li class=\"\" data-start=\"1035\" data-end=\"1088\">\n<p class=\"\" data-start=\"1037\" data-end=\"1088\"><strong data-start=\"1037\" data-end=\"1046\">Crochet :<\/strong> fix\u00e9 de fa\u00e7on permanente, robuste et inoxydable<\/p>\n<\/li>\n<li class=\"\" data-start=\"1089\" data-end=\"1148\">\n<p class=\"\" data-start=\"1091\" data-end=\"1148\"><strong data-start=\"1091\" data-end=\"1103\">Utilisation :<\/strong> Suspension d&#8217;objets l\u00e9gers \u00e0 moyens<\/p>\n<\/li>\n<li class=\"\" data-start=\"1149\" data-end=\"1242\">\n<p class=\"\" data-start=\"1151\" data-end=\"1242\"><strong data-start=\"1151\" data-end=\"1175\">Protection contre la corrosion :<\/strong> meilleure r\u00e9sistance \u00e0 l&#8217;usure et \u00e0 la rouille gr\u00e2ce au rev\u00eatement galvanis\u00e9<\/p>\n<\/li>\n<\/ul>\n","protected":false},"excerpt":{"rendered":"<p>Aimant n\u00e9odyme plat avec crochet (filetage M4)<br \/>\nMax. Temp\u00e9rature de fonctionnement : 80\u00b0C<br \/>\nCrochet inclus. <\/p>\n","protected":false},"featured_media":113490,"template":"","meta":{"_acf_changed":false},"product_brand":[3521],"product_cat":[1382],"product_tag":[3159],"class_list":{"0":"post-126955","1":"product","2":"type-product","3":"status-publish","4":"has-post-thumbnail","6":"product_brand-magnetenspecialist","7":"product_cat-aimants-a-crochet","8":"product_tag-groep-4-fr","9":"pa_magnetisering-n40-fr","10":"pa_magnetiseringsrichting-axiaal-fr","11":"pa_materiaal-neodyme-nickele","12":"pa_model-crochets-aimantes","14":"first","15":"instock","16":"taxable","17":"shipping-taxable","18":"purchasable","19":"product-type-simple"},"supplier_id":null,"supplier_sku":"","barcode":null,"atum_controlled":true,"out_stock_date":null,"out_stock_threshold":null,"inheritable":false,"inbound_stock":0,"stock_on_hold":0,"sold_today":0,"sales_last_days":0,"reserved_stock":0,"customer_returns":0,"warehouse_damage":0,"lost_in_post":0,"other_logs":0,"out_stock_days":0,"lost_sales":0,"has_location":false,"update_date":"2026-04-21T09:54:25","atum_locations":[],"atum_stock_status":"instock","restock_status":false,"low_stock_amount":1500,"sales_update_date":"2026-04-03T08:06:14","calc_backorders":null,"acf":[],"yoast_head":"<!-- This site is optimized with the Yoast SEO Premium plugin v24.7 (Yoast SEO v24.7) - https:\/\/yoast.com\/wordpress\/plugins\/seo\/ -->\n<title>Aimant \u00e0 Crochet 16 x 6 x 4,5mm - Fort et Id\u00e9al pour Fixations et Applications Diverses<\/title>\n<meta name=\"description\" content=\"Vous cherchez un Aimant \u00e0 crochet 13 x 5 x 6 mm - Aimant en n\u00e9odyme N40 dans un bo\u00eetier en acier? Les aimants peuvent \u00eatre achet\u00e9s facilement en ligne sur Magnetenspecialist.nl \u2713 1 jour ouvrable de d\u00e9lai de livraison \u2713 14 jours de d\u00e9lai de r\u00e9flexion \u2713 Exp\u00e9dition ou enl\u00e8vement *.\" \/>\n<meta name=\"robots\" content=\"index, follow, max-snippet:-1, max-image-preview:large, max-video-preview:-1\" \/>\n<link rel=\"canonical\" href=\"https:\/\/www.magnetenspecialist.nl\/fr\/magasin\/aimants-a-crochet\/aimant-a-crochet-16-x-6-x-45-mm-kopie\/\" \/>\n<meta property=\"og:locale\" content=\"fr_FR\" \/>\n<meta property=\"og:type\" content=\"article\" \/>\n<meta property=\"og:title\" content=\"Aimant \u00e0 crochet 13 x 5 x 6 mm - Aimant en n\u00e9odyme N40 dans un bo\u00eetier en acier\" \/>\n<meta property=\"og:description\" content=\"Vous cherchez un Aimant \u00e0 crochet 13 x 5 x 6 mm - Aimant en n\u00e9odyme N40 dans un bo\u00eetier en acier? Les aimants peuvent \u00eatre achet\u00e9s facilement en ligne sur Magnetenspecialist.nl \u2713 1 jour ouvrable de d\u00e9lai de livraison \u2713 14 jours de d\u00e9lai de r\u00e9flexion \u2713 Exp\u00e9dition ou enl\u00e8vement *.\" \/>\n<meta property=\"og:url\" content=\"https:\/\/www.magnetenspecialist.nl\/fr\/magasin\/aimants-a-crochet\/aimant-a-crochet-16-x-6-x-45-mm-kopie\/\" \/>\n<meta property=\"og:site_name\" content=\"Magnetenspecialist.nl\" \/>\n<meta property=\"article:publisher\" content=\"https:\/\/www.facebook.com\/Magnetenspecialist.nl\" \/>\n<meta property=\"article:modified_time\" content=\"2025-05-06T14:33:28+00:00\" \/>\n<meta property=\"og:image\" content=\"https:\/\/www.magnetenspecialist.nl\/wp-content\/uploads\/2019\/03\/Magnetenspecialist.nl_Haakmagneet-16-x-6-x-4.5-mm_1.jpg\" \/>\n\t<meta property=\"og:image:width\" content=\"1500\" \/>\n\t<meta property=\"og:image:height\" content=\"1500\" \/>\n\t<meta property=\"og:image:type\" content=\"image\/jpeg\" \/>\n<meta name=\"twitter:card\" content=\"summary_large_image\" \/>\n<meta name=\"twitter:site\" content=\"@magnetenspecial\" \/>\n<meta name=\"twitter:label1\" content=\"Prix\" \/>\n\t<meta name=\"twitter:data1\" content=\"&euro;&nbsp;2,04\" \/>\n\t<meta name=\"twitter:label2\" content=\"Disponibilit\u00e9\" \/>\n\t<meta name=\"twitter:data2\" content=\"En stock\" \/>\n<script type=\"application\/ld+json\" class=\"yoast-schema-graph\">{\"@context\":\"https:\/\/schema.org\",\"@graph\":[{\"@type\":\"WebPage\",\"@id\":\"https:\/\/www.magnetenspecialist.nl\/fr\/magasin\/aimants-a-crochet\/aimant-a-crochet-16-x-6-x-45-mm-kopie\/\",\"url\":\"https:\/\/www.magnetenspecialist.nl\/fr\/magasin\/aimants-a-crochet\/aimant-a-crochet-16-x-6-x-45-mm-kopie\/\",\"name\":\"Aimant \u00e0 Crochet 16 x 6 x 4,5mm - Fort et Id\u00e9al pour Fixations et Applications Diverses\",\"isPartOf\":{\"@id\":\"https:\/\/www.magnetenspecialist.nl\/fr\/#website\"},\"primaryImageOfPage\":{\"@id\":\"https:\/\/www.magnetenspecialist.nl\/fr\/magasin\/aimants-a-crochet\/aimant-a-crochet-16-x-6-x-45-mm-kopie\/#primaryimage\"},\"image\":{\"@id\":\"https:\/\/www.magnetenspecialist.nl\/fr\/magasin\/aimants-a-crochet\/aimant-a-crochet-16-x-6-x-45-mm-kopie\/#primaryimage\"},\"thumbnailUrl\":\"https:\/\/www.magnetenspecialist.nl\/wp-content\/uploads\/2019\/03\/Magnetenspecialist.nl_Haakmagneet-16-x-6-x-4.5-mm_1.jpg\",\"datePublished\":\"2024-01-09T14:09:37+00:00\",\"dateModified\":\"2025-05-06T14:33:28+00:00\",\"description\":\"Vous cherchez un Aimant \u00e0 crochet 13 x 5 x 6 mm - Aimant en n\u00e9odyme N40 dans un bo\u00eetier en acier? Les aimants peuvent \u00eatre achet\u00e9s facilement en ligne sur Magnetenspecialist.nl \u2713 1 jour ouvrable de d\u00e9lai de livraison \u2713 14 jours de d\u00e9lai de r\u00e9flexion \u2713 Exp\u00e9dition ou enl\u00e8vement *.\",\"breadcrumb\":{\"@id\":\"https:\/\/www.magnetenspecialist.nl\/fr\/magasin\/aimants-a-crochet\/aimant-a-crochet-16-x-6-x-45-mm-kopie\/#breadcrumb\"},\"inLanguage\":\"fr-FR\",\"potentialAction\":[{\"@type\":\"ReadAction\",\"target\":[\"https:\/\/www.magnetenspecialist.nl\/fr\/magasin\/aimants-a-crochet\/aimant-a-crochet-16-x-6-x-45-mm-kopie\/\"]}]},{\"@type\":\"ImageObject\",\"inLanguage\":\"fr-FR\",\"@id\":\"https:\/\/www.magnetenspecialist.nl\/fr\/magasin\/aimants-a-crochet\/aimant-a-crochet-16-x-6-x-45-mm-kopie\/#primaryimage\",\"url\":\"https:\/\/www.magnetenspecialist.nl\/wp-content\/uploads\/2019\/03\/Magnetenspecialist.nl_Haakmagneet-16-x-6-x-4.5-mm_1.jpg\",\"contentUrl\":\"https:\/\/www.magnetenspecialist.nl\/wp-content\/uploads\/2019\/03\/Magnetenspecialist.nl_Haakmagneet-16-x-6-x-4.5-mm_1.jpg\",\"width\":1500,\"height\":1500,\"caption\":\"Haakmagneet 13 x 5 x 6 mm met krachtige Neodymium N40 magneet in stalen behuizing. Praktisch voor thuis, werkplaats of industri\u00eble ophangsystemen.\"},{\"@type\":\"BreadcrumbList\",\"@id\":\"https:\/\/www.magnetenspecialist.nl\/fr\/magasin\/aimants-a-crochet\/aimant-a-crochet-16-x-6-x-45-mm-kopie\/#breadcrumb\",\"itemListElement\":[{\"@type\":\"ListItem\",\"position\":1,\"name\":\"Accueil\",\"item\":\"https:\/\/www.magnetenspecialist.nl\/fr\/accueil\/\"},{\"@type\":\"ListItem\",\"position\":2,\"name\":\"Boutique\",\"item\":\"https:\/\/www.magnetenspecialist.nl\/fr\/boutique\/\"},{\"@type\":\"ListItem\",\"position\":3,\"name\":\"Aimant \u00e0 crochet 13 x 5 x 6 mm &#8211; Aimant en n\u00e9odyme N40 dans un bo\u00eetier en acier\"}]},{\"@type\":\"WebSite\",\"@id\":\"https:\/\/www.magnetenspecialist.nl\/fr\/#website\",\"url\":\"https:\/\/www.magnetenspecialist.nl\/fr\/\",\"name\":\"Magnetenspecialist.nl\",\"description\":\"Vaste gamme d'aimants en n\u00e9odyme\",\"publisher\":{\"@id\":\"https:\/\/www.magnetenspecialist.nl\/fr\/#organization\"},\"potentialAction\":[{\"@type\":\"SearchAction\",\"target\":{\"@type\":\"EntryPoint\",\"urlTemplate\":\"https:\/\/www.magnetenspecialist.nl\/fr\/?s={search_term_string}\"},\"query-input\":{\"@type\":\"PropertyValueSpecification\",\"valueRequired\":true,\"valueName\":\"search_term_string\"}}],\"inLanguage\":\"fr-FR\"},{\"@type\":\"Organization\",\"@id\":\"https:\/\/www.magnetenspecialist.nl\/fr\/#organization\",\"name\":\"Magnetenspecialist.nl\",\"url\":\"https:\/\/www.magnetenspecialist.nl\/fr\/\",\"logo\":{\"@type\":\"ImageObject\",\"inLanguage\":\"fr-FR\",\"@id\":\"https:\/\/www.magnetenspecialist.nl\/fr\/#\/schema\/logo\/image\/\",\"url\":\"https:\/\/www.magnetenspecialist.nl\/wp-content\/uploads\/2018\/10\/magneten-logo.jpg\",\"contentUrl\":\"https:\/\/www.magnetenspecialist.nl\/wp-content\/uploads\/2018\/10\/magneten-logo.jpg\",\"width\":151,\"height\":151,\"caption\":\"Magnetenspecialist.nl\"},\"image\":{\"@id\":\"https:\/\/www.magnetenspecialist.nl\/fr\/#\/schema\/logo\/image\/\"},\"sameAs\":[\"https:\/\/www.facebook.com\/Magnetenspecialist.nl\",\"https:\/\/x.com\/magnetenspecial\"]}]}<\/script>\n<meta property=\"product:price:amount\" content=\"2.04\" \/>\n<meta property=\"product:price:currency\" content=\"EUR\" \/>\n<meta property=\"og:availability\" content=\"instock\" \/>\n<meta property=\"product:availability\" content=\"instock\" \/>\n<meta property=\"product:retailer_item_id\" content=\"ha013x005x0060-N\" \/>\n<meta property=\"product:condition\" content=\"new\" \/>\n<!-- \/ Yoast SEO Premium plugin. -->","yoast_head_json":{"title":"Aimant \u00e0 Crochet 16 x 6 x 4,5mm - Fort et Id\u00e9al pour Fixations et Applications Diverses","description":"Vous cherchez un Aimant \u00e0 crochet 13 x 5 x 6 mm - Aimant en n\u00e9odyme N40 dans un bo\u00eetier en acier? Les aimants peuvent \u00eatre achet\u00e9s facilement en ligne sur Magnetenspecialist.nl \u2713 1 jour ouvrable de d\u00e9lai de livraison \u2713 14 jours de d\u00e9lai de r\u00e9flexion \u2713 Exp\u00e9dition ou enl\u00e8vement *.","robots":{"index":"index","follow":"follow","max-snippet":"max-snippet:-1","max-image-preview":"max-image-preview:large","max-video-preview":"max-video-preview:-1"},"canonical":"https:\/\/www.magnetenspecialist.nl\/fr\/magasin\/aimants-a-crochet\/aimant-a-crochet-16-x-6-x-45-mm-kopie\/","og_locale":"fr_FR","og_type":"article","og_title":"Aimant \u00e0 crochet 13 x 5 x 6 mm - Aimant en n\u00e9odyme N40 dans un bo\u00eetier en acier","og_description":"Vous cherchez un Aimant \u00e0 crochet 13 x 5 x 6 mm - Aimant en n\u00e9odyme N40 dans un bo\u00eetier en acier? Les aimants peuvent \u00eatre achet\u00e9s facilement en ligne sur Magnetenspecialist.nl \u2713 1 jour ouvrable de d\u00e9lai de livraison \u2713 14 jours de d\u00e9lai de r\u00e9flexion \u2713 Exp\u00e9dition ou enl\u00e8vement *.","og_url":"https:\/\/www.magnetenspecialist.nl\/fr\/magasin\/aimants-a-crochet\/aimant-a-crochet-16-x-6-x-45-mm-kopie\/","og_site_name":"Magnetenspecialist.nl","article_publisher":"https:\/\/www.facebook.com\/Magnetenspecialist.nl","article_modified_time":"2025-05-06T14:33:28+00:00","og_image":[{"width":1500,"height":1500,"url":"https:\/\/www.magnetenspecialist.nl\/wp-content\/uploads\/2019\/03\/Magnetenspecialist.nl_Haakmagneet-16-x-6-x-4.5-mm_1.jpg","type":"image\/jpeg"}],"twitter_card":"summary_large_image","twitter_site":"@magnetenspecial","twitter_misc":{"Prix":"&euro;&nbsp;2,04","Disponibilit\u00e9":"En stock"},"schema":{"@context":"https:\/\/schema.org","@graph":[{"@type":"WebPage","@id":"https:\/\/www.magnetenspecialist.nl\/fr\/magasin\/aimants-a-crochet\/aimant-a-crochet-16-x-6-x-45-mm-kopie\/","url":"https:\/\/www.magnetenspecialist.nl\/fr\/magasin\/aimants-a-crochet\/aimant-a-crochet-16-x-6-x-45-mm-kopie\/","name":"Aimant \u00e0 Crochet 16 x 6 x 4,5mm - Fort et Id\u00e9al pour Fixations et Applications Diverses","isPartOf":{"@id":"https:\/\/www.magnetenspecialist.nl\/fr\/#website"},"primaryImageOfPage":{"@id":"https:\/\/www.magnetenspecialist.nl\/fr\/magasin\/aimants-a-crochet\/aimant-a-crochet-16-x-6-x-45-mm-kopie\/#primaryimage"},"image":{"@id":"https:\/\/www.magnetenspecialist.nl\/fr\/magasin\/aimants-a-crochet\/aimant-a-crochet-16-x-6-x-45-mm-kopie\/#primaryimage"},"thumbnailUrl":"https:\/\/www.magnetenspecialist.nl\/wp-content\/uploads\/2019\/03\/Magnetenspecialist.nl_Haakmagneet-16-x-6-x-4.5-mm_1.jpg","datePublished":"2024-01-09T14:09:37+00:00","dateModified":"2025-05-06T14:33:28+00:00","description":"Vous cherchez un Aimant \u00e0 crochet 13 x 5 x 6 mm - Aimant en n\u00e9odyme N40 dans un bo\u00eetier en acier? Les aimants peuvent \u00eatre achet\u00e9s facilement en ligne sur Magnetenspecialist.nl \u2713 1 jour ouvrable de d\u00e9lai de livraison \u2713 14 jours de d\u00e9lai de r\u00e9flexion \u2713 Exp\u00e9dition ou enl\u00e8vement *.","breadcrumb":{"@id":"https:\/\/www.magnetenspecialist.nl\/fr\/magasin\/aimants-a-crochet\/aimant-a-crochet-16-x-6-x-45-mm-kopie\/#breadcrumb"},"inLanguage":"fr-FR","potentialAction":[{"@type":"ReadAction","target":["https:\/\/www.magnetenspecialist.nl\/fr\/magasin\/aimants-a-crochet\/aimant-a-crochet-16-x-6-x-45-mm-kopie\/"]}]},{"@type":"ImageObject","inLanguage":"fr-FR","@id":"https:\/\/www.magnetenspecialist.nl\/fr\/magasin\/aimants-a-crochet\/aimant-a-crochet-16-x-6-x-45-mm-kopie\/#primaryimage","url":"https:\/\/www.magnetenspecialist.nl\/wp-content\/uploads\/2019\/03\/Magnetenspecialist.nl_Haakmagneet-16-x-6-x-4.5-mm_1.jpg","contentUrl":"https:\/\/www.magnetenspecialist.nl\/wp-content\/uploads\/2019\/03\/Magnetenspecialist.nl_Haakmagneet-16-x-6-x-4.5-mm_1.jpg","width":1500,"height":1500,"caption":"Haakmagneet 13 x 5 x 6 mm met krachtige Neodymium N40 magneet in stalen behuizing. Praktisch voor thuis, werkplaats of industri\u00eble ophangsystemen."},{"@type":"BreadcrumbList","@id":"https:\/\/www.magnetenspecialist.nl\/fr\/magasin\/aimants-a-crochet\/aimant-a-crochet-16-x-6-x-45-mm-kopie\/#breadcrumb","itemListElement":[{"@type":"ListItem","position":1,"name":"Accueil","item":"https:\/\/www.magnetenspecialist.nl\/fr\/accueil\/"},{"@type":"ListItem","position":2,"name":"Boutique","item":"https:\/\/www.magnetenspecialist.nl\/fr\/boutique\/"},{"@type":"ListItem","position":3,"name":"Aimant \u00e0 crochet 13 x 5 x 6 mm &#8211; Aimant en n\u00e9odyme N40 dans un bo\u00eetier en acier"}]},{"@type":"WebSite","@id":"https:\/\/www.magnetenspecialist.nl\/fr\/#website","url":"https:\/\/www.magnetenspecialist.nl\/fr\/","name":"Magnetenspecialist.nl","description":"Vaste gamme d'aimants en n\u00e9odyme","publisher":{"@id":"https:\/\/www.magnetenspecialist.nl\/fr\/#organization"},"potentialAction":[{"@type":"SearchAction","target":{"@type":"EntryPoint","urlTemplate":"https:\/\/www.magnetenspecialist.nl\/fr\/?s={search_term_string}"},"query-input":{"@type":"PropertyValueSpecification","valueRequired":true,"valueName":"search_term_string"}}],"inLanguage":"fr-FR"},{"@type":"Organization","@id":"https:\/\/www.magnetenspecialist.nl\/fr\/#organization","name":"Magnetenspecialist.nl","url":"https:\/\/www.magnetenspecialist.nl\/fr\/","logo":{"@type":"ImageObject","inLanguage":"fr-FR","@id":"https:\/\/www.magnetenspecialist.nl\/fr\/#\/schema\/logo\/image\/","url":"https:\/\/www.magnetenspecialist.nl\/wp-content\/uploads\/2018\/10\/magneten-logo.jpg","contentUrl":"https:\/\/www.magnetenspecialist.nl\/wp-content\/uploads\/2018\/10\/magneten-logo.jpg","width":151,"height":151,"caption":"Magnetenspecialist.nl"},"image":{"@id":"https:\/\/www.magnetenspecialist.nl\/fr\/#\/schema\/logo\/image\/"},"sameAs":["https:\/\/www.facebook.com\/Magnetenspecialist.nl","https:\/\/x.com\/magnetenspecial"]}]},"product_price_amount":"2.04","product_price_currency":"EUR","og_availability":"instock","product_availability":"instock","product_retailer_item_id":"ha013x005x0060-N","product_condition":"new"},"_links":{"self":[{"href":"https:\/\/www.magnetenspecialist.nl\/fr\/wp-json\/wp\/v2\/product\/126955","targetHints":{"allow":["GET"]}}],"collection":[{"href":"https:\/\/www.magnetenspecialist.nl\/fr\/wp-json\/wp\/v2\/product"}],"about":[{"href":"https:\/\/www.magnetenspecialist.nl\/fr\/wp-json\/wp\/v2\/types\/product"}],"wp:featuredmedia":[{"embeddable":true,"href":"https:\/\/www.magnetenspecialist.nl\/fr\/wp-json\/wp\/v2\/media\/113490"}],"wp:attachment":[{"href":"https:\/\/www.magnetenspecialist.nl\/fr\/wp-json\/wp\/v2\/media?parent=126955"}],"wp:term":[{"taxonomy":"product_brand","embeddable":true,"href":"https:\/\/www.magnetenspecialist.nl\/fr\/wp-json\/wp\/v2\/product_brand?post=126955"},{"taxonomy":"product_cat","embeddable":true,"href":"https:\/\/www.magnetenspecialist.nl\/fr\/wp-json\/wp\/v2\/product_cat?post=126955"},{"taxonomy":"product_tag","embeddable":true,"href":"https:\/\/www.magnetenspecialist.nl\/fr\/wp-json\/wp\/v2\/product_tag?post=126955"}],"curies":[{"name":"wp","href":"https:\/\/api.w.org\/{rel}","templated":true}]}}