{"id":129980,"date":"2024-04-29T14:31:55","date_gmt":"2024-04-29T12:31:55","guid":{"rendered":"https:\/\/www.magnetenspecialist.nl\/winkel\/non class\u00e9\/distributeur-daimants-modele-de-table-dimensions-maximales-hauteur-15mm-o20mm\/"},"modified":"2025-03-18T15:39:44","modified_gmt":"2025-03-18T14:39:44","slug":"distributeur-daimants-modele-de-table-dimensions-maximales-hauteur-15mm-o20mm","status":"publish","type":"product","link":"https:\/\/www.magnetenspecialist.nl\/fr\/magasin\/distributeur-daimants\/distributeur-daimants-modele-de-table-dimensions-maximales-hauteur-15mm-o20mm\/","title":{"rendered":"Distributeur d&#8217;aimants &#8211; mod\u00e8le de table &#8211; dimensions maximales : hauteur 1,5mm, \u00d820mm"},"content":{"rendered":"<p>&nbsp;<\/p>\n<p><strong>Distributeur magn\u00e9tique mod\u00e8le de table Hauteur 1.5mm, \u00d820mm<\/strong><\/p>\n<p>Ce distributeur d&#8217;aimants permet de d\u00e9connecter facilement les petits aimants les uns des autres. Ce produit est tr\u00e8s utile pour manipuler de grandes quantit\u00e9s d&#8217;aimants dans le cadre d&#8217;activit\u00e9s artisanales. Ce produit peut \u00eatre fix\u00e9 magn\u00e9tiquement pour fonctionner \u00e0 partir d&#8217;un poste de travail fixe.<\/p>\n<p>&#x2660; plus de douleur aux doigts lorsque l&#8217;on fait glisser les aimants<\/p>\n<p>&#x2660; moins de risques d&#8217;endommagement des aimants gr\u00e2ce \u00e0 une manipulation contr\u00f4l\u00e9e<\/p>\n<p>&#x2660; simplifie le processus de d\u00e9couplage des aimants<\/p>\n<p>&nbsp;<\/p>\n","protected":false},"excerpt":{"rendered":"<p>&nbsp; Distributeur magn\u00e9tique mod\u00e8le de table Hauteur 1.5mm, \u00d820mm Ce distributeur d&#8217;aimants permet de d\u00e9connecter facilement les petits aimants les uns des autres. Ce produit est tr\u00e8s utile pour manipuler de grandes quantit\u00e9s d&#8217;aimants dans le cadre d&#8217;activit\u00e9s artisanales. Ce produit peut \u00eatre fix\u00e9 magn\u00e9tiquement pour fonctionner \u00e0 partir d&#8217;un poste de travail fixe. &#x2660; [&hellip;]<\/p>\n","protected":false},"featured_media":129903,"template":"","meta":{"_acf_changed":false},"product_brand":[3521],"product_cat":[3270],"product_tag":[3036,3043,3040,3157],"class_list":{"0":"post-129980","1":"product","2":"type-product","3":"status-publish","4":"has-post-thumbnail","6":"product_brand-magnetenspecialist","7":"product_cat-distributeur-daimants","8":"product_tag-magneet-fr","9":"product_tag-decoupleur-magnetique","10":"product_tag-distributeur-magnetique","11":"product_tag-groep-2-fr","13":"first","14":"outofstock","15":"sale","16":"taxable","17":"shipping-taxable","18":"purchasable","19":"product-type-simple"},"supplier_id":null,"supplier_sku":"","barcode":null,"atum_controlled":true,"out_stock_date":"2025-03-27 11:02:07","out_stock_threshold":null,"inheritable":false,"inbound_stock":0,"stock_on_hold":0,"sold_today":0,"sales_last_days":0,"reserved_stock":0,"customer_returns":0,"warehouse_damage":0,"lost_in_post":0,"other_logs":0,"out_stock_days":371,"lost_sales":0,"has_location":false,"update_date":"2026-04-03T08:06:13","atum_locations":[],"atum_stock_status":"outofstock","restock_status":false,"low_stock_amount":"","sales_update_date":"2026-04-03T08:06:13","calc_backorders":null,"acf":[],"yoast_head":"<!-- This site is optimized with the Yoast SEO Premium plugin v24.7 (Yoast SEO v24.7) - https:\/\/yoast.com\/wordpress\/plugins\/seo\/ -->\n<title>Distributeur d&#039;aimants - mod\u00e8le de table - dimensions maximales : hauteur 1,5mm, \u00d820mm - Magnetenspecialist.nl<\/title>\n<meta name=\"description\" content=\"Vous cherchez un Distributeur d&#039;aimants - mod\u00e8le de table - dimensions maximales : hauteur 1,5mm, \u00d820mm? Les aimants peuvent \u00eatre achet\u00e9s facilement en ligne sur Magnetenspecialist.nl \u2713 1 jour ouvrable de d\u00e9lai de livraison \u2713 14 jours de d\u00e9lai de r\u00e9flexion \u2713 Exp\u00e9dition ou enl\u00e8vement *.\" \/>\n<meta name=\"robots\" content=\"index, follow, max-snippet:-1, max-image-preview:large, max-video-preview:-1\" \/>\n<link rel=\"canonical\" href=\"https:\/\/www.magnetenspecialist.nl\/fr\/magasin\/distributeur-daimants\/distributeur-daimants-modele-de-table-dimensions-maximales-hauteur-15mm-o20mm\/\" \/>\n<meta property=\"og:locale\" content=\"fr_FR\" \/>\n<meta property=\"og:type\" content=\"article\" \/>\n<meta property=\"og:title\" content=\"Distributeur d&#039;aimants - mod\u00e8le de table - dimensions maximales : hauteur 1,5mm, \u00d820mm\" \/>\n<meta property=\"og:description\" content=\"Vous cherchez un Distributeur d&#039;aimants - mod\u00e8le de table - dimensions maximales : hauteur 1,5mm, \u00d820mm? Les aimants peuvent \u00eatre achet\u00e9s facilement en ligne sur Magnetenspecialist.nl \u2713 1 jour ouvrable de d\u00e9lai de livraison \u2713 14 jours de d\u00e9lai de r\u00e9flexion \u2713 Exp\u00e9dition ou enl\u00e8vement *.\" \/>\n<meta property=\"og:url\" content=\"https:\/\/www.magnetenspecialist.nl\/fr\/magasin\/distributeur-daimants\/distributeur-daimants-modele-de-table-dimensions-maximales-hauteur-15mm-o20mm\/\" \/>\n<meta property=\"og:site_name\" content=\"Magnetenspecialist.nl\" \/>\n<meta property=\"article:publisher\" content=\"https:\/\/www.facebook.com\/Magnetenspecialist.nl\" \/>\n<meta property=\"article:modified_time\" content=\"2025-03-18T14:39:44+00:00\" \/>\n<meta property=\"og:image\" content=\"https:\/\/www.magnetenspecialist.nl\/wp-content\/uploads\/2024\/04\/0129979f-0956-41b3-a6f5-3bed16b1208e.png\" \/>\n\t<meta property=\"og:image:width\" content=\"1080\" \/>\n\t<meta property=\"og:image:height\" content=\"1080\" \/>\n\t<meta property=\"og:image:type\" content=\"image\/png\" \/>\n<meta name=\"twitter:card\" content=\"summary_large_image\" \/>\n<meta name=\"twitter:site\" content=\"@magnetenspecial\" \/>\n<meta name=\"twitter:label1\" content=\"Prix\" \/>\n\t<meta name=\"twitter:data1\" content=\"&euro;&nbsp;0,00\" \/>\n\t<meta name=\"twitter:label2\" content=\"Disponibilit\u00e9\" \/>\n\t<meta name=\"twitter:data2\" content=\"Rupture de stock\" \/>\n<script type=\"application\/ld+json\" class=\"yoast-schema-graph\">{\"@context\":\"https:\/\/schema.org\",\"@graph\":[{\"@type\":\"WebPage\",\"@id\":\"https:\/\/www.magnetenspecialist.nl\/fr\/magasin\/distributeur-daimants\/distributeur-daimants-modele-de-table-dimensions-maximales-hauteur-15mm-o20mm\/\",\"url\":\"https:\/\/www.magnetenspecialist.nl\/fr\/magasin\/distributeur-daimants\/distributeur-daimants-modele-de-table-dimensions-maximales-hauteur-15mm-o20mm\/\",\"name\":\"Distributeur d'aimants - mod\u00e8le de table - dimensions maximales : hauteur 1,5mm, \u00d820mm - Magnetenspecialist.nl\",\"isPartOf\":{\"@id\":\"https:\/\/www.magnetenspecialist.nl\/fr\/#website\"},\"primaryImageOfPage\":{\"@id\":\"https:\/\/www.magnetenspecialist.nl\/fr\/magasin\/distributeur-daimants\/distributeur-daimants-modele-de-table-dimensions-maximales-hauteur-15mm-o20mm\/#primaryimage\"},\"image\":{\"@id\":\"https:\/\/www.magnetenspecialist.nl\/fr\/magasin\/distributeur-daimants\/distributeur-daimants-modele-de-table-dimensions-maximales-hauteur-15mm-o20mm\/#primaryimage\"},\"thumbnailUrl\":\"https:\/\/www.magnetenspecialist.nl\/wp-content\/uploads\/2024\/04\/0129979f-0956-41b3-a6f5-3bed16b1208e.png\",\"datePublished\":\"2024-04-29T12:31:55+00:00\",\"dateModified\":\"2025-03-18T14:39:44+00:00\",\"description\":\"Vous cherchez un Distributeur d'aimants - mod\u00e8le de table - dimensions maximales : hauteur 1,5mm, \u00d820mm? Les aimants peuvent \u00eatre achet\u00e9s facilement en ligne sur Magnetenspecialist.nl \u2713 1 jour ouvrable de d\u00e9lai de livraison \u2713 14 jours de d\u00e9lai de r\u00e9flexion \u2713 Exp\u00e9dition ou enl\u00e8vement *.\",\"breadcrumb\":{\"@id\":\"https:\/\/www.magnetenspecialist.nl\/fr\/magasin\/distributeur-daimants\/distributeur-daimants-modele-de-table-dimensions-maximales-hauteur-15mm-o20mm\/#breadcrumb\"},\"inLanguage\":\"fr-FR\",\"potentialAction\":[{\"@type\":\"ReadAction\",\"target\":[\"https:\/\/www.magnetenspecialist.nl\/fr\/magasin\/distributeur-daimants\/distributeur-daimants-modele-de-table-dimensions-maximales-hauteur-15mm-o20mm\/\"]}]},{\"@type\":\"ImageObject\",\"inLanguage\":\"fr-FR\",\"@id\":\"https:\/\/www.magnetenspecialist.nl\/fr\/magasin\/distributeur-daimants\/distributeur-daimants-modele-de-table-dimensions-maximales-hauteur-15mm-o20mm\/#primaryimage\",\"url\":\"https:\/\/www.magnetenspecialist.nl\/wp-content\/uploads\/2024\/04\/0129979f-0956-41b3-a6f5-3bed16b1208e.png\",\"contentUrl\":\"https:\/\/www.magnetenspecialist.nl\/wp-content\/uploads\/2024\/04\/0129979f-0956-41b3-a6f5-3bed16b1208e.png\",\"width\":1080,\"height\":1080},{\"@type\":\"BreadcrumbList\",\"@id\":\"https:\/\/www.magnetenspecialist.nl\/fr\/magasin\/distributeur-daimants\/distributeur-daimants-modele-de-table-dimensions-maximales-hauteur-15mm-o20mm\/#breadcrumb\",\"itemListElement\":[{\"@type\":\"ListItem\",\"position\":1,\"name\":\"Accueil\",\"item\":\"https:\/\/www.magnetenspecialist.nl\/fr\/accueil\/\"},{\"@type\":\"ListItem\",\"position\":2,\"name\":\"Boutique\",\"item\":\"https:\/\/www.magnetenspecialist.nl\/fr\/boutique\/\"},{\"@type\":\"ListItem\",\"position\":3,\"name\":\"Distributeur d&#8217;aimants &#8211; mod\u00e8le de table &#8211; dimensions maximales : hauteur 1,5mm, \u00d820mm\"}]},{\"@type\":\"WebSite\",\"@id\":\"https:\/\/www.magnetenspecialist.nl\/fr\/#website\",\"url\":\"https:\/\/www.magnetenspecialist.nl\/fr\/\",\"name\":\"Magnetenspecialist.nl\",\"description\":\"Vaste gamme d'aimants en n\u00e9odyme\",\"publisher\":{\"@id\":\"https:\/\/www.magnetenspecialist.nl\/fr\/#organization\"},\"potentialAction\":[{\"@type\":\"SearchAction\",\"target\":{\"@type\":\"EntryPoint\",\"urlTemplate\":\"https:\/\/www.magnetenspecialist.nl\/fr\/?s={search_term_string}\"},\"query-input\":{\"@type\":\"PropertyValueSpecification\",\"valueRequired\":true,\"valueName\":\"search_term_string\"}}],\"inLanguage\":\"fr-FR\"},{\"@type\":\"Organization\",\"@id\":\"https:\/\/www.magnetenspecialist.nl\/fr\/#organization\",\"name\":\"Magnetenspecialist.nl\",\"url\":\"https:\/\/www.magnetenspecialist.nl\/fr\/\",\"logo\":{\"@type\":\"ImageObject\",\"inLanguage\":\"fr-FR\",\"@id\":\"https:\/\/www.magnetenspecialist.nl\/fr\/#\/schema\/logo\/image\/\",\"url\":\"https:\/\/www.magnetenspecialist.nl\/wp-content\/uploads\/2018\/10\/magneten-logo.jpg\",\"contentUrl\":\"https:\/\/www.magnetenspecialist.nl\/wp-content\/uploads\/2018\/10\/magneten-logo.jpg\",\"width\":151,\"height\":151,\"caption\":\"Magnetenspecialist.nl\"},\"image\":{\"@id\":\"https:\/\/www.magnetenspecialist.nl\/fr\/#\/schema\/logo\/image\/\"},\"sameAs\":[\"https:\/\/www.facebook.com\/Magnetenspecialist.nl\",\"https:\/\/x.com\/magnetenspecial\"]}]}<\/script>\n<meta property=\"product:price:amount\" content=\"0.00\" \/>\n<meta property=\"product:price:currency\" content=\"EUR\" \/>\n<meta property=\"og:availability\" content=\"out of stock\" \/>\n<meta property=\"product:availability\" content=\"out of stock\" \/>\n<meta property=\"product:condition\" content=\"new\" \/>\n<!-- \/ Yoast SEO Premium plugin. -->","yoast_head_json":{"title":"Distributeur d'aimants - mod\u00e8le de table - dimensions maximales : hauteur 1,5mm, \u00d820mm - Magnetenspecialist.nl","description":"Vous cherchez un Distributeur d'aimants - mod\u00e8le de table - dimensions maximales : hauteur 1,5mm, \u00d820mm? Les aimants peuvent \u00eatre achet\u00e9s facilement en ligne sur Magnetenspecialist.nl \u2713 1 jour ouvrable de d\u00e9lai de livraison \u2713 14 jours de d\u00e9lai de r\u00e9flexion \u2713 Exp\u00e9dition ou enl\u00e8vement *.","robots":{"index":"index","follow":"follow","max-snippet":"max-snippet:-1","max-image-preview":"max-image-preview:large","max-video-preview":"max-video-preview:-1"},"canonical":"https:\/\/www.magnetenspecialist.nl\/fr\/magasin\/distributeur-daimants\/distributeur-daimants-modele-de-table-dimensions-maximales-hauteur-15mm-o20mm\/","og_locale":"fr_FR","og_type":"article","og_title":"Distributeur d'aimants - mod\u00e8le de table - dimensions maximales : hauteur 1,5mm, \u00d820mm","og_description":"Vous cherchez un Distributeur d'aimants - mod\u00e8le de table - dimensions maximales : hauteur 1,5mm, \u00d820mm? Les aimants peuvent \u00eatre achet\u00e9s facilement en ligne sur Magnetenspecialist.nl \u2713 1 jour ouvrable de d\u00e9lai de livraison \u2713 14 jours de d\u00e9lai de r\u00e9flexion \u2713 Exp\u00e9dition ou enl\u00e8vement *.","og_url":"https:\/\/www.magnetenspecialist.nl\/fr\/magasin\/distributeur-daimants\/distributeur-daimants-modele-de-table-dimensions-maximales-hauteur-15mm-o20mm\/","og_site_name":"Magnetenspecialist.nl","article_publisher":"https:\/\/www.facebook.com\/Magnetenspecialist.nl","article_modified_time":"2025-03-18T14:39:44+00:00","og_image":[{"width":1080,"height":1080,"url":"https:\/\/www.magnetenspecialist.nl\/wp-content\/uploads\/2024\/04\/0129979f-0956-41b3-a6f5-3bed16b1208e.png","type":"image\/png"}],"twitter_card":"summary_large_image","twitter_site":"@magnetenspecial","twitter_misc":{"Prix":"&euro;&nbsp;0,00","Disponibilit\u00e9":"Rupture de stock"},"schema":{"@context":"https:\/\/schema.org","@graph":[{"@type":"WebPage","@id":"https:\/\/www.magnetenspecialist.nl\/fr\/magasin\/distributeur-daimants\/distributeur-daimants-modele-de-table-dimensions-maximales-hauteur-15mm-o20mm\/","url":"https:\/\/www.magnetenspecialist.nl\/fr\/magasin\/distributeur-daimants\/distributeur-daimants-modele-de-table-dimensions-maximales-hauteur-15mm-o20mm\/","name":"Distributeur d'aimants - mod\u00e8le de table - dimensions maximales : hauteur 1,5mm, \u00d820mm - Magnetenspecialist.nl","isPartOf":{"@id":"https:\/\/www.magnetenspecialist.nl\/fr\/#website"},"primaryImageOfPage":{"@id":"https:\/\/www.magnetenspecialist.nl\/fr\/magasin\/distributeur-daimants\/distributeur-daimants-modele-de-table-dimensions-maximales-hauteur-15mm-o20mm\/#primaryimage"},"image":{"@id":"https:\/\/www.magnetenspecialist.nl\/fr\/magasin\/distributeur-daimants\/distributeur-daimants-modele-de-table-dimensions-maximales-hauteur-15mm-o20mm\/#primaryimage"},"thumbnailUrl":"https:\/\/www.magnetenspecialist.nl\/wp-content\/uploads\/2024\/04\/0129979f-0956-41b3-a6f5-3bed16b1208e.png","datePublished":"2024-04-29T12:31:55+00:00","dateModified":"2025-03-18T14:39:44+00:00","description":"Vous cherchez un Distributeur d'aimants - mod\u00e8le de table - dimensions maximales : hauteur 1,5mm, \u00d820mm? Les aimants peuvent \u00eatre achet\u00e9s facilement en ligne sur Magnetenspecialist.nl \u2713 1 jour ouvrable de d\u00e9lai de livraison \u2713 14 jours de d\u00e9lai de r\u00e9flexion \u2713 Exp\u00e9dition ou enl\u00e8vement *.","breadcrumb":{"@id":"https:\/\/www.magnetenspecialist.nl\/fr\/magasin\/distributeur-daimants\/distributeur-daimants-modele-de-table-dimensions-maximales-hauteur-15mm-o20mm\/#breadcrumb"},"inLanguage":"fr-FR","potentialAction":[{"@type":"ReadAction","target":["https:\/\/www.magnetenspecialist.nl\/fr\/magasin\/distributeur-daimants\/distributeur-daimants-modele-de-table-dimensions-maximales-hauteur-15mm-o20mm\/"]}]},{"@type":"ImageObject","inLanguage":"fr-FR","@id":"https:\/\/www.magnetenspecialist.nl\/fr\/magasin\/distributeur-daimants\/distributeur-daimants-modele-de-table-dimensions-maximales-hauteur-15mm-o20mm\/#primaryimage","url":"https:\/\/www.magnetenspecialist.nl\/wp-content\/uploads\/2024\/04\/0129979f-0956-41b3-a6f5-3bed16b1208e.png","contentUrl":"https:\/\/www.magnetenspecialist.nl\/wp-content\/uploads\/2024\/04\/0129979f-0956-41b3-a6f5-3bed16b1208e.png","width":1080,"height":1080},{"@type":"BreadcrumbList","@id":"https:\/\/www.magnetenspecialist.nl\/fr\/magasin\/distributeur-daimants\/distributeur-daimants-modele-de-table-dimensions-maximales-hauteur-15mm-o20mm\/#breadcrumb","itemListElement":[{"@type":"ListItem","position":1,"name":"Accueil","item":"https:\/\/www.magnetenspecialist.nl\/fr\/accueil\/"},{"@type":"ListItem","position":2,"name":"Boutique","item":"https:\/\/www.magnetenspecialist.nl\/fr\/boutique\/"},{"@type":"ListItem","position":3,"name":"Distributeur d&#8217;aimants &#8211; mod\u00e8le de table &#8211; dimensions maximales : hauteur 1,5mm, \u00d820mm"}]},{"@type":"WebSite","@id":"https:\/\/www.magnetenspecialist.nl\/fr\/#website","url":"https:\/\/www.magnetenspecialist.nl\/fr\/","name":"Magnetenspecialist.nl","description":"Vaste gamme d'aimants en n\u00e9odyme","publisher":{"@id":"https:\/\/www.magnetenspecialist.nl\/fr\/#organization"},"potentialAction":[{"@type":"SearchAction","target":{"@type":"EntryPoint","urlTemplate":"https:\/\/www.magnetenspecialist.nl\/fr\/?s={search_term_string}"},"query-input":{"@type":"PropertyValueSpecification","valueRequired":true,"valueName":"search_term_string"}}],"inLanguage":"fr-FR"},{"@type":"Organization","@id":"https:\/\/www.magnetenspecialist.nl\/fr\/#organization","name":"Magnetenspecialist.nl","url":"https:\/\/www.magnetenspecialist.nl\/fr\/","logo":{"@type":"ImageObject","inLanguage":"fr-FR","@id":"https:\/\/www.magnetenspecialist.nl\/fr\/#\/schema\/logo\/image\/","url":"https:\/\/www.magnetenspecialist.nl\/wp-content\/uploads\/2018\/10\/magneten-logo.jpg","contentUrl":"https:\/\/www.magnetenspecialist.nl\/wp-content\/uploads\/2018\/10\/magneten-logo.jpg","width":151,"height":151,"caption":"Magnetenspecialist.nl"},"image":{"@id":"https:\/\/www.magnetenspecialist.nl\/fr\/#\/schema\/logo\/image\/"},"sameAs":["https:\/\/www.facebook.com\/Magnetenspecialist.nl","https:\/\/x.com\/magnetenspecial"]}]},"product_price_amount":"0.00","product_price_currency":"EUR","og_availability":"out of stock","product_availability":"out of stock","product_condition":"new"},"_links":{"self":[{"href":"https:\/\/www.magnetenspecialist.nl\/fr\/wp-json\/wp\/v2\/product\/129980","targetHints":{"allow":["GET"]}}],"collection":[{"href":"https:\/\/www.magnetenspecialist.nl\/fr\/wp-json\/wp\/v2\/product"}],"about":[{"href":"https:\/\/www.magnetenspecialist.nl\/fr\/wp-json\/wp\/v2\/types\/product"}],"wp:featuredmedia":[{"embeddable":true,"href":"https:\/\/www.magnetenspecialist.nl\/fr\/wp-json\/wp\/v2\/media\/129903"}],"wp:attachment":[{"href":"https:\/\/www.magnetenspecialist.nl\/fr\/wp-json\/wp\/v2\/media?parent=129980"}],"wp:term":[{"taxonomy":"product_brand","embeddable":true,"href":"https:\/\/www.magnetenspecialist.nl\/fr\/wp-json\/wp\/v2\/product_brand?post=129980"},{"taxonomy":"product_cat","embeddable":true,"href":"https:\/\/www.magnetenspecialist.nl\/fr\/wp-json\/wp\/v2\/product_cat?post=129980"},{"taxonomy":"product_tag","embeddable":true,"href":"https:\/\/www.magnetenspecialist.nl\/fr\/wp-json\/wp\/v2\/product_tag?post=129980"}],"curies":[{"name":"wp","href":"https:\/\/api.w.org\/{rel}","templated":true}]}}