{"id":131922,"date":"2024-08-02T10:28:39","date_gmt":"2024-08-02T08:28:39","guid":{"rendered":"https:\/\/www.magnetenspecialist.nl\/?post_type=product&#038;p=131922"},"modified":"2025-03-18T15:38:48","modified_gmt":"2025-03-18T14:38:48","slug":"bloc-magnetique-30-x-10-x-3-mm-n35eh","status":"publish","type":"product","link":"https:\/\/www.magnetenspecialist.nl\/fr\/magasin\/parallelepipedes-magnetiques\/bloc-magnetique-30-x-10-x-3-mm-n35eh\/","title":{"rendered":"Bloc aimant 6 x 1,5 x 1 mm N33H"},"content":{"rendered":"<h3>  <img decoding=\"async\" class=\"alignnone wp-image-111767\" src=\"https:\/\/www.magnetenspecialist.nl\/wp-content\/uploads\/2021\/02\/Magnetenspecialist.nl_Blokmagneet-30-x-10-x-3-mm_1-300x300.jpg\" alt=\"\" width=\"166\" height=\"166\" srcset=\"https:\/\/www.magnetenspecialist.nl\/wp-content\/uploads\/2021\/02\/Magnetenspecialist.nl_Blokmagneet-30-x-10-x-3-mm_1-300x300.jpg 300w, https:\/\/www.magnetenspecialist.nl\/wp-content\/uploads\/2021\/02\/Magnetenspecialist.nl_Blokmagneet-30-x-10-x-3-mm_1-1024x1024.jpg 1024w, https:\/\/www.magnetenspecialist.nl\/wp-content\/uploads\/2021\/02\/Magnetenspecialist.nl_Blokmagneet-30-x-10-x-3-mm_1-150x150.jpg 150w, https:\/\/www.magnetenspecialist.nl\/wp-content\/uploads\/2021\/02\/Magnetenspecialist.nl_Blokmagneet-30-x-10-x-3-mm_1-768x768.jpg 768w, https:\/\/www.magnetenspecialist.nl\/wp-content\/uploads\/2021\/02\/Magnetenspecialist.nl_Blokmagneet-30-x-10-x-3-mm_1-600x600.jpg 600w, https:\/\/www.magnetenspecialist.nl\/wp-content\/uploads\/2021\/02\/Magnetenspecialist.nl_Blokmagneet-30-x-10-x-3-mm_1-100x100.jpg 100w, https:\/\/www.magnetenspecialist.nl\/wp-content\/uploads\/2021\/02\/Magnetenspecialist.nl_Blokmagneet-30-x-10-x-3-mm_1.jpg 1500w\" sizes=\"(max-width: 166px) 100vw, 166px\" \/><\/h3>\n<h3>Bloc aimant 6 x 1,5 x 1 mm, N33H<\/h3>\n<p><strong>Description :<\/strong> Cet aimant compact est parfait pour les applications o\u00f9 l&#8217;espace est limit\u00e9 mais o\u00f9 une force magn\u00e9tique fiable est n\u00e9cessaire.<br \/>\nFabriqu\u00e9 en n\u00e9odyme de haute qualit\u00e9 avec un degr\u00e9 de magn\u00e9tisation N33H, cet aimant offre une puissance de maintien impressionnante malgr\u00e9 sa petite taille.   <\/p>\n<h4>Caract\u00e9ristiques du produit :<\/h4>\n<ul>\n<li><strong>Dimensions<\/strong>: 6 mm (longueur) x 1,5 mm (largeur) x 1 mm (hauteur)<\/li>\n<li><strong>Mat\u00e9riau<\/strong>: N\u00e9odyme (NdFeB) &#8211; un puissant aimant de terre rare connu pour ses fortes propri\u00e9t\u00e9s magn\u00e9tiques.<\/li>\n<li><strong>Magn\u00e9tisation<\/strong>: N33H &#8211; Cette classe repr\u00e9sente une forte force magn\u00e9tique, adapt\u00e9e \u00e0 diverses applications, avec une r\u00e9sistance aux temp\u00e9ratures \u00e9lev\u00e9es.<\/li>\n<li><strong>Force de r\u00e9tention<\/strong>: environ 0,5 kg &#8211; Malgr\u00e9 sa petite taille, cet aimant a une force de r\u00e9tention de 0,5 kilogramme, ce qui le rend id\u00e9al pour les fixations l\u00e9g\u00e8res et les applications de pr\u00e9cision.<\/li>\n<\/ul>\n<h4>Applications :<\/h4>\n<ul>\n<li><strong>\u00c9lectronique<\/strong>: Id\u00e9al pour les appareils \u00e9lectroniques n\u00e9cessitant un petit aimant puissant, tels que les capteurs, les interrupteurs et les haut-parleurs.<\/li>\n<li><strong>Mod\u00e9lisme<\/strong>: parfait pour les projets de mod\u00e9lisme n\u00e9cessitant une pr\u00e9cision et une forte connexion magn\u00e9tique, comme la fixation de petites pi\u00e8ces.<\/li>\n<li><strong>Bijoux et accessoires<\/strong>: convient pour la fabrication de fermoirs magn\u00e9tiques pour bijoux ou comme fermoir pour d&#8217;autres petits accessoires.<\/li>\n<li><strong>Prototypage et projets de bricolage<\/strong>: Utile pour les projets de bricolage, y compris les syst\u00e8mes de fixation magn\u00e9tiques, ou dans le cadre de travaux de prototypage.<\/li>\n<\/ul>\n<h4>Avantages :<\/h4>\n<ul>\n<li><strong>Force compacte<\/strong>: malgr\u00e9 sa petite taille, cet aimant offre une force de maintien fiable de 0,5 kg, ce qui est exceptionnel pour sa taille.<\/li>\n<li><strong>R\u00e9sistance aux temp\u00e9ratures \u00e9lev\u00e9es<\/strong>: gr\u00e2ce \u00e0 la sp\u00e9cification N33H, cet aimant peut r\u00e9sister \u00e0 des temp\u00e9ratures plus \u00e9lev\u00e9es que les aimants n\u00e9odyme standard, ce qui le rend adapt\u00e9 aux environnements exigeants.<\/li>\n<li><strong>Polyvalence<\/strong>: peut \u00eatre utilis\u00e9 dans diff\u00e9rents secteurs et pour de nombreuses applications, de l&#8217;amateur au professionnel.<\/li>\n<li><strong>Durable et fiable<\/strong>: Fabriqu\u00e9 en n\u00e9odyme de premi\u00e8re qualit\u00e9, cet aimant garantit des performances et une durabilit\u00e9 \u00e0 long terme.<\/li>\n<\/ul>\n","protected":false},"excerpt":{"rendered":"<p>Bloc aimant 6 x 1,5 x 1 mm, N33H Description : Cet aimant compact est parfait pour les applications o\u00f9 l&#8217;espace est limit\u00e9 mais o\u00f9 une force magn\u00e9tique fiable est n\u00e9cessaire. Fabriqu\u00e9 en n\u00e9odyme de haute qualit\u00e9 avec un degr\u00e9 de magn\u00e9tisation N33H, cet aimant offre une puissance de maintien impressionnante malgr\u00e9 sa petite taille. [&hellip;]<\/p>\n","protected":false},"featured_media":111412,"template":"","meta":{"_acf_changed":false},"product_brand":[3521],"product_cat":[1376],"product_tag":[3159],"class_list":{"0":"post-131922","1":"product","2":"type-product","3":"status-publish","4":"has-post-thumbnail","6":"product_brand-magnetenspecialist","7":"product_cat-parallelepipedes-magnetiques","8":"product_tag-groep-4-fr","9":"pa_houdkracht-0-5-fr","10":"pa_magnetisering-n33h-fr","11":"pa_magnetiseringsrichting-axiaal-fr","12":"pa_materiaal-neodyme-nickele","13":"pa_maximale-gebruikstemperatuur-150-fr","14":"pa_model-bloc","16":"first","17":"outofstock","18":"taxable","19":"shipping-taxable","20":"purchasable","21":"product-type-simple"},"supplier_id":null,"supplier_sku":"","barcode":null,"atum_controlled":true,"out_stock_date":"2025-10-13 16:40:57","out_stock_threshold":null,"inheritable":false,"inbound_stock":0,"stock_on_hold":0,"sold_today":0,"sales_last_days":0,"reserved_stock":0,"customer_returns":0,"warehouse_damage":0,"lost_in_post":0,"other_logs":0,"out_stock_days":171,"lost_sales":0,"has_location":false,"update_date":"2026-04-03T08:06:13","atum_locations":[],"atum_stock_status":"outofstock","restock_status":false,"low_stock_amount":0,"sales_update_date":"2026-04-03T08:06:13","calc_backorders":null,"acf":[],"yoast_head":"<!-- This site is optimized with the Yoast SEO Premium plugin v24.7 (Yoast SEO v24.7) - https:\/\/yoast.com\/wordpress\/plugins\/seo\/ -->\n<title>Bloc aimant 6 x 1,5 x 1 mm N33H \u2013 Bloc Magn\u00e9tique Compact N33H pour Application Haute Temp\u00e9rature<\/title>\n<meta name=\"description\" content=\"Vous cherchez un Bloc aimant 6 x 1,5 x 1 mm N33H? Les aimants peuvent \u00eatre achet\u00e9s facilement en ligne sur Magnetenspecialist.nl \u2713 1 jour ouvrable de d\u00e9lai de livraison \u2713 14 jours de d\u00e9lai de r\u00e9flexion \u2713 Exp\u00e9dition ou enl\u00e8vement *.\" \/>\n<meta name=\"robots\" content=\"index, follow, max-snippet:-1, max-image-preview:large, max-video-preview:-1\" \/>\n<link rel=\"canonical\" href=\"https:\/\/www.magnetenspecialist.nl\/fr\/magasin\/parallelepipedes-magnetiques\/bloc-magnetique-30-x-10-x-3-mm-n35eh\/\" \/>\n<meta property=\"og:locale\" content=\"fr_FR\" \/>\n<meta property=\"og:type\" content=\"article\" \/>\n<meta property=\"og:title\" content=\"Bloc aimant 6 x 1,5 x 1 mm N33H\" \/>\n<meta property=\"og:description\" content=\"Vous cherchez un Bloc aimant 6 x 1,5 x 1 mm N33H? Les aimants peuvent \u00eatre achet\u00e9s facilement en ligne sur Magnetenspecialist.nl \u2713 1 jour ouvrable de d\u00e9lai de livraison \u2713 14 jours de d\u00e9lai de r\u00e9flexion \u2713 Exp\u00e9dition ou enl\u00e8vement *.\" \/>\n<meta property=\"og:url\" content=\"https:\/\/www.magnetenspecialist.nl\/fr\/magasin\/parallelepipedes-magnetiques\/bloc-magnetique-30-x-10-x-3-mm-n35eh\/\" \/>\n<meta property=\"og:site_name\" content=\"Magnetenspecialist.nl\" \/>\n<meta property=\"article:publisher\" content=\"https:\/\/www.facebook.com\/Magnetenspecialist.nl\" \/>\n<meta property=\"article:modified_time\" content=\"2025-03-18T14:38:48+00:00\" \/>\n<meta property=\"og:image\" content=\"https:\/\/www.magnetenspecialist.nl\/wp-content\/uploads\/2019\/03\/Magnetenspecialist.nl_Blokmagneet-5-x-2-x-1.5-mm_2-1.jpg\" \/>\n\t<meta property=\"og:image:width\" content=\"1500\" \/>\n\t<meta property=\"og:image:height\" content=\"1500\" \/>\n\t<meta property=\"og:image:type\" content=\"image\/jpeg\" \/>\n<meta name=\"twitter:card\" content=\"summary_large_image\" \/>\n<meta name=\"twitter:site\" content=\"@magnetenspecial\" \/>\n<meta name=\"twitter:label1\" content=\"Prix\" \/>\n\t<meta name=\"twitter:data1\" content=\"&euro;&nbsp;0,30\" \/>\n\t<meta name=\"twitter:label2\" content=\"Disponibilit\u00e9\" \/>\n\t<meta name=\"twitter:data2\" content=\"Rupture de stock\" \/>\n<script type=\"application\/ld+json\" class=\"yoast-schema-graph\">{\"@context\":\"https:\/\/schema.org\",\"@graph\":[{\"@type\":\"WebPage\",\"@id\":\"https:\/\/www.magnetenspecialist.nl\/fr\/magasin\/parallelepipedes-magnetiques\/bloc-magnetique-30-x-10-x-3-mm-n35eh\/\",\"url\":\"https:\/\/www.magnetenspecialist.nl\/fr\/magasin\/parallelepipedes-magnetiques\/bloc-magnetique-30-x-10-x-3-mm-n35eh\/\",\"name\":\"Bloc aimant 6 x 1,5 x 1 mm N33H \u2013 Bloc Magn\u00e9tique Compact N33H pour Application Haute Temp\u00e9rature\",\"isPartOf\":{\"@id\":\"https:\/\/www.magnetenspecialist.nl\/fr\/#website\"},\"primaryImageOfPage\":{\"@id\":\"https:\/\/www.magnetenspecialist.nl\/fr\/magasin\/parallelepipedes-magnetiques\/bloc-magnetique-30-x-10-x-3-mm-n35eh\/#primaryimage\"},\"image\":{\"@id\":\"https:\/\/www.magnetenspecialist.nl\/fr\/magasin\/parallelepipedes-magnetiques\/bloc-magnetique-30-x-10-x-3-mm-n35eh\/#primaryimage\"},\"thumbnailUrl\":\"https:\/\/www.magnetenspecialist.nl\/wp-content\/uploads\/2019\/03\/Magnetenspecialist.nl_Blokmagneet-5-x-2-x-1.5-mm_2-1.jpg\",\"datePublished\":\"2024-08-02T08:28:39+00:00\",\"dateModified\":\"2025-03-18T14:38:48+00:00\",\"description\":\"Vous cherchez un Bloc aimant 6 x 1,5 x 1 mm N33H? Les aimants peuvent \u00eatre achet\u00e9s facilement en ligne sur Magnetenspecialist.nl \u2713 1 jour ouvrable de d\u00e9lai de livraison \u2713 14 jours de d\u00e9lai de r\u00e9flexion \u2713 Exp\u00e9dition ou enl\u00e8vement *.\",\"breadcrumb\":{\"@id\":\"https:\/\/www.magnetenspecialist.nl\/fr\/magasin\/parallelepipedes-magnetiques\/bloc-magnetique-30-x-10-x-3-mm-n35eh\/#breadcrumb\"},\"inLanguage\":\"fr-FR\",\"potentialAction\":[{\"@type\":\"ReadAction\",\"target\":[\"https:\/\/www.magnetenspecialist.nl\/fr\/magasin\/parallelepipedes-magnetiques\/bloc-magnetique-30-x-10-x-3-mm-n35eh\/\"]}]},{\"@type\":\"ImageObject\",\"inLanguage\":\"fr-FR\",\"@id\":\"https:\/\/www.magnetenspecialist.nl\/fr\/magasin\/parallelepipedes-magnetiques\/bloc-magnetique-30-x-10-x-3-mm-n35eh\/#primaryimage\",\"url\":\"https:\/\/www.magnetenspecialist.nl\/wp-content\/uploads\/2019\/03\/Magnetenspecialist.nl_Blokmagneet-5-x-2-x-1.5-mm_2-1.jpg\",\"contentUrl\":\"https:\/\/www.magnetenspecialist.nl\/wp-content\/uploads\/2019\/03\/Magnetenspecialist.nl_Blokmagneet-5-x-2-x-1.5-mm_2-1.jpg\",\"width\":1500,\"height\":1500},{\"@type\":\"BreadcrumbList\",\"@id\":\"https:\/\/www.magnetenspecialist.nl\/fr\/magasin\/parallelepipedes-magnetiques\/bloc-magnetique-30-x-10-x-3-mm-n35eh\/#breadcrumb\",\"itemListElement\":[{\"@type\":\"ListItem\",\"position\":1,\"name\":\"Accueil\",\"item\":\"https:\/\/www.magnetenspecialist.nl\/fr\/accueil\/\"},{\"@type\":\"ListItem\",\"position\":2,\"name\":\"Boutique\",\"item\":\"https:\/\/www.magnetenspecialist.nl\/fr\/boutique\/\"},{\"@type\":\"ListItem\",\"position\":3,\"name\":\"Bloc aimant 6 x 1,5 x 1 mm N33H\"}]},{\"@type\":\"WebSite\",\"@id\":\"https:\/\/www.magnetenspecialist.nl\/fr\/#website\",\"url\":\"https:\/\/www.magnetenspecialist.nl\/fr\/\",\"name\":\"Magnetenspecialist.nl\",\"description\":\"Vaste gamme d'aimants en n\u00e9odyme\",\"publisher\":{\"@id\":\"https:\/\/www.magnetenspecialist.nl\/fr\/#organization\"},\"potentialAction\":[{\"@type\":\"SearchAction\",\"target\":{\"@type\":\"EntryPoint\",\"urlTemplate\":\"https:\/\/www.magnetenspecialist.nl\/fr\/?s={search_term_string}\"},\"query-input\":{\"@type\":\"PropertyValueSpecification\",\"valueRequired\":true,\"valueName\":\"search_term_string\"}}],\"inLanguage\":\"fr-FR\"},{\"@type\":\"Organization\",\"@id\":\"https:\/\/www.magnetenspecialist.nl\/fr\/#organization\",\"name\":\"Magnetenspecialist.nl\",\"url\":\"https:\/\/www.magnetenspecialist.nl\/fr\/\",\"logo\":{\"@type\":\"ImageObject\",\"inLanguage\":\"fr-FR\",\"@id\":\"https:\/\/www.magnetenspecialist.nl\/fr\/#\/schema\/logo\/image\/\",\"url\":\"https:\/\/www.magnetenspecialist.nl\/wp-content\/uploads\/2018\/10\/magneten-logo.jpg\",\"contentUrl\":\"https:\/\/www.magnetenspecialist.nl\/wp-content\/uploads\/2018\/10\/magneten-logo.jpg\",\"width\":151,\"height\":151,\"caption\":\"Magnetenspecialist.nl\"},\"image\":{\"@id\":\"https:\/\/www.magnetenspecialist.nl\/fr\/#\/schema\/logo\/image\/\"},\"sameAs\":[\"https:\/\/www.facebook.com\/Magnetenspecialist.nl\",\"https:\/\/x.com\/magnetenspecial\"]}]}<\/script>\n<meta property=\"product:price:amount\" content=\"0.30\" \/>\n<meta property=\"product:price:currency\" content=\"EUR\" \/>\n<meta property=\"og:availability\" content=\"out of stock\" \/>\n<meta property=\"product:availability\" content=\"out of stock\" \/>\n<meta property=\"product:retailer_item_id\" content=\"bl006x015x001-N-H-1-1\" \/>\n<meta property=\"product:condition\" content=\"new\" \/>\n<!-- \/ Yoast SEO Premium plugin. -->","yoast_head_json":{"title":"Bloc aimant 6 x 1,5 x 1 mm N33H \u2013 Bloc Magn\u00e9tique Compact N33H pour Application Haute Temp\u00e9rature","description":"Vous cherchez un Bloc aimant 6 x 1,5 x 1 mm N33H? Les aimants peuvent \u00eatre achet\u00e9s facilement en ligne sur Magnetenspecialist.nl \u2713 1 jour ouvrable de d\u00e9lai de livraison \u2713 14 jours de d\u00e9lai de r\u00e9flexion \u2713 Exp\u00e9dition ou enl\u00e8vement *.","robots":{"index":"index","follow":"follow","max-snippet":"max-snippet:-1","max-image-preview":"max-image-preview:large","max-video-preview":"max-video-preview:-1"},"canonical":"https:\/\/www.magnetenspecialist.nl\/fr\/magasin\/parallelepipedes-magnetiques\/bloc-magnetique-30-x-10-x-3-mm-n35eh\/","og_locale":"fr_FR","og_type":"article","og_title":"Bloc aimant 6 x 1,5 x 1 mm N33H","og_description":"Vous cherchez un Bloc aimant 6 x 1,5 x 1 mm N33H? Les aimants peuvent \u00eatre achet\u00e9s facilement en ligne sur Magnetenspecialist.nl \u2713 1 jour ouvrable de d\u00e9lai de livraison \u2713 14 jours de d\u00e9lai de r\u00e9flexion \u2713 Exp\u00e9dition ou enl\u00e8vement *.","og_url":"https:\/\/www.magnetenspecialist.nl\/fr\/magasin\/parallelepipedes-magnetiques\/bloc-magnetique-30-x-10-x-3-mm-n35eh\/","og_site_name":"Magnetenspecialist.nl","article_publisher":"https:\/\/www.facebook.com\/Magnetenspecialist.nl","article_modified_time":"2025-03-18T14:38:48+00:00","og_image":[{"width":1500,"height":1500,"url":"https:\/\/www.magnetenspecialist.nl\/wp-content\/uploads\/2019\/03\/Magnetenspecialist.nl_Blokmagneet-5-x-2-x-1.5-mm_2-1.jpg","type":"image\/jpeg"}],"twitter_card":"summary_large_image","twitter_site":"@magnetenspecial","twitter_misc":{"Prix":"&euro;&nbsp;0,30","Disponibilit\u00e9":"Rupture de stock"},"schema":{"@context":"https:\/\/schema.org","@graph":[{"@type":"WebPage","@id":"https:\/\/www.magnetenspecialist.nl\/fr\/magasin\/parallelepipedes-magnetiques\/bloc-magnetique-30-x-10-x-3-mm-n35eh\/","url":"https:\/\/www.magnetenspecialist.nl\/fr\/magasin\/parallelepipedes-magnetiques\/bloc-magnetique-30-x-10-x-3-mm-n35eh\/","name":"Bloc aimant 6 x 1,5 x 1 mm N33H \u2013 Bloc Magn\u00e9tique Compact N33H pour Application Haute Temp\u00e9rature","isPartOf":{"@id":"https:\/\/www.magnetenspecialist.nl\/fr\/#website"},"primaryImageOfPage":{"@id":"https:\/\/www.magnetenspecialist.nl\/fr\/magasin\/parallelepipedes-magnetiques\/bloc-magnetique-30-x-10-x-3-mm-n35eh\/#primaryimage"},"image":{"@id":"https:\/\/www.magnetenspecialist.nl\/fr\/magasin\/parallelepipedes-magnetiques\/bloc-magnetique-30-x-10-x-3-mm-n35eh\/#primaryimage"},"thumbnailUrl":"https:\/\/www.magnetenspecialist.nl\/wp-content\/uploads\/2019\/03\/Magnetenspecialist.nl_Blokmagneet-5-x-2-x-1.5-mm_2-1.jpg","datePublished":"2024-08-02T08:28:39+00:00","dateModified":"2025-03-18T14:38:48+00:00","description":"Vous cherchez un Bloc aimant 6 x 1,5 x 1 mm N33H? Les aimants peuvent \u00eatre achet\u00e9s facilement en ligne sur Magnetenspecialist.nl \u2713 1 jour ouvrable de d\u00e9lai de livraison \u2713 14 jours de d\u00e9lai de r\u00e9flexion \u2713 Exp\u00e9dition ou enl\u00e8vement *.","breadcrumb":{"@id":"https:\/\/www.magnetenspecialist.nl\/fr\/magasin\/parallelepipedes-magnetiques\/bloc-magnetique-30-x-10-x-3-mm-n35eh\/#breadcrumb"},"inLanguage":"fr-FR","potentialAction":[{"@type":"ReadAction","target":["https:\/\/www.magnetenspecialist.nl\/fr\/magasin\/parallelepipedes-magnetiques\/bloc-magnetique-30-x-10-x-3-mm-n35eh\/"]}]},{"@type":"ImageObject","inLanguage":"fr-FR","@id":"https:\/\/www.magnetenspecialist.nl\/fr\/magasin\/parallelepipedes-magnetiques\/bloc-magnetique-30-x-10-x-3-mm-n35eh\/#primaryimage","url":"https:\/\/www.magnetenspecialist.nl\/wp-content\/uploads\/2019\/03\/Magnetenspecialist.nl_Blokmagneet-5-x-2-x-1.5-mm_2-1.jpg","contentUrl":"https:\/\/www.magnetenspecialist.nl\/wp-content\/uploads\/2019\/03\/Magnetenspecialist.nl_Blokmagneet-5-x-2-x-1.5-mm_2-1.jpg","width":1500,"height":1500},{"@type":"BreadcrumbList","@id":"https:\/\/www.magnetenspecialist.nl\/fr\/magasin\/parallelepipedes-magnetiques\/bloc-magnetique-30-x-10-x-3-mm-n35eh\/#breadcrumb","itemListElement":[{"@type":"ListItem","position":1,"name":"Accueil","item":"https:\/\/www.magnetenspecialist.nl\/fr\/accueil\/"},{"@type":"ListItem","position":2,"name":"Boutique","item":"https:\/\/www.magnetenspecialist.nl\/fr\/boutique\/"},{"@type":"ListItem","position":3,"name":"Bloc aimant 6 x 1,5 x 1 mm N33H"}]},{"@type":"WebSite","@id":"https:\/\/www.magnetenspecialist.nl\/fr\/#website","url":"https:\/\/www.magnetenspecialist.nl\/fr\/","name":"Magnetenspecialist.nl","description":"Vaste gamme d'aimants en n\u00e9odyme","publisher":{"@id":"https:\/\/www.magnetenspecialist.nl\/fr\/#organization"},"potentialAction":[{"@type":"SearchAction","target":{"@type":"EntryPoint","urlTemplate":"https:\/\/www.magnetenspecialist.nl\/fr\/?s={search_term_string}"},"query-input":{"@type":"PropertyValueSpecification","valueRequired":true,"valueName":"search_term_string"}}],"inLanguage":"fr-FR"},{"@type":"Organization","@id":"https:\/\/www.magnetenspecialist.nl\/fr\/#organization","name":"Magnetenspecialist.nl","url":"https:\/\/www.magnetenspecialist.nl\/fr\/","logo":{"@type":"ImageObject","inLanguage":"fr-FR","@id":"https:\/\/www.magnetenspecialist.nl\/fr\/#\/schema\/logo\/image\/","url":"https:\/\/www.magnetenspecialist.nl\/wp-content\/uploads\/2018\/10\/magneten-logo.jpg","contentUrl":"https:\/\/www.magnetenspecialist.nl\/wp-content\/uploads\/2018\/10\/magneten-logo.jpg","width":151,"height":151,"caption":"Magnetenspecialist.nl"},"image":{"@id":"https:\/\/www.magnetenspecialist.nl\/fr\/#\/schema\/logo\/image\/"},"sameAs":["https:\/\/www.facebook.com\/Magnetenspecialist.nl","https:\/\/x.com\/magnetenspecial"]}]},"product_price_amount":"0.30","product_price_currency":"EUR","og_availability":"out of stock","product_availability":"out of stock","product_retailer_item_id":"bl006x015x001-N-H-1-1","product_condition":"new"},"_links":{"self":[{"href":"https:\/\/www.magnetenspecialist.nl\/fr\/wp-json\/wp\/v2\/product\/131922","targetHints":{"allow":["GET"]}}],"collection":[{"href":"https:\/\/www.magnetenspecialist.nl\/fr\/wp-json\/wp\/v2\/product"}],"about":[{"href":"https:\/\/www.magnetenspecialist.nl\/fr\/wp-json\/wp\/v2\/types\/product"}],"wp:featuredmedia":[{"embeddable":true,"href":"https:\/\/www.magnetenspecialist.nl\/fr\/wp-json\/wp\/v2\/media\/111412"}],"wp:attachment":[{"href":"https:\/\/www.magnetenspecialist.nl\/fr\/wp-json\/wp\/v2\/media?parent=131922"}],"wp:term":[{"taxonomy":"product_brand","embeddable":true,"href":"https:\/\/www.magnetenspecialist.nl\/fr\/wp-json\/wp\/v2\/product_brand?post=131922"},{"taxonomy":"product_cat","embeddable":true,"href":"https:\/\/www.magnetenspecialist.nl\/fr\/wp-json\/wp\/v2\/product_cat?post=131922"},{"taxonomy":"product_tag","embeddable":true,"href":"https:\/\/www.magnetenspecialist.nl\/fr\/wp-json\/wp\/v2\/product_tag?post=131922"}],"curies":[{"name":"wp","href":"https:\/\/api.w.org\/{rel}","templated":true}]}}