{"id":131984,"date":"2024-07-01T13:32:25","date_gmt":"2024-07-01T11:32:25","guid":{"rendered":"https:\/\/www.magnetenspecialist.nl\/winkel\/non%20class\u00e9\/magnalock-la-serrure-magnetique-parfaite-pour-les-portes\/"},"modified":"2025-03-18T15:38:52","modified_gmt":"2025-03-18T14:38:52","slug":"magnalock-la-serrure-magnetique-parfaite-pour-les-portes","status":"publish","type":"product","link":"https:\/\/www.magnetenspecialist.nl\/fr\/magasin\/aimants-en-plastique\/magnalock-la-serrure-magnetique-parfaite-pour-les-portes\/","title":{"rendered":"MagnaLock &#8211; La serrure magn\u00e9tique parfaite pour les portes"},"content":{"rendered":"<p><span style=\"font-family: -webkit-standard; font-size: medium; font-style: normal; font-weight: 400; letter-spacing: normal; text-align: start; text-indent: 0px; text-transform: none; text-decoration: none; display: inline !important; float: none;\">Le MagnaLock est un syst\u00e8me de verrouillage magn\u00e9tique innovant et personnalis\u00e9, sp\u00e9cialement con\u00e7u pour fermer les portes sans effort et en toute s\u00e9curit\u00e9.<br \/>\nCe syst\u00e8me avanc\u00e9 se compose de deux puissants composants magn\u00e9tiques qui se recherchent et s&#8217;attirent automatiquement, garantissant que vos portes sont toujours parfaitement ferm\u00e9es avec un petit espace optimal entre elles. <\/span><\/p>\n<p>&nbsp;<\/p>\n<p><span style=\"font-family: -webkit-standard; font-size: medium; font-style: normal; font-weight: 400; letter-spacing: normal; text-align: start; text-indent: 0px; text-transform: none; text-decoration: none; display: inline !important; float: none;\"><span style=\"text-decoration: underline;\">Caract\u00e9ristiques<\/span><\/span><\/p>\n<ul>\n<li>\n<h4><strong style=\"font-style: normal; letter-spacing: normal; text-align: start; text-indent: 0px; text-transform: none; text-decoration: none;\">Forte attraction magn\u00e9tique : <\/strong>des aimants de haute qualit\u00e9 garantissent une fermeture fiable et constante \u00e0 chaque fois.<\/h4>\n<\/li>\n<\/ul>\n<ul>\n<li>\n<h4><span style=\"font-family: -webkit-standard; font-size: medium; font-style: normal; font-weight: 400; letter-spacing: normal; text-align: start; text-indent: 0px; text-transform: none; text-decoration: none; display: inline !important; float: none;\"><strong>Installation facile<\/strong><\/span><span style=\"font-family: -webkit-standard; font-size: medium; font-style: normal; font-weight: 400; letter-spacing: normal; text-align: start; text-indent: 0px; text-transform: none; text-decoration: none; display: inline !important; float: none;\">Les <\/span>composants se montent facilement sur votre porte et sur le cadre de la porte \u00e0 l&#8217;aide de l&#8217;outil fourni. Aucune installation complexe ni aucun outil n&#8217;est n\u00e9cessaire.<\/h4>\n<\/li>\n<\/ul>\n<ul>\n<li>\n<h4><span style=\"font-family: -webkit-standard; font-size: medium; font-style: normal; font-weight: 400; letter-spacing: normal; text-align: start; text-indent: 0px; text-transform: none; text-decoration: none; display: inline !important; float: none;\"><strong>Alignement automatique<\/strong><\/span><span style=\"font-family: -webkit-standard; font-size: medium; font-style: normal; font-weight: 400; letter-spacing: normal; text-align: start; text-indent: 0px; text-transform: none; text-decoration: none; display: inline !important; float: none;\">Les <\/span>aimants s&#8217;alignent automatiquement gr\u00e2ce \u00e0 leur conception astucieuse, ce qui garantit que votre porte est toujours correctement ferm\u00e9e.<\/h4>\n<\/li>\n<li>\n<h4><strong style=\"font-style: normal; letter-spacing: normal; text-align: start; text-indent: 0px; text-transform: none; text-decoration: none;\">Durable et fiable : <\/strong><strong><span style=\"font-size: 16px;\">Fabriqu\u00e9 \u00e0 partir de mat\u00e9riaux de haute qualit\u00e9 qui durent et r\u00e9sistent \u00e0 une utilisation quotidienne.<\/span><\/strong><\/h4>\n<\/li>\n<li>\n<h4><strong style=\"font-style: normal; letter-spacing: normal; text-align: start; text-indent: 0px; text-transform: none; text-decoration: none;\">S\u00fbr et silencieux : <\/strong>Fermez vos portes sans les claquer violemment, cr\u00e9ant ainsi un environnement plus silencieux et plus s\u00fbr<strong style=\"font-style: normal; letter-spacing: normal; text-align: start; text-indent: 0px; text-transform: none; text-decoration: none;\">. <\/strong><\/h4>\n<\/li>\n<\/ul>\n<p>&nbsp;<\/p>\n<p><strong style=\"font-style: normal; letter-spacing: normal; text-align: start; text-indent: 0px; text-transform: none; text-decoration: none;\"><a href=\"%0A%0ADe%20MagnaLock%20is%20ideaal%20voor%20gebruik%20in%20huizen,%20kantoren,%20winkels%20en%20andere%20plaatsen%20waar%20een%20betrouwbare%20en%20esthetische%20sluiting%20van%20deuren%20gewenst%20is.%20Of%20het%20nu%20gaat%20om%20binnendeuren,%20kastdeuren%20of%20schuifdeuren,%20de%20MagnaLock%20biedt%20een%20veelzijdige%20en%20effici%C3%ABnte%20oplossing.%0A%0AErvaar%20de%20eenvoud%20en%20effici%C3%ABntie%20van%20de%20MagnaLock%20en%20geef%20uw%20deuren%20de%20perfecte%20sluiting%20die%20ze%20verdienen!\">Applications :<\/a><\/strong><\/p>\n<p style=\"font-style: normal; font-weight: 400; letter-spacing: normal; text-align: start; text-indent: 0px; text-transform: none; text-decoration: none;\">Le MagnaLock est id\u00e9al pour une utilisation dans les maisons, les bureaux, les magasins et autres endroits o\u00f9 une fermeture de porte fiable et esth\u00e9tique est souhait\u00e9e.<br \/>\nQu&#8217;il s&#8217;agisse de portes int\u00e9rieures, de portes de placard, de portes en acier ou de portes de douche, le MagnaLock offre une solution polyvalente et efficace. <\/p>\n<p style=\"font-style: normal; font-weight: 400; letter-spacing: normal; text-align: start; text-indent: 0px; text-transform: none; text-decoration: none;\">D\u00e9couvrez la simplicit\u00e9 et l&#8217;efficacit\u00e9 du MagnaLock et donnez \u00e0 vos portes la serrure parfaite qu&#8217;elles m\u00e9ritent !<\/p>\n","protected":false},"excerpt":{"rendered":"<p>Le MagnaLock est un syst\u00e8me de verrouillage magn\u00e9tique innovant et personnalis\u00e9, sp\u00e9cialement con\u00e7u pour fermer les portes sans effort et en toute s\u00e9curit\u00e9. Ce syst\u00e8me avanc\u00e9 se compose de deux puissants composants magn\u00e9tiques qui se recherchent et s&#8217;attirent automatiquement, garantissant que vos portes sont toujours parfaitement ferm\u00e9es avec un petit espace optimal entre elles. &nbsp; [&hellip;]<\/p>\n","protected":false},"featured_media":131444,"template":"","meta":{"_acf_changed":false},"product_brand":[3521],"product_cat":[3512],"product_tag":[],"class_list":{"0":"post-131984","1":"product","2":"type-product","3":"status-publish","4":"has-post-thumbnail","6":"product_brand-magnetenspecialist","7":"product_cat-aimants-en-plastique","9":"first","10":"onbackorder","11":"sale","12":"taxable","13":"shipping-taxable","14":"purchasable","15":"product-type-simple"},"supplier_id":null,"supplier_sku":"","barcode":null,"atum_controlled":true,"out_stock_date":"2025-09-18 16:39:36","out_stock_threshold":null,"inheritable":false,"inbound_stock":0,"stock_on_hold":0,"sold_today":0,"sales_last_days":0,"reserved_stock":0,"customer_returns":0,"warehouse_damage":0,"lost_in_post":0,"other_logs":0,"out_stock_days":196,"lost_sales":0,"has_location":false,"update_date":"2026-04-03T08:06:13","atum_locations":[],"atum_stock_status":"onbackorder","restock_status":false,"low_stock_amount":0,"sales_update_date":"2026-04-03T08:06:13","calc_backorders":-1,"acf":[],"yoast_head":"<!-- This site is optimized with the Yoast SEO Premium plugin v24.7 (Yoast SEO v24.7) - https:\/\/yoast.com\/wordpress\/plugins\/seo\/ -->\n<title>MagnaLock - La serrure magn\u00e9tique parfaite pour les portes - Magnetenspecialist.nl<\/title>\n<meta name=\"description\" content=\"Vous cherchez un MagnaLock - La serrure magn\u00e9tique parfaite pour les portes? Les aimants peuvent \u00eatre achet\u00e9s facilement en ligne sur Magnetenspecialist.nl \u2713 1 jour ouvrable de d\u00e9lai de livraison \u2713 14 jours de d\u00e9lai de r\u00e9flexion \u2713 Exp\u00e9dition ou enl\u00e8vement *.\" \/>\n<meta name=\"robots\" content=\"index, follow, max-snippet:-1, max-image-preview:large, max-video-preview:-1\" \/>\n<link rel=\"canonical\" href=\"https:\/\/www.magnetenspecialist.nl\/fr\/magasin\/aimants-en-plastique\/magnalock-la-serrure-magnetique-parfaite-pour-les-portes\/\" \/>\n<meta property=\"og:locale\" content=\"fr_FR\" \/>\n<meta property=\"og:type\" content=\"article\" \/>\n<meta property=\"og:title\" content=\"MagnaLock - La serrure magn\u00e9tique parfaite pour les portes\" \/>\n<meta property=\"og:description\" content=\"Vous cherchez un MagnaLock - La serrure magn\u00e9tique parfaite pour les portes? Les aimants peuvent \u00eatre achet\u00e9s facilement en ligne sur Magnetenspecialist.nl \u2713 1 jour ouvrable de d\u00e9lai de livraison \u2713 14 jours de d\u00e9lai de r\u00e9flexion \u2713 Exp\u00e9dition ou enl\u00e8vement *.\" \/>\n<meta property=\"og:url\" content=\"https:\/\/www.magnetenspecialist.nl\/fr\/magasin\/aimants-en-plastique\/magnalock-la-serrure-magnetique-parfaite-pour-les-portes\/\" \/>\n<meta property=\"og:site_name\" content=\"Magnetenspecialist.nl\" \/>\n<meta property=\"article:publisher\" content=\"https:\/\/www.facebook.com\/Magnetenspecialist.nl\" \/>\n<meta property=\"article:modified_time\" content=\"2025-03-18T14:38:52+00:00\" \/>\n<meta property=\"og:image\" content=\"https:\/\/www.magnetenspecialist.nl\/wp-content\/uploads\/2024\/07\/0d46cfc2-357b-4e8d-aa82-5b5dcecd3451.png\" \/>\n\t<meta property=\"og:image:width\" content=\"2048\" \/>\n\t<meta property=\"og:image:height\" content=\"2048\" \/>\n\t<meta property=\"og:image:type\" content=\"image\/png\" \/>\n<meta name=\"twitter:card\" content=\"summary_large_image\" \/>\n<meta name=\"twitter:site\" content=\"@magnetenspecial\" \/>\n<meta name=\"twitter:label1\" content=\"Prix\" \/>\n\t<meta name=\"twitter:data1\" content=\"&euro;&nbsp;50,00\" \/>\n\t<meta name=\"twitter:label2\" content=\"Disponibilit\u00e9\" \/>\n\t<meta name=\"twitter:data2\" content=\"En r\u00e9assort\" \/>\n<script type=\"application\/ld+json\" class=\"yoast-schema-graph\">{\"@context\":\"https:\/\/schema.org\",\"@graph\":[{\"@type\":\"WebPage\",\"@id\":\"https:\/\/www.magnetenspecialist.nl\/fr\/magasin\/aimants-en-plastique\/magnalock-la-serrure-magnetique-parfaite-pour-les-portes\/\",\"url\":\"https:\/\/www.magnetenspecialist.nl\/fr\/magasin\/aimants-en-plastique\/magnalock-la-serrure-magnetique-parfaite-pour-les-portes\/\",\"name\":\"MagnaLock - La serrure magn\u00e9tique parfaite pour les portes - Magnetenspecialist.nl\",\"isPartOf\":{\"@id\":\"https:\/\/www.magnetenspecialist.nl\/fr\/#website\"},\"primaryImageOfPage\":{\"@id\":\"https:\/\/www.magnetenspecialist.nl\/fr\/magasin\/aimants-en-plastique\/magnalock-la-serrure-magnetique-parfaite-pour-les-portes\/#primaryimage\"},\"image\":{\"@id\":\"https:\/\/www.magnetenspecialist.nl\/fr\/magasin\/aimants-en-plastique\/magnalock-la-serrure-magnetique-parfaite-pour-les-portes\/#primaryimage\"},\"thumbnailUrl\":\"https:\/\/www.magnetenspecialist.nl\/wp-content\/uploads\/2024\/07\/0d46cfc2-357b-4e8d-aa82-5b5dcecd3451.png\",\"datePublished\":\"2024-07-01T11:32:25+00:00\",\"dateModified\":\"2025-03-18T14:38:52+00:00\",\"description\":\"Vous cherchez un MagnaLock - La serrure magn\u00e9tique parfaite pour les portes? Les aimants peuvent \u00eatre achet\u00e9s facilement en ligne sur Magnetenspecialist.nl \u2713 1 jour ouvrable de d\u00e9lai de livraison \u2713 14 jours de d\u00e9lai de r\u00e9flexion \u2713 Exp\u00e9dition ou enl\u00e8vement *.\",\"breadcrumb\":{\"@id\":\"https:\/\/www.magnetenspecialist.nl\/fr\/magasin\/aimants-en-plastique\/magnalock-la-serrure-magnetique-parfaite-pour-les-portes\/#breadcrumb\"},\"inLanguage\":\"fr-FR\",\"potentialAction\":[{\"@type\":\"ReadAction\",\"target\":[\"https:\/\/www.magnetenspecialist.nl\/fr\/magasin\/aimants-en-plastique\/magnalock-la-serrure-magnetique-parfaite-pour-les-portes\/\"]}]},{\"@type\":\"ImageObject\",\"inLanguage\":\"fr-FR\",\"@id\":\"https:\/\/www.magnetenspecialist.nl\/fr\/magasin\/aimants-en-plastique\/magnalock-la-serrure-magnetique-parfaite-pour-les-portes\/#primaryimage\",\"url\":\"https:\/\/www.magnetenspecialist.nl\/wp-content\/uploads\/2024\/07\/0d46cfc2-357b-4e8d-aa82-5b5dcecd3451.png\",\"contentUrl\":\"https:\/\/www.magnetenspecialist.nl\/wp-content\/uploads\/2024\/07\/0d46cfc2-357b-4e8d-aa82-5b5dcecd3451.png\",\"width\":2048,\"height\":2048},{\"@type\":\"BreadcrumbList\",\"@id\":\"https:\/\/www.magnetenspecialist.nl\/fr\/magasin\/aimants-en-plastique\/magnalock-la-serrure-magnetique-parfaite-pour-les-portes\/#breadcrumb\",\"itemListElement\":[{\"@type\":\"ListItem\",\"position\":1,\"name\":\"Accueil\",\"item\":\"https:\/\/www.magnetenspecialist.nl\/fr\/accueil\/\"},{\"@type\":\"ListItem\",\"position\":2,\"name\":\"Boutique\",\"item\":\"https:\/\/www.magnetenspecialist.nl\/fr\/boutique\/\"},{\"@type\":\"ListItem\",\"position\":3,\"name\":\"MagnaLock &#8211; La serrure magn\u00e9tique parfaite pour les portes\"}]},{\"@type\":\"WebSite\",\"@id\":\"https:\/\/www.magnetenspecialist.nl\/fr\/#website\",\"url\":\"https:\/\/www.magnetenspecialist.nl\/fr\/\",\"name\":\"Magnetenspecialist.nl\",\"description\":\"Vaste gamme d'aimants en n\u00e9odyme\",\"publisher\":{\"@id\":\"https:\/\/www.magnetenspecialist.nl\/fr\/#organization\"},\"potentialAction\":[{\"@type\":\"SearchAction\",\"target\":{\"@type\":\"EntryPoint\",\"urlTemplate\":\"https:\/\/www.magnetenspecialist.nl\/fr\/?s={search_term_string}\"},\"query-input\":{\"@type\":\"PropertyValueSpecification\",\"valueRequired\":true,\"valueName\":\"search_term_string\"}}],\"inLanguage\":\"fr-FR\"},{\"@type\":\"Organization\",\"@id\":\"https:\/\/www.magnetenspecialist.nl\/fr\/#organization\",\"name\":\"Magnetenspecialist.nl\",\"url\":\"https:\/\/www.magnetenspecialist.nl\/fr\/\",\"logo\":{\"@type\":\"ImageObject\",\"inLanguage\":\"fr-FR\",\"@id\":\"https:\/\/www.magnetenspecialist.nl\/fr\/#\/schema\/logo\/image\/\",\"url\":\"https:\/\/www.magnetenspecialist.nl\/wp-content\/uploads\/2018\/10\/magneten-logo.jpg\",\"contentUrl\":\"https:\/\/www.magnetenspecialist.nl\/wp-content\/uploads\/2018\/10\/magneten-logo.jpg\",\"width\":151,\"height\":151,\"caption\":\"Magnetenspecialist.nl\"},\"image\":{\"@id\":\"https:\/\/www.magnetenspecialist.nl\/fr\/#\/schema\/logo\/image\/\"},\"sameAs\":[\"https:\/\/www.facebook.com\/Magnetenspecialist.nl\",\"https:\/\/x.com\/magnetenspecial\"]}]}<\/script>\n<meta property=\"product:price:amount\" content=\"50.00\" \/>\n<meta property=\"product:price:currency\" content=\"EUR\" \/>\n<meta property=\"og:availability\" content=\"backorder\" \/>\n<meta property=\"product:availability\" content=\"available for order\" \/>\n<meta property=\"product:retailer_item_id\" content=\"MALO2024\" \/>\n<meta property=\"product:condition\" content=\"new\" \/>\n<!-- \/ Yoast SEO Premium plugin. -->","yoast_head_json":{"title":"MagnaLock - La serrure magn\u00e9tique parfaite pour les portes - Magnetenspecialist.nl","description":"Vous cherchez un MagnaLock - La serrure magn\u00e9tique parfaite pour les portes? Les aimants peuvent \u00eatre achet\u00e9s facilement en ligne sur Magnetenspecialist.nl \u2713 1 jour ouvrable de d\u00e9lai de livraison \u2713 14 jours de d\u00e9lai de r\u00e9flexion \u2713 Exp\u00e9dition ou enl\u00e8vement *.","robots":{"index":"index","follow":"follow","max-snippet":"max-snippet:-1","max-image-preview":"max-image-preview:large","max-video-preview":"max-video-preview:-1"},"canonical":"https:\/\/www.magnetenspecialist.nl\/fr\/magasin\/aimants-en-plastique\/magnalock-la-serrure-magnetique-parfaite-pour-les-portes\/","og_locale":"fr_FR","og_type":"article","og_title":"MagnaLock - La serrure magn\u00e9tique parfaite pour les portes","og_description":"Vous cherchez un MagnaLock - La serrure magn\u00e9tique parfaite pour les portes? Les aimants peuvent \u00eatre achet\u00e9s facilement en ligne sur Magnetenspecialist.nl \u2713 1 jour ouvrable de d\u00e9lai de livraison \u2713 14 jours de d\u00e9lai de r\u00e9flexion \u2713 Exp\u00e9dition ou enl\u00e8vement *.","og_url":"https:\/\/www.magnetenspecialist.nl\/fr\/magasin\/aimants-en-plastique\/magnalock-la-serrure-magnetique-parfaite-pour-les-portes\/","og_site_name":"Magnetenspecialist.nl","article_publisher":"https:\/\/www.facebook.com\/Magnetenspecialist.nl","article_modified_time":"2025-03-18T14:38:52+00:00","og_image":[{"width":2048,"height":2048,"url":"https:\/\/www.magnetenspecialist.nl\/wp-content\/uploads\/2024\/07\/0d46cfc2-357b-4e8d-aa82-5b5dcecd3451.png","type":"image\/png"}],"twitter_card":"summary_large_image","twitter_site":"@magnetenspecial","twitter_misc":{"Prix":"&euro;&nbsp;50,00","Disponibilit\u00e9":"En r\u00e9assort"},"schema":{"@context":"https:\/\/schema.org","@graph":[{"@type":"WebPage","@id":"https:\/\/www.magnetenspecialist.nl\/fr\/magasin\/aimants-en-plastique\/magnalock-la-serrure-magnetique-parfaite-pour-les-portes\/","url":"https:\/\/www.magnetenspecialist.nl\/fr\/magasin\/aimants-en-plastique\/magnalock-la-serrure-magnetique-parfaite-pour-les-portes\/","name":"MagnaLock - La serrure magn\u00e9tique parfaite pour les portes - Magnetenspecialist.nl","isPartOf":{"@id":"https:\/\/www.magnetenspecialist.nl\/fr\/#website"},"primaryImageOfPage":{"@id":"https:\/\/www.magnetenspecialist.nl\/fr\/magasin\/aimants-en-plastique\/magnalock-la-serrure-magnetique-parfaite-pour-les-portes\/#primaryimage"},"image":{"@id":"https:\/\/www.magnetenspecialist.nl\/fr\/magasin\/aimants-en-plastique\/magnalock-la-serrure-magnetique-parfaite-pour-les-portes\/#primaryimage"},"thumbnailUrl":"https:\/\/www.magnetenspecialist.nl\/wp-content\/uploads\/2024\/07\/0d46cfc2-357b-4e8d-aa82-5b5dcecd3451.png","datePublished":"2024-07-01T11:32:25+00:00","dateModified":"2025-03-18T14:38:52+00:00","description":"Vous cherchez un MagnaLock - La serrure magn\u00e9tique parfaite pour les portes? Les aimants peuvent \u00eatre achet\u00e9s facilement en ligne sur Magnetenspecialist.nl \u2713 1 jour ouvrable de d\u00e9lai de livraison \u2713 14 jours de d\u00e9lai de r\u00e9flexion \u2713 Exp\u00e9dition ou enl\u00e8vement *.","breadcrumb":{"@id":"https:\/\/www.magnetenspecialist.nl\/fr\/magasin\/aimants-en-plastique\/magnalock-la-serrure-magnetique-parfaite-pour-les-portes\/#breadcrumb"},"inLanguage":"fr-FR","potentialAction":[{"@type":"ReadAction","target":["https:\/\/www.magnetenspecialist.nl\/fr\/magasin\/aimants-en-plastique\/magnalock-la-serrure-magnetique-parfaite-pour-les-portes\/"]}]},{"@type":"ImageObject","inLanguage":"fr-FR","@id":"https:\/\/www.magnetenspecialist.nl\/fr\/magasin\/aimants-en-plastique\/magnalock-la-serrure-magnetique-parfaite-pour-les-portes\/#primaryimage","url":"https:\/\/www.magnetenspecialist.nl\/wp-content\/uploads\/2024\/07\/0d46cfc2-357b-4e8d-aa82-5b5dcecd3451.png","contentUrl":"https:\/\/www.magnetenspecialist.nl\/wp-content\/uploads\/2024\/07\/0d46cfc2-357b-4e8d-aa82-5b5dcecd3451.png","width":2048,"height":2048},{"@type":"BreadcrumbList","@id":"https:\/\/www.magnetenspecialist.nl\/fr\/magasin\/aimants-en-plastique\/magnalock-la-serrure-magnetique-parfaite-pour-les-portes\/#breadcrumb","itemListElement":[{"@type":"ListItem","position":1,"name":"Accueil","item":"https:\/\/www.magnetenspecialist.nl\/fr\/accueil\/"},{"@type":"ListItem","position":2,"name":"Boutique","item":"https:\/\/www.magnetenspecialist.nl\/fr\/boutique\/"},{"@type":"ListItem","position":3,"name":"MagnaLock &#8211; La serrure magn\u00e9tique parfaite pour les portes"}]},{"@type":"WebSite","@id":"https:\/\/www.magnetenspecialist.nl\/fr\/#website","url":"https:\/\/www.magnetenspecialist.nl\/fr\/","name":"Magnetenspecialist.nl","description":"Vaste gamme d'aimants en n\u00e9odyme","publisher":{"@id":"https:\/\/www.magnetenspecialist.nl\/fr\/#organization"},"potentialAction":[{"@type":"SearchAction","target":{"@type":"EntryPoint","urlTemplate":"https:\/\/www.magnetenspecialist.nl\/fr\/?s={search_term_string}"},"query-input":{"@type":"PropertyValueSpecification","valueRequired":true,"valueName":"search_term_string"}}],"inLanguage":"fr-FR"},{"@type":"Organization","@id":"https:\/\/www.magnetenspecialist.nl\/fr\/#organization","name":"Magnetenspecialist.nl","url":"https:\/\/www.magnetenspecialist.nl\/fr\/","logo":{"@type":"ImageObject","inLanguage":"fr-FR","@id":"https:\/\/www.magnetenspecialist.nl\/fr\/#\/schema\/logo\/image\/","url":"https:\/\/www.magnetenspecialist.nl\/wp-content\/uploads\/2018\/10\/magneten-logo.jpg","contentUrl":"https:\/\/www.magnetenspecialist.nl\/wp-content\/uploads\/2018\/10\/magneten-logo.jpg","width":151,"height":151,"caption":"Magnetenspecialist.nl"},"image":{"@id":"https:\/\/www.magnetenspecialist.nl\/fr\/#\/schema\/logo\/image\/"},"sameAs":["https:\/\/www.facebook.com\/Magnetenspecialist.nl","https:\/\/x.com\/magnetenspecial"]}]},"product_price_amount":"50.00","product_price_currency":"EUR","og_availability":"backorder","product_availability":"available for order","product_retailer_item_id":"MALO2024","product_condition":"new"},"_links":{"self":[{"href":"https:\/\/www.magnetenspecialist.nl\/fr\/wp-json\/wp\/v2\/product\/131984","targetHints":{"allow":["GET"]}}],"collection":[{"href":"https:\/\/www.magnetenspecialist.nl\/fr\/wp-json\/wp\/v2\/product"}],"about":[{"href":"https:\/\/www.magnetenspecialist.nl\/fr\/wp-json\/wp\/v2\/types\/product"}],"wp:featuredmedia":[{"embeddable":true,"href":"https:\/\/www.magnetenspecialist.nl\/fr\/wp-json\/wp\/v2\/media\/131444"}],"wp:attachment":[{"href":"https:\/\/www.magnetenspecialist.nl\/fr\/wp-json\/wp\/v2\/media?parent=131984"}],"wp:term":[{"taxonomy":"product_brand","embeddable":true,"href":"https:\/\/www.magnetenspecialist.nl\/fr\/wp-json\/wp\/v2\/product_brand?post=131984"},{"taxonomy":"product_cat","embeddable":true,"href":"https:\/\/www.magnetenspecialist.nl\/fr\/wp-json\/wp\/v2\/product_cat?post=131984"},{"taxonomy":"product_tag","embeddable":true,"href":"https:\/\/www.magnetenspecialist.nl\/fr\/wp-json\/wp\/v2\/product_tag?post=131984"}],"curies":[{"name":"wp","href":"https:\/\/api.w.org\/{rel}","templated":true}]}}