{"id":131987,"date":"2024-06-25T12:00:32","date_gmt":"2024-06-25T10:00:32","guid":{"rendered":"https:\/\/www.magnetenspecialist.nl\/winkel\/non%20class\u00e9\/bloc-magnetique-30-x-10-x-25-mm-n48-epoxy\/"},"modified":"2025-04-15T16:27:16","modified_gmt":"2025-04-15T14:27:16","slug":"bloc-magnetique-30-x-10-x-25-mm-n48-epoxy","status":"publish","type":"product","link":"https:\/\/www.magnetenspecialist.nl\/fr\/magasin\/parallelepipedes-magnetiques\/bloc-magnetique-30-x-10-x-25-mm-n48-epoxy\/","title":{"rendered":"Bloc magn\u00e9tique en n\u00e9odyme 30x10x2.5 mm &#8211; N48 recouvert d&#8217;\u00e9poxy"},"content":{"rendered":"<h3 data-start=\"105\" data-end=\"158\">Bloc magn\u00e9tique 30 x 10 x 2,5 mm, N48 (rev\u00eatement \u00e9poxy)<\/h3>\n<p data-start=\"160\" data-end=\"511\">Ce puissant aimant en bloc de <strong data-start=\"191\" data-end=\"211\">30 x 10 x 2,5 mm<\/strong> est compos\u00e9 d&#8217;aimants en <strong data-start=\"244\" data-end=\"269\">n\u00e9odyme N48 (NdFeB<\/strong>) de haute qualit\u00e9 et est recouvert d&#8217;une couche d&#8217;\u00e9poxy pour une protection suppl\u00e9mentaire contre la corrosion. Gr\u00e2ce \u00e0 ses propri\u00e9t\u00e9s magn\u00e9tiques exceptionnellement puissantes, cet aimant est parfait pour un large \u00e9ventail d&#8217;applications, des projets de bricolage aux applications industrielles. <\/p>\n<p data-start=\"513\" data-end=\"527\"><strong data-start=\"513\" data-end=\"527\">Caract\u00e9ristiques :<\/strong><\/p>\n<ul data-start=\"528\" data-end=\"1026\">\n<li data-start=\"528\" data-end=\"568\"><strong data-start=\"530\" data-end=\"545\">Dimensions :<\/strong> 30 mm x 10 mm x 2,5 mm<\/li>\n<li data-start=\"569\" data-end=\"667\"><strong data-start=\"571\" data-end=\"594\">Force magn\u00e9tique :<\/strong> N48, ce qui signifie que cet aimant est particuli\u00e8rement puissant pour sa taille.<\/li>\n<li data-start=\"668\" data-end=\"757\"><strong data-start=\"670\" data-end=\"684\">Mat\u00e9riau :<\/strong> aimants en n\u00e9odyme (NdFeB), les aimants permanents les plus puissants du march\u00e9.<\/li>\n<li data-start=\"758\" data-end=\"877\"><strong data-start=\"760\" data-end=\"772\">Rev\u00eatement :<\/strong> couche d&#8217;\u00e9poxy pour une protection suppl\u00e9mentaire contre l&#8217;humidit\u00e9 et l&#8217;abrasion, id\u00e9al pour les environnements difficiles.<\/li>\n<li data-start=\"878\" data-end=\"1026\"><strong data-start=\"880\" data-end=\"897\">Applications :<\/strong> Convient aux moteurs \u00e9lectriques, aux capteurs, aux haut-parleurs, aux supports magn\u00e9tiques et \u00e0 diverses applications industrielles.<\/li>\n<\/ul>\n<p data-start=\"1028\" data-end=\"1042\"><strong data-start=\"1028\" data-end=\"1042\">Avantages :<\/strong><\/p>\n<ul data-start=\"1043\" data-end=\"1398\">\n<li data-start=\"1043\" data-end=\"1155\"><strong data-start=\"1045\" data-end=\"1069\">Puissant et compact :<\/strong> cet aimant est tr\u00e8s attrayant malgr\u00e9 sa taille relativement petite.<\/li>\n<li data-start=\"1156\" data-end=\"1260\"><strong data-start=\"1158\" data-end=\"1171\">Durable :<\/strong> le rev\u00eatement \u00e9poxy offre une r\u00e9sistance accrue \u00e0 la corrosion et aux autres influences environnementales.<\/li>\n<li data-start=\"1261\" data-end=\"1398\"><strong data-start=\"1263\" data-end=\"1278\">Polyvalent :<\/strong> il peut \u00eatre utilis\u00e9 dans un large \u00e9ventail d&#8217;applications, qu&#8217;il s&#8217;agisse d&#8217;ing\u00e9nierie, de sciences, de projets de loisirs ou de cr\u00e9ations.<\/li>\n<\/ul>\n<p data-start=\"1400\" data-end=\"1595\"><strong data-start=\"1400\" data-end=\"1411\">Remarque :<\/strong> les aimants en n\u00e9odyme sont tr\u00e8s puissants et peuvent \u00eatre dangereux s&#8217;ils ne sont pas utilis\u00e9s correctement. Veillez \u00e0 les tenir hors de port\u00e9e des enfants et \u00e0 les manipuler avec pr\u00e9caution. <\/p>\n","protected":false},"excerpt":{"rendered":"<p>Bloc magn\u00e9tique 30 x 10 x 2,5 mm, N48 (rev\u00eatement \u00e9poxy) Ce puissant aimant en bloc de 30 x 10 x 2,5 mm est compos\u00e9 d&#8217;aimants en n\u00e9odyme N48 (NdFeB) de haute qualit\u00e9 et est recouvert d&#8217;une couche d&#8217;\u00e9poxy pour une protection suppl\u00e9mentaire contre la corrosion. Gr\u00e2ce \u00e0 ses propri\u00e9t\u00e9s magn\u00e9tiques exceptionnellement puissantes, cet aimant [&hellip;]<\/p>\n","protected":false},"featured_media":131266,"template":"","meta":{"_acf_changed":false},"product_brand":[3521],"product_cat":[1376,1379],"product_tag":[3159],"class_list":{"0":"post-131987","1":"product","2":"type-product","3":"status-publish","4":"has-post-thumbnail","6":"product_brand-magnetenspecialist","7":"product_cat-parallelepipedes-magnetiques","8":"product_cat-epoxy-fr","9":"product_tag-groep-4-fr","10":"pa_herkomst-chine","11":"pa_houdkracht-5-5-fr","12":"pa_magnetisering-n48-fr","13":"pa_magnetiseringsrichting-axiaal-fr","14":"pa_materiaal-epoxy-fr-2","15":"pa_maximale-gebruikstemperatuur-80-fr","16":"pa_model-bloc","17":"pa_preferentiele-oorsprong-non","18":"pa_taric-code-8505-1110-99-0-fr","20":"first","21":"instock","22":"taxable","23":"shipping-taxable","24":"purchasable","25":"product-type-simple"},"supplier_id":null,"supplier_sku":"","barcode":null,"atum_controlled":true,"out_stock_date":null,"out_stock_threshold":null,"inheritable":false,"inbound_stock":0,"stock_on_hold":0,"sold_today":1,"sales_last_days":1,"reserved_stock":0,"customer_returns":0,"warehouse_damage":0,"lost_in_post":0,"other_logs":0,"out_stock_days":0,"lost_sales":0,"has_location":false,"update_date":"2026-04-21T12:10:00","atum_locations":[],"atum_stock_status":"instock","restock_status":false,"low_stock_amount":"","sales_update_date":"2026-04-17T09:28:12","calc_backorders":null,"acf":[],"yoast_head":"<!-- This site is optimized with the Yoast SEO Premium plugin v24.7 (Yoast SEO v24.7) - https:\/\/yoast.com\/wordpress\/plugins\/seo\/ -->\n<title>Bloc magn\u00e9tique 30 mm (\u00e9poxy) avec rev\u00eatement \u00e9poxy pour la protection<\/title>\n<meta name=\"description\" content=\"Obtenez des performances optimales avec le bloc magn\u00e9tique 30 x 10 x 2,5 mm, N48 (\u00e9poxy). Id\u00e9al pour les amateurs et les professionnels, essayez-le d\u00e8s aujourd&#039;hui !\" \/>\n<meta name=\"robots\" content=\"index, follow, max-snippet:-1, max-image-preview:large, max-video-preview:-1\" \/>\n<link rel=\"canonical\" href=\"https:\/\/www.magnetenspecialist.nl\/fr\/magasin\/parallelepipedes-magnetiques\/bloc-magnetique-30-x-10-x-25-mm-n48-epoxy\/\" \/>\n<meta property=\"og:locale\" content=\"fr_FR\" \/>\n<meta property=\"og:type\" content=\"article\" \/>\n<meta property=\"og:title\" content=\"Bloc magn\u00e9tique en n\u00e9odyme 30x10x2.5 mm - N48 recouvert d&#039;\u00e9poxy\" \/>\n<meta property=\"og:description\" content=\"Obtenez des performances optimales avec le bloc magn\u00e9tique 30 x 10 x 2,5 mm, N48 (\u00e9poxy). Id\u00e9al pour les amateurs et les professionnels, essayez-le d\u00e8s aujourd&#039;hui !\" \/>\n<meta property=\"og:url\" content=\"https:\/\/www.magnetenspecialist.nl\/fr\/magasin\/parallelepipedes-magnetiques\/bloc-magnetique-30-x-10-x-25-mm-n48-epoxy\/\" \/>\n<meta property=\"og:site_name\" content=\"Magnetenspecialist.nl\" \/>\n<meta property=\"article:publisher\" content=\"https:\/\/www.facebook.com\/Magnetenspecialist.nl\" \/>\n<meta property=\"article:modified_time\" content=\"2025-04-15T14:27:16+00:00\" \/>\n<meta property=\"og:image\" content=\"https:\/\/www.magnetenspecialist.nl\/wp-content\/uploads\/2024\/06\/143c6bf5-2c65-4f30-94a4-246ec421ea55.png\" \/>\n\t<meta property=\"og:image:width\" content=\"1179\" \/>\n\t<meta property=\"og:image:height\" content=\"1158\" \/>\n\t<meta property=\"og:image:type\" content=\"image\/png\" \/>\n<meta name=\"twitter:card\" content=\"summary_large_image\" \/>\n<meta name=\"twitter:site\" content=\"@magnetenspecial\" \/>\n<meta name=\"twitter:label1\" content=\"Prix\" \/>\n\t<meta name=\"twitter:data1\" content=\"&euro;&nbsp;3,11\" \/>\n\t<meta name=\"twitter:label2\" content=\"Disponibilit\u00e9\" \/>\n\t<meta name=\"twitter:data2\" content=\"En stock\" \/>\n<script type=\"application\/ld+json\" class=\"yoast-schema-graph\">{\"@context\":\"https:\/\/schema.org\",\"@graph\":[{\"@type\":\"WebPage\",\"@id\":\"https:\/\/www.magnetenspecialist.nl\/fr\/magasin\/parallelepipedes-magnetiques\/bloc-magnetique-30-x-10-x-25-mm-n48-epoxy\/\",\"url\":\"https:\/\/www.magnetenspecialist.nl\/fr\/magasin\/parallelepipedes-magnetiques\/bloc-magnetique-30-x-10-x-25-mm-n48-epoxy\/\",\"name\":\"Bloc magn\u00e9tique 30 mm (\u00e9poxy) avec rev\u00eatement \u00e9poxy pour la protection\",\"isPartOf\":{\"@id\":\"https:\/\/www.magnetenspecialist.nl\/fr\/#website\"},\"primaryImageOfPage\":{\"@id\":\"https:\/\/www.magnetenspecialist.nl\/fr\/magasin\/parallelepipedes-magnetiques\/bloc-magnetique-30-x-10-x-25-mm-n48-epoxy\/#primaryimage\"},\"image\":{\"@id\":\"https:\/\/www.magnetenspecialist.nl\/fr\/magasin\/parallelepipedes-magnetiques\/bloc-magnetique-30-x-10-x-25-mm-n48-epoxy\/#primaryimage\"},\"thumbnailUrl\":\"https:\/\/www.magnetenspecialist.nl\/wp-content\/uploads\/2024\/06\/143c6bf5-2c65-4f30-94a4-246ec421ea55.png\",\"datePublished\":\"2024-06-25T10:00:32+00:00\",\"dateModified\":\"2025-04-15T14:27:16+00:00\",\"description\":\"Obtenez des performances optimales avec le bloc magn\u00e9tique 30 x 10 x 2,5 mm, N48 (\u00e9poxy). Id\u00e9al pour les amateurs et les professionnels, essayez-le d\u00e8s aujourd'hui !\",\"breadcrumb\":{\"@id\":\"https:\/\/www.magnetenspecialist.nl\/fr\/magasin\/parallelepipedes-magnetiques\/bloc-magnetique-30-x-10-x-25-mm-n48-epoxy\/#breadcrumb\"},\"inLanguage\":\"fr-FR\",\"potentialAction\":[{\"@type\":\"ReadAction\",\"target\":[\"https:\/\/www.magnetenspecialist.nl\/fr\/magasin\/parallelepipedes-magnetiques\/bloc-magnetique-30-x-10-x-25-mm-n48-epoxy\/\"]}]},{\"@type\":\"ImageObject\",\"inLanguage\":\"fr-FR\",\"@id\":\"https:\/\/www.magnetenspecialist.nl\/fr\/magasin\/parallelepipedes-magnetiques\/bloc-magnetique-30-x-10-x-25-mm-n48-epoxy\/#primaryimage\",\"url\":\"https:\/\/www.magnetenspecialist.nl\/wp-content\/uploads\/2024\/06\/143c6bf5-2c65-4f30-94a4-246ec421ea55.png\",\"contentUrl\":\"https:\/\/www.magnetenspecialist.nl\/wp-content\/uploads\/2024\/06\/143c6bf5-2c65-4f30-94a4-246ec421ea55.png\",\"width\":1179,\"height\":1158,\"caption\":\"Compacte en krachtige blokmagneet van 30 x 10 x 2,5 mm met N48 kracht en een epoxy coating voor extra bescherming tegen corrosie\"},{\"@type\":\"BreadcrumbList\",\"@id\":\"https:\/\/www.magnetenspecialist.nl\/fr\/magasin\/parallelepipedes-magnetiques\/bloc-magnetique-30-x-10-x-25-mm-n48-epoxy\/#breadcrumb\",\"itemListElement\":[{\"@type\":\"ListItem\",\"position\":1,\"name\":\"Accueil\",\"item\":\"https:\/\/www.magnetenspecialist.nl\/fr\/accueil\/\"},{\"@type\":\"ListItem\",\"position\":2,\"name\":\"Boutique\",\"item\":\"https:\/\/www.magnetenspecialist.nl\/fr\/boutique\/\"},{\"@type\":\"ListItem\",\"position\":3,\"name\":\"Bloc magn\u00e9tique en n\u00e9odyme 30x10x2.5 mm &#8211; N48 recouvert d&#8217;\u00e9poxy\"}]},{\"@type\":\"WebSite\",\"@id\":\"https:\/\/www.magnetenspecialist.nl\/fr\/#website\",\"url\":\"https:\/\/www.magnetenspecialist.nl\/fr\/\",\"name\":\"Magnetenspecialist.nl\",\"description\":\"Vaste gamme d'aimants en n\u00e9odyme\",\"publisher\":{\"@id\":\"https:\/\/www.magnetenspecialist.nl\/fr\/#organization\"},\"potentialAction\":[{\"@type\":\"SearchAction\",\"target\":{\"@type\":\"EntryPoint\",\"urlTemplate\":\"https:\/\/www.magnetenspecialist.nl\/fr\/?s={search_term_string}\"},\"query-input\":{\"@type\":\"PropertyValueSpecification\",\"valueRequired\":true,\"valueName\":\"search_term_string\"}}],\"inLanguage\":\"fr-FR\"},{\"@type\":\"Organization\",\"@id\":\"https:\/\/www.magnetenspecialist.nl\/fr\/#organization\",\"name\":\"Magnetenspecialist.nl\",\"url\":\"https:\/\/www.magnetenspecialist.nl\/fr\/\",\"logo\":{\"@type\":\"ImageObject\",\"inLanguage\":\"fr-FR\",\"@id\":\"https:\/\/www.magnetenspecialist.nl\/fr\/#\/schema\/logo\/image\/\",\"url\":\"https:\/\/www.magnetenspecialist.nl\/wp-content\/uploads\/2018\/10\/magneten-logo.jpg\",\"contentUrl\":\"https:\/\/www.magnetenspecialist.nl\/wp-content\/uploads\/2018\/10\/magneten-logo.jpg\",\"width\":151,\"height\":151,\"caption\":\"Magnetenspecialist.nl\"},\"image\":{\"@id\":\"https:\/\/www.magnetenspecialist.nl\/fr\/#\/schema\/logo\/image\/\"},\"sameAs\":[\"https:\/\/www.facebook.com\/Magnetenspecialist.nl\",\"https:\/\/x.com\/magnetenspecial\"]}]}<\/script>\n<meta property=\"product:price:amount\" content=\"3.11\" \/>\n<meta property=\"product:price:currency\" content=\"EUR\" \/>\n<meta property=\"og:availability\" content=\"instock\" \/>\n<meta property=\"product:availability\" content=\"instock\" \/>\n<meta property=\"product:retailer_item_id\" content=\"BL030x010x2,5-n\" \/>\n<meta property=\"product:condition\" content=\"new\" \/>\n<!-- \/ Yoast SEO Premium plugin. -->","yoast_head_json":{"title":"Bloc magn\u00e9tique 30 mm (\u00e9poxy) avec rev\u00eatement \u00e9poxy pour la protection","description":"Obtenez des performances optimales avec le bloc magn\u00e9tique 30 x 10 x 2,5 mm, N48 (\u00e9poxy). Id\u00e9al pour les amateurs et les professionnels, essayez-le d\u00e8s aujourd'hui !","robots":{"index":"index","follow":"follow","max-snippet":"max-snippet:-1","max-image-preview":"max-image-preview:large","max-video-preview":"max-video-preview:-1"},"canonical":"https:\/\/www.magnetenspecialist.nl\/fr\/magasin\/parallelepipedes-magnetiques\/bloc-magnetique-30-x-10-x-25-mm-n48-epoxy\/","og_locale":"fr_FR","og_type":"article","og_title":"Bloc magn\u00e9tique en n\u00e9odyme 30x10x2.5 mm - N48 recouvert d'\u00e9poxy","og_description":"Obtenez des performances optimales avec le bloc magn\u00e9tique 30 x 10 x 2,5 mm, N48 (\u00e9poxy). Id\u00e9al pour les amateurs et les professionnels, essayez-le d\u00e8s aujourd'hui !","og_url":"https:\/\/www.magnetenspecialist.nl\/fr\/magasin\/parallelepipedes-magnetiques\/bloc-magnetique-30-x-10-x-25-mm-n48-epoxy\/","og_site_name":"Magnetenspecialist.nl","article_publisher":"https:\/\/www.facebook.com\/Magnetenspecialist.nl","article_modified_time":"2025-04-15T14:27:16+00:00","og_image":[{"width":1179,"height":1158,"url":"https:\/\/www.magnetenspecialist.nl\/wp-content\/uploads\/2024\/06\/143c6bf5-2c65-4f30-94a4-246ec421ea55.png","type":"image\/png"}],"twitter_card":"summary_large_image","twitter_site":"@magnetenspecial","twitter_misc":{"Prix":"&euro;&nbsp;3,11","Disponibilit\u00e9":"En stock"},"schema":{"@context":"https:\/\/schema.org","@graph":[{"@type":"WebPage","@id":"https:\/\/www.magnetenspecialist.nl\/fr\/magasin\/parallelepipedes-magnetiques\/bloc-magnetique-30-x-10-x-25-mm-n48-epoxy\/","url":"https:\/\/www.magnetenspecialist.nl\/fr\/magasin\/parallelepipedes-magnetiques\/bloc-magnetique-30-x-10-x-25-mm-n48-epoxy\/","name":"Bloc magn\u00e9tique 30 mm (\u00e9poxy) avec rev\u00eatement \u00e9poxy pour la protection","isPartOf":{"@id":"https:\/\/www.magnetenspecialist.nl\/fr\/#website"},"primaryImageOfPage":{"@id":"https:\/\/www.magnetenspecialist.nl\/fr\/magasin\/parallelepipedes-magnetiques\/bloc-magnetique-30-x-10-x-25-mm-n48-epoxy\/#primaryimage"},"image":{"@id":"https:\/\/www.magnetenspecialist.nl\/fr\/magasin\/parallelepipedes-magnetiques\/bloc-magnetique-30-x-10-x-25-mm-n48-epoxy\/#primaryimage"},"thumbnailUrl":"https:\/\/www.magnetenspecialist.nl\/wp-content\/uploads\/2024\/06\/143c6bf5-2c65-4f30-94a4-246ec421ea55.png","datePublished":"2024-06-25T10:00:32+00:00","dateModified":"2025-04-15T14:27:16+00:00","description":"Obtenez des performances optimales avec le bloc magn\u00e9tique 30 x 10 x 2,5 mm, N48 (\u00e9poxy). Id\u00e9al pour les amateurs et les professionnels, essayez-le d\u00e8s aujourd'hui !","breadcrumb":{"@id":"https:\/\/www.magnetenspecialist.nl\/fr\/magasin\/parallelepipedes-magnetiques\/bloc-magnetique-30-x-10-x-25-mm-n48-epoxy\/#breadcrumb"},"inLanguage":"fr-FR","potentialAction":[{"@type":"ReadAction","target":["https:\/\/www.magnetenspecialist.nl\/fr\/magasin\/parallelepipedes-magnetiques\/bloc-magnetique-30-x-10-x-25-mm-n48-epoxy\/"]}]},{"@type":"ImageObject","inLanguage":"fr-FR","@id":"https:\/\/www.magnetenspecialist.nl\/fr\/magasin\/parallelepipedes-magnetiques\/bloc-magnetique-30-x-10-x-25-mm-n48-epoxy\/#primaryimage","url":"https:\/\/www.magnetenspecialist.nl\/wp-content\/uploads\/2024\/06\/143c6bf5-2c65-4f30-94a4-246ec421ea55.png","contentUrl":"https:\/\/www.magnetenspecialist.nl\/wp-content\/uploads\/2024\/06\/143c6bf5-2c65-4f30-94a4-246ec421ea55.png","width":1179,"height":1158,"caption":"Compacte en krachtige blokmagneet van 30 x 10 x 2,5 mm met N48 kracht en een epoxy coating voor extra bescherming tegen corrosie"},{"@type":"BreadcrumbList","@id":"https:\/\/www.magnetenspecialist.nl\/fr\/magasin\/parallelepipedes-magnetiques\/bloc-magnetique-30-x-10-x-25-mm-n48-epoxy\/#breadcrumb","itemListElement":[{"@type":"ListItem","position":1,"name":"Accueil","item":"https:\/\/www.magnetenspecialist.nl\/fr\/accueil\/"},{"@type":"ListItem","position":2,"name":"Boutique","item":"https:\/\/www.magnetenspecialist.nl\/fr\/boutique\/"},{"@type":"ListItem","position":3,"name":"Bloc magn\u00e9tique en n\u00e9odyme 30x10x2.5 mm &#8211; N48 recouvert d&#8217;\u00e9poxy"}]},{"@type":"WebSite","@id":"https:\/\/www.magnetenspecialist.nl\/fr\/#website","url":"https:\/\/www.magnetenspecialist.nl\/fr\/","name":"Magnetenspecialist.nl","description":"Vaste gamme d'aimants en n\u00e9odyme","publisher":{"@id":"https:\/\/www.magnetenspecialist.nl\/fr\/#organization"},"potentialAction":[{"@type":"SearchAction","target":{"@type":"EntryPoint","urlTemplate":"https:\/\/www.magnetenspecialist.nl\/fr\/?s={search_term_string}"},"query-input":{"@type":"PropertyValueSpecification","valueRequired":true,"valueName":"search_term_string"}}],"inLanguage":"fr-FR"},{"@type":"Organization","@id":"https:\/\/www.magnetenspecialist.nl\/fr\/#organization","name":"Magnetenspecialist.nl","url":"https:\/\/www.magnetenspecialist.nl\/fr\/","logo":{"@type":"ImageObject","inLanguage":"fr-FR","@id":"https:\/\/www.magnetenspecialist.nl\/fr\/#\/schema\/logo\/image\/","url":"https:\/\/www.magnetenspecialist.nl\/wp-content\/uploads\/2018\/10\/magneten-logo.jpg","contentUrl":"https:\/\/www.magnetenspecialist.nl\/wp-content\/uploads\/2018\/10\/magneten-logo.jpg","width":151,"height":151,"caption":"Magnetenspecialist.nl"},"image":{"@id":"https:\/\/www.magnetenspecialist.nl\/fr\/#\/schema\/logo\/image\/"},"sameAs":["https:\/\/www.facebook.com\/Magnetenspecialist.nl","https:\/\/x.com\/magnetenspecial"]}]},"product_price_amount":"3.11","product_price_currency":"EUR","og_availability":"instock","product_availability":"instock","product_retailer_item_id":"BL030x010x2,5-n","product_condition":"new"},"_links":{"self":[{"href":"https:\/\/www.magnetenspecialist.nl\/fr\/wp-json\/wp\/v2\/product\/131987","targetHints":{"allow":["GET"]}}],"collection":[{"href":"https:\/\/www.magnetenspecialist.nl\/fr\/wp-json\/wp\/v2\/product"}],"about":[{"href":"https:\/\/www.magnetenspecialist.nl\/fr\/wp-json\/wp\/v2\/types\/product"}],"wp:featuredmedia":[{"embeddable":true,"href":"https:\/\/www.magnetenspecialist.nl\/fr\/wp-json\/wp\/v2\/media\/131266"}],"wp:attachment":[{"href":"https:\/\/www.magnetenspecialist.nl\/fr\/wp-json\/wp\/v2\/media?parent=131987"}],"wp:term":[{"taxonomy":"product_brand","embeddable":true,"href":"https:\/\/www.magnetenspecialist.nl\/fr\/wp-json\/wp\/v2\/product_brand?post=131987"},{"taxonomy":"product_cat","embeddable":true,"href":"https:\/\/www.magnetenspecialist.nl\/fr\/wp-json\/wp\/v2\/product_cat?post=131987"},{"taxonomy":"product_tag","embeddable":true,"href":"https:\/\/www.magnetenspecialist.nl\/fr\/wp-json\/wp\/v2\/product_tag?post=131987"}],"curies":[{"name":"wp","href":"https:\/\/api.w.org\/{rel}","templated":true}]}}