{"id":132672,"date":"2024-09-03T11:46:30","date_gmt":"2024-09-03T09:46:30","guid":{"rendered":"https:\/\/www.magnetenspecialist.nl\/winkel\/non class\u00e9\/bloc-magnetique-30-x-10-x-7-mm-n45\/"},"modified":"2025-03-18T15:38:24","modified_gmt":"2025-03-18T14:38:24","slug":"bloc-magnetique-30-x-10-x-7-mm-n45","status":"publish","type":"product","link":"https:\/\/www.magnetenspecialist.nl\/fr\/magasin\/parallelepipedes-magnetiques\/bloc-magnetique-30-x-10-x-7-mm-n45\/","title":{"rendered":"Bloc magn\u00e9tique 30 x 10 x 7 mm, N45"},"content":{"rendered":"<h3>Bloc magn\u00e9tique 30 x 10 x 7 mm, N45<\/h3>\n<p><strong>Description :<\/strong> Ce puissant aimant en forme de bloc de 30 x 10 x 7 mm est fabriqu\u00e9 en n\u00e9odyme de haute qualit\u00e9, l&#8217;aimant commercial le plus puissant actuellement disponible.<br \/>\nAvec une magn\u00e9tisation N45, cet aimant offre un excellent pouvoir de r\u00e9tention, id\u00e9al pour diverses applications.   <\/p>\n<h4>Caract\u00e9ristiques du produit :<\/h4>\n<ul>\n<li><strong>Dimensions<\/strong>: 30 mm (longueur) x 10 mm (largeur) x 7 mm (hauteur)<\/li>\n<li><strong>Mat\u00e9riau<\/strong>: N\u00e9odyme (NdFeB) &#8211; un aimant de terre rare connu pour ses puissantes propri\u00e9t\u00e9s magn\u00e9tiques.<\/li>\n<li><strong>Magn\u00e9tisation<\/strong>: N45 &#8211; Ce chiffre indique la force de l&#8217;aimant ; plus le chiffre est \u00e9lev\u00e9, plus l&#8217;aimant est puissant.<\/li>\n<li><strong>Pouvoir de r\u00e9tention<\/strong>: environ 9 kg &#8211; Cet aimant a un pouvoir de r\u00e9tention impressionnant d&#8217;environ 9 kilogrammes, ce qui signifie qu&#8217;il est capable de retenir fermement des objets lourds dans des conditions id\u00e9ales.<\/li>\n<\/ul>\n<h4>Applications :<\/h4>\n<ul>\n<li><strong>Applications industrielles<\/strong>: Parfait pour une utilisation dans les usines et les ateliers o\u00f9 des aimants puissants sont n\u00e9cessaires pour maintenir des pi\u00e8ces m\u00e9talliques ou des outils.<\/li>\n<li><strong>Montage et construction<\/strong>: Excellent pour la fixation et l&#8217;attachement dans les projets de construction.<\/li>\n<li><strong>Hobby et artisanat<\/strong>: Convient aux projets de bricolage, au mod\u00e9lisme et aux applications artisanales n\u00e9cessitant des aimants puissants.<\/li>\n<li><strong>Attaches magn\u00e9tiques<\/strong>: Elles permettent de fixer des objets sur des surfaces m\u00e9talliques sans avoir recours \u00e0 de la colle ou \u00e0 des vis.<\/li>\n<\/ul>\n<h4>Avantages :<\/h4>\n<ul>\n<li><strong>Des performances puissantes<\/strong>: Gr\u00e2ce \u00e0 la magn\u00e9tisation N45, cet aimant offre des performances fiables dans les applications commerciales et personnelles.<\/li>\n<li><strong>Durable et fiable<\/strong>: Fabriqu\u00e9 en n\u00e9odyme de haute qualit\u00e9, cet aimant est durable et a une longue dur\u00e9e de vie.<\/li>\n<li><strong>Compact et polyvalent<\/strong>: sa taille compacte permet de l&#8217;utiliser dans diverses applications sans encombrer l&#8217;espace.<\/li>\n<\/ul>\n","protected":false},"excerpt":{"rendered":"<p>Bloc magn\u00e9tique 30 x 10 x 7 mm, N45 Description : Ce puissant aimant en forme de bloc de 30 x 10 x 7 mm est fabriqu\u00e9 en n\u00e9odyme de haute qualit\u00e9, l&#8217;aimant commercial le plus puissant actuellement disponible. Avec une magn\u00e9tisation N45, cet aimant offre un excellent pouvoir de r\u00e9tention, id\u00e9al pour diverses applications. [&hellip;]<\/p>\n","protected":false},"featured_media":132605,"template":"","meta":{"_acf_changed":false},"product_brand":[3521],"product_cat":[1376],"product_tag":[3159],"class_list":{"0":"post-132672","1":"product","2":"type-product","3":"status-publish","4":"has-post-thumbnail","6":"product_brand-magnetenspecialist","7":"product_cat-parallelepipedes-magnetiques","8":"product_tag-groep-4-fr","9":"pa_herkomst-chine","10":"pa_houdkracht-9-0-fr","11":"pa_magnetisering-n45-fr","12":"pa_magnetiseringsrichting-axiaal-fr","13":"pa_materiaal-nickele-ni-cu-ni-fr-2","15":"first","16":"instock","17":"taxable","18":"shipping-taxable","19":"purchasable","20":"product-type-simple"},"supplier_id":null,"supplier_sku":"","barcode":null,"atum_controlled":true,"out_stock_date":null,"out_stock_threshold":null,"inheritable":false,"inbound_stock":0,"stock_on_hold":0,"sold_today":4,"sales_last_days":7,"reserved_stock":0,"customer_returns":0,"warehouse_damage":0,"lost_in_post":0,"other_logs":0,"out_stock_days":0,"lost_sales":0,"has_location":false,"update_date":"2026-04-21T09:48:04","atum_locations":[],"atum_stock_status":"instock","restock_status":false,"low_stock_amount":"","sales_update_date":"2026-04-14T18:31:32","calc_backorders":null,"acf":[],"yoast_head":"<!-- This site is optimized with the Yoast SEO Premium plugin v24.7 (Yoast SEO v24.7) - https:\/\/yoast.com\/wordpress\/plugins\/seo\/ -->\n<title>Bloc magn\u00e9tique 30 x 10 x 7 mm, N45 \u2013 Aimant Rectangulaire N\u00e9odyme Puissant N45<\/title>\n<meta name=\"description\" content=\"Vous cherchez un Bloc magn\u00e9tique 30 x 10 x 7 mm, N45? Les aimants peuvent \u00eatre achet\u00e9s facilement en ligne sur Magnetenspecialist.nl \u2713 1 jour ouvrable de d\u00e9lai de livraison \u2713 14 jours de d\u00e9lai de r\u00e9flexion \u2713 Exp\u00e9dition ou enl\u00e8vement *.\" \/>\n<meta name=\"robots\" content=\"index, follow, max-snippet:-1, max-image-preview:large, max-video-preview:-1\" \/>\n<link rel=\"canonical\" href=\"https:\/\/www.magnetenspecialist.nl\/fr\/magasin\/parallelepipedes-magnetiques\/bloc-magnetique-30-x-10-x-7-mm-n45\/\" \/>\n<meta property=\"og:locale\" content=\"fr_FR\" \/>\n<meta property=\"og:type\" content=\"article\" \/>\n<meta property=\"og:title\" content=\"Bloc magn\u00e9tique 30 x 10 x 7 mm, N45 Bloc magn\u00e9tique 30 x 10 x 7 mm, N45\" \/>\n<meta property=\"og:description\" content=\"Mesurant 30 x 10 x 7 mm, ce puissant aimant en forme de bloc est fabriqu\u00e9 en n\u00e9odyme de haute qualit\u00e9, l&#039;aimant commercial le plus puissant actuellement disponible. Avec une magn\u00e9tisation N45, cet aimant offre un excellent pouvoir de r\u00e9tention, id\u00e9al pour diverses applications.\" \/>\n<meta property=\"og:url\" content=\"https:\/\/www.magnetenspecialist.nl\/fr\/magasin\/parallelepipedes-magnetiques\/bloc-magnetique-30-x-10-x-7-mm-n45\/\" \/>\n<meta property=\"og:site_name\" content=\"Magnetenspecialist.nl\" \/>\n<meta property=\"article:publisher\" content=\"https:\/\/www.facebook.com\/Magnetenspecialist.nl\" \/>\n<meta property=\"article:modified_time\" content=\"2025-03-18T14:38:24+00:00\" \/>\n<meta property=\"og:image\" content=\"https:\/\/www.magnetenspecialist.nl\/wp-content\/uploads\/2024\/09\/Magnetenspecialist.nl_Blokmagneet-30-x-10-x-5-mm_2.jpg\" \/>\n\t<meta property=\"og:image:width\" content=\"1500\" \/>\n\t<meta property=\"og:image:height\" content=\"1500\" \/>\n\t<meta property=\"og:image:type\" content=\"image\/jpeg\" \/>\n<meta name=\"twitter:card\" content=\"summary_large_image\" \/>\n<meta name=\"twitter:title\" content=\"Bloc magn\u00e9tique 30 x 10 x 7 mm, N45\" \/>\n<meta name=\"twitter:site\" content=\"@magnetenspecial\" \/>\n<meta name=\"twitter:label1\" content=\"Prix\" \/>\n\t<meta name=\"twitter:data1\" content=\"&euro;&nbsp;4,09\" \/>\n\t<meta name=\"twitter:label2\" content=\"Disponibilit\u00e9\" \/>\n\t<meta name=\"twitter:data2\" content=\"En stock\" \/>\n<script type=\"application\/ld+json\" class=\"yoast-schema-graph\">{\"@context\":\"https:\/\/schema.org\",\"@graph\":[{\"@type\":\"WebPage\",\"@id\":\"https:\/\/www.magnetenspecialist.nl\/fr\/magasin\/parallelepipedes-magnetiques\/bloc-magnetique-30-x-10-x-7-mm-n45\/\",\"url\":\"https:\/\/www.magnetenspecialist.nl\/fr\/magasin\/parallelepipedes-magnetiques\/bloc-magnetique-30-x-10-x-7-mm-n45\/\",\"name\":\"Bloc magn\u00e9tique 30 x 10 x 7 mm, N45 \u2013 Aimant Rectangulaire N\u00e9odyme Puissant N45\",\"isPartOf\":{\"@id\":\"https:\/\/www.magnetenspecialist.nl\/fr\/#website\"},\"primaryImageOfPage\":{\"@id\":\"https:\/\/www.magnetenspecialist.nl\/fr\/magasin\/parallelepipedes-magnetiques\/bloc-magnetique-30-x-10-x-7-mm-n45\/#primaryimage\"},\"image\":{\"@id\":\"https:\/\/www.magnetenspecialist.nl\/fr\/magasin\/parallelepipedes-magnetiques\/bloc-magnetique-30-x-10-x-7-mm-n45\/#primaryimage\"},\"thumbnailUrl\":\"https:\/\/www.magnetenspecialist.nl\/wp-content\/uploads\/2024\/09\/Magnetenspecialist.nl_Blokmagneet-30-x-10-x-5-mm_2.jpg\",\"datePublished\":\"2024-09-03T09:46:30+00:00\",\"dateModified\":\"2025-03-18T14:38:24+00:00\",\"description\":\"Vous cherchez un Bloc magn\u00e9tique 30 x 10 x 7 mm, N45? Les aimants peuvent \u00eatre achet\u00e9s facilement en ligne sur Magnetenspecialist.nl \u2713 1 jour ouvrable de d\u00e9lai de livraison \u2713 14 jours de d\u00e9lai de r\u00e9flexion \u2713 Exp\u00e9dition ou enl\u00e8vement *.\",\"breadcrumb\":{\"@id\":\"https:\/\/www.magnetenspecialist.nl\/fr\/magasin\/parallelepipedes-magnetiques\/bloc-magnetique-30-x-10-x-7-mm-n45\/#breadcrumb\"},\"inLanguage\":\"fr-FR\",\"potentialAction\":[{\"@type\":\"ReadAction\",\"target\":[\"https:\/\/www.magnetenspecialist.nl\/fr\/magasin\/parallelepipedes-magnetiques\/bloc-magnetique-30-x-10-x-7-mm-n45\/\"]}]},{\"@type\":\"ImageObject\",\"inLanguage\":\"fr-FR\",\"@id\":\"https:\/\/www.magnetenspecialist.nl\/fr\/magasin\/parallelepipedes-magnetiques\/bloc-magnetique-30-x-10-x-7-mm-n45\/#primaryimage\",\"url\":\"https:\/\/www.magnetenspecialist.nl\/wp-content\/uploads\/2024\/09\/Magnetenspecialist.nl_Blokmagneet-30-x-10-x-5-mm_2.jpg\",\"contentUrl\":\"https:\/\/www.magnetenspecialist.nl\/wp-content\/uploads\/2024\/09\/Magnetenspecialist.nl_Blokmagneet-30-x-10-x-5-mm_2.jpg\",\"width\":1500,\"height\":1500},{\"@type\":\"BreadcrumbList\",\"@id\":\"https:\/\/www.magnetenspecialist.nl\/fr\/magasin\/parallelepipedes-magnetiques\/bloc-magnetique-30-x-10-x-7-mm-n45\/#breadcrumb\",\"itemListElement\":[{\"@type\":\"ListItem\",\"position\":1,\"name\":\"Accueil\",\"item\":\"https:\/\/www.magnetenspecialist.nl\/fr\/accueil\/\"},{\"@type\":\"ListItem\",\"position\":2,\"name\":\"Boutique\",\"item\":\"https:\/\/www.magnetenspecialist.nl\/fr\/boutique\/\"},{\"@type\":\"ListItem\",\"position\":3,\"name\":\"Bloc magn\u00e9tique 30 x 10 x 7 mm, N45\"}]},{\"@type\":\"WebSite\",\"@id\":\"https:\/\/www.magnetenspecialist.nl\/fr\/#website\",\"url\":\"https:\/\/www.magnetenspecialist.nl\/fr\/\",\"name\":\"Magnetenspecialist.nl\",\"description\":\"Vaste gamme d'aimants en n\u00e9odyme\",\"publisher\":{\"@id\":\"https:\/\/www.magnetenspecialist.nl\/fr\/#organization\"},\"potentialAction\":[{\"@type\":\"SearchAction\",\"target\":{\"@type\":\"EntryPoint\",\"urlTemplate\":\"https:\/\/www.magnetenspecialist.nl\/fr\/?s={search_term_string}\"},\"query-input\":{\"@type\":\"PropertyValueSpecification\",\"valueRequired\":true,\"valueName\":\"search_term_string\"}}],\"inLanguage\":\"fr-FR\"},{\"@type\":\"Organization\",\"@id\":\"https:\/\/www.magnetenspecialist.nl\/fr\/#organization\",\"name\":\"Magnetenspecialist.nl\",\"url\":\"https:\/\/www.magnetenspecialist.nl\/fr\/\",\"logo\":{\"@type\":\"ImageObject\",\"inLanguage\":\"fr-FR\",\"@id\":\"https:\/\/www.magnetenspecialist.nl\/fr\/#\/schema\/logo\/image\/\",\"url\":\"https:\/\/www.magnetenspecialist.nl\/wp-content\/uploads\/2018\/10\/magneten-logo.jpg\",\"contentUrl\":\"https:\/\/www.magnetenspecialist.nl\/wp-content\/uploads\/2018\/10\/magneten-logo.jpg\",\"width\":151,\"height\":151,\"caption\":\"Magnetenspecialist.nl\"},\"image\":{\"@id\":\"https:\/\/www.magnetenspecialist.nl\/fr\/#\/schema\/logo\/image\/\"},\"sameAs\":[\"https:\/\/www.facebook.com\/Magnetenspecialist.nl\",\"https:\/\/x.com\/magnetenspecial\"]}]}<\/script>\n<meta property=\"product:price:amount\" content=\"4.09\" \/>\n<meta property=\"product:price:currency\" content=\"EUR\" \/>\n<meta property=\"og:availability\" content=\"instock\" \/>\n<meta property=\"product:availability\" content=\"instock\" \/>\n<meta property=\"product:retailer_item_id\" content=\"BL030x010x007-N\" \/>\n<meta property=\"product:condition\" content=\"new\" \/>\n<!-- \/ Yoast SEO Premium plugin. -->","yoast_head_json":{"title":"Bloc magn\u00e9tique 30 x 10 x 7 mm, N45 \u2013 Aimant Rectangulaire N\u00e9odyme Puissant N45","description":"Vous cherchez un Bloc magn\u00e9tique 30 x 10 x 7 mm, N45? Les aimants peuvent \u00eatre achet\u00e9s facilement en ligne sur Magnetenspecialist.nl \u2713 1 jour ouvrable de d\u00e9lai de livraison \u2713 14 jours de d\u00e9lai de r\u00e9flexion \u2713 Exp\u00e9dition ou enl\u00e8vement *.","robots":{"index":"index","follow":"follow","max-snippet":"max-snippet:-1","max-image-preview":"max-image-preview:large","max-video-preview":"max-video-preview:-1"},"canonical":"https:\/\/www.magnetenspecialist.nl\/fr\/magasin\/parallelepipedes-magnetiques\/bloc-magnetique-30-x-10-x-7-mm-n45\/","og_locale":"fr_FR","og_type":"article","og_title":"Bloc magn\u00e9tique 30 x 10 x 7 mm, N45 Bloc magn\u00e9tique 30 x 10 x 7 mm, N45","og_description":"Mesurant 30 x 10 x 7 mm, ce puissant aimant en forme de bloc est fabriqu\u00e9 en n\u00e9odyme de haute qualit\u00e9, l'aimant commercial le plus puissant actuellement disponible. Avec une magn\u00e9tisation N45, cet aimant offre un excellent pouvoir de r\u00e9tention, id\u00e9al pour diverses applications.","og_url":"https:\/\/www.magnetenspecialist.nl\/fr\/magasin\/parallelepipedes-magnetiques\/bloc-magnetique-30-x-10-x-7-mm-n45\/","og_site_name":"Magnetenspecialist.nl","article_publisher":"https:\/\/www.facebook.com\/Magnetenspecialist.nl","article_modified_time":"2025-03-18T14:38:24+00:00","og_image":[{"width":1500,"height":1500,"url":"https:\/\/www.magnetenspecialist.nl\/wp-content\/uploads\/2024\/09\/Magnetenspecialist.nl_Blokmagneet-30-x-10-x-5-mm_2.jpg","type":"image\/jpeg"}],"twitter_card":"summary_large_image","twitter_title":"Bloc magn\u00e9tique 30 x 10 x 7 mm, N45","twitter_site":"@magnetenspecial","twitter_misc":{"Prix":"&euro;&nbsp;4,09","Disponibilit\u00e9":"En stock"},"schema":{"@context":"https:\/\/schema.org","@graph":[{"@type":"WebPage","@id":"https:\/\/www.magnetenspecialist.nl\/fr\/magasin\/parallelepipedes-magnetiques\/bloc-magnetique-30-x-10-x-7-mm-n45\/","url":"https:\/\/www.magnetenspecialist.nl\/fr\/magasin\/parallelepipedes-magnetiques\/bloc-magnetique-30-x-10-x-7-mm-n45\/","name":"Bloc magn\u00e9tique 30 x 10 x 7 mm, N45 \u2013 Aimant Rectangulaire N\u00e9odyme Puissant N45","isPartOf":{"@id":"https:\/\/www.magnetenspecialist.nl\/fr\/#website"},"primaryImageOfPage":{"@id":"https:\/\/www.magnetenspecialist.nl\/fr\/magasin\/parallelepipedes-magnetiques\/bloc-magnetique-30-x-10-x-7-mm-n45\/#primaryimage"},"image":{"@id":"https:\/\/www.magnetenspecialist.nl\/fr\/magasin\/parallelepipedes-magnetiques\/bloc-magnetique-30-x-10-x-7-mm-n45\/#primaryimage"},"thumbnailUrl":"https:\/\/www.magnetenspecialist.nl\/wp-content\/uploads\/2024\/09\/Magnetenspecialist.nl_Blokmagneet-30-x-10-x-5-mm_2.jpg","datePublished":"2024-09-03T09:46:30+00:00","dateModified":"2025-03-18T14:38:24+00:00","description":"Vous cherchez un Bloc magn\u00e9tique 30 x 10 x 7 mm, N45? Les aimants peuvent \u00eatre achet\u00e9s facilement en ligne sur Magnetenspecialist.nl \u2713 1 jour ouvrable de d\u00e9lai de livraison \u2713 14 jours de d\u00e9lai de r\u00e9flexion \u2713 Exp\u00e9dition ou enl\u00e8vement *.","breadcrumb":{"@id":"https:\/\/www.magnetenspecialist.nl\/fr\/magasin\/parallelepipedes-magnetiques\/bloc-magnetique-30-x-10-x-7-mm-n45\/#breadcrumb"},"inLanguage":"fr-FR","potentialAction":[{"@type":"ReadAction","target":["https:\/\/www.magnetenspecialist.nl\/fr\/magasin\/parallelepipedes-magnetiques\/bloc-magnetique-30-x-10-x-7-mm-n45\/"]}]},{"@type":"ImageObject","inLanguage":"fr-FR","@id":"https:\/\/www.magnetenspecialist.nl\/fr\/magasin\/parallelepipedes-magnetiques\/bloc-magnetique-30-x-10-x-7-mm-n45\/#primaryimage","url":"https:\/\/www.magnetenspecialist.nl\/wp-content\/uploads\/2024\/09\/Magnetenspecialist.nl_Blokmagneet-30-x-10-x-5-mm_2.jpg","contentUrl":"https:\/\/www.magnetenspecialist.nl\/wp-content\/uploads\/2024\/09\/Magnetenspecialist.nl_Blokmagneet-30-x-10-x-5-mm_2.jpg","width":1500,"height":1500},{"@type":"BreadcrumbList","@id":"https:\/\/www.magnetenspecialist.nl\/fr\/magasin\/parallelepipedes-magnetiques\/bloc-magnetique-30-x-10-x-7-mm-n45\/#breadcrumb","itemListElement":[{"@type":"ListItem","position":1,"name":"Accueil","item":"https:\/\/www.magnetenspecialist.nl\/fr\/accueil\/"},{"@type":"ListItem","position":2,"name":"Boutique","item":"https:\/\/www.magnetenspecialist.nl\/fr\/boutique\/"},{"@type":"ListItem","position":3,"name":"Bloc magn\u00e9tique 30 x 10 x 7 mm, N45"}]},{"@type":"WebSite","@id":"https:\/\/www.magnetenspecialist.nl\/fr\/#website","url":"https:\/\/www.magnetenspecialist.nl\/fr\/","name":"Magnetenspecialist.nl","description":"Vaste gamme d'aimants en n\u00e9odyme","publisher":{"@id":"https:\/\/www.magnetenspecialist.nl\/fr\/#organization"},"potentialAction":[{"@type":"SearchAction","target":{"@type":"EntryPoint","urlTemplate":"https:\/\/www.magnetenspecialist.nl\/fr\/?s={search_term_string}"},"query-input":{"@type":"PropertyValueSpecification","valueRequired":true,"valueName":"search_term_string"}}],"inLanguage":"fr-FR"},{"@type":"Organization","@id":"https:\/\/www.magnetenspecialist.nl\/fr\/#organization","name":"Magnetenspecialist.nl","url":"https:\/\/www.magnetenspecialist.nl\/fr\/","logo":{"@type":"ImageObject","inLanguage":"fr-FR","@id":"https:\/\/www.magnetenspecialist.nl\/fr\/#\/schema\/logo\/image\/","url":"https:\/\/www.magnetenspecialist.nl\/wp-content\/uploads\/2018\/10\/magneten-logo.jpg","contentUrl":"https:\/\/www.magnetenspecialist.nl\/wp-content\/uploads\/2018\/10\/magneten-logo.jpg","width":151,"height":151,"caption":"Magnetenspecialist.nl"},"image":{"@id":"https:\/\/www.magnetenspecialist.nl\/fr\/#\/schema\/logo\/image\/"},"sameAs":["https:\/\/www.facebook.com\/Magnetenspecialist.nl","https:\/\/x.com\/magnetenspecial"]}]},"product_price_amount":"4.09","product_price_currency":"EUR","og_availability":"instock","product_availability":"instock","product_retailer_item_id":"BL030x010x007-N","product_condition":"new"},"_links":{"self":[{"href":"https:\/\/www.magnetenspecialist.nl\/fr\/wp-json\/wp\/v2\/product\/132672","targetHints":{"allow":["GET"]}}],"collection":[{"href":"https:\/\/www.magnetenspecialist.nl\/fr\/wp-json\/wp\/v2\/product"}],"about":[{"href":"https:\/\/www.magnetenspecialist.nl\/fr\/wp-json\/wp\/v2\/types\/product"}],"wp:featuredmedia":[{"embeddable":true,"href":"https:\/\/www.magnetenspecialist.nl\/fr\/wp-json\/wp\/v2\/media\/132605"}],"wp:attachment":[{"href":"https:\/\/www.magnetenspecialist.nl\/fr\/wp-json\/wp\/v2\/media?parent=132672"}],"wp:term":[{"taxonomy":"product_brand","embeddable":true,"href":"https:\/\/www.magnetenspecialist.nl\/fr\/wp-json\/wp\/v2\/product_brand?post=132672"},{"taxonomy":"product_cat","embeddable":true,"href":"https:\/\/www.magnetenspecialist.nl\/fr\/wp-json\/wp\/v2\/product_cat?post=132672"},{"taxonomy":"product_tag","embeddable":true,"href":"https:\/\/www.magnetenspecialist.nl\/fr\/wp-json\/wp\/v2\/product_tag?post=132672"}],"curies":[{"name":"wp","href":"https:\/\/api.w.org\/{rel}","templated":true}]}}