{"id":133589,"date":"2024-10-07T17:06:10","date_gmt":"2024-10-07T15:06:10","guid":{"rendered":"https:\/\/www.magnetenspecialist.nl\/winkel\/non class\u00e9\/aimant-annulaire-d-175-x-h-475-mm-avec-gaine-en-plastique-et-trou-de-fraisage\/"},"modified":"2025-09-07T19:24:40","modified_gmt":"2025-09-07T17:24:40","slug":"aimant-annulaire-d-175-x-h-475-mm-avec-gaine-en-plastique-et-trou-de-fraisage","status":"publish","type":"product","link":"https:\/\/www.magnetenspecialist.nl\/fr\/magasin\/anneaux-magnetiques\/aimant-annulaire-d-175-x-h-475-mm-avec-gaine-en-plastique-et-trou-de-fraisage\/","title":{"rendered":"Aimant annulaire (D) 17,5 x (H) 4,75 MM avec gaine en plastique et trou de fraisage"},"content":{"rendered":"<p>D<strong>escription<\/strong> Aimant annulaire en n\u00e9odyme 17,5 x 4,75 mm avec gaine en plastique et trou de fixation D\u00e9couvrez notre aimant annulaire en n\u00e9odyme de 17,5 mm de diam\u00e8tre et de 4,75 mm de hauteur, con\u00e7u pour une utilisation polyvalente \u00e0 l&#8217;int\u00e9rieur comme \u00e0 l&#8217;ext\u00e9rieur. Ce puissant aimant est dot\u00e9 d&#8217;une gaine en plastique polypropyl\u00e8ne durable qui offre une protection suppl\u00e9mentaire contre la rouille et l&#8217;usure. Un trou de fixation permet de monter facilement l&#8217;aimant \u00e0 l&#8217;aide d&#8217;une vis, ce qui est id\u00e9al pour un grand nombre d&#8217;applications. Contrairement aux aimants n\u00e9odyme standard, cette variante est plus r\u00e9sistante \u00e0 l&#8217;humidit\u00e9 et aux influences ext\u00e9rieures, ce qui la rend id\u00e9ale pour les applications ext\u00e9rieures telles que les bateaux, la construction navale, les salles de bain et les camping-cars. Le rev\u00eatement en plastique r\u00e9duit le risque de rupture, ce qui prolonge la dur\u00e9e de vie de l&#8217;aimant et le rend adapt\u00e9 \u00e0 une utilisation \u00e0 long terme dans des environnements exigeants.<\/p>\n<p><strong>Description technique :<\/strong><\/p>\n<ul>\n<li>Mat\u00e9riau : N\u00e9odyme (NdFeB)<\/li>\n<li>Bo\u00eetier : plastique polypropyl\u00e8ne<\/li>\n<li>Dimensions : 17,5 mm (diam\u00e8tre) x 4,75 mm (hauteur)<\/li>\n<li>Force de maintien : 1,6 kg<\/li>\n<li>Nombre de trous frais\u00e9s : 1 (convient \u00e0 la fixation par vis)<\/li>\n<li>Poids : 4 grammes<\/li>\n<li>R\u00e9sistance \u00e0 la corrosion : inoxydable, id\u00e9al pour les environnements humides<\/li>\n<li>Applications : Convient \u00e0 l&#8217;utilisation en ext\u00e9rieur, \u00e0 la construction navale, aux salles de bains, aux camping-cars et aux applications industrielles.<\/li>\n<li>Origine : fabriqu\u00e9 en Chine<\/li>\n<\/ul>\n","protected":false},"excerpt":{"rendered":"<p>Description Aimant annulaire en n\u00e9odyme 17,5 x 4,75 mm avec gaine en plastique et trou de fixation D\u00e9couvrez notre aimant annulaire en n\u00e9odyme de 17,5 mm de diam\u00e8tre et de 4,75 mm de hauteur, con\u00e7u pour une utilisation polyvalente \u00e0 l&#8217;int\u00e9rieur comme \u00e0 l&#8217;ext\u00e9rieur. Ce puissant aimant est dot\u00e9 d&#8217;une gaine en plastique polypropyl\u00e8ne durable [&hellip;]<\/p>\n","protected":false},"featured_media":133561,"template":"","meta":{"_acf_changed":false},"product_brand":[3521],"product_cat":[1397],"product_tag":[3157],"class_list":{"0":"post-133589","1":"product","2":"type-product","3":"status-publish","4":"has-post-thumbnail","6":"product_brand-magnetenspecialist","7":"product_cat-anneaux-magnetiques","8":"product_tag-groep-2-fr","9":"pa_magnetisering-n45-fr","11":"first","12":"instock","13":"taxable","14":"shipping-taxable","15":"purchasable","16":"product-type-simple"},"supplier_id":null,"supplier_sku":"","barcode":null,"atum_controlled":true,"out_stock_date":null,"out_stock_threshold":null,"inheritable":false,"inbound_stock":0,"stock_on_hold":0,"sold_today":12,"sales_last_days":19,"reserved_stock":0,"customer_returns":0,"warehouse_damage":0,"lost_in_post":0,"other_logs":0,"out_stock_days":0,"lost_sales":0,"has_location":false,"update_date":"2026-04-21T14:01:05","atum_locations":[],"atum_stock_status":"instock","restock_status":false,"low_stock_amount":750,"sales_update_date":"2026-04-09T11:42:45","calc_backorders":null,"acf":[],"yoast_head":"<!-- This site is optimized with the Yoast SEO Premium plugin v24.7 (Yoast SEO v24.7) - https:\/\/yoast.com\/wordpress\/plugins\/seo\/ -->\n<title>Aimant Annulaire 17,5 x 4,75mm avec Gaine en Plastique et Trou de Fraisage - Id\u00e9al pour Fixations Pr\u00e9cises<\/title>\n<meta name=\"description\" content=\"Vous cherchez un Aimant annulaire (D) 17,5 x (H) 4,75 MM avec gaine en plastique et trou de fraisage? Les aimants peuvent \u00eatre achet\u00e9s facilement en ligne sur Magnetenspecialist.nl \u2713 1 jour ouvrable de d\u00e9lai de livraison \u2713 14 jours de d\u00e9lai de r\u00e9flexion \u2713 Exp\u00e9dition ou enl\u00e8vement *.\" \/>\n<meta name=\"robots\" content=\"index, follow, max-snippet:-1, max-image-preview:large, max-video-preview:-1\" \/>\n<link rel=\"canonical\" href=\"https:\/\/www.magnetenspecialist.nl\/fr\/magasin\/anneaux-magnetiques\/aimant-annulaire-d-175-x-h-475-mm-avec-gaine-en-plastique-et-trou-de-fraisage\/\" \/>\n<meta property=\"og:locale\" content=\"fr_FR\" \/>\n<meta property=\"og:type\" content=\"article\" \/>\n<meta property=\"og:title\" content=\"Aimant annulaire (D) 17,5 x (H) 4,75 MM avec gaine en plastique et trou de fraisage\" \/>\n<meta property=\"og:description\" content=\"Vous cherchez un Aimant annulaire (D) 17,5 x (H) 4,75 MM avec gaine en plastique et trou de fraisage? Les aimants peuvent \u00eatre achet\u00e9s facilement en ligne sur Magnetenspecialist.nl \u2713 1 jour ouvrable de d\u00e9lai de livraison \u2713 14 jours de d\u00e9lai de r\u00e9flexion \u2713 Exp\u00e9dition ou enl\u00e8vement *.\" \/>\n<meta property=\"og:url\" content=\"https:\/\/www.magnetenspecialist.nl\/fr\/magasin\/anneaux-magnetiques\/aimant-annulaire-d-175-x-h-475-mm-avec-gaine-en-plastique-et-trou-de-fraisage\/\" \/>\n<meta property=\"og:site_name\" content=\"Magnetenspecialist.nl\" \/>\n<meta property=\"article:publisher\" content=\"https:\/\/www.facebook.com\/Magnetenspecialist.nl\" \/>\n<meta property=\"article:modified_time\" content=\"2025-09-07T17:24:40+00:00\" \/>\n<meta property=\"og:image\" content=\"https:\/\/www.magnetenspecialist.nl\/wp-content\/uploads\/2024\/10\/Ontwerp-zonder-titel-26.png\" \/>\n\t<meta property=\"og:image:width\" content=\"1080\" \/>\n\t<meta property=\"og:image:height\" content=\"1080\" \/>\n\t<meta property=\"og:image:type\" content=\"image\/png\" \/>\n<meta name=\"twitter:card\" content=\"summary_large_image\" \/>\n<meta name=\"twitter:site\" content=\"@magnetenspecial\" \/>\n<meta name=\"twitter:label1\" content=\"Prix\" \/>\n\t<meta name=\"twitter:data1\" content=\"&euro;&nbsp;2,41\" \/>\n\t<meta name=\"twitter:label2\" content=\"Disponibilit\u00e9\" \/>\n\t<meta name=\"twitter:data2\" content=\"En stock\" \/>\n<script type=\"application\/ld+json\" class=\"yoast-schema-graph\">{\"@context\":\"https:\/\/schema.org\",\"@graph\":[{\"@type\":\"WebPage\",\"@id\":\"https:\/\/www.magnetenspecialist.nl\/fr\/magasin\/anneaux-magnetiques\/aimant-annulaire-d-175-x-h-475-mm-avec-gaine-en-plastique-et-trou-de-fraisage\/\",\"url\":\"https:\/\/www.magnetenspecialist.nl\/fr\/magasin\/anneaux-magnetiques\/aimant-annulaire-d-175-x-h-475-mm-avec-gaine-en-plastique-et-trou-de-fraisage\/\",\"name\":\"Aimant Annulaire 17,5 x 4,75mm avec Gaine en Plastique et Trou de Fraisage - Id\u00e9al pour Fixations Pr\u00e9cises\",\"isPartOf\":{\"@id\":\"https:\/\/www.magnetenspecialist.nl\/fr\/#website\"},\"primaryImageOfPage\":{\"@id\":\"https:\/\/www.magnetenspecialist.nl\/fr\/magasin\/anneaux-magnetiques\/aimant-annulaire-d-175-x-h-475-mm-avec-gaine-en-plastique-et-trou-de-fraisage\/#primaryimage\"},\"image\":{\"@id\":\"https:\/\/www.magnetenspecialist.nl\/fr\/magasin\/anneaux-magnetiques\/aimant-annulaire-d-175-x-h-475-mm-avec-gaine-en-plastique-et-trou-de-fraisage\/#primaryimage\"},\"thumbnailUrl\":\"https:\/\/www.magnetenspecialist.nl\/wp-content\/uploads\/2024\/10\/Ontwerp-zonder-titel-26.png\",\"datePublished\":\"2024-10-07T15:06:10+00:00\",\"dateModified\":\"2025-09-07T17:24:40+00:00\",\"description\":\"Vous cherchez un Aimant annulaire (D) 17,5 x (H) 4,75 MM avec gaine en plastique et trou de fraisage? Les aimants peuvent \u00eatre achet\u00e9s facilement en ligne sur Magnetenspecialist.nl \u2713 1 jour ouvrable de d\u00e9lai de livraison \u2713 14 jours de d\u00e9lai de r\u00e9flexion \u2713 Exp\u00e9dition ou enl\u00e8vement *.\",\"breadcrumb\":{\"@id\":\"https:\/\/www.magnetenspecialist.nl\/fr\/magasin\/anneaux-magnetiques\/aimant-annulaire-d-175-x-h-475-mm-avec-gaine-en-plastique-et-trou-de-fraisage\/#breadcrumb\"},\"inLanguage\":\"fr-FR\",\"potentialAction\":[{\"@type\":\"ReadAction\",\"target\":[\"https:\/\/www.magnetenspecialist.nl\/fr\/magasin\/anneaux-magnetiques\/aimant-annulaire-d-175-x-h-475-mm-avec-gaine-en-plastique-et-trou-de-fraisage\/\"]}]},{\"@type\":\"ImageObject\",\"inLanguage\":\"fr-FR\",\"@id\":\"https:\/\/www.magnetenspecialist.nl\/fr\/magasin\/anneaux-magnetiques\/aimant-annulaire-d-175-x-h-475-mm-avec-gaine-en-plastique-et-trou-de-fraisage\/#primaryimage\",\"url\":\"https:\/\/www.magnetenspecialist.nl\/wp-content\/uploads\/2024\/10\/Ontwerp-zonder-titel-26.png\",\"contentUrl\":\"https:\/\/www.magnetenspecialist.nl\/wp-content\/uploads\/2024\/10\/Ontwerp-zonder-titel-26.png\",\"width\":1080,\"height\":1080,\"caption\":\"Vooraanzicht van de neodymium ringmagneet (D) 17,5 x (H) 4,75 mm, beschermd met een polypropyleen kunststofmantel en uitgerust met een verzonken gat voor eenvoudige montage.\"},{\"@type\":\"BreadcrumbList\",\"@id\":\"https:\/\/www.magnetenspecialist.nl\/fr\/magasin\/anneaux-magnetiques\/aimant-annulaire-d-175-x-h-475-mm-avec-gaine-en-plastique-et-trou-de-fraisage\/#breadcrumb\",\"itemListElement\":[{\"@type\":\"ListItem\",\"position\":1,\"name\":\"Accueil\",\"item\":\"https:\/\/www.magnetenspecialist.nl\/fr\/accueil\/\"},{\"@type\":\"ListItem\",\"position\":2,\"name\":\"Boutique\",\"item\":\"https:\/\/www.magnetenspecialist.nl\/fr\/boutique\/\"},{\"@type\":\"ListItem\",\"position\":3,\"name\":\"Aimant annulaire (D) 17,5 x (H) 4,75 MM avec gaine en plastique et trou de fraisage\"}]},{\"@type\":\"WebSite\",\"@id\":\"https:\/\/www.magnetenspecialist.nl\/fr\/#website\",\"url\":\"https:\/\/www.magnetenspecialist.nl\/fr\/\",\"name\":\"Magnetenspecialist.nl\",\"description\":\"Vaste gamme d'aimants en n\u00e9odyme\",\"publisher\":{\"@id\":\"https:\/\/www.magnetenspecialist.nl\/fr\/#organization\"},\"potentialAction\":[{\"@type\":\"SearchAction\",\"target\":{\"@type\":\"EntryPoint\",\"urlTemplate\":\"https:\/\/www.magnetenspecialist.nl\/fr\/?s={search_term_string}\"},\"query-input\":{\"@type\":\"PropertyValueSpecification\",\"valueRequired\":true,\"valueName\":\"search_term_string\"}}],\"inLanguage\":\"fr-FR\"},{\"@type\":\"Organization\",\"@id\":\"https:\/\/www.magnetenspecialist.nl\/fr\/#organization\",\"name\":\"Magnetenspecialist.nl\",\"url\":\"https:\/\/www.magnetenspecialist.nl\/fr\/\",\"logo\":{\"@type\":\"ImageObject\",\"inLanguage\":\"fr-FR\",\"@id\":\"https:\/\/www.magnetenspecialist.nl\/fr\/#\/schema\/logo\/image\/\",\"url\":\"https:\/\/www.magnetenspecialist.nl\/wp-content\/uploads\/2018\/10\/magneten-logo.jpg\",\"contentUrl\":\"https:\/\/www.magnetenspecialist.nl\/wp-content\/uploads\/2018\/10\/magneten-logo.jpg\",\"width\":151,\"height\":151,\"caption\":\"Magnetenspecialist.nl\"},\"image\":{\"@id\":\"https:\/\/www.magnetenspecialist.nl\/fr\/#\/schema\/logo\/image\/\"},\"sameAs\":[\"https:\/\/www.facebook.com\/Magnetenspecialist.nl\",\"https:\/\/x.com\/magnetenspecial\"]}]}<\/script>\n<meta property=\"product:price:amount\" content=\"2.41\" \/>\n<meta property=\"product:price:currency\" content=\"EUR\" \/>\n<meta property=\"og:availability\" content=\"instock\" \/>\n<meta property=\"product:availability\" content=\"instock\" \/>\n<meta property=\"product:retailer_item_id\" content=\"Ri0175x475-1SL\" \/>\n<meta property=\"product:condition\" content=\"new\" \/>\n<!-- \/ Yoast SEO Premium plugin. -->","yoast_head_json":{"title":"Aimant Annulaire 17,5 x 4,75mm avec Gaine en Plastique et Trou de Fraisage - Id\u00e9al pour Fixations Pr\u00e9cises","description":"Vous cherchez un Aimant annulaire (D) 17,5 x (H) 4,75 MM avec gaine en plastique et trou de fraisage? Les aimants peuvent \u00eatre achet\u00e9s facilement en ligne sur Magnetenspecialist.nl \u2713 1 jour ouvrable de d\u00e9lai de livraison \u2713 14 jours de d\u00e9lai de r\u00e9flexion \u2713 Exp\u00e9dition ou enl\u00e8vement *.","robots":{"index":"index","follow":"follow","max-snippet":"max-snippet:-1","max-image-preview":"max-image-preview:large","max-video-preview":"max-video-preview:-1"},"canonical":"https:\/\/www.magnetenspecialist.nl\/fr\/magasin\/anneaux-magnetiques\/aimant-annulaire-d-175-x-h-475-mm-avec-gaine-en-plastique-et-trou-de-fraisage\/","og_locale":"fr_FR","og_type":"article","og_title":"Aimant annulaire (D) 17,5 x (H) 4,75 MM avec gaine en plastique et trou de fraisage","og_description":"Vous cherchez un Aimant annulaire (D) 17,5 x (H) 4,75 MM avec gaine en plastique et trou de fraisage? Les aimants peuvent \u00eatre achet\u00e9s facilement en ligne sur Magnetenspecialist.nl \u2713 1 jour ouvrable de d\u00e9lai de livraison \u2713 14 jours de d\u00e9lai de r\u00e9flexion \u2713 Exp\u00e9dition ou enl\u00e8vement *.","og_url":"https:\/\/www.magnetenspecialist.nl\/fr\/magasin\/anneaux-magnetiques\/aimant-annulaire-d-175-x-h-475-mm-avec-gaine-en-plastique-et-trou-de-fraisage\/","og_site_name":"Magnetenspecialist.nl","article_publisher":"https:\/\/www.facebook.com\/Magnetenspecialist.nl","article_modified_time":"2025-09-07T17:24:40+00:00","og_image":[{"width":1080,"height":1080,"url":"https:\/\/www.magnetenspecialist.nl\/wp-content\/uploads\/2024\/10\/Ontwerp-zonder-titel-26.png","type":"image\/png"}],"twitter_card":"summary_large_image","twitter_site":"@magnetenspecial","twitter_misc":{"Prix":"&euro;&nbsp;2,41","Disponibilit\u00e9":"En stock"},"schema":{"@context":"https:\/\/schema.org","@graph":[{"@type":"WebPage","@id":"https:\/\/www.magnetenspecialist.nl\/fr\/magasin\/anneaux-magnetiques\/aimant-annulaire-d-175-x-h-475-mm-avec-gaine-en-plastique-et-trou-de-fraisage\/","url":"https:\/\/www.magnetenspecialist.nl\/fr\/magasin\/anneaux-magnetiques\/aimant-annulaire-d-175-x-h-475-mm-avec-gaine-en-plastique-et-trou-de-fraisage\/","name":"Aimant Annulaire 17,5 x 4,75mm avec Gaine en Plastique et Trou de Fraisage - Id\u00e9al pour Fixations Pr\u00e9cises","isPartOf":{"@id":"https:\/\/www.magnetenspecialist.nl\/fr\/#website"},"primaryImageOfPage":{"@id":"https:\/\/www.magnetenspecialist.nl\/fr\/magasin\/anneaux-magnetiques\/aimant-annulaire-d-175-x-h-475-mm-avec-gaine-en-plastique-et-trou-de-fraisage\/#primaryimage"},"image":{"@id":"https:\/\/www.magnetenspecialist.nl\/fr\/magasin\/anneaux-magnetiques\/aimant-annulaire-d-175-x-h-475-mm-avec-gaine-en-plastique-et-trou-de-fraisage\/#primaryimage"},"thumbnailUrl":"https:\/\/www.magnetenspecialist.nl\/wp-content\/uploads\/2024\/10\/Ontwerp-zonder-titel-26.png","datePublished":"2024-10-07T15:06:10+00:00","dateModified":"2025-09-07T17:24:40+00:00","description":"Vous cherchez un Aimant annulaire (D) 17,5 x (H) 4,75 MM avec gaine en plastique et trou de fraisage? Les aimants peuvent \u00eatre achet\u00e9s facilement en ligne sur Magnetenspecialist.nl \u2713 1 jour ouvrable de d\u00e9lai de livraison \u2713 14 jours de d\u00e9lai de r\u00e9flexion \u2713 Exp\u00e9dition ou enl\u00e8vement *.","breadcrumb":{"@id":"https:\/\/www.magnetenspecialist.nl\/fr\/magasin\/anneaux-magnetiques\/aimant-annulaire-d-175-x-h-475-mm-avec-gaine-en-plastique-et-trou-de-fraisage\/#breadcrumb"},"inLanguage":"fr-FR","potentialAction":[{"@type":"ReadAction","target":["https:\/\/www.magnetenspecialist.nl\/fr\/magasin\/anneaux-magnetiques\/aimant-annulaire-d-175-x-h-475-mm-avec-gaine-en-plastique-et-trou-de-fraisage\/"]}]},{"@type":"ImageObject","inLanguage":"fr-FR","@id":"https:\/\/www.magnetenspecialist.nl\/fr\/magasin\/anneaux-magnetiques\/aimant-annulaire-d-175-x-h-475-mm-avec-gaine-en-plastique-et-trou-de-fraisage\/#primaryimage","url":"https:\/\/www.magnetenspecialist.nl\/wp-content\/uploads\/2024\/10\/Ontwerp-zonder-titel-26.png","contentUrl":"https:\/\/www.magnetenspecialist.nl\/wp-content\/uploads\/2024\/10\/Ontwerp-zonder-titel-26.png","width":1080,"height":1080,"caption":"Vooraanzicht van de neodymium ringmagneet (D) 17,5 x (H) 4,75 mm, beschermd met een polypropyleen kunststofmantel en uitgerust met een verzonken gat voor eenvoudige montage."},{"@type":"BreadcrumbList","@id":"https:\/\/www.magnetenspecialist.nl\/fr\/magasin\/anneaux-magnetiques\/aimant-annulaire-d-175-x-h-475-mm-avec-gaine-en-plastique-et-trou-de-fraisage\/#breadcrumb","itemListElement":[{"@type":"ListItem","position":1,"name":"Accueil","item":"https:\/\/www.magnetenspecialist.nl\/fr\/accueil\/"},{"@type":"ListItem","position":2,"name":"Boutique","item":"https:\/\/www.magnetenspecialist.nl\/fr\/boutique\/"},{"@type":"ListItem","position":3,"name":"Aimant annulaire (D) 17,5 x (H) 4,75 MM avec gaine en plastique et trou de fraisage"}]},{"@type":"WebSite","@id":"https:\/\/www.magnetenspecialist.nl\/fr\/#website","url":"https:\/\/www.magnetenspecialist.nl\/fr\/","name":"Magnetenspecialist.nl","description":"Vaste gamme d'aimants en n\u00e9odyme","publisher":{"@id":"https:\/\/www.magnetenspecialist.nl\/fr\/#organization"},"potentialAction":[{"@type":"SearchAction","target":{"@type":"EntryPoint","urlTemplate":"https:\/\/www.magnetenspecialist.nl\/fr\/?s={search_term_string}"},"query-input":{"@type":"PropertyValueSpecification","valueRequired":true,"valueName":"search_term_string"}}],"inLanguage":"fr-FR"},{"@type":"Organization","@id":"https:\/\/www.magnetenspecialist.nl\/fr\/#organization","name":"Magnetenspecialist.nl","url":"https:\/\/www.magnetenspecialist.nl\/fr\/","logo":{"@type":"ImageObject","inLanguage":"fr-FR","@id":"https:\/\/www.magnetenspecialist.nl\/fr\/#\/schema\/logo\/image\/","url":"https:\/\/www.magnetenspecialist.nl\/wp-content\/uploads\/2018\/10\/magneten-logo.jpg","contentUrl":"https:\/\/www.magnetenspecialist.nl\/wp-content\/uploads\/2018\/10\/magneten-logo.jpg","width":151,"height":151,"caption":"Magnetenspecialist.nl"},"image":{"@id":"https:\/\/www.magnetenspecialist.nl\/fr\/#\/schema\/logo\/image\/"},"sameAs":["https:\/\/www.facebook.com\/Magnetenspecialist.nl","https:\/\/x.com\/magnetenspecial"]}]},"product_price_amount":"2.41","product_price_currency":"EUR","og_availability":"instock","product_availability":"instock","product_retailer_item_id":"Ri0175x475-1SL","product_condition":"new"},"_links":{"self":[{"href":"https:\/\/www.magnetenspecialist.nl\/fr\/wp-json\/wp\/v2\/product\/133589","targetHints":{"allow":["GET"]}}],"collection":[{"href":"https:\/\/www.magnetenspecialist.nl\/fr\/wp-json\/wp\/v2\/product"}],"about":[{"href":"https:\/\/www.magnetenspecialist.nl\/fr\/wp-json\/wp\/v2\/types\/product"}],"wp:featuredmedia":[{"embeddable":true,"href":"https:\/\/www.magnetenspecialist.nl\/fr\/wp-json\/wp\/v2\/media\/133561"}],"wp:attachment":[{"href":"https:\/\/www.magnetenspecialist.nl\/fr\/wp-json\/wp\/v2\/media?parent=133589"}],"wp:term":[{"taxonomy":"product_brand","embeddable":true,"href":"https:\/\/www.magnetenspecialist.nl\/fr\/wp-json\/wp\/v2\/product_brand?post=133589"},{"taxonomy":"product_cat","embeddable":true,"href":"https:\/\/www.magnetenspecialist.nl\/fr\/wp-json\/wp\/v2\/product_cat?post=133589"},{"taxonomy":"product_tag","embeddable":true,"href":"https:\/\/www.magnetenspecialist.nl\/fr\/wp-json\/wp\/v2\/product_tag?post=133589"}],"curies":[{"name":"wp","href":"https:\/\/api.w.org\/{rel}","templated":true}]}}