{"id":133592,"date":"2024-10-07T17:16:01","date_gmt":"2024-10-07T15:16:01","guid":{"rendered":"https:\/\/www.magnetenspecialist.nl\/winkel\/non class\u00e9\/aimant-annulaire-d-3175-x-h-953-mm-avec-gaine-en-plastique-et-trou-de-fraisage\/"},"modified":"2025-03-18T15:37:48","modified_gmt":"2025-03-18T14:37:48","slug":"aimant-annulaire-d-3175-x-h-953-mm-avec-gaine-en-plastique-et-trou-de-fraisage","status":"publish","type":"product","link":"https:\/\/www.magnetenspecialist.nl\/fr\/magasin\/aimants-en-plastique\/aimant-annulaire-d-3175-x-h-953-mm-avec-gaine-en-plastique-et-trou-de-fraisage\/","title":{"rendered":"Aimant annulaire (D) 31,75 x (H) 9,53 MM avec gaine en plastique et trou de fraisage"},"content":{"rendered":"<p>D<strong>escription<\/strong> D\u00e9couvrez notre aimant annulaire en n\u00e9odyme d&#8217;un diam\u00e8tre de 31,75 mm et d&#8217;une hauteur de 9,53 mm, con\u00e7u pour une utilisation polyvalente \u00e0 l&#8217;int\u00e9rieur comme \u00e0 l&#8217;ext\u00e9rieur. Cet aimant puissant est dot\u00e9 d&#8217;une gaine en plastique polypropyl\u00e8ne durable qui offre une protection suppl\u00e9mentaire contre la rouille et l&#8217;usure. Gr\u00e2ce \u00e0 son trou encastr\u00e9, l&#8217;aimant annulaire peut \u00eatre facilement fix\u00e9 \u00e0 l&#8217;aide d&#8217;une vis, ce qui est id\u00e9al pour diverses applications. Contrairement aux aimants n\u00e9odyme standard, cette variante est plus r\u00e9sistante \u00e0 l&#8217;humidit\u00e9 et aux influences ext\u00e9rieures, ce qui la rend parfaite pour les applications ext\u00e9rieures telles que les bateaux, la construction navale, les salles de bain et les camping-cars. Gr\u00e2ce au rev\u00eatement en plastique, le risque de rupture est r\u00e9duit, ce qui prolonge la dur\u00e9e de vie de l&#8217;aimant et le rend adapt\u00e9 \u00e0 une utilisation \u00e0 long terme dans des environnements exigeants.  <\/p>\n<p><strong>Description technique :<\/strong><\/p>\n<ul>\n<li><strong>Mat\u00e9riau :<\/strong> N\u00e9odyme (NdFeB)<\/li>\n<li><strong>Bo\u00eetier :<\/strong> plastique polypropyl\u00e8ne<\/li>\n<li><strong>Dimensions :<\/strong> Diam\u00e8tre 31,75 mm x hauteur 9,53 mm<\/li>\n<li><strong>Force de maintien :<\/strong> 10 kg<\/li>\n<li><strong>Nombre de trous frais\u00e9s :<\/strong> 1 (convient \u00e0 la fixation par vis)<\/li>\n<li><strong>Poids :<\/strong> 40 grammes<\/li>\n<li><strong>R\u00e9sistance \u00e0 la corrosion :<\/strong> inoxydable, id\u00e9al pour les environnements humides<\/li>\n<li><strong>Applications :<\/strong> Convient \u00e0 l&#8217;utilisation en ext\u00e9rieur, \u00e0 la construction navale, aux salles de bains, aux camping-cars et aux applications industrielles.<\/li>\n<li><strong>Origine :<\/strong> fabriqu\u00e9 en Chine<\/li>\n<\/ul>\n","protected":false},"excerpt":{"rendered":"<p>Description D\u00e9couvrez notre aimant annulaire en n\u00e9odyme d&#8217;un diam\u00e8tre de 31,75 mm et d&#8217;une hauteur de 9,53 mm, con\u00e7u pour une utilisation polyvalente \u00e0 l&#8217;int\u00e9rieur comme \u00e0 l&#8217;ext\u00e9rieur. Cet aimant puissant est dot\u00e9 d&#8217;une gaine en plastique polypropyl\u00e8ne durable qui offre une protection suppl\u00e9mentaire contre la rouille et l&#8217;usure. Gr\u00e2ce \u00e0 son trou encastr\u00e9, l&#8217;aimant [&hellip;]<\/p>\n","protected":false},"featured_media":133533,"template":"","meta":{"_acf_changed":false},"product_brand":[3521],"product_cat":[3512,2940,1397],"product_tag":[3157],"class_list":{"0":"post-133592","1":"product","2":"type-product","3":"status-publish","4":"has-post-thumbnail","6":"product_brand-magnetenspecialist","7":"product_cat-aimants-en-plastique","8":"product_cat-aimants-a-visser","9":"product_cat-anneaux-magnetiques","10":"product_tag-groep-2-fr","11":"pa_magnetisering-n45-fr","13":"first","14":"instock","15":"taxable","16":"shipping-taxable","17":"purchasable","18":"product-type-simple"},"supplier_id":null,"supplier_sku":"","barcode":null,"atum_controlled":true,"out_stock_date":null,"out_stock_threshold":null,"inheritable":false,"inbound_stock":0,"stock_on_hold":0,"sold_today":6,"sales_last_days":48,"reserved_stock":0,"customer_returns":0,"warehouse_damage":0,"lost_in_post":0,"other_logs":0,"out_stock_days":0,"lost_sales":0,"has_location":false,"update_date":"2026-04-15T08:49:11","atum_locations":[],"atum_stock_status":"instock","restock_status":false,"low_stock_amount":300,"sales_update_date":"2026-04-15T08:49:09","calc_backorders":null,"acf":[],"yoast_head":"<!-- This site is optimized with the Yoast SEO Premium plugin v24.7 (Yoast SEO v24.7) - https:\/\/yoast.com\/wordpress\/plugins\/seo\/ -->\n<title>Aimant Annulaire 31,75 x 9,53mm avec Gaine en Plastique et Trou de Fraisage - Id\u00e9al pour Fixations Pr\u00e9cises et Applications Techniques<\/title>\n<meta name=\"description\" content=\"Vous cherchez un Aimant annulaire (D) 31,75 x (H) 9,53 MM avec gaine en plastique et trou de fraisage? Les aimants peuvent \u00eatre achet\u00e9s facilement en ligne sur Magnetenspecialist.nl \u2713 1 jour ouvrable de d\u00e9lai de livraison \u2713 14 jours de d\u00e9lai de r\u00e9flexion \u2713 Exp\u00e9dition ou enl\u00e8vement *.\" \/>\n<meta name=\"robots\" content=\"index, follow, max-snippet:-1, max-image-preview:large, max-video-preview:-1\" \/>\n<link rel=\"canonical\" href=\"https:\/\/www.magnetenspecialist.nl\/fr\/magasin\/aimants-en-plastique\/aimant-annulaire-d-3175-x-h-953-mm-avec-gaine-en-plastique-et-trou-de-fraisage\/\" \/>\n<meta property=\"og:locale\" content=\"fr_FR\" \/>\n<meta property=\"og:type\" content=\"article\" \/>\n<meta property=\"og:title\" content=\"Aimant annulaire (D) 31,75 x (H) 9,53 MM avec gaine en plastique et trou de fraisage\" \/>\n<meta property=\"og:description\" content=\"Vous cherchez un Aimant annulaire (D) 31,75 x (H) 9,53 MM avec gaine en plastique et trou de fraisage? Les aimants peuvent \u00eatre achet\u00e9s facilement en ligne sur Magnetenspecialist.nl \u2713 1 jour ouvrable de d\u00e9lai de livraison \u2713 14 jours de d\u00e9lai de r\u00e9flexion \u2713 Exp\u00e9dition ou enl\u00e8vement *.\" \/>\n<meta property=\"og:url\" content=\"https:\/\/www.magnetenspecialist.nl\/fr\/magasin\/aimants-en-plastique\/aimant-annulaire-d-3175-x-h-953-mm-avec-gaine-en-plastique-et-trou-de-fraisage\/\" \/>\n<meta property=\"og:site_name\" content=\"Magnetenspecialist.nl\" \/>\n<meta property=\"article:publisher\" content=\"https:\/\/www.facebook.com\/Magnetenspecialist.nl\" \/>\n<meta property=\"article:modified_time\" content=\"2025-03-18T14:37:48+00:00\" \/>\n<meta property=\"og:image\" content=\"https:\/\/www.magnetenspecialist.nl\/wp-content\/uploads\/2024\/10\/Ontwerp-zonder-titel-18.png\" \/>\n\t<meta property=\"og:image:width\" content=\"1080\" \/>\n\t<meta property=\"og:image:height\" content=\"1080\" \/>\n\t<meta property=\"og:image:type\" content=\"image\/png\" \/>\n<meta name=\"twitter:card\" content=\"summary_large_image\" \/>\n<meta name=\"twitter:site\" content=\"@magnetenspecial\" \/>\n<meta name=\"twitter:label1\" content=\"Prix\" \/>\n\t<meta name=\"twitter:data1\" content=\"&euro;&nbsp;9,30\" \/>\n\t<meta name=\"twitter:label2\" content=\"Disponibilit\u00e9\" \/>\n\t<meta name=\"twitter:data2\" content=\"En stock\" \/>\n<script type=\"application\/ld+json\" class=\"yoast-schema-graph\">{\"@context\":\"https:\/\/schema.org\",\"@graph\":[{\"@type\":\"WebPage\",\"@id\":\"https:\/\/www.magnetenspecialist.nl\/fr\/magasin\/aimants-en-plastique\/aimant-annulaire-d-3175-x-h-953-mm-avec-gaine-en-plastique-et-trou-de-fraisage\/\",\"url\":\"https:\/\/www.magnetenspecialist.nl\/fr\/magasin\/aimants-en-plastique\/aimant-annulaire-d-3175-x-h-953-mm-avec-gaine-en-plastique-et-trou-de-fraisage\/\",\"name\":\"Aimant Annulaire 31,75 x 9,53mm avec Gaine en Plastique et Trou de Fraisage - Id\u00e9al pour Fixations Pr\u00e9cises et Applications Techniques\",\"isPartOf\":{\"@id\":\"https:\/\/www.magnetenspecialist.nl\/fr\/#website\"},\"primaryImageOfPage\":{\"@id\":\"https:\/\/www.magnetenspecialist.nl\/fr\/magasin\/aimants-en-plastique\/aimant-annulaire-d-3175-x-h-953-mm-avec-gaine-en-plastique-et-trou-de-fraisage\/#primaryimage\"},\"image\":{\"@id\":\"https:\/\/www.magnetenspecialist.nl\/fr\/magasin\/aimants-en-plastique\/aimant-annulaire-d-3175-x-h-953-mm-avec-gaine-en-plastique-et-trou-de-fraisage\/#primaryimage\"},\"thumbnailUrl\":\"https:\/\/www.magnetenspecialist.nl\/wp-content\/uploads\/2024\/10\/Ontwerp-zonder-titel-18.png\",\"datePublished\":\"2024-10-07T15:16:01+00:00\",\"dateModified\":\"2025-03-18T14:37:48+00:00\",\"description\":\"Vous cherchez un Aimant annulaire (D) 31,75 x (H) 9,53 MM avec gaine en plastique et trou de fraisage? Les aimants peuvent \u00eatre achet\u00e9s facilement en ligne sur Magnetenspecialist.nl \u2713 1 jour ouvrable de d\u00e9lai de livraison \u2713 14 jours de d\u00e9lai de r\u00e9flexion \u2713 Exp\u00e9dition ou enl\u00e8vement *.\",\"breadcrumb\":{\"@id\":\"https:\/\/www.magnetenspecialist.nl\/fr\/magasin\/aimants-en-plastique\/aimant-annulaire-d-3175-x-h-953-mm-avec-gaine-en-plastique-et-trou-de-fraisage\/#breadcrumb\"},\"inLanguage\":\"fr-FR\",\"potentialAction\":[{\"@type\":\"ReadAction\",\"target\":[\"https:\/\/www.magnetenspecialist.nl\/fr\/magasin\/aimants-en-plastique\/aimant-annulaire-d-3175-x-h-953-mm-avec-gaine-en-plastique-et-trou-de-fraisage\/\"]}]},{\"@type\":\"ImageObject\",\"inLanguage\":\"fr-FR\",\"@id\":\"https:\/\/www.magnetenspecialist.nl\/fr\/magasin\/aimants-en-plastique\/aimant-annulaire-d-3175-x-h-953-mm-avec-gaine-en-plastique-et-trou-de-fraisage\/#primaryimage\",\"url\":\"https:\/\/www.magnetenspecialist.nl\/wp-content\/uploads\/2024\/10\/Ontwerp-zonder-titel-18.png\",\"contentUrl\":\"https:\/\/www.magnetenspecialist.nl\/wp-content\/uploads\/2024\/10\/Ontwerp-zonder-titel-18.png\",\"width\":1080,\"height\":1080,\"caption\":\"Voorzijde van de neodymium ringmagneet (D) 31,75 x (H) 9,53 mm, omhuld met duurzame polypropyleen kunststof en voorzien van een verzonken gat voor eenvoudige bevestiging met een schroef.\"},{\"@type\":\"BreadcrumbList\",\"@id\":\"https:\/\/www.magnetenspecialist.nl\/fr\/magasin\/aimants-en-plastique\/aimant-annulaire-d-3175-x-h-953-mm-avec-gaine-en-plastique-et-trou-de-fraisage\/#breadcrumb\",\"itemListElement\":[{\"@type\":\"ListItem\",\"position\":1,\"name\":\"Accueil\",\"item\":\"https:\/\/www.magnetenspecialist.nl\/fr\/accueil\/\"},{\"@type\":\"ListItem\",\"position\":2,\"name\":\"Boutique\",\"item\":\"https:\/\/www.magnetenspecialist.nl\/fr\/boutique\/\"},{\"@type\":\"ListItem\",\"position\":3,\"name\":\"Aimant annulaire (D) 31,75 x (H) 9,53 MM avec gaine en plastique et trou de fraisage\"}]},{\"@type\":\"WebSite\",\"@id\":\"https:\/\/www.magnetenspecialist.nl\/fr\/#website\",\"url\":\"https:\/\/www.magnetenspecialist.nl\/fr\/\",\"name\":\"Magnetenspecialist.nl\",\"description\":\"Vaste gamme d'aimants en n\u00e9odyme\",\"publisher\":{\"@id\":\"https:\/\/www.magnetenspecialist.nl\/fr\/#organization\"},\"potentialAction\":[{\"@type\":\"SearchAction\",\"target\":{\"@type\":\"EntryPoint\",\"urlTemplate\":\"https:\/\/www.magnetenspecialist.nl\/fr\/?s={search_term_string}\"},\"query-input\":{\"@type\":\"PropertyValueSpecification\",\"valueRequired\":true,\"valueName\":\"search_term_string\"}}],\"inLanguage\":\"fr-FR\"},{\"@type\":\"Organization\",\"@id\":\"https:\/\/www.magnetenspecialist.nl\/fr\/#organization\",\"name\":\"Magnetenspecialist.nl\",\"url\":\"https:\/\/www.magnetenspecialist.nl\/fr\/\",\"logo\":{\"@type\":\"ImageObject\",\"inLanguage\":\"fr-FR\",\"@id\":\"https:\/\/www.magnetenspecialist.nl\/fr\/#\/schema\/logo\/image\/\",\"url\":\"https:\/\/www.magnetenspecialist.nl\/wp-content\/uploads\/2018\/10\/magneten-logo.jpg\",\"contentUrl\":\"https:\/\/www.magnetenspecialist.nl\/wp-content\/uploads\/2018\/10\/magneten-logo.jpg\",\"width\":151,\"height\":151,\"caption\":\"Magnetenspecialist.nl\"},\"image\":{\"@id\":\"https:\/\/www.magnetenspecialist.nl\/fr\/#\/schema\/logo\/image\/\"},\"sameAs\":[\"https:\/\/www.facebook.com\/Magnetenspecialist.nl\",\"https:\/\/x.com\/magnetenspecial\"]}]}<\/script>\n<meta property=\"product:price:amount\" content=\"9.30\" \/>\n<meta property=\"product:price:currency\" content=\"EUR\" \/>\n<meta property=\"og:availability\" content=\"instock\" \/>\n<meta property=\"product:availability\" content=\"instock\" \/>\n<meta property=\"product:retailer_item_id\" content=\"Ri31x9-1SL\" \/>\n<meta property=\"product:condition\" content=\"new\" \/>\n<!-- \/ Yoast SEO Premium plugin. -->","yoast_head_json":{"title":"Aimant Annulaire 31,75 x 9,53mm avec Gaine en Plastique et Trou de Fraisage - Id\u00e9al pour Fixations Pr\u00e9cises et Applications Techniques","description":"Vous cherchez un Aimant annulaire (D) 31,75 x (H) 9,53 MM avec gaine en plastique et trou de fraisage? Les aimants peuvent \u00eatre achet\u00e9s facilement en ligne sur Magnetenspecialist.nl \u2713 1 jour ouvrable de d\u00e9lai de livraison \u2713 14 jours de d\u00e9lai de r\u00e9flexion \u2713 Exp\u00e9dition ou enl\u00e8vement *.","robots":{"index":"index","follow":"follow","max-snippet":"max-snippet:-1","max-image-preview":"max-image-preview:large","max-video-preview":"max-video-preview:-1"},"canonical":"https:\/\/www.magnetenspecialist.nl\/fr\/magasin\/aimants-en-plastique\/aimant-annulaire-d-3175-x-h-953-mm-avec-gaine-en-plastique-et-trou-de-fraisage\/","og_locale":"fr_FR","og_type":"article","og_title":"Aimant annulaire (D) 31,75 x (H) 9,53 MM avec gaine en plastique et trou de fraisage","og_description":"Vous cherchez un Aimant annulaire (D) 31,75 x (H) 9,53 MM avec gaine en plastique et trou de fraisage? Les aimants peuvent \u00eatre achet\u00e9s facilement en ligne sur Magnetenspecialist.nl \u2713 1 jour ouvrable de d\u00e9lai de livraison \u2713 14 jours de d\u00e9lai de r\u00e9flexion \u2713 Exp\u00e9dition ou enl\u00e8vement *.","og_url":"https:\/\/www.magnetenspecialist.nl\/fr\/magasin\/aimants-en-plastique\/aimant-annulaire-d-3175-x-h-953-mm-avec-gaine-en-plastique-et-trou-de-fraisage\/","og_site_name":"Magnetenspecialist.nl","article_publisher":"https:\/\/www.facebook.com\/Magnetenspecialist.nl","article_modified_time":"2025-03-18T14:37:48+00:00","og_image":[{"width":1080,"height":1080,"url":"https:\/\/www.magnetenspecialist.nl\/wp-content\/uploads\/2024\/10\/Ontwerp-zonder-titel-18.png","type":"image\/png"}],"twitter_card":"summary_large_image","twitter_site":"@magnetenspecial","twitter_misc":{"Prix":"&euro;&nbsp;9,30","Disponibilit\u00e9":"En stock"},"schema":{"@context":"https:\/\/schema.org","@graph":[{"@type":"WebPage","@id":"https:\/\/www.magnetenspecialist.nl\/fr\/magasin\/aimants-en-plastique\/aimant-annulaire-d-3175-x-h-953-mm-avec-gaine-en-plastique-et-trou-de-fraisage\/","url":"https:\/\/www.magnetenspecialist.nl\/fr\/magasin\/aimants-en-plastique\/aimant-annulaire-d-3175-x-h-953-mm-avec-gaine-en-plastique-et-trou-de-fraisage\/","name":"Aimant Annulaire 31,75 x 9,53mm avec Gaine en Plastique et Trou de Fraisage - Id\u00e9al pour Fixations Pr\u00e9cises et Applications Techniques","isPartOf":{"@id":"https:\/\/www.magnetenspecialist.nl\/fr\/#website"},"primaryImageOfPage":{"@id":"https:\/\/www.magnetenspecialist.nl\/fr\/magasin\/aimants-en-plastique\/aimant-annulaire-d-3175-x-h-953-mm-avec-gaine-en-plastique-et-trou-de-fraisage\/#primaryimage"},"image":{"@id":"https:\/\/www.magnetenspecialist.nl\/fr\/magasin\/aimants-en-plastique\/aimant-annulaire-d-3175-x-h-953-mm-avec-gaine-en-plastique-et-trou-de-fraisage\/#primaryimage"},"thumbnailUrl":"https:\/\/www.magnetenspecialist.nl\/wp-content\/uploads\/2024\/10\/Ontwerp-zonder-titel-18.png","datePublished":"2024-10-07T15:16:01+00:00","dateModified":"2025-03-18T14:37:48+00:00","description":"Vous cherchez un Aimant annulaire (D) 31,75 x (H) 9,53 MM avec gaine en plastique et trou de fraisage? Les aimants peuvent \u00eatre achet\u00e9s facilement en ligne sur Magnetenspecialist.nl \u2713 1 jour ouvrable de d\u00e9lai de livraison \u2713 14 jours de d\u00e9lai de r\u00e9flexion \u2713 Exp\u00e9dition ou enl\u00e8vement *.","breadcrumb":{"@id":"https:\/\/www.magnetenspecialist.nl\/fr\/magasin\/aimants-en-plastique\/aimant-annulaire-d-3175-x-h-953-mm-avec-gaine-en-plastique-et-trou-de-fraisage\/#breadcrumb"},"inLanguage":"fr-FR","potentialAction":[{"@type":"ReadAction","target":["https:\/\/www.magnetenspecialist.nl\/fr\/magasin\/aimants-en-plastique\/aimant-annulaire-d-3175-x-h-953-mm-avec-gaine-en-plastique-et-trou-de-fraisage\/"]}]},{"@type":"ImageObject","inLanguage":"fr-FR","@id":"https:\/\/www.magnetenspecialist.nl\/fr\/magasin\/aimants-en-plastique\/aimant-annulaire-d-3175-x-h-953-mm-avec-gaine-en-plastique-et-trou-de-fraisage\/#primaryimage","url":"https:\/\/www.magnetenspecialist.nl\/wp-content\/uploads\/2024\/10\/Ontwerp-zonder-titel-18.png","contentUrl":"https:\/\/www.magnetenspecialist.nl\/wp-content\/uploads\/2024\/10\/Ontwerp-zonder-titel-18.png","width":1080,"height":1080,"caption":"Voorzijde van de neodymium ringmagneet (D) 31,75 x (H) 9,53 mm, omhuld met duurzame polypropyleen kunststof en voorzien van een verzonken gat voor eenvoudige bevestiging met een schroef."},{"@type":"BreadcrumbList","@id":"https:\/\/www.magnetenspecialist.nl\/fr\/magasin\/aimants-en-plastique\/aimant-annulaire-d-3175-x-h-953-mm-avec-gaine-en-plastique-et-trou-de-fraisage\/#breadcrumb","itemListElement":[{"@type":"ListItem","position":1,"name":"Accueil","item":"https:\/\/www.magnetenspecialist.nl\/fr\/accueil\/"},{"@type":"ListItem","position":2,"name":"Boutique","item":"https:\/\/www.magnetenspecialist.nl\/fr\/boutique\/"},{"@type":"ListItem","position":3,"name":"Aimant annulaire (D) 31,75 x (H) 9,53 MM avec gaine en plastique et trou de fraisage"}]},{"@type":"WebSite","@id":"https:\/\/www.magnetenspecialist.nl\/fr\/#website","url":"https:\/\/www.magnetenspecialist.nl\/fr\/","name":"Magnetenspecialist.nl","description":"Vaste gamme d'aimants en n\u00e9odyme","publisher":{"@id":"https:\/\/www.magnetenspecialist.nl\/fr\/#organization"},"potentialAction":[{"@type":"SearchAction","target":{"@type":"EntryPoint","urlTemplate":"https:\/\/www.magnetenspecialist.nl\/fr\/?s={search_term_string}"},"query-input":{"@type":"PropertyValueSpecification","valueRequired":true,"valueName":"search_term_string"}}],"inLanguage":"fr-FR"},{"@type":"Organization","@id":"https:\/\/www.magnetenspecialist.nl\/fr\/#organization","name":"Magnetenspecialist.nl","url":"https:\/\/www.magnetenspecialist.nl\/fr\/","logo":{"@type":"ImageObject","inLanguage":"fr-FR","@id":"https:\/\/www.magnetenspecialist.nl\/fr\/#\/schema\/logo\/image\/","url":"https:\/\/www.magnetenspecialist.nl\/wp-content\/uploads\/2018\/10\/magneten-logo.jpg","contentUrl":"https:\/\/www.magnetenspecialist.nl\/wp-content\/uploads\/2018\/10\/magneten-logo.jpg","width":151,"height":151,"caption":"Magnetenspecialist.nl"},"image":{"@id":"https:\/\/www.magnetenspecialist.nl\/fr\/#\/schema\/logo\/image\/"},"sameAs":["https:\/\/www.facebook.com\/Magnetenspecialist.nl","https:\/\/x.com\/magnetenspecial"]}]},"product_price_amount":"9.30","product_price_currency":"EUR","og_availability":"instock","product_availability":"instock","product_retailer_item_id":"Ri31x9-1SL","product_condition":"new"},"_links":{"self":[{"href":"https:\/\/www.magnetenspecialist.nl\/fr\/wp-json\/wp\/v2\/product\/133592","targetHints":{"allow":["GET"]}}],"collection":[{"href":"https:\/\/www.magnetenspecialist.nl\/fr\/wp-json\/wp\/v2\/product"}],"about":[{"href":"https:\/\/www.magnetenspecialist.nl\/fr\/wp-json\/wp\/v2\/types\/product"}],"wp:featuredmedia":[{"embeddable":true,"href":"https:\/\/www.magnetenspecialist.nl\/fr\/wp-json\/wp\/v2\/media\/133533"}],"wp:attachment":[{"href":"https:\/\/www.magnetenspecialist.nl\/fr\/wp-json\/wp\/v2\/media?parent=133592"}],"wp:term":[{"taxonomy":"product_brand","embeddable":true,"href":"https:\/\/www.magnetenspecialist.nl\/fr\/wp-json\/wp\/v2\/product_brand?post=133592"},{"taxonomy":"product_cat","embeddable":true,"href":"https:\/\/www.magnetenspecialist.nl\/fr\/wp-json\/wp\/v2\/product_cat?post=133592"},{"taxonomy":"product_tag","embeddable":true,"href":"https:\/\/www.magnetenspecialist.nl\/fr\/wp-json\/wp\/v2\/product_tag?post=133592"}],"curies":[{"name":"wp","href":"https:\/\/api.w.org\/{rel}","templated":true}]}}