{"id":133597,"date":"2024-10-07T15:36:22","date_gmt":"2024-10-07T13:36:22","guid":{"rendered":"https:\/\/www.magnetenspecialist.nl\/winkel\/non%20class\u00e9\/bloc-aimant-254-x-254-x-127-mm-avec-gaine-en-plastique-et-trou-de-fraisage\/"},"modified":"2025-04-04T16:59:34","modified_gmt":"2025-04-04T14:59:34","slug":"bloc-aimant-254-x-254-x-127-mm-avec-gaine-en-plastique-et-trou-de-fraisage","status":"publish","type":"product","link":"https:\/\/www.magnetenspecialist.nl\/fr\/magasin\/aimants-en-plastique\/bloc-aimant-254-x-254-x-127-mm-avec-gaine-en-plastique-et-trou-de-fraisage\/","title":{"rendered":"Bloc magn\u00e9tique 25,4 x 25,4 x 12,7 mm &#8211; N\u00e9odyme avec rev\u00eatement de protection en plastique et trou galvanis\u00e9"},"content":{"rendered":"<h3 data-start=\"185\" data-end=\"320\"><strong data-start=\"189\" data-end=\"320\">Aimant en bloc 25,4 x 25,4 x 12,7 mm avec gaine en plastique et fraise &#8211; Puissant aimant en n\u00e9odyme pour des applications polyvalentes<\/strong><\/h3>\n<p data-start=\"322\" data-end=\"346\"><strong data-start=\"322\" data-end=\"346\">Description du produit :<\/strong><\/p>\n<p data-start=\"348\" data-end=\"791\">L&#8217;<strong data-start=\"351\" data-end=\"388\">aimant en bloc de 25,4 x 25,4 x 12,7 mm<\/strong> avec <strong data-start=\"393\" data-end=\"412\">gaine en plastique<\/strong> et <strong data-start=\"416\" data-end=\"430\">fraise<\/strong> est le choix id\u00e9al pour tous ceux qui recherchent un aimant puissant et fiable pour des projets industriels, techniques ou de loisirs. Cet <strong data-start=\"569\" data-end=\"590\">aimant en n\u00e9odyme offre une<\/strong>excellente force magn\u00e9tique, tandis que la gaine en plastique offre une protection contre l&#8217;usure et les dommages. Le trou de la fraise permet de monter l&#8217;aimant rapidement et efficacement.  <\/p>\n<p data-start=\"793\" data-end=\"1070\">En tant qu&#8217;aimants permanents les plus puissants au monde, les aimants en n\u00e9odyme sont id\u00e9aux pour les applications qui requi\u00e8rent une force magn\u00e9tique puissante et durable. Que vous travailliez dans l&#8217;industrie, la technologie ou que vous r\u00e9alisiez un projet de bricolage, cet aimant r\u00e9pondra \u00e0 vos besoins. <\/p>\n<p data-start=\"1072\" data-end=\"1086\"><strong data-start=\"1072\" data-end=\"1086\">Caract\u00e9ristiques :<\/strong><\/p>\n<ul data-start=\"1088\" data-end=\"1542\">\n<li data-start=\"1088\" data-end=\"1127\"><strong data-start=\"1090\" data-end=\"1105\">Dimensions :<\/strong> 25,4 x 25,4 x 12,7 mm<\/li>\n<li data-start=\"1128\" data-end=\"1213\"><strong data-start=\"1130\" data-end=\"1144\">Mat\u00e9riau :<\/strong> N\u00e9odyme (NdFeB) avec <strong data-start=\"1171\" data-end=\"1190\">gaine en plastique<\/strong> pour une protection suppl\u00e9mentaire<\/li>\n<li data-start=\"1214\" data-end=\"1299\"><strong data-start=\"1216\" data-end=\"1228\">Montage :<\/strong> avec <strong data-start=\"1246\" data-end=\"1260\">fraise<\/strong> pour une installation facile et s\u00fbre<\/li>\n<li data-start=\"1300\" data-end=\"1373\"><strong data-start=\"1302\" data-end=\"1314\">Utilisation :<\/strong> convient aux applications industrielles, techniques et de loisirs.<\/li>\n<li data-start=\"1374\" data-end=\"1453\"><strong data-start=\"1376\" data-end=\"1399\">Force magn\u00e9tique :<\/strong> force magn\u00e9tique tr\u00e8s forte pour des performances fiables<\/li>\n<li data-start=\"1454\" data-end=\"1542\"><strong data-start=\"1456\" data-end=\"1480\">Protection contre la corrosion :<\/strong> la gaine en plastique offre une protection contre l&#8217;usure et la corrosion.<\/li>\n<\/ul>\n","protected":false},"excerpt":{"rendered":"<p data-start=\"1544\" data-end=\"1584\"><strong data-start=\"1544\" data-end=\"1584\">Pourquoi choisir ce bloc magn\u00e9tique ?<\/strong><\/p>\n<ul data-start=\"1586\" data-end=\"2126\">\n<li data-start=\"1586\" data-end=\"1727\"><strong data-start=\"1588\" data-end=\"1614\">R\u00e9sistance exceptionnelle :<\/strong> les aimants en n\u00e9odyme sont les aimants permanents les plus puissants, ce qui conf\u00e8re \u00e0 cet aimant d&#8217;excellentes performances.<\/li>\n<li data-start=\"1586\" data-end=\"1727\">\n \t<\/li>\n<li data-start=\"1728\" data-end=\"1849\"><strong data-start=\"1730\" data-end=\"1753\">Durable et s\u00fbr :<\/strong> la gaine en plastique prot\u00e8ge l&#8217;aimant des dommages et garantit une manipulation et une utilisation s\u00fbres.<\/li>\n<li data-start=\"1728\" data-end=\"1849\">\n \t<\/li>\n<li data-start=\"1850\" data-end=\"1992\"><strong data-start=\"1852\" data-end=\"1879\">Installation facile :<\/strong> Le trou frais\u00e9 facilite la fixation de l&#8217;aimant, ce qui vous permet de commencer rapidement vos projets.<\/li>\n<li data-start=\"1850\" data-end=\"1992\">\n \t<\/li>\n<li data-start=\"1993\" data-end=\"2126\"><strong data-start=\"1995\" data-end=\"2018\">Utilisation polyvalente :<\/strong> cet aimant convient \u00e0 un large \u00e9ventail d&#8217;applications, des syst\u00e8mes industriels aux projets de bricolage.<\/li>\n<\/ul>\n<p data-start=\"2758\" data-end=\"3048\">\n","protected":false},"featured_media":133568,"template":"","meta":{"_acf_changed":false},"product_brand":[3521],"product_cat":[3512,2940,1376],"product_tag":[3157],"class_list":{"0":"post-133597","1":"product","2":"type-product","3":"status-publish","4":"has-post-thumbnail","6":"product_brand-magnetenspecialist","7":"product_cat-aimants-en-plastique","8":"product_cat-aimants-a-visser","9":"product_cat-parallelepipedes-magnetiques","10":"product_tag-groep-2-fr","11":"pa_magnetisering-n45-fr","13":"first","14":"instock","15":"taxable","16":"shipping-taxable","17":"purchasable","18":"product-type-simple"},"supplier_id":null,"supplier_sku":"","barcode":null,"atum_controlled":true,"out_stock_date":null,"out_stock_threshold":null,"inheritable":false,"inbound_stock":0,"stock_on_hold":0,"sold_today":1,"sales_last_days":1,"reserved_stock":0,"customer_returns":0,"warehouse_damage":0,"lost_in_post":0,"other_logs":0,"out_stock_days":0,"lost_sales":0,"has_location":false,"update_date":"2026-04-29T12:30:03","atum_locations":[],"atum_stock_status":"instock","restock_status":false,"low_stock_amount":600,"sales_update_date":"2026-04-29T12:30:02","calc_backorders":null,"acf":[],"yoast_head":"<!-- This site is optimized with the Yoast SEO Premium plugin v24.7 (Yoast SEO v24.7) - https:\/\/yoast.com\/wordpress\/plugins\/seo\/ -->\n<title>Bloc magn\u00e9tique 25,4 mm en n\u00e9odyme avec protection en plastique<\/title>\n<meta name=\"description\" content=\"D\u00e9couvrez la puissance de l&#039;aimant bloc 25,4 mm en n\u00e9odyme avec rev\u00eatement de protection en plastique et trou galvanis\u00e9. Id\u00e9al pour tous vos projets industriels et de loisirs !\" \/>\n<meta name=\"robots\" content=\"index, follow, max-snippet:-1, max-image-preview:large, max-video-preview:-1\" \/>\n<link rel=\"canonical\" href=\"https:\/\/www.magnetenspecialist.nl\/fr\/magasin\/aimants-en-plastique\/bloc-aimant-254-x-254-x-127-mm-avec-gaine-en-plastique-et-trou-de-fraisage\/\" \/>\n<meta property=\"og:locale\" content=\"fr_FR\" \/>\n<meta property=\"og:type\" content=\"article\" \/>\n<meta property=\"og:title\" content=\"Bloc magn\u00e9tique 25,4 x 25,4 x 12,7 mm - N\u00e9odyme avec rev\u00eatement de protection en plastique et trou galvanis\u00e9\" \/>\n<meta property=\"og:description\" content=\"D\u00e9couvrez la puissance de l&#039;aimant bloc 25,4 mm en n\u00e9odyme avec rev\u00eatement de protection en plastique et trou galvanis\u00e9. Id\u00e9al pour tous vos projets industriels et de loisirs !\" \/>\n<meta property=\"og:url\" content=\"https:\/\/www.magnetenspecialist.nl\/fr\/magasin\/aimants-en-plastique\/bloc-aimant-254-x-254-x-127-mm-avec-gaine-en-plastique-et-trou-de-fraisage\/\" \/>\n<meta property=\"og:site_name\" content=\"Magnetenspecialist.nl\" \/>\n<meta property=\"article:publisher\" content=\"https:\/\/www.facebook.com\/Magnetenspecialist.nl\" \/>\n<meta property=\"article:modified_time\" content=\"2025-04-04T14:59:34+00:00\" \/>\n<meta property=\"og:image\" content=\"https:\/\/www.magnetenspecialist.nl\/wp-content\/uploads\/2024\/10\/Ontwerp-zonder-titel-27.png\" \/>\n\t<meta property=\"og:image:width\" content=\"1080\" \/>\n\t<meta property=\"og:image:height\" content=\"1080\" \/>\n\t<meta property=\"og:image:type\" content=\"image\/png\" \/>\n<meta name=\"twitter:card\" content=\"summary_large_image\" \/>\n<meta name=\"twitter:site\" content=\"@magnetenspecial\" \/>\n<meta name=\"twitter:label1\" content=\"Prix\" \/>\n\t<meta name=\"twitter:data1\" content=\"&euro;&nbsp;10,74\" \/>\n\t<meta name=\"twitter:label2\" content=\"Disponibilit\u00e9\" \/>\n\t<meta name=\"twitter:data2\" content=\"En stock\" \/>\n<script type=\"application\/ld+json\" class=\"yoast-schema-graph\">{\"@context\":\"https:\/\/schema.org\",\"@graph\":[{\"@type\":\"WebPage\",\"@id\":\"https:\/\/www.magnetenspecialist.nl\/fr\/magasin\/aimants-en-plastique\/bloc-aimant-254-x-254-x-127-mm-avec-gaine-en-plastique-et-trou-de-fraisage\/\",\"url\":\"https:\/\/www.magnetenspecialist.nl\/fr\/magasin\/aimants-en-plastique\/bloc-aimant-254-x-254-x-127-mm-avec-gaine-en-plastique-et-trou-de-fraisage\/\",\"name\":\"Bloc magn\u00e9tique 25,4 mm en n\u00e9odyme avec protection en plastique\",\"isPartOf\":{\"@id\":\"https:\/\/www.magnetenspecialist.nl\/fr\/#website\"},\"primaryImageOfPage\":{\"@id\":\"https:\/\/www.magnetenspecialist.nl\/fr\/magasin\/aimants-en-plastique\/bloc-aimant-254-x-254-x-127-mm-avec-gaine-en-plastique-et-trou-de-fraisage\/#primaryimage\"},\"image\":{\"@id\":\"https:\/\/www.magnetenspecialist.nl\/fr\/magasin\/aimants-en-plastique\/bloc-aimant-254-x-254-x-127-mm-avec-gaine-en-plastique-et-trou-de-fraisage\/#primaryimage\"},\"thumbnailUrl\":\"https:\/\/www.magnetenspecialist.nl\/wp-content\/uploads\/2024\/10\/Ontwerp-zonder-titel-27.png\",\"datePublished\":\"2024-10-07T13:36:22+00:00\",\"dateModified\":\"2025-04-04T14:59:34+00:00\",\"description\":\"D\u00e9couvrez la puissance de l'aimant bloc 25,4 mm en n\u00e9odyme avec rev\u00eatement de protection en plastique et trou galvanis\u00e9. Id\u00e9al pour tous vos projets industriels et de loisirs !\",\"breadcrumb\":{\"@id\":\"https:\/\/www.magnetenspecialist.nl\/fr\/magasin\/aimants-en-plastique\/bloc-aimant-254-x-254-x-127-mm-avec-gaine-en-plastique-et-trou-de-fraisage\/#breadcrumb\"},\"inLanguage\":\"fr-FR\",\"potentialAction\":[{\"@type\":\"ReadAction\",\"target\":[\"https:\/\/www.magnetenspecialist.nl\/fr\/magasin\/aimants-en-plastique\/bloc-aimant-254-x-254-x-127-mm-avec-gaine-en-plastique-et-trou-de-fraisage\/\"]}]},{\"@type\":\"ImageObject\",\"inLanguage\":\"fr-FR\",\"@id\":\"https:\/\/www.magnetenspecialist.nl\/fr\/magasin\/aimants-en-plastique\/bloc-aimant-254-x-254-x-127-mm-avec-gaine-en-plastique-et-trou-de-fraisage\/#primaryimage\",\"url\":\"https:\/\/www.magnetenspecialist.nl\/wp-content\/uploads\/2024\/10\/Ontwerp-zonder-titel-27.png\",\"contentUrl\":\"https:\/\/www.magnetenspecialist.nl\/wp-content\/uploads\/2024\/10\/Ontwerp-zonder-titel-27.png\",\"width\":1080,\"height\":1080,\"caption\":\"Vooraanzicht van de blokmagneet (25,4 x 25,4 x 12,7 mm), beschermd door een duurzame kunststofmantel van polypropyleen met een verzonken gat voor eenvoudige montage.\"},{\"@type\":\"BreadcrumbList\",\"@id\":\"https:\/\/www.magnetenspecialist.nl\/fr\/magasin\/aimants-en-plastique\/bloc-aimant-254-x-254-x-127-mm-avec-gaine-en-plastique-et-trou-de-fraisage\/#breadcrumb\",\"itemListElement\":[{\"@type\":\"ListItem\",\"position\":1,\"name\":\"Accueil\",\"item\":\"https:\/\/www.magnetenspecialist.nl\/fr\/accueil\/\"},{\"@type\":\"ListItem\",\"position\":2,\"name\":\"Boutique\",\"item\":\"https:\/\/www.magnetenspecialist.nl\/fr\/boutique\/\"},{\"@type\":\"ListItem\",\"position\":3,\"name\":\"Bloc magn\u00e9tique 25,4 x 25,4 x 12,7 mm &#8211; N\u00e9odyme avec rev\u00eatement de protection en plastique et trou galvanis\u00e9\"}]},{\"@type\":\"WebSite\",\"@id\":\"https:\/\/www.magnetenspecialist.nl\/fr\/#website\",\"url\":\"https:\/\/www.magnetenspecialist.nl\/fr\/\",\"name\":\"Magnetenspecialist.nl\",\"description\":\"Vaste gamme d'aimants en n\u00e9odyme\",\"publisher\":{\"@id\":\"https:\/\/www.magnetenspecialist.nl\/fr\/#organization\"},\"potentialAction\":[{\"@type\":\"SearchAction\",\"target\":{\"@type\":\"EntryPoint\",\"urlTemplate\":\"https:\/\/www.magnetenspecialist.nl\/fr\/?s={search_term_string}\"},\"query-input\":{\"@type\":\"PropertyValueSpecification\",\"valueRequired\":true,\"valueName\":\"search_term_string\"}}],\"inLanguage\":\"fr-FR\"},{\"@type\":\"Organization\",\"@id\":\"https:\/\/www.magnetenspecialist.nl\/fr\/#organization\",\"name\":\"Magnetenspecialist.nl\",\"url\":\"https:\/\/www.magnetenspecialist.nl\/fr\/\",\"logo\":{\"@type\":\"ImageObject\",\"inLanguage\":\"fr-FR\",\"@id\":\"https:\/\/www.magnetenspecialist.nl\/fr\/#\/schema\/logo\/image\/\",\"url\":\"https:\/\/www.magnetenspecialist.nl\/wp-content\/uploads\/2018\/10\/magneten-logo.jpg\",\"contentUrl\":\"https:\/\/www.magnetenspecialist.nl\/wp-content\/uploads\/2018\/10\/magneten-logo.jpg\",\"width\":151,\"height\":151,\"caption\":\"Magnetenspecialist.nl\"},\"image\":{\"@id\":\"https:\/\/www.magnetenspecialist.nl\/fr\/#\/schema\/logo\/image\/\"},\"sameAs\":[\"https:\/\/www.facebook.com\/Magnetenspecialist.nl\",\"https:\/\/x.com\/magnetenspecial\"]}]}<\/script>\n<meta property=\"product:price:amount\" content=\"10.74\" \/>\n<meta property=\"product:price:currency\" content=\"EUR\" \/>\n<meta property=\"og:availability\" content=\"instock\" \/>\n<meta property=\"product:availability\" content=\"instock\" \/>\n<meta property=\"product:retailer_item_id\" content=\"BLK0254x0254x0127-N\" \/>\n<meta property=\"product:condition\" content=\"new\" \/>\n<!-- \/ Yoast SEO Premium plugin. -->","yoast_head_json":{"title":"Bloc magn\u00e9tique 25,4 mm en n\u00e9odyme avec protection en plastique","description":"D\u00e9couvrez la puissance de l'aimant bloc 25,4 mm en n\u00e9odyme avec rev\u00eatement de protection en plastique et trou galvanis\u00e9. Id\u00e9al pour tous vos projets industriels et de loisirs !","robots":{"index":"index","follow":"follow","max-snippet":"max-snippet:-1","max-image-preview":"max-image-preview:large","max-video-preview":"max-video-preview:-1"},"canonical":"https:\/\/www.magnetenspecialist.nl\/fr\/magasin\/aimants-en-plastique\/bloc-aimant-254-x-254-x-127-mm-avec-gaine-en-plastique-et-trou-de-fraisage\/","og_locale":"fr_FR","og_type":"article","og_title":"Bloc magn\u00e9tique 25,4 x 25,4 x 12,7 mm - N\u00e9odyme avec rev\u00eatement de protection en plastique et trou galvanis\u00e9","og_description":"D\u00e9couvrez la puissance de l'aimant bloc 25,4 mm en n\u00e9odyme avec rev\u00eatement de protection en plastique et trou galvanis\u00e9. Id\u00e9al pour tous vos projets industriels et de loisirs !","og_url":"https:\/\/www.magnetenspecialist.nl\/fr\/magasin\/aimants-en-plastique\/bloc-aimant-254-x-254-x-127-mm-avec-gaine-en-plastique-et-trou-de-fraisage\/","og_site_name":"Magnetenspecialist.nl","article_publisher":"https:\/\/www.facebook.com\/Magnetenspecialist.nl","article_modified_time":"2025-04-04T14:59:34+00:00","og_image":[{"width":1080,"height":1080,"url":"https:\/\/www.magnetenspecialist.nl\/wp-content\/uploads\/2024\/10\/Ontwerp-zonder-titel-27.png","type":"image\/png"}],"twitter_card":"summary_large_image","twitter_site":"@magnetenspecial","twitter_misc":{"Prix":"&euro;&nbsp;10,74","Disponibilit\u00e9":"En stock"},"schema":{"@context":"https:\/\/schema.org","@graph":[{"@type":"WebPage","@id":"https:\/\/www.magnetenspecialist.nl\/fr\/magasin\/aimants-en-plastique\/bloc-aimant-254-x-254-x-127-mm-avec-gaine-en-plastique-et-trou-de-fraisage\/","url":"https:\/\/www.magnetenspecialist.nl\/fr\/magasin\/aimants-en-plastique\/bloc-aimant-254-x-254-x-127-mm-avec-gaine-en-plastique-et-trou-de-fraisage\/","name":"Bloc magn\u00e9tique 25,4 mm en n\u00e9odyme avec protection en plastique","isPartOf":{"@id":"https:\/\/www.magnetenspecialist.nl\/fr\/#website"},"primaryImageOfPage":{"@id":"https:\/\/www.magnetenspecialist.nl\/fr\/magasin\/aimants-en-plastique\/bloc-aimant-254-x-254-x-127-mm-avec-gaine-en-plastique-et-trou-de-fraisage\/#primaryimage"},"image":{"@id":"https:\/\/www.magnetenspecialist.nl\/fr\/magasin\/aimants-en-plastique\/bloc-aimant-254-x-254-x-127-mm-avec-gaine-en-plastique-et-trou-de-fraisage\/#primaryimage"},"thumbnailUrl":"https:\/\/www.magnetenspecialist.nl\/wp-content\/uploads\/2024\/10\/Ontwerp-zonder-titel-27.png","datePublished":"2024-10-07T13:36:22+00:00","dateModified":"2025-04-04T14:59:34+00:00","description":"D\u00e9couvrez la puissance de l'aimant bloc 25,4 mm en n\u00e9odyme avec rev\u00eatement de protection en plastique et trou galvanis\u00e9. Id\u00e9al pour tous vos projets industriels et de loisirs !","breadcrumb":{"@id":"https:\/\/www.magnetenspecialist.nl\/fr\/magasin\/aimants-en-plastique\/bloc-aimant-254-x-254-x-127-mm-avec-gaine-en-plastique-et-trou-de-fraisage\/#breadcrumb"},"inLanguage":"fr-FR","potentialAction":[{"@type":"ReadAction","target":["https:\/\/www.magnetenspecialist.nl\/fr\/magasin\/aimants-en-plastique\/bloc-aimant-254-x-254-x-127-mm-avec-gaine-en-plastique-et-trou-de-fraisage\/"]}]},{"@type":"ImageObject","inLanguage":"fr-FR","@id":"https:\/\/www.magnetenspecialist.nl\/fr\/magasin\/aimants-en-plastique\/bloc-aimant-254-x-254-x-127-mm-avec-gaine-en-plastique-et-trou-de-fraisage\/#primaryimage","url":"https:\/\/www.magnetenspecialist.nl\/wp-content\/uploads\/2024\/10\/Ontwerp-zonder-titel-27.png","contentUrl":"https:\/\/www.magnetenspecialist.nl\/wp-content\/uploads\/2024\/10\/Ontwerp-zonder-titel-27.png","width":1080,"height":1080,"caption":"Vooraanzicht van de blokmagneet (25,4 x 25,4 x 12,7 mm), beschermd door een duurzame kunststofmantel van polypropyleen met een verzonken gat voor eenvoudige montage."},{"@type":"BreadcrumbList","@id":"https:\/\/www.magnetenspecialist.nl\/fr\/magasin\/aimants-en-plastique\/bloc-aimant-254-x-254-x-127-mm-avec-gaine-en-plastique-et-trou-de-fraisage\/#breadcrumb","itemListElement":[{"@type":"ListItem","position":1,"name":"Accueil","item":"https:\/\/www.magnetenspecialist.nl\/fr\/accueil\/"},{"@type":"ListItem","position":2,"name":"Boutique","item":"https:\/\/www.magnetenspecialist.nl\/fr\/boutique\/"},{"@type":"ListItem","position":3,"name":"Bloc magn\u00e9tique 25,4 x 25,4 x 12,7 mm &#8211; N\u00e9odyme avec rev\u00eatement de protection en plastique et trou galvanis\u00e9"}]},{"@type":"WebSite","@id":"https:\/\/www.magnetenspecialist.nl\/fr\/#website","url":"https:\/\/www.magnetenspecialist.nl\/fr\/","name":"Magnetenspecialist.nl","description":"Vaste gamme d'aimants en n\u00e9odyme","publisher":{"@id":"https:\/\/www.magnetenspecialist.nl\/fr\/#organization"},"potentialAction":[{"@type":"SearchAction","target":{"@type":"EntryPoint","urlTemplate":"https:\/\/www.magnetenspecialist.nl\/fr\/?s={search_term_string}"},"query-input":{"@type":"PropertyValueSpecification","valueRequired":true,"valueName":"search_term_string"}}],"inLanguage":"fr-FR"},{"@type":"Organization","@id":"https:\/\/www.magnetenspecialist.nl\/fr\/#organization","name":"Magnetenspecialist.nl","url":"https:\/\/www.magnetenspecialist.nl\/fr\/","logo":{"@type":"ImageObject","inLanguage":"fr-FR","@id":"https:\/\/www.magnetenspecialist.nl\/fr\/#\/schema\/logo\/image\/","url":"https:\/\/www.magnetenspecialist.nl\/wp-content\/uploads\/2018\/10\/magneten-logo.jpg","contentUrl":"https:\/\/www.magnetenspecialist.nl\/wp-content\/uploads\/2018\/10\/magneten-logo.jpg","width":151,"height":151,"caption":"Magnetenspecialist.nl"},"image":{"@id":"https:\/\/www.magnetenspecialist.nl\/fr\/#\/schema\/logo\/image\/"},"sameAs":["https:\/\/www.facebook.com\/Magnetenspecialist.nl","https:\/\/x.com\/magnetenspecial"]}]},"product_price_amount":"10.74","product_price_currency":"EUR","og_availability":"instock","product_availability":"instock","product_retailer_item_id":"BLK0254x0254x0127-N","product_condition":"new"},"_links":{"self":[{"href":"https:\/\/www.magnetenspecialist.nl\/fr\/wp-json\/wp\/v2\/product\/133597","targetHints":{"allow":["GET"]}}],"collection":[{"href":"https:\/\/www.magnetenspecialist.nl\/fr\/wp-json\/wp\/v2\/product"}],"about":[{"href":"https:\/\/www.magnetenspecialist.nl\/fr\/wp-json\/wp\/v2\/types\/product"}],"wp:featuredmedia":[{"embeddable":true,"href":"https:\/\/www.magnetenspecialist.nl\/fr\/wp-json\/wp\/v2\/media\/133568"}],"wp:attachment":[{"href":"https:\/\/www.magnetenspecialist.nl\/fr\/wp-json\/wp\/v2\/media?parent=133597"}],"wp:term":[{"taxonomy":"product_brand","embeddable":true,"href":"https:\/\/www.magnetenspecialist.nl\/fr\/wp-json\/wp\/v2\/product_brand?post=133597"},{"taxonomy":"product_cat","embeddable":true,"href":"https:\/\/www.magnetenspecialist.nl\/fr\/wp-json\/wp\/v2\/product_cat?post=133597"},{"taxonomy":"product_tag","embeddable":true,"href":"https:\/\/www.magnetenspecialist.nl\/fr\/wp-json\/wp\/v2\/product_tag?post=133597"}],"curies":[{"name":"wp","href":"https:\/\/api.w.org\/{rel}","templated":true}]}}