{"id":138765,"date":"2025-05-20T10:15:00","date_gmt":"2025-05-20T08:15:00","guid":{"rendered":"https:\/\/www.magnetenspecialist.nl\/winkel\/non class\u00e9\/specialiste-des-aimants-disque-aimante-6-x-2-mm-avec-epoxy-lot-de-40\/"},"modified":"2025-05-20T10:15:00","modified_gmt":"2025-05-20T08:15:00","slug":"specialiste-des-aimants-disque-aimante-6-x-2-mm-avec-epoxy-lot-de-40","status":"publish","type":"product","link":"https:\/\/www.magnetenspecialist.nl\/fr\/magasin\/autres-aimants\/specialiste-des-aimants-disque-aimante-6-x-2-mm-avec-epoxy-lot-de-40\/","title":{"rendered":"Sp\u00e9cialiste des aimants Disque aimant\u00e9 6 x 2 mm avec \u00e9poxy &#8211; lot de 40"},"content":{"rendered":"<h3 class=\"\" data-start=\"112\" data-end=\"171\"><strong data-start=\"116\" data-end=\"171\">Disque aimant\u00e9 6 x 2 mm avec \u00e9poxy &#8211; Lot de 40 pi\u00e8ces<\/strong><\/h3>\n<p class=\"\" data-start=\"173\" data-end=\"505\">Ces puissants <strong data-start=\"188\" data-end=\"220\">aimants en n\u00e9odyme<\/strong> (m\u00e9tal de terre rare) sont <strong data-start=\"266\" data-end=\"290\">recouverts d&#8217;une couche d&#8217;\u00e9poxy noir<\/strong>, ce qui les rend tr\u00e8s durables et r\u00e9sistants \u00e0 l&#8217;humidit\u00e9, \u00e0 la corrosion et \u00e0 l&#8217;usure. Leur taille compacte de <strong data-start=\"399\" data-end=\"430\">6 mm de diam\u00e8tre et de 2 mm d&#8217;\u00e9paisseur<\/strong> les rend id\u00e9aux pour les applications techniques et les projets cr\u00e9atifs. <\/p>\n<h4 class=\"\" data-start=\"507\" data-end=\"528\"><strong data-start=\"512\" data-end=\"528\">Applications<\/strong><\/h4>\n<p class=\"\" data-start=\"529\" data-end=\"574\">Ces aimants sont parfaits pour :<\/p>\n<ul data-start=\"575\" data-end=\"813\">\n<li class=\"\" data-start=\"575\" data-end=\"632\">\n<p class=\"\" data-start=\"577\" data-end=\"632\">M\u00e9canismes de fermeture dans les emballages, les meubles ou les pr\u00e9sentoirs<\/p>\n<\/li>\n<li class=\"\" data-start=\"633\" data-end=\"675\">\n<p class=\"\" data-start=\"635\" data-end=\"675\">Projets de loisirs, d&#8217;artisanat et de mod\u00e9lisme<\/p>\n<\/li>\n<li class=\"\" data-start=\"676\" data-end=\"713\">\n<p class=\"\" data-start=\"678\" data-end=\"713\">\u00c9lectronique et syst\u00e8mes de capteurs<\/p>\n<\/li>\n<li class=\"\" data-start=\"714\" data-end=\"772\">\n<p class=\"\" data-start=\"716\" data-end=\"772\">Fixation d&#8217;objets l\u00e9gers sur des surfaces m\u00e9talliques<\/p>\n<\/li>\n<li class=\"\" data-start=\"773\" data-end=\"813\">\n<p class=\"\" data-start=\"775\" data-end=\"813\">Applications dans le domaine de la construction et de l&#8217;am\u00e9nagement int\u00e9rieurs<\/p>\n<\/li>\n<\/ul>\n<h4 class=\"\" data-start=\"815\" data-end=\"838\"><strong data-start=\"820\" data-end=\"838\">D\u00e9tails du produit<\/strong><\/h4>\n<ul data-start=\"839\" data-end=\"1226\">\n<li class=\"\" data-start=\"839\" data-end=\"872\">\n<p class=\"\" data-start=\"841\" data-end=\"872\"><strong data-start=\"841\" data-end=\"856\">Dimensions :<\/strong> \u00d8 6 mm x 2 mm<\/p>\n<\/li>\n<li class=\"\" data-start=\"873\" data-end=\"909\">\n<p class=\"\" data-start=\"875\" data-end=\"909\"><strong data-start=\"875\" data-end=\"889\">Mat\u00e9riau :<\/strong> N\u00e9odyme (NdFeB)<\/p>\n<\/li>\n<li class=\"\" data-start=\"910\" data-end=\"936\">\n<p class=\"\" data-start=\"912\" data-end=\"936\"><strong data-start=\"912\" data-end=\"930\">Magn\u00e9tisation :<\/strong> N35<\/p>\n<\/li>\n<li class=\"\" data-start=\"937\" data-end=\"1015\">\n<p class=\"\" data-start=\"939\" data-end=\"1015\"><strong data-start=\"939\" data-end=\"951\">Rev\u00eatement :<\/strong> \u00e9poxy noir (pour une meilleure protection contre l&#8217;humidit\u00e9 et les rayures)<\/p>\n<\/li>\n<li class=\"\" data-start=\"1016\" data-end=\"1072\">\n<p class=\"\" data-start=\"1018\" data-end=\"1072\"><strong data-start=\"1018\" data-end=\"1041\">Attractivit\u00e9 :<\/strong> environ 500-600 grammes par aimant<\/p>\n<\/li>\n<li class=\"\" data-start=\"1073\" data-end=\"1111\">\n<p class=\"\" data-start=\"1075\" data-end=\"1111\"><strong data-start=\"1075\" data-end=\"1100\">Quantit\u00e9 de l&#8217;emballage :<\/strong> 40 pi\u00e8ces<\/p>\n<\/li>\n<li class=\"\" data-start=\"1112\" data-end=\"1226\">\n<p class=\"\" data-start=\"1114\" data-end=\"1226\"><strong data-start=\"1114\" data-end=\"1126\">Utilisation :<\/strong> Convient uniquement \u00e0 un usage int\u00e9rieur (l&#8217;\u00e9poxy peut s&#8217;alt\u00e9rer apr\u00e8s une exposition prolong\u00e9e \u00e0 l&#8217;ext\u00e9rieur).<\/p>\n<\/li>\n<\/ul>\n<h4 class=\"\" data-start=\"1228\" data-end=\"1244\"><strong data-start=\"1233\" data-end=\"1244\">Note :<\/strong><\/h4>\n<p class=\"\" data-start=\"1245\" data-end=\"1362\">Ne convient pas aux enfants en raison des petites pi\u00e8ces et de la force magn\u00e9tique \u00e9lev\u00e9e. Tenir hors de port\u00e9e des enfants ! <\/p>\n","protected":false},"excerpt":{"rendered":"<p class=\"\" data-start=\"689\" data-end=\"740\"><strong data-start=\"689\" data-end=\"740\">Disque aimant\u00e9 6 x 2 mm \u00e9poxy &#8211; lot de 40 pi\u00e8ces<\/strong><\/p>\n<p class=\"\" data-start=\"742\" data-end=\"982\">Ces puissants <strong data-start=\"754\" data-end=\"810\">aimants en forme de disque de 6 x 2 mm avec rev\u00eatement \u00e9poxy noir<\/strong> sont fabriqu\u00e9s \u00e0 partir de n\u00e9odyme. Ils sont compacts, durables et conviennent aux applications cr\u00e9atives, techniques et domestiques. Ils sont livr\u00e9s par lot de 40 pi\u00e8ces.  <\/p>\n","protected":false},"featured_media":110567,"template":"","meta":{"_acf_changed":false},"product_brand":[3521],"product_cat":[1391],"product_tag":[],"class_list":{"0":"post-138765","1":"product","2":"type-product","3":"status-publish","4":"has-post-thumbnail","6":"product_brand-magnetenspecialist","7":"product_cat-autres-aimants","9":"first","10":"instock","11":"taxable","12":"shipping-taxable","13":"purchasable","14":"product-type-simple"},"supplier_id":null,"supplier_sku":"","barcode":null,"atum_controlled":true,"out_stock_date":null,"out_stock_threshold":null,"inheritable":false,"inbound_stock":0,"stock_on_hold":0,"sold_today":0,"sales_last_days":0,"reserved_stock":0,"customer_returns":0,"warehouse_damage":0,"lost_in_post":0,"other_logs":0,"out_stock_days":0,"lost_sales":0,"has_location":false,"update_date":"2026-04-03T08:06:12","atum_locations":[],"atum_stock_status":"instock","restock_status":false,"low_stock_amount":"","sales_update_date":"2026-04-03T08:06:12","calc_backorders":null,"acf":[],"yoast_head":"<!-- This site is optimized with the Yoast SEO Premium plugin v24.7 (Yoast SEO v24.7) - https:\/\/yoast.com\/wordpress\/plugins\/seo\/ -->\n<title>Sp\u00e9cialiste de l&#039;aimant Disque aimant\u00e9 6 x 2 mm - lot de 40 - Magnetenspecialist.nl<\/title>\n<meta name=\"description\" content=\"D\u00e9couvrez la polyvalence de notre sp\u00e9cialiste des aimants Disque aimant\u00e9 6 x 2 mm avec \u00e9poxy - lot de 40 pour tous vos projets cr\u00e9atifs. Commandez d\u00e8s aujourd&#039;hui !\" \/>\n<meta name=\"robots\" content=\"index, follow, max-snippet:-1, max-image-preview:large, max-video-preview:-1\" \/>\n<link rel=\"canonical\" href=\"https:\/\/www.magnetenspecialist.nl\/fr\/magasin\/autres-aimants\/specialiste-des-aimants-disque-aimante-6-x-2-mm-avec-epoxy-lot-de-40\/\" \/>\n<meta property=\"og:locale\" content=\"fr_FR\" \/>\n<meta property=\"og:type\" content=\"article\" \/>\n<meta property=\"og:title\" content=\"Sp\u00e9cialiste des aimants Disque aimant\u00e9 6 x 2 mm avec \u00e9poxy - lot de 40\" \/>\n<meta property=\"og:description\" content=\"D\u00e9couvrez la polyvalence de notre sp\u00e9cialiste des aimants Disque aimant\u00e9 6 x 2 mm avec \u00e9poxy - lot de 40 pour tous vos projets cr\u00e9atifs. Commandez d\u00e8s aujourd&#039;hui !\" \/>\n<meta property=\"og:url\" content=\"https:\/\/www.magnetenspecialist.nl\/fr\/magasin\/autres-aimants\/specialiste-des-aimants-disque-aimante-6-x-2-mm-avec-epoxy-lot-de-40\/\" \/>\n<meta property=\"og:site_name\" content=\"Magnetenspecialist.nl\" \/>\n<meta property=\"article:publisher\" content=\"https:\/\/www.facebook.com\/Magnetenspecialist.nl\" \/>\n<meta property=\"og:image\" content=\"https:\/\/www.magnetenspecialist.nl\/wp-content\/uploads\/2019\/03\/Magnetenspecialist.nl_Schijfmagneet-6-x-2-mm_1.jpg\" \/>\n\t<meta property=\"og:image:width\" content=\"1500\" \/>\n\t<meta property=\"og:image:height\" content=\"1500\" \/>\n\t<meta property=\"og:image:type\" content=\"image\/jpeg\" \/>\n<meta name=\"twitter:card\" content=\"summary_large_image\" \/>\n<meta name=\"twitter:site\" content=\"@magnetenspecial\" \/>\n<meta name=\"twitter:label1\" content=\"Prix\" \/>\n\t<meta name=\"twitter:data1\" content=\"&euro;&nbsp;15,95\" \/>\n\t<meta name=\"twitter:label2\" content=\"Disponibilit\u00e9\" \/>\n\t<meta name=\"twitter:data2\" content=\"En stock\" \/>\n<script type=\"application\/ld+json\" class=\"yoast-schema-graph\">{\"@context\":\"https:\/\/schema.org\",\"@graph\":[{\"@type\":\"WebPage\",\"@id\":\"https:\/\/www.magnetenspecialist.nl\/fr\/magasin\/autres-aimants\/specialiste-des-aimants-disque-aimante-6-x-2-mm-avec-epoxy-lot-de-40\/\",\"url\":\"https:\/\/www.magnetenspecialist.nl\/fr\/magasin\/autres-aimants\/specialiste-des-aimants-disque-aimante-6-x-2-mm-avec-epoxy-lot-de-40\/\",\"name\":\"Sp\u00e9cialiste de l'aimant Disque aimant\u00e9 6 x 2 mm - lot de 40 - Magnetenspecialist.nl\",\"isPartOf\":{\"@id\":\"https:\/\/www.magnetenspecialist.nl\/fr\/#website\"},\"primaryImageOfPage\":{\"@id\":\"https:\/\/www.magnetenspecialist.nl\/fr\/magasin\/autres-aimants\/specialiste-des-aimants-disque-aimante-6-x-2-mm-avec-epoxy-lot-de-40\/#primaryimage\"},\"image\":{\"@id\":\"https:\/\/www.magnetenspecialist.nl\/fr\/magasin\/autres-aimants\/specialiste-des-aimants-disque-aimante-6-x-2-mm-avec-epoxy-lot-de-40\/#primaryimage\"},\"thumbnailUrl\":\"https:\/\/www.magnetenspecialist.nl\/wp-content\/uploads\/2019\/03\/Magnetenspecialist.nl_Schijfmagneet-6-x-2-mm_1.jpg\",\"datePublished\":\"2025-05-20T08:15:00+00:00\",\"description\":\"D\u00e9couvrez la polyvalence de notre sp\u00e9cialiste des aimants Disque aimant\u00e9 6 x 2 mm avec \u00e9poxy - lot de 40 pour tous vos projets cr\u00e9atifs. Commandez d\u00e8s aujourd'hui !\",\"breadcrumb\":{\"@id\":\"https:\/\/www.magnetenspecialist.nl\/fr\/magasin\/autres-aimants\/specialiste-des-aimants-disque-aimante-6-x-2-mm-avec-epoxy-lot-de-40\/#breadcrumb\"},\"inLanguage\":\"fr-FR\",\"potentialAction\":[{\"@type\":\"ReadAction\",\"target\":[\"https:\/\/www.magnetenspecialist.nl\/fr\/magasin\/autres-aimants\/specialiste-des-aimants-disque-aimante-6-x-2-mm-avec-epoxy-lot-de-40\/\"]}]},{\"@type\":\"ImageObject\",\"inLanguage\":\"fr-FR\",\"@id\":\"https:\/\/www.magnetenspecialist.nl\/fr\/magasin\/autres-aimants\/specialiste-des-aimants-disque-aimante-6-x-2-mm-avec-epoxy-lot-de-40\/#primaryimage\",\"url\":\"https:\/\/www.magnetenspecialist.nl\/wp-content\/uploads\/2019\/03\/Magnetenspecialist.nl_Schijfmagneet-6-x-2-mm_1.jpg\",\"contentUrl\":\"https:\/\/www.magnetenspecialist.nl\/wp-content\/uploads\/2019\/03\/Magnetenspecialist.nl_Schijfmagneet-6-x-2-mm_1.jpg\",\"width\":1500,\"height\":1500},{\"@type\":\"BreadcrumbList\",\"@id\":\"https:\/\/www.magnetenspecialist.nl\/fr\/magasin\/autres-aimants\/specialiste-des-aimants-disque-aimante-6-x-2-mm-avec-epoxy-lot-de-40\/#breadcrumb\",\"itemListElement\":[{\"@type\":\"ListItem\",\"position\":1,\"name\":\"Accueil\",\"item\":\"https:\/\/www.magnetenspecialist.nl\/fr\/accueil\/\"},{\"@type\":\"ListItem\",\"position\":2,\"name\":\"Boutique\",\"item\":\"https:\/\/www.magnetenspecialist.nl\/fr\/boutique\/\"},{\"@type\":\"ListItem\",\"position\":3,\"name\":\"Sp\u00e9cialiste des aimants Disque aimant\u00e9 6 x 2 mm avec \u00e9poxy &#8211; lot de 40\"}]},{\"@type\":\"WebSite\",\"@id\":\"https:\/\/www.magnetenspecialist.nl\/fr\/#website\",\"url\":\"https:\/\/www.magnetenspecialist.nl\/fr\/\",\"name\":\"Magnetenspecialist.nl\",\"description\":\"Vaste gamme d'aimants en n\u00e9odyme\",\"publisher\":{\"@id\":\"https:\/\/www.magnetenspecialist.nl\/fr\/#organization\"},\"potentialAction\":[{\"@type\":\"SearchAction\",\"target\":{\"@type\":\"EntryPoint\",\"urlTemplate\":\"https:\/\/www.magnetenspecialist.nl\/fr\/?s={search_term_string}\"},\"query-input\":{\"@type\":\"PropertyValueSpecification\",\"valueRequired\":true,\"valueName\":\"search_term_string\"}}],\"inLanguage\":\"fr-FR\"},{\"@type\":\"Organization\",\"@id\":\"https:\/\/www.magnetenspecialist.nl\/fr\/#organization\",\"name\":\"Magnetenspecialist.nl\",\"url\":\"https:\/\/www.magnetenspecialist.nl\/fr\/\",\"logo\":{\"@type\":\"ImageObject\",\"inLanguage\":\"fr-FR\",\"@id\":\"https:\/\/www.magnetenspecialist.nl\/fr\/#\/schema\/logo\/image\/\",\"url\":\"https:\/\/www.magnetenspecialist.nl\/wp-content\/uploads\/2018\/10\/magneten-logo.jpg\",\"contentUrl\":\"https:\/\/www.magnetenspecialist.nl\/wp-content\/uploads\/2018\/10\/magneten-logo.jpg\",\"width\":151,\"height\":151,\"caption\":\"Magnetenspecialist.nl\"},\"image\":{\"@id\":\"https:\/\/www.magnetenspecialist.nl\/fr\/#\/schema\/logo\/image\/\"},\"sameAs\":[\"https:\/\/www.facebook.com\/Magnetenspecialist.nl\",\"https:\/\/x.com\/magnetenspecial\"]}]}<\/script>\n<meta property=\"product:price:amount\" content=\"15.95\" \/>\n<meta property=\"product:price:currency\" content=\"EUR\" \/>\n<meta property=\"og:availability\" content=\"instock\" \/>\n<meta property=\"product:availability\" content=\"instock\" \/>\n<meta property=\"product:retailer_item_id\" content=\"sc006x002-N-E-40\" \/>\n<meta property=\"product:condition\" content=\"new\" \/>\n<!-- \/ Yoast SEO Premium plugin. -->","yoast_head_json":{"title":"Sp\u00e9cialiste de l'aimant Disque aimant\u00e9 6 x 2 mm - lot de 40 - Magnetenspecialist.nl","description":"D\u00e9couvrez la polyvalence de notre sp\u00e9cialiste des aimants Disque aimant\u00e9 6 x 2 mm avec \u00e9poxy - lot de 40 pour tous vos projets cr\u00e9atifs. Commandez d\u00e8s aujourd'hui !","robots":{"index":"index","follow":"follow","max-snippet":"max-snippet:-1","max-image-preview":"max-image-preview:large","max-video-preview":"max-video-preview:-1"},"canonical":"https:\/\/www.magnetenspecialist.nl\/fr\/magasin\/autres-aimants\/specialiste-des-aimants-disque-aimante-6-x-2-mm-avec-epoxy-lot-de-40\/","og_locale":"fr_FR","og_type":"article","og_title":"Sp\u00e9cialiste des aimants Disque aimant\u00e9 6 x 2 mm avec \u00e9poxy - lot de 40","og_description":"D\u00e9couvrez la polyvalence de notre sp\u00e9cialiste des aimants Disque aimant\u00e9 6 x 2 mm avec \u00e9poxy - lot de 40 pour tous vos projets cr\u00e9atifs. Commandez d\u00e8s aujourd'hui !","og_url":"https:\/\/www.magnetenspecialist.nl\/fr\/magasin\/autres-aimants\/specialiste-des-aimants-disque-aimante-6-x-2-mm-avec-epoxy-lot-de-40\/","og_site_name":"Magnetenspecialist.nl","article_publisher":"https:\/\/www.facebook.com\/Magnetenspecialist.nl","og_image":[{"width":1500,"height":1500,"url":"https:\/\/www.magnetenspecialist.nl\/wp-content\/uploads\/2019\/03\/Magnetenspecialist.nl_Schijfmagneet-6-x-2-mm_1.jpg","type":"image\/jpeg"}],"twitter_card":"summary_large_image","twitter_site":"@magnetenspecial","twitter_misc":{"Prix":"&euro;&nbsp;15,95","Disponibilit\u00e9":"En stock"},"schema":{"@context":"https:\/\/schema.org","@graph":[{"@type":"WebPage","@id":"https:\/\/www.magnetenspecialist.nl\/fr\/magasin\/autres-aimants\/specialiste-des-aimants-disque-aimante-6-x-2-mm-avec-epoxy-lot-de-40\/","url":"https:\/\/www.magnetenspecialist.nl\/fr\/magasin\/autres-aimants\/specialiste-des-aimants-disque-aimante-6-x-2-mm-avec-epoxy-lot-de-40\/","name":"Sp\u00e9cialiste de l'aimant Disque aimant\u00e9 6 x 2 mm - lot de 40 - Magnetenspecialist.nl","isPartOf":{"@id":"https:\/\/www.magnetenspecialist.nl\/fr\/#website"},"primaryImageOfPage":{"@id":"https:\/\/www.magnetenspecialist.nl\/fr\/magasin\/autres-aimants\/specialiste-des-aimants-disque-aimante-6-x-2-mm-avec-epoxy-lot-de-40\/#primaryimage"},"image":{"@id":"https:\/\/www.magnetenspecialist.nl\/fr\/magasin\/autres-aimants\/specialiste-des-aimants-disque-aimante-6-x-2-mm-avec-epoxy-lot-de-40\/#primaryimage"},"thumbnailUrl":"https:\/\/www.magnetenspecialist.nl\/wp-content\/uploads\/2019\/03\/Magnetenspecialist.nl_Schijfmagneet-6-x-2-mm_1.jpg","datePublished":"2025-05-20T08:15:00+00:00","description":"D\u00e9couvrez la polyvalence de notre sp\u00e9cialiste des aimants Disque aimant\u00e9 6 x 2 mm avec \u00e9poxy - lot de 40 pour tous vos projets cr\u00e9atifs. Commandez d\u00e8s aujourd'hui !","breadcrumb":{"@id":"https:\/\/www.magnetenspecialist.nl\/fr\/magasin\/autres-aimants\/specialiste-des-aimants-disque-aimante-6-x-2-mm-avec-epoxy-lot-de-40\/#breadcrumb"},"inLanguage":"fr-FR","potentialAction":[{"@type":"ReadAction","target":["https:\/\/www.magnetenspecialist.nl\/fr\/magasin\/autres-aimants\/specialiste-des-aimants-disque-aimante-6-x-2-mm-avec-epoxy-lot-de-40\/"]}]},{"@type":"ImageObject","inLanguage":"fr-FR","@id":"https:\/\/www.magnetenspecialist.nl\/fr\/magasin\/autres-aimants\/specialiste-des-aimants-disque-aimante-6-x-2-mm-avec-epoxy-lot-de-40\/#primaryimage","url":"https:\/\/www.magnetenspecialist.nl\/wp-content\/uploads\/2019\/03\/Magnetenspecialist.nl_Schijfmagneet-6-x-2-mm_1.jpg","contentUrl":"https:\/\/www.magnetenspecialist.nl\/wp-content\/uploads\/2019\/03\/Magnetenspecialist.nl_Schijfmagneet-6-x-2-mm_1.jpg","width":1500,"height":1500},{"@type":"BreadcrumbList","@id":"https:\/\/www.magnetenspecialist.nl\/fr\/magasin\/autres-aimants\/specialiste-des-aimants-disque-aimante-6-x-2-mm-avec-epoxy-lot-de-40\/#breadcrumb","itemListElement":[{"@type":"ListItem","position":1,"name":"Accueil","item":"https:\/\/www.magnetenspecialist.nl\/fr\/accueil\/"},{"@type":"ListItem","position":2,"name":"Boutique","item":"https:\/\/www.magnetenspecialist.nl\/fr\/boutique\/"},{"@type":"ListItem","position":3,"name":"Sp\u00e9cialiste des aimants Disque aimant\u00e9 6 x 2 mm avec \u00e9poxy &#8211; lot de 40"}]},{"@type":"WebSite","@id":"https:\/\/www.magnetenspecialist.nl\/fr\/#website","url":"https:\/\/www.magnetenspecialist.nl\/fr\/","name":"Magnetenspecialist.nl","description":"Vaste gamme d'aimants en n\u00e9odyme","publisher":{"@id":"https:\/\/www.magnetenspecialist.nl\/fr\/#organization"},"potentialAction":[{"@type":"SearchAction","target":{"@type":"EntryPoint","urlTemplate":"https:\/\/www.magnetenspecialist.nl\/fr\/?s={search_term_string}"},"query-input":{"@type":"PropertyValueSpecification","valueRequired":true,"valueName":"search_term_string"}}],"inLanguage":"fr-FR"},{"@type":"Organization","@id":"https:\/\/www.magnetenspecialist.nl\/fr\/#organization","name":"Magnetenspecialist.nl","url":"https:\/\/www.magnetenspecialist.nl\/fr\/","logo":{"@type":"ImageObject","inLanguage":"fr-FR","@id":"https:\/\/www.magnetenspecialist.nl\/fr\/#\/schema\/logo\/image\/","url":"https:\/\/www.magnetenspecialist.nl\/wp-content\/uploads\/2018\/10\/magneten-logo.jpg","contentUrl":"https:\/\/www.magnetenspecialist.nl\/wp-content\/uploads\/2018\/10\/magneten-logo.jpg","width":151,"height":151,"caption":"Magnetenspecialist.nl"},"image":{"@id":"https:\/\/www.magnetenspecialist.nl\/fr\/#\/schema\/logo\/image\/"},"sameAs":["https:\/\/www.facebook.com\/Magnetenspecialist.nl","https:\/\/x.com\/magnetenspecial"]}]},"product_price_amount":"15.95","product_price_currency":"EUR","og_availability":"instock","product_availability":"instock","product_retailer_item_id":"sc006x002-N-E-40","product_condition":"new"},"_links":{"self":[{"href":"https:\/\/www.magnetenspecialist.nl\/fr\/wp-json\/wp\/v2\/product\/138765","targetHints":{"allow":["GET"]}}],"collection":[{"href":"https:\/\/www.magnetenspecialist.nl\/fr\/wp-json\/wp\/v2\/product"}],"about":[{"href":"https:\/\/www.magnetenspecialist.nl\/fr\/wp-json\/wp\/v2\/types\/product"}],"wp:featuredmedia":[{"embeddable":true,"href":"https:\/\/www.magnetenspecialist.nl\/fr\/wp-json\/wp\/v2\/media\/110567"}],"wp:attachment":[{"href":"https:\/\/www.magnetenspecialist.nl\/fr\/wp-json\/wp\/v2\/media?parent=138765"}],"wp:term":[{"taxonomy":"product_brand","embeddable":true,"href":"https:\/\/www.magnetenspecialist.nl\/fr\/wp-json\/wp\/v2\/product_brand?post=138765"},{"taxonomy":"product_cat","embeddable":true,"href":"https:\/\/www.magnetenspecialist.nl\/fr\/wp-json\/wp\/v2\/product_cat?post=138765"},{"taxonomy":"product_tag","embeddable":true,"href":"https:\/\/www.magnetenspecialist.nl\/fr\/wp-json\/wp\/v2\/product_tag?post=138765"}],"curies":[{"name":"wp","href":"https:\/\/api.w.org\/{rel}","templated":true}]}}