{"id":138829,"date":"2025-05-20T15:40:01","date_gmt":"2025-05-20T13:40:01","guid":{"rendered":"https:\/\/www.magnetenspecialist.nl\/winkel\/non class\u00e9\/bloc-magnetique-en-neodyme-508-x-254-x-8-mm-avec-revetement-en-plastique-et-deux-trous-a-fraiser-lot-de-2\/"},"modified":"2025-05-20T15:40:01","modified_gmt":"2025-05-20T13:40:01","slug":"bloc-magnetique-en-neodyme-508-x-254-x-8-mm-avec-revetement-en-plastique-et-deux-trous-a-fraiser-lot-de-2","status":"publish","type":"product","link":"https:\/\/www.magnetenspecialist.nl\/fr\/magasin\/jeu-daimants-en-neodyme\/bloc-magnetique-en-neodyme-508-x-254-x-8-mm-avec-revetement-en-plastique-et-deux-trous-a-fraiser-lot-de-2\/","title":{"rendered":"Bloc magn\u00e9tique en n\u00e9odyme 50,8 \u00d7 25,4 \u00d7 8 mm avec rev\u00eatement en plastique et deux trous \u00e0 fraiser &#8211; Lot de 2"},"content":{"rendered":"<h3 class=\"\" data-start=\"136\" data-end=\"264\"><strong data-start=\"143\" data-end=\"264\">Bloc magn\u00e9tique en n\u00e9odyme 50,8 \u00d7 25,4 \u00d7 8 mm avec rev\u00eatement en plastique et deux trous \u00e0 fraiser (lot de 2)<\/strong><\/h3>\n<p class=\"\" data-start=\"266\" data-end=\"688\">Ce <strong data-start=\"271\" data-end=\"317\">jeu de 2 puissants aimants en n\u00e9odyme<\/strong> (N40) est con\u00e7u pour les applications n\u00e9cessitant une fixation solide et permanente. Chaque aimant mesure <strong data-start=\"445\" data-end=\"467\">50,8 \u00d7 25,4 \u00d7 8 mm<\/strong> et est <strong data-start=\"491\" data-end=\"525\">recouvert d&#8217;une couche protectrice en plastique<\/strong> qui le prot\u00e8ge de l&#8217;usure et de la corrosion. Les deux <strong data-start=\"588\" data-end=\"607\">trous frais\u00e9s<\/strong> par aimant permettent de les fixer fermement et \u00e0 fleur avec des vis.  <\/p>\n<p class=\"\" data-start=\"690\" data-end=\"867\">Parfaits pour \u00eatre mont\u00e9s sur des surfaces en bois, en m\u00e9tal ou en plastique, ces blocs aimant\u00e9s sont largement utilis\u00e9s dans les meubles, les ateliers, les pr\u00e9sentoirs et les constructions industrielles.<\/p>\n<hr class=\"\" data-start=\"869\" data-end=\"872\">\n<h3 class=\"\" data-start=\"874\" data-end=\"897\">&#x2705; <strong data-start=\"880\" data-end=\"897\">Applications :<\/strong><\/h3>\n<ul data-start=\"899\" data-end=\"1104\">\n<li class=\"\" data-start=\"899\" data-end=\"955\">\n<p class=\"\" data-start=\"901\" data-end=\"955\">Fixation solide sans t\u00eates de vis visibles<\/p>\n<\/li>\n<li class=\"\" data-start=\"956\" data-end=\"1009\">\n<p class=\"\" data-start=\"958\" data-end=\"1009\">Application dans l&#8217;ameublement, l&#8217;ing\u00e9nierie m\u00e9canique, la construction int\u00e9rieure<\/p>\n<\/li>\n<li class=\"\" data-start=\"1010\" data-end=\"1051\">\n<p class=\"\" data-start=\"1012\" data-end=\"1051\">Projets de bricolage cr\u00e9atifs et techniques<\/p>\n<\/li>\n<li class=\"\" data-start=\"1052\" data-end=\"1104\">\n<p class=\"\" data-start=\"1054\" data-end=\"1104\">Possibilit\u00e9 de montage horizontal et vertical<\/p>\n<\/li>\n<\/ul>\n","protected":false},"excerpt":{"rendered":"<p>Bloc magn\u00e9tique en n\u00e9odyme 50,8 \u00d7 25,4 \u00d7 8 mm avec rev\u00eatement en plastique et deux trous \u00e0 fraiser (lot de 2) Ce jeu de 2 puissants aimants en n\u00e9odyme (N40) est con\u00e7u pour les applications n\u00e9cessitant une fixation solide et permanente. Chaque aimant mesure 50,8 \u00d7 25,4 \u00d7 8 mm et est recouvert d&#8217;une [&hellip;]<\/p>\n","protected":false},"featured_media":133448,"template":"","meta":{"_acf_changed":false},"product_brand":[3521],"product_cat":[3533],"product_tag":[],"class_list":{"0":"post-138829","1":"product","2":"type-product","3":"status-publish","4":"has-post-thumbnail","6":"product_brand-magnetenspecialist","7":"product_cat-jeu-daimants-en-neodyme","9":"first","10":"instock","11":"taxable","12":"shipping-taxable","13":"product-type-simple"},"supplier_id":null,"supplier_sku":"","barcode":null,"atum_controlled":true,"out_stock_date":null,"out_stock_threshold":null,"inheritable":false,"inbound_stock":0,"stock_on_hold":0,"sold_today":0,"sales_last_days":0,"reserved_stock":0,"customer_returns":0,"warehouse_damage":0,"lost_in_post":0,"other_logs":0,"out_stock_days":0,"lost_sales":0,"has_location":false,"update_date":"2026-04-03T08:06:11","atum_locations":[],"atum_stock_status":"instock","restock_status":false,"low_stock_amount":"","sales_update_date":"2026-04-03T08:06:11","calc_backorders":null,"acf":[],"yoast_head":"<!-- This site is optimized with the Yoast SEO Premium plugin v24.7 (Yoast SEO v24.7) - https:\/\/yoast.com\/wordpress\/plugins\/seo\/ -->\n<title>Bloc magn\u00e9tique en n\u00e9odyme 50,8 \u00d7 25,4 \u00d7 8 mm avec rev\u00eatement en plastique et deux trous \u00e0 fraiser - Lot de 2 - Magnetenspecialist.nl<\/title>\n<meta name=\"description\" content=\"Vous cherchez un Bloc magn\u00e9tique en n\u00e9odyme 50,8 \u00d7 25,4 \u00d7 8 mm avec rev\u00eatement en plastique et deux trous \u00e0 fraiser - Lot de 2? Les aimants peuvent \u00eatre achet\u00e9s facilement en ligne sur Magnetenspecialist.nl \u2713 1 jour ouvrable de d\u00e9lai de livraison \u2713 14 jours de d\u00e9lai de r\u00e9flexion \u2713 Exp\u00e9dition ou enl\u00e8vement *.\" \/>\n<meta name=\"robots\" content=\"index, follow, max-snippet:-1, max-image-preview:large, max-video-preview:-1\" \/>\n<link rel=\"canonical\" href=\"https:\/\/www.magnetenspecialist.nl\/fr\/magasin\/jeu-daimants-en-neodyme\/bloc-magnetique-en-neodyme-508-x-254-x-8-mm-avec-revetement-en-plastique-et-deux-trous-a-fraiser-lot-de-2\/\" \/>\n<meta property=\"og:locale\" content=\"fr_FR\" \/>\n<meta property=\"og:type\" content=\"article\" \/>\n<meta property=\"og:title\" content=\"Bloc magn\u00e9tique en n\u00e9odyme 50,8 \u00d7 25,4 \u00d7 8 mm avec rev\u00eatement en plastique et deux trous \u00e0 fraiser - Lot de 2\" \/>\n<meta property=\"og:description\" content=\"Vous cherchez un Bloc magn\u00e9tique en n\u00e9odyme 50,8 \u00d7 25,4 \u00d7 8 mm avec rev\u00eatement en plastique et deux trous \u00e0 fraiser - Lot de 2? Les aimants peuvent \u00eatre achet\u00e9s facilement en ligne sur Magnetenspecialist.nl \u2713 1 jour ouvrable de d\u00e9lai de livraison \u2713 14 jours de d\u00e9lai de r\u00e9flexion \u2713 Exp\u00e9dition ou enl\u00e8vement *.\" \/>\n<meta property=\"og:url\" content=\"https:\/\/www.magnetenspecialist.nl\/fr\/magasin\/jeu-daimants-en-neodyme\/bloc-magnetique-en-neodyme-508-x-254-x-8-mm-avec-revetement-en-plastique-et-deux-trous-a-fraiser-lot-de-2\/\" \/>\n<meta property=\"og:site_name\" content=\"Magnetenspecialist.nl\" \/>\n<meta property=\"article:publisher\" content=\"https:\/\/www.facebook.com\/Magnetenspecialist.nl\" \/>\n<meta property=\"og:image\" content=\"https:\/\/www.magnetenspecialist.nl\/wp-content\/uploads\/2024\/04\/Ontwerp-zonder-titel-3.png\" \/>\n\t<meta property=\"og:image:width\" content=\"1080\" \/>\n\t<meta property=\"og:image:height\" content=\"1080\" \/>\n\t<meta property=\"og:image:type\" content=\"image\/png\" \/>\n<meta name=\"twitter:card\" content=\"summary_large_image\" \/>\n<meta name=\"twitter:site\" content=\"@magnetenspecial\" \/>\n<meta name=\"twitter:label1\" content=\"Prix\" \/>\n\t<meta name=\"twitter:data1\" content=\"\" \/>\n\t<meta name=\"twitter:label2\" content=\"Disponibilit\u00e9\" \/>\n\t<meta name=\"twitter:data2\" content=\"En stock\" \/>\n<script type=\"application\/ld+json\" class=\"yoast-schema-graph\">{\"@context\":\"https:\/\/schema.org\",\"@graph\":[{\"@type\":\"WebPage\",\"@id\":\"https:\/\/www.magnetenspecialist.nl\/fr\/magasin\/jeu-daimants-en-neodyme\/bloc-magnetique-en-neodyme-508-x-254-x-8-mm-avec-revetement-en-plastique-et-deux-trous-a-fraiser-lot-de-2\/\",\"url\":\"https:\/\/www.magnetenspecialist.nl\/fr\/magasin\/jeu-daimants-en-neodyme\/bloc-magnetique-en-neodyme-508-x-254-x-8-mm-avec-revetement-en-plastique-et-deux-trous-a-fraiser-lot-de-2\/\",\"name\":\"Bloc magn\u00e9tique en n\u00e9odyme 50,8 \u00d7 25,4 \u00d7 8 mm avec rev\u00eatement en plastique et deux trous \u00e0 fraiser - Lot de 2 - Magnetenspecialist.nl\",\"isPartOf\":{\"@id\":\"https:\/\/www.magnetenspecialist.nl\/fr\/#website\"},\"primaryImageOfPage\":{\"@id\":\"https:\/\/www.magnetenspecialist.nl\/fr\/magasin\/jeu-daimants-en-neodyme\/bloc-magnetique-en-neodyme-508-x-254-x-8-mm-avec-revetement-en-plastique-et-deux-trous-a-fraiser-lot-de-2\/#primaryimage\"},\"image\":{\"@id\":\"https:\/\/www.magnetenspecialist.nl\/fr\/magasin\/jeu-daimants-en-neodyme\/bloc-magnetique-en-neodyme-508-x-254-x-8-mm-avec-revetement-en-plastique-et-deux-trous-a-fraiser-lot-de-2\/#primaryimage\"},\"thumbnailUrl\":\"https:\/\/www.magnetenspecialist.nl\/wp-content\/uploads\/2024\/04\/Ontwerp-zonder-titel-3.png\",\"datePublished\":\"2025-05-20T13:40:01+00:00\",\"description\":\"Vous cherchez un Bloc magn\u00e9tique en n\u00e9odyme 50,8 \u00d7 25,4 \u00d7 8 mm avec rev\u00eatement en plastique et deux trous \u00e0 fraiser - Lot de 2? Les aimants peuvent \u00eatre achet\u00e9s facilement en ligne sur Magnetenspecialist.nl \u2713 1 jour ouvrable de d\u00e9lai de livraison \u2713 14 jours de d\u00e9lai de r\u00e9flexion \u2713 Exp\u00e9dition ou enl\u00e8vement *.\",\"breadcrumb\":{\"@id\":\"https:\/\/www.magnetenspecialist.nl\/fr\/magasin\/jeu-daimants-en-neodyme\/bloc-magnetique-en-neodyme-508-x-254-x-8-mm-avec-revetement-en-plastique-et-deux-trous-a-fraiser-lot-de-2\/#breadcrumb\"},\"inLanguage\":\"fr-FR\",\"potentialAction\":[{\"@type\":\"ReadAction\",\"target\":[\"https:\/\/www.magnetenspecialist.nl\/fr\/magasin\/jeu-daimants-en-neodyme\/bloc-magnetique-en-neodyme-508-x-254-x-8-mm-avec-revetement-en-plastique-et-deux-trous-a-fraiser-lot-de-2\/\"]}]},{\"@type\":\"ImageObject\",\"inLanguage\":\"fr-FR\",\"@id\":\"https:\/\/www.magnetenspecialist.nl\/fr\/magasin\/jeu-daimants-en-neodyme\/bloc-magnetique-en-neodyme-508-x-254-x-8-mm-avec-revetement-en-plastique-et-deux-trous-a-fraiser-lot-de-2\/#primaryimage\",\"url\":\"https:\/\/www.magnetenspecialist.nl\/wp-content\/uploads\/2024\/04\/Ontwerp-zonder-titel-3.png\",\"contentUrl\":\"https:\/\/www.magnetenspecialist.nl\/wp-content\/uploads\/2024\/04\/Ontwerp-zonder-titel-3.png\",\"width\":1080,\"height\":1080,\"caption\":\"Blokmagneet van 50.8x25.4x8 mm met verzonken gaten en een kunststof omhulsel, geplaatst naast een 2-euromunt op een witte achtergrond. De munt dient als maatvergelijking om de afmetingen van de magneet te illustreren.\"},{\"@type\":\"BreadcrumbList\",\"@id\":\"https:\/\/www.magnetenspecialist.nl\/fr\/magasin\/jeu-daimants-en-neodyme\/bloc-magnetique-en-neodyme-508-x-254-x-8-mm-avec-revetement-en-plastique-et-deux-trous-a-fraiser-lot-de-2\/#breadcrumb\",\"itemListElement\":[{\"@type\":\"ListItem\",\"position\":1,\"name\":\"Accueil\",\"item\":\"https:\/\/www.magnetenspecialist.nl\/fr\/accueil\/\"},{\"@type\":\"ListItem\",\"position\":2,\"name\":\"Boutique\",\"item\":\"https:\/\/www.magnetenspecialist.nl\/fr\/boutique\/\"},{\"@type\":\"ListItem\",\"position\":3,\"name\":\"Priv\u00e9: Bloc magn\u00e9tique en n\u00e9odyme 50,8 \u00d7 25,4 \u00d7 8 mm avec rev\u00eatement en plastique et deux trous \u00e0 fraiser &#8211; Lot de 2\"}]},{\"@type\":\"WebSite\",\"@id\":\"https:\/\/www.magnetenspecialist.nl\/fr\/#website\",\"url\":\"https:\/\/www.magnetenspecialist.nl\/fr\/\",\"name\":\"Magnetenspecialist.nl\",\"description\":\"Vaste gamme d'aimants en n\u00e9odyme\",\"publisher\":{\"@id\":\"https:\/\/www.magnetenspecialist.nl\/fr\/#organization\"},\"potentialAction\":[{\"@type\":\"SearchAction\",\"target\":{\"@type\":\"EntryPoint\",\"urlTemplate\":\"https:\/\/www.magnetenspecialist.nl\/fr\/?s={search_term_string}\"},\"query-input\":{\"@type\":\"PropertyValueSpecification\",\"valueRequired\":true,\"valueName\":\"search_term_string\"}}],\"inLanguage\":\"fr-FR\"},{\"@type\":\"Organization\",\"@id\":\"https:\/\/www.magnetenspecialist.nl\/fr\/#organization\",\"name\":\"Magnetenspecialist.nl\",\"url\":\"https:\/\/www.magnetenspecialist.nl\/fr\/\",\"logo\":{\"@type\":\"ImageObject\",\"inLanguage\":\"fr-FR\",\"@id\":\"https:\/\/www.magnetenspecialist.nl\/fr\/#\/schema\/logo\/image\/\",\"url\":\"https:\/\/www.magnetenspecialist.nl\/wp-content\/uploads\/2018\/10\/magneten-logo.jpg\",\"contentUrl\":\"https:\/\/www.magnetenspecialist.nl\/wp-content\/uploads\/2018\/10\/magneten-logo.jpg\",\"width\":151,\"height\":151,\"caption\":\"Magnetenspecialist.nl\"},\"image\":{\"@id\":\"https:\/\/www.magnetenspecialist.nl\/fr\/#\/schema\/logo\/image\/\"},\"sameAs\":[\"https:\/\/www.facebook.com\/Magnetenspecialist.nl\",\"https:\/\/x.com\/magnetenspecial\"]}]}<\/script>\n<meta property=\"product:price:currency\" content=\"EUR\" \/>\n<meta property=\"og:availability\" content=\"instock\" \/>\n<meta property=\"product:availability\" content=\"instock\" \/>\n<meta property=\"product:retailer_item_id\" content=\"BLK20x25x8-N-2\" \/>\n<meta property=\"product:condition\" content=\"new\" \/>\n<!-- \/ Yoast SEO Premium plugin. -->","yoast_head_json":{"title":"Bloc magn\u00e9tique en n\u00e9odyme 50,8 \u00d7 25,4 \u00d7 8 mm avec rev\u00eatement en plastique et deux trous \u00e0 fraiser - Lot de 2 - Magnetenspecialist.nl","description":"Vous cherchez un Bloc magn\u00e9tique en n\u00e9odyme 50,8 \u00d7 25,4 \u00d7 8 mm avec rev\u00eatement en plastique et deux trous \u00e0 fraiser - Lot de 2? Les aimants peuvent \u00eatre achet\u00e9s facilement en ligne sur Magnetenspecialist.nl \u2713 1 jour ouvrable de d\u00e9lai de livraison \u2713 14 jours de d\u00e9lai de r\u00e9flexion \u2713 Exp\u00e9dition ou enl\u00e8vement *.","robots":{"index":"index","follow":"follow","max-snippet":"max-snippet:-1","max-image-preview":"max-image-preview:large","max-video-preview":"max-video-preview:-1"},"canonical":"https:\/\/www.magnetenspecialist.nl\/fr\/magasin\/jeu-daimants-en-neodyme\/bloc-magnetique-en-neodyme-508-x-254-x-8-mm-avec-revetement-en-plastique-et-deux-trous-a-fraiser-lot-de-2\/","og_locale":"fr_FR","og_type":"article","og_title":"Bloc magn\u00e9tique en n\u00e9odyme 50,8 \u00d7 25,4 \u00d7 8 mm avec rev\u00eatement en plastique et deux trous \u00e0 fraiser - Lot de 2","og_description":"Vous cherchez un Bloc magn\u00e9tique en n\u00e9odyme 50,8 \u00d7 25,4 \u00d7 8 mm avec rev\u00eatement en plastique et deux trous \u00e0 fraiser - Lot de 2? Les aimants peuvent \u00eatre achet\u00e9s facilement en ligne sur Magnetenspecialist.nl \u2713 1 jour ouvrable de d\u00e9lai de livraison \u2713 14 jours de d\u00e9lai de r\u00e9flexion \u2713 Exp\u00e9dition ou enl\u00e8vement *.","og_url":"https:\/\/www.magnetenspecialist.nl\/fr\/magasin\/jeu-daimants-en-neodyme\/bloc-magnetique-en-neodyme-508-x-254-x-8-mm-avec-revetement-en-plastique-et-deux-trous-a-fraiser-lot-de-2\/","og_site_name":"Magnetenspecialist.nl","article_publisher":"https:\/\/www.facebook.com\/Magnetenspecialist.nl","og_image":[{"width":1080,"height":1080,"url":"https:\/\/www.magnetenspecialist.nl\/wp-content\/uploads\/2024\/04\/Ontwerp-zonder-titel-3.png","type":"image\/png"}],"twitter_card":"summary_large_image","twitter_site":"@magnetenspecial","twitter_misc":{"Prix":"","Disponibilit\u00e9":"En stock"},"schema":{"@context":"https:\/\/schema.org","@graph":[{"@type":"WebPage","@id":"https:\/\/www.magnetenspecialist.nl\/fr\/magasin\/jeu-daimants-en-neodyme\/bloc-magnetique-en-neodyme-508-x-254-x-8-mm-avec-revetement-en-plastique-et-deux-trous-a-fraiser-lot-de-2\/","url":"https:\/\/www.magnetenspecialist.nl\/fr\/magasin\/jeu-daimants-en-neodyme\/bloc-magnetique-en-neodyme-508-x-254-x-8-mm-avec-revetement-en-plastique-et-deux-trous-a-fraiser-lot-de-2\/","name":"Bloc magn\u00e9tique en n\u00e9odyme 50,8 \u00d7 25,4 \u00d7 8 mm avec rev\u00eatement en plastique et deux trous \u00e0 fraiser - Lot de 2 - Magnetenspecialist.nl","isPartOf":{"@id":"https:\/\/www.magnetenspecialist.nl\/fr\/#website"},"primaryImageOfPage":{"@id":"https:\/\/www.magnetenspecialist.nl\/fr\/magasin\/jeu-daimants-en-neodyme\/bloc-magnetique-en-neodyme-508-x-254-x-8-mm-avec-revetement-en-plastique-et-deux-trous-a-fraiser-lot-de-2\/#primaryimage"},"image":{"@id":"https:\/\/www.magnetenspecialist.nl\/fr\/magasin\/jeu-daimants-en-neodyme\/bloc-magnetique-en-neodyme-508-x-254-x-8-mm-avec-revetement-en-plastique-et-deux-trous-a-fraiser-lot-de-2\/#primaryimage"},"thumbnailUrl":"https:\/\/www.magnetenspecialist.nl\/wp-content\/uploads\/2024\/04\/Ontwerp-zonder-titel-3.png","datePublished":"2025-05-20T13:40:01+00:00","description":"Vous cherchez un Bloc magn\u00e9tique en n\u00e9odyme 50,8 \u00d7 25,4 \u00d7 8 mm avec rev\u00eatement en plastique et deux trous \u00e0 fraiser - Lot de 2? Les aimants peuvent \u00eatre achet\u00e9s facilement en ligne sur Magnetenspecialist.nl \u2713 1 jour ouvrable de d\u00e9lai de livraison \u2713 14 jours de d\u00e9lai de r\u00e9flexion \u2713 Exp\u00e9dition ou enl\u00e8vement *.","breadcrumb":{"@id":"https:\/\/www.magnetenspecialist.nl\/fr\/magasin\/jeu-daimants-en-neodyme\/bloc-magnetique-en-neodyme-508-x-254-x-8-mm-avec-revetement-en-plastique-et-deux-trous-a-fraiser-lot-de-2\/#breadcrumb"},"inLanguage":"fr-FR","potentialAction":[{"@type":"ReadAction","target":["https:\/\/www.magnetenspecialist.nl\/fr\/magasin\/jeu-daimants-en-neodyme\/bloc-magnetique-en-neodyme-508-x-254-x-8-mm-avec-revetement-en-plastique-et-deux-trous-a-fraiser-lot-de-2\/"]}]},{"@type":"ImageObject","inLanguage":"fr-FR","@id":"https:\/\/www.magnetenspecialist.nl\/fr\/magasin\/jeu-daimants-en-neodyme\/bloc-magnetique-en-neodyme-508-x-254-x-8-mm-avec-revetement-en-plastique-et-deux-trous-a-fraiser-lot-de-2\/#primaryimage","url":"https:\/\/www.magnetenspecialist.nl\/wp-content\/uploads\/2024\/04\/Ontwerp-zonder-titel-3.png","contentUrl":"https:\/\/www.magnetenspecialist.nl\/wp-content\/uploads\/2024\/04\/Ontwerp-zonder-titel-3.png","width":1080,"height":1080,"caption":"Blokmagneet van 50.8x25.4x8 mm met verzonken gaten en een kunststof omhulsel, geplaatst naast een 2-euromunt op een witte achtergrond. De munt dient als maatvergelijking om de afmetingen van de magneet te illustreren."},{"@type":"BreadcrumbList","@id":"https:\/\/www.magnetenspecialist.nl\/fr\/magasin\/jeu-daimants-en-neodyme\/bloc-magnetique-en-neodyme-508-x-254-x-8-mm-avec-revetement-en-plastique-et-deux-trous-a-fraiser-lot-de-2\/#breadcrumb","itemListElement":[{"@type":"ListItem","position":1,"name":"Accueil","item":"https:\/\/www.magnetenspecialist.nl\/fr\/accueil\/"},{"@type":"ListItem","position":2,"name":"Boutique","item":"https:\/\/www.magnetenspecialist.nl\/fr\/boutique\/"},{"@type":"ListItem","position":3,"name":"Priv\u00e9: Bloc magn\u00e9tique en n\u00e9odyme 50,8 \u00d7 25,4 \u00d7 8 mm avec rev\u00eatement en plastique et deux trous \u00e0 fraiser &#8211; Lot de 2"}]},{"@type":"WebSite","@id":"https:\/\/www.magnetenspecialist.nl\/fr\/#website","url":"https:\/\/www.magnetenspecialist.nl\/fr\/","name":"Magnetenspecialist.nl","description":"Vaste gamme d'aimants en n\u00e9odyme","publisher":{"@id":"https:\/\/www.magnetenspecialist.nl\/fr\/#organization"},"potentialAction":[{"@type":"SearchAction","target":{"@type":"EntryPoint","urlTemplate":"https:\/\/www.magnetenspecialist.nl\/fr\/?s={search_term_string}"},"query-input":{"@type":"PropertyValueSpecification","valueRequired":true,"valueName":"search_term_string"}}],"inLanguage":"fr-FR"},{"@type":"Organization","@id":"https:\/\/www.magnetenspecialist.nl\/fr\/#organization","name":"Magnetenspecialist.nl","url":"https:\/\/www.magnetenspecialist.nl\/fr\/","logo":{"@type":"ImageObject","inLanguage":"fr-FR","@id":"https:\/\/www.magnetenspecialist.nl\/fr\/#\/schema\/logo\/image\/","url":"https:\/\/www.magnetenspecialist.nl\/wp-content\/uploads\/2018\/10\/magneten-logo.jpg","contentUrl":"https:\/\/www.magnetenspecialist.nl\/wp-content\/uploads\/2018\/10\/magneten-logo.jpg","width":151,"height":151,"caption":"Magnetenspecialist.nl"},"image":{"@id":"https:\/\/www.magnetenspecialist.nl\/fr\/#\/schema\/logo\/image\/"},"sameAs":["https:\/\/www.facebook.com\/Magnetenspecialist.nl","https:\/\/x.com\/magnetenspecial"]}]},"product_price_currency":"EUR","og_availability":"instock","product_availability":"instock","product_retailer_item_id":"BLK20x25x8-N-2","product_condition":"new"},"_links":{"self":[{"href":"https:\/\/www.magnetenspecialist.nl\/fr\/wp-json\/wp\/v2\/product\/138829","targetHints":{"allow":["GET"]}}],"collection":[{"href":"https:\/\/www.magnetenspecialist.nl\/fr\/wp-json\/wp\/v2\/product"}],"about":[{"href":"https:\/\/www.magnetenspecialist.nl\/fr\/wp-json\/wp\/v2\/types\/product"}],"wp:featuredmedia":[{"embeddable":true,"href":"https:\/\/www.magnetenspecialist.nl\/fr\/wp-json\/wp\/v2\/media\/133448"}],"wp:attachment":[{"href":"https:\/\/www.magnetenspecialist.nl\/fr\/wp-json\/wp\/v2\/media?parent=138829"}],"wp:term":[{"taxonomy":"product_brand","embeddable":true,"href":"https:\/\/www.magnetenspecialist.nl\/fr\/wp-json\/wp\/v2\/product_brand?post=138829"},{"taxonomy":"product_cat","embeddable":true,"href":"https:\/\/www.magnetenspecialist.nl\/fr\/wp-json\/wp\/v2\/product_cat?post=138829"},{"taxonomy":"product_tag","embeddable":true,"href":"https:\/\/www.magnetenspecialist.nl\/fr\/wp-json\/wp\/v2\/product_tag?post=138829"}],"curies":[{"name":"wp","href":"https:\/\/api.w.org\/{rel}","templated":true}]}}