{"id":138902,"date":"2025-05-22T16:54:37","date_gmt":"2025-05-22T14:54:37","guid":{"rendered":"https:\/\/www.magnetenspecialist.nl\/?post_type=product&p=138902"},"modified":"2025-05-22T16:54:37","modified_gmt":"2025-05-22T14:54:37","slug":"specialiste-des-aimants-bloc-magnetique-en-neodyme-19-x-19-x-64-mm-avec-revetement-en-plastique-et-fraise-lot-de-2","status":"publish","type":"product","link":"https:\/\/www.magnetenspecialist.nl\/fr\/magasin\/jeu-daimants-en-neodyme\/specialiste-des-aimants-bloc-magnetique-en-neodyme-19-x-19-x-64-mm-avec-revetement-en-plastique-et-fraise-lot-de-2\/","title":{"rendered":"Sp\u00e9cialiste des aimants Bloc magn\u00e9tique en n\u00e9odyme 19 \u00d7 19 \u00d7 6,4 mm avec rev\u00eatement en plastique et fraise &#8211; lot de 2"},"content":{"rendered":"<h3 data-start=\"227\" data-end=\"321\"><strong data-start=\"231\" data-end=\"321\">Aimant bloc en n\u00e9odyme 19 \u00d7 19 \u00d7 6,4 mm avec rev\u00eatement en plastique et fraise &#8211; jeu de 2<\/strong><\/h3>\n<p data-start=\"323\" data-end=\"743\">Ces puissants <strong data-start=\"338\" data-end=\"364\">aimants en n\u00e9odyme<\/strong> (19 \u00d7 19 \u00d7 6,4 mm) sont sp\u00e9cialement con\u00e7us pour une adh\u00e9rence maximale et une fixation durable. Gr\u00e2ce au <strong data-start=\"463\" data-end=\"492\">rev\u00eatement plastique robuste<\/strong>, les aimants sont non seulement mieux prot\u00e9g\u00e9s contre la corrosion et les rayures, mais aussi plus respectueux de la surface sur laquelle ils sont utilis\u00e9s. Les <strong data-start=\"637\" data-end=\"653\">trous de fixation<\/strong> permettent de visser facilement les aimants sur le bois, le m\u00e9tal ou le plastique.  <\/p>\n<h4 data-start=\"745\" data-end=\"775\"><strong data-start=\"750\" data-end=\"775\">Les avantages en un coup d&#8217;\u0153il :<\/strong><\/h4>\n<ul data-start=\"776\" data-end=\"1262\">\n<li data-start=\"776\" data-end=\"887\">\n<p data-start=\"778\" data-end=\"887\"><strong data-start=\"778\" data-end=\"799\">Extr\u00eamement puissant :<\/strong> fabriqu\u00e9 en n\u00e9odyme (NdFeB) de haute qualit\u00e9, l&#8217;aimant permanent le plus puissant du march\u00e9.<\/p>\n<\/li>\n<li data-start=\"888\" data-end=\"1022\">\n<p data-start=\"890\" data-end=\"1022\"><strong data-start=\"890\" data-end=\"915\">Rev\u00eatement protecteur :<\/strong> la gaine en plastique \u00e9vite d&#8217;endommager les surfaces de contact et prolonge la dur\u00e9e de vie de l&#8217;aimant.<\/p>\n<\/li>\n<li data-start=\"1023\" data-end=\"1126\">\n<p data-start=\"1025\" data-end=\"1126\"><strong data-start=\"1025\" data-end=\"1048\">Montage facile :<\/strong> \u00e9quip\u00e9 d&#8217;une fraise pour le montage par vis &#8211; id\u00e9al pour les installations fixes.<\/p>\n<\/li>\n<li data-start=\"1127\" data-end=\"1262\">\n<p data-start=\"1129\" data-end=\"1262\"><strong data-start=\"1129\" data-end=\"1154\">Utilisation polyvalente :<\/strong> Parfait pour les ateliers, les cuisines, les meubles, les applications industrielles et les projets de bricolage.<\/p>\n<\/li>\n<\/ul>\n<h4 data-start=\"1264\" data-end=\"1287\"><strong data-start=\"1269\" data-end=\"1287\">Sp\u00e9cifications :<\/strong><\/h4>\n<ul data-start=\"1288\" data-end=\"1466\">\n<li data-start=\"1288\" data-end=\"1324\">\n<p data-start=\"1290\" data-end=\"1324\"><strong data-start=\"1290\" data-end=\"1305\">Dimensions :<\/strong> 19 \u00d7 19 \u00d7 6,4 mm<\/p>\n<\/li>\n<li data-start=\"1325\" data-end=\"1380\">\n<p data-start=\"1327\" data-end=\"1380\"><strong data-start=\"1327\" data-end=\"1341\">Mat\u00e9riau :<\/strong> N\u00e9odyme (NdFeB), rev\u00eatement plastique<\/p>\n<\/li>\n<li data-start=\"1381\" data-end=\"1432\">\n<p data-start=\"1383\" data-end=\"1432\"><strong data-start=\"1383\" data-end=\"1395\">Montage :<\/strong> fraisage pour fixation par vis<\/p>\n<\/li>\n<li data-start=\"1433\" data-end=\"1466\">\n<p data-start=\"1435\" data-end=\"1466\"><strong data-start=\"1435\" data-end=\"1448\">Livraison :<\/strong> lot de 2<\/p>\n<\/li>\n<\/ul>\n<p data-start=\"1468\" data-end=\"1587\"><strong data-start=\"1468\" data-end=\"1479\">Remarque :<\/strong> les aimants en n\u00e9odyme sont tr\u00e8s puissants. Soyez prudent lorsque vous les manipulez pour \u00e9viter de les pincer ou de les endommager.<\/p>\n","protected":false},"excerpt":{"rendered":"<p>Aimant bloc en n\u00e9odyme 19 \u00d7 19 \u00d7 6,4 mm avec rev\u00eatement en plastique et fraise &#8211; jeu de 2 Ces puissants aimants en n\u00e9odyme (19 \u00d7 19 \u00d7 6,4 mm) sont sp\u00e9cialement con\u00e7us pour une adh\u00e9rence maximale et une fixation durable. Gr\u00e2ce au rev\u00eatement plastique robuste, les aimants sont non seulement mieux prot\u00e9g\u00e9s contre [&hellip;]<\/p>\n","protected":false},"featured_media":133572,"template":"","meta":{"_acf_changed":false},"product_brand":[3521],"product_cat":[3533],"product_tag":[],"class_list":{"0":"post-138902","1":"product","2":"type-product","3":"status-publish","4":"has-post-thumbnail","6":"product_brand-magnetenspecialist","7":"product_cat-jeu-daimants-en-neodyme","9":"first","10":"instock","11":"taxable","12":"shipping-taxable","13":"product-type-simple"},"supplier_id":null,"supplier_sku":"","barcode":null,"atum_controlled":true,"out_stock_date":null,"out_stock_threshold":null,"inheritable":false,"inbound_stock":0,"stock_on_hold":0,"sold_today":0,"sales_last_days":0,"reserved_stock":0,"customer_returns":0,"warehouse_damage":0,"lost_in_post":0,"other_logs":0,"out_stock_days":0,"lost_sales":0,"has_location":false,"update_date":"2026-04-03T08:06:11","atum_locations":[],"atum_stock_status":"instock","restock_status":false,"low_stock_amount":"","sales_update_date":"2026-04-03T08:06:11","calc_backorders":null,"acf":[],"yoast_head":"<!-- This site is optimized with the Yoast SEO Premium plugin v24.7 (Yoast SEO v24.7) - https:\/\/yoast.com\/wordpress\/plugins\/seo\/ -->\n<title>Sp\u00e9cialiste des aimants Bloc magn\u00e9tique en n\u00e9odyme 19 \u00d7 19 \u00d7 6,4 mm avec rev\u00eatement en plastique et fraise - lot de 2 - Magnetenspecialist.nl<\/title>\n<meta name=\"description\" content=\"Vous cherchez un Sp\u00e9cialiste des aimants Bloc magn\u00e9tique en n\u00e9odyme 19 \u00d7 19 \u00d7 6,4 mm avec rev\u00eatement en plastique et fraise - lot de 2? Les aimants peuvent \u00eatre achet\u00e9s facilement en ligne sur Magnetenspecialist.nl \u2713 1 jour ouvrable de d\u00e9lai de livraison \u2713 14 jours de d\u00e9lai de r\u00e9flexion \u2713 Exp\u00e9dition ou enl\u00e8vement *.\" \/>\n<meta name=\"robots\" content=\"index, follow, max-snippet:-1, max-image-preview:large, max-video-preview:-1\" \/>\n<link rel=\"canonical\" href=\"https:\/\/www.magnetenspecialist.nl\/fr\/magasin\/jeu-daimants-en-neodyme\/specialiste-des-aimants-bloc-magnetique-en-neodyme-19-x-19-x-64-mm-avec-revetement-en-plastique-et-fraise-lot-de-2\/\" \/>\n<meta property=\"og:locale\" content=\"fr_FR\" \/>\n<meta property=\"og:type\" content=\"article\" \/>\n<meta property=\"og:title\" content=\"Sp\u00e9cialiste des aimants Bloc magn\u00e9tique en n\u00e9odyme 19 \u00d7 19 \u00d7 6,4 mm avec rev\u00eatement en plastique et fraise - lot de 2\" \/>\n<meta property=\"og:description\" content=\"Vous cherchez un Sp\u00e9cialiste des aimants Bloc magn\u00e9tique en n\u00e9odyme 19 \u00d7 19 \u00d7 6,4 mm avec rev\u00eatement en plastique et fraise - lot de 2? Les aimants peuvent \u00eatre achet\u00e9s facilement en ligne sur Magnetenspecialist.nl \u2713 1 jour ouvrable de d\u00e9lai de livraison \u2713 14 jours de d\u00e9lai de r\u00e9flexion \u2713 Exp\u00e9dition ou enl\u00e8vement *.\" \/>\n<meta property=\"og:url\" content=\"https:\/\/www.magnetenspecialist.nl\/fr\/magasin\/jeu-daimants-en-neodyme\/specialiste-des-aimants-bloc-magnetique-en-neodyme-19-x-19-x-64-mm-avec-revetement-en-plastique-et-fraise-lot-de-2\/\" \/>\n<meta property=\"og:site_name\" content=\"Magnetenspecialist.nl\" \/>\n<meta property=\"article:publisher\" content=\"https:\/\/www.facebook.com\/Magnetenspecialist.nl\" \/>\n<meta property=\"og:image\" content=\"https:\/\/www.magnetenspecialist.nl\/wp-content\/uploads\/2024\/10\/Ontwerp-zonder-titel-28.png\" \/>\n\t<meta property=\"og:image:width\" content=\"1080\" \/>\n\t<meta property=\"og:image:height\" content=\"1080\" \/>\n\t<meta property=\"og:image:type\" content=\"image\/png\" \/>\n<meta name=\"twitter:card\" content=\"summary_large_image\" \/>\n<meta name=\"twitter:site\" content=\"@magnetenspecial\" \/>\n<meta name=\"twitter:label1\" content=\"Prix\" \/>\n\t<meta name=\"twitter:data1\" content=\"\" \/>\n\t<meta name=\"twitter:label2\" content=\"Disponibilit\u00e9\" \/>\n\t<meta name=\"twitter:data2\" content=\"En stock\" \/>\n<script type=\"application\/ld+json\" class=\"yoast-schema-graph\">{\"@context\":\"https:\/\/schema.org\",\"@graph\":[{\"@type\":\"WebPage\",\"@id\":\"https:\/\/www.magnetenspecialist.nl\/fr\/magasin\/jeu-daimants-en-neodyme\/specialiste-des-aimants-bloc-magnetique-en-neodyme-19-x-19-x-64-mm-avec-revetement-en-plastique-et-fraise-lot-de-2\/\",\"url\":\"https:\/\/www.magnetenspecialist.nl\/fr\/magasin\/jeu-daimants-en-neodyme\/specialiste-des-aimants-bloc-magnetique-en-neodyme-19-x-19-x-64-mm-avec-revetement-en-plastique-et-fraise-lot-de-2\/\",\"name\":\"Sp\u00e9cialiste des aimants Bloc magn\u00e9tique en n\u00e9odyme 19 \u00d7 19 \u00d7 6,4 mm avec rev\u00eatement en plastique et fraise - lot de 2 - Magnetenspecialist.nl\",\"isPartOf\":{\"@id\":\"https:\/\/www.magnetenspecialist.nl\/fr\/#website\"},\"primaryImageOfPage\":{\"@id\":\"https:\/\/www.magnetenspecialist.nl\/fr\/magasin\/jeu-daimants-en-neodyme\/specialiste-des-aimants-bloc-magnetique-en-neodyme-19-x-19-x-64-mm-avec-revetement-en-plastique-et-fraise-lot-de-2\/#primaryimage\"},\"image\":{\"@id\":\"https:\/\/www.magnetenspecialist.nl\/fr\/magasin\/jeu-daimants-en-neodyme\/specialiste-des-aimants-bloc-magnetique-en-neodyme-19-x-19-x-64-mm-avec-revetement-en-plastique-et-fraise-lot-de-2\/#primaryimage\"},\"thumbnailUrl\":\"https:\/\/www.magnetenspecialist.nl\/wp-content\/uploads\/2024\/10\/Ontwerp-zonder-titel-28.png\",\"datePublished\":\"2025-05-22T14:54:37+00:00\",\"description\":\"Vous cherchez un Sp\u00e9cialiste des aimants Bloc magn\u00e9tique en n\u00e9odyme 19 \u00d7 19 \u00d7 6,4 mm avec rev\u00eatement en plastique et fraise - lot de 2? Les aimants peuvent \u00eatre achet\u00e9s facilement en ligne sur Magnetenspecialist.nl \u2713 1 jour ouvrable de d\u00e9lai de livraison \u2713 14 jours de d\u00e9lai de r\u00e9flexion \u2713 Exp\u00e9dition ou enl\u00e8vement *.\",\"breadcrumb\":{\"@id\":\"https:\/\/www.magnetenspecialist.nl\/fr\/magasin\/jeu-daimants-en-neodyme\/specialiste-des-aimants-bloc-magnetique-en-neodyme-19-x-19-x-64-mm-avec-revetement-en-plastique-et-fraise-lot-de-2\/#breadcrumb\"},\"inLanguage\":\"fr-FR\",\"potentialAction\":[{\"@type\":\"ReadAction\",\"target\":[\"https:\/\/www.magnetenspecialist.nl\/fr\/magasin\/jeu-daimants-en-neodyme\/specialiste-des-aimants-bloc-magnetique-en-neodyme-19-x-19-x-64-mm-avec-revetement-en-plastique-et-fraise-lot-de-2\/\"]}]},{\"@type\":\"ImageObject\",\"inLanguage\":\"fr-FR\",\"@id\":\"https:\/\/www.magnetenspecialist.nl\/fr\/magasin\/jeu-daimants-en-neodyme\/specialiste-des-aimants-bloc-magnetique-en-neodyme-19-x-19-x-64-mm-avec-revetement-en-plastique-et-fraise-lot-de-2\/#primaryimage\",\"url\":\"https:\/\/www.magnetenspecialist.nl\/wp-content\/uploads\/2024\/10\/Ontwerp-zonder-titel-28.png\",\"contentUrl\":\"https:\/\/www.magnetenspecialist.nl\/wp-content\/uploads\/2024\/10\/Ontwerp-zonder-titel-28.png\",\"width\":1080,\"height\":1080,\"caption\":\"Vooraanzicht van de neodymium blokmagneet (19 x 19 x 6,4 mm), beschermd met een robuuste polypropyleen kunststof ommanteling en voorzien van een verzonken gat voor eenvoudige montage.\"},{\"@type\":\"BreadcrumbList\",\"@id\":\"https:\/\/www.magnetenspecialist.nl\/fr\/magasin\/jeu-daimants-en-neodyme\/specialiste-des-aimants-bloc-magnetique-en-neodyme-19-x-19-x-64-mm-avec-revetement-en-plastique-et-fraise-lot-de-2\/#breadcrumb\",\"itemListElement\":[{\"@type\":\"ListItem\",\"position\":1,\"name\":\"Accueil\",\"item\":\"https:\/\/www.magnetenspecialist.nl\/fr\/accueil\/\"},{\"@type\":\"ListItem\",\"position\":2,\"name\":\"Boutique\",\"item\":\"https:\/\/www.magnetenspecialist.nl\/fr\/boutique\/\"},{\"@type\":\"ListItem\",\"position\":3,\"name\":\"Priv\u00e9: Sp\u00e9cialiste des aimants Bloc magn\u00e9tique en n\u00e9odyme 19 \u00d7 19 \u00d7 6,4 mm avec rev\u00eatement en plastique et fraise &#8211; lot de 2\"}]},{\"@type\":\"WebSite\",\"@id\":\"https:\/\/www.magnetenspecialist.nl\/fr\/#website\",\"url\":\"https:\/\/www.magnetenspecialist.nl\/fr\/\",\"name\":\"Magnetenspecialist.nl\",\"description\":\"Vaste gamme d'aimants en n\u00e9odyme\",\"publisher\":{\"@id\":\"https:\/\/www.magnetenspecialist.nl\/fr\/#organization\"},\"potentialAction\":[{\"@type\":\"SearchAction\",\"target\":{\"@type\":\"EntryPoint\",\"urlTemplate\":\"https:\/\/www.magnetenspecialist.nl\/fr\/?s={search_term_string}\"},\"query-input\":{\"@type\":\"PropertyValueSpecification\",\"valueRequired\":true,\"valueName\":\"search_term_string\"}}],\"inLanguage\":\"fr-FR\"},{\"@type\":\"Organization\",\"@id\":\"https:\/\/www.magnetenspecialist.nl\/fr\/#organization\",\"name\":\"Magnetenspecialist.nl\",\"url\":\"https:\/\/www.magnetenspecialist.nl\/fr\/\",\"logo\":{\"@type\":\"ImageObject\",\"inLanguage\":\"fr-FR\",\"@id\":\"https:\/\/www.magnetenspecialist.nl\/fr\/#\/schema\/logo\/image\/\",\"url\":\"https:\/\/www.magnetenspecialist.nl\/wp-content\/uploads\/2018\/10\/magneten-logo.jpg\",\"contentUrl\":\"https:\/\/www.magnetenspecialist.nl\/wp-content\/uploads\/2018\/10\/magneten-logo.jpg\",\"width\":151,\"height\":151,\"caption\":\"Magnetenspecialist.nl\"},\"image\":{\"@id\":\"https:\/\/www.magnetenspecialist.nl\/fr\/#\/schema\/logo\/image\/\"},\"sameAs\":[\"https:\/\/www.facebook.com\/Magnetenspecialist.nl\",\"https:\/\/x.com\/magnetenspecial\"]}]}<\/script>\n<meta property=\"product:price:currency\" content=\"EUR\" \/>\n<meta property=\"og:availability\" content=\"instock\" \/>\n<meta property=\"product:availability\" content=\"instock\" \/>\n<meta property=\"product:retailer_item_id\" content=\"BLK19x19x6-N\" \/>\n<meta property=\"product:condition\" content=\"new\" \/>\n<!-- \/ Yoast SEO Premium plugin. -->","yoast_head_json":{"title":"Sp\u00e9cialiste des aimants Bloc magn\u00e9tique en n\u00e9odyme 19 \u00d7 19 \u00d7 6,4 mm avec rev\u00eatement en plastique et fraise - lot de 2 - Magnetenspecialist.nl","description":"Vous cherchez un Sp\u00e9cialiste des aimants Bloc magn\u00e9tique en n\u00e9odyme 19 \u00d7 19 \u00d7 6,4 mm avec rev\u00eatement en plastique et fraise - lot de 2? Les aimants peuvent \u00eatre achet\u00e9s facilement en ligne sur Magnetenspecialist.nl \u2713 1 jour ouvrable de d\u00e9lai de livraison \u2713 14 jours de d\u00e9lai de r\u00e9flexion \u2713 Exp\u00e9dition ou enl\u00e8vement *.","robots":{"index":"index","follow":"follow","max-snippet":"max-snippet:-1","max-image-preview":"max-image-preview:large","max-video-preview":"max-video-preview:-1"},"canonical":"https:\/\/www.magnetenspecialist.nl\/fr\/magasin\/jeu-daimants-en-neodyme\/specialiste-des-aimants-bloc-magnetique-en-neodyme-19-x-19-x-64-mm-avec-revetement-en-plastique-et-fraise-lot-de-2\/","og_locale":"fr_FR","og_type":"article","og_title":"Sp\u00e9cialiste des aimants Bloc magn\u00e9tique en n\u00e9odyme 19 \u00d7 19 \u00d7 6,4 mm avec rev\u00eatement en plastique et fraise - lot de 2","og_description":"Vous cherchez un Sp\u00e9cialiste des aimants Bloc magn\u00e9tique en n\u00e9odyme 19 \u00d7 19 \u00d7 6,4 mm avec rev\u00eatement en plastique et fraise - lot de 2? Les aimants peuvent \u00eatre achet\u00e9s facilement en ligne sur Magnetenspecialist.nl \u2713 1 jour ouvrable de d\u00e9lai de livraison \u2713 14 jours de d\u00e9lai de r\u00e9flexion \u2713 Exp\u00e9dition ou enl\u00e8vement *.","og_url":"https:\/\/www.magnetenspecialist.nl\/fr\/magasin\/jeu-daimants-en-neodyme\/specialiste-des-aimants-bloc-magnetique-en-neodyme-19-x-19-x-64-mm-avec-revetement-en-plastique-et-fraise-lot-de-2\/","og_site_name":"Magnetenspecialist.nl","article_publisher":"https:\/\/www.facebook.com\/Magnetenspecialist.nl","og_image":[{"width":1080,"height":1080,"url":"https:\/\/www.magnetenspecialist.nl\/wp-content\/uploads\/2024\/10\/Ontwerp-zonder-titel-28.png","type":"image\/png"}],"twitter_card":"summary_large_image","twitter_site":"@magnetenspecial","twitter_misc":{"Prix":"","Disponibilit\u00e9":"En stock"},"schema":{"@context":"https:\/\/schema.org","@graph":[{"@type":"WebPage","@id":"https:\/\/www.magnetenspecialist.nl\/fr\/magasin\/jeu-daimants-en-neodyme\/specialiste-des-aimants-bloc-magnetique-en-neodyme-19-x-19-x-64-mm-avec-revetement-en-plastique-et-fraise-lot-de-2\/","url":"https:\/\/www.magnetenspecialist.nl\/fr\/magasin\/jeu-daimants-en-neodyme\/specialiste-des-aimants-bloc-magnetique-en-neodyme-19-x-19-x-64-mm-avec-revetement-en-plastique-et-fraise-lot-de-2\/","name":"Sp\u00e9cialiste des aimants Bloc magn\u00e9tique en n\u00e9odyme 19 \u00d7 19 \u00d7 6,4 mm avec rev\u00eatement en plastique et fraise - lot de 2 - Magnetenspecialist.nl","isPartOf":{"@id":"https:\/\/www.magnetenspecialist.nl\/fr\/#website"},"primaryImageOfPage":{"@id":"https:\/\/www.magnetenspecialist.nl\/fr\/magasin\/jeu-daimants-en-neodyme\/specialiste-des-aimants-bloc-magnetique-en-neodyme-19-x-19-x-64-mm-avec-revetement-en-plastique-et-fraise-lot-de-2\/#primaryimage"},"image":{"@id":"https:\/\/www.magnetenspecialist.nl\/fr\/magasin\/jeu-daimants-en-neodyme\/specialiste-des-aimants-bloc-magnetique-en-neodyme-19-x-19-x-64-mm-avec-revetement-en-plastique-et-fraise-lot-de-2\/#primaryimage"},"thumbnailUrl":"https:\/\/www.magnetenspecialist.nl\/wp-content\/uploads\/2024\/10\/Ontwerp-zonder-titel-28.png","datePublished":"2025-05-22T14:54:37+00:00","description":"Vous cherchez un Sp\u00e9cialiste des aimants Bloc magn\u00e9tique en n\u00e9odyme 19 \u00d7 19 \u00d7 6,4 mm avec rev\u00eatement en plastique et fraise - lot de 2? Les aimants peuvent \u00eatre achet\u00e9s facilement en ligne sur Magnetenspecialist.nl \u2713 1 jour ouvrable de d\u00e9lai de livraison \u2713 14 jours de d\u00e9lai de r\u00e9flexion \u2713 Exp\u00e9dition ou enl\u00e8vement *.","breadcrumb":{"@id":"https:\/\/www.magnetenspecialist.nl\/fr\/magasin\/jeu-daimants-en-neodyme\/specialiste-des-aimants-bloc-magnetique-en-neodyme-19-x-19-x-64-mm-avec-revetement-en-plastique-et-fraise-lot-de-2\/#breadcrumb"},"inLanguage":"fr-FR","potentialAction":[{"@type":"ReadAction","target":["https:\/\/www.magnetenspecialist.nl\/fr\/magasin\/jeu-daimants-en-neodyme\/specialiste-des-aimants-bloc-magnetique-en-neodyme-19-x-19-x-64-mm-avec-revetement-en-plastique-et-fraise-lot-de-2\/"]}]},{"@type":"ImageObject","inLanguage":"fr-FR","@id":"https:\/\/www.magnetenspecialist.nl\/fr\/magasin\/jeu-daimants-en-neodyme\/specialiste-des-aimants-bloc-magnetique-en-neodyme-19-x-19-x-64-mm-avec-revetement-en-plastique-et-fraise-lot-de-2\/#primaryimage","url":"https:\/\/www.magnetenspecialist.nl\/wp-content\/uploads\/2024\/10\/Ontwerp-zonder-titel-28.png","contentUrl":"https:\/\/www.magnetenspecialist.nl\/wp-content\/uploads\/2024\/10\/Ontwerp-zonder-titel-28.png","width":1080,"height":1080,"caption":"Vooraanzicht van de neodymium blokmagneet (19 x 19 x 6,4 mm), beschermd met een robuuste polypropyleen kunststof ommanteling en voorzien van een verzonken gat voor eenvoudige montage."},{"@type":"BreadcrumbList","@id":"https:\/\/www.magnetenspecialist.nl\/fr\/magasin\/jeu-daimants-en-neodyme\/specialiste-des-aimants-bloc-magnetique-en-neodyme-19-x-19-x-64-mm-avec-revetement-en-plastique-et-fraise-lot-de-2\/#breadcrumb","itemListElement":[{"@type":"ListItem","position":1,"name":"Accueil","item":"https:\/\/www.magnetenspecialist.nl\/fr\/accueil\/"},{"@type":"ListItem","position":2,"name":"Boutique","item":"https:\/\/www.magnetenspecialist.nl\/fr\/boutique\/"},{"@type":"ListItem","position":3,"name":"Priv\u00e9: Sp\u00e9cialiste des aimants Bloc magn\u00e9tique en n\u00e9odyme 19 \u00d7 19 \u00d7 6,4 mm avec rev\u00eatement en plastique et fraise &#8211; lot de 2"}]},{"@type":"WebSite","@id":"https:\/\/www.magnetenspecialist.nl\/fr\/#website","url":"https:\/\/www.magnetenspecialist.nl\/fr\/","name":"Magnetenspecialist.nl","description":"Vaste gamme d'aimants en n\u00e9odyme","publisher":{"@id":"https:\/\/www.magnetenspecialist.nl\/fr\/#organization"},"potentialAction":[{"@type":"SearchAction","target":{"@type":"EntryPoint","urlTemplate":"https:\/\/www.magnetenspecialist.nl\/fr\/?s={search_term_string}"},"query-input":{"@type":"PropertyValueSpecification","valueRequired":true,"valueName":"search_term_string"}}],"inLanguage":"fr-FR"},{"@type":"Organization","@id":"https:\/\/www.magnetenspecialist.nl\/fr\/#organization","name":"Magnetenspecialist.nl","url":"https:\/\/www.magnetenspecialist.nl\/fr\/","logo":{"@type":"ImageObject","inLanguage":"fr-FR","@id":"https:\/\/www.magnetenspecialist.nl\/fr\/#\/schema\/logo\/image\/","url":"https:\/\/www.magnetenspecialist.nl\/wp-content\/uploads\/2018\/10\/magneten-logo.jpg","contentUrl":"https:\/\/www.magnetenspecialist.nl\/wp-content\/uploads\/2018\/10\/magneten-logo.jpg","width":151,"height":151,"caption":"Magnetenspecialist.nl"},"image":{"@id":"https:\/\/www.magnetenspecialist.nl\/fr\/#\/schema\/logo\/image\/"},"sameAs":["https:\/\/www.facebook.com\/Magnetenspecialist.nl","https:\/\/x.com\/magnetenspecial"]}]},"product_price_currency":"EUR","og_availability":"instock","product_availability":"instock","product_retailer_item_id":"BLK19x19x6-N","product_condition":"new"},"_links":{"self":[{"href":"https:\/\/www.magnetenspecialist.nl\/fr\/wp-json\/wp\/v2\/product\/138902","targetHints":{"allow":["GET"]}}],"collection":[{"href":"https:\/\/www.magnetenspecialist.nl\/fr\/wp-json\/wp\/v2\/product"}],"about":[{"href":"https:\/\/www.magnetenspecialist.nl\/fr\/wp-json\/wp\/v2\/types\/product"}],"wp:featuredmedia":[{"embeddable":true,"href":"https:\/\/www.magnetenspecialist.nl\/fr\/wp-json\/wp\/v2\/media\/133572"}],"wp:attachment":[{"href":"https:\/\/www.magnetenspecialist.nl\/fr\/wp-json\/wp\/v2\/media?parent=138902"}],"wp:term":[{"taxonomy":"product_brand","embeddable":true,"href":"https:\/\/www.magnetenspecialist.nl\/fr\/wp-json\/wp\/v2\/product_brand?post=138902"},{"taxonomy":"product_cat","embeddable":true,"href":"https:\/\/www.magnetenspecialist.nl\/fr\/wp-json\/wp\/v2\/product_cat?post=138902"},{"taxonomy":"product_tag","embeddable":true,"href":"https:\/\/www.magnetenspecialist.nl\/fr\/wp-json\/wp\/v2\/product_tag?post=138902"}],"curies":[{"name":"wp","href":"https:\/\/api.w.org\/{rel}","templated":true}]}}