{"id":138932,"date":"2025-05-23T13:02:54","date_gmt":"2025-05-23T11:02:54","guid":{"rendered":"https:\/\/www.magnetenspecialist.nl\/?post_type=product&p=138932"},"modified":"2025-05-23T13:02:54","modified_gmt":"2025-05-23T11:02:54","slug":"specialiste-des-aimants-bloc-magnetique-adhesif-30-x-10-x-1-mm-neodyme-n48-lot-de-30","status":"publish","type":"product","link":"https:\/\/www.magnetenspecialist.nl\/fr\/magasin\/jeu-daimants-en-neodyme\/specialiste-des-aimants-bloc-magnetique-adhesif-30-x-10-x-1-mm-neodyme-n48-lot-de-30\/","title":{"rendered":"Sp\u00e9cialiste des aimants Bloc magn\u00e9tique adh\u00e9sif 30 \u00d7 10 \u00d7 1 mm N\u00e9odyme N48 &#8211; lot de 30"},"content":{"rendered":"<h3 data-start=\"161\" data-end=\"231\"><strong data-start=\"165\" data-end=\"231\">Bloc magn\u00e9tique adh\u00e9sif 30\u00d710\u00d71 mm N\u00e9odyme N48 &#8211; lot de 30<\/strong><\/h3>\n<p data-start=\"233\" data-end=\"526\">Ces <strong data-start=\"250\" data-end=\"289\">aimants bloc n\u00e9odyme autocollants<\/strong> extra-longs de 30\u00d710\u00d71 mm offrent une adh\u00e9rence maximale dans un profil ultra-mince. Gr\u00e2ce \u00e0 la forte <strong data-start=\"373\" data-end=\"388\">couche adh\u00e9sive 3M<\/strong> et au mat\u00e9riau N48 haute performance, ces aimants sont id\u00e9aux pour les applications de montage \u00e0 plat avec des exigences \u00e9lev\u00e9es en mati\u00e8re d&#8217;adh\u00e9rence et de pr\u00e9cision. <\/p>\n<h4 data-start=\"528\" data-end=\"545\">&#x2705; Avantages :<\/h4>\n<ul data-start=\"546\" data-end=\"921\">\n<li data-start=\"546\" data-end=\"646\">\n<p data-start=\"548\" data-end=\"646\"><strong data-start=\"548\" data-end=\"572\">Profil long et fin :<\/strong> Seulement 1 mm d&#8217;\u00e9paisseur, mais avec une longueur suppl\u00e9mentaire pour des surfaces de contact plus grandes.<\/p>\n<\/li>\n<li data-start=\"647\" data-end=\"740\">\n<p data-start=\"649\" data-end=\"740\"><strong data-start=\"649\" data-end=\"672\">Pr\u00eat \u00e0 l&#8217;emploi :<\/strong> auto-adh\u00e9sif avec le ruban industriel 3M &#8211; pas besoin de vis ni de colle.<\/p>\n<\/li>\n<li data-start=\"741\" data-end=\"857\">\n<p data-start=\"743\" data-end=\"857\"><strong data-start=\"743\" data-end=\"777\">Id\u00e9al pour les finitions serr\u00e9es :<\/strong> convient pour les meubles, les pr\u00e9sentoirs, les emballages, le mod\u00e9lisme et les projets d&#8217;int\u00e9rieur.<\/p>\n<\/li>\n<li data-start=\"858\" data-end=\"921\">\n<p data-start=\"860\" data-end=\"921\"><strong data-start=\"860\" data-end=\"881\">Lot de 30 :<\/strong> pour une utilisation professionnelle et cr\u00e9ative.<\/p>\n<\/li>\n<\/ul>\n<h4 data-start=\"923\" data-end=\"945\">&#x1f4d0; Sp\u00e9cifications :<\/h4>\n<ul data-start=\"946\" data-end=\"1155\">\n<li data-start=\"946\" data-end=\"1003\">\n<p data-start=\"948\" data-end=\"1003\"><strong data-start=\"948\" data-end=\"963\">Dimensions :<\/strong> 30\u00d710\u00d71 mm (longueur \u00d7 largeur \u00d7 \u00e9paisseur)<\/p>\n<\/li>\n<li data-start=\"1004\" data-end=\"1045\">\n<p data-start=\"1006\" data-end=\"1045\"><strong data-start=\"1006\" data-end=\"1020\">Mat\u00e9riau :<\/strong> N\u00e9odyme (NdFeB), N48<\/p>\n<\/li>\n<li data-start=\"1046\" data-end=\"1091\">\n<p data-start=\"1048\" data-end=\"1091\"><strong data-start=\"1048\" data-end=\"1064\">Fixation :<\/strong> Autocollant avec 3M 467MP<\/p>\n<\/li>\n<li data-start=\"1092\" data-end=\"1130\">\n<p data-start=\"1094\" data-end=\"1130\"><strong data-start=\"1094\" data-end=\"1106\">Rev\u00eatement :<\/strong> nickel\u00e9 (Ni-Cu-Ni)<\/p>\n<\/li>\n<li data-start=\"1131\" data-end=\"1155\">\n<p data-start=\"1133\" data-end=\"1155\"><strong data-start=\"1133\" data-end=\"1144\">Nombre :<\/strong> 30 pi\u00e8ces<\/p>\n<\/li>\n<\/ul>\n<p data-start=\"1157\" data-end=\"1299\">Gr\u00e2ce \u00e0 leur forme plate et \u00e0 leur forte adh\u00e9rence, ces aimants en bloc constituent un choix judicieux pour les applications o\u00f9 la discr\u00e9tion et la fiabilit\u00e9 sont de mise.<\/p>\n","protected":false},"excerpt":{"rendered":"<p>Bloc magn\u00e9tique adh\u00e9sif 30\u00d710\u00d71 mm N\u00e9odyme N48 &#8211; lot de 30 Ces aimants bloc n\u00e9odyme autocollants extra-longs de 30\u00d710\u00d71 mm offrent une adh\u00e9rence maximale dans un profil ultra-mince. Gr\u00e2ce \u00e0 la forte couche adh\u00e9sive 3M et au mat\u00e9riau N48 haute performance, ces aimants sont id\u00e9aux pour les applications de montage \u00e0 plat avec des exigences [&hellip;]<\/p>\n","protected":false},"featured_media":113417,"template":"","meta":{"_acf_changed":false},"product_brand":[3521],"product_cat":[3533],"product_tag":[],"class_list":{"0":"post-138932","1":"product","2":"type-product","3":"status-publish","4":"has-post-thumbnail","6":"product_brand-magnetenspecialist","7":"product_cat-jeu-daimants-en-neodyme","9":"first","10":"instock","11":"taxable","12":"shipping-taxable","13":"product-type-simple"},"supplier_id":null,"supplier_sku":"","barcode":null,"atum_controlled":true,"out_stock_date":null,"out_stock_threshold":null,"inheritable":false,"inbound_stock":0,"stock_on_hold":0,"sold_today":0,"sales_last_days":0,"reserved_stock":0,"customer_returns":0,"warehouse_damage":0,"lost_in_post":0,"other_logs":0,"out_stock_days":0,"lost_sales":0,"has_location":false,"update_date":"2026-04-03T08:06:11","atum_locations":[],"atum_stock_status":"instock","restock_status":false,"low_stock_amount":"","sales_update_date":"2026-04-03T08:06:11","calc_backorders":null,"acf":[],"yoast_head":"<!-- This site is optimized with the Yoast SEO Premium plugin v24.7 (Yoast SEO v24.7) - https:\/\/yoast.com\/wordpress\/plugins\/seo\/ -->\n<title>Sp\u00e9cialiste des aimants Bloc magn\u00e9tique adh\u00e9sif 30 \u00d7 10 \u00d7 1 mm N\u00e9odyme N48 - lot de 30 - Magnetenspecialist.nl<\/title>\n<meta name=\"description\" content=\"Vous cherchez un Sp\u00e9cialiste des aimants Bloc magn\u00e9tique adh\u00e9sif 30 \u00d7 10 \u00d7 1 mm N\u00e9odyme N48 - lot de 30? Les aimants peuvent \u00eatre achet\u00e9s facilement en ligne sur Magnetenspecialist.nl \u2713 1 jour ouvrable de d\u00e9lai de livraison \u2713 14 jours de d\u00e9lai de r\u00e9flexion \u2713 Exp\u00e9dition ou enl\u00e8vement *.\" \/>\n<meta name=\"robots\" content=\"index, follow, max-snippet:-1, max-image-preview:large, max-video-preview:-1\" \/>\n<link rel=\"canonical\" href=\"https:\/\/www.magnetenspecialist.nl\/fr\/magasin\/jeu-daimants-en-neodyme\/specialiste-des-aimants-bloc-magnetique-adhesif-30-x-10-x-1-mm-neodyme-n48-lot-de-30\/\" \/>\n<meta property=\"og:locale\" content=\"fr_FR\" \/>\n<meta property=\"og:type\" content=\"article\" \/>\n<meta property=\"og:title\" content=\"Sp\u00e9cialiste des aimants Bloc magn\u00e9tique adh\u00e9sif 30 \u00d7 10 \u00d7 1 mm N\u00e9odyme N48 - lot de 30\" \/>\n<meta property=\"og:description\" content=\"Vous cherchez un Sp\u00e9cialiste des aimants Bloc magn\u00e9tique adh\u00e9sif 30 \u00d7 10 \u00d7 1 mm N\u00e9odyme N48 - lot de 30? Les aimants peuvent \u00eatre achet\u00e9s facilement en ligne sur Magnetenspecialist.nl \u2713 1 jour ouvrable de d\u00e9lai de livraison \u2713 14 jours de d\u00e9lai de r\u00e9flexion \u2713 Exp\u00e9dition ou enl\u00e8vement *.\" \/>\n<meta property=\"og:url\" content=\"https:\/\/www.magnetenspecialist.nl\/fr\/magasin\/jeu-daimants-en-neodyme\/specialiste-des-aimants-bloc-magnetique-adhesif-30-x-10-x-1-mm-neodyme-n48-lot-de-30\/\" \/>\n<meta property=\"og:site_name\" content=\"Magnetenspecialist.nl\" \/>\n<meta property=\"article:publisher\" content=\"https:\/\/www.facebook.com\/Magnetenspecialist.nl\" \/>\n<meta property=\"og:image\" content=\"https:\/\/www.magnetenspecialist.nl\/wp-content\/uploads\/2019\/03\/Magnetenspecialist.nl_Blokmagneet-30-x-10-x-1-mm-zelfklevend_1.jpg\" \/>\n\t<meta property=\"og:image:width\" content=\"1500\" \/>\n\t<meta property=\"og:image:height\" content=\"1500\" \/>\n\t<meta property=\"og:image:type\" content=\"image\/jpeg\" \/>\n<meta name=\"twitter:card\" content=\"summary_large_image\" \/>\n<meta name=\"twitter:site\" content=\"@magnetenspecial\" \/>\n<meta name=\"twitter:label1\" content=\"Prix\" \/>\n\t<meta name=\"twitter:data1\" content=\"\" \/>\n\t<meta name=\"twitter:label2\" content=\"Disponibilit\u00e9\" \/>\n\t<meta name=\"twitter:data2\" content=\"En stock\" \/>\n<script type=\"application\/ld+json\" class=\"yoast-schema-graph\">{\"@context\":\"https:\/\/schema.org\",\"@graph\":[{\"@type\":\"WebPage\",\"@id\":\"https:\/\/www.magnetenspecialist.nl\/fr\/magasin\/jeu-daimants-en-neodyme\/specialiste-des-aimants-bloc-magnetique-adhesif-30-x-10-x-1-mm-neodyme-n48-lot-de-30\/\",\"url\":\"https:\/\/www.magnetenspecialist.nl\/fr\/magasin\/jeu-daimants-en-neodyme\/specialiste-des-aimants-bloc-magnetique-adhesif-30-x-10-x-1-mm-neodyme-n48-lot-de-30\/\",\"name\":\"Sp\u00e9cialiste des aimants Bloc magn\u00e9tique adh\u00e9sif 30 \u00d7 10 \u00d7 1 mm N\u00e9odyme N48 - lot de 30 - Magnetenspecialist.nl\",\"isPartOf\":{\"@id\":\"https:\/\/www.magnetenspecialist.nl\/fr\/#website\"},\"primaryImageOfPage\":{\"@id\":\"https:\/\/www.magnetenspecialist.nl\/fr\/magasin\/jeu-daimants-en-neodyme\/specialiste-des-aimants-bloc-magnetique-adhesif-30-x-10-x-1-mm-neodyme-n48-lot-de-30\/#primaryimage\"},\"image\":{\"@id\":\"https:\/\/www.magnetenspecialist.nl\/fr\/magasin\/jeu-daimants-en-neodyme\/specialiste-des-aimants-bloc-magnetique-adhesif-30-x-10-x-1-mm-neodyme-n48-lot-de-30\/#primaryimage\"},\"thumbnailUrl\":\"https:\/\/www.magnetenspecialist.nl\/wp-content\/uploads\/2019\/03\/Magnetenspecialist.nl_Blokmagneet-30-x-10-x-1-mm-zelfklevend_1.jpg\",\"datePublished\":\"2025-05-23T11:02:54+00:00\",\"description\":\"Vous cherchez un Sp\u00e9cialiste des aimants Bloc magn\u00e9tique adh\u00e9sif 30 \u00d7 10 \u00d7 1 mm N\u00e9odyme N48 - lot de 30? Les aimants peuvent \u00eatre achet\u00e9s facilement en ligne sur Magnetenspecialist.nl \u2713 1 jour ouvrable de d\u00e9lai de livraison \u2713 14 jours de d\u00e9lai de r\u00e9flexion \u2713 Exp\u00e9dition ou enl\u00e8vement *.\",\"breadcrumb\":{\"@id\":\"https:\/\/www.magnetenspecialist.nl\/fr\/magasin\/jeu-daimants-en-neodyme\/specialiste-des-aimants-bloc-magnetique-adhesif-30-x-10-x-1-mm-neodyme-n48-lot-de-30\/#breadcrumb\"},\"inLanguage\":\"fr-FR\",\"potentialAction\":[{\"@type\":\"ReadAction\",\"target\":[\"https:\/\/www.magnetenspecialist.nl\/fr\/magasin\/jeu-daimants-en-neodyme\/specialiste-des-aimants-bloc-magnetique-adhesif-30-x-10-x-1-mm-neodyme-n48-lot-de-30\/\"]}]},{\"@type\":\"ImageObject\",\"inLanguage\":\"fr-FR\",\"@id\":\"https:\/\/www.magnetenspecialist.nl\/fr\/magasin\/jeu-daimants-en-neodyme\/specialiste-des-aimants-bloc-magnetique-adhesif-30-x-10-x-1-mm-neodyme-n48-lot-de-30\/#primaryimage\",\"url\":\"https:\/\/www.magnetenspecialist.nl\/wp-content\/uploads\/2019\/03\/Magnetenspecialist.nl_Blokmagneet-30-x-10-x-1-mm-zelfklevend_1.jpg\",\"contentUrl\":\"https:\/\/www.magnetenspecialist.nl\/wp-content\/uploads\/2019\/03\/Magnetenspecialist.nl_Blokmagneet-30-x-10-x-1-mm-zelfklevend_1.jpg\",\"width\":1500,\"height\":1500},{\"@type\":\"BreadcrumbList\",\"@id\":\"https:\/\/www.magnetenspecialist.nl\/fr\/magasin\/jeu-daimants-en-neodyme\/specialiste-des-aimants-bloc-magnetique-adhesif-30-x-10-x-1-mm-neodyme-n48-lot-de-30\/#breadcrumb\",\"itemListElement\":[{\"@type\":\"ListItem\",\"position\":1,\"name\":\"Accueil\",\"item\":\"https:\/\/www.magnetenspecialist.nl\/fr\/accueil\/\"},{\"@type\":\"ListItem\",\"position\":2,\"name\":\"Boutique\",\"item\":\"https:\/\/www.magnetenspecialist.nl\/fr\/boutique\/\"},{\"@type\":\"ListItem\",\"position\":3,\"name\":\"Priv\u00e9: Sp\u00e9cialiste des aimants Bloc magn\u00e9tique adh\u00e9sif 30 \u00d7 10 \u00d7 1 mm N\u00e9odyme N48 &#8211; lot de 30\"}]},{\"@type\":\"WebSite\",\"@id\":\"https:\/\/www.magnetenspecialist.nl\/fr\/#website\",\"url\":\"https:\/\/www.magnetenspecialist.nl\/fr\/\",\"name\":\"Magnetenspecialist.nl\",\"description\":\"Vaste gamme d'aimants en n\u00e9odyme\",\"publisher\":{\"@id\":\"https:\/\/www.magnetenspecialist.nl\/fr\/#organization\"},\"potentialAction\":[{\"@type\":\"SearchAction\",\"target\":{\"@type\":\"EntryPoint\",\"urlTemplate\":\"https:\/\/www.magnetenspecialist.nl\/fr\/?s={search_term_string}\"},\"query-input\":{\"@type\":\"PropertyValueSpecification\",\"valueRequired\":true,\"valueName\":\"search_term_string\"}}],\"inLanguage\":\"fr-FR\"},{\"@type\":\"Organization\",\"@id\":\"https:\/\/www.magnetenspecialist.nl\/fr\/#organization\",\"name\":\"Magnetenspecialist.nl\",\"url\":\"https:\/\/www.magnetenspecialist.nl\/fr\/\",\"logo\":{\"@type\":\"ImageObject\",\"inLanguage\":\"fr-FR\",\"@id\":\"https:\/\/www.magnetenspecialist.nl\/fr\/#\/schema\/logo\/image\/\",\"url\":\"https:\/\/www.magnetenspecialist.nl\/wp-content\/uploads\/2018\/10\/magneten-logo.jpg\",\"contentUrl\":\"https:\/\/www.magnetenspecialist.nl\/wp-content\/uploads\/2018\/10\/magneten-logo.jpg\",\"width\":151,\"height\":151,\"caption\":\"Magnetenspecialist.nl\"},\"image\":{\"@id\":\"https:\/\/www.magnetenspecialist.nl\/fr\/#\/schema\/logo\/image\/\"},\"sameAs\":[\"https:\/\/www.facebook.com\/Magnetenspecialist.nl\",\"https:\/\/x.com\/magnetenspecial\"]}]}<\/script>\n<meta property=\"product:price:currency\" content=\"EUR\" \/>\n<meta property=\"og:availability\" content=\"instock\" \/>\n<meta property=\"product:availability\" content=\"instock\" \/>\n<meta property=\"product:retailer_item_id\" content=\"BL30x10x1-N-30\" \/>\n<meta property=\"product:condition\" content=\"new\" \/>\n<!-- \/ Yoast SEO Premium plugin. -->","yoast_head_json":{"title":"Sp\u00e9cialiste des aimants Bloc magn\u00e9tique adh\u00e9sif 30 \u00d7 10 \u00d7 1 mm N\u00e9odyme N48 - lot de 30 - Magnetenspecialist.nl","description":"Vous cherchez un Sp\u00e9cialiste des aimants Bloc magn\u00e9tique adh\u00e9sif 30 \u00d7 10 \u00d7 1 mm N\u00e9odyme N48 - lot de 30? Les aimants peuvent \u00eatre achet\u00e9s facilement en ligne sur Magnetenspecialist.nl \u2713 1 jour ouvrable de d\u00e9lai de livraison \u2713 14 jours de d\u00e9lai de r\u00e9flexion \u2713 Exp\u00e9dition ou enl\u00e8vement *.","robots":{"index":"index","follow":"follow","max-snippet":"max-snippet:-1","max-image-preview":"max-image-preview:large","max-video-preview":"max-video-preview:-1"},"canonical":"https:\/\/www.magnetenspecialist.nl\/fr\/magasin\/jeu-daimants-en-neodyme\/specialiste-des-aimants-bloc-magnetique-adhesif-30-x-10-x-1-mm-neodyme-n48-lot-de-30\/","og_locale":"fr_FR","og_type":"article","og_title":"Sp\u00e9cialiste des aimants Bloc magn\u00e9tique adh\u00e9sif 30 \u00d7 10 \u00d7 1 mm N\u00e9odyme N48 - lot de 30","og_description":"Vous cherchez un Sp\u00e9cialiste des aimants Bloc magn\u00e9tique adh\u00e9sif 30 \u00d7 10 \u00d7 1 mm N\u00e9odyme N48 - lot de 30? Les aimants peuvent \u00eatre achet\u00e9s facilement en ligne sur Magnetenspecialist.nl \u2713 1 jour ouvrable de d\u00e9lai de livraison \u2713 14 jours de d\u00e9lai de r\u00e9flexion \u2713 Exp\u00e9dition ou enl\u00e8vement *.","og_url":"https:\/\/www.magnetenspecialist.nl\/fr\/magasin\/jeu-daimants-en-neodyme\/specialiste-des-aimants-bloc-magnetique-adhesif-30-x-10-x-1-mm-neodyme-n48-lot-de-30\/","og_site_name":"Magnetenspecialist.nl","article_publisher":"https:\/\/www.facebook.com\/Magnetenspecialist.nl","og_image":[{"width":1500,"height":1500,"url":"https:\/\/www.magnetenspecialist.nl\/wp-content\/uploads\/2019\/03\/Magnetenspecialist.nl_Blokmagneet-30-x-10-x-1-mm-zelfklevend_1.jpg","type":"image\/jpeg"}],"twitter_card":"summary_large_image","twitter_site":"@magnetenspecial","twitter_misc":{"Prix":"","Disponibilit\u00e9":"En stock"},"schema":{"@context":"https:\/\/schema.org","@graph":[{"@type":"WebPage","@id":"https:\/\/www.magnetenspecialist.nl\/fr\/magasin\/jeu-daimants-en-neodyme\/specialiste-des-aimants-bloc-magnetique-adhesif-30-x-10-x-1-mm-neodyme-n48-lot-de-30\/","url":"https:\/\/www.magnetenspecialist.nl\/fr\/magasin\/jeu-daimants-en-neodyme\/specialiste-des-aimants-bloc-magnetique-adhesif-30-x-10-x-1-mm-neodyme-n48-lot-de-30\/","name":"Sp\u00e9cialiste des aimants Bloc magn\u00e9tique adh\u00e9sif 30 \u00d7 10 \u00d7 1 mm N\u00e9odyme N48 - lot de 30 - Magnetenspecialist.nl","isPartOf":{"@id":"https:\/\/www.magnetenspecialist.nl\/fr\/#website"},"primaryImageOfPage":{"@id":"https:\/\/www.magnetenspecialist.nl\/fr\/magasin\/jeu-daimants-en-neodyme\/specialiste-des-aimants-bloc-magnetique-adhesif-30-x-10-x-1-mm-neodyme-n48-lot-de-30\/#primaryimage"},"image":{"@id":"https:\/\/www.magnetenspecialist.nl\/fr\/magasin\/jeu-daimants-en-neodyme\/specialiste-des-aimants-bloc-magnetique-adhesif-30-x-10-x-1-mm-neodyme-n48-lot-de-30\/#primaryimage"},"thumbnailUrl":"https:\/\/www.magnetenspecialist.nl\/wp-content\/uploads\/2019\/03\/Magnetenspecialist.nl_Blokmagneet-30-x-10-x-1-mm-zelfklevend_1.jpg","datePublished":"2025-05-23T11:02:54+00:00","description":"Vous cherchez un Sp\u00e9cialiste des aimants Bloc magn\u00e9tique adh\u00e9sif 30 \u00d7 10 \u00d7 1 mm N\u00e9odyme N48 - lot de 30? Les aimants peuvent \u00eatre achet\u00e9s facilement en ligne sur Magnetenspecialist.nl \u2713 1 jour ouvrable de d\u00e9lai de livraison \u2713 14 jours de d\u00e9lai de r\u00e9flexion \u2713 Exp\u00e9dition ou enl\u00e8vement *.","breadcrumb":{"@id":"https:\/\/www.magnetenspecialist.nl\/fr\/magasin\/jeu-daimants-en-neodyme\/specialiste-des-aimants-bloc-magnetique-adhesif-30-x-10-x-1-mm-neodyme-n48-lot-de-30\/#breadcrumb"},"inLanguage":"fr-FR","potentialAction":[{"@type":"ReadAction","target":["https:\/\/www.magnetenspecialist.nl\/fr\/magasin\/jeu-daimants-en-neodyme\/specialiste-des-aimants-bloc-magnetique-adhesif-30-x-10-x-1-mm-neodyme-n48-lot-de-30\/"]}]},{"@type":"ImageObject","inLanguage":"fr-FR","@id":"https:\/\/www.magnetenspecialist.nl\/fr\/magasin\/jeu-daimants-en-neodyme\/specialiste-des-aimants-bloc-magnetique-adhesif-30-x-10-x-1-mm-neodyme-n48-lot-de-30\/#primaryimage","url":"https:\/\/www.magnetenspecialist.nl\/wp-content\/uploads\/2019\/03\/Magnetenspecialist.nl_Blokmagneet-30-x-10-x-1-mm-zelfklevend_1.jpg","contentUrl":"https:\/\/www.magnetenspecialist.nl\/wp-content\/uploads\/2019\/03\/Magnetenspecialist.nl_Blokmagneet-30-x-10-x-1-mm-zelfklevend_1.jpg","width":1500,"height":1500},{"@type":"BreadcrumbList","@id":"https:\/\/www.magnetenspecialist.nl\/fr\/magasin\/jeu-daimants-en-neodyme\/specialiste-des-aimants-bloc-magnetique-adhesif-30-x-10-x-1-mm-neodyme-n48-lot-de-30\/#breadcrumb","itemListElement":[{"@type":"ListItem","position":1,"name":"Accueil","item":"https:\/\/www.magnetenspecialist.nl\/fr\/accueil\/"},{"@type":"ListItem","position":2,"name":"Boutique","item":"https:\/\/www.magnetenspecialist.nl\/fr\/boutique\/"},{"@type":"ListItem","position":3,"name":"Priv\u00e9: Sp\u00e9cialiste des aimants Bloc magn\u00e9tique adh\u00e9sif 30 \u00d7 10 \u00d7 1 mm N\u00e9odyme N48 &#8211; lot de 30"}]},{"@type":"WebSite","@id":"https:\/\/www.magnetenspecialist.nl\/fr\/#website","url":"https:\/\/www.magnetenspecialist.nl\/fr\/","name":"Magnetenspecialist.nl","description":"Vaste gamme d'aimants en n\u00e9odyme","publisher":{"@id":"https:\/\/www.magnetenspecialist.nl\/fr\/#organization"},"potentialAction":[{"@type":"SearchAction","target":{"@type":"EntryPoint","urlTemplate":"https:\/\/www.magnetenspecialist.nl\/fr\/?s={search_term_string}"},"query-input":{"@type":"PropertyValueSpecification","valueRequired":true,"valueName":"search_term_string"}}],"inLanguage":"fr-FR"},{"@type":"Organization","@id":"https:\/\/www.magnetenspecialist.nl\/fr\/#organization","name":"Magnetenspecialist.nl","url":"https:\/\/www.magnetenspecialist.nl\/fr\/","logo":{"@type":"ImageObject","inLanguage":"fr-FR","@id":"https:\/\/www.magnetenspecialist.nl\/fr\/#\/schema\/logo\/image\/","url":"https:\/\/www.magnetenspecialist.nl\/wp-content\/uploads\/2018\/10\/magneten-logo.jpg","contentUrl":"https:\/\/www.magnetenspecialist.nl\/wp-content\/uploads\/2018\/10\/magneten-logo.jpg","width":151,"height":151,"caption":"Magnetenspecialist.nl"},"image":{"@id":"https:\/\/www.magnetenspecialist.nl\/fr\/#\/schema\/logo\/image\/"},"sameAs":["https:\/\/www.facebook.com\/Magnetenspecialist.nl","https:\/\/x.com\/magnetenspecial"]}]},"product_price_currency":"EUR","og_availability":"instock","product_availability":"instock","product_retailer_item_id":"BL30x10x1-N-30","product_condition":"new"},"_links":{"self":[{"href":"https:\/\/www.magnetenspecialist.nl\/fr\/wp-json\/wp\/v2\/product\/138932","targetHints":{"allow":["GET"]}}],"collection":[{"href":"https:\/\/www.magnetenspecialist.nl\/fr\/wp-json\/wp\/v2\/product"}],"about":[{"href":"https:\/\/www.magnetenspecialist.nl\/fr\/wp-json\/wp\/v2\/types\/product"}],"wp:featuredmedia":[{"embeddable":true,"href":"https:\/\/www.magnetenspecialist.nl\/fr\/wp-json\/wp\/v2\/media\/113417"}],"wp:attachment":[{"href":"https:\/\/www.magnetenspecialist.nl\/fr\/wp-json\/wp\/v2\/media?parent=138932"}],"wp:term":[{"taxonomy":"product_brand","embeddable":true,"href":"https:\/\/www.magnetenspecialist.nl\/fr\/wp-json\/wp\/v2\/product_brand?post=138932"},{"taxonomy":"product_cat","embeddable":true,"href":"https:\/\/www.magnetenspecialist.nl\/fr\/wp-json\/wp\/v2\/product_cat?post=138932"},{"taxonomy":"product_tag","embeddable":true,"href":"https:\/\/www.magnetenspecialist.nl\/fr\/wp-json\/wp\/v2\/product_tag?post=138932"}],"curies":[{"name":"wp","href":"https:\/\/api.w.org\/{rel}","templated":true}]}}