{"id":139013,"date":"2025-05-27T09:46:10","date_gmt":"2025-05-27T07:46:10","guid":{"rendered":"https:\/\/www.magnetenspecialist.nl\/winkel\/non class\u00e9\/aimant-en-neodyme-8-9x50mm-n52-diametralement-magnetise\/"},"modified":"2025-05-27T09:46:10","modified_gmt":"2025-05-27T07:46:10","slug":"aimant-en-neodyme-8-9x50mm-n52-diametralement-magnetise","status":"publish","type":"product","link":"https:\/\/www.magnetenspecialist.nl\/fr\/magasin\/aimants-cylindriques\/aimant-en-neodyme-8-9x50mm-n52-diametralement-magnetise\/","title":{"rendered":"Aimant en n\u00e9odyme 8.9x50mm &#8211; N52, diam\u00e9tralement magn\u00e9tis\u00e9"},"content":{"rendered":"<h3 data-start=\"259\" data-end=\"331\"><strong data-start=\"263\" data-end=\"331\">Aimant en n\u00e9odyme 8.9x50mm &#8211; N52, diam\u00e9tralement magn\u00e9tis\u00e9<\/strong><\/h3>\n<p data-start=\"333\" data-end=\"782\">Ce <strong data-start=\"338\" data-end=\"378\">barreau aimant\u00e9 en n\u00e9odyme (8,9 x 50 mm)<\/strong> de <strong data-start=\"383\" data-end=\"398\">force N52<\/strong> est unique en son genre : il est <strong data-start=\"430\" data-end=\"459\">magn\u00e9tis\u00e9 diam\u00e9tralement<\/strong>, ce qui signifie que le champ magn\u00e9tique <strong data-start=\"498\" data-end=\"518\">traverse le diam\u00e8tre<\/strong> &#8211; d&#8217;un c\u00f4t\u00e9 \u00e0 l&#8217;autre &#8211; au lieu de passer par l&#8217;axe longitudinal. Cela cr\u00e9e une <strong data-start=\"607\" data-end=\"634\">distribution radiale de la force<\/strong>, parfaite pour des applications telles que les accouplements rotatifs, les capteurs et les structures d&#8217;ing\u00e9nierie o\u00f9 la magn\u00e9tisation axiale traditionnelle est insuffisante. <\/p>\n<h4 data-start=\"784\" data-end=\"805\">&#x2705; Sp\u00e9cifications :<\/h4>\n<ul data-start=\"806\" data-end=\"1019\">\n<li data-start=\"806\" data-end=\"860\">\n<p data-start=\"808\" data-end=\"860\"><strong data-start=\"808\" data-end=\"823\">Dimensions :<\/strong> 8,9 mm (diam\u00e8tre) x 50 mm (longueur)<\/p>\n<\/li>\n<li data-start=\"861\" data-end=\"903\">\n<p data-start=\"863\" data-end=\"903\"><strong data-start=\"863\" data-end=\"881\">Magn\u00e9tisation :<\/strong> N52 &#8211; tr\u00e8s puissant<\/p>\n<\/li>\n<li data-start=\"904\" data-end=\"966\">\n<p data-start=\"906\" data-end=\"966\"><strong data-start=\"906\" data-end=\"927\">Forme de magn\u00e9tisation :<\/strong> <strong data-start=\"928\" data-end=\"942\">Diam\u00e9trale<\/strong> (d&#8217;un c\u00f4t\u00e9 \u00e0 l&#8217;autre)<\/p>\n<\/li>\n<li data-start=\"967\" data-end=\"1019\">\n<p data-start=\"969\" data-end=\"1019\"><strong data-start=\"969\" data-end=\"983\">Mat\u00e9riau :<\/strong> N\u00e9odyme (NdFeB) avec rev\u00eatement en nickel<\/p>\n<\/li>\n<\/ul>\n<h4 data-start=\"1021\" data-end=\"1053\">&#x1f504; Unique dans notre gamme<\/h4>\n<p data-start=\"1055\" data-end=\"1435\">Contrairement \u00e0 la majorit\u00e9 de nos aimants \u00e0 barre &#8211; qui sont <strong data-start=\"1119\" data-end=\"1144\">\u00e0 aimantation axiale<\/strong> &#8211; cet aimant appartient \u00e0 une <strong data-start=\"1181\" data-end=\"1240\">gamme tr\u00e8s limit\u00e9e de mod\u00e8les \u00e0 aimantation diam\u00e9trale<\/strong>. Le seul autre mod\u00e8le de notre gamme est l&#8217;aimant \u00e0 barreau en n\u00e9odyme 10x50mm &#8211; N :<br data-start=\"1283\" data-end=\"1286\">&#x1f449; <a class=\"\" href=\"https:\/\/www.magnetenspecialist.nl\/winkel\/staafmagneten\/staafmagneet-10-x-50-mm\/\" target=\"_new\" rel=\"noopener\" data-start=\"1289\" data-end=\"1435\">Aimant en n\u00e9odyme 10x50mm &#8211; N42, magn\u00e9tis\u00e9 diam\u00e9tralement.<\/a> <\/p>\n<p data-start=\"1437\" data-end=\"1564\">Cette variante de 8,9 mm est plus compacte, mais gr\u00e2ce \u00e0 son <strong data-start=\"1487\" data-end=\"1515\">indice N52 plus \u00e9lev\u00e9<\/strong>, elle est encore plus puissante par rapport \u00e0 sa taille.<\/p>\n<h4 data-start=\"1566\" data-end=\"1586\">&#x1f9f2; Id\u00e9al pour :<\/h4>\n<ul data-start=\"1587\" data-end=\"1777\">\n<li data-start=\"1587\" data-end=\"1636\">\n<p data-start=\"1589\" data-end=\"1636\">Syst\u00e8mes rotatifs et accouplements magn\u00e9tiques<\/p>\n<\/li>\n<li data-start=\"1637\" data-end=\"1674\">\n<p data-start=\"1639\" data-end=\"1674\">Capteurs \u00e0 champ d&#8217;action radial<\/p>\n<\/li>\n<li data-start=\"1675\" data-end=\"1720\">\n<p data-start=\"1677\" data-end=\"1720\">Ing\u00e9nierie et prototypage de haute pr\u00e9cision<\/p>\n<\/li>\n<li data-start=\"1721\" data-end=\"1777\">\n<p data-start=\"1723\" data-end=\"1777\">Applications m\u00e9caniques ou \u00e9lectriques sp\u00e9ciales<\/p>\n<\/li>\n<\/ul>\n<h4 data-start=\"1779\" data-end=\"1807\">&#x1f4a1; Pourquoi cet aimant ?<\/h4>\n<ul data-start=\"1808\" data-end=\"2001\">\n<li data-start=\"1808\" data-end=\"1855\">\n<p data-start=\"1810\" data-end=\"1855\"><strong data-start=\"1810\" data-end=\"1840\">Type de magn\u00e9tisation rare<\/strong> (diam\u00e9trale)<\/p>\n<\/li>\n<li data-start=\"1856\" data-end=\"1896\">\n<p data-start=\"1858\" data-end=\"1896\"><strong data-start=\"1858\" data-end=\"1894\">Compact mais extr\u00eamement puissant<\/strong><\/p>\n<\/li>\n<li data-start=\"1897\" data-end=\"1956\">\n<p data-start=\"1899\" data-end=\"1956\"><strong data-start=\"1899\" data-end=\"1954\">Compl\u00e9ment id\u00e9al aux applications sp\u00e9cialis\u00e9es<\/strong><\/p>\n<\/li>\n<li data-start=\"1957\" data-end=\"2001\">\n<p data-start=\"1959\" data-end=\"2001\"><strong data-start=\"1959\" data-end=\"2001\">Finition durable et r\u00e9sistante \u00e0 la corrosion<\/strong><\/p>\n<\/li>\n<\/ul>\n<blockquote data-start=\"2003\" data-end=\"2128\">\n<p data-start=\"2005\" data-end=\"2128\">&#x26a0;&#xfe0f; <strong data-start=\"2008\" data-end=\"2019\">Remarque :<\/strong> les aimants en n\u00e9odyme \u00e9tant tr\u00e8s puissants, il convient d&#8217;\u00eatre prudent lors de leur utilisation. Ne convient pas aux enfants. <\/p>\n<\/blockquote>\n","protected":false},"excerpt":{"rendered":"<p>Aimant en n\u00e9odyme 8.9x50mm &#8211; N52, diam\u00e9tralement magn\u00e9tis\u00e9 Ce barreau aimant\u00e9 en n\u00e9odyme (8,9 x 50 mm) de force N52 est unique en son genre : il est magn\u00e9tis\u00e9 diam\u00e9tralement, ce qui signifie que le champ magn\u00e9tique traverse le diam\u00e8tre &#8211; d&#8217;un c\u00f4t\u00e9 \u00e0 l&#8217;autre &#8211; au lieu de passer par l&#8217;axe longitudinal. Cela cr\u00e9e [&hellip;]<\/p>\n","protected":false},"featured_media":112147,"template":"","meta":{"_acf_changed":false},"product_brand":[],"product_cat":[1403],"product_tag":[3159],"class_list":{"0":"post-139013","1":"product","2":"type-product","3":"status-publish","4":"has-post-thumbnail","6":"product_cat-aimants-cylindriques","7":"product_tag-groep-4-fr","9":"first","10":"outofstock","11":"taxable","12":"shipping-taxable","13":"purchasable","14":"product-type-simple"},"supplier_id":null,"supplier_sku":"","barcode":null,"atum_controlled":true,"out_stock_date":"2025-05-27 09:51:25","out_stock_threshold":null,"inheritable":false,"inbound_stock":100,"stock_on_hold":0,"sold_today":0,"sales_last_days":0,"reserved_stock":0,"customer_returns":0,"warehouse_damage":0,"lost_in_post":0,"other_logs":0,"out_stock_days":310,"lost_sales":0,"has_location":false,"update_date":"2026-04-03T08:06:11","atum_locations":[],"atum_stock_status":"outofstock","restock_status":false,"low_stock_amount":"","sales_update_date":"2026-04-03T08:06:11","calc_backorders":null,"acf":[],"yoast_head":"<!-- This site is optimized with the Yoast SEO Premium plugin v24.7 (Yoast SEO v24.7) - https:\/\/yoast.com\/wordpress\/plugins\/seo\/ -->\n<title>Aimant en n\u00e9odyme 8.9x50mm - N52, maintenant disponible - Magnetenspecialist.nl<\/title>\n<meta name=\"description\" content=\"Vous cherchez un Aimant en n\u00e9odyme 8.9x50mm - N52, diam\u00e9tralement magn\u00e9tis\u00e9? Les aimants peuvent \u00eatre achet\u00e9s facilement en ligne sur Magnetenspecialist.nl \u2713 1 jour ouvrable de d\u00e9lai de livraison \u2713 14 jours de d\u00e9lai de r\u00e9flexion \u2713 Exp\u00e9dition ou enl\u00e8vement *.\" \/>\n<meta name=\"robots\" content=\"index, follow, max-snippet:-1, max-image-preview:large, max-video-preview:-1\" \/>\n<link rel=\"canonical\" href=\"https:\/\/www.magnetenspecialist.nl\/fr\/magasin\/aimants-cylindriques\/aimant-en-neodyme-8-9x50mm-n52-diametralement-magnetise\/\" \/>\n<meta property=\"og:locale\" content=\"fr_FR\" \/>\n<meta property=\"og:type\" content=\"article\" \/>\n<meta property=\"og:title\" content=\"Aimant en n\u00e9odyme 8.9x50mm - N52, diam\u00e9tralement magn\u00e9tis\u00e9\" \/>\n<meta property=\"og:description\" content=\"Vous cherchez un Aimant en n\u00e9odyme 8.9x50mm - N52, diam\u00e9tralement magn\u00e9tis\u00e9? Les aimants peuvent \u00eatre achet\u00e9s facilement en ligne sur Magnetenspecialist.nl \u2713 1 jour ouvrable de d\u00e9lai de livraison \u2713 14 jours de d\u00e9lai de r\u00e9flexion \u2713 Exp\u00e9dition ou enl\u00e8vement *.\" \/>\n<meta property=\"og:url\" content=\"https:\/\/www.magnetenspecialist.nl\/fr\/magasin\/aimants-cylindriques\/aimant-en-neodyme-8-9x50mm-n52-diametralement-magnetise\/\" \/>\n<meta property=\"og:site_name\" content=\"Magnetenspecialist.nl\" \/>\n<meta property=\"article:publisher\" content=\"https:\/\/www.facebook.com\/Magnetenspecialist.nl\" \/>\n<meta property=\"og:image\" content=\"https:\/\/www.magnetenspecialist.nl\/wp-content\/uploads\/2019\/03\/Magnetenspecialist.nl_Staafmagneet-8-x-40-mm_1.jpg\" \/>\n\t<meta property=\"og:image:width\" content=\"1500\" \/>\n\t<meta property=\"og:image:height\" content=\"1500\" \/>\n\t<meta property=\"og:image:type\" content=\"image\/jpeg\" \/>\n<meta name=\"twitter:card\" content=\"summary_large_image\" \/>\n<meta name=\"twitter:site\" content=\"@magnetenspecial\" \/>\n<meta name=\"twitter:label1\" content=\"Prix\" \/>\n\t<meta name=\"twitter:data1\" content=\"&euro;&nbsp;7,50\" \/>\n\t<meta name=\"twitter:label2\" content=\"Disponibilit\u00e9\" \/>\n\t<meta name=\"twitter:data2\" content=\"Rupture de stock\" \/>\n<script type=\"application\/ld+json\" class=\"yoast-schema-graph\">{\"@context\":\"https:\/\/schema.org\",\"@graph\":[{\"@type\":\"WebPage\",\"@id\":\"https:\/\/www.magnetenspecialist.nl\/fr\/magasin\/aimants-cylindriques\/aimant-en-neodyme-8-9x50mm-n52-diametralement-magnetise\/\",\"url\":\"https:\/\/www.magnetenspecialist.nl\/fr\/magasin\/aimants-cylindriques\/aimant-en-neodyme-8-9x50mm-n52-diametralement-magnetise\/\",\"name\":\"Aimant en n\u00e9odyme 8.9x50mm - N52, maintenant disponible - Magnetenspecialist.nl\",\"isPartOf\":{\"@id\":\"https:\/\/www.magnetenspecialist.nl\/fr\/#website\"},\"primaryImageOfPage\":{\"@id\":\"https:\/\/www.magnetenspecialist.nl\/fr\/magasin\/aimants-cylindriques\/aimant-en-neodyme-8-9x50mm-n52-diametralement-magnetise\/#primaryimage\"},\"image\":{\"@id\":\"https:\/\/www.magnetenspecialist.nl\/fr\/magasin\/aimants-cylindriques\/aimant-en-neodyme-8-9x50mm-n52-diametralement-magnetise\/#primaryimage\"},\"thumbnailUrl\":\"https:\/\/www.magnetenspecialist.nl\/wp-content\/uploads\/2019\/03\/Magnetenspecialist.nl_Staafmagneet-8-x-40-mm_1.jpg\",\"datePublished\":\"2025-05-27T07:46:10+00:00\",\"description\":\"Vous cherchez un Aimant en n\u00e9odyme 8.9x50mm - N52, diam\u00e9tralement magn\u00e9tis\u00e9? Les aimants peuvent \u00eatre achet\u00e9s facilement en ligne sur Magnetenspecialist.nl \u2713 1 jour ouvrable de d\u00e9lai de livraison \u2713 14 jours de d\u00e9lai de r\u00e9flexion \u2713 Exp\u00e9dition ou enl\u00e8vement *.\",\"breadcrumb\":{\"@id\":\"https:\/\/www.magnetenspecialist.nl\/fr\/magasin\/aimants-cylindriques\/aimant-en-neodyme-8-9x50mm-n52-diametralement-magnetise\/#breadcrumb\"},\"inLanguage\":\"fr-FR\",\"potentialAction\":[{\"@type\":\"ReadAction\",\"target\":[\"https:\/\/www.magnetenspecialist.nl\/fr\/magasin\/aimants-cylindriques\/aimant-en-neodyme-8-9x50mm-n52-diametralement-magnetise\/\"]}]},{\"@type\":\"ImageObject\",\"inLanguage\":\"fr-FR\",\"@id\":\"https:\/\/www.magnetenspecialist.nl\/fr\/magasin\/aimants-cylindriques\/aimant-en-neodyme-8-9x50mm-n52-diametralement-magnetise\/#primaryimage\",\"url\":\"https:\/\/www.magnetenspecialist.nl\/wp-content\/uploads\/2019\/03\/Magnetenspecialist.nl_Staafmagneet-8-x-40-mm_1.jpg\",\"contentUrl\":\"https:\/\/www.magnetenspecialist.nl\/wp-content\/uploads\/2019\/03\/Magnetenspecialist.nl_Staafmagneet-8-x-40-mm_1.jpg\",\"width\":1500,\"height\":1500},{\"@type\":\"BreadcrumbList\",\"@id\":\"https:\/\/www.magnetenspecialist.nl\/fr\/magasin\/aimants-cylindriques\/aimant-en-neodyme-8-9x50mm-n52-diametralement-magnetise\/#breadcrumb\",\"itemListElement\":[{\"@type\":\"ListItem\",\"position\":1,\"name\":\"Accueil\",\"item\":\"https:\/\/www.magnetenspecialist.nl\/fr\/accueil\/\"},{\"@type\":\"ListItem\",\"position\":2,\"name\":\"Boutique\",\"item\":\"https:\/\/www.magnetenspecialist.nl\/fr\/boutique\/\"},{\"@type\":\"ListItem\",\"position\":3,\"name\":\"Aimant en n\u00e9odyme 8.9x50mm &#8211; N52, diam\u00e9tralement magn\u00e9tis\u00e9\"}]},{\"@type\":\"WebSite\",\"@id\":\"https:\/\/www.magnetenspecialist.nl\/fr\/#website\",\"url\":\"https:\/\/www.magnetenspecialist.nl\/fr\/\",\"name\":\"Magnetenspecialist.nl\",\"description\":\"Vaste gamme d'aimants en n\u00e9odyme\",\"publisher\":{\"@id\":\"https:\/\/www.magnetenspecialist.nl\/fr\/#organization\"},\"potentialAction\":[{\"@type\":\"SearchAction\",\"target\":{\"@type\":\"EntryPoint\",\"urlTemplate\":\"https:\/\/www.magnetenspecialist.nl\/fr\/?s={search_term_string}\"},\"query-input\":{\"@type\":\"PropertyValueSpecification\",\"valueRequired\":true,\"valueName\":\"search_term_string\"}}],\"inLanguage\":\"fr-FR\"},{\"@type\":\"Organization\",\"@id\":\"https:\/\/www.magnetenspecialist.nl\/fr\/#organization\",\"name\":\"Magnetenspecialist.nl\",\"url\":\"https:\/\/www.magnetenspecialist.nl\/fr\/\",\"logo\":{\"@type\":\"ImageObject\",\"inLanguage\":\"fr-FR\",\"@id\":\"https:\/\/www.magnetenspecialist.nl\/fr\/#\/schema\/logo\/image\/\",\"url\":\"https:\/\/www.magnetenspecialist.nl\/wp-content\/uploads\/2018\/10\/magneten-logo.jpg\",\"contentUrl\":\"https:\/\/www.magnetenspecialist.nl\/wp-content\/uploads\/2018\/10\/magneten-logo.jpg\",\"width\":151,\"height\":151,\"caption\":\"Magnetenspecialist.nl\"},\"image\":{\"@id\":\"https:\/\/www.magnetenspecialist.nl\/fr\/#\/schema\/logo\/image\/\"},\"sameAs\":[\"https:\/\/www.facebook.com\/Magnetenspecialist.nl\",\"https:\/\/x.com\/magnetenspecial\"]}]}<\/script>\n<meta property=\"product:price:amount\" content=\"7.50\" \/>\n<meta property=\"product:price:currency\" content=\"EUR\" \/>\n<meta property=\"og:availability\" content=\"out of stock\" \/>\n<meta property=\"product:availability\" content=\"out of stock\" \/>\n<meta property=\"product:retailer_item_id\" content=\"st0089x050-N\" \/>\n<meta property=\"product:condition\" content=\"new\" \/>\n<!-- \/ Yoast SEO Premium plugin. -->","yoast_head_json":{"title":"Aimant en n\u00e9odyme 8.9x50mm - N52, maintenant disponible - Magnetenspecialist.nl","description":"Vous cherchez un Aimant en n\u00e9odyme 8.9x50mm - N52, diam\u00e9tralement magn\u00e9tis\u00e9? Les aimants peuvent \u00eatre achet\u00e9s facilement en ligne sur Magnetenspecialist.nl \u2713 1 jour ouvrable de d\u00e9lai de livraison \u2713 14 jours de d\u00e9lai de r\u00e9flexion \u2713 Exp\u00e9dition ou enl\u00e8vement *.","robots":{"index":"index","follow":"follow","max-snippet":"max-snippet:-1","max-image-preview":"max-image-preview:large","max-video-preview":"max-video-preview:-1"},"canonical":"https:\/\/www.magnetenspecialist.nl\/fr\/magasin\/aimants-cylindriques\/aimant-en-neodyme-8-9x50mm-n52-diametralement-magnetise\/","og_locale":"fr_FR","og_type":"article","og_title":"Aimant en n\u00e9odyme 8.9x50mm - N52, diam\u00e9tralement magn\u00e9tis\u00e9","og_description":"Vous cherchez un Aimant en n\u00e9odyme 8.9x50mm - N52, diam\u00e9tralement magn\u00e9tis\u00e9? Les aimants peuvent \u00eatre achet\u00e9s facilement en ligne sur Magnetenspecialist.nl \u2713 1 jour ouvrable de d\u00e9lai de livraison \u2713 14 jours de d\u00e9lai de r\u00e9flexion \u2713 Exp\u00e9dition ou enl\u00e8vement *.","og_url":"https:\/\/www.magnetenspecialist.nl\/fr\/magasin\/aimants-cylindriques\/aimant-en-neodyme-8-9x50mm-n52-diametralement-magnetise\/","og_site_name":"Magnetenspecialist.nl","article_publisher":"https:\/\/www.facebook.com\/Magnetenspecialist.nl","og_image":[{"width":1500,"height":1500,"url":"https:\/\/www.magnetenspecialist.nl\/wp-content\/uploads\/2019\/03\/Magnetenspecialist.nl_Staafmagneet-8-x-40-mm_1.jpg","type":"image\/jpeg"}],"twitter_card":"summary_large_image","twitter_site":"@magnetenspecial","twitter_misc":{"Prix":"&euro;&nbsp;7,50","Disponibilit\u00e9":"Rupture de stock"},"schema":{"@context":"https:\/\/schema.org","@graph":[{"@type":"WebPage","@id":"https:\/\/www.magnetenspecialist.nl\/fr\/magasin\/aimants-cylindriques\/aimant-en-neodyme-8-9x50mm-n52-diametralement-magnetise\/","url":"https:\/\/www.magnetenspecialist.nl\/fr\/magasin\/aimants-cylindriques\/aimant-en-neodyme-8-9x50mm-n52-diametralement-magnetise\/","name":"Aimant en n\u00e9odyme 8.9x50mm - N52, maintenant disponible - Magnetenspecialist.nl","isPartOf":{"@id":"https:\/\/www.magnetenspecialist.nl\/fr\/#website"},"primaryImageOfPage":{"@id":"https:\/\/www.magnetenspecialist.nl\/fr\/magasin\/aimants-cylindriques\/aimant-en-neodyme-8-9x50mm-n52-diametralement-magnetise\/#primaryimage"},"image":{"@id":"https:\/\/www.magnetenspecialist.nl\/fr\/magasin\/aimants-cylindriques\/aimant-en-neodyme-8-9x50mm-n52-diametralement-magnetise\/#primaryimage"},"thumbnailUrl":"https:\/\/www.magnetenspecialist.nl\/wp-content\/uploads\/2019\/03\/Magnetenspecialist.nl_Staafmagneet-8-x-40-mm_1.jpg","datePublished":"2025-05-27T07:46:10+00:00","description":"Vous cherchez un Aimant en n\u00e9odyme 8.9x50mm - N52, diam\u00e9tralement magn\u00e9tis\u00e9? Les aimants peuvent \u00eatre achet\u00e9s facilement en ligne sur Magnetenspecialist.nl \u2713 1 jour ouvrable de d\u00e9lai de livraison \u2713 14 jours de d\u00e9lai de r\u00e9flexion \u2713 Exp\u00e9dition ou enl\u00e8vement *.","breadcrumb":{"@id":"https:\/\/www.magnetenspecialist.nl\/fr\/magasin\/aimants-cylindriques\/aimant-en-neodyme-8-9x50mm-n52-diametralement-magnetise\/#breadcrumb"},"inLanguage":"fr-FR","potentialAction":[{"@type":"ReadAction","target":["https:\/\/www.magnetenspecialist.nl\/fr\/magasin\/aimants-cylindriques\/aimant-en-neodyme-8-9x50mm-n52-diametralement-magnetise\/"]}]},{"@type":"ImageObject","inLanguage":"fr-FR","@id":"https:\/\/www.magnetenspecialist.nl\/fr\/magasin\/aimants-cylindriques\/aimant-en-neodyme-8-9x50mm-n52-diametralement-magnetise\/#primaryimage","url":"https:\/\/www.magnetenspecialist.nl\/wp-content\/uploads\/2019\/03\/Magnetenspecialist.nl_Staafmagneet-8-x-40-mm_1.jpg","contentUrl":"https:\/\/www.magnetenspecialist.nl\/wp-content\/uploads\/2019\/03\/Magnetenspecialist.nl_Staafmagneet-8-x-40-mm_1.jpg","width":1500,"height":1500},{"@type":"BreadcrumbList","@id":"https:\/\/www.magnetenspecialist.nl\/fr\/magasin\/aimants-cylindriques\/aimant-en-neodyme-8-9x50mm-n52-diametralement-magnetise\/#breadcrumb","itemListElement":[{"@type":"ListItem","position":1,"name":"Accueil","item":"https:\/\/www.magnetenspecialist.nl\/fr\/accueil\/"},{"@type":"ListItem","position":2,"name":"Boutique","item":"https:\/\/www.magnetenspecialist.nl\/fr\/boutique\/"},{"@type":"ListItem","position":3,"name":"Aimant en n\u00e9odyme 8.9x50mm &#8211; N52, diam\u00e9tralement magn\u00e9tis\u00e9"}]},{"@type":"WebSite","@id":"https:\/\/www.magnetenspecialist.nl\/fr\/#website","url":"https:\/\/www.magnetenspecialist.nl\/fr\/","name":"Magnetenspecialist.nl","description":"Vaste gamme d'aimants en n\u00e9odyme","publisher":{"@id":"https:\/\/www.magnetenspecialist.nl\/fr\/#organization"},"potentialAction":[{"@type":"SearchAction","target":{"@type":"EntryPoint","urlTemplate":"https:\/\/www.magnetenspecialist.nl\/fr\/?s={search_term_string}"},"query-input":{"@type":"PropertyValueSpecification","valueRequired":true,"valueName":"search_term_string"}}],"inLanguage":"fr-FR"},{"@type":"Organization","@id":"https:\/\/www.magnetenspecialist.nl\/fr\/#organization","name":"Magnetenspecialist.nl","url":"https:\/\/www.magnetenspecialist.nl\/fr\/","logo":{"@type":"ImageObject","inLanguage":"fr-FR","@id":"https:\/\/www.magnetenspecialist.nl\/fr\/#\/schema\/logo\/image\/","url":"https:\/\/www.magnetenspecialist.nl\/wp-content\/uploads\/2018\/10\/magneten-logo.jpg","contentUrl":"https:\/\/www.magnetenspecialist.nl\/wp-content\/uploads\/2018\/10\/magneten-logo.jpg","width":151,"height":151,"caption":"Magnetenspecialist.nl"},"image":{"@id":"https:\/\/www.magnetenspecialist.nl\/fr\/#\/schema\/logo\/image\/"},"sameAs":["https:\/\/www.facebook.com\/Magnetenspecialist.nl","https:\/\/x.com\/magnetenspecial"]}]},"product_price_amount":"7.50","product_price_currency":"EUR","og_availability":"out of stock","product_availability":"out of stock","product_retailer_item_id":"st0089x050-N","product_condition":"new"},"_links":{"self":[{"href":"https:\/\/www.magnetenspecialist.nl\/fr\/wp-json\/wp\/v2\/product\/139013","targetHints":{"allow":["GET"]}}],"collection":[{"href":"https:\/\/www.magnetenspecialist.nl\/fr\/wp-json\/wp\/v2\/product"}],"about":[{"href":"https:\/\/www.magnetenspecialist.nl\/fr\/wp-json\/wp\/v2\/types\/product"}],"wp:featuredmedia":[{"embeddable":true,"href":"https:\/\/www.magnetenspecialist.nl\/fr\/wp-json\/wp\/v2\/media\/112147"}],"wp:attachment":[{"href":"https:\/\/www.magnetenspecialist.nl\/fr\/wp-json\/wp\/v2\/media?parent=139013"}],"wp:term":[{"taxonomy":"product_brand","embeddable":true,"href":"https:\/\/www.magnetenspecialist.nl\/fr\/wp-json\/wp\/v2\/product_brand?post=139013"},{"taxonomy":"product_cat","embeddable":true,"href":"https:\/\/www.magnetenspecialist.nl\/fr\/wp-json\/wp\/v2\/product_cat?post=139013"},{"taxonomy":"product_tag","embeddable":true,"href":"https:\/\/www.magnetenspecialist.nl\/fr\/wp-json\/wp\/v2\/product_tag?post=139013"}],"curies":[{"name":"wp","href":"https:\/\/api.w.org\/{rel}","templated":true}]}}