{"id":139034,"date":"2025-05-27T14:19:38","date_gmt":"2025-05-27T12:19:38","guid":{"rendered":"https:\/\/www.magnetenspecialist.nl\/winkel\/non class\u00e9\/specialiste-des-aimants-disque-magnetique-adhesif-11-x-1-mm-neodyme-n48-lot-de-30\/"},"modified":"2025-05-27T14:19:38","modified_gmt":"2025-05-27T12:19:38","slug":"specialiste-des-aimants-disque-magnetique-adhesif-11-x-1-mm-neodyme-n48-lot-de-30","status":"publish","type":"product","link":"https:\/\/www.magnetenspecialist.nl\/fr\/magasin\/jeu-daimants-en-neodyme\/specialiste-des-aimants-disque-magnetique-adhesif-11-x-1-mm-neodyme-n48-lot-de-30\/","title":{"rendered":"Sp\u00e9cialiste des aimants Disque magn\u00e9tique adh\u00e9sif 11 \u00d7 1 mm N\u00e9odyme N48 &#8211; lot de 30"},"content":{"rendered":"<h3 data-start=\"82\" data-end=\"172\"><strong data-start=\"86\" data-end=\"172\">Sp\u00e9cialiste des aimants Disque magn\u00e9tique adh\u00e9sif 11 \u00d7 1 mm N\u00e9odyme N48 &#8211; lot de 30<\/strong><\/h3>\n<p data-start=\"174\" data-end=\"494\">Ces aimants ultra-minces en n\u00e9odyme autocollants (type N48) sont id\u00e9aux pour les applications n\u00e9cessitant des dimensions compactes ainsi qu&#8217;une forte adh\u00e9rence. Avec un diam\u00e8tre de 11 mm et une \u00e9paisseur de seulement 1 mm, ils sont \u00e0 peine visibles, mais suffisamment puissants pour de nombreuses applications cr\u00e9atives et techniques. <\/p>\n<p data-start=\"496\" data-end=\"682\">Chaque aimant est dot\u00e9 d&#8217;un <strong data-start=\"542\" data-end=\"558\">rev\u00eatement adh\u00e9sif 3M<\/strong> de haute qualit\u00e9 sur une face, ce qui permet de les fixer facilement et en toute s\u00e9curit\u00e9 sur des surfaces lisses, sans avoir \u00e0 les percer ou \u00e0 les visser.<\/p>\n<hr data-start=\"684\" data-end=\"687\">\n<h3 data-start=\"689\" data-end=\"713\">&#x2705; <strong data-start=\"695\" data-end=\"713\">Sp\u00e9cifications :<\/strong><\/h3>\n<ul data-start=\"714\" data-end=\"1004\">\n<li data-start=\"714\" data-end=\"759\">\n<p data-start=\"716\" data-end=\"759\"><strong data-start=\"716\" data-end=\"731\">Dimensions :<\/strong> 11 mm de diam\u00e8tre \u00d7 1 mm d&#8217;\u00e9paisseur<\/p>\n<\/li>\n<li data-start=\"760\" data-end=\"807\">\n<p data-start=\"762\" data-end=\"807\"><strong data-start=\"762\" data-end=\"776\">Mat\u00e9riau :<\/strong> N\u00e9odyme (N48 &#8211; tr\u00e8s r\u00e9sistant)<\/p>\n<\/li>\n<li data-start=\"808\" data-end=\"842\">\n<p data-start=\"810\" data-end=\"842\"><strong data-start=\"810\" data-end=\"826\">Type d&#8217;aimant :<\/strong> aimant \u00e0 disque<\/p>\n<\/li>\n<li data-start=\"843\" data-end=\"884\">\n<p data-start=\"845\" data-end=\"884\"><strong data-start=\"845\" data-end=\"862\">Magn\u00e9tisation :<\/strong> Axiale (planaire)<\/p>\n<\/li>\n<li data-start=\"885\" data-end=\"938\">\n<p data-start=\"887\" data-end=\"938\"><strong data-start=\"887\" data-end=\"903\">Autocollant :<\/strong> Oui, avec une couche d&#8217;adh\u00e9sif 3M sur une face<\/p>\n<\/li>\n<li data-start=\"939\" data-end=\"970\">\n<p data-start=\"941\" data-end=\"970\"><strong data-start=\"941\" data-end=\"959\">Nombre dans l&#8217;ensemble :<\/strong> 30 pi\u00e8ces<\/p>\n<\/li>\n<li data-start=\"971\" data-end=\"1004\">\n<p data-start=\"973\" data-end=\"1004\"><strong data-start=\"973\" data-end=\"994\">Temp\u00e9rature maximale :<\/strong> environ 80 \u00b0C<\/p>\n<\/li>\n<\/ul>\n<hr data-start=\"1006\" data-end=\"1009\">\n<h3 data-start=\"1011\" data-end=\"1035\">&#x1f4e6; <strong data-start=\"1018\" data-end=\"1035\">Applications :<\/strong><\/h3>\n<ul data-start=\"1036\" data-end=\"1230\">\n<li data-start=\"1036\" data-end=\"1089\">\n<p data-start=\"1038\" data-end=\"1089\">Cartes, invitations et projets cr\u00e9atifs de bricolage<\/p>\n<\/li>\n<li data-start=\"1090\" data-end=\"1121\">\n<p data-start=\"1092\" data-end=\"1121\">Mod\u00e9lisation et prototypage<\/p>\n<\/li>\n<li data-start=\"1122\" data-end=\"1165\">\n<p data-start=\"1124\" data-end=\"1165\">Pr\u00e9sentoirs, emballages ou mat\u00e9riel de PLV<\/p>\n<\/li>\n<li data-start=\"1166\" data-end=\"1230\">\n<p data-start=\"1168\" data-end=\"1230\">Fixation temporaire sur m\u00e9tal ou autres surfaces lisses<\/p>\n<\/li>\n<\/ul>\n<hr data-start=\"1232\" data-end=\"1235\">\n<p data-start=\"1237\" data-end=\"1351\">&#x1f9f2; Remarque : les aimants en n\u00e9odyme sont fragiles &#8211; appuyez doucement sur eux lorsque vous les fixez, et \u00e9vitez les charges glissantes.<\/p>\n","protected":false},"excerpt":{"rendered":"<p>Sp\u00e9cialiste des aimants Disque magn\u00e9tique adh\u00e9sif 11 \u00d7 1 mm N\u00e9odyme N48 &#8211; lot de 30 Ces aimants ultra-minces en n\u00e9odyme autocollants (type N48) sont id\u00e9aux pour les applications n\u00e9cessitant des dimensions compactes ainsi qu&#8217;une forte adh\u00e9rence. Avec un diam\u00e8tre de 11 mm et une \u00e9paisseur de seulement 1 mm, ils sont \u00e0 peine visibles, [&hellip;]<\/p>\n","protected":false},"featured_media":113445,"template":"","meta":{"_acf_changed":false},"product_brand":[3521],"product_cat":[3533],"product_tag":[],"class_list":{"0":"post-139034","1":"product","2":"type-product","3":"status-publish","4":"has-post-thumbnail","6":"product_brand-magnetenspecialist","7":"product_cat-jeu-daimants-en-neodyme","9":"first","10":"instock","11":"taxable","12":"shipping-taxable","13":"product-type-simple"},"supplier_id":null,"supplier_sku":"","barcode":null,"atum_controlled":true,"out_stock_date":null,"out_stock_threshold":null,"inheritable":false,"inbound_stock":0,"stock_on_hold":0,"sold_today":0,"sales_last_days":0,"reserved_stock":0,"customer_returns":0,"warehouse_damage":0,"lost_in_post":0,"other_logs":0,"out_stock_days":0,"lost_sales":0,"has_location":false,"update_date":"2026-04-03T08:06:11","atum_locations":[],"atum_stock_status":"instock","restock_status":false,"low_stock_amount":"","sales_update_date":"2026-04-03T08:06:11","calc_backorders":null,"acf":[],"yoast_head":"<!-- This site is optimized with the Yoast SEO Premium plugin v24.7 (Yoast SEO v24.7) - https:\/\/yoast.com\/wordpress\/plugins\/seo\/ -->\n<title>Sp\u00e9cialiste des aimants Disque magn\u00e9tique adh\u00e9sif 11 \u00d7 1 mm N\u00e9odyme N48 - lot de 30 - Magnetenspecialist.nl<\/title>\n<meta name=\"description\" content=\"Vous cherchez un Sp\u00e9cialiste des aimants Disque magn\u00e9tique adh\u00e9sif 11 \u00d7 1 mm N\u00e9odyme N48 - lot de 30? Les aimants peuvent \u00eatre achet\u00e9s facilement en ligne sur Magnetenspecialist.nl \u2713 1 jour ouvrable de d\u00e9lai de livraison \u2713 14 jours de d\u00e9lai de r\u00e9flexion \u2713 Exp\u00e9dition ou enl\u00e8vement *.\" \/>\n<meta name=\"robots\" content=\"index, follow, max-snippet:-1, max-image-preview:large, max-video-preview:-1\" \/>\n<link rel=\"canonical\" href=\"https:\/\/www.magnetenspecialist.nl\/fr\/magasin\/jeu-daimants-en-neodyme\/specialiste-des-aimants-disque-magnetique-adhesif-11-x-1-mm-neodyme-n48-lot-de-30\/\" \/>\n<meta property=\"og:locale\" content=\"fr_FR\" \/>\n<meta property=\"og:type\" content=\"article\" \/>\n<meta property=\"og:title\" content=\"Sp\u00e9cialiste des aimants Disque magn\u00e9tique adh\u00e9sif 11 \u00d7 1 mm N\u00e9odyme N48 - lot de 30\" \/>\n<meta property=\"og:description\" content=\"Vous cherchez un Sp\u00e9cialiste des aimants Disque magn\u00e9tique adh\u00e9sif 11 \u00d7 1 mm N\u00e9odyme N48 - lot de 30? Les aimants peuvent \u00eatre achet\u00e9s facilement en ligne sur Magnetenspecialist.nl \u2713 1 jour ouvrable de d\u00e9lai de livraison \u2713 14 jours de d\u00e9lai de r\u00e9flexion \u2713 Exp\u00e9dition ou enl\u00e8vement *.\" \/>\n<meta property=\"og:url\" content=\"https:\/\/www.magnetenspecialist.nl\/fr\/magasin\/jeu-daimants-en-neodyme\/specialiste-des-aimants-disque-magnetique-adhesif-11-x-1-mm-neodyme-n48-lot-de-30\/\" \/>\n<meta property=\"og:site_name\" content=\"Magnetenspecialist.nl\" \/>\n<meta property=\"article:publisher\" content=\"https:\/\/www.facebook.com\/Magnetenspecialist.nl\" \/>\n<meta property=\"og:image\" content=\"https:\/\/www.magnetenspecialist.nl\/wp-content\/uploads\/2019\/03\/Magnetenspecialist.nl_Schijfmagneet-11-x-1-mm-Zelfklevend_2.jpg\" \/>\n\t<meta property=\"og:image:width\" content=\"1500\" \/>\n\t<meta property=\"og:image:height\" content=\"1500\" \/>\n\t<meta property=\"og:image:type\" content=\"image\/jpeg\" \/>\n<meta name=\"twitter:card\" content=\"summary_large_image\" \/>\n<meta name=\"twitter:site\" content=\"@magnetenspecial\" \/>\n<meta name=\"twitter:label1\" content=\"Prix\" \/>\n\t<meta name=\"twitter:data1\" content=\"\" \/>\n\t<meta name=\"twitter:label2\" content=\"Disponibilit\u00e9\" \/>\n\t<meta name=\"twitter:data2\" content=\"En stock\" \/>\n<script type=\"application\/ld+json\" class=\"yoast-schema-graph\">{\"@context\":\"https:\/\/schema.org\",\"@graph\":[{\"@type\":\"WebPage\",\"@id\":\"https:\/\/www.magnetenspecialist.nl\/fr\/magasin\/jeu-daimants-en-neodyme\/specialiste-des-aimants-disque-magnetique-adhesif-11-x-1-mm-neodyme-n48-lot-de-30\/\",\"url\":\"https:\/\/www.magnetenspecialist.nl\/fr\/magasin\/jeu-daimants-en-neodyme\/specialiste-des-aimants-disque-magnetique-adhesif-11-x-1-mm-neodyme-n48-lot-de-30\/\",\"name\":\"Sp\u00e9cialiste des aimants Disque magn\u00e9tique adh\u00e9sif 11 \u00d7 1 mm N\u00e9odyme N48 - lot de 30 - Magnetenspecialist.nl\",\"isPartOf\":{\"@id\":\"https:\/\/www.magnetenspecialist.nl\/fr\/#website\"},\"primaryImageOfPage\":{\"@id\":\"https:\/\/www.magnetenspecialist.nl\/fr\/magasin\/jeu-daimants-en-neodyme\/specialiste-des-aimants-disque-magnetique-adhesif-11-x-1-mm-neodyme-n48-lot-de-30\/#primaryimage\"},\"image\":{\"@id\":\"https:\/\/www.magnetenspecialist.nl\/fr\/magasin\/jeu-daimants-en-neodyme\/specialiste-des-aimants-disque-magnetique-adhesif-11-x-1-mm-neodyme-n48-lot-de-30\/#primaryimage\"},\"thumbnailUrl\":\"https:\/\/www.magnetenspecialist.nl\/wp-content\/uploads\/2019\/03\/Magnetenspecialist.nl_Schijfmagneet-11-x-1-mm-Zelfklevend_2.jpg\",\"datePublished\":\"2025-05-27T12:19:38+00:00\",\"description\":\"Vous cherchez un Sp\u00e9cialiste des aimants Disque magn\u00e9tique adh\u00e9sif 11 \u00d7 1 mm N\u00e9odyme N48 - lot de 30? Les aimants peuvent \u00eatre achet\u00e9s facilement en ligne sur Magnetenspecialist.nl \u2713 1 jour ouvrable de d\u00e9lai de livraison \u2713 14 jours de d\u00e9lai de r\u00e9flexion \u2713 Exp\u00e9dition ou enl\u00e8vement *.\",\"breadcrumb\":{\"@id\":\"https:\/\/www.magnetenspecialist.nl\/fr\/magasin\/jeu-daimants-en-neodyme\/specialiste-des-aimants-disque-magnetique-adhesif-11-x-1-mm-neodyme-n48-lot-de-30\/#breadcrumb\"},\"inLanguage\":\"fr-FR\",\"potentialAction\":[{\"@type\":\"ReadAction\",\"target\":[\"https:\/\/www.magnetenspecialist.nl\/fr\/magasin\/jeu-daimants-en-neodyme\/specialiste-des-aimants-disque-magnetique-adhesif-11-x-1-mm-neodyme-n48-lot-de-30\/\"]}]},{\"@type\":\"ImageObject\",\"inLanguage\":\"fr-FR\",\"@id\":\"https:\/\/www.magnetenspecialist.nl\/fr\/magasin\/jeu-daimants-en-neodyme\/specialiste-des-aimants-disque-magnetique-adhesif-11-x-1-mm-neodyme-n48-lot-de-30\/#primaryimage\",\"url\":\"https:\/\/www.magnetenspecialist.nl\/wp-content\/uploads\/2019\/03\/Magnetenspecialist.nl_Schijfmagneet-11-x-1-mm-Zelfklevend_2.jpg\",\"contentUrl\":\"https:\/\/www.magnetenspecialist.nl\/wp-content\/uploads\/2019\/03\/Magnetenspecialist.nl_Schijfmagneet-11-x-1-mm-Zelfklevend_2.jpg\",\"width\":1500,\"height\":1500},{\"@type\":\"BreadcrumbList\",\"@id\":\"https:\/\/www.magnetenspecialist.nl\/fr\/magasin\/jeu-daimants-en-neodyme\/specialiste-des-aimants-disque-magnetique-adhesif-11-x-1-mm-neodyme-n48-lot-de-30\/#breadcrumb\",\"itemListElement\":[{\"@type\":\"ListItem\",\"position\":1,\"name\":\"Accueil\",\"item\":\"https:\/\/www.magnetenspecialist.nl\/fr\/accueil\/\"},{\"@type\":\"ListItem\",\"position\":2,\"name\":\"Boutique\",\"item\":\"https:\/\/www.magnetenspecialist.nl\/fr\/boutique\/\"},{\"@type\":\"ListItem\",\"position\":3,\"name\":\"Sp\u00e9cialiste des aimants Disque magn\u00e9tique adh\u00e9sif 11 \u00d7 1 mm N\u00e9odyme N48 &#8211; lot de 30\"}]},{\"@type\":\"WebSite\",\"@id\":\"https:\/\/www.magnetenspecialist.nl\/fr\/#website\",\"url\":\"https:\/\/www.magnetenspecialist.nl\/fr\/\",\"name\":\"Magnetenspecialist.nl\",\"description\":\"Vaste gamme d'aimants en n\u00e9odyme\",\"publisher\":{\"@id\":\"https:\/\/www.magnetenspecialist.nl\/fr\/#organization\"},\"potentialAction\":[{\"@type\":\"SearchAction\",\"target\":{\"@type\":\"EntryPoint\",\"urlTemplate\":\"https:\/\/www.magnetenspecialist.nl\/fr\/?s={search_term_string}\"},\"query-input\":{\"@type\":\"PropertyValueSpecification\",\"valueRequired\":true,\"valueName\":\"search_term_string\"}}],\"inLanguage\":\"fr-FR\"},{\"@type\":\"Organization\",\"@id\":\"https:\/\/www.magnetenspecialist.nl\/fr\/#organization\",\"name\":\"Magnetenspecialist.nl\",\"url\":\"https:\/\/www.magnetenspecialist.nl\/fr\/\",\"logo\":{\"@type\":\"ImageObject\",\"inLanguage\":\"fr-FR\",\"@id\":\"https:\/\/www.magnetenspecialist.nl\/fr\/#\/schema\/logo\/image\/\",\"url\":\"https:\/\/www.magnetenspecialist.nl\/wp-content\/uploads\/2018\/10\/magneten-logo.jpg\",\"contentUrl\":\"https:\/\/www.magnetenspecialist.nl\/wp-content\/uploads\/2018\/10\/magneten-logo.jpg\",\"width\":151,\"height\":151,\"caption\":\"Magnetenspecialist.nl\"},\"image\":{\"@id\":\"https:\/\/www.magnetenspecialist.nl\/fr\/#\/schema\/logo\/image\/\"},\"sameAs\":[\"https:\/\/www.facebook.com\/Magnetenspecialist.nl\",\"https:\/\/x.com\/magnetenspecial\"]}]}<\/script>\n<meta property=\"product:price:currency\" content=\"EUR\" \/>\n<meta property=\"og:availability\" content=\"instock\" \/>\n<meta property=\"product:availability\" content=\"instock\" \/>\n<meta property=\"product:retailer_item_id\" content=\"SC011x001-N-Z-30\" \/>\n<meta property=\"product:condition\" content=\"new\" \/>\n<!-- \/ Yoast SEO Premium plugin. -->","yoast_head_json":{"title":"Sp\u00e9cialiste des aimants Disque magn\u00e9tique adh\u00e9sif 11 \u00d7 1 mm N\u00e9odyme N48 - lot de 30 - Magnetenspecialist.nl","description":"Vous cherchez un Sp\u00e9cialiste des aimants Disque magn\u00e9tique adh\u00e9sif 11 \u00d7 1 mm N\u00e9odyme N48 - lot de 30? Les aimants peuvent \u00eatre achet\u00e9s facilement en ligne sur Magnetenspecialist.nl \u2713 1 jour ouvrable de d\u00e9lai de livraison \u2713 14 jours de d\u00e9lai de r\u00e9flexion \u2713 Exp\u00e9dition ou enl\u00e8vement *.","robots":{"index":"index","follow":"follow","max-snippet":"max-snippet:-1","max-image-preview":"max-image-preview:large","max-video-preview":"max-video-preview:-1"},"canonical":"https:\/\/www.magnetenspecialist.nl\/fr\/magasin\/jeu-daimants-en-neodyme\/specialiste-des-aimants-disque-magnetique-adhesif-11-x-1-mm-neodyme-n48-lot-de-30\/","og_locale":"fr_FR","og_type":"article","og_title":"Sp\u00e9cialiste des aimants Disque magn\u00e9tique adh\u00e9sif 11 \u00d7 1 mm N\u00e9odyme N48 - lot de 30","og_description":"Vous cherchez un Sp\u00e9cialiste des aimants Disque magn\u00e9tique adh\u00e9sif 11 \u00d7 1 mm N\u00e9odyme N48 - lot de 30? Les aimants peuvent \u00eatre achet\u00e9s facilement en ligne sur Magnetenspecialist.nl \u2713 1 jour ouvrable de d\u00e9lai de livraison \u2713 14 jours de d\u00e9lai de r\u00e9flexion \u2713 Exp\u00e9dition ou enl\u00e8vement *.","og_url":"https:\/\/www.magnetenspecialist.nl\/fr\/magasin\/jeu-daimants-en-neodyme\/specialiste-des-aimants-disque-magnetique-adhesif-11-x-1-mm-neodyme-n48-lot-de-30\/","og_site_name":"Magnetenspecialist.nl","article_publisher":"https:\/\/www.facebook.com\/Magnetenspecialist.nl","og_image":[{"width":1500,"height":1500,"url":"https:\/\/www.magnetenspecialist.nl\/wp-content\/uploads\/2019\/03\/Magnetenspecialist.nl_Schijfmagneet-11-x-1-mm-Zelfklevend_2.jpg","type":"image\/jpeg"}],"twitter_card":"summary_large_image","twitter_site":"@magnetenspecial","twitter_misc":{"Prix":"","Disponibilit\u00e9":"En stock"},"schema":{"@context":"https:\/\/schema.org","@graph":[{"@type":"WebPage","@id":"https:\/\/www.magnetenspecialist.nl\/fr\/magasin\/jeu-daimants-en-neodyme\/specialiste-des-aimants-disque-magnetique-adhesif-11-x-1-mm-neodyme-n48-lot-de-30\/","url":"https:\/\/www.magnetenspecialist.nl\/fr\/magasin\/jeu-daimants-en-neodyme\/specialiste-des-aimants-disque-magnetique-adhesif-11-x-1-mm-neodyme-n48-lot-de-30\/","name":"Sp\u00e9cialiste des aimants Disque magn\u00e9tique adh\u00e9sif 11 \u00d7 1 mm N\u00e9odyme N48 - lot de 30 - Magnetenspecialist.nl","isPartOf":{"@id":"https:\/\/www.magnetenspecialist.nl\/fr\/#website"},"primaryImageOfPage":{"@id":"https:\/\/www.magnetenspecialist.nl\/fr\/magasin\/jeu-daimants-en-neodyme\/specialiste-des-aimants-disque-magnetique-adhesif-11-x-1-mm-neodyme-n48-lot-de-30\/#primaryimage"},"image":{"@id":"https:\/\/www.magnetenspecialist.nl\/fr\/magasin\/jeu-daimants-en-neodyme\/specialiste-des-aimants-disque-magnetique-adhesif-11-x-1-mm-neodyme-n48-lot-de-30\/#primaryimage"},"thumbnailUrl":"https:\/\/www.magnetenspecialist.nl\/wp-content\/uploads\/2019\/03\/Magnetenspecialist.nl_Schijfmagneet-11-x-1-mm-Zelfklevend_2.jpg","datePublished":"2025-05-27T12:19:38+00:00","description":"Vous cherchez un Sp\u00e9cialiste des aimants Disque magn\u00e9tique adh\u00e9sif 11 \u00d7 1 mm N\u00e9odyme N48 - lot de 30? Les aimants peuvent \u00eatre achet\u00e9s facilement en ligne sur Magnetenspecialist.nl \u2713 1 jour ouvrable de d\u00e9lai de livraison \u2713 14 jours de d\u00e9lai de r\u00e9flexion \u2713 Exp\u00e9dition ou enl\u00e8vement *.","breadcrumb":{"@id":"https:\/\/www.magnetenspecialist.nl\/fr\/magasin\/jeu-daimants-en-neodyme\/specialiste-des-aimants-disque-magnetique-adhesif-11-x-1-mm-neodyme-n48-lot-de-30\/#breadcrumb"},"inLanguage":"fr-FR","potentialAction":[{"@type":"ReadAction","target":["https:\/\/www.magnetenspecialist.nl\/fr\/magasin\/jeu-daimants-en-neodyme\/specialiste-des-aimants-disque-magnetique-adhesif-11-x-1-mm-neodyme-n48-lot-de-30\/"]}]},{"@type":"ImageObject","inLanguage":"fr-FR","@id":"https:\/\/www.magnetenspecialist.nl\/fr\/magasin\/jeu-daimants-en-neodyme\/specialiste-des-aimants-disque-magnetique-adhesif-11-x-1-mm-neodyme-n48-lot-de-30\/#primaryimage","url":"https:\/\/www.magnetenspecialist.nl\/wp-content\/uploads\/2019\/03\/Magnetenspecialist.nl_Schijfmagneet-11-x-1-mm-Zelfklevend_2.jpg","contentUrl":"https:\/\/www.magnetenspecialist.nl\/wp-content\/uploads\/2019\/03\/Magnetenspecialist.nl_Schijfmagneet-11-x-1-mm-Zelfklevend_2.jpg","width":1500,"height":1500},{"@type":"BreadcrumbList","@id":"https:\/\/www.magnetenspecialist.nl\/fr\/magasin\/jeu-daimants-en-neodyme\/specialiste-des-aimants-disque-magnetique-adhesif-11-x-1-mm-neodyme-n48-lot-de-30\/#breadcrumb","itemListElement":[{"@type":"ListItem","position":1,"name":"Accueil","item":"https:\/\/www.magnetenspecialist.nl\/fr\/accueil\/"},{"@type":"ListItem","position":2,"name":"Boutique","item":"https:\/\/www.magnetenspecialist.nl\/fr\/boutique\/"},{"@type":"ListItem","position":3,"name":"Sp\u00e9cialiste des aimants Disque magn\u00e9tique adh\u00e9sif 11 \u00d7 1 mm N\u00e9odyme N48 &#8211; lot de 30"}]},{"@type":"WebSite","@id":"https:\/\/www.magnetenspecialist.nl\/fr\/#website","url":"https:\/\/www.magnetenspecialist.nl\/fr\/","name":"Magnetenspecialist.nl","description":"Vaste gamme d'aimants en n\u00e9odyme","publisher":{"@id":"https:\/\/www.magnetenspecialist.nl\/fr\/#organization"},"potentialAction":[{"@type":"SearchAction","target":{"@type":"EntryPoint","urlTemplate":"https:\/\/www.magnetenspecialist.nl\/fr\/?s={search_term_string}"},"query-input":{"@type":"PropertyValueSpecification","valueRequired":true,"valueName":"search_term_string"}}],"inLanguage":"fr-FR"},{"@type":"Organization","@id":"https:\/\/www.magnetenspecialist.nl\/fr\/#organization","name":"Magnetenspecialist.nl","url":"https:\/\/www.magnetenspecialist.nl\/fr\/","logo":{"@type":"ImageObject","inLanguage":"fr-FR","@id":"https:\/\/www.magnetenspecialist.nl\/fr\/#\/schema\/logo\/image\/","url":"https:\/\/www.magnetenspecialist.nl\/wp-content\/uploads\/2018\/10\/magneten-logo.jpg","contentUrl":"https:\/\/www.magnetenspecialist.nl\/wp-content\/uploads\/2018\/10\/magneten-logo.jpg","width":151,"height":151,"caption":"Magnetenspecialist.nl"},"image":{"@id":"https:\/\/www.magnetenspecialist.nl\/fr\/#\/schema\/logo\/image\/"},"sameAs":["https:\/\/www.facebook.com\/Magnetenspecialist.nl","https:\/\/x.com\/magnetenspecial"]}]},"product_price_currency":"EUR","og_availability":"instock","product_availability":"instock","product_retailer_item_id":"SC011x001-N-Z-30","product_condition":"new"},"_links":{"self":[{"href":"https:\/\/www.magnetenspecialist.nl\/fr\/wp-json\/wp\/v2\/product\/139034","targetHints":{"allow":["GET"]}}],"collection":[{"href":"https:\/\/www.magnetenspecialist.nl\/fr\/wp-json\/wp\/v2\/product"}],"about":[{"href":"https:\/\/www.magnetenspecialist.nl\/fr\/wp-json\/wp\/v2\/types\/product"}],"wp:featuredmedia":[{"embeddable":true,"href":"https:\/\/www.magnetenspecialist.nl\/fr\/wp-json\/wp\/v2\/media\/113445"}],"wp:attachment":[{"href":"https:\/\/www.magnetenspecialist.nl\/fr\/wp-json\/wp\/v2\/media?parent=139034"}],"wp:term":[{"taxonomy":"product_brand","embeddable":true,"href":"https:\/\/www.magnetenspecialist.nl\/fr\/wp-json\/wp\/v2\/product_brand?post=139034"},{"taxonomy":"product_cat","embeddable":true,"href":"https:\/\/www.magnetenspecialist.nl\/fr\/wp-json\/wp\/v2\/product_cat?post=139034"},{"taxonomy":"product_tag","embeddable":true,"href":"https:\/\/www.magnetenspecialist.nl\/fr\/wp-json\/wp\/v2\/product_tag?post=139034"}],"curies":[{"name":"wp","href":"https:\/\/api.w.org\/{rel}","templated":true}]}}