{"id":139038,"date":"2025-05-20T16:02:16","date_gmt":"2025-05-20T14:02:16","guid":{"rendered":"https:\/\/www.magnetenspecialist.nl\/?post_type=product&p=139038"},"modified":"2025-05-20T16:02:16","modified_gmt":"2025-05-20T14:02:16","slug":"bloc-magnetique-en-neodyme-508-x-254-x-127-mm-avec-revetement-en-plastique-et-deux-trous-a-fraiser-lot-de-2","status":"publish","type":"product","link":"https:\/\/www.magnetenspecialist.nl\/fr\/magasin\/jeu-daimants-en-neodyme\/bloc-magnetique-en-neodyme-508-x-254-x-127-mm-avec-revetement-en-plastique-et-deux-trous-a-fraiser-lot-de-2\/","title":{"rendered":"Bloc magn\u00e9tique en n\u00e9odyme 50,8 \u00d7 25,4 \u00d7 12,7 mm avec rev\u00eatement en plastique et deux trous \u00e0 fraiser &#8211; Lot de 2"},"content":{"rendered":"<h3 class=\"\" data-start=\"235\" data-end=\"262\"><strong data-start=\"239\" data-end=\"262\">Description du produit<\/strong><\/h3>\n<p class=\"\" data-start=\"264\" data-end=\"649\">Ce <strong data-start=\"269\" data-end=\"312\">lot de 2 aimants en n\u00e9odyme<\/strong> (N40) mesure <strong data-start=\"345\" data-end=\"370\">50,8 \u00d7 25,4 \u00d7 12,7 mm<\/strong> et est <strong data-start=\"394\" data-end=\"426\">recouvert d&#8217;une couche de plastique r\u00e9sistante \u00e0 l&#8217;usure<\/strong>. Ce rev\u00eatement prot\u00e8ge non seulement l&#8217;aimant de la corrosion et des chocs, mais \u00e9vite \u00e9galement les rayures sur la surface. Les <strong data-start=\"538\" data-end=\"562\">deux trous frais\u00e9s<\/strong> permettent de fixer l&#8217;aimant de mani\u00e8re solide, plane et invisible \u00e0 l&#8217;aide de vis.  <\/p>\n<p class=\"\" data-start=\"651\" data-end=\"854\">L&#8217;\u00e9paisseur suppl\u00e9mentaire de <strong data-start=\"675\" data-end=\"686\">12,7 mm<\/strong> conf\u00e8re \u00e0 cet aimant un <strong data-start=\"710\" data-end=\"735\">pouvoir de r\u00e9tention encore plus \u00e9lev\u00e9<\/strong>, ce qui le rend id\u00e9al pour les applications plus lourdes dans les ateliers, la construction int\u00e9rieure ou les projets industriels.<\/p>\n<hr class=\"\" data-start=\"856\" data-end=\"859\">\n<h3 class=\"\" data-start=\"861\" data-end=\"883\">&#x2705; <strong data-start=\"867\" data-end=\"883\">Applications<\/strong><\/h3>\n<ul data-start=\"885\" data-end=\"1118\">\n<li class=\"\" data-start=\"885\" data-end=\"933\">\n<p class=\"\" data-start=\"887\" data-end=\"933\">Fixation de pi\u00e8ces en m\u00e9tal ou en bois<\/p>\n<\/li>\n<li class=\"\" data-start=\"934\" data-end=\"983\">\n<p class=\"\" data-start=\"936\" data-end=\"983\">Installations n\u00e9cessitant une force de maintien \u00e9lev\u00e9e<\/p>\n<\/li>\n<li class=\"\" data-start=\"984\" data-end=\"1057\">\n<p class=\"\" data-start=\"986\" data-end=\"1057\">Montage permanent ou temporaire d&#8217;outils, de panneaux ou de dispositifs<\/p>\n<\/li>\n<li class=\"\" data-start=\"1058\" data-end=\"1118\">\n<p class=\"\" data-start=\"1060\" data-end=\"1118\">Applicable \u00e0 la construction int\u00e9rieure, au mobilier, aux machines et aux pr\u00e9sentoirs.<\/p>\n<\/li>\n<\/ul>\n","protected":false},"excerpt":{"rendered":"<p>Description du produit Ce lot de 2 aimants en n\u00e9odyme (N40) mesure 50,8 \u00d7 25,4 \u00d7 12,7 mm et est recouvert d&#8217;une couche de plastique r\u00e9sistante \u00e0 l&#8217;usure. Ce rev\u00eatement prot\u00e8ge non seulement l&#8217;aimant de la corrosion et des chocs, mais \u00e9vite \u00e9galement les rayures sur la surface. Les deux trous frais\u00e9s permettent de fixer [&hellip;]<\/p>\n","protected":false},"featured_media":133576,"template":"","meta":{"_acf_changed":false},"product_brand":[3521],"product_cat":[3533],"product_tag":[],"class_list":{"0":"post-139038","1":"product","2":"type-product","3":"status-publish","4":"has-post-thumbnail","6":"product_brand-magnetenspecialist","7":"product_cat-jeu-daimants-en-neodyme","9":"first","10":"instock","11":"taxable","12":"shipping-taxable","13":"product-type-simple"},"supplier_id":null,"supplier_sku":"","barcode":null,"atum_controlled":true,"out_stock_date":null,"out_stock_threshold":null,"inheritable":false,"inbound_stock":0,"stock_on_hold":0,"sold_today":0,"sales_last_days":0,"reserved_stock":0,"customer_returns":0,"warehouse_damage":0,"lost_in_post":0,"other_logs":0,"out_stock_days":0,"lost_sales":0,"has_location":false,"update_date":"2026-04-03T08:06:11","atum_locations":[],"atum_stock_status":"instock","restock_status":false,"low_stock_amount":"","sales_update_date":"2026-04-03T08:06:11","calc_backorders":null,"acf":[],"yoast_head":"<!-- This site is optimized with the Yoast SEO Premium plugin v24.7 (Yoast SEO v24.7) - https:\/\/yoast.com\/wordpress\/plugins\/seo\/ -->\n<title>Bloc magn\u00e9tique en n\u00e9odyme 50,8 \u00d7 25,4 \u00d7 12,7 mm avec rev\u00eatement en plastique et deux trous \u00e0 fraiser - Lot de 2 - Magnetenspecialist.nl<\/title>\n<meta name=\"description\" content=\"Vous cherchez un Bloc magn\u00e9tique en n\u00e9odyme 50,8 \u00d7 25,4 \u00d7 12,7 mm avec rev\u00eatement en plastique et deux trous \u00e0 fraiser - Lot de 2? Les aimants peuvent \u00eatre achet\u00e9s facilement en ligne sur Magnetenspecialist.nl \u2713 1 jour ouvrable de d\u00e9lai de livraison \u2713 14 jours de d\u00e9lai de r\u00e9flexion \u2713 Exp\u00e9dition ou enl\u00e8vement *.\" \/>\n<meta name=\"robots\" content=\"index, follow, max-snippet:-1, max-image-preview:large, max-video-preview:-1\" \/>\n<link rel=\"canonical\" href=\"https:\/\/www.magnetenspecialist.nl\/fr\/magasin\/jeu-daimants-en-neodyme\/bloc-magnetique-en-neodyme-508-x-254-x-127-mm-avec-revetement-en-plastique-et-deux-trous-a-fraiser-lot-de-2\/\" \/>\n<meta property=\"og:locale\" content=\"fr_FR\" \/>\n<meta property=\"og:type\" content=\"article\" \/>\n<meta property=\"og:title\" content=\"Bloc magn\u00e9tique en n\u00e9odyme 50,8 \u00d7 25,4 \u00d7 12,7 mm avec rev\u00eatement en plastique et deux trous \u00e0 fraiser - Lot de 2\" \/>\n<meta property=\"og:description\" content=\"Vous cherchez un Bloc magn\u00e9tique en n\u00e9odyme 50,8 \u00d7 25,4 \u00d7 12,7 mm avec rev\u00eatement en plastique et deux trous \u00e0 fraiser - Lot de 2? Les aimants peuvent \u00eatre achet\u00e9s facilement en ligne sur Magnetenspecialist.nl \u2713 1 jour ouvrable de d\u00e9lai de livraison \u2713 14 jours de d\u00e9lai de r\u00e9flexion \u2713 Exp\u00e9dition ou enl\u00e8vement *.\" \/>\n<meta property=\"og:url\" content=\"https:\/\/www.magnetenspecialist.nl\/fr\/magasin\/jeu-daimants-en-neodyme\/bloc-magnetique-en-neodyme-508-x-254-x-127-mm-avec-revetement-en-plastique-et-deux-trous-a-fraiser-lot-de-2\/\" \/>\n<meta property=\"og:site_name\" content=\"Magnetenspecialist.nl\" \/>\n<meta property=\"article:publisher\" content=\"https:\/\/www.facebook.com\/Magnetenspecialist.nl\" \/>\n<meta property=\"og:image\" content=\"https:\/\/www.magnetenspecialist.nl\/wp-content\/uploads\/2024\/04\/Ontwerp-zonder-titel-30.png\" \/>\n\t<meta property=\"og:image:width\" content=\"1080\" \/>\n\t<meta property=\"og:image:height\" content=\"1080\" \/>\n\t<meta property=\"og:image:type\" content=\"image\/png\" \/>\n<meta name=\"twitter:card\" content=\"summary_large_image\" \/>\n<meta name=\"twitter:site\" content=\"@magnetenspecial\" \/>\n<meta name=\"twitter:label1\" content=\"Prix\" \/>\n\t<meta name=\"twitter:data1\" content=\"\" \/>\n\t<meta name=\"twitter:label2\" content=\"Disponibilit\u00e9\" \/>\n\t<meta name=\"twitter:data2\" content=\"En stock\" \/>\n<script type=\"application\/ld+json\" class=\"yoast-schema-graph\">{\"@context\":\"https:\/\/schema.org\",\"@graph\":[{\"@type\":\"WebPage\",\"@id\":\"https:\/\/www.magnetenspecialist.nl\/fr\/magasin\/jeu-daimants-en-neodyme\/bloc-magnetique-en-neodyme-508-x-254-x-127-mm-avec-revetement-en-plastique-et-deux-trous-a-fraiser-lot-de-2\/\",\"url\":\"https:\/\/www.magnetenspecialist.nl\/fr\/magasin\/jeu-daimants-en-neodyme\/bloc-magnetique-en-neodyme-508-x-254-x-127-mm-avec-revetement-en-plastique-et-deux-trous-a-fraiser-lot-de-2\/\",\"name\":\"Bloc magn\u00e9tique en n\u00e9odyme 50,8 \u00d7 25,4 \u00d7 12,7 mm avec rev\u00eatement en plastique et deux trous \u00e0 fraiser - Lot de 2 - Magnetenspecialist.nl\",\"isPartOf\":{\"@id\":\"https:\/\/www.magnetenspecialist.nl\/fr\/#website\"},\"primaryImageOfPage\":{\"@id\":\"https:\/\/www.magnetenspecialist.nl\/fr\/magasin\/jeu-daimants-en-neodyme\/bloc-magnetique-en-neodyme-508-x-254-x-127-mm-avec-revetement-en-plastique-et-deux-trous-a-fraiser-lot-de-2\/#primaryimage\"},\"image\":{\"@id\":\"https:\/\/www.magnetenspecialist.nl\/fr\/magasin\/jeu-daimants-en-neodyme\/bloc-magnetique-en-neodyme-508-x-254-x-127-mm-avec-revetement-en-plastique-et-deux-trous-a-fraiser-lot-de-2\/#primaryimage\"},\"thumbnailUrl\":\"https:\/\/www.magnetenspecialist.nl\/wp-content\/uploads\/2024\/04\/Ontwerp-zonder-titel-30.png\",\"datePublished\":\"2025-05-20T14:02:16+00:00\",\"description\":\"Vous cherchez un Bloc magn\u00e9tique en n\u00e9odyme 50,8 \u00d7 25,4 \u00d7 12,7 mm avec rev\u00eatement en plastique et deux trous \u00e0 fraiser - Lot de 2? Les aimants peuvent \u00eatre achet\u00e9s facilement en ligne sur Magnetenspecialist.nl \u2713 1 jour ouvrable de d\u00e9lai de livraison \u2713 14 jours de d\u00e9lai de r\u00e9flexion \u2713 Exp\u00e9dition ou enl\u00e8vement *.\",\"breadcrumb\":{\"@id\":\"https:\/\/www.magnetenspecialist.nl\/fr\/magasin\/jeu-daimants-en-neodyme\/bloc-magnetique-en-neodyme-508-x-254-x-127-mm-avec-revetement-en-plastique-et-deux-trous-a-fraiser-lot-de-2\/#breadcrumb\"},\"inLanguage\":\"fr-FR\",\"potentialAction\":[{\"@type\":\"ReadAction\",\"target\":[\"https:\/\/www.magnetenspecialist.nl\/fr\/magasin\/jeu-daimants-en-neodyme\/bloc-magnetique-en-neodyme-508-x-254-x-127-mm-avec-revetement-en-plastique-et-deux-trous-a-fraiser-lot-de-2\/\"]}]},{\"@type\":\"ImageObject\",\"inLanguage\":\"fr-FR\",\"@id\":\"https:\/\/www.magnetenspecialist.nl\/fr\/magasin\/jeu-daimants-en-neodyme\/bloc-magnetique-en-neodyme-508-x-254-x-127-mm-avec-revetement-en-plastique-et-deux-trous-a-fraiser-lot-de-2\/#primaryimage\",\"url\":\"https:\/\/www.magnetenspecialist.nl\/wp-content\/uploads\/2024\/04\/Ontwerp-zonder-titel-30.png\",\"contentUrl\":\"https:\/\/www.magnetenspecialist.nl\/wp-content\/uploads\/2024\/04\/Ontwerp-zonder-titel-30.png\",\"width\":1080,\"height\":1080,\"caption\":\"Vooraanzicht van de blokmagneet (50,8 x 25,4 x 12,7 mm), omhuld met een duurzame kunststofmantel van polypropyleen, met twee verzonken gaten voor eenvoudige montage.\"},{\"@type\":\"BreadcrumbList\",\"@id\":\"https:\/\/www.magnetenspecialist.nl\/fr\/magasin\/jeu-daimants-en-neodyme\/bloc-magnetique-en-neodyme-508-x-254-x-127-mm-avec-revetement-en-plastique-et-deux-trous-a-fraiser-lot-de-2\/#breadcrumb\",\"itemListElement\":[{\"@type\":\"ListItem\",\"position\":1,\"name\":\"Accueil\",\"item\":\"https:\/\/www.magnetenspecialist.nl\/fr\/accueil\/\"},{\"@type\":\"ListItem\",\"position\":2,\"name\":\"Boutique\",\"item\":\"https:\/\/www.magnetenspecialist.nl\/fr\/boutique\/\"},{\"@type\":\"ListItem\",\"position\":3,\"name\":\"Priv\u00e9: Bloc magn\u00e9tique en n\u00e9odyme 50,8 \u00d7 25,4 \u00d7 12,7 mm avec rev\u00eatement en plastique et deux trous \u00e0 fraiser &#8211; Lot de 2\"}]},{\"@type\":\"WebSite\",\"@id\":\"https:\/\/www.magnetenspecialist.nl\/fr\/#website\",\"url\":\"https:\/\/www.magnetenspecialist.nl\/fr\/\",\"name\":\"Magnetenspecialist.nl\",\"description\":\"Vaste gamme d'aimants en n\u00e9odyme\",\"publisher\":{\"@id\":\"https:\/\/www.magnetenspecialist.nl\/fr\/#organization\"},\"potentialAction\":[{\"@type\":\"SearchAction\",\"target\":{\"@type\":\"EntryPoint\",\"urlTemplate\":\"https:\/\/www.magnetenspecialist.nl\/fr\/?s={search_term_string}\"},\"query-input\":{\"@type\":\"PropertyValueSpecification\",\"valueRequired\":true,\"valueName\":\"search_term_string\"}}],\"inLanguage\":\"fr-FR\"},{\"@type\":\"Organization\",\"@id\":\"https:\/\/www.magnetenspecialist.nl\/fr\/#organization\",\"name\":\"Magnetenspecialist.nl\",\"url\":\"https:\/\/www.magnetenspecialist.nl\/fr\/\",\"logo\":{\"@type\":\"ImageObject\",\"inLanguage\":\"fr-FR\",\"@id\":\"https:\/\/www.magnetenspecialist.nl\/fr\/#\/schema\/logo\/image\/\",\"url\":\"https:\/\/www.magnetenspecialist.nl\/wp-content\/uploads\/2018\/10\/magneten-logo.jpg\",\"contentUrl\":\"https:\/\/www.magnetenspecialist.nl\/wp-content\/uploads\/2018\/10\/magneten-logo.jpg\",\"width\":151,\"height\":151,\"caption\":\"Magnetenspecialist.nl\"},\"image\":{\"@id\":\"https:\/\/www.magnetenspecialist.nl\/fr\/#\/schema\/logo\/image\/\"},\"sameAs\":[\"https:\/\/www.facebook.com\/Magnetenspecialist.nl\",\"https:\/\/x.com\/magnetenspecial\"]}]}<\/script>\n<meta property=\"product:price:currency\" content=\"EUR\" \/>\n<meta property=\"og:availability\" content=\"instock\" \/>\n<meta property=\"product:availability\" content=\"instock\" \/>\n<meta property=\"product:retailer_item_id\" content=\"BLK50x25x12-N-2\" \/>\n<meta property=\"product:condition\" content=\"new\" \/>\n<!-- \/ Yoast SEO Premium plugin. -->","yoast_head_json":{"title":"Bloc magn\u00e9tique en n\u00e9odyme 50,8 \u00d7 25,4 \u00d7 12,7 mm avec rev\u00eatement en plastique et deux trous \u00e0 fraiser - Lot de 2 - Magnetenspecialist.nl","description":"Vous cherchez un Bloc magn\u00e9tique en n\u00e9odyme 50,8 \u00d7 25,4 \u00d7 12,7 mm avec rev\u00eatement en plastique et deux trous \u00e0 fraiser - Lot de 2? Les aimants peuvent \u00eatre achet\u00e9s facilement en ligne sur Magnetenspecialist.nl \u2713 1 jour ouvrable de d\u00e9lai de livraison \u2713 14 jours de d\u00e9lai de r\u00e9flexion \u2713 Exp\u00e9dition ou enl\u00e8vement *.","robots":{"index":"index","follow":"follow","max-snippet":"max-snippet:-1","max-image-preview":"max-image-preview:large","max-video-preview":"max-video-preview:-1"},"canonical":"https:\/\/www.magnetenspecialist.nl\/fr\/magasin\/jeu-daimants-en-neodyme\/bloc-magnetique-en-neodyme-508-x-254-x-127-mm-avec-revetement-en-plastique-et-deux-trous-a-fraiser-lot-de-2\/","og_locale":"fr_FR","og_type":"article","og_title":"Bloc magn\u00e9tique en n\u00e9odyme 50,8 \u00d7 25,4 \u00d7 12,7 mm avec rev\u00eatement en plastique et deux trous \u00e0 fraiser - Lot de 2","og_description":"Vous cherchez un Bloc magn\u00e9tique en n\u00e9odyme 50,8 \u00d7 25,4 \u00d7 12,7 mm avec rev\u00eatement en plastique et deux trous \u00e0 fraiser - Lot de 2? Les aimants peuvent \u00eatre achet\u00e9s facilement en ligne sur Magnetenspecialist.nl \u2713 1 jour ouvrable de d\u00e9lai de livraison \u2713 14 jours de d\u00e9lai de r\u00e9flexion \u2713 Exp\u00e9dition ou enl\u00e8vement *.","og_url":"https:\/\/www.magnetenspecialist.nl\/fr\/magasin\/jeu-daimants-en-neodyme\/bloc-magnetique-en-neodyme-508-x-254-x-127-mm-avec-revetement-en-plastique-et-deux-trous-a-fraiser-lot-de-2\/","og_site_name":"Magnetenspecialist.nl","article_publisher":"https:\/\/www.facebook.com\/Magnetenspecialist.nl","og_image":[{"width":1080,"height":1080,"url":"https:\/\/www.magnetenspecialist.nl\/wp-content\/uploads\/2024\/04\/Ontwerp-zonder-titel-30.png","type":"image\/png"}],"twitter_card":"summary_large_image","twitter_site":"@magnetenspecial","twitter_misc":{"Prix":"","Disponibilit\u00e9":"En stock"},"schema":{"@context":"https:\/\/schema.org","@graph":[{"@type":"WebPage","@id":"https:\/\/www.magnetenspecialist.nl\/fr\/magasin\/jeu-daimants-en-neodyme\/bloc-magnetique-en-neodyme-508-x-254-x-127-mm-avec-revetement-en-plastique-et-deux-trous-a-fraiser-lot-de-2\/","url":"https:\/\/www.magnetenspecialist.nl\/fr\/magasin\/jeu-daimants-en-neodyme\/bloc-magnetique-en-neodyme-508-x-254-x-127-mm-avec-revetement-en-plastique-et-deux-trous-a-fraiser-lot-de-2\/","name":"Bloc magn\u00e9tique en n\u00e9odyme 50,8 \u00d7 25,4 \u00d7 12,7 mm avec rev\u00eatement en plastique et deux trous \u00e0 fraiser - Lot de 2 - Magnetenspecialist.nl","isPartOf":{"@id":"https:\/\/www.magnetenspecialist.nl\/fr\/#website"},"primaryImageOfPage":{"@id":"https:\/\/www.magnetenspecialist.nl\/fr\/magasin\/jeu-daimants-en-neodyme\/bloc-magnetique-en-neodyme-508-x-254-x-127-mm-avec-revetement-en-plastique-et-deux-trous-a-fraiser-lot-de-2\/#primaryimage"},"image":{"@id":"https:\/\/www.magnetenspecialist.nl\/fr\/magasin\/jeu-daimants-en-neodyme\/bloc-magnetique-en-neodyme-508-x-254-x-127-mm-avec-revetement-en-plastique-et-deux-trous-a-fraiser-lot-de-2\/#primaryimage"},"thumbnailUrl":"https:\/\/www.magnetenspecialist.nl\/wp-content\/uploads\/2024\/04\/Ontwerp-zonder-titel-30.png","datePublished":"2025-05-20T14:02:16+00:00","description":"Vous cherchez un Bloc magn\u00e9tique en n\u00e9odyme 50,8 \u00d7 25,4 \u00d7 12,7 mm avec rev\u00eatement en plastique et deux trous \u00e0 fraiser - Lot de 2? Les aimants peuvent \u00eatre achet\u00e9s facilement en ligne sur Magnetenspecialist.nl \u2713 1 jour ouvrable de d\u00e9lai de livraison \u2713 14 jours de d\u00e9lai de r\u00e9flexion \u2713 Exp\u00e9dition ou enl\u00e8vement *.","breadcrumb":{"@id":"https:\/\/www.magnetenspecialist.nl\/fr\/magasin\/jeu-daimants-en-neodyme\/bloc-magnetique-en-neodyme-508-x-254-x-127-mm-avec-revetement-en-plastique-et-deux-trous-a-fraiser-lot-de-2\/#breadcrumb"},"inLanguage":"fr-FR","potentialAction":[{"@type":"ReadAction","target":["https:\/\/www.magnetenspecialist.nl\/fr\/magasin\/jeu-daimants-en-neodyme\/bloc-magnetique-en-neodyme-508-x-254-x-127-mm-avec-revetement-en-plastique-et-deux-trous-a-fraiser-lot-de-2\/"]}]},{"@type":"ImageObject","inLanguage":"fr-FR","@id":"https:\/\/www.magnetenspecialist.nl\/fr\/magasin\/jeu-daimants-en-neodyme\/bloc-magnetique-en-neodyme-508-x-254-x-127-mm-avec-revetement-en-plastique-et-deux-trous-a-fraiser-lot-de-2\/#primaryimage","url":"https:\/\/www.magnetenspecialist.nl\/wp-content\/uploads\/2024\/04\/Ontwerp-zonder-titel-30.png","contentUrl":"https:\/\/www.magnetenspecialist.nl\/wp-content\/uploads\/2024\/04\/Ontwerp-zonder-titel-30.png","width":1080,"height":1080,"caption":"Vooraanzicht van de blokmagneet (50,8 x 25,4 x 12,7 mm), omhuld met een duurzame kunststofmantel van polypropyleen, met twee verzonken gaten voor eenvoudige montage."},{"@type":"BreadcrumbList","@id":"https:\/\/www.magnetenspecialist.nl\/fr\/magasin\/jeu-daimants-en-neodyme\/bloc-magnetique-en-neodyme-508-x-254-x-127-mm-avec-revetement-en-plastique-et-deux-trous-a-fraiser-lot-de-2\/#breadcrumb","itemListElement":[{"@type":"ListItem","position":1,"name":"Accueil","item":"https:\/\/www.magnetenspecialist.nl\/fr\/accueil\/"},{"@type":"ListItem","position":2,"name":"Boutique","item":"https:\/\/www.magnetenspecialist.nl\/fr\/boutique\/"},{"@type":"ListItem","position":3,"name":"Priv\u00e9: Bloc magn\u00e9tique en n\u00e9odyme 50,8 \u00d7 25,4 \u00d7 12,7 mm avec rev\u00eatement en plastique et deux trous \u00e0 fraiser &#8211; Lot de 2"}]},{"@type":"WebSite","@id":"https:\/\/www.magnetenspecialist.nl\/fr\/#website","url":"https:\/\/www.magnetenspecialist.nl\/fr\/","name":"Magnetenspecialist.nl","description":"Vaste gamme d'aimants en n\u00e9odyme","publisher":{"@id":"https:\/\/www.magnetenspecialist.nl\/fr\/#organization"},"potentialAction":[{"@type":"SearchAction","target":{"@type":"EntryPoint","urlTemplate":"https:\/\/www.magnetenspecialist.nl\/fr\/?s={search_term_string}"},"query-input":{"@type":"PropertyValueSpecification","valueRequired":true,"valueName":"search_term_string"}}],"inLanguage":"fr-FR"},{"@type":"Organization","@id":"https:\/\/www.magnetenspecialist.nl\/fr\/#organization","name":"Magnetenspecialist.nl","url":"https:\/\/www.magnetenspecialist.nl\/fr\/","logo":{"@type":"ImageObject","inLanguage":"fr-FR","@id":"https:\/\/www.magnetenspecialist.nl\/fr\/#\/schema\/logo\/image\/","url":"https:\/\/www.magnetenspecialist.nl\/wp-content\/uploads\/2018\/10\/magneten-logo.jpg","contentUrl":"https:\/\/www.magnetenspecialist.nl\/wp-content\/uploads\/2018\/10\/magneten-logo.jpg","width":151,"height":151,"caption":"Magnetenspecialist.nl"},"image":{"@id":"https:\/\/www.magnetenspecialist.nl\/fr\/#\/schema\/logo\/image\/"},"sameAs":["https:\/\/www.facebook.com\/Magnetenspecialist.nl","https:\/\/x.com\/magnetenspecial"]}]},"product_price_currency":"EUR","og_availability":"instock","product_availability":"instock","product_retailer_item_id":"BLK50x25x12-N-2","product_condition":"new"},"_links":{"self":[{"href":"https:\/\/www.magnetenspecialist.nl\/fr\/wp-json\/wp\/v2\/product\/139038","targetHints":{"allow":["GET"]}}],"collection":[{"href":"https:\/\/www.magnetenspecialist.nl\/fr\/wp-json\/wp\/v2\/product"}],"about":[{"href":"https:\/\/www.magnetenspecialist.nl\/fr\/wp-json\/wp\/v2\/types\/product"}],"wp:featuredmedia":[{"embeddable":true,"href":"https:\/\/www.magnetenspecialist.nl\/fr\/wp-json\/wp\/v2\/media\/133576"}],"wp:attachment":[{"href":"https:\/\/www.magnetenspecialist.nl\/fr\/wp-json\/wp\/v2\/media?parent=139038"}],"wp:term":[{"taxonomy":"product_brand","embeddable":true,"href":"https:\/\/www.magnetenspecialist.nl\/fr\/wp-json\/wp\/v2\/product_brand?post=139038"},{"taxonomy":"product_cat","embeddable":true,"href":"https:\/\/www.magnetenspecialist.nl\/fr\/wp-json\/wp\/v2\/product_cat?post=139038"},{"taxonomy":"product_tag","embeddable":true,"href":"https:\/\/www.magnetenspecialist.nl\/fr\/wp-json\/wp\/v2\/product_tag?post=139038"}],"curies":[{"name":"wp","href":"https:\/\/api.w.org\/{rel}","templated":true}]}}