{"id":139196,"date":"2025-06-03T14:23:08","date_gmt":"2025-06-03T12:23:08","guid":{"rendered":"https:\/\/www.magnetenspecialist.nl\/winkel\/non class\u00e9\/specialiste-des-aimants-bloc-magnetique-en-neodyme-254-x-254-x-127-mm-avec-revetement-en-plastique-et-fraise-set-de-2\/"},"modified":"2025-06-03T14:23:08","modified_gmt":"2025-06-03T12:23:08","slug":"specialiste-des-aimants-bloc-magnetique-en-neodyme-254-x-254-x-127-mm-avec-revetement-en-plastique-et-fraise-set-de-2","status":"publish","type":"product","link":"https:\/\/www.magnetenspecialist.nl\/fr\/magasin\/jeu-daimants-en-neodyme\/specialiste-des-aimants-bloc-magnetique-en-neodyme-254-x-254-x-127-mm-avec-revetement-en-plastique-et-fraise-set-de-2\/","title":{"rendered":"Sp\u00e9cialiste des aimants Bloc magn\u00e9tique en n\u00e9odyme 25,4 \u00d7 25,4 \u00d7 12,7 mm &#8211; avec rev\u00eatement en plastique et fraise set de 2"},"content":{"rendered":"<h3 data-start=\"234\" data-end=\"261\"><strong data-start=\"238\" data-end=\"261\">Description du produit<\/strong><\/h3>\n<p data-start=\"263\" data-end=\"557\"><strong data-start=\"263\" data-end=\"347\">Blocs aimants en n\u00e9odyme avec rev\u00eatement plastique &#8211; 25,4 \u00d7 25,4 \u00d7 12,7 mm (lot de 2)<\/strong><br data-start=\"347\" data-end=\"350\">Ces puissants blocs aimants en n\u00e9odyme de <strong data-start=\"392\" data-end=\"414\">Magnet Specialist<\/strong> combinent une force d&#8217;adh\u00e9rence extr\u00eame avec un rev\u00eatement plastique durable, ce qui les rend id\u00e9aux pour les applications industrielles et domestiques.<\/p>\n<p data-start=\"559\" data-end=\"725\">Gr\u00e2ce \u00e0 l&#8217;<strong data-start=\"571\" data-end=\"585\">al\u00e9sage<\/strong>, les aimants peuvent \u00eatre facilement mont\u00e9s avec une vis &#8211; parfait pour les situations o\u00f9 une fixation solide et permanente est n\u00e9cessaire.<\/p>\n<hr data-start=\"727\" data-end=\"730\">\n<h3 data-start=\"732\" data-end=\"750\"><strong data-start=\"736\" data-end=\"750\">Caract\u00e9ristiques :<\/strong><\/h3>\n<ul data-start=\"751\" data-end=\"1090\">\n<li data-start=\"751\" data-end=\"798\">\n<p data-start=\"753\" data-end=\"798\"><strong data-start=\"753\" data-end=\"768\">Dimensions :<\/strong> 25,4 mm \u00d7 25,4 mm \u00d7 12,7 mm<\/p>\n<\/li>\n<li data-start=\"799\" data-end=\"846\">\n<p data-start=\"801\" data-end=\"846\"><strong data-start=\"801\" data-end=\"815\">Mat\u00e9riau :<\/strong> N\u00e9odyme (NdFeB) &#8211; type N35<\/p>\n<\/li>\n<li data-start=\"847\" data-end=\"912\">\n<p data-start=\"849\" data-end=\"912\"><strong data-start=\"849\" data-end=\"861\">Rev\u00eatement :<\/strong> couche de plastique r\u00e9sistant \u00e0 l&#8217;usure pour une protection suppl\u00e9mentaire<\/p>\n<\/li>\n<li data-start=\"913\" data-end=\"981\">\n<p data-start=\"915\" data-end=\"981\"><strong data-start=\"915\" data-end=\"931\">Fixation :<\/strong> Avec fraisage pour un montage facile<\/p>\n<\/li>\n<li data-start=\"982\" data-end=\"1015\">\n<p data-start=\"984\" data-end=\"1015\"><strong data-start=\"984\" data-end=\"992\">Set :<\/strong> contient 2 blocs aimant\u00e9s<\/p>\n<\/li>\n<li data-start=\"1016\" data-end=\"1090\">\n<p data-start=\"1018\" data-end=\"1090\"><strong data-start=\"1018\" data-end=\"1034\">R\u00e9sistance \u00e0 la traction :<\/strong> convient aux applications n\u00e9cessitant une force de maintien \u00e9lev\u00e9e<\/p>\n<\/li>\n<\/ul>\n<hr data-start=\"1092\" data-end=\"1095\">\n<h3 data-start=\"1097\" data-end=\"1118\"><strong data-start=\"1101\" data-end=\"1118\">Applications :<\/strong><\/h3>\n<ul data-start=\"1119\" data-end=\"1339\">\n<li data-start=\"1119\" data-end=\"1166\">\n<p data-start=\"1121\" data-end=\"1166\">Fixation de panneaux, d&#8217;enseignes ou d&#8217;outils<\/p>\n<\/li>\n<li data-start=\"1167\" data-end=\"1221\">\n<p data-start=\"1169\" data-end=\"1221\">Projets de bricolage \u00e0 la maison, au garage ou \u00e0 l&#8217;atelier<\/p>\n<\/li>\n<li data-start=\"1222\" data-end=\"1289\">\n<p data-start=\"1224\" data-end=\"1289\">Applications professionnelles dans le domaine de la m\u00e9tallurgie, de l&#8217;ing\u00e9nierie ou de la conception<\/p>\n<\/li>\n<li data-start=\"1290\" data-end=\"1339\">\n<p data-start=\"1292\" data-end=\"1339\">S\u00e9curisation des portes, des trappes ou des couvercles de machines<\/p>\n<\/li>\n<\/ul>\n<hr data-start=\"1341\" data-end=\"1344\">\n<h3 data-start=\"1346\" data-end=\"1392\"><strong data-start=\"1350\" data-end=\"1392\">Pourquoi choisir Magnetenspecialist ?<\/strong><\/h3>\n<p data-start=\"1393\" data-end=\"1607\">Magnet Specialist vous garantit des aimants en n\u00e9odyme de haute qualit\u00e9, dont la r\u00e9sistance, la durabilit\u00e9 et la fiabilit\u00e9 ont \u00e9t\u00e9 test\u00e9es. Gr\u00e2ce \u00e0 l&#8217;attention port\u00e9e aux d\u00e9tails et \u00e0 la finition, nous fournissons des aimants sur lesquels vous pouvez compter. <\/p>\n<hr data-start=\"1609\" data-end=\"1612\">\n<p data-start=\"1614\" data-end=\"1749\">\n","protected":false},"excerpt":{"rendered":"<p>Description du produit Blocs aimants en n\u00e9odyme avec rev\u00eatement plastique &#8211; 25,4 \u00d7 25,4 \u00d7 12,7 mm (lot de 2)Ces puissants blocs aimants en n\u00e9odyme de Magnet Specialist combinent une force d&#8217;adh\u00e9rence extr\u00eame avec un rev\u00eatement plastique durable, ce qui les rend id\u00e9aux pour les applications industrielles et domestiques. Gr\u00e2ce \u00e0 l&#8217;al\u00e9sage, les aimants peuvent [&hellip;]<\/p>\n","protected":false},"featured_media":133490,"template":"","meta":{"_acf_changed":false},"product_brand":[3521],"product_cat":[3533],"product_tag":[],"class_list":{"0":"post-139196","1":"product","2":"type-product","3":"status-publish","4":"has-post-thumbnail","6":"product_brand-magnetenspecialist","7":"product_cat-jeu-daimants-en-neodyme","9":"first","10":"instock","11":"taxable","12":"shipping-taxable","13":"product-type-simple"},"supplier_id":null,"supplier_sku":"","barcode":null,"atum_controlled":true,"out_stock_date":null,"out_stock_threshold":null,"inheritable":false,"inbound_stock":0,"stock_on_hold":0,"sold_today":0,"sales_last_days":0,"reserved_stock":0,"customer_returns":0,"warehouse_damage":0,"lost_in_post":0,"other_logs":0,"out_stock_days":0,"lost_sales":0,"has_location":false,"update_date":"2026-04-03T08:06:11","atum_locations":[],"atum_stock_status":"instock","restock_status":false,"low_stock_amount":"","sales_update_date":"2026-04-03T08:06:11","calc_backorders":null,"acf":[],"yoast_head":"<!-- This site is optimized with the Yoast SEO Premium plugin v24.7 (Yoast SEO v24.7) - https:\/\/yoast.com\/wordpress\/plugins\/seo\/ -->\n<title>Sp\u00e9cialiste des aimants Bloc magn\u00e9tique en n\u00e9odyme 25,4 \u00d7 25,4 \u00d7 12,7 mm - avec rev\u00eatement en plastique et fraise set de 2 - Magnetenspecialist.nl<\/title>\n<meta name=\"description\" content=\"Vous cherchez un Sp\u00e9cialiste des aimants Bloc magn\u00e9tique en n\u00e9odyme 25,4 \u00d7 25,4 \u00d7 12,7 mm - avec rev\u00eatement en plastique et fraise set de 2? Les aimants peuvent \u00eatre achet\u00e9s facilement en ligne sur Magnetenspecialist.nl \u2713 1 jour ouvrable de d\u00e9lai de livraison \u2713 14 jours de d\u00e9lai de r\u00e9flexion \u2713 Exp\u00e9dition ou enl\u00e8vement *.\" \/>\n<meta name=\"robots\" content=\"index, follow, max-snippet:-1, max-image-preview:large, max-video-preview:-1\" \/>\n<link rel=\"canonical\" href=\"https:\/\/www.magnetenspecialist.nl\/fr\/magasin\/jeu-daimants-en-neodyme\/specialiste-des-aimants-bloc-magnetique-en-neodyme-254-x-254-x-127-mm-avec-revetement-en-plastique-et-fraise-set-de-2\/\" \/>\n<meta property=\"og:locale\" content=\"fr_FR\" \/>\n<meta property=\"og:type\" content=\"article\" \/>\n<meta property=\"og:title\" content=\"Sp\u00e9cialiste des aimants Bloc magn\u00e9tique en n\u00e9odyme 25,4 \u00d7 25,4 \u00d7 12,7 mm - avec rev\u00eatement en plastique et fraise set de 2\" \/>\n<meta property=\"og:description\" content=\"Vous cherchez un Sp\u00e9cialiste des aimants Bloc magn\u00e9tique en n\u00e9odyme 25,4 \u00d7 25,4 \u00d7 12,7 mm - avec rev\u00eatement en plastique et fraise set de 2? Les aimants peuvent \u00eatre achet\u00e9s facilement en ligne sur Magnetenspecialist.nl \u2713 1 jour ouvrable de d\u00e9lai de livraison \u2713 14 jours de d\u00e9lai de r\u00e9flexion \u2713 Exp\u00e9dition ou enl\u00e8vement *.\" \/>\n<meta property=\"og:url\" content=\"https:\/\/www.magnetenspecialist.nl\/fr\/magasin\/jeu-daimants-en-neodyme\/specialiste-des-aimants-bloc-magnetique-en-neodyme-254-x-254-x-127-mm-avec-revetement-en-plastique-et-fraise-set-de-2\/\" \/>\n<meta property=\"og:site_name\" content=\"Magnetenspecialist.nl\" \/>\n<meta property=\"article:publisher\" content=\"https:\/\/www.facebook.com\/Magnetenspecialist.nl\" \/>\n<meta property=\"og:image\" content=\"https:\/\/www.magnetenspecialist.nl\/wp-content\/uploads\/2024\/10\/Ontwerp-zonder-titel-9.png\" \/>\n\t<meta property=\"og:image:width\" content=\"1080\" \/>\n\t<meta property=\"og:image:height\" content=\"1080\" \/>\n\t<meta property=\"og:image:type\" content=\"image\/png\" \/>\n<meta name=\"twitter:card\" content=\"summary_large_image\" \/>\n<meta name=\"twitter:site\" content=\"@magnetenspecial\" \/>\n<meta name=\"twitter:label1\" content=\"Prix\" \/>\n\t<meta name=\"twitter:data1\" content=\"\" \/>\n\t<meta name=\"twitter:label2\" content=\"Disponibilit\u00e9\" \/>\n\t<meta name=\"twitter:data2\" content=\"En stock\" \/>\n<script type=\"application\/ld+json\" class=\"yoast-schema-graph\">{\"@context\":\"https:\/\/schema.org\",\"@graph\":[{\"@type\":\"WebPage\",\"@id\":\"https:\/\/www.magnetenspecialist.nl\/fr\/magasin\/jeu-daimants-en-neodyme\/specialiste-des-aimants-bloc-magnetique-en-neodyme-254-x-254-x-127-mm-avec-revetement-en-plastique-et-fraise-set-de-2\/\",\"url\":\"https:\/\/www.magnetenspecialist.nl\/fr\/magasin\/jeu-daimants-en-neodyme\/specialiste-des-aimants-bloc-magnetique-en-neodyme-254-x-254-x-127-mm-avec-revetement-en-plastique-et-fraise-set-de-2\/\",\"name\":\"Sp\u00e9cialiste des aimants Bloc magn\u00e9tique en n\u00e9odyme 25,4 \u00d7 25,4 \u00d7 12,7 mm - avec rev\u00eatement en plastique et fraise set de 2 - Magnetenspecialist.nl\",\"isPartOf\":{\"@id\":\"https:\/\/www.magnetenspecialist.nl\/fr\/#website\"},\"primaryImageOfPage\":{\"@id\":\"https:\/\/www.magnetenspecialist.nl\/fr\/magasin\/jeu-daimants-en-neodyme\/specialiste-des-aimants-bloc-magnetique-en-neodyme-254-x-254-x-127-mm-avec-revetement-en-plastique-et-fraise-set-de-2\/#primaryimage\"},\"image\":{\"@id\":\"https:\/\/www.magnetenspecialist.nl\/fr\/magasin\/jeu-daimants-en-neodyme\/specialiste-des-aimants-bloc-magnetique-en-neodyme-254-x-254-x-127-mm-avec-revetement-en-plastique-et-fraise-set-de-2\/#primaryimage\"},\"thumbnailUrl\":\"https:\/\/www.magnetenspecialist.nl\/wp-content\/uploads\/2024\/10\/Ontwerp-zonder-titel-9.png\",\"datePublished\":\"2025-06-03T12:23:08+00:00\",\"description\":\"Vous cherchez un Sp\u00e9cialiste des aimants Bloc magn\u00e9tique en n\u00e9odyme 25,4 \u00d7 25,4 \u00d7 12,7 mm - avec rev\u00eatement en plastique et fraise set de 2? Les aimants peuvent \u00eatre achet\u00e9s facilement en ligne sur Magnetenspecialist.nl \u2713 1 jour ouvrable de d\u00e9lai de livraison \u2713 14 jours de d\u00e9lai de r\u00e9flexion \u2713 Exp\u00e9dition ou enl\u00e8vement *.\",\"breadcrumb\":{\"@id\":\"https:\/\/www.magnetenspecialist.nl\/fr\/magasin\/jeu-daimants-en-neodyme\/specialiste-des-aimants-bloc-magnetique-en-neodyme-254-x-254-x-127-mm-avec-revetement-en-plastique-et-fraise-set-de-2\/#breadcrumb\"},\"inLanguage\":\"fr-FR\",\"potentialAction\":[{\"@type\":\"ReadAction\",\"target\":[\"https:\/\/www.magnetenspecialist.nl\/fr\/magasin\/jeu-daimants-en-neodyme\/specialiste-des-aimants-bloc-magnetique-en-neodyme-254-x-254-x-127-mm-avec-revetement-en-plastique-et-fraise-set-de-2\/\"]}]},{\"@type\":\"ImageObject\",\"inLanguage\":\"fr-FR\",\"@id\":\"https:\/\/www.magnetenspecialist.nl\/fr\/magasin\/jeu-daimants-en-neodyme\/specialiste-des-aimants-bloc-magnetique-en-neodyme-254-x-254-x-127-mm-avec-revetement-en-plastique-et-fraise-set-de-2\/#primaryimage\",\"url\":\"https:\/\/www.magnetenspecialist.nl\/wp-content\/uploads\/2024\/10\/Ontwerp-zonder-titel-9.png\",\"contentUrl\":\"https:\/\/www.magnetenspecialist.nl\/wp-content\/uploads\/2024\/10\/Ontwerp-zonder-titel-9.png\",\"width\":1080,\"height\":1080,\"caption\":\"Neodymium blokmagneet van 25,4 x 25,4 x 12,7 mm, voorzien van een robuuste kunststof ommanteling en een verzonken gat voor eenvoudige schroefbevestiging. Ideaal voor toepassingen in vochtige omgevingen zoals scheepsbouw, badkamers en campers.\"},{\"@type\":\"BreadcrumbList\",\"@id\":\"https:\/\/www.magnetenspecialist.nl\/fr\/magasin\/jeu-daimants-en-neodyme\/specialiste-des-aimants-bloc-magnetique-en-neodyme-254-x-254-x-127-mm-avec-revetement-en-plastique-et-fraise-set-de-2\/#breadcrumb\",\"itemListElement\":[{\"@type\":\"ListItem\",\"position\":1,\"name\":\"Accueil\",\"item\":\"https:\/\/www.magnetenspecialist.nl\/fr\/accueil\/\"},{\"@type\":\"ListItem\",\"position\":2,\"name\":\"Boutique\",\"item\":\"https:\/\/www.magnetenspecialist.nl\/fr\/boutique\/\"},{\"@type\":\"ListItem\",\"position\":3,\"name\":\"Priv\u00e9: Sp\u00e9cialiste des aimants Bloc magn\u00e9tique en n\u00e9odyme 25,4 \u00d7 25,4 \u00d7 12,7 mm &#8211; avec rev\u00eatement en plastique et fraise set de 2\"}]},{\"@type\":\"WebSite\",\"@id\":\"https:\/\/www.magnetenspecialist.nl\/fr\/#website\",\"url\":\"https:\/\/www.magnetenspecialist.nl\/fr\/\",\"name\":\"Magnetenspecialist.nl\",\"description\":\"Vaste gamme d'aimants en n\u00e9odyme\",\"publisher\":{\"@id\":\"https:\/\/www.magnetenspecialist.nl\/fr\/#organization\"},\"potentialAction\":[{\"@type\":\"SearchAction\",\"target\":{\"@type\":\"EntryPoint\",\"urlTemplate\":\"https:\/\/www.magnetenspecialist.nl\/fr\/?s={search_term_string}\"},\"query-input\":{\"@type\":\"PropertyValueSpecification\",\"valueRequired\":true,\"valueName\":\"search_term_string\"}}],\"inLanguage\":\"fr-FR\"},{\"@type\":\"Organization\",\"@id\":\"https:\/\/www.magnetenspecialist.nl\/fr\/#organization\",\"name\":\"Magnetenspecialist.nl\",\"url\":\"https:\/\/www.magnetenspecialist.nl\/fr\/\",\"logo\":{\"@type\":\"ImageObject\",\"inLanguage\":\"fr-FR\",\"@id\":\"https:\/\/www.magnetenspecialist.nl\/fr\/#\/schema\/logo\/image\/\",\"url\":\"https:\/\/www.magnetenspecialist.nl\/wp-content\/uploads\/2018\/10\/magneten-logo.jpg\",\"contentUrl\":\"https:\/\/www.magnetenspecialist.nl\/wp-content\/uploads\/2018\/10\/magneten-logo.jpg\",\"width\":151,\"height\":151,\"caption\":\"Magnetenspecialist.nl\"},\"image\":{\"@id\":\"https:\/\/www.magnetenspecialist.nl\/fr\/#\/schema\/logo\/image\/\"},\"sameAs\":[\"https:\/\/www.facebook.com\/Magnetenspecialist.nl\",\"https:\/\/x.com\/magnetenspecial\"]}]}<\/script>\n<meta property=\"product:price:currency\" content=\"EUR\" \/>\n<meta property=\"og:availability\" content=\"instock\" \/>\n<meta property=\"product:availability\" content=\"instock\" \/>\n<meta property=\"product:retailer_item_id\" content=\"BLK25x25x12-N-2\" \/>\n<meta property=\"product:condition\" content=\"new\" \/>\n<!-- \/ Yoast SEO Premium plugin. -->","yoast_head_json":{"title":"Sp\u00e9cialiste des aimants Bloc magn\u00e9tique en n\u00e9odyme 25,4 \u00d7 25,4 \u00d7 12,7 mm - avec rev\u00eatement en plastique et fraise set de 2 - Magnetenspecialist.nl","description":"Vous cherchez un Sp\u00e9cialiste des aimants Bloc magn\u00e9tique en n\u00e9odyme 25,4 \u00d7 25,4 \u00d7 12,7 mm - avec rev\u00eatement en plastique et fraise set de 2? Les aimants peuvent \u00eatre achet\u00e9s facilement en ligne sur Magnetenspecialist.nl \u2713 1 jour ouvrable de d\u00e9lai de livraison \u2713 14 jours de d\u00e9lai de r\u00e9flexion \u2713 Exp\u00e9dition ou enl\u00e8vement *.","robots":{"index":"index","follow":"follow","max-snippet":"max-snippet:-1","max-image-preview":"max-image-preview:large","max-video-preview":"max-video-preview:-1"},"canonical":"https:\/\/www.magnetenspecialist.nl\/fr\/magasin\/jeu-daimants-en-neodyme\/specialiste-des-aimants-bloc-magnetique-en-neodyme-254-x-254-x-127-mm-avec-revetement-en-plastique-et-fraise-set-de-2\/","og_locale":"fr_FR","og_type":"article","og_title":"Sp\u00e9cialiste des aimants Bloc magn\u00e9tique en n\u00e9odyme 25,4 \u00d7 25,4 \u00d7 12,7 mm - avec rev\u00eatement en plastique et fraise set de 2","og_description":"Vous cherchez un Sp\u00e9cialiste des aimants Bloc magn\u00e9tique en n\u00e9odyme 25,4 \u00d7 25,4 \u00d7 12,7 mm - avec rev\u00eatement en plastique et fraise set de 2? Les aimants peuvent \u00eatre achet\u00e9s facilement en ligne sur Magnetenspecialist.nl \u2713 1 jour ouvrable de d\u00e9lai de livraison \u2713 14 jours de d\u00e9lai de r\u00e9flexion \u2713 Exp\u00e9dition ou enl\u00e8vement *.","og_url":"https:\/\/www.magnetenspecialist.nl\/fr\/magasin\/jeu-daimants-en-neodyme\/specialiste-des-aimants-bloc-magnetique-en-neodyme-254-x-254-x-127-mm-avec-revetement-en-plastique-et-fraise-set-de-2\/","og_site_name":"Magnetenspecialist.nl","article_publisher":"https:\/\/www.facebook.com\/Magnetenspecialist.nl","og_image":[{"width":1080,"height":1080,"url":"https:\/\/www.magnetenspecialist.nl\/wp-content\/uploads\/2024\/10\/Ontwerp-zonder-titel-9.png","type":"image\/png"}],"twitter_card":"summary_large_image","twitter_site":"@magnetenspecial","twitter_misc":{"Prix":"","Disponibilit\u00e9":"En stock"},"schema":{"@context":"https:\/\/schema.org","@graph":[{"@type":"WebPage","@id":"https:\/\/www.magnetenspecialist.nl\/fr\/magasin\/jeu-daimants-en-neodyme\/specialiste-des-aimants-bloc-magnetique-en-neodyme-254-x-254-x-127-mm-avec-revetement-en-plastique-et-fraise-set-de-2\/","url":"https:\/\/www.magnetenspecialist.nl\/fr\/magasin\/jeu-daimants-en-neodyme\/specialiste-des-aimants-bloc-magnetique-en-neodyme-254-x-254-x-127-mm-avec-revetement-en-plastique-et-fraise-set-de-2\/","name":"Sp\u00e9cialiste des aimants Bloc magn\u00e9tique en n\u00e9odyme 25,4 \u00d7 25,4 \u00d7 12,7 mm - avec rev\u00eatement en plastique et fraise set de 2 - Magnetenspecialist.nl","isPartOf":{"@id":"https:\/\/www.magnetenspecialist.nl\/fr\/#website"},"primaryImageOfPage":{"@id":"https:\/\/www.magnetenspecialist.nl\/fr\/magasin\/jeu-daimants-en-neodyme\/specialiste-des-aimants-bloc-magnetique-en-neodyme-254-x-254-x-127-mm-avec-revetement-en-plastique-et-fraise-set-de-2\/#primaryimage"},"image":{"@id":"https:\/\/www.magnetenspecialist.nl\/fr\/magasin\/jeu-daimants-en-neodyme\/specialiste-des-aimants-bloc-magnetique-en-neodyme-254-x-254-x-127-mm-avec-revetement-en-plastique-et-fraise-set-de-2\/#primaryimage"},"thumbnailUrl":"https:\/\/www.magnetenspecialist.nl\/wp-content\/uploads\/2024\/10\/Ontwerp-zonder-titel-9.png","datePublished":"2025-06-03T12:23:08+00:00","description":"Vous cherchez un Sp\u00e9cialiste des aimants Bloc magn\u00e9tique en n\u00e9odyme 25,4 \u00d7 25,4 \u00d7 12,7 mm - avec rev\u00eatement en plastique et fraise set de 2? Les aimants peuvent \u00eatre achet\u00e9s facilement en ligne sur Magnetenspecialist.nl \u2713 1 jour ouvrable de d\u00e9lai de livraison \u2713 14 jours de d\u00e9lai de r\u00e9flexion \u2713 Exp\u00e9dition ou enl\u00e8vement *.","breadcrumb":{"@id":"https:\/\/www.magnetenspecialist.nl\/fr\/magasin\/jeu-daimants-en-neodyme\/specialiste-des-aimants-bloc-magnetique-en-neodyme-254-x-254-x-127-mm-avec-revetement-en-plastique-et-fraise-set-de-2\/#breadcrumb"},"inLanguage":"fr-FR","potentialAction":[{"@type":"ReadAction","target":["https:\/\/www.magnetenspecialist.nl\/fr\/magasin\/jeu-daimants-en-neodyme\/specialiste-des-aimants-bloc-magnetique-en-neodyme-254-x-254-x-127-mm-avec-revetement-en-plastique-et-fraise-set-de-2\/"]}]},{"@type":"ImageObject","inLanguage":"fr-FR","@id":"https:\/\/www.magnetenspecialist.nl\/fr\/magasin\/jeu-daimants-en-neodyme\/specialiste-des-aimants-bloc-magnetique-en-neodyme-254-x-254-x-127-mm-avec-revetement-en-plastique-et-fraise-set-de-2\/#primaryimage","url":"https:\/\/www.magnetenspecialist.nl\/wp-content\/uploads\/2024\/10\/Ontwerp-zonder-titel-9.png","contentUrl":"https:\/\/www.magnetenspecialist.nl\/wp-content\/uploads\/2024\/10\/Ontwerp-zonder-titel-9.png","width":1080,"height":1080,"caption":"Neodymium blokmagneet van 25,4 x 25,4 x 12,7 mm, voorzien van een robuuste kunststof ommanteling en een verzonken gat voor eenvoudige schroefbevestiging. Ideaal voor toepassingen in vochtige omgevingen zoals scheepsbouw, badkamers en campers."},{"@type":"BreadcrumbList","@id":"https:\/\/www.magnetenspecialist.nl\/fr\/magasin\/jeu-daimants-en-neodyme\/specialiste-des-aimants-bloc-magnetique-en-neodyme-254-x-254-x-127-mm-avec-revetement-en-plastique-et-fraise-set-de-2\/#breadcrumb","itemListElement":[{"@type":"ListItem","position":1,"name":"Accueil","item":"https:\/\/www.magnetenspecialist.nl\/fr\/accueil\/"},{"@type":"ListItem","position":2,"name":"Boutique","item":"https:\/\/www.magnetenspecialist.nl\/fr\/boutique\/"},{"@type":"ListItem","position":3,"name":"Priv\u00e9: Sp\u00e9cialiste des aimants Bloc magn\u00e9tique en n\u00e9odyme 25,4 \u00d7 25,4 \u00d7 12,7 mm &#8211; avec rev\u00eatement en plastique et fraise set de 2"}]},{"@type":"WebSite","@id":"https:\/\/www.magnetenspecialist.nl\/fr\/#website","url":"https:\/\/www.magnetenspecialist.nl\/fr\/","name":"Magnetenspecialist.nl","description":"Vaste gamme d'aimants en n\u00e9odyme","publisher":{"@id":"https:\/\/www.magnetenspecialist.nl\/fr\/#organization"},"potentialAction":[{"@type":"SearchAction","target":{"@type":"EntryPoint","urlTemplate":"https:\/\/www.magnetenspecialist.nl\/fr\/?s={search_term_string}"},"query-input":{"@type":"PropertyValueSpecification","valueRequired":true,"valueName":"search_term_string"}}],"inLanguage":"fr-FR"},{"@type":"Organization","@id":"https:\/\/www.magnetenspecialist.nl\/fr\/#organization","name":"Magnetenspecialist.nl","url":"https:\/\/www.magnetenspecialist.nl\/fr\/","logo":{"@type":"ImageObject","inLanguage":"fr-FR","@id":"https:\/\/www.magnetenspecialist.nl\/fr\/#\/schema\/logo\/image\/","url":"https:\/\/www.magnetenspecialist.nl\/wp-content\/uploads\/2018\/10\/magneten-logo.jpg","contentUrl":"https:\/\/www.magnetenspecialist.nl\/wp-content\/uploads\/2018\/10\/magneten-logo.jpg","width":151,"height":151,"caption":"Magnetenspecialist.nl"},"image":{"@id":"https:\/\/www.magnetenspecialist.nl\/fr\/#\/schema\/logo\/image\/"},"sameAs":["https:\/\/www.facebook.com\/Magnetenspecialist.nl","https:\/\/x.com\/magnetenspecial"]}]},"product_price_currency":"EUR","og_availability":"instock","product_availability":"instock","product_retailer_item_id":"BLK25x25x12-N-2","product_condition":"new"},"_links":{"self":[{"href":"https:\/\/www.magnetenspecialist.nl\/fr\/wp-json\/wp\/v2\/product\/139196","targetHints":{"allow":["GET"]}}],"collection":[{"href":"https:\/\/www.magnetenspecialist.nl\/fr\/wp-json\/wp\/v2\/product"}],"about":[{"href":"https:\/\/www.magnetenspecialist.nl\/fr\/wp-json\/wp\/v2\/types\/product"}],"wp:featuredmedia":[{"embeddable":true,"href":"https:\/\/www.magnetenspecialist.nl\/fr\/wp-json\/wp\/v2\/media\/133490"}],"wp:attachment":[{"href":"https:\/\/www.magnetenspecialist.nl\/fr\/wp-json\/wp\/v2\/media?parent=139196"}],"wp:term":[{"taxonomy":"product_brand","embeddable":true,"href":"https:\/\/www.magnetenspecialist.nl\/fr\/wp-json\/wp\/v2\/product_brand?post=139196"},{"taxonomy":"product_cat","embeddable":true,"href":"https:\/\/www.magnetenspecialist.nl\/fr\/wp-json\/wp\/v2\/product_cat?post=139196"},{"taxonomy":"product_tag","embeddable":true,"href":"https:\/\/www.magnetenspecialist.nl\/fr\/wp-json\/wp\/v2\/product_tag?post=139196"}],"curies":[{"name":"wp","href":"https:\/\/api.w.org\/{rel}","templated":true}]}}