{"id":139205,"date":"2025-05-23T12:51:22","date_gmt":"2025-05-23T10:51:22","guid":{"rendered":"https:\/\/www.magnetenspecialist.nl\/winkel\/non class\u00e9\/specialiste-des-aimants-bloc-magnetique-adhesif-20-x-10-x-1-mm-neodyme-n48-lot-de-30\/"},"modified":"2025-05-23T12:51:22","modified_gmt":"2025-05-23T10:51:22","slug":"specialiste-des-aimants-bloc-magnetique-adhesif-20-x-10-x-1-mm-neodyme-n48-lot-de-30","status":"publish","type":"product","link":"https:\/\/www.magnetenspecialist.nl\/fr\/magasin\/jeu-daimants-en-neodyme\/specialiste-des-aimants-bloc-magnetique-adhesif-20-x-10-x-1-mm-neodyme-n48-lot-de-30\/","title":{"rendered":"Sp\u00e9cialiste des aimants Bloc magn\u00e9tique adh\u00e9sif 20 \u00d7 10 \u00d7 1 mm N\u00e9odyme N48 &#8211; lot de 30"},"content":{"rendered":"<h3 data-start=\"179\" data-end=\"249\"><strong data-start=\"183\" data-end=\"249\">Bloc magn\u00e9tique adh\u00e9sif 20\u00d710\u00d71 mm N\u00e9odyme N48 &#8211; lot de 30<\/strong><\/h3>\n<p data-start=\"251\" data-end=\"548\">Ces puissants <strong data-start=\"266\" data-end=\"292\">aimants en n\u00e9odyme de<\/strong> 20\u00d710\u00d71 mm sont dot\u00e9s d&#8217;une solide <strong data-start=\"337\" data-end=\"361\">couche autocollante 3M<\/strong>, ce qui permet de les fixer facilement sur toute une s\u00e9rie de surfaces lisses. Malgr\u00e9 leur taille ultra-mince, ces aimants offrent une r\u00e9sistance \u00e0 la traction \u00e9tonnamment \u00e9lev\u00e9e gr\u00e2ce \u00e0 la magn\u00e9tisation N48. <\/p>\n<h4 data-start=\"550\" data-end=\"567\">&#x2705; Avantages :<\/h4>\n<ul data-start=\"568\" data-end=\"971\">\n<li data-start=\"568\" data-end=\"676\">\n<p data-start=\"570\" data-end=\"676\"><strong data-start=\"570\" data-end=\"609\">Un fort pouvoir d&#8217;adh\u00e9sion dans un format mince :<\/strong> seulement 1 mm d&#8217;\u00e9paisseur, id\u00e9al pour les applications o\u00f9 l&#8217;espace est limit\u00e9.<\/p>\n<\/li>\n<li data-start=\"677\" data-end=\"763\">\n<p data-start=\"679\" data-end=\"763\"><strong data-start=\"679\" data-end=\"707\">Autocollant avec le ruban 3M :<\/strong> application rapide et facile, sans outils.<\/p>\n<\/li>\n<li data-start=\"764\" data-end=\"881\">\n<p data-start=\"766\" data-end=\"881\"><strong data-start=\"766\" data-end=\"791\">Utilisation polyvalente :<\/strong> Convient aux projets cr\u00e9atifs, aux applications int\u00e9rieures, \u00e0 l&#8217;emballage, aux pr\u00e9sentoirs, etc.<\/p>\n<\/li>\n<li data-start=\"882\" data-end=\"971\">\n<p data-start=\"884\" data-end=\"971\"><strong data-start=\"884\" data-end=\"905\">Lot de 30 :<\/strong> Id\u00e9al pour les projets plus importants ou pour avoir toujours \u00e0 port\u00e9e de main.<\/p>\n<\/li>\n<\/ul>\n<h4 data-start=\"973\" data-end=\"995\">&#x1f4d0; Sp\u00e9cifications :<\/h4>\n<ul data-start=\"996\" data-end=\"1203\">\n<li data-start=\"996\" data-end=\"1051\">\n<p data-start=\"998\" data-end=\"1051\"><strong data-start=\"998\" data-end=\"1013\">Dimensions :<\/strong> 20\u00d710\u00d71 mm (longueur \u00d7 largeur \u00d7 \u00e9paisseur)<\/p>\n<\/li>\n<li data-start=\"1052\" data-end=\"1101\">\n<p data-start=\"1054\" data-end=\"1101\"><strong data-start=\"1054\" data-end=\"1068\">Mat\u00e9riau :<\/strong> N\u00e9odyme (NdFeB), qualit\u00e9 N48<\/p>\n<\/li>\n<li data-start=\"1102\" data-end=\"1143\">\n<p data-start=\"1104\" data-end=\"1143\"><strong data-start=\"1104\" data-end=\"1120\">Fixation :<\/strong> Autocollant (3M 467MP)<\/p>\n<\/li>\n<li data-start=\"1144\" data-end=\"1180\">\n<p data-start=\"1146\" data-end=\"1180\"><strong data-start=\"1146\" data-end=\"1158\">Rev\u00eatement :<\/strong> nickel\u00e9 (Ni-Cu-Ni)<\/p>\n<\/li>\n<li data-start=\"1181\" data-end=\"1203\">\n<p data-start=\"1183\" data-end=\"1203\"><strong data-start=\"1183\" data-end=\"1194\">Nombre :<\/strong> 30 pi\u00e8ces<\/p>\n<\/li>\n<\/ul>\n<p data-start=\"1205\" data-end=\"1398\">Combinez la simplicit\u00e9 d&#8217;utilisation avec des performances magn\u00e9tiques puissantes. Ces blocs magn\u00e9tiques autocollants sont la solution pour ceux qui recherchent un montage plat et fiable sans montage visible. <\/p>\n","protected":false},"excerpt":{"rendered":"<p>Bloc magn\u00e9tique adh\u00e9sif 20\u00d710\u00d71 mm N\u00e9odyme N48 &#8211; lot de 30 Ces puissants aimants en n\u00e9odyme de 20\u00d710\u00d71 mm sont dot\u00e9s d&#8217;une solide couche autocollante 3M, ce qui permet de les fixer facilement sur toute une s\u00e9rie de surfaces lisses. Malgr\u00e9 leur taille ultra-mince, ces aimants offrent une r\u00e9sistance \u00e0 la traction \u00e9tonnamment \u00e9lev\u00e9e gr\u00e2ce [&hellip;]<\/p>\n","protected":false},"featured_media":113405,"template":"","meta":{"_acf_changed":false},"product_brand":[3521],"product_cat":[3533],"product_tag":[],"class_list":{"0":"post-139205","1":"product","2":"type-product","3":"status-publish","4":"has-post-thumbnail","6":"product_brand-magnetenspecialist","7":"product_cat-jeu-daimants-en-neodyme","9":"first","10":"instock","11":"taxable","12":"shipping-taxable","13":"product-type-simple"},"supplier_id":null,"supplier_sku":"","barcode":null,"atum_controlled":true,"out_stock_date":null,"out_stock_threshold":null,"inheritable":false,"inbound_stock":0,"stock_on_hold":0,"sold_today":0,"sales_last_days":0,"reserved_stock":0,"customer_returns":0,"warehouse_damage":0,"lost_in_post":0,"other_logs":0,"out_stock_days":0,"lost_sales":0,"has_location":false,"update_date":"2026-04-03T08:06:11","atum_locations":[],"atum_stock_status":"instock","restock_status":false,"low_stock_amount":"","sales_update_date":"2026-04-03T08:06:11","calc_backorders":null,"acf":[],"yoast_head":"<!-- This site is optimized with the Yoast SEO Premium plugin v24.7 (Yoast SEO v24.7) - https:\/\/yoast.com\/wordpress\/plugins\/seo\/ -->\n<title>Sp\u00e9cialiste des aimants Bloc magn\u00e9tique adh\u00e9sif 20 \u00d7 10 \u00d7 1 mm N\u00e9odyme N48 - lot de 30 - Magnetenspecialist.nl<\/title>\n<meta name=\"description\" content=\"Vous cherchez un Sp\u00e9cialiste des aimants Bloc magn\u00e9tique adh\u00e9sif 20 \u00d7 10 \u00d7 1 mm N\u00e9odyme N48 - lot de 30? Les aimants peuvent \u00eatre achet\u00e9s facilement en ligne sur Magnetenspecialist.nl \u2713 1 jour ouvrable de d\u00e9lai de livraison \u2713 14 jours de d\u00e9lai de r\u00e9flexion \u2713 Exp\u00e9dition ou enl\u00e8vement *.\" \/>\n<meta name=\"robots\" content=\"index, follow, max-snippet:-1, max-image-preview:large, max-video-preview:-1\" \/>\n<link rel=\"canonical\" href=\"https:\/\/www.magnetenspecialist.nl\/fr\/magasin\/jeu-daimants-en-neodyme\/specialiste-des-aimants-bloc-magnetique-adhesif-20-x-10-x-1-mm-neodyme-n48-lot-de-30\/\" \/>\n<meta property=\"og:locale\" content=\"fr_FR\" \/>\n<meta property=\"og:type\" content=\"article\" \/>\n<meta property=\"og:title\" content=\"Sp\u00e9cialiste des aimants Bloc magn\u00e9tique adh\u00e9sif 20 \u00d7 10 \u00d7 1 mm N\u00e9odyme N48 - lot de 30\" \/>\n<meta property=\"og:description\" content=\"Vous cherchez un Sp\u00e9cialiste des aimants Bloc magn\u00e9tique adh\u00e9sif 20 \u00d7 10 \u00d7 1 mm N\u00e9odyme N48 - lot de 30? Les aimants peuvent \u00eatre achet\u00e9s facilement en ligne sur Magnetenspecialist.nl \u2713 1 jour ouvrable de d\u00e9lai de livraison \u2713 14 jours de d\u00e9lai de r\u00e9flexion \u2713 Exp\u00e9dition ou enl\u00e8vement *.\" \/>\n<meta property=\"og:url\" content=\"https:\/\/www.magnetenspecialist.nl\/fr\/magasin\/jeu-daimants-en-neodyme\/specialiste-des-aimants-bloc-magnetique-adhesif-20-x-10-x-1-mm-neodyme-n48-lot-de-30\/\" \/>\n<meta property=\"og:site_name\" content=\"Magnetenspecialist.nl\" \/>\n<meta property=\"article:publisher\" content=\"https:\/\/www.facebook.com\/Magnetenspecialist.nl\" \/>\n<meta property=\"og:image\" content=\"https:\/\/www.magnetenspecialist.nl\/wp-content\/uploads\/2019\/03\/Magnetenspecialist.nl_Blokmagneet-20-x-10-x-1-mm-zelfklevend_2.jpg\" \/>\n\t<meta property=\"og:image:width\" content=\"1500\" \/>\n\t<meta property=\"og:image:height\" content=\"1500\" \/>\n\t<meta property=\"og:image:type\" content=\"image\/jpeg\" \/>\n<meta name=\"twitter:card\" content=\"summary_large_image\" \/>\n<meta name=\"twitter:site\" content=\"@magnetenspecial\" \/>\n<meta name=\"twitter:label1\" content=\"Prix\" \/>\n\t<meta name=\"twitter:data1\" content=\"\" \/>\n\t<meta name=\"twitter:label2\" content=\"Disponibilit\u00e9\" \/>\n\t<meta name=\"twitter:data2\" content=\"En stock\" \/>\n<script type=\"application\/ld+json\" class=\"yoast-schema-graph\">{\"@context\":\"https:\/\/schema.org\",\"@graph\":[{\"@type\":\"WebPage\",\"@id\":\"https:\/\/www.magnetenspecialist.nl\/fr\/magasin\/jeu-daimants-en-neodyme\/specialiste-des-aimants-bloc-magnetique-adhesif-20-x-10-x-1-mm-neodyme-n48-lot-de-30\/\",\"url\":\"https:\/\/www.magnetenspecialist.nl\/fr\/magasin\/jeu-daimants-en-neodyme\/specialiste-des-aimants-bloc-magnetique-adhesif-20-x-10-x-1-mm-neodyme-n48-lot-de-30\/\",\"name\":\"Sp\u00e9cialiste des aimants Bloc magn\u00e9tique adh\u00e9sif 20 \u00d7 10 \u00d7 1 mm N\u00e9odyme N48 - lot de 30 - Magnetenspecialist.nl\",\"isPartOf\":{\"@id\":\"https:\/\/www.magnetenspecialist.nl\/fr\/#website\"},\"primaryImageOfPage\":{\"@id\":\"https:\/\/www.magnetenspecialist.nl\/fr\/magasin\/jeu-daimants-en-neodyme\/specialiste-des-aimants-bloc-magnetique-adhesif-20-x-10-x-1-mm-neodyme-n48-lot-de-30\/#primaryimage\"},\"image\":{\"@id\":\"https:\/\/www.magnetenspecialist.nl\/fr\/magasin\/jeu-daimants-en-neodyme\/specialiste-des-aimants-bloc-magnetique-adhesif-20-x-10-x-1-mm-neodyme-n48-lot-de-30\/#primaryimage\"},\"thumbnailUrl\":\"https:\/\/www.magnetenspecialist.nl\/wp-content\/uploads\/2019\/03\/Magnetenspecialist.nl_Blokmagneet-20-x-10-x-1-mm-zelfklevend_2.jpg\",\"datePublished\":\"2025-05-23T10:51:22+00:00\",\"description\":\"Vous cherchez un Sp\u00e9cialiste des aimants Bloc magn\u00e9tique adh\u00e9sif 20 \u00d7 10 \u00d7 1 mm N\u00e9odyme N48 - lot de 30? Les aimants peuvent \u00eatre achet\u00e9s facilement en ligne sur Magnetenspecialist.nl \u2713 1 jour ouvrable de d\u00e9lai de livraison \u2713 14 jours de d\u00e9lai de r\u00e9flexion \u2713 Exp\u00e9dition ou enl\u00e8vement *.\",\"breadcrumb\":{\"@id\":\"https:\/\/www.magnetenspecialist.nl\/fr\/magasin\/jeu-daimants-en-neodyme\/specialiste-des-aimants-bloc-magnetique-adhesif-20-x-10-x-1-mm-neodyme-n48-lot-de-30\/#breadcrumb\"},\"inLanguage\":\"fr-FR\",\"potentialAction\":[{\"@type\":\"ReadAction\",\"target\":[\"https:\/\/www.magnetenspecialist.nl\/fr\/magasin\/jeu-daimants-en-neodyme\/specialiste-des-aimants-bloc-magnetique-adhesif-20-x-10-x-1-mm-neodyme-n48-lot-de-30\/\"]}]},{\"@type\":\"ImageObject\",\"inLanguage\":\"fr-FR\",\"@id\":\"https:\/\/www.magnetenspecialist.nl\/fr\/magasin\/jeu-daimants-en-neodyme\/specialiste-des-aimants-bloc-magnetique-adhesif-20-x-10-x-1-mm-neodyme-n48-lot-de-30\/#primaryimage\",\"url\":\"https:\/\/www.magnetenspecialist.nl\/wp-content\/uploads\/2019\/03\/Magnetenspecialist.nl_Blokmagneet-20-x-10-x-1-mm-zelfklevend_2.jpg\",\"contentUrl\":\"https:\/\/www.magnetenspecialist.nl\/wp-content\/uploads\/2019\/03\/Magnetenspecialist.nl_Blokmagneet-20-x-10-x-1-mm-zelfklevend_2.jpg\",\"width\":1500,\"height\":1500},{\"@type\":\"BreadcrumbList\",\"@id\":\"https:\/\/www.magnetenspecialist.nl\/fr\/magasin\/jeu-daimants-en-neodyme\/specialiste-des-aimants-bloc-magnetique-adhesif-20-x-10-x-1-mm-neodyme-n48-lot-de-30\/#breadcrumb\",\"itemListElement\":[{\"@type\":\"ListItem\",\"position\":1,\"name\":\"Accueil\",\"item\":\"https:\/\/www.magnetenspecialist.nl\/fr\/accueil\/\"},{\"@type\":\"ListItem\",\"position\":2,\"name\":\"Boutique\",\"item\":\"https:\/\/www.magnetenspecialist.nl\/fr\/boutique\/\"},{\"@type\":\"ListItem\",\"position\":3,\"name\":\"Priv\u00e9: Sp\u00e9cialiste des aimants Bloc magn\u00e9tique adh\u00e9sif 20 \u00d7 10 \u00d7 1 mm N\u00e9odyme N48 &#8211; lot de 30\"}]},{\"@type\":\"WebSite\",\"@id\":\"https:\/\/www.magnetenspecialist.nl\/fr\/#website\",\"url\":\"https:\/\/www.magnetenspecialist.nl\/fr\/\",\"name\":\"Magnetenspecialist.nl\",\"description\":\"Vaste gamme d'aimants en n\u00e9odyme\",\"publisher\":{\"@id\":\"https:\/\/www.magnetenspecialist.nl\/fr\/#organization\"},\"potentialAction\":[{\"@type\":\"SearchAction\",\"target\":{\"@type\":\"EntryPoint\",\"urlTemplate\":\"https:\/\/www.magnetenspecialist.nl\/fr\/?s={search_term_string}\"},\"query-input\":{\"@type\":\"PropertyValueSpecification\",\"valueRequired\":true,\"valueName\":\"search_term_string\"}}],\"inLanguage\":\"fr-FR\"},{\"@type\":\"Organization\",\"@id\":\"https:\/\/www.magnetenspecialist.nl\/fr\/#organization\",\"name\":\"Magnetenspecialist.nl\",\"url\":\"https:\/\/www.magnetenspecialist.nl\/fr\/\",\"logo\":{\"@type\":\"ImageObject\",\"inLanguage\":\"fr-FR\",\"@id\":\"https:\/\/www.magnetenspecialist.nl\/fr\/#\/schema\/logo\/image\/\",\"url\":\"https:\/\/www.magnetenspecialist.nl\/wp-content\/uploads\/2018\/10\/magneten-logo.jpg\",\"contentUrl\":\"https:\/\/www.magnetenspecialist.nl\/wp-content\/uploads\/2018\/10\/magneten-logo.jpg\",\"width\":151,\"height\":151,\"caption\":\"Magnetenspecialist.nl\"},\"image\":{\"@id\":\"https:\/\/www.magnetenspecialist.nl\/fr\/#\/schema\/logo\/image\/\"},\"sameAs\":[\"https:\/\/www.facebook.com\/Magnetenspecialist.nl\",\"https:\/\/x.com\/magnetenspecial\"]}]}<\/script>\n<meta property=\"product:price:currency\" content=\"EUR\" \/>\n<meta property=\"og:availability\" content=\"instock\" \/>\n<meta property=\"product:availability\" content=\"instock\" \/>\n<meta property=\"product:retailer_item_id\" content=\"BL20x10x1-N-30\" \/>\n<meta property=\"product:condition\" content=\"new\" \/>\n<!-- \/ Yoast SEO Premium plugin. -->","yoast_head_json":{"title":"Sp\u00e9cialiste des aimants Bloc magn\u00e9tique adh\u00e9sif 20 \u00d7 10 \u00d7 1 mm N\u00e9odyme N48 - lot de 30 - Magnetenspecialist.nl","description":"Vous cherchez un Sp\u00e9cialiste des aimants Bloc magn\u00e9tique adh\u00e9sif 20 \u00d7 10 \u00d7 1 mm N\u00e9odyme N48 - lot de 30? Les aimants peuvent \u00eatre achet\u00e9s facilement en ligne sur Magnetenspecialist.nl \u2713 1 jour ouvrable de d\u00e9lai de livraison \u2713 14 jours de d\u00e9lai de r\u00e9flexion \u2713 Exp\u00e9dition ou enl\u00e8vement *.","robots":{"index":"index","follow":"follow","max-snippet":"max-snippet:-1","max-image-preview":"max-image-preview:large","max-video-preview":"max-video-preview:-1"},"canonical":"https:\/\/www.magnetenspecialist.nl\/fr\/magasin\/jeu-daimants-en-neodyme\/specialiste-des-aimants-bloc-magnetique-adhesif-20-x-10-x-1-mm-neodyme-n48-lot-de-30\/","og_locale":"fr_FR","og_type":"article","og_title":"Sp\u00e9cialiste des aimants Bloc magn\u00e9tique adh\u00e9sif 20 \u00d7 10 \u00d7 1 mm N\u00e9odyme N48 - lot de 30","og_description":"Vous cherchez un Sp\u00e9cialiste des aimants Bloc magn\u00e9tique adh\u00e9sif 20 \u00d7 10 \u00d7 1 mm N\u00e9odyme N48 - lot de 30? Les aimants peuvent \u00eatre achet\u00e9s facilement en ligne sur Magnetenspecialist.nl \u2713 1 jour ouvrable de d\u00e9lai de livraison \u2713 14 jours de d\u00e9lai de r\u00e9flexion \u2713 Exp\u00e9dition ou enl\u00e8vement *.","og_url":"https:\/\/www.magnetenspecialist.nl\/fr\/magasin\/jeu-daimants-en-neodyme\/specialiste-des-aimants-bloc-magnetique-adhesif-20-x-10-x-1-mm-neodyme-n48-lot-de-30\/","og_site_name":"Magnetenspecialist.nl","article_publisher":"https:\/\/www.facebook.com\/Magnetenspecialist.nl","og_image":[{"width":1500,"height":1500,"url":"https:\/\/www.magnetenspecialist.nl\/wp-content\/uploads\/2019\/03\/Magnetenspecialist.nl_Blokmagneet-20-x-10-x-1-mm-zelfklevend_2.jpg","type":"image\/jpeg"}],"twitter_card":"summary_large_image","twitter_site":"@magnetenspecial","twitter_misc":{"Prix":"","Disponibilit\u00e9":"En stock"},"schema":{"@context":"https:\/\/schema.org","@graph":[{"@type":"WebPage","@id":"https:\/\/www.magnetenspecialist.nl\/fr\/magasin\/jeu-daimants-en-neodyme\/specialiste-des-aimants-bloc-magnetique-adhesif-20-x-10-x-1-mm-neodyme-n48-lot-de-30\/","url":"https:\/\/www.magnetenspecialist.nl\/fr\/magasin\/jeu-daimants-en-neodyme\/specialiste-des-aimants-bloc-magnetique-adhesif-20-x-10-x-1-mm-neodyme-n48-lot-de-30\/","name":"Sp\u00e9cialiste des aimants Bloc magn\u00e9tique adh\u00e9sif 20 \u00d7 10 \u00d7 1 mm N\u00e9odyme N48 - lot de 30 - Magnetenspecialist.nl","isPartOf":{"@id":"https:\/\/www.magnetenspecialist.nl\/fr\/#website"},"primaryImageOfPage":{"@id":"https:\/\/www.magnetenspecialist.nl\/fr\/magasin\/jeu-daimants-en-neodyme\/specialiste-des-aimants-bloc-magnetique-adhesif-20-x-10-x-1-mm-neodyme-n48-lot-de-30\/#primaryimage"},"image":{"@id":"https:\/\/www.magnetenspecialist.nl\/fr\/magasin\/jeu-daimants-en-neodyme\/specialiste-des-aimants-bloc-magnetique-adhesif-20-x-10-x-1-mm-neodyme-n48-lot-de-30\/#primaryimage"},"thumbnailUrl":"https:\/\/www.magnetenspecialist.nl\/wp-content\/uploads\/2019\/03\/Magnetenspecialist.nl_Blokmagneet-20-x-10-x-1-mm-zelfklevend_2.jpg","datePublished":"2025-05-23T10:51:22+00:00","description":"Vous cherchez un Sp\u00e9cialiste des aimants Bloc magn\u00e9tique adh\u00e9sif 20 \u00d7 10 \u00d7 1 mm N\u00e9odyme N48 - lot de 30? Les aimants peuvent \u00eatre achet\u00e9s facilement en ligne sur Magnetenspecialist.nl \u2713 1 jour ouvrable de d\u00e9lai de livraison \u2713 14 jours de d\u00e9lai de r\u00e9flexion \u2713 Exp\u00e9dition ou enl\u00e8vement *.","breadcrumb":{"@id":"https:\/\/www.magnetenspecialist.nl\/fr\/magasin\/jeu-daimants-en-neodyme\/specialiste-des-aimants-bloc-magnetique-adhesif-20-x-10-x-1-mm-neodyme-n48-lot-de-30\/#breadcrumb"},"inLanguage":"fr-FR","potentialAction":[{"@type":"ReadAction","target":["https:\/\/www.magnetenspecialist.nl\/fr\/magasin\/jeu-daimants-en-neodyme\/specialiste-des-aimants-bloc-magnetique-adhesif-20-x-10-x-1-mm-neodyme-n48-lot-de-30\/"]}]},{"@type":"ImageObject","inLanguage":"fr-FR","@id":"https:\/\/www.magnetenspecialist.nl\/fr\/magasin\/jeu-daimants-en-neodyme\/specialiste-des-aimants-bloc-magnetique-adhesif-20-x-10-x-1-mm-neodyme-n48-lot-de-30\/#primaryimage","url":"https:\/\/www.magnetenspecialist.nl\/wp-content\/uploads\/2019\/03\/Magnetenspecialist.nl_Blokmagneet-20-x-10-x-1-mm-zelfklevend_2.jpg","contentUrl":"https:\/\/www.magnetenspecialist.nl\/wp-content\/uploads\/2019\/03\/Magnetenspecialist.nl_Blokmagneet-20-x-10-x-1-mm-zelfklevend_2.jpg","width":1500,"height":1500},{"@type":"BreadcrumbList","@id":"https:\/\/www.magnetenspecialist.nl\/fr\/magasin\/jeu-daimants-en-neodyme\/specialiste-des-aimants-bloc-magnetique-adhesif-20-x-10-x-1-mm-neodyme-n48-lot-de-30\/#breadcrumb","itemListElement":[{"@type":"ListItem","position":1,"name":"Accueil","item":"https:\/\/www.magnetenspecialist.nl\/fr\/accueil\/"},{"@type":"ListItem","position":2,"name":"Boutique","item":"https:\/\/www.magnetenspecialist.nl\/fr\/boutique\/"},{"@type":"ListItem","position":3,"name":"Priv\u00e9: Sp\u00e9cialiste des aimants Bloc magn\u00e9tique adh\u00e9sif 20 \u00d7 10 \u00d7 1 mm N\u00e9odyme N48 &#8211; lot de 30"}]},{"@type":"WebSite","@id":"https:\/\/www.magnetenspecialist.nl\/fr\/#website","url":"https:\/\/www.magnetenspecialist.nl\/fr\/","name":"Magnetenspecialist.nl","description":"Vaste gamme d'aimants en n\u00e9odyme","publisher":{"@id":"https:\/\/www.magnetenspecialist.nl\/fr\/#organization"},"potentialAction":[{"@type":"SearchAction","target":{"@type":"EntryPoint","urlTemplate":"https:\/\/www.magnetenspecialist.nl\/fr\/?s={search_term_string}"},"query-input":{"@type":"PropertyValueSpecification","valueRequired":true,"valueName":"search_term_string"}}],"inLanguage":"fr-FR"},{"@type":"Organization","@id":"https:\/\/www.magnetenspecialist.nl\/fr\/#organization","name":"Magnetenspecialist.nl","url":"https:\/\/www.magnetenspecialist.nl\/fr\/","logo":{"@type":"ImageObject","inLanguage":"fr-FR","@id":"https:\/\/www.magnetenspecialist.nl\/fr\/#\/schema\/logo\/image\/","url":"https:\/\/www.magnetenspecialist.nl\/wp-content\/uploads\/2018\/10\/magneten-logo.jpg","contentUrl":"https:\/\/www.magnetenspecialist.nl\/wp-content\/uploads\/2018\/10\/magneten-logo.jpg","width":151,"height":151,"caption":"Magnetenspecialist.nl"},"image":{"@id":"https:\/\/www.magnetenspecialist.nl\/fr\/#\/schema\/logo\/image\/"},"sameAs":["https:\/\/www.facebook.com\/Magnetenspecialist.nl","https:\/\/x.com\/magnetenspecial"]}]},"product_price_currency":"EUR","og_availability":"instock","product_availability":"instock","product_retailer_item_id":"BL20x10x1-N-30","product_condition":"new"},"_links":{"self":[{"href":"https:\/\/www.magnetenspecialist.nl\/fr\/wp-json\/wp\/v2\/product\/139205","targetHints":{"allow":["GET"]}}],"collection":[{"href":"https:\/\/www.magnetenspecialist.nl\/fr\/wp-json\/wp\/v2\/product"}],"about":[{"href":"https:\/\/www.magnetenspecialist.nl\/fr\/wp-json\/wp\/v2\/types\/product"}],"wp:featuredmedia":[{"embeddable":true,"href":"https:\/\/www.magnetenspecialist.nl\/fr\/wp-json\/wp\/v2\/media\/113405"}],"wp:attachment":[{"href":"https:\/\/www.magnetenspecialist.nl\/fr\/wp-json\/wp\/v2\/media?parent=139205"}],"wp:term":[{"taxonomy":"product_brand","embeddable":true,"href":"https:\/\/www.magnetenspecialist.nl\/fr\/wp-json\/wp\/v2\/product_brand?post=139205"},{"taxonomy":"product_cat","embeddable":true,"href":"https:\/\/www.magnetenspecialist.nl\/fr\/wp-json\/wp\/v2\/product_cat?post=139205"},{"taxonomy":"product_tag","embeddable":true,"href":"https:\/\/www.magnetenspecialist.nl\/fr\/wp-json\/wp\/v2\/product_tag?post=139205"}],"curies":[{"name":"wp","href":"https:\/\/api.w.org\/{rel}","templated":true}]}}