{"id":139207,"date":"2025-05-23T13:20:52","date_gmt":"2025-05-23T11:20:52","guid":{"rendered":"https:\/\/www.magnetenspecialist.nl\/winkel\/non class\u00e9\/specialiste-des-aimants-bloc-magnetique-adhesif-40-x-12-x-1-mm-neodyme-n48-lot-de-30\/"},"modified":"2025-05-23T13:20:52","modified_gmt":"2025-05-23T11:20:52","slug":"specialiste-des-aimants-bloc-magnetique-adhesif-40-x-12-x-1-mm-neodyme-n48-lot-de-30","status":"publish","type":"product","link":"https:\/\/www.magnetenspecialist.nl\/fr\/magasin\/jeu-daimants-en-neodyme\/specialiste-des-aimants-bloc-magnetique-adhesif-40-x-12-x-1-mm-neodyme-n48-lot-de-30\/","title":{"rendered":"Sp\u00e9cialiste des aimants Bloc magn\u00e9tique adh\u00e9sif 40 \u00d7 12 \u00d7 1 mm N\u00e9odyme N48 &#8211; lot de 30"},"content":{"rendered":"<h3 data-start=\"162\" data-end=\"232\"><strong data-start=\"166\" data-end=\"232\">Bloc magn\u00e9tique adh\u00e9sif 40\u00d712\u00d71 mm N\u00e9odyme N48 &#8211; lot de 30<\/strong><\/h3>\n<p data-start=\"234\" data-end=\"525\">Ces <strong data-start=\"261\" data-end=\"287\">aimants en n\u00e9odyme<\/strong> extra-longs et plats de 40\u00d712\u00d71 mm sont dot\u00e9s d&#8217;un puissant <strong data-start=\"336\" data-end=\"359\">support autocollant 3M<\/strong>, ce qui les rend parfaits pour les applications o\u00f9 l&#8217;espace est restreint mais o\u00f9 une fixation solide est n\u00e9cessaire. Id\u00e9al pour les projets cr\u00e9atifs, techniques ou d\u00e9coratifs. <\/p>\n<h4 data-start=\"527\" data-end=\"544\">&#x2705; Avantages :<\/h4>\n<ul data-start=\"545\" data-end=\"1051\">\n<li data-start=\"545\" data-end=\"662\">\n<p data-start=\"547\" data-end=\"662\"><strong data-start=\"547\" data-end=\"574\">Ultra-mince mais puissant :<\/strong> seulement 1 mm d&#8217;\u00e9paisseur, mais avec une forte magn\u00e9tisation N48 pour une adh\u00e9sion fiable.<\/p>\n<\/li>\n<li data-start=\"663\" data-end=\"762\">\n<p data-start=\"665\" data-end=\"762\"><strong data-start=\"665\" data-end=\"693\">Facile \u00e0 fixer :<\/strong> gr\u00e2ce au ruban adh\u00e9sif 3M de haute qualit\u00e9, vous n&#8217;avez besoin ni de vis ni de colle.<\/p>\n<\/li>\n<li data-start=\"763\" data-end=\"850\">\n<p data-start=\"765\" data-end=\"850\"><strong data-start=\"765\" data-end=\"785\">Grande surface :<\/strong> la forme allong\u00e9e offre une plus grande surface de contact et donc une meilleure adh\u00e9rence.<\/p>\n<\/li>\n<li data-start=\"851\" data-end=\"964\">\n<p data-start=\"853\" data-end=\"964\"><strong data-start=\"853\" data-end=\"878\">Utilisation polyvalente :<\/strong> Id\u00e9al pour les pr\u00e9sentoirs, les emballages, les meubles, les projets de loisirs et les applications int\u00e9rieures.<\/p>\n<\/li>\n<li data-start=\"965\" data-end=\"1051\">\n<p data-start=\"967\" data-end=\"1051\"><strong data-start=\"967\" data-end=\"988\">Lot de 30 :<\/strong> parfait pour une utilisation professionnelle ou des projets \u00e0 grande \u00e9chelle.<\/p>\n<\/li>\n<\/ul>\n<h4 data-start=\"1053\" data-end=\"1075\">&#x1f4d0; Sp\u00e9cifications :<\/h4>\n<ul data-start=\"1076\" data-end=\"1285\">\n<li data-start=\"1076\" data-end=\"1133\">\n<p data-start=\"1078\" data-end=\"1133\"><strong data-start=\"1078\" data-end=\"1093\">Dimensions :<\/strong> 40\u00d712\u00d71 mm (longueur \u00d7 largeur \u00d7 \u00e9paisseur)<\/p>\n<\/li>\n<li data-start=\"1134\" data-end=\"1175\">\n<p data-start=\"1136\" data-end=\"1175\"><strong data-start=\"1136\" data-end=\"1150\">Mat\u00e9riau :<\/strong> N\u00e9odyme (NdFeB), N48<\/p>\n<\/li>\n<li data-start=\"1176\" data-end=\"1221\">\n<p data-start=\"1178\" data-end=\"1221\"><strong data-start=\"1178\" data-end=\"1194\">Fixation :<\/strong> Autocollant avec 3M 467MP<\/p>\n<\/li>\n<li data-start=\"1222\" data-end=\"1260\">\n<p data-start=\"1224\" data-end=\"1260\"><strong data-start=\"1224\" data-end=\"1236\">Rev\u00eatement :<\/strong> nickel\u00e9 (Ni-Cu-Ni)<\/p>\n<\/li>\n<li data-start=\"1261\" data-end=\"1285\">\n<p data-start=\"1263\" data-end=\"1285\"><strong data-start=\"1263\" data-end=\"1274\">Nombre :<\/strong> 30 pi\u00e8ces<\/p>\n<\/li>\n<\/ul>\n<p data-start=\"1287\" data-end=\"1412\">Optez pour une solution de fixation mince, fiable et professionnelle avec ces blocs magn\u00e9tiques autocollants de qualit\u00e9 sup\u00e9rieure.<\/p>\n","protected":false},"excerpt":{"rendered":"<p>Bloc magn\u00e9tique adh\u00e9sif 40\u00d712\u00d71 mm N\u00e9odyme N48 &#8211; lot de 30 Ces aimants en n\u00e9odyme extra-longs et plats de 40\u00d712\u00d71 mm sont dot\u00e9s d&#8217;un puissant support autocollant 3M, ce qui les rend parfaits pour les applications o\u00f9 l&#8217;espace est restreint mais o\u00f9 une fixation solide est n\u00e9cessaire. Id\u00e9al pour les projets cr\u00e9atifs, techniques ou d\u00e9coratifs. [&hellip;]<\/p>\n","protected":false},"featured_media":113425,"template":"","meta":{"_acf_changed":false},"product_brand":[3521],"product_cat":[3533],"product_tag":[],"class_list":{"0":"post-139207","1":"product","2":"type-product","3":"status-publish","4":"has-post-thumbnail","6":"product_brand-magnetenspecialist","7":"product_cat-jeu-daimants-en-neodyme","9":"first","10":"instock","11":"taxable","12":"shipping-taxable","13":"product-type-simple"},"supplier_id":null,"supplier_sku":"","barcode":null,"atum_controlled":true,"out_stock_date":null,"out_stock_threshold":null,"inheritable":false,"inbound_stock":0,"stock_on_hold":0,"sold_today":0,"sales_last_days":0,"reserved_stock":0,"customer_returns":0,"warehouse_damage":0,"lost_in_post":0,"other_logs":0,"out_stock_days":0,"lost_sales":0,"has_location":false,"update_date":"2026-04-03T08:06:11","atum_locations":[],"atum_stock_status":"instock","restock_status":false,"low_stock_amount":"","sales_update_date":"2026-04-03T08:06:11","calc_backorders":null,"acf":[],"yoast_head":"<!-- This site is optimized with the Yoast SEO Premium plugin v24.7 (Yoast SEO v24.7) - https:\/\/yoast.com\/wordpress\/plugins\/seo\/ -->\n<title>Sp\u00e9cialiste des aimants Bloc magn\u00e9tique adh\u00e9sif 40 \u00d7 12 \u00d7 1 mm N\u00e9odyme N48 - lot de 30 - Magnetenspecialist.nl<\/title>\n<meta name=\"description\" content=\"Vous cherchez un Sp\u00e9cialiste des aimants Bloc magn\u00e9tique adh\u00e9sif 40 \u00d7 12 \u00d7 1 mm N\u00e9odyme N48 - lot de 30? Les aimants peuvent \u00eatre achet\u00e9s facilement en ligne sur Magnetenspecialist.nl \u2713 1 jour ouvrable de d\u00e9lai de livraison \u2713 14 jours de d\u00e9lai de r\u00e9flexion \u2713 Exp\u00e9dition ou enl\u00e8vement *.\" \/>\n<meta name=\"robots\" content=\"index, follow, max-snippet:-1, max-image-preview:large, max-video-preview:-1\" \/>\n<link rel=\"canonical\" href=\"https:\/\/www.magnetenspecialist.nl\/fr\/magasin\/jeu-daimants-en-neodyme\/specialiste-des-aimants-bloc-magnetique-adhesif-40-x-12-x-1-mm-neodyme-n48-lot-de-30\/\" \/>\n<meta property=\"og:locale\" content=\"fr_FR\" \/>\n<meta property=\"og:type\" content=\"article\" \/>\n<meta property=\"og:title\" content=\"Sp\u00e9cialiste des aimants Bloc magn\u00e9tique adh\u00e9sif 40 \u00d7 12 \u00d7 1 mm N\u00e9odyme N48 - lot de 30\" \/>\n<meta property=\"og:description\" content=\"Vous cherchez un Sp\u00e9cialiste des aimants Bloc magn\u00e9tique adh\u00e9sif 40 \u00d7 12 \u00d7 1 mm N\u00e9odyme N48 - lot de 30? Les aimants peuvent \u00eatre achet\u00e9s facilement en ligne sur Magnetenspecialist.nl \u2713 1 jour ouvrable de d\u00e9lai de livraison \u2713 14 jours de d\u00e9lai de r\u00e9flexion \u2713 Exp\u00e9dition ou enl\u00e8vement *.\" \/>\n<meta property=\"og:url\" content=\"https:\/\/www.magnetenspecialist.nl\/fr\/magasin\/jeu-daimants-en-neodyme\/specialiste-des-aimants-bloc-magnetique-adhesif-40-x-12-x-1-mm-neodyme-n48-lot-de-30\/\" \/>\n<meta property=\"og:site_name\" content=\"Magnetenspecialist.nl\" \/>\n<meta property=\"article:publisher\" content=\"https:\/\/www.facebook.com\/Magnetenspecialist.nl\" \/>\n<meta property=\"og:image\" content=\"https:\/\/www.magnetenspecialist.nl\/wp-content\/uploads\/2019\/03\/Magnetenspecialist.nl_Blokmagneet-40-x-12-x-1-mm-zelfklevend_1.jpg\" \/>\n\t<meta property=\"og:image:width\" content=\"1500\" \/>\n\t<meta property=\"og:image:height\" content=\"1500\" \/>\n\t<meta property=\"og:image:type\" content=\"image\/jpeg\" \/>\n<meta name=\"twitter:card\" content=\"summary_large_image\" \/>\n<meta name=\"twitter:site\" content=\"@magnetenspecial\" \/>\n<meta name=\"twitter:label1\" content=\"Prix\" \/>\n\t<meta name=\"twitter:data1\" content=\"\" \/>\n\t<meta name=\"twitter:label2\" content=\"Disponibilit\u00e9\" \/>\n\t<meta name=\"twitter:data2\" content=\"En stock\" \/>\n<script type=\"application\/ld+json\" class=\"yoast-schema-graph\">{\"@context\":\"https:\/\/schema.org\",\"@graph\":[{\"@type\":\"WebPage\",\"@id\":\"https:\/\/www.magnetenspecialist.nl\/fr\/magasin\/jeu-daimants-en-neodyme\/specialiste-des-aimants-bloc-magnetique-adhesif-40-x-12-x-1-mm-neodyme-n48-lot-de-30\/\",\"url\":\"https:\/\/www.magnetenspecialist.nl\/fr\/magasin\/jeu-daimants-en-neodyme\/specialiste-des-aimants-bloc-magnetique-adhesif-40-x-12-x-1-mm-neodyme-n48-lot-de-30\/\",\"name\":\"Sp\u00e9cialiste des aimants Bloc magn\u00e9tique adh\u00e9sif 40 \u00d7 12 \u00d7 1 mm N\u00e9odyme N48 - lot de 30 - Magnetenspecialist.nl\",\"isPartOf\":{\"@id\":\"https:\/\/www.magnetenspecialist.nl\/fr\/#website\"},\"primaryImageOfPage\":{\"@id\":\"https:\/\/www.magnetenspecialist.nl\/fr\/magasin\/jeu-daimants-en-neodyme\/specialiste-des-aimants-bloc-magnetique-adhesif-40-x-12-x-1-mm-neodyme-n48-lot-de-30\/#primaryimage\"},\"image\":{\"@id\":\"https:\/\/www.magnetenspecialist.nl\/fr\/magasin\/jeu-daimants-en-neodyme\/specialiste-des-aimants-bloc-magnetique-adhesif-40-x-12-x-1-mm-neodyme-n48-lot-de-30\/#primaryimage\"},\"thumbnailUrl\":\"https:\/\/www.magnetenspecialist.nl\/wp-content\/uploads\/2019\/03\/Magnetenspecialist.nl_Blokmagneet-40-x-12-x-1-mm-zelfklevend_1.jpg\",\"datePublished\":\"2025-05-23T11:20:52+00:00\",\"description\":\"Vous cherchez un Sp\u00e9cialiste des aimants Bloc magn\u00e9tique adh\u00e9sif 40 \u00d7 12 \u00d7 1 mm N\u00e9odyme N48 - lot de 30? Les aimants peuvent \u00eatre achet\u00e9s facilement en ligne sur Magnetenspecialist.nl \u2713 1 jour ouvrable de d\u00e9lai de livraison \u2713 14 jours de d\u00e9lai de r\u00e9flexion \u2713 Exp\u00e9dition ou enl\u00e8vement *.\",\"breadcrumb\":{\"@id\":\"https:\/\/www.magnetenspecialist.nl\/fr\/magasin\/jeu-daimants-en-neodyme\/specialiste-des-aimants-bloc-magnetique-adhesif-40-x-12-x-1-mm-neodyme-n48-lot-de-30\/#breadcrumb\"},\"inLanguage\":\"fr-FR\",\"potentialAction\":[{\"@type\":\"ReadAction\",\"target\":[\"https:\/\/www.magnetenspecialist.nl\/fr\/magasin\/jeu-daimants-en-neodyme\/specialiste-des-aimants-bloc-magnetique-adhesif-40-x-12-x-1-mm-neodyme-n48-lot-de-30\/\"]}]},{\"@type\":\"ImageObject\",\"inLanguage\":\"fr-FR\",\"@id\":\"https:\/\/www.magnetenspecialist.nl\/fr\/magasin\/jeu-daimants-en-neodyme\/specialiste-des-aimants-bloc-magnetique-adhesif-40-x-12-x-1-mm-neodyme-n48-lot-de-30\/#primaryimage\",\"url\":\"https:\/\/www.magnetenspecialist.nl\/wp-content\/uploads\/2019\/03\/Magnetenspecialist.nl_Blokmagneet-40-x-12-x-1-mm-zelfklevend_1.jpg\",\"contentUrl\":\"https:\/\/www.magnetenspecialist.nl\/wp-content\/uploads\/2019\/03\/Magnetenspecialist.nl_Blokmagneet-40-x-12-x-1-mm-zelfklevend_1.jpg\",\"width\":1500,\"height\":1500},{\"@type\":\"BreadcrumbList\",\"@id\":\"https:\/\/www.magnetenspecialist.nl\/fr\/magasin\/jeu-daimants-en-neodyme\/specialiste-des-aimants-bloc-magnetique-adhesif-40-x-12-x-1-mm-neodyme-n48-lot-de-30\/#breadcrumb\",\"itemListElement\":[{\"@type\":\"ListItem\",\"position\":1,\"name\":\"Accueil\",\"item\":\"https:\/\/www.magnetenspecialist.nl\/fr\/accueil\/\"},{\"@type\":\"ListItem\",\"position\":2,\"name\":\"Boutique\",\"item\":\"https:\/\/www.magnetenspecialist.nl\/fr\/boutique\/\"},{\"@type\":\"ListItem\",\"position\":3,\"name\":\"Priv\u00e9: Sp\u00e9cialiste des aimants Bloc magn\u00e9tique adh\u00e9sif 40 \u00d7 12 \u00d7 1 mm N\u00e9odyme N48 &#8211; lot de 30\"}]},{\"@type\":\"WebSite\",\"@id\":\"https:\/\/www.magnetenspecialist.nl\/fr\/#website\",\"url\":\"https:\/\/www.magnetenspecialist.nl\/fr\/\",\"name\":\"Magnetenspecialist.nl\",\"description\":\"Vaste gamme d'aimants en n\u00e9odyme\",\"publisher\":{\"@id\":\"https:\/\/www.magnetenspecialist.nl\/fr\/#organization\"},\"potentialAction\":[{\"@type\":\"SearchAction\",\"target\":{\"@type\":\"EntryPoint\",\"urlTemplate\":\"https:\/\/www.magnetenspecialist.nl\/fr\/?s={search_term_string}\"},\"query-input\":{\"@type\":\"PropertyValueSpecification\",\"valueRequired\":true,\"valueName\":\"search_term_string\"}}],\"inLanguage\":\"fr-FR\"},{\"@type\":\"Organization\",\"@id\":\"https:\/\/www.magnetenspecialist.nl\/fr\/#organization\",\"name\":\"Magnetenspecialist.nl\",\"url\":\"https:\/\/www.magnetenspecialist.nl\/fr\/\",\"logo\":{\"@type\":\"ImageObject\",\"inLanguage\":\"fr-FR\",\"@id\":\"https:\/\/www.magnetenspecialist.nl\/fr\/#\/schema\/logo\/image\/\",\"url\":\"https:\/\/www.magnetenspecialist.nl\/wp-content\/uploads\/2018\/10\/magneten-logo.jpg\",\"contentUrl\":\"https:\/\/www.magnetenspecialist.nl\/wp-content\/uploads\/2018\/10\/magneten-logo.jpg\",\"width\":151,\"height\":151,\"caption\":\"Magnetenspecialist.nl\"},\"image\":{\"@id\":\"https:\/\/www.magnetenspecialist.nl\/fr\/#\/schema\/logo\/image\/\"},\"sameAs\":[\"https:\/\/www.facebook.com\/Magnetenspecialist.nl\",\"https:\/\/x.com\/magnetenspecial\"]}]}<\/script>\n<meta property=\"product:price:currency\" content=\"EUR\" \/>\n<meta property=\"og:availability\" content=\"instock\" \/>\n<meta property=\"product:availability\" content=\"instock\" \/>\n<meta property=\"product:retailer_item_id\" content=\"BL40x12x1-N-30\" \/>\n<meta property=\"product:condition\" content=\"new\" \/>\n<!-- \/ Yoast SEO Premium plugin. -->","yoast_head_json":{"title":"Sp\u00e9cialiste des aimants Bloc magn\u00e9tique adh\u00e9sif 40 \u00d7 12 \u00d7 1 mm N\u00e9odyme N48 - lot de 30 - Magnetenspecialist.nl","description":"Vous cherchez un Sp\u00e9cialiste des aimants Bloc magn\u00e9tique adh\u00e9sif 40 \u00d7 12 \u00d7 1 mm N\u00e9odyme N48 - lot de 30? Les aimants peuvent \u00eatre achet\u00e9s facilement en ligne sur Magnetenspecialist.nl \u2713 1 jour ouvrable de d\u00e9lai de livraison \u2713 14 jours de d\u00e9lai de r\u00e9flexion \u2713 Exp\u00e9dition ou enl\u00e8vement *.","robots":{"index":"index","follow":"follow","max-snippet":"max-snippet:-1","max-image-preview":"max-image-preview:large","max-video-preview":"max-video-preview:-1"},"canonical":"https:\/\/www.magnetenspecialist.nl\/fr\/magasin\/jeu-daimants-en-neodyme\/specialiste-des-aimants-bloc-magnetique-adhesif-40-x-12-x-1-mm-neodyme-n48-lot-de-30\/","og_locale":"fr_FR","og_type":"article","og_title":"Sp\u00e9cialiste des aimants Bloc magn\u00e9tique adh\u00e9sif 40 \u00d7 12 \u00d7 1 mm N\u00e9odyme N48 - lot de 30","og_description":"Vous cherchez un Sp\u00e9cialiste des aimants Bloc magn\u00e9tique adh\u00e9sif 40 \u00d7 12 \u00d7 1 mm N\u00e9odyme N48 - lot de 30? Les aimants peuvent \u00eatre achet\u00e9s facilement en ligne sur Magnetenspecialist.nl \u2713 1 jour ouvrable de d\u00e9lai de livraison \u2713 14 jours de d\u00e9lai de r\u00e9flexion \u2713 Exp\u00e9dition ou enl\u00e8vement *.","og_url":"https:\/\/www.magnetenspecialist.nl\/fr\/magasin\/jeu-daimants-en-neodyme\/specialiste-des-aimants-bloc-magnetique-adhesif-40-x-12-x-1-mm-neodyme-n48-lot-de-30\/","og_site_name":"Magnetenspecialist.nl","article_publisher":"https:\/\/www.facebook.com\/Magnetenspecialist.nl","og_image":[{"width":1500,"height":1500,"url":"https:\/\/www.magnetenspecialist.nl\/wp-content\/uploads\/2019\/03\/Magnetenspecialist.nl_Blokmagneet-40-x-12-x-1-mm-zelfklevend_1.jpg","type":"image\/jpeg"}],"twitter_card":"summary_large_image","twitter_site":"@magnetenspecial","twitter_misc":{"Prix":"","Disponibilit\u00e9":"En stock"},"schema":{"@context":"https:\/\/schema.org","@graph":[{"@type":"WebPage","@id":"https:\/\/www.magnetenspecialist.nl\/fr\/magasin\/jeu-daimants-en-neodyme\/specialiste-des-aimants-bloc-magnetique-adhesif-40-x-12-x-1-mm-neodyme-n48-lot-de-30\/","url":"https:\/\/www.magnetenspecialist.nl\/fr\/magasin\/jeu-daimants-en-neodyme\/specialiste-des-aimants-bloc-magnetique-adhesif-40-x-12-x-1-mm-neodyme-n48-lot-de-30\/","name":"Sp\u00e9cialiste des aimants Bloc magn\u00e9tique adh\u00e9sif 40 \u00d7 12 \u00d7 1 mm N\u00e9odyme N48 - lot de 30 - Magnetenspecialist.nl","isPartOf":{"@id":"https:\/\/www.magnetenspecialist.nl\/fr\/#website"},"primaryImageOfPage":{"@id":"https:\/\/www.magnetenspecialist.nl\/fr\/magasin\/jeu-daimants-en-neodyme\/specialiste-des-aimants-bloc-magnetique-adhesif-40-x-12-x-1-mm-neodyme-n48-lot-de-30\/#primaryimage"},"image":{"@id":"https:\/\/www.magnetenspecialist.nl\/fr\/magasin\/jeu-daimants-en-neodyme\/specialiste-des-aimants-bloc-magnetique-adhesif-40-x-12-x-1-mm-neodyme-n48-lot-de-30\/#primaryimage"},"thumbnailUrl":"https:\/\/www.magnetenspecialist.nl\/wp-content\/uploads\/2019\/03\/Magnetenspecialist.nl_Blokmagneet-40-x-12-x-1-mm-zelfklevend_1.jpg","datePublished":"2025-05-23T11:20:52+00:00","description":"Vous cherchez un Sp\u00e9cialiste des aimants Bloc magn\u00e9tique adh\u00e9sif 40 \u00d7 12 \u00d7 1 mm N\u00e9odyme N48 - lot de 30? Les aimants peuvent \u00eatre achet\u00e9s facilement en ligne sur Magnetenspecialist.nl \u2713 1 jour ouvrable de d\u00e9lai de livraison \u2713 14 jours de d\u00e9lai de r\u00e9flexion \u2713 Exp\u00e9dition ou enl\u00e8vement *.","breadcrumb":{"@id":"https:\/\/www.magnetenspecialist.nl\/fr\/magasin\/jeu-daimants-en-neodyme\/specialiste-des-aimants-bloc-magnetique-adhesif-40-x-12-x-1-mm-neodyme-n48-lot-de-30\/#breadcrumb"},"inLanguage":"fr-FR","potentialAction":[{"@type":"ReadAction","target":["https:\/\/www.magnetenspecialist.nl\/fr\/magasin\/jeu-daimants-en-neodyme\/specialiste-des-aimants-bloc-magnetique-adhesif-40-x-12-x-1-mm-neodyme-n48-lot-de-30\/"]}]},{"@type":"ImageObject","inLanguage":"fr-FR","@id":"https:\/\/www.magnetenspecialist.nl\/fr\/magasin\/jeu-daimants-en-neodyme\/specialiste-des-aimants-bloc-magnetique-adhesif-40-x-12-x-1-mm-neodyme-n48-lot-de-30\/#primaryimage","url":"https:\/\/www.magnetenspecialist.nl\/wp-content\/uploads\/2019\/03\/Magnetenspecialist.nl_Blokmagneet-40-x-12-x-1-mm-zelfklevend_1.jpg","contentUrl":"https:\/\/www.magnetenspecialist.nl\/wp-content\/uploads\/2019\/03\/Magnetenspecialist.nl_Blokmagneet-40-x-12-x-1-mm-zelfklevend_1.jpg","width":1500,"height":1500},{"@type":"BreadcrumbList","@id":"https:\/\/www.magnetenspecialist.nl\/fr\/magasin\/jeu-daimants-en-neodyme\/specialiste-des-aimants-bloc-magnetique-adhesif-40-x-12-x-1-mm-neodyme-n48-lot-de-30\/#breadcrumb","itemListElement":[{"@type":"ListItem","position":1,"name":"Accueil","item":"https:\/\/www.magnetenspecialist.nl\/fr\/accueil\/"},{"@type":"ListItem","position":2,"name":"Boutique","item":"https:\/\/www.magnetenspecialist.nl\/fr\/boutique\/"},{"@type":"ListItem","position":3,"name":"Priv\u00e9: Sp\u00e9cialiste des aimants Bloc magn\u00e9tique adh\u00e9sif 40 \u00d7 12 \u00d7 1 mm N\u00e9odyme N48 &#8211; lot de 30"}]},{"@type":"WebSite","@id":"https:\/\/www.magnetenspecialist.nl\/fr\/#website","url":"https:\/\/www.magnetenspecialist.nl\/fr\/","name":"Magnetenspecialist.nl","description":"Vaste gamme d'aimants en n\u00e9odyme","publisher":{"@id":"https:\/\/www.magnetenspecialist.nl\/fr\/#organization"},"potentialAction":[{"@type":"SearchAction","target":{"@type":"EntryPoint","urlTemplate":"https:\/\/www.magnetenspecialist.nl\/fr\/?s={search_term_string}"},"query-input":{"@type":"PropertyValueSpecification","valueRequired":true,"valueName":"search_term_string"}}],"inLanguage":"fr-FR"},{"@type":"Organization","@id":"https:\/\/www.magnetenspecialist.nl\/fr\/#organization","name":"Magnetenspecialist.nl","url":"https:\/\/www.magnetenspecialist.nl\/fr\/","logo":{"@type":"ImageObject","inLanguage":"fr-FR","@id":"https:\/\/www.magnetenspecialist.nl\/fr\/#\/schema\/logo\/image\/","url":"https:\/\/www.magnetenspecialist.nl\/wp-content\/uploads\/2018\/10\/magneten-logo.jpg","contentUrl":"https:\/\/www.magnetenspecialist.nl\/wp-content\/uploads\/2018\/10\/magneten-logo.jpg","width":151,"height":151,"caption":"Magnetenspecialist.nl"},"image":{"@id":"https:\/\/www.magnetenspecialist.nl\/fr\/#\/schema\/logo\/image\/"},"sameAs":["https:\/\/www.facebook.com\/Magnetenspecialist.nl","https:\/\/x.com\/magnetenspecial"]}]},"product_price_currency":"EUR","og_availability":"instock","product_availability":"instock","product_retailer_item_id":"BL40x12x1-N-30","product_condition":"new"},"_links":{"self":[{"href":"https:\/\/www.magnetenspecialist.nl\/fr\/wp-json\/wp\/v2\/product\/139207","targetHints":{"allow":["GET"]}}],"collection":[{"href":"https:\/\/www.magnetenspecialist.nl\/fr\/wp-json\/wp\/v2\/product"}],"about":[{"href":"https:\/\/www.magnetenspecialist.nl\/fr\/wp-json\/wp\/v2\/types\/product"}],"wp:featuredmedia":[{"embeddable":true,"href":"https:\/\/www.magnetenspecialist.nl\/fr\/wp-json\/wp\/v2\/media\/113425"}],"wp:attachment":[{"href":"https:\/\/www.magnetenspecialist.nl\/fr\/wp-json\/wp\/v2\/media?parent=139207"}],"wp:term":[{"taxonomy":"product_brand","embeddable":true,"href":"https:\/\/www.magnetenspecialist.nl\/fr\/wp-json\/wp\/v2\/product_brand?post=139207"},{"taxonomy":"product_cat","embeddable":true,"href":"https:\/\/www.magnetenspecialist.nl\/fr\/wp-json\/wp\/v2\/product_cat?post=139207"},{"taxonomy":"product_tag","embeddable":true,"href":"https:\/\/www.magnetenspecialist.nl\/fr\/wp-json\/wp\/v2\/product_tag?post=139207"}],"curies":[{"name":"wp","href":"https:\/\/api.w.org\/{rel}","templated":true}]}}