{"id":139213,"date":"2025-06-03T16:47:31","date_gmt":"2025-06-03T14:47:31","guid":{"rendered":"https:\/\/www.magnetenspecialist.nl\/winkel\/non class\u00e9\/specialiste-des-aimants-disque-magnetique-adhesif-15-x-1-mm-neodyme-n48-lot-de-30\/"},"modified":"2025-06-03T16:47:31","modified_gmt":"2025-06-03T14:47:31","slug":"specialiste-des-aimants-disque-magnetique-adhesif-15-x-1-mm-neodyme-n48-lot-de-30","status":"publish","type":"product","link":"https:\/\/www.magnetenspecialist.nl\/fr\/magasin\/jeu-daimants-en-neodyme\/specialiste-des-aimants-disque-magnetique-adhesif-15-x-1-mm-neodyme-n48-lot-de-30\/","title":{"rendered":"Sp\u00e9cialiste des aimants Disque magn\u00e9tique adh\u00e9sif 15 \u00d7 1 mm N\u00e9odyme N48 &#8211; lot de 30"},"content":{"rendered":"<p>Disque magn\u00e9tique adh\u00e9sif 15 \u00d7 1 mm N\u00e9odyme N48 &#8211; Lot de 30 pi\u00e8ces<\/p>\n<p>&nbsp;<\/p>\n<p data-start=\"265\" data-end=\"506\">Puissants aimants en n\u00e9odyme de 15 \u00d7 1 mm (N48) autocollants &#8211; id\u00e9aux pour les projets cr\u00e9atifs, le modelage, l&#8217;artisanat et les applications professionnelles. Emball\u00e9 par 30 pi\u00e8ces. <\/p>\n<p data-start=\"508\" data-end=\"906\"><strong data-start=\"508\" data-end=\"531\">Description longue :<\/strong><br data-start=\"531\" data-end=\"534\">Ces puissants <strong data-start=\"549\" data-end=\"580\">aimants disques autocollants<\/strong> d&#8217;un diam\u00e8tre de <strong data-start=\"602\" data-end=\"611\">15 mm<\/strong> et d&#8217;une \u00e9paisseur de <strong data-start=\"629\" data-end=\"637\">1 mm<\/strong> sont fabriqu\u00e9s en <strong data-start=\"667\" data-end=\"686\">n\u00e9odyme (N48<\/strong> ) de haute qualit\u00e9 &#8211; l&#8217;un des mat\u00e9riaux magn\u00e9tiques les plus puissants qui soient. Gr\u00e2ce \u00e0 la <strong data-start=\"765\" data-end=\"780\">couche adh\u00e9sive 3M<\/strong>, ils adh\u00e8rent sans effort aux surfaces lisses telles que le bois, le m\u00e9tal, le verre ou le plastique. Ils sont parfaits pour de nombreuses applications telles que :  <\/p>\n<ul data-start=\"908\" data-end=\"1082\">\n<li data-start=\"908\" data-end=\"934\">\n<p data-start=\"910\" data-end=\"934\">Projets de bricolage<\/p>\n<\/li>\n<li data-start=\"935\" data-end=\"961\">\n<p data-start=\"937\" data-end=\"961\">Mod\u00e8les et maquettes<\/p>\n<\/li>\n<li data-start=\"962\" data-end=\"994\">\n<p data-start=\"964\" data-end=\"994\">Photomontages et pr\u00e9sentations<\/p>\n<\/li>\n<li data-start=\"995\" data-end=\"1043\">\n<p data-start=\"997\" data-end=\"1043\">M\u00e9canismes de fermeture pour emballages ou armoires<\/p>\n<\/li>\n<li data-start=\"1044\" data-end=\"1082\">\n<p data-start=\"1046\" data-end=\"1082\">Solutions cr\u00e9atives et d\u00e9coratives<\/p>\n<\/li>\n<\/ul>\n<p data-start=\"1084\" data-end=\"1114\"><strong data-start=\"1084\" data-end=\"1112\">Caract\u00e9ristiques principales :<\/strong><\/p>\n<ul data-start=\"1115\" data-end=\"1389\">\n<li data-start=\"1115\" data-end=\"1166\">\n<p data-start=\"1117\" data-end=\"1166\"><strong data-start=\"1117\" data-end=\"1132\">Dimensions :<\/strong> 15 mm (diam\u00e8tre) \u00d7 1 mm (\u00e9paisseur)<\/p>\n<\/li>\n<li data-start=\"1167\" data-end=\"1206\">\n<p data-start=\"1169\" data-end=\"1206\"><strong data-start=\"1169\" data-end=\"1187\">Magn\u00e9tisation :<\/strong> N48 &#8211; tr\u00e8s forte<\/p>\n<\/li>\n<li data-start=\"1207\" data-end=\"1255\">\n<p data-start=\"1209\" data-end=\"1255\"><strong data-start=\"1209\" data-end=\"1225\">Fixation :<\/strong> Autocollant avec couche adh\u00e9sive 3M<\/p>\n<\/li>\n<li data-start=\"1256\" data-end=\"1307\">\n<p data-start=\"1258\" data-end=\"1307\"><strong data-start=\"1258\" data-end=\"1272\">Mat\u00e9riau :<\/strong> N\u00e9odyme (NdFeB), rev\u00eatement en nickel<\/p>\n<\/li>\n<li data-start=\"1308\" data-end=\"1332\">\n<p data-start=\"1310\" data-end=\"1332\"><strong data-start=\"1310\" data-end=\"1330\">Lot de 30 pi\u00e8ces<\/strong><\/p>\n<\/li>\n<li data-start=\"1333\" data-end=\"1389\">\n<p data-start=\"1335\" data-end=\"1389\"><strong data-start=\"1335\" data-end=\"1363\">Force de traction (indicative) :<\/strong> environ 0,4 kg par aimant*<\/p>\n<\/li>\n<\/ul>\n<p data-start=\"1391\" data-end=\"1466\">* <em data-start=\"1394\" data-end=\"1466\">La r\u00e9sistance \u00e0 la traction d\u00e9pend du substrat, de la surface de contact et de l&#8217;application<\/em>.<\/p>\n<p data-start=\"1468\" data-end=\"1651\"><strong data-start=\"1468\" data-end=\"1479\">Remarque :<\/strong> ces aimants sont fins et puissants &#8211; il convient d \u00ab \u00eatre prudent lorsqu&#8217;ils sont utilis\u00e9s avec d&#8217;autres objets ou aimants m\u00e9talliques afin d \u00bb \u00e9viter tout dommage ou blessure.<\/p>\n","protected":false},"excerpt":{"rendered":"<p>Disque magn\u00e9tique adh\u00e9sif 15 \u00d7 1 mm N\u00e9odyme N48 &#8211; Lot de 30 pi\u00e8ces &nbsp; Puissants aimants en n\u00e9odyme de 15 \u00d7 1 mm (N48) autocollants &#8211; id\u00e9aux pour les projets cr\u00e9atifs, le modelage, l&#8217;artisanat et les applications professionnelles. Emball\u00e9 par 30 pi\u00e8ces. Description longue :Ces puissants aimants disques autocollants d&#8217;un diam\u00e8tre de 15 mm [&hellip;]<\/p>\n","protected":false},"featured_media":113462,"template":"","meta":{"_acf_changed":false},"product_brand":[3521],"product_cat":[3533],"product_tag":[],"class_list":{"0":"post-139213","1":"product","2":"type-product","3":"status-publish","4":"has-post-thumbnail","6":"product_brand-magnetenspecialist","7":"product_cat-jeu-daimants-en-neodyme","9":"first","10":"instock","11":"taxable","12":"shipping-taxable","13":"product-type-simple"},"supplier_id":null,"supplier_sku":"","barcode":null,"atum_controlled":true,"out_stock_date":null,"out_stock_threshold":null,"inheritable":false,"inbound_stock":0,"stock_on_hold":0,"sold_today":0,"sales_last_days":0,"reserved_stock":0,"customer_returns":0,"warehouse_damage":0,"lost_in_post":0,"other_logs":0,"out_stock_days":0,"lost_sales":0,"has_location":false,"update_date":"2026-04-17T16:46:10","atum_locations":[],"atum_stock_status":"instock","restock_status":false,"low_stock_amount":"","sales_update_date":"2026-04-17T16:46:09","calc_backorders":null,"acf":[],"yoast_head":"<!-- This site is optimized with the Yoast SEO Premium plugin v24.7 (Yoast SEO v24.7) - https:\/\/yoast.com\/wordpress\/plugins\/seo\/ -->\n<title>Sp\u00e9cialiste des aimants Disque magn\u00e9tique adh\u00e9sif 15 \u00d7 1 mm N\u00e9odyme N48 - lot de 30 - Magnetenspecialist.nl<\/title>\n<meta name=\"description\" content=\"Vous cherchez un Sp\u00e9cialiste des aimants Disque magn\u00e9tique adh\u00e9sif 15 \u00d7 1 mm N\u00e9odyme N48 - lot de 30? Les aimants peuvent \u00eatre achet\u00e9s facilement en ligne sur Magnetenspecialist.nl \u2713 1 jour ouvrable de d\u00e9lai de livraison \u2713 14 jours de d\u00e9lai de r\u00e9flexion \u2713 Exp\u00e9dition ou enl\u00e8vement *.\" \/>\n<meta name=\"robots\" content=\"index, follow, max-snippet:-1, max-image-preview:large, max-video-preview:-1\" \/>\n<link rel=\"canonical\" href=\"https:\/\/www.magnetenspecialist.nl\/fr\/magasin\/jeu-daimants-en-neodyme\/specialiste-des-aimants-disque-magnetique-adhesif-15-x-1-mm-neodyme-n48-lot-de-30\/\" \/>\n<meta property=\"og:locale\" content=\"fr_FR\" \/>\n<meta property=\"og:type\" content=\"article\" \/>\n<meta property=\"og:title\" content=\"Sp\u00e9cialiste des aimants Disque magn\u00e9tique adh\u00e9sif 15 \u00d7 1 mm N\u00e9odyme N48 - lot de 30\" \/>\n<meta property=\"og:description\" content=\"Vous cherchez un Sp\u00e9cialiste des aimants Disque magn\u00e9tique adh\u00e9sif 15 \u00d7 1 mm N\u00e9odyme N48 - lot de 30? Les aimants peuvent \u00eatre achet\u00e9s facilement en ligne sur Magnetenspecialist.nl \u2713 1 jour ouvrable de d\u00e9lai de livraison \u2713 14 jours de d\u00e9lai de r\u00e9flexion \u2713 Exp\u00e9dition ou enl\u00e8vement *.\" \/>\n<meta property=\"og:url\" content=\"https:\/\/www.magnetenspecialist.nl\/fr\/magasin\/jeu-daimants-en-neodyme\/specialiste-des-aimants-disque-magnetique-adhesif-15-x-1-mm-neodyme-n48-lot-de-30\/\" \/>\n<meta property=\"og:site_name\" content=\"Magnetenspecialist.nl\" \/>\n<meta property=\"article:publisher\" content=\"https:\/\/www.facebook.com\/Magnetenspecialist.nl\" \/>\n<meta name=\"twitter:card\" content=\"summary_large_image\" \/>\n<meta name=\"twitter:site\" content=\"@magnetenspecial\" \/>\n<meta name=\"twitter:label1\" content=\"Prix\" \/>\n\t<meta name=\"twitter:data1\" content=\"\" \/>\n\t<meta name=\"twitter:label2\" content=\"Disponibilit\u00e9\" \/>\n\t<meta name=\"twitter:data2\" content=\"En stock\" \/>\n<script type=\"application\/ld+json\" class=\"yoast-schema-graph\">{\"@context\":\"https:\/\/schema.org\",\"@graph\":[{\"@type\":\"WebPage\",\"@id\":\"https:\/\/www.magnetenspecialist.nl\/fr\/magasin\/jeu-daimants-en-neodyme\/specialiste-des-aimants-disque-magnetique-adhesif-15-x-1-mm-neodyme-n48-lot-de-30\/\",\"url\":\"https:\/\/www.magnetenspecialist.nl\/fr\/magasin\/jeu-daimants-en-neodyme\/specialiste-des-aimants-disque-magnetique-adhesif-15-x-1-mm-neodyme-n48-lot-de-30\/\",\"name\":\"Sp\u00e9cialiste des aimants Disque magn\u00e9tique adh\u00e9sif 15 \u00d7 1 mm N\u00e9odyme N48 - lot de 30 - Magnetenspecialist.nl\",\"isPartOf\":{\"@id\":\"https:\/\/www.magnetenspecialist.nl\/fr\/#website\"},\"primaryImageOfPage\":{\"@id\":\"https:\/\/www.magnetenspecialist.nl\/fr\/magasin\/jeu-daimants-en-neodyme\/specialiste-des-aimants-disque-magnetique-adhesif-15-x-1-mm-neodyme-n48-lot-de-30\/#primaryimage\"},\"image\":{\"@id\":\"https:\/\/www.magnetenspecialist.nl\/fr\/magasin\/jeu-daimants-en-neodyme\/specialiste-des-aimants-disque-magnetique-adhesif-15-x-1-mm-neodyme-n48-lot-de-30\/#primaryimage\"},\"thumbnailUrl\":\"https:\/\/www.magnetenspecialist.nl\/wp-content\/uploads\/2020\/11\/Magnetenspecialist.nl_Schijfmagneet-15-x-10-mm-Zelfklevend_2.jpg\",\"datePublished\":\"2025-06-03T14:47:31+00:00\",\"description\":\"Vous cherchez un Sp\u00e9cialiste des aimants Disque magn\u00e9tique adh\u00e9sif 15 \u00d7 1 mm N\u00e9odyme N48 - lot de 30? Les aimants peuvent \u00eatre achet\u00e9s facilement en ligne sur Magnetenspecialist.nl \u2713 1 jour ouvrable de d\u00e9lai de livraison \u2713 14 jours de d\u00e9lai de r\u00e9flexion \u2713 Exp\u00e9dition ou enl\u00e8vement *.\",\"breadcrumb\":{\"@id\":\"https:\/\/www.magnetenspecialist.nl\/fr\/magasin\/jeu-daimants-en-neodyme\/specialiste-des-aimants-disque-magnetique-adhesif-15-x-1-mm-neodyme-n48-lot-de-30\/#breadcrumb\"},\"inLanguage\":\"fr-FR\",\"potentialAction\":[{\"@type\":\"ReadAction\",\"target\":[\"https:\/\/www.magnetenspecialist.nl\/fr\/magasin\/jeu-daimants-en-neodyme\/specialiste-des-aimants-disque-magnetique-adhesif-15-x-1-mm-neodyme-n48-lot-de-30\/\"]}]},{\"@type\":\"ImageObject\",\"inLanguage\":\"fr-FR\",\"@id\":\"https:\/\/www.magnetenspecialist.nl\/fr\/magasin\/jeu-daimants-en-neodyme\/specialiste-des-aimants-disque-magnetique-adhesif-15-x-1-mm-neodyme-n48-lot-de-30\/#primaryimage\",\"url\":\"https:\/\/www.magnetenspecialist.nl\/wp-content\/uploads\/2020\/11\/Magnetenspecialist.nl_Schijfmagneet-15-x-10-mm-Zelfklevend_2.jpg\",\"contentUrl\":\"https:\/\/www.magnetenspecialist.nl\/wp-content\/uploads\/2020\/11\/Magnetenspecialist.nl_Schijfmagneet-15-x-10-mm-Zelfklevend_2.jpg\",\"width\":1500,\"height\":1500},{\"@type\":\"BreadcrumbList\",\"@id\":\"https:\/\/www.magnetenspecialist.nl\/fr\/magasin\/jeu-daimants-en-neodyme\/specialiste-des-aimants-disque-magnetique-adhesif-15-x-1-mm-neodyme-n48-lot-de-30\/#breadcrumb\",\"itemListElement\":[{\"@type\":\"ListItem\",\"position\":1,\"name\":\"Accueil\",\"item\":\"https:\/\/www.magnetenspecialist.nl\/fr\/accueil\/\"},{\"@type\":\"ListItem\",\"position\":2,\"name\":\"Boutique\",\"item\":\"https:\/\/www.magnetenspecialist.nl\/fr\/boutique\/\"},{\"@type\":\"ListItem\",\"position\":3,\"name\":\"Priv\u00e9: Sp\u00e9cialiste des aimants Disque magn\u00e9tique adh\u00e9sif 15 \u00d7 1 mm N\u00e9odyme N48 &#8211; lot de 30\"}]},{\"@type\":\"WebSite\",\"@id\":\"https:\/\/www.magnetenspecialist.nl\/fr\/#website\",\"url\":\"https:\/\/www.magnetenspecialist.nl\/fr\/\",\"name\":\"Magnetenspecialist.nl\",\"description\":\"Vaste gamme d'aimants en n\u00e9odyme\",\"publisher\":{\"@id\":\"https:\/\/www.magnetenspecialist.nl\/fr\/#organization\"},\"potentialAction\":[{\"@type\":\"SearchAction\",\"target\":{\"@type\":\"EntryPoint\",\"urlTemplate\":\"https:\/\/www.magnetenspecialist.nl\/fr\/?s={search_term_string}\"},\"query-input\":{\"@type\":\"PropertyValueSpecification\",\"valueRequired\":true,\"valueName\":\"search_term_string\"}}],\"inLanguage\":\"fr-FR\"},{\"@type\":\"Organization\",\"@id\":\"https:\/\/www.magnetenspecialist.nl\/fr\/#organization\",\"name\":\"Magnetenspecialist.nl\",\"url\":\"https:\/\/www.magnetenspecialist.nl\/fr\/\",\"logo\":{\"@type\":\"ImageObject\",\"inLanguage\":\"fr-FR\",\"@id\":\"https:\/\/www.magnetenspecialist.nl\/fr\/#\/schema\/logo\/image\/\",\"url\":\"https:\/\/www.magnetenspecialist.nl\/wp-content\/uploads\/2018\/10\/magneten-logo.jpg\",\"contentUrl\":\"https:\/\/www.magnetenspecialist.nl\/wp-content\/uploads\/2018\/10\/magneten-logo.jpg\",\"width\":151,\"height\":151,\"caption\":\"Magnetenspecialist.nl\"},\"image\":{\"@id\":\"https:\/\/www.magnetenspecialist.nl\/fr\/#\/schema\/logo\/image\/\"},\"sameAs\":[\"https:\/\/www.facebook.com\/Magnetenspecialist.nl\",\"https:\/\/x.com\/magnetenspecial\"]}]}<\/script>\n<meta property=\"product:price:currency\" content=\"EUR\" \/>\n<meta property=\"og:availability\" content=\"instock\" \/>\n<meta property=\"product:availability\" content=\"instock\" \/>\n<meta property=\"product:retailer_item_id\" content=\"SC015x001-N-Z-30\" \/>\n<meta property=\"product:condition\" content=\"new\" \/>\n<!-- \/ Yoast SEO Premium plugin. -->","yoast_head_json":{"title":"Sp\u00e9cialiste des aimants Disque magn\u00e9tique adh\u00e9sif 15 \u00d7 1 mm N\u00e9odyme N48 - lot de 30 - Magnetenspecialist.nl","description":"Vous cherchez un Sp\u00e9cialiste des aimants Disque magn\u00e9tique adh\u00e9sif 15 \u00d7 1 mm N\u00e9odyme N48 - lot de 30? Les aimants peuvent \u00eatre achet\u00e9s facilement en ligne sur Magnetenspecialist.nl \u2713 1 jour ouvrable de d\u00e9lai de livraison \u2713 14 jours de d\u00e9lai de r\u00e9flexion \u2713 Exp\u00e9dition ou enl\u00e8vement *.","robots":{"index":"index","follow":"follow","max-snippet":"max-snippet:-1","max-image-preview":"max-image-preview:large","max-video-preview":"max-video-preview:-1"},"canonical":"https:\/\/www.magnetenspecialist.nl\/fr\/magasin\/jeu-daimants-en-neodyme\/specialiste-des-aimants-disque-magnetique-adhesif-15-x-1-mm-neodyme-n48-lot-de-30\/","og_locale":"fr_FR","og_type":"article","og_title":"Sp\u00e9cialiste des aimants Disque magn\u00e9tique adh\u00e9sif 15 \u00d7 1 mm N\u00e9odyme N48 - lot de 30","og_description":"Vous cherchez un Sp\u00e9cialiste des aimants Disque magn\u00e9tique adh\u00e9sif 15 \u00d7 1 mm N\u00e9odyme N48 - lot de 30? Les aimants peuvent \u00eatre achet\u00e9s facilement en ligne sur Magnetenspecialist.nl \u2713 1 jour ouvrable de d\u00e9lai de livraison \u2713 14 jours de d\u00e9lai de r\u00e9flexion \u2713 Exp\u00e9dition ou enl\u00e8vement *.","og_url":"https:\/\/www.magnetenspecialist.nl\/fr\/magasin\/jeu-daimants-en-neodyme\/specialiste-des-aimants-disque-magnetique-adhesif-15-x-1-mm-neodyme-n48-lot-de-30\/","og_site_name":"Magnetenspecialist.nl","article_publisher":"https:\/\/www.facebook.com\/Magnetenspecialist.nl","twitter_card":"summary_large_image","twitter_site":"@magnetenspecial","twitter_misc":{"Prix":"","Disponibilit\u00e9":"En stock"},"schema":{"@context":"https:\/\/schema.org","@graph":[{"@type":"WebPage","@id":"https:\/\/www.magnetenspecialist.nl\/fr\/magasin\/jeu-daimants-en-neodyme\/specialiste-des-aimants-disque-magnetique-adhesif-15-x-1-mm-neodyme-n48-lot-de-30\/","url":"https:\/\/www.magnetenspecialist.nl\/fr\/magasin\/jeu-daimants-en-neodyme\/specialiste-des-aimants-disque-magnetique-adhesif-15-x-1-mm-neodyme-n48-lot-de-30\/","name":"Sp\u00e9cialiste des aimants Disque magn\u00e9tique adh\u00e9sif 15 \u00d7 1 mm N\u00e9odyme N48 - lot de 30 - Magnetenspecialist.nl","isPartOf":{"@id":"https:\/\/www.magnetenspecialist.nl\/fr\/#website"},"primaryImageOfPage":{"@id":"https:\/\/www.magnetenspecialist.nl\/fr\/magasin\/jeu-daimants-en-neodyme\/specialiste-des-aimants-disque-magnetique-adhesif-15-x-1-mm-neodyme-n48-lot-de-30\/#primaryimage"},"image":{"@id":"https:\/\/www.magnetenspecialist.nl\/fr\/magasin\/jeu-daimants-en-neodyme\/specialiste-des-aimants-disque-magnetique-adhesif-15-x-1-mm-neodyme-n48-lot-de-30\/#primaryimage"},"thumbnailUrl":"https:\/\/www.magnetenspecialist.nl\/wp-content\/uploads\/2020\/11\/Magnetenspecialist.nl_Schijfmagneet-15-x-10-mm-Zelfklevend_2.jpg","datePublished":"2025-06-03T14:47:31+00:00","description":"Vous cherchez un Sp\u00e9cialiste des aimants Disque magn\u00e9tique adh\u00e9sif 15 \u00d7 1 mm N\u00e9odyme N48 - lot de 30? Les aimants peuvent \u00eatre achet\u00e9s facilement en ligne sur Magnetenspecialist.nl \u2713 1 jour ouvrable de d\u00e9lai de livraison \u2713 14 jours de d\u00e9lai de r\u00e9flexion \u2713 Exp\u00e9dition ou enl\u00e8vement *.","breadcrumb":{"@id":"https:\/\/www.magnetenspecialist.nl\/fr\/magasin\/jeu-daimants-en-neodyme\/specialiste-des-aimants-disque-magnetique-adhesif-15-x-1-mm-neodyme-n48-lot-de-30\/#breadcrumb"},"inLanguage":"fr-FR","potentialAction":[{"@type":"ReadAction","target":["https:\/\/www.magnetenspecialist.nl\/fr\/magasin\/jeu-daimants-en-neodyme\/specialiste-des-aimants-disque-magnetique-adhesif-15-x-1-mm-neodyme-n48-lot-de-30\/"]}]},{"@type":"ImageObject","inLanguage":"fr-FR","@id":"https:\/\/www.magnetenspecialist.nl\/fr\/magasin\/jeu-daimants-en-neodyme\/specialiste-des-aimants-disque-magnetique-adhesif-15-x-1-mm-neodyme-n48-lot-de-30\/#primaryimage","url":"https:\/\/www.magnetenspecialist.nl\/wp-content\/uploads\/2020\/11\/Magnetenspecialist.nl_Schijfmagneet-15-x-10-mm-Zelfklevend_2.jpg","contentUrl":"https:\/\/www.magnetenspecialist.nl\/wp-content\/uploads\/2020\/11\/Magnetenspecialist.nl_Schijfmagneet-15-x-10-mm-Zelfklevend_2.jpg","width":1500,"height":1500},{"@type":"BreadcrumbList","@id":"https:\/\/www.magnetenspecialist.nl\/fr\/magasin\/jeu-daimants-en-neodyme\/specialiste-des-aimants-disque-magnetique-adhesif-15-x-1-mm-neodyme-n48-lot-de-30\/#breadcrumb","itemListElement":[{"@type":"ListItem","position":1,"name":"Accueil","item":"https:\/\/www.magnetenspecialist.nl\/fr\/accueil\/"},{"@type":"ListItem","position":2,"name":"Boutique","item":"https:\/\/www.magnetenspecialist.nl\/fr\/boutique\/"},{"@type":"ListItem","position":3,"name":"Priv\u00e9: Sp\u00e9cialiste des aimants Disque magn\u00e9tique adh\u00e9sif 15 \u00d7 1 mm N\u00e9odyme N48 &#8211; lot de 30"}]},{"@type":"WebSite","@id":"https:\/\/www.magnetenspecialist.nl\/fr\/#website","url":"https:\/\/www.magnetenspecialist.nl\/fr\/","name":"Magnetenspecialist.nl","description":"Vaste gamme d'aimants en n\u00e9odyme","publisher":{"@id":"https:\/\/www.magnetenspecialist.nl\/fr\/#organization"},"potentialAction":[{"@type":"SearchAction","target":{"@type":"EntryPoint","urlTemplate":"https:\/\/www.magnetenspecialist.nl\/fr\/?s={search_term_string}"},"query-input":{"@type":"PropertyValueSpecification","valueRequired":true,"valueName":"search_term_string"}}],"inLanguage":"fr-FR"},{"@type":"Organization","@id":"https:\/\/www.magnetenspecialist.nl\/fr\/#organization","name":"Magnetenspecialist.nl","url":"https:\/\/www.magnetenspecialist.nl\/fr\/","logo":{"@type":"ImageObject","inLanguage":"fr-FR","@id":"https:\/\/www.magnetenspecialist.nl\/fr\/#\/schema\/logo\/image\/","url":"https:\/\/www.magnetenspecialist.nl\/wp-content\/uploads\/2018\/10\/magneten-logo.jpg","contentUrl":"https:\/\/www.magnetenspecialist.nl\/wp-content\/uploads\/2018\/10\/magneten-logo.jpg","width":151,"height":151,"caption":"Magnetenspecialist.nl"},"image":{"@id":"https:\/\/www.magnetenspecialist.nl\/fr\/#\/schema\/logo\/image\/"},"sameAs":["https:\/\/www.facebook.com\/Magnetenspecialist.nl","https:\/\/x.com\/magnetenspecial"]}]},"product_price_currency":"EUR","og_availability":"instock","product_availability":"instock","product_retailer_item_id":"SC015x001-N-Z-30","product_condition":"new"},"_links":{"self":[{"href":"https:\/\/www.magnetenspecialist.nl\/fr\/wp-json\/wp\/v2\/product\/139213","targetHints":{"allow":["GET"]}}],"collection":[{"href":"https:\/\/www.magnetenspecialist.nl\/fr\/wp-json\/wp\/v2\/product"}],"about":[{"href":"https:\/\/www.magnetenspecialist.nl\/fr\/wp-json\/wp\/v2\/types\/product"}],"wp:featuredmedia":[{"embeddable":true,"href":"https:\/\/www.magnetenspecialist.nl\/fr\/wp-json\/wp\/v2\/media\/113462"}],"wp:attachment":[{"href":"https:\/\/www.magnetenspecialist.nl\/fr\/wp-json\/wp\/v2\/media?parent=139213"}],"wp:term":[{"taxonomy":"product_brand","embeddable":true,"href":"https:\/\/www.magnetenspecialist.nl\/fr\/wp-json\/wp\/v2\/product_brand?post=139213"},{"taxonomy":"product_cat","embeddable":true,"href":"https:\/\/www.magnetenspecialist.nl\/fr\/wp-json\/wp\/v2\/product_cat?post=139213"},{"taxonomy":"product_tag","embeddable":true,"href":"https:\/\/www.magnetenspecialist.nl\/fr\/wp-json\/wp\/v2\/product_tag?post=139213"}],"curies":[{"name":"wp","href":"https:\/\/api.w.org\/{rel}","templated":true}]}}