{"id":142172,"date":"2025-08-12T15:28:49","date_gmt":"2025-08-12T13:28:49","guid":{"rendered":"https:\/\/www.magnetenspecialist.nl\/winkel\/non class\u00e9\/neodymium-blokmagneet-80x20x2-mm-n40-epoxy-gecoat\/"},"modified":"2025-08-12T15:28:49","modified_gmt":"2025-08-12T13:28:49","slug":"neodymium-blokmagneet-80x20x2-mm-n40-epoxy-gecoat","status":"publish","type":"product","link":"https:\/\/www.magnetenspecialist.nl\/fr\/magasin\/parallelepipedes-magnetiques\/neodymium-blokmagneet-80x20x2-mm-n40-epoxy-gecoat\/","title":{"rendered":"Neodymium Blokmagneet 80x20x2 mm \u2013 N40 Epoxy Gecoat"},"content":{"rendered":"<p data-start=\"207\" data-end=\"542\">Bloc magn\u00e9tique n\u00e9odyme ultra-mince de 80 x 20 x 2 mm, qualit\u00e9 N35, avec rev\u00eatement \u00e9poxy noir durable. L\u00e9ger et discret, mais \u00e9tonnamment puissant. Id\u00e9al pour les applications o\u00f9 une \u00e9paisseur minimale est souhait\u00e9e sans compromettre la force magn\u00e9tique.  <\/p>\n<p data-start=\"544\" data-end=\"874\"><strong data-start=\"544\" data-end=\"573\">Description d\u00e9taill\u00e9e :<\/strong><br data-start=\"573\" data-end=\"576\">Cet <strong data-start=\"581\" data-end=\"621\">aimant bloc en n\u00e9odyme de 80 x 20 x 2 mm<\/strong> est un aimant puissant dans un format extr\u00eamement plat. Fabriqu\u00e9 en n\u00e9odyme N35 (NdFeB) de haute qualit\u00e9 et rev\u00eatu d&#8217;<strong data-start=\"749\" data-end=\"766\">\u00e9poxy<\/strong> noir, il combine de fortes propri\u00e9t\u00e9s magn\u00e9tiques avec une protection suppl\u00e9mentaire contre l&#8217;humidit\u00e9, la corrosion et l&#8217;usure. <\/p>\n<p data-start=\"876\" data-end=\"1078\">Gr\u00e2ce \u00e0 sa faible \u00e9paisseur de seulement 2 mm, il convient parfaitement aux applications o\u00f9 chaque millim\u00e8tre compte, telles que le mobilier, les pr\u00e9sentoirs, les prototypes techniques ou les syst\u00e8mes de fixation cach\u00e9s.<\/p>\n<p data-start=\"1080\" data-end=\"1100\"><strong data-start=\"1080\" data-end=\"1098\">Caract\u00e9ristiques :<\/strong><\/p>\n<ul data-start=\"1101\" data-end=\"1373\">\n<li data-start=\"1101\" data-end=\"1126\">\n<p data-start=\"1103\" data-end=\"1126\"><strong data-start=\"1103\" data-end=\"1112\">Type :<\/strong> Bloc magn\u00e9tique<\/p>\n<\/li>\n<li data-start=\"1127\" data-end=\"1163\">\n<p data-start=\"1129\" data-end=\"1163\"><strong data-start=\"1129\" data-end=\"1143\">Mat\u00e9riau :<\/strong> N\u00e9odyme (NdFeB)<\/p>\n<\/li>\n<li data-start=\"1164\" data-end=\"1198\">\n<p data-start=\"1166\" data-end=\"1198\"><strong data-start=\"1166\" data-end=\"1181\">Dimensions :<\/strong> 80 x 20 x 2 mm<\/p>\n<\/li>\n<li data-start=\"1199\" data-end=\"1233\">\n<p data-start=\"1201\" data-end=\"1233\"><strong data-start=\"1201\" data-end=\"1227\">Qualit\u00e9 magn\u00e9tique :<\/strong> N35<\/p>\n<\/li>\n<li data-start=\"1234\" data-end=\"1295\">\n<p data-start=\"1236\" data-end=\"1295\"><strong data-start=\"1236\" data-end=\"1248\">Rev\u00eatement :<\/strong> rev\u00eatement \u00e9poxy noir pour une plus grande durabilit\u00e9<\/p>\n<\/li>\n<li data-start=\"1296\" data-end=\"1342\">\n<p data-start=\"1298\" data-end=\"1342\"><strong data-start=\"1298\" data-end=\"1331\">Temp\u00e9rature maximale de fonctionnement :<\/strong> environ 80\u00b0C<\/p>\n<\/li>\n<li data-start=\"1343\" data-end=\"1373\">\n<p data-start=\"1345\" data-end=\"1373\"><strong data-start=\"1345\" data-end=\"1354\">Forme :<\/strong> Bloc rectangulaire<\/p>\n<\/li>\n<\/ul>\n<p data-start=\"1375\" data-end=\"1409\"><strong data-start=\"1375\" data-end=\"1407\">Avantages du rev\u00eatement \u00e9poxy :<\/strong><\/p>\n<ul data-start=\"1410\" data-end=\"1577\">\n<li data-start=\"1410\" data-end=\"1461\">\n<p data-start=\"1412\" data-end=\"1461\">Excellente protection contre l&#8217;humidit\u00e9 et la corrosion<\/p>\n<\/li>\n<li data-start=\"1462\" data-end=\"1525\">\n<p data-start=\"1464\" data-end=\"1525\">Finition noire \u00e9l\u00e9gante &#8211; discr\u00e8te dans les applications visibles<\/p>\n<\/li>\n<li data-start=\"1526\" data-end=\"1577\">\n<p data-start=\"1528\" data-end=\"1577\">R\u00e9sistance accrue \u00e0 l&#8217;usure des surfaces de contact<\/p>\n<\/li>\n<\/ul>\n<p data-start=\"1579\" data-end=\"1598\"><strong data-start=\"1579\" data-end=\"1596\">Applications :<\/strong><\/p>\n<ul data-start=\"1599\" data-end=\"1783\">\n<li data-start=\"1599\" data-end=\"1654\">\n<p data-start=\"1601\" data-end=\"1654\">Fixations dissimul\u00e9es dans le mobilier et la d\u00e9coration d&#8217;int\u00e9rieur<\/p>\n<\/li>\n<li data-start=\"1655\" data-end=\"1694\">\n<p data-start=\"1657\" data-end=\"1694\">Syst\u00e8mes magn\u00e9tiques dans les espaces confin\u00e9s<\/p>\n<\/li>\n<li data-start=\"1695\" data-end=\"1746\">\n<p data-start=\"1697\" data-end=\"1746\">Solutions de montage et de fixation pour l&#8217;industrie<\/p>\n<\/li>\n<li data-start=\"1747\" data-end=\"1783\">\n<p data-start=\"1749\" data-end=\"1783\">Mod\u00e9lisation et d\u00e9veloppement de produits<\/p>\n<\/li>\n<\/ul>\n<p data-start=\"1785\" data-end=\"1815\"><strong data-start=\"1785\" data-end=\"1813\">Avertissement de s\u00e9curit\u00e9 :<\/strong><\/p>\n<ul data-start=\"1816\" data-end=\"1961\">\n<li data-start=\"1816\" data-end=\"1899\">\n<p data-start=\"1818\" data-end=\"1899\">Tenir hors de port\u00e9e des enfants &#8211; les aimants puissants peuvent constituer un danger.<\/p>\n<\/li>\n<li data-start=\"1900\" data-end=\"1961\">\n<p data-start=\"1902\" data-end=\"1961\">Ne pas utiliser \u00e0 proximit\u00e9 d&#8217;appareils \u00e9lectroniques ou de stimulateurs cardiaques.<\/p>\n<\/li>\n<\/ul>\n","protected":false},"excerpt":{"rendered":"<p>Bloc magn\u00e9tique n\u00e9odyme ultra-mince de 80 x 20 x 2 mm, qualit\u00e9 N35, avec rev\u00eatement \u00e9poxy noir durable. L\u00e9ger et discret, mais \u00e9tonnamment puissant. Id\u00e9al pour les applications o\u00f9 une \u00e9paisseur minimale est souhait\u00e9e sans compromettre la force magn\u00e9tique. Description d\u00e9taill\u00e9e :Cet aimant bloc en n\u00e9odyme de 80 x 20 x 2 mm est un [&hellip;]<\/p>\n","protected":false},"featured_media":144347,"template":"","meta":{"_acf_changed":false},"product_brand":[3521],"product_cat":[1376],"product_tag":[3158],"class_list":{"0":"post-142172","1":"product","2":"type-product","3":"status-publish","4":"has-post-thumbnail","6":"product_brand-magnetenspecialist","7":"product_cat-parallelepipedes-magnetiques","8":"product_tag-groep-3-fr","10":"first","11":"instock","12":"taxable","13":"shipping-taxable","14":"purchasable","15":"product-type-simple"},"supplier_id":null,"supplier_sku":"","barcode":null,"atum_controlled":true,"out_stock_date":null,"out_stock_threshold":null,"inheritable":false,"inbound_stock":0,"stock_on_hold":0,"sold_today":0,"sales_last_days":16,"reserved_stock":0,"customer_returns":0,"warehouse_damage":0,"lost_in_post":0,"other_logs":0,"out_stock_days":0,"lost_sales":0,"has_location":false,"update_date":"2026-04-14T08:29:26","atum_locations":[],"atum_stock_status":"instock","restock_status":false,"low_stock_amount":"","sales_update_date":"2026-04-14T08:29:25","calc_backorders":null,"acf":[],"yoast_head":"<!-- This site is optimized with the Yoast SEO Premium plugin v24.7 (Yoast SEO v24.7) - https:\/\/yoast.com\/wordpress\/plugins\/seo\/ -->\n<title>Neodymium Blokmagneet 80x20x2 mm \u2013 N40 Epoxy Gecoat - Magnetenspecialist.nl<\/title>\n<meta name=\"description\" content=\"Vous cherchez un Neodymium Blokmagneet 80x20x2 mm \u2013 N40 Epoxy Gecoat? Les aimants peuvent \u00eatre achet\u00e9s facilement en ligne sur Magnetenspecialist.nl \u2713 1 jour ouvrable de d\u00e9lai de livraison \u2713 14 jours de d\u00e9lai de r\u00e9flexion \u2713 Exp\u00e9dition ou enl\u00e8vement *.\" \/>\n<meta name=\"robots\" content=\"index, follow, max-snippet:-1, max-image-preview:large, max-video-preview:-1\" \/>\n<link rel=\"canonical\" href=\"https:\/\/www.magnetenspecialist.nl\/fr\/magasin\/parallelepipedes-magnetiques\/neodymium-blokmagneet-80x20x2-mm-n40-epoxy-gecoat\/\" \/>\n<meta property=\"og:locale\" content=\"fr_FR\" \/>\n<meta property=\"og:type\" content=\"article\" \/>\n<meta property=\"og:title\" content=\"Neodymium Blokmagneet 80x20x2 mm \u2013 N40 Epoxy Gecoat\" \/>\n<meta property=\"og:description\" content=\"Vous cherchez un Neodymium Blokmagneet 80x20x2 mm \u2013 N40 Epoxy Gecoat? Les aimants peuvent \u00eatre achet\u00e9s facilement en ligne sur Magnetenspecialist.nl \u2713 1 jour ouvrable de d\u00e9lai de livraison \u2713 14 jours de d\u00e9lai de r\u00e9flexion \u2713 Exp\u00e9dition ou enl\u00e8vement *.\" \/>\n<meta property=\"og:url\" content=\"https:\/\/www.magnetenspecialist.nl\/fr\/magasin\/parallelepipedes-magnetiques\/neodymium-blokmagneet-80x20x2-mm-n40-epoxy-gecoat\/\" \/>\n<meta property=\"og:site_name\" content=\"Magnetenspecialist.nl\" \/>\n<meta property=\"article:publisher\" content=\"https:\/\/www.facebook.com\/Magnetenspecialist.nl\" \/>\n<meta name=\"twitter:card\" content=\"summary_large_image\" \/>\n<meta name=\"twitter:site\" content=\"@magnetenspecial\" \/>\n<meta name=\"twitter:label1\" content=\"Prix\" \/>\n\t<meta name=\"twitter:data1\" content=\"&euro;&nbsp;5,43\" \/>\n\t<meta name=\"twitter:label2\" content=\"Disponibilit\u00e9\" \/>\n\t<meta name=\"twitter:data2\" content=\"En stock\" \/>\n<script type=\"application\/ld+json\" class=\"yoast-schema-graph\">{\"@context\":\"https:\/\/schema.org\",\"@graph\":[{\"@type\":\"WebPage\",\"@id\":\"https:\/\/www.magnetenspecialist.nl\/fr\/magasin\/parallelepipedes-magnetiques\/neodymium-blokmagneet-80x20x2-mm-n40-epoxy-gecoat\/\",\"url\":\"https:\/\/www.magnetenspecialist.nl\/fr\/magasin\/parallelepipedes-magnetiques\/neodymium-blokmagneet-80x20x2-mm-n40-epoxy-gecoat\/\",\"name\":\"Neodymium Blokmagneet 80x20x2 mm \u2013 N40 Epoxy Gecoat - Magnetenspecialist.nl\",\"isPartOf\":{\"@id\":\"https:\/\/www.magnetenspecialist.nl\/fr\/#website\"},\"primaryImageOfPage\":{\"@id\":\"https:\/\/www.magnetenspecialist.nl\/fr\/magasin\/parallelepipedes-magnetiques\/neodymium-blokmagneet-80x20x2-mm-n40-epoxy-gecoat\/#primaryimage\"},\"image\":{\"@id\":\"https:\/\/www.magnetenspecialist.nl\/fr\/magasin\/parallelepipedes-magnetiques\/neodymium-blokmagneet-80x20x2-mm-n40-epoxy-gecoat\/#primaryimage\"},\"thumbnailUrl\":\"https:\/\/www.magnetenspecialist.nl\/wp-content\/uploads\/2025\/08\/Magnetenspecialist.nl_Blokmagneet-80-x-20-x-39-mm-epoxy_1-1.jpg\",\"datePublished\":\"2025-08-12T13:28:49+00:00\",\"description\":\"Vous cherchez un Neodymium Blokmagneet 80x20x2 mm \u2013 N40 Epoxy Gecoat? Les aimants peuvent \u00eatre achet\u00e9s facilement en ligne sur Magnetenspecialist.nl \u2713 1 jour ouvrable de d\u00e9lai de livraison \u2713 14 jours de d\u00e9lai de r\u00e9flexion \u2713 Exp\u00e9dition ou enl\u00e8vement *.\",\"breadcrumb\":{\"@id\":\"https:\/\/www.magnetenspecialist.nl\/fr\/magasin\/parallelepipedes-magnetiques\/neodymium-blokmagneet-80x20x2-mm-n40-epoxy-gecoat\/#breadcrumb\"},\"inLanguage\":\"fr-FR\",\"potentialAction\":[{\"@type\":\"ReadAction\",\"target\":[\"https:\/\/www.magnetenspecialist.nl\/fr\/magasin\/parallelepipedes-magnetiques\/neodymium-blokmagneet-80x20x2-mm-n40-epoxy-gecoat\/\"]}]},{\"@type\":\"ImageObject\",\"inLanguage\":\"fr-FR\",\"@id\":\"https:\/\/www.magnetenspecialist.nl\/fr\/magasin\/parallelepipedes-magnetiques\/neodymium-blokmagneet-80x20x2-mm-n40-epoxy-gecoat\/#primaryimage\",\"url\":\"https:\/\/www.magnetenspecialist.nl\/wp-content\/uploads\/2025\/08\/Magnetenspecialist.nl_Blokmagneet-80-x-20-x-39-mm-epoxy_1-1.jpg\",\"contentUrl\":\"https:\/\/www.magnetenspecialist.nl\/wp-content\/uploads\/2025\/08\/Magnetenspecialist.nl_Blokmagneet-80-x-20-x-39-mm-epoxy_1-1.jpg\",\"width\":1500,\"height\":1500},{\"@type\":\"BreadcrumbList\",\"@id\":\"https:\/\/www.magnetenspecialist.nl\/fr\/magasin\/parallelepipedes-magnetiques\/neodymium-blokmagneet-80x20x2-mm-n40-epoxy-gecoat\/#breadcrumb\",\"itemListElement\":[{\"@type\":\"ListItem\",\"position\":1,\"name\":\"Accueil\",\"item\":\"https:\/\/www.magnetenspecialist.nl\/fr\/accueil\/\"},{\"@type\":\"ListItem\",\"position\":2,\"name\":\"Boutique\",\"item\":\"https:\/\/www.magnetenspecialist.nl\/fr\/boutique\/\"},{\"@type\":\"ListItem\",\"position\":3,\"name\":\"Neodymium Blokmagneet 80x20x2 mm \u2013 N40 Epoxy Gecoat\"}]},{\"@type\":\"WebSite\",\"@id\":\"https:\/\/www.magnetenspecialist.nl\/fr\/#website\",\"url\":\"https:\/\/www.magnetenspecialist.nl\/fr\/\",\"name\":\"Magnetenspecialist.nl\",\"description\":\"Vaste gamme d'aimants en n\u00e9odyme\",\"publisher\":{\"@id\":\"https:\/\/www.magnetenspecialist.nl\/fr\/#organization\"},\"potentialAction\":[{\"@type\":\"SearchAction\",\"target\":{\"@type\":\"EntryPoint\",\"urlTemplate\":\"https:\/\/www.magnetenspecialist.nl\/fr\/?s={search_term_string}\"},\"query-input\":{\"@type\":\"PropertyValueSpecification\",\"valueRequired\":true,\"valueName\":\"search_term_string\"}}],\"inLanguage\":\"fr-FR\"},{\"@type\":\"Organization\",\"@id\":\"https:\/\/www.magnetenspecialist.nl\/fr\/#organization\",\"name\":\"Magnetenspecialist.nl\",\"url\":\"https:\/\/www.magnetenspecialist.nl\/fr\/\",\"logo\":{\"@type\":\"ImageObject\",\"inLanguage\":\"fr-FR\",\"@id\":\"https:\/\/www.magnetenspecialist.nl\/fr\/#\/schema\/logo\/image\/\",\"url\":\"https:\/\/www.magnetenspecialist.nl\/wp-content\/uploads\/2018\/10\/magneten-logo.jpg\",\"contentUrl\":\"https:\/\/www.magnetenspecialist.nl\/wp-content\/uploads\/2018\/10\/magneten-logo.jpg\",\"width\":151,\"height\":151,\"caption\":\"Magnetenspecialist.nl\"},\"image\":{\"@id\":\"https:\/\/www.magnetenspecialist.nl\/fr\/#\/schema\/logo\/image\/\"},\"sameAs\":[\"https:\/\/www.facebook.com\/Magnetenspecialist.nl\",\"https:\/\/x.com\/magnetenspecial\"]}]}<\/script>\n<meta property=\"product:price:amount\" content=\"5.43\" \/>\n<meta property=\"product:price:currency\" content=\"EUR\" \/>\n<meta property=\"og:availability\" content=\"instock\" \/>\n<meta property=\"product:availability\" content=\"instock\" \/>\n<meta property=\"product:retailer_item_id\" content=\"bl080x020x002-N-E\" \/>\n<meta property=\"product:condition\" content=\"new\" \/>\n<!-- \/ Yoast SEO Premium plugin. -->","yoast_head_json":{"title":"Neodymium Blokmagneet 80x20x2 mm \u2013 N40 Epoxy Gecoat - Magnetenspecialist.nl","description":"Vous cherchez un Neodymium Blokmagneet 80x20x2 mm \u2013 N40 Epoxy Gecoat? Les aimants peuvent \u00eatre achet\u00e9s facilement en ligne sur Magnetenspecialist.nl \u2713 1 jour ouvrable de d\u00e9lai de livraison \u2713 14 jours de d\u00e9lai de r\u00e9flexion \u2713 Exp\u00e9dition ou enl\u00e8vement *.","robots":{"index":"index","follow":"follow","max-snippet":"max-snippet:-1","max-image-preview":"max-image-preview:large","max-video-preview":"max-video-preview:-1"},"canonical":"https:\/\/www.magnetenspecialist.nl\/fr\/magasin\/parallelepipedes-magnetiques\/neodymium-blokmagneet-80x20x2-mm-n40-epoxy-gecoat\/","og_locale":"fr_FR","og_type":"article","og_title":"Neodymium Blokmagneet 80x20x2 mm \u2013 N40 Epoxy Gecoat","og_description":"Vous cherchez un Neodymium Blokmagneet 80x20x2 mm \u2013 N40 Epoxy Gecoat? Les aimants peuvent \u00eatre achet\u00e9s facilement en ligne sur Magnetenspecialist.nl \u2713 1 jour ouvrable de d\u00e9lai de livraison \u2713 14 jours de d\u00e9lai de r\u00e9flexion \u2713 Exp\u00e9dition ou enl\u00e8vement *.","og_url":"https:\/\/www.magnetenspecialist.nl\/fr\/magasin\/parallelepipedes-magnetiques\/neodymium-blokmagneet-80x20x2-mm-n40-epoxy-gecoat\/","og_site_name":"Magnetenspecialist.nl","article_publisher":"https:\/\/www.facebook.com\/Magnetenspecialist.nl","twitter_card":"summary_large_image","twitter_site":"@magnetenspecial","twitter_misc":{"Prix":"&euro;&nbsp;5,43","Disponibilit\u00e9":"En stock"},"schema":{"@context":"https:\/\/schema.org","@graph":[{"@type":"WebPage","@id":"https:\/\/www.magnetenspecialist.nl\/fr\/magasin\/parallelepipedes-magnetiques\/neodymium-blokmagneet-80x20x2-mm-n40-epoxy-gecoat\/","url":"https:\/\/www.magnetenspecialist.nl\/fr\/magasin\/parallelepipedes-magnetiques\/neodymium-blokmagneet-80x20x2-mm-n40-epoxy-gecoat\/","name":"Neodymium Blokmagneet 80x20x2 mm \u2013 N40 Epoxy Gecoat - Magnetenspecialist.nl","isPartOf":{"@id":"https:\/\/www.magnetenspecialist.nl\/fr\/#website"},"primaryImageOfPage":{"@id":"https:\/\/www.magnetenspecialist.nl\/fr\/magasin\/parallelepipedes-magnetiques\/neodymium-blokmagneet-80x20x2-mm-n40-epoxy-gecoat\/#primaryimage"},"image":{"@id":"https:\/\/www.magnetenspecialist.nl\/fr\/magasin\/parallelepipedes-magnetiques\/neodymium-blokmagneet-80x20x2-mm-n40-epoxy-gecoat\/#primaryimage"},"thumbnailUrl":"https:\/\/www.magnetenspecialist.nl\/wp-content\/uploads\/2025\/08\/Magnetenspecialist.nl_Blokmagneet-80-x-20-x-39-mm-epoxy_1-1.jpg","datePublished":"2025-08-12T13:28:49+00:00","description":"Vous cherchez un Neodymium Blokmagneet 80x20x2 mm \u2013 N40 Epoxy Gecoat? Les aimants peuvent \u00eatre achet\u00e9s facilement en ligne sur Magnetenspecialist.nl \u2713 1 jour ouvrable de d\u00e9lai de livraison \u2713 14 jours de d\u00e9lai de r\u00e9flexion \u2713 Exp\u00e9dition ou enl\u00e8vement *.","breadcrumb":{"@id":"https:\/\/www.magnetenspecialist.nl\/fr\/magasin\/parallelepipedes-magnetiques\/neodymium-blokmagneet-80x20x2-mm-n40-epoxy-gecoat\/#breadcrumb"},"inLanguage":"fr-FR","potentialAction":[{"@type":"ReadAction","target":["https:\/\/www.magnetenspecialist.nl\/fr\/magasin\/parallelepipedes-magnetiques\/neodymium-blokmagneet-80x20x2-mm-n40-epoxy-gecoat\/"]}]},{"@type":"ImageObject","inLanguage":"fr-FR","@id":"https:\/\/www.magnetenspecialist.nl\/fr\/magasin\/parallelepipedes-magnetiques\/neodymium-blokmagneet-80x20x2-mm-n40-epoxy-gecoat\/#primaryimage","url":"https:\/\/www.magnetenspecialist.nl\/wp-content\/uploads\/2025\/08\/Magnetenspecialist.nl_Blokmagneet-80-x-20-x-39-mm-epoxy_1-1.jpg","contentUrl":"https:\/\/www.magnetenspecialist.nl\/wp-content\/uploads\/2025\/08\/Magnetenspecialist.nl_Blokmagneet-80-x-20-x-39-mm-epoxy_1-1.jpg","width":1500,"height":1500},{"@type":"BreadcrumbList","@id":"https:\/\/www.magnetenspecialist.nl\/fr\/magasin\/parallelepipedes-magnetiques\/neodymium-blokmagneet-80x20x2-mm-n40-epoxy-gecoat\/#breadcrumb","itemListElement":[{"@type":"ListItem","position":1,"name":"Accueil","item":"https:\/\/www.magnetenspecialist.nl\/fr\/accueil\/"},{"@type":"ListItem","position":2,"name":"Boutique","item":"https:\/\/www.magnetenspecialist.nl\/fr\/boutique\/"},{"@type":"ListItem","position":3,"name":"Neodymium Blokmagneet 80x20x2 mm \u2013 N40 Epoxy Gecoat"}]},{"@type":"WebSite","@id":"https:\/\/www.magnetenspecialist.nl\/fr\/#website","url":"https:\/\/www.magnetenspecialist.nl\/fr\/","name":"Magnetenspecialist.nl","description":"Vaste gamme d'aimants en n\u00e9odyme","publisher":{"@id":"https:\/\/www.magnetenspecialist.nl\/fr\/#organization"},"potentialAction":[{"@type":"SearchAction","target":{"@type":"EntryPoint","urlTemplate":"https:\/\/www.magnetenspecialist.nl\/fr\/?s={search_term_string}"},"query-input":{"@type":"PropertyValueSpecification","valueRequired":true,"valueName":"search_term_string"}}],"inLanguage":"fr-FR"},{"@type":"Organization","@id":"https:\/\/www.magnetenspecialist.nl\/fr\/#organization","name":"Magnetenspecialist.nl","url":"https:\/\/www.magnetenspecialist.nl\/fr\/","logo":{"@type":"ImageObject","inLanguage":"fr-FR","@id":"https:\/\/www.magnetenspecialist.nl\/fr\/#\/schema\/logo\/image\/","url":"https:\/\/www.magnetenspecialist.nl\/wp-content\/uploads\/2018\/10\/magneten-logo.jpg","contentUrl":"https:\/\/www.magnetenspecialist.nl\/wp-content\/uploads\/2018\/10\/magneten-logo.jpg","width":151,"height":151,"caption":"Magnetenspecialist.nl"},"image":{"@id":"https:\/\/www.magnetenspecialist.nl\/fr\/#\/schema\/logo\/image\/"},"sameAs":["https:\/\/www.facebook.com\/Magnetenspecialist.nl","https:\/\/x.com\/magnetenspecial"]}]},"product_price_amount":"5.43","product_price_currency":"EUR","og_availability":"instock","product_availability":"instock","product_retailer_item_id":"bl080x020x002-N-E","product_condition":"new"},"_links":{"self":[{"href":"https:\/\/www.magnetenspecialist.nl\/fr\/wp-json\/wp\/v2\/product\/142172","targetHints":{"allow":["GET"]}}],"collection":[{"href":"https:\/\/www.magnetenspecialist.nl\/fr\/wp-json\/wp\/v2\/product"}],"about":[{"href":"https:\/\/www.magnetenspecialist.nl\/fr\/wp-json\/wp\/v2\/types\/product"}],"wp:featuredmedia":[{"embeddable":true,"href":"https:\/\/www.magnetenspecialist.nl\/fr\/wp-json\/wp\/v2\/media\/144347"}],"wp:attachment":[{"href":"https:\/\/www.magnetenspecialist.nl\/fr\/wp-json\/wp\/v2\/media?parent=142172"}],"wp:term":[{"taxonomy":"product_brand","embeddable":true,"href":"https:\/\/www.magnetenspecialist.nl\/fr\/wp-json\/wp\/v2\/product_brand?post=142172"},{"taxonomy":"product_cat","embeddable":true,"href":"https:\/\/www.magnetenspecialist.nl\/fr\/wp-json\/wp\/v2\/product_cat?post=142172"},{"taxonomy":"product_tag","embeddable":true,"href":"https:\/\/www.magnetenspecialist.nl\/fr\/wp-json\/wp\/v2\/product_tag?post=142172"}],"curies":[{"name":"wp","href":"https:\/\/api.w.org\/{rel}","templated":true}]}}