{"id":90984,"date":"2019-03-08T11:03:03","date_gmt":"2019-03-08T10:03:03","guid":{"rendered":"https:\/\/www.magnetenspecialist.nl\/winkel\/non%20class\u00e9\/aimant-fer-a-cheval-alnico-80x60x15mm\/"},"modified":"2025-03-18T16:00:10","modified_gmt":"2025-03-18T15:00:10","slug":"aimant-en-fer-a-cheval-alnico-80x60x15mm","status":"publish","type":"product","link":"https:\/\/www.magnetenspecialist.nl\/fr\/magasin\/autres-aimants\/aimant-en-fer-a-cheval-alnico-80x60x15mm\/","title":{"rendered":"Aimant en fer \u00e0 cheval Alnico 80x60x15mm"},"content":{"rendered":"<p>L&#8217;aimant en fer \u00e0 cheval que nous vous proposons est un sp\u00e9cimen unique, avec des dimensions de 80 mm x 60 mm x 15 mm et une finition rouge-vert frappante.<br \/>\nLe p\u00f4le nord se trouve \u00e0 l&#8217;extr\u00e9mit\u00e9 rouge, ce qui conf\u00e8re \u00e0 cet aimant une caract\u00e9ristique particuli\u00e8re.<br \/>\nAvant d&#8217;\u00eatre exp\u00e9di\u00e9, cet aimant en fer \u00e0 cheval est soigneusement emball\u00e9, les p\u00f4les \u00e9tant court-circuit\u00e9s \u00e0 l&#8217;aide d&#8217;un \u00e9trier pour une protection optimale.<br \/>\nContrairement \u00e0 la plupart des aimants propos\u00e9s sur notre site, qui sont en NdFeB (n\u00e9odyme-fer-bore), cet aimant en fer \u00e0 cheval est en AlNiCo (aluminium-nickel-cobalt et fer), un mat\u00e9riau aux propri\u00e9t\u00e9s uniques.<br \/>\nL&#8217;AlNiCo est particuli\u00e8rement adapt\u00e9 aux aimants en fer \u00e0 cheval en raison de sa fragilit\u00e9 r\u00e9duite et de sa remarquable r\u00e9sistance \u00e0 la chaleur jusqu&#8217;\u00e0 environ 450 degr\u00e9s Celsius.<br \/>\nBien que l&#8217;AlNiCo soit environ huit fois plus faible que le NdFeB, il reste consid\u00e9rablement plus fort qu&#8217;un aimant en ferrite, tel qu&#8217;il est utilis\u00e9 pour les aimants de r\u00e9frig\u00e9rateur.<br \/>\nIl est important de noter qu&#8217;un aimant NdFeB en forme de fer \u00e0 cheval serait trop fragile et n&#8217;est donc pas produit de cette mani\u00e8re.      <\/p>\n","protected":false},"excerpt":{"rendered":"<p>L&#8217;aimant en fer \u00e0 cheval que nous vous proposons est un sp\u00e9cimen unique, avec des dimensions de 80 mm x 60 mm x 15 mm et une finition rouge-vert frappante. Le p\u00f4le nord se trouve \u00e0 l&#8217;extr\u00e9mit\u00e9 rouge, ce qui conf\u00e8re \u00e0 cet aimant une caract\u00e9ristique particuli\u00e8re. Avant d&#8217;\u00eatre exp\u00e9di\u00e9, cet aimant en fer \u00e0 [&hellip;]<\/p>\n","protected":false},"featured_media":113877,"template":"","meta":{"_acf_changed":false},"product_brand":[3521],"product_cat":[1391],"product_tag":[3158],"class_list":{"0":"post-90984","1":"product","2":"type-product","3":"status-publish","4":"has-post-thumbnail","6":"product_brand-magnetenspecialist","7":"product_cat-autres-aimants","8":"product_tag-groep-3-fr","9":"pa_magnetiseringsrichting-axiaal-fr","10":"pa_materiaal-ainnico-5-fr","11":"pa_maximale-gebruikstemperatuur-400-fr","12":"pa_model-autres-aimants","14":"first","15":"outofstock","16":"featured","17":"taxable","18":"shipping-taxable","19":"purchasable","20":"product-type-simple"},"supplier_id":null,"supplier_sku":"","barcode":null,"atum_controlled":true,"out_stock_date":"2025-11-18 12:01:05","out_stock_threshold":null,"inheritable":false,"inbound_stock":0,"stock_on_hold":0,"sold_today":0,"sales_last_days":0,"reserved_stock":0,"customer_returns":0,"warehouse_damage":0,"lost_in_post":0,"other_logs":0,"out_stock_days":135,"lost_sales":1272,"has_location":false,"update_date":"2026-04-21T09:53:16","atum_locations":[],"atum_stock_status":"outofstock","restock_status":false,"low_stock_amount":10,"sales_update_date":"2026-04-03T08:06:22","calc_backorders":null,"acf":[],"yoast_head":"<!-- This site is optimized with the Yoast SEO Premium plugin v24.7 (Yoast SEO v24.7) - https:\/\/yoast.com\/wordpress\/plugins\/seo\/ -->\n<title>Aimant en Fer \u00e0 Cheval Alnico 80 x 60 x 15 mm \u2013 Puissant Aimant Alnico en Forme de Fer \u00e0 Cheval<\/title>\n<meta name=\"description\" content=\"Vous cherchez un Aimant en fer \u00e0 cheval Alnico 80x60x15mm? Les aimants peuvent \u00eatre achet\u00e9s facilement en ligne sur Magnetenspecialist.nl \u2713 1 jour ouvrable de d\u00e9lai de livraison \u2713 14 jours de d\u00e9lai de r\u00e9flexion \u2713 Exp\u00e9dition ou enl\u00e8vement *.\" \/>\n<meta name=\"robots\" content=\"index, follow, max-snippet:-1, max-image-preview:large, max-video-preview:-1\" \/>\n<link rel=\"canonical\" href=\"https:\/\/www.magnetenspecialist.nl\/fr\/magasin\/autres-aimants\/aimant-en-fer-a-cheval-alnico-80x60x15mm\/\" \/>\n<meta property=\"og:locale\" content=\"fr_FR\" \/>\n<meta property=\"og:type\" content=\"article\" \/>\n<meta property=\"og:title\" content=\"Aimant en fer \u00e0 cheval Alnico 80x60x15mm\" \/>\n<meta property=\"og:description\" content=\"Vous cherchez un Aimant en fer \u00e0 cheval Alnico 80x60x15mm? Les aimants peuvent \u00eatre achet\u00e9s facilement en ligne sur Magnetenspecialist.nl \u2713 1 jour ouvrable de d\u00e9lai de livraison \u2713 14 jours de d\u00e9lai de r\u00e9flexion \u2713 Exp\u00e9dition ou enl\u00e8vement *.\" \/>\n<meta property=\"og:url\" content=\"https:\/\/www.magnetenspecialist.nl\/fr\/magasin\/autres-aimants\/aimant-en-fer-a-cheval-alnico-80x60x15mm\/\" \/>\n<meta property=\"og:site_name\" content=\"Magnetenspecialist.nl\" \/>\n<meta property=\"article:publisher\" content=\"https:\/\/www.facebook.com\/Magnetenspecialist.nl\" \/>\n<meta property=\"article:modified_time\" content=\"2025-03-18T15:00:10+00:00\" \/>\n<meta property=\"og:image\" content=\"https:\/\/www.magnetenspecialist.nl\/wp-content\/uploads\/2019\/03\/Magnetenspecialist.nl_Hoefijzermagneet-Alnico-80x60x15mm_2.jpg\" \/>\n\t<meta property=\"og:image:width\" content=\"1500\" \/>\n\t<meta property=\"og:image:height\" content=\"1500\" \/>\n\t<meta property=\"og:image:type\" content=\"image\/jpeg\" \/>\n<meta name=\"twitter:card\" content=\"summary_large_image\" \/>\n<meta name=\"twitter:site\" content=\"@magnetenspecial\" \/>\n<meta name=\"twitter:label1\" content=\"Prix\" \/>\n\t<meta name=\"twitter:data1\" content=\"&euro;&nbsp;22,00\" \/>\n\t<meta name=\"twitter:label2\" content=\"Disponibilit\u00e9\" \/>\n\t<meta name=\"twitter:data2\" content=\"Rupture de stock\" \/>\n<script type=\"application\/ld+json\" class=\"yoast-schema-graph\">{\"@context\":\"https:\/\/schema.org\",\"@graph\":[{\"@type\":\"WebPage\",\"@id\":\"https:\/\/www.magnetenspecialist.nl\/fr\/magasin\/autres-aimants\/aimant-en-fer-a-cheval-alnico-80x60x15mm\/\",\"url\":\"https:\/\/www.magnetenspecialist.nl\/fr\/magasin\/autres-aimants\/aimant-en-fer-a-cheval-alnico-80x60x15mm\/\",\"name\":\"Aimant en Fer \u00e0 Cheval Alnico 80 x 60 x 15 mm \u2013 Puissant Aimant Alnico en Forme de Fer \u00e0 Cheval\",\"isPartOf\":{\"@id\":\"https:\/\/www.magnetenspecialist.nl\/fr\/#website\"},\"primaryImageOfPage\":{\"@id\":\"https:\/\/www.magnetenspecialist.nl\/fr\/magasin\/autres-aimants\/aimant-en-fer-a-cheval-alnico-80x60x15mm\/#primaryimage\"},\"image\":{\"@id\":\"https:\/\/www.magnetenspecialist.nl\/fr\/magasin\/autres-aimants\/aimant-en-fer-a-cheval-alnico-80x60x15mm\/#primaryimage\"},\"thumbnailUrl\":\"https:\/\/www.magnetenspecialist.nl\/wp-content\/uploads\/2019\/03\/Magnetenspecialist.nl_Hoefijzermagneet-Alnico-80x60x15mm_2.jpg\",\"datePublished\":\"2019-03-08T10:03:03+00:00\",\"dateModified\":\"2025-03-18T15:00:10+00:00\",\"description\":\"Vous cherchez un Aimant en fer \u00e0 cheval Alnico 80x60x15mm? Les aimants peuvent \u00eatre achet\u00e9s facilement en ligne sur Magnetenspecialist.nl \u2713 1 jour ouvrable de d\u00e9lai de livraison \u2713 14 jours de d\u00e9lai de r\u00e9flexion \u2713 Exp\u00e9dition ou enl\u00e8vement *.\",\"breadcrumb\":{\"@id\":\"https:\/\/www.magnetenspecialist.nl\/fr\/magasin\/autres-aimants\/aimant-en-fer-a-cheval-alnico-80x60x15mm\/#breadcrumb\"},\"inLanguage\":\"fr-FR\",\"potentialAction\":[{\"@type\":\"ReadAction\",\"target\":[\"https:\/\/www.magnetenspecialist.nl\/fr\/magasin\/autres-aimants\/aimant-en-fer-a-cheval-alnico-80x60x15mm\/\"]}]},{\"@type\":\"ImageObject\",\"inLanguage\":\"fr-FR\",\"@id\":\"https:\/\/www.magnetenspecialist.nl\/fr\/magasin\/autres-aimants\/aimant-en-fer-a-cheval-alnico-80x60x15mm\/#primaryimage\",\"url\":\"https:\/\/www.magnetenspecialist.nl\/wp-content\/uploads\/2019\/03\/Magnetenspecialist.nl_Hoefijzermagneet-Alnico-80x60x15mm_2.jpg\",\"contentUrl\":\"https:\/\/www.magnetenspecialist.nl\/wp-content\/uploads\/2019\/03\/Magnetenspecialist.nl_Hoefijzermagneet-Alnico-80x60x15mm_2.jpg\",\"width\":1500,\"height\":1500},{\"@type\":\"BreadcrumbList\",\"@id\":\"https:\/\/www.magnetenspecialist.nl\/fr\/magasin\/autres-aimants\/aimant-en-fer-a-cheval-alnico-80x60x15mm\/#breadcrumb\",\"itemListElement\":[{\"@type\":\"ListItem\",\"position\":1,\"name\":\"Accueil\",\"item\":\"https:\/\/www.magnetenspecialist.nl\/fr\/accueil\/\"},{\"@type\":\"ListItem\",\"position\":2,\"name\":\"Boutique\",\"item\":\"https:\/\/www.magnetenspecialist.nl\/fr\/boutique\/\"},{\"@type\":\"ListItem\",\"position\":3,\"name\":\"Aimant en fer \u00e0 cheval Alnico 80x60x15mm\"}]},{\"@type\":\"WebSite\",\"@id\":\"https:\/\/www.magnetenspecialist.nl\/fr\/#website\",\"url\":\"https:\/\/www.magnetenspecialist.nl\/fr\/\",\"name\":\"Magnetenspecialist.nl\",\"description\":\"Vaste gamme d'aimants en n\u00e9odyme\",\"publisher\":{\"@id\":\"https:\/\/www.magnetenspecialist.nl\/fr\/#organization\"},\"potentialAction\":[{\"@type\":\"SearchAction\",\"target\":{\"@type\":\"EntryPoint\",\"urlTemplate\":\"https:\/\/www.magnetenspecialist.nl\/fr\/?s={search_term_string}\"},\"query-input\":{\"@type\":\"PropertyValueSpecification\",\"valueRequired\":true,\"valueName\":\"search_term_string\"}}],\"inLanguage\":\"fr-FR\"},{\"@type\":\"Organization\",\"@id\":\"https:\/\/www.magnetenspecialist.nl\/fr\/#organization\",\"name\":\"Magnetenspecialist.nl\",\"url\":\"https:\/\/www.magnetenspecialist.nl\/fr\/\",\"logo\":{\"@type\":\"ImageObject\",\"inLanguage\":\"fr-FR\",\"@id\":\"https:\/\/www.magnetenspecialist.nl\/fr\/#\/schema\/logo\/image\/\",\"url\":\"https:\/\/www.magnetenspecialist.nl\/wp-content\/uploads\/2018\/10\/magneten-logo.jpg\",\"contentUrl\":\"https:\/\/www.magnetenspecialist.nl\/wp-content\/uploads\/2018\/10\/magneten-logo.jpg\",\"width\":151,\"height\":151,\"caption\":\"Magnetenspecialist.nl\"},\"image\":{\"@id\":\"https:\/\/www.magnetenspecialist.nl\/fr\/#\/schema\/logo\/image\/\"},\"sameAs\":[\"https:\/\/www.facebook.com\/Magnetenspecialist.nl\",\"https:\/\/x.com\/magnetenspecial\"]}]}<\/script>\n<meta property=\"product:price:amount\" content=\"22.00\" \/>\n<meta property=\"product:price:currency\" content=\"EUR\" \/>\n<meta property=\"og:availability\" content=\"out of stock\" \/>\n<meta property=\"product:availability\" content=\"out of stock\" \/>\n<meta property=\"product:retailer_item_id\" content=\"Hoij80x16x15-AN\" \/>\n<meta property=\"product:condition\" content=\"new\" \/>\n<!-- \/ Yoast SEO Premium plugin. -->","yoast_head_json":{"title":"Aimant en Fer \u00e0 Cheval Alnico 80 x 60 x 15 mm \u2013 Puissant Aimant Alnico en Forme de Fer \u00e0 Cheval","description":"Vous cherchez un Aimant en fer \u00e0 cheval Alnico 80x60x15mm? Les aimants peuvent \u00eatre achet\u00e9s facilement en ligne sur Magnetenspecialist.nl \u2713 1 jour ouvrable de d\u00e9lai de livraison \u2713 14 jours de d\u00e9lai de r\u00e9flexion \u2713 Exp\u00e9dition ou enl\u00e8vement *.","robots":{"index":"index","follow":"follow","max-snippet":"max-snippet:-1","max-image-preview":"max-image-preview:large","max-video-preview":"max-video-preview:-1"},"canonical":"https:\/\/www.magnetenspecialist.nl\/fr\/magasin\/autres-aimants\/aimant-en-fer-a-cheval-alnico-80x60x15mm\/","og_locale":"fr_FR","og_type":"article","og_title":"Aimant en fer \u00e0 cheval Alnico 80x60x15mm","og_description":"Vous cherchez un Aimant en fer \u00e0 cheval Alnico 80x60x15mm? Les aimants peuvent \u00eatre achet\u00e9s facilement en ligne sur Magnetenspecialist.nl \u2713 1 jour ouvrable de d\u00e9lai de livraison \u2713 14 jours de d\u00e9lai de r\u00e9flexion \u2713 Exp\u00e9dition ou enl\u00e8vement *.","og_url":"https:\/\/www.magnetenspecialist.nl\/fr\/magasin\/autres-aimants\/aimant-en-fer-a-cheval-alnico-80x60x15mm\/","og_site_name":"Magnetenspecialist.nl","article_publisher":"https:\/\/www.facebook.com\/Magnetenspecialist.nl","article_modified_time":"2025-03-18T15:00:10+00:00","og_image":[{"width":1500,"height":1500,"url":"https:\/\/www.magnetenspecialist.nl\/wp-content\/uploads\/2019\/03\/Magnetenspecialist.nl_Hoefijzermagneet-Alnico-80x60x15mm_2.jpg","type":"image\/jpeg"}],"twitter_card":"summary_large_image","twitter_site":"@magnetenspecial","twitter_misc":{"Prix":"&euro;&nbsp;22,00","Disponibilit\u00e9":"Rupture de stock"},"schema":{"@context":"https:\/\/schema.org","@graph":[{"@type":"WebPage","@id":"https:\/\/www.magnetenspecialist.nl\/fr\/magasin\/autres-aimants\/aimant-en-fer-a-cheval-alnico-80x60x15mm\/","url":"https:\/\/www.magnetenspecialist.nl\/fr\/magasin\/autres-aimants\/aimant-en-fer-a-cheval-alnico-80x60x15mm\/","name":"Aimant en Fer \u00e0 Cheval Alnico 80 x 60 x 15 mm \u2013 Puissant Aimant Alnico en Forme de Fer \u00e0 Cheval","isPartOf":{"@id":"https:\/\/www.magnetenspecialist.nl\/fr\/#website"},"primaryImageOfPage":{"@id":"https:\/\/www.magnetenspecialist.nl\/fr\/magasin\/autres-aimants\/aimant-en-fer-a-cheval-alnico-80x60x15mm\/#primaryimage"},"image":{"@id":"https:\/\/www.magnetenspecialist.nl\/fr\/magasin\/autres-aimants\/aimant-en-fer-a-cheval-alnico-80x60x15mm\/#primaryimage"},"thumbnailUrl":"https:\/\/www.magnetenspecialist.nl\/wp-content\/uploads\/2019\/03\/Magnetenspecialist.nl_Hoefijzermagneet-Alnico-80x60x15mm_2.jpg","datePublished":"2019-03-08T10:03:03+00:00","dateModified":"2025-03-18T15:00:10+00:00","description":"Vous cherchez un Aimant en fer \u00e0 cheval Alnico 80x60x15mm? Les aimants peuvent \u00eatre achet\u00e9s facilement en ligne sur Magnetenspecialist.nl \u2713 1 jour ouvrable de d\u00e9lai de livraison \u2713 14 jours de d\u00e9lai de r\u00e9flexion \u2713 Exp\u00e9dition ou enl\u00e8vement *.","breadcrumb":{"@id":"https:\/\/www.magnetenspecialist.nl\/fr\/magasin\/autres-aimants\/aimant-en-fer-a-cheval-alnico-80x60x15mm\/#breadcrumb"},"inLanguage":"fr-FR","potentialAction":[{"@type":"ReadAction","target":["https:\/\/www.magnetenspecialist.nl\/fr\/magasin\/autres-aimants\/aimant-en-fer-a-cheval-alnico-80x60x15mm\/"]}]},{"@type":"ImageObject","inLanguage":"fr-FR","@id":"https:\/\/www.magnetenspecialist.nl\/fr\/magasin\/autres-aimants\/aimant-en-fer-a-cheval-alnico-80x60x15mm\/#primaryimage","url":"https:\/\/www.magnetenspecialist.nl\/wp-content\/uploads\/2019\/03\/Magnetenspecialist.nl_Hoefijzermagneet-Alnico-80x60x15mm_2.jpg","contentUrl":"https:\/\/www.magnetenspecialist.nl\/wp-content\/uploads\/2019\/03\/Magnetenspecialist.nl_Hoefijzermagneet-Alnico-80x60x15mm_2.jpg","width":1500,"height":1500},{"@type":"BreadcrumbList","@id":"https:\/\/www.magnetenspecialist.nl\/fr\/magasin\/autres-aimants\/aimant-en-fer-a-cheval-alnico-80x60x15mm\/#breadcrumb","itemListElement":[{"@type":"ListItem","position":1,"name":"Accueil","item":"https:\/\/www.magnetenspecialist.nl\/fr\/accueil\/"},{"@type":"ListItem","position":2,"name":"Boutique","item":"https:\/\/www.magnetenspecialist.nl\/fr\/boutique\/"},{"@type":"ListItem","position":3,"name":"Aimant en fer \u00e0 cheval Alnico 80x60x15mm"}]},{"@type":"WebSite","@id":"https:\/\/www.magnetenspecialist.nl\/fr\/#website","url":"https:\/\/www.magnetenspecialist.nl\/fr\/","name":"Magnetenspecialist.nl","description":"Vaste gamme d'aimants en n\u00e9odyme","publisher":{"@id":"https:\/\/www.magnetenspecialist.nl\/fr\/#organization"},"potentialAction":[{"@type":"SearchAction","target":{"@type":"EntryPoint","urlTemplate":"https:\/\/www.magnetenspecialist.nl\/fr\/?s={search_term_string}"},"query-input":{"@type":"PropertyValueSpecification","valueRequired":true,"valueName":"search_term_string"}}],"inLanguage":"fr-FR"},{"@type":"Organization","@id":"https:\/\/www.magnetenspecialist.nl\/fr\/#organization","name":"Magnetenspecialist.nl","url":"https:\/\/www.magnetenspecialist.nl\/fr\/","logo":{"@type":"ImageObject","inLanguage":"fr-FR","@id":"https:\/\/www.magnetenspecialist.nl\/fr\/#\/schema\/logo\/image\/","url":"https:\/\/www.magnetenspecialist.nl\/wp-content\/uploads\/2018\/10\/magneten-logo.jpg","contentUrl":"https:\/\/www.magnetenspecialist.nl\/wp-content\/uploads\/2018\/10\/magneten-logo.jpg","width":151,"height":151,"caption":"Magnetenspecialist.nl"},"image":{"@id":"https:\/\/www.magnetenspecialist.nl\/fr\/#\/schema\/logo\/image\/"},"sameAs":["https:\/\/www.facebook.com\/Magnetenspecialist.nl","https:\/\/x.com\/magnetenspecial"]}]},"product_price_amount":"22.00","product_price_currency":"EUR","og_availability":"out of stock","product_availability":"out of stock","product_retailer_item_id":"Hoij80x16x15-AN","product_condition":"new"},"_links":{"self":[{"href":"https:\/\/www.magnetenspecialist.nl\/fr\/wp-json\/wp\/v2\/product\/90984","targetHints":{"allow":["GET"]}}],"collection":[{"href":"https:\/\/www.magnetenspecialist.nl\/fr\/wp-json\/wp\/v2\/product"}],"about":[{"href":"https:\/\/www.magnetenspecialist.nl\/fr\/wp-json\/wp\/v2\/types\/product"}],"wp:featuredmedia":[{"embeddable":true,"href":"https:\/\/www.magnetenspecialist.nl\/fr\/wp-json\/wp\/v2\/media\/113877"}],"wp:attachment":[{"href":"https:\/\/www.magnetenspecialist.nl\/fr\/wp-json\/wp\/v2\/media?parent=90984"}],"wp:term":[{"taxonomy":"product_brand","embeddable":true,"href":"https:\/\/www.magnetenspecialist.nl\/fr\/wp-json\/wp\/v2\/product_brand?post=90984"},{"taxonomy":"product_cat","embeddable":true,"href":"https:\/\/www.magnetenspecialist.nl\/fr\/wp-json\/wp\/v2\/product_cat?post=90984"},{"taxonomy":"product_tag","embeddable":true,"href":"https:\/\/www.magnetenspecialist.nl\/fr\/wp-json\/wp\/v2\/product_tag?post=90984"}],"curies":[{"name":"wp","href":"https:\/\/api.w.org\/{rel}","templated":true}]}}