{"id":91028,"date":"2019-03-08T11:02:57","date_gmt":"2019-03-08T10:02:57","guid":{"rendered":"https:\/\/www.magnetenspecialist.nl\/winkel\/non%20class\u00e9\/aimants-pour-numero-de-dossard-pour-coureurs-lot-8-pieces\/"},"modified":"2025-03-18T16:01:46","modified_gmt":"2025-03-18T15:01:46","slug":"aimants-de-depart-pour-les-coureurs-jeu-de-8-pieces","status":"publish","type":"product","link":"https:\/\/www.magnetenspecialist.nl\/fr\/magasin\/aimants-numero-de-depart-fr\/aimants-de-depart-pour-les-coureurs-jeu-de-8-pieces\/","title":{"rendered":"Aimants en forme de chiffres de course (ensemble : 8 pi\u00e8ces)"},"content":{"rendered":"<h3>Aimants pour num\u00e9ros de dossards  <img decoding=\"async\" class=\"alignnone wp-image-129721 size-medium\" src=\"https:\/\/www.magnetenspecialist.nl\/wp-content\/uploads\/2024\/04\/img_1868-300x300.png\" alt=\"\" width=\"300\" height=\"300\" srcset=\"https:\/\/www.magnetenspecialist.nl\/wp-content\/uploads\/2024\/04\/img_1868-300x300.png 300w, https:\/\/www.magnetenspecialist.nl\/wp-content\/uploads\/2024\/04\/img_1868-1024x1024.png 1024w, https:\/\/www.magnetenspecialist.nl\/wp-content\/uploads\/2024\/04\/img_1868-150x150.png 150w, https:\/\/www.magnetenspecialist.nl\/wp-content\/uploads\/2024\/04\/img_1868-768x768.png 768w, https:\/\/www.magnetenspecialist.nl\/wp-content\/uploads\/2024\/04\/img_1868-600x600.png 600w, https:\/\/www.magnetenspecialist.nl\/wp-content\/uploads\/2024\/04\/img_1868-100x100.png 100w, https:\/\/www.magnetenspecialist.nl\/wp-content\/uploads\/2024\/04\/img_1868.png 1440w\" sizes=\"(max-width: 300px) 100vw, 300px\" \/><\/h3>\n<p>  Des aimants dont la taille, la forme et la force d&#8217;adh\u00e9rence en font des aimants id\u00e9aux pour les dossards des coureurs. Les aimants sont la solution id\u00e9ale pour fixer un num\u00e9ro de d\u00e9part sur vos v\u00eatements de sport. Les aimants pour num\u00e9ros de dossard permettent, par exemple, de fixer un num\u00e9ro de dossard sur un v\u00eatement sans utiliser d&#8217;\u00e9pingles qui font des trous. Pour fixer un num\u00e9ro de d\u00e9part avec un aimant de num\u00e9ro de d\u00e9part, vous avez besoin de deux aimants.  <strong>Les aimants de num\u00e9ros de d\u00e9part sont une solution id\u00e9ale.<\/strong>  Un aimant se place \u00e0 l&#8217;int\u00e9rieur du v\u00eatement, l&#8217;autre sur l&#8217;objet (par exemple un num\u00e9ro de dossard) que vous souhaitez attacher \u00e0 votre v\u00eatement. Outre un num\u00e9ro de dossard, un aimant pour num\u00e9ro de dossard peut \u00e9galement \u00eatre utilis\u00e9 pour attacher un corsage \u00e0 votre v\u00eatement, par exemple. Quel que soit votre objectif, les aimants de num\u00e9ro de d\u00e9part vous permettent d&#8217;attacher des objets \u00e0 vos v\u00eatements sans laisser de trous.<\/p>\n","protected":false},"excerpt":{"rendered":"<p>1 jeu de 8 aimants<\/p>\n","protected":false},"featured_media":129715,"template":"","meta":{"_acf_changed":false},"product_brand":[3521],"product_cat":[3512,3498,1391],"product_tag":[3159],"class_list":{"0":"post-91028","1":"product","2":"type-product","3":"status-publish","4":"has-post-thumbnail","6":"product_brand-magnetenspecialist","7":"product_cat-aimants-en-plastique","8":"product_cat-aimants-numero-de-depart-fr","9":"product_cat-autres-aimants","10":"product_tag-groep-4-fr","11":"pa_houdkracht-2-1-fr","12":"pa_magnetisering-n50-fr","13":"pa_magnetiseringsrichting-axiaal-fr","14":"pa_materiaal-neodyme-nickele","15":"pa_model-autres-aimants","17":"first","18":"instock","19":"taxable","20":"shipping-taxable","21":"purchasable","22":"product-type-simple"},"supplier_id":null,"supplier_sku":"","barcode":null,"atum_controlled":true,"out_stock_date":null,"out_stock_threshold":null,"inheritable":false,"inbound_stock":0,"stock_on_hold":0,"sold_today":0,"sales_last_days":1,"reserved_stock":0,"customer_returns":0,"warehouse_damage":0,"lost_in_post":0,"other_logs":0,"out_stock_days":0,"lost_sales":0,"has_location":false,"update_date":"2026-04-03T08:06:23","atum_locations":[],"atum_stock_status":"instock","restock_status":false,"low_stock_amount":10,"sales_update_date":"2026-04-03T08:06:23","calc_backorders":null,"acf":[],"yoast_head":"<!-- This site is optimized with the Yoast SEO Premium plugin v24.7 (Yoast SEO v24.7) - https:\/\/yoast.com\/wordpress\/plugins\/seo\/ -->\n<title>Aimants en Forme de Chiffres de Course (Ensemble de 8 Pi\u00e8ces)<\/title>\n<meta name=\"description\" content=\"Vous cherchez un Aimants en forme de chiffres de course (ensemble : 8 pi\u00e8ces)? Les aimants peuvent \u00eatre achet\u00e9s facilement en ligne sur Magnetenspecialist.nl \u2713 1 jour ouvrable de d\u00e9lai de livraison \u2713 14 jours de d\u00e9lai de r\u00e9flexion \u2713 Exp\u00e9dition ou enl\u00e8vement *.\" \/>\n<meta name=\"robots\" content=\"index, follow, max-snippet:-1, max-image-preview:large, max-video-preview:-1\" \/>\n<link rel=\"canonical\" href=\"https:\/\/www.magnetenspecialist.nl\/fr\/magasin\/aimants-numero-de-depart-fr\/aimants-de-depart-pour-les-coureurs-jeu-de-8-pieces\/\" \/>\n<meta property=\"og:locale\" content=\"fr_FR\" \/>\n<meta property=\"og:type\" content=\"article\" \/>\n<meta property=\"og:title\" content=\"Aimants en forme de chiffres de course (ensemble : 8 pi\u00e8ces)\" \/>\n<meta property=\"og:description\" content=\"Vous cherchez un Aimants en forme de chiffres de course (ensemble : 8 pi\u00e8ces)? Les aimants peuvent \u00eatre achet\u00e9s facilement en ligne sur Magnetenspecialist.nl \u2713 1 jour ouvrable de d\u00e9lai de livraison \u2713 14 jours de d\u00e9lai de r\u00e9flexion \u2713 Exp\u00e9dition ou enl\u00e8vement *.\" \/>\n<meta property=\"og:url\" content=\"https:\/\/www.magnetenspecialist.nl\/fr\/magasin\/aimants-numero-de-depart-fr\/aimants-de-depart-pour-les-coureurs-jeu-de-8-pieces\/\" \/>\n<meta property=\"og:site_name\" content=\"Magnetenspecialist.nl\" \/>\n<meta property=\"article:publisher\" content=\"https:\/\/www.facebook.com\/Magnetenspecialist.nl\" \/>\n<meta property=\"article:modified_time\" content=\"2025-03-18T15:01:46+00:00\" \/>\n<meta property=\"og:image\" content=\"https:\/\/www.magnetenspecialist.nl\/wp-content\/uploads\/2024\/04\/cb4d4980-172a-4d1d-bba5-40bff05bc3d4.png\" \/>\n\t<meta property=\"og:image:width\" content=\"1080\" \/>\n\t<meta property=\"og:image:height\" content=\"1080\" \/>\n\t<meta property=\"og:image:type\" content=\"image\/png\" \/>\n<meta name=\"twitter:card\" content=\"summary_large_image\" \/>\n<meta name=\"twitter:site\" content=\"@magnetenspecial\" \/>\n<meta name=\"twitter:label1\" content=\"Prix\" \/>\n\t<meta name=\"twitter:data1\" content=\"&euro;&nbsp;14,01\" \/>\n\t<meta name=\"twitter:label2\" content=\"Disponibilit\u00e9\" \/>\n\t<meta name=\"twitter:data2\" content=\"En stock\" \/>\n<script type=\"application\/ld+json\" class=\"yoast-schema-graph\">{\"@context\":\"https:\/\/schema.org\",\"@graph\":[{\"@type\":\"WebPage\",\"@id\":\"https:\/\/www.magnetenspecialist.nl\/fr\/magasin\/aimants-numero-de-depart-fr\/aimants-de-depart-pour-les-coureurs-jeu-de-8-pieces\/\",\"url\":\"https:\/\/www.magnetenspecialist.nl\/fr\/magasin\/aimants-numero-de-depart-fr\/aimants-de-depart-pour-les-coureurs-jeu-de-8-pieces\/\",\"name\":\"Aimants en Forme de Chiffres de Course (Ensemble de 8 Pi\u00e8ces)\",\"isPartOf\":{\"@id\":\"https:\/\/www.magnetenspecialist.nl\/fr\/#website\"},\"primaryImageOfPage\":{\"@id\":\"https:\/\/www.magnetenspecialist.nl\/fr\/magasin\/aimants-numero-de-depart-fr\/aimants-de-depart-pour-les-coureurs-jeu-de-8-pieces\/#primaryimage\"},\"image\":{\"@id\":\"https:\/\/www.magnetenspecialist.nl\/fr\/magasin\/aimants-numero-de-depart-fr\/aimants-de-depart-pour-les-coureurs-jeu-de-8-pieces\/#primaryimage\"},\"thumbnailUrl\":\"https:\/\/www.magnetenspecialist.nl\/wp-content\/uploads\/2024\/04\/cb4d4980-172a-4d1d-bba5-40bff05bc3d4.png\",\"datePublished\":\"2019-03-08T10:02:57+00:00\",\"dateModified\":\"2025-03-18T15:01:46+00:00\",\"description\":\"Vous cherchez un Aimants en forme de chiffres de course (ensemble : 8 pi\u00e8ces)? Les aimants peuvent \u00eatre achet\u00e9s facilement en ligne sur Magnetenspecialist.nl \u2713 1 jour ouvrable de d\u00e9lai de livraison \u2713 14 jours de d\u00e9lai de r\u00e9flexion \u2713 Exp\u00e9dition ou enl\u00e8vement *.\",\"breadcrumb\":{\"@id\":\"https:\/\/www.magnetenspecialist.nl\/fr\/magasin\/aimants-numero-de-depart-fr\/aimants-de-depart-pour-les-coureurs-jeu-de-8-pieces\/#breadcrumb\"},\"inLanguage\":\"fr-FR\",\"potentialAction\":[{\"@type\":\"ReadAction\",\"target\":[\"https:\/\/www.magnetenspecialist.nl\/fr\/magasin\/aimants-numero-de-depart-fr\/aimants-de-depart-pour-les-coureurs-jeu-de-8-pieces\/\"]}]},{\"@type\":\"ImageObject\",\"inLanguage\":\"fr-FR\",\"@id\":\"https:\/\/www.magnetenspecialist.nl\/fr\/magasin\/aimants-numero-de-depart-fr\/aimants-de-depart-pour-les-coureurs-jeu-de-8-pieces\/#primaryimage\",\"url\":\"https:\/\/www.magnetenspecialist.nl\/wp-content\/uploads\/2024\/04\/cb4d4980-172a-4d1d-bba5-40bff05bc3d4.png\",\"contentUrl\":\"https:\/\/www.magnetenspecialist.nl\/wp-content\/uploads\/2024\/04\/cb4d4980-172a-4d1d-bba5-40bff05bc3d4.png\",\"width\":1080,\"height\":1080},{\"@type\":\"BreadcrumbList\",\"@id\":\"https:\/\/www.magnetenspecialist.nl\/fr\/magasin\/aimants-numero-de-depart-fr\/aimants-de-depart-pour-les-coureurs-jeu-de-8-pieces\/#breadcrumb\",\"itemListElement\":[{\"@type\":\"ListItem\",\"position\":1,\"name\":\"Accueil\",\"item\":\"https:\/\/www.magnetenspecialist.nl\/fr\/accueil\/\"},{\"@type\":\"ListItem\",\"position\":2,\"name\":\"Boutique\",\"item\":\"https:\/\/www.magnetenspecialist.nl\/fr\/boutique\/\"},{\"@type\":\"ListItem\",\"position\":3,\"name\":\"Aimants en forme de chiffres de course (ensemble : 8 pi\u00e8ces)\"}]},{\"@type\":\"WebSite\",\"@id\":\"https:\/\/www.magnetenspecialist.nl\/fr\/#website\",\"url\":\"https:\/\/www.magnetenspecialist.nl\/fr\/\",\"name\":\"Magnetenspecialist.nl\",\"description\":\"Vaste gamme d'aimants en n\u00e9odyme\",\"publisher\":{\"@id\":\"https:\/\/www.magnetenspecialist.nl\/fr\/#organization\"},\"potentialAction\":[{\"@type\":\"SearchAction\",\"target\":{\"@type\":\"EntryPoint\",\"urlTemplate\":\"https:\/\/www.magnetenspecialist.nl\/fr\/?s={search_term_string}\"},\"query-input\":{\"@type\":\"PropertyValueSpecification\",\"valueRequired\":true,\"valueName\":\"search_term_string\"}}],\"inLanguage\":\"fr-FR\"},{\"@type\":\"Organization\",\"@id\":\"https:\/\/www.magnetenspecialist.nl\/fr\/#organization\",\"name\":\"Magnetenspecialist.nl\",\"url\":\"https:\/\/www.magnetenspecialist.nl\/fr\/\",\"logo\":{\"@type\":\"ImageObject\",\"inLanguage\":\"fr-FR\",\"@id\":\"https:\/\/www.magnetenspecialist.nl\/fr\/#\/schema\/logo\/image\/\",\"url\":\"https:\/\/www.magnetenspecialist.nl\/wp-content\/uploads\/2018\/10\/magneten-logo.jpg\",\"contentUrl\":\"https:\/\/www.magnetenspecialist.nl\/wp-content\/uploads\/2018\/10\/magneten-logo.jpg\",\"width\":151,\"height\":151,\"caption\":\"Magnetenspecialist.nl\"},\"image\":{\"@id\":\"https:\/\/www.magnetenspecialist.nl\/fr\/#\/schema\/logo\/image\/\"},\"sameAs\":[\"https:\/\/www.facebook.com\/Magnetenspecialist.nl\",\"https:\/\/x.com\/magnetenspecial\"]}]}<\/script>\n<meta property=\"product:price:amount\" content=\"14.01\" \/>\n<meta property=\"product:price:currency\" content=\"EUR\" \/>\n<meta property=\"og:availability\" content=\"instock\" \/>\n<meta property=\"product:availability\" content=\"instock\" \/>\n<meta property=\"product:retailer_item_id\" content=\"st-ha\" \/>\n<meta property=\"product:condition\" content=\"new\" \/>\n<!-- \/ Yoast SEO Premium plugin. -->","yoast_head_json":{"title":"Aimants en Forme de Chiffres de Course (Ensemble de 8 Pi\u00e8ces)","description":"Vous cherchez un Aimants en forme de chiffres de course (ensemble : 8 pi\u00e8ces)? Les aimants peuvent \u00eatre achet\u00e9s facilement en ligne sur Magnetenspecialist.nl \u2713 1 jour ouvrable de d\u00e9lai de livraison \u2713 14 jours de d\u00e9lai de r\u00e9flexion \u2713 Exp\u00e9dition ou enl\u00e8vement *.","robots":{"index":"index","follow":"follow","max-snippet":"max-snippet:-1","max-image-preview":"max-image-preview:large","max-video-preview":"max-video-preview:-1"},"canonical":"https:\/\/www.magnetenspecialist.nl\/fr\/magasin\/aimants-numero-de-depart-fr\/aimants-de-depart-pour-les-coureurs-jeu-de-8-pieces\/","og_locale":"fr_FR","og_type":"article","og_title":"Aimants en forme de chiffres de course (ensemble : 8 pi\u00e8ces)","og_description":"Vous cherchez un Aimants en forme de chiffres de course (ensemble : 8 pi\u00e8ces)? Les aimants peuvent \u00eatre achet\u00e9s facilement en ligne sur Magnetenspecialist.nl \u2713 1 jour ouvrable de d\u00e9lai de livraison \u2713 14 jours de d\u00e9lai de r\u00e9flexion \u2713 Exp\u00e9dition ou enl\u00e8vement *.","og_url":"https:\/\/www.magnetenspecialist.nl\/fr\/magasin\/aimants-numero-de-depart-fr\/aimants-de-depart-pour-les-coureurs-jeu-de-8-pieces\/","og_site_name":"Magnetenspecialist.nl","article_publisher":"https:\/\/www.facebook.com\/Magnetenspecialist.nl","article_modified_time":"2025-03-18T15:01:46+00:00","og_image":[{"width":1080,"height":1080,"url":"https:\/\/www.magnetenspecialist.nl\/wp-content\/uploads\/2024\/04\/cb4d4980-172a-4d1d-bba5-40bff05bc3d4.png","type":"image\/png"}],"twitter_card":"summary_large_image","twitter_site":"@magnetenspecial","twitter_misc":{"Prix":"&euro;&nbsp;14,01","Disponibilit\u00e9":"En stock"},"schema":{"@context":"https:\/\/schema.org","@graph":[{"@type":"WebPage","@id":"https:\/\/www.magnetenspecialist.nl\/fr\/magasin\/aimants-numero-de-depart-fr\/aimants-de-depart-pour-les-coureurs-jeu-de-8-pieces\/","url":"https:\/\/www.magnetenspecialist.nl\/fr\/magasin\/aimants-numero-de-depart-fr\/aimants-de-depart-pour-les-coureurs-jeu-de-8-pieces\/","name":"Aimants en Forme de Chiffres de Course (Ensemble de 8 Pi\u00e8ces)","isPartOf":{"@id":"https:\/\/www.magnetenspecialist.nl\/fr\/#website"},"primaryImageOfPage":{"@id":"https:\/\/www.magnetenspecialist.nl\/fr\/magasin\/aimants-numero-de-depart-fr\/aimants-de-depart-pour-les-coureurs-jeu-de-8-pieces\/#primaryimage"},"image":{"@id":"https:\/\/www.magnetenspecialist.nl\/fr\/magasin\/aimants-numero-de-depart-fr\/aimants-de-depart-pour-les-coureurs-jeu-de-8-pieces\/#primaryimage"},"thumbnailUrl":"https:\/\/www.magnetenspecialist.nl\/wp-content\/uploads\/2024\/04\/cb4d4980-172a-4d1d-bba5-40bff05bc3d4.png","datePublished":"2019-03-08T10:02:57+00:00","dateModified":"2025-03-18T15:01:46+00:00","description":"Vous cherchez un Aimants en forme de chiffres de course (ensemble : 8 pi\u00e8ces)? Les aimants peuvent \u00eatre achet\u00e9s facilement en ligne sur Magnetenspecialist.nl \u2713 1 jour ouvrable de d\u00e9lai de livraison \u2713 14 jours de d\u00e9lai de r\u00e9flexion \u2713 Exp\u00e9dition ou enl\u00e8vement *.","breadcrumb":{"@id":"https:\/\/www.magnetenspecialist.nl\/fr\/magasin\/aimants-numero-de-depart-fr\/aimants-de-depart-pour-les-coureurs-jeu-de-8-pieces\/#breadcrumb"},"inLanguage":"fr-FR","potentialAction":[{"@type":"ReadAction","target":["https:\/\/www.magnetenspecialist.nl\/fr\/magasin\/aimants-numero-de-depart-fr\/aimants-de-depart-pour-les-coureurs-jeu-de-8-pieces\/"]}]},{"@type":"ImageObject","inLanguage":"fr-FR","@id":"https:\/\/www.magnetenspecialist.nl\/fr\/magasin\/aimants-numero-de-depart-fr\/aimants-de-depart-pour-les-coureurs-jeu-de-8-pieces\/#primaryimage","url":"https:\/\/www.magnetenspecialist.nl\/wp-content\/uploads\/2024\/04\/cb4d4980-172a-4d1d-bba5-40bff05bc3d4.png","contentUrl":"https:\/\/www.magnetenspecialist.nl\/wp-content\/uploads\/2024\/04\/cb4d4980-172a-4d1d-bba5-40bff05bc3d4.png","width":1080,"height":1080},{"@type":"BreadcrumbList","@id":"https:\/\/www.magnetenspecialist.nl\/fr\/magasin\/aimants-numero-de-depart-fr\/aimants-de-depart-pour-les-coureurs-jeu-de-8-pieces\/#breadcrumb","itemListElement":[{"@type":"ListItem","position":1,"name":"Accueil","item":"https:\/\/www.magnetenspecialist.nl\/fr\/accueil\/"},{"@type":"ListItem","position":2,"name":"Boutique","item":"https:\/\/www.magnetenspecialist.nl\/fr\/boutique\/"},{"@type":"ListItem","position":3,"name":"Aimants en forme de chiffres de course (ensemble : 8 pi\u00e8ces)"}]},{"@type":"WebSite","@id":"https:\/\/www.magnetenspecialist.nl\/fr\/#website","url":"https:\/\/www.magnetenspecialist.nl\/fr\/","name":"Magnetenspecialist.nl","description":"Vaste gamme d'aimants en n\u00e9odyme","publisher":{"@id":"https:\/\/www.magnetenspecialist.nl\/fr\/#organization"},"potentialAction":[{"@type":"SearchAction","target":{"@type":"EntryPoint","urlTemplate":"https:\/\/www.magnetenspecialist.nl\/fr\/?s={search_term_string}"},"query-input":{"@type":"PropertyValueSpecification","valueRequired":true,"valueName":"search_term_string"}}],"inLanguage":"fr-FR"},{"@type":"Organization","@id":"https:\/\/www.magnetenspecialist.nl\/fr\/#organization","name":"Magnetenspecialist.nl","url":"https:\/\/www.magnetenspecialist.nl\/fr\/","logo":{"@type":"ImageObject","inLanguage":"fr-FR","@id":"https:\/\/www.magnetenspecialist.nl\/fr\/#\/schema\/logo\/image\/","url":"https:\/\/www.magnetenspecialist.nl\/wp-content\/uploads\/2018\/10\/magneten-logo.jpg","contentUrl":"https:\/\/www.magnetenspecialist.nl\/wp-content\/uploads\/2018\/10\/magneten-logo.jpg","width":151,"height":151,"caption":"Magnetenspecialist.nl"},"image":{"@id":"https:\/\/www.magnetenspecialist.nl\/fr\/#\/schema\/logo\/image\/"},"sameAs":["https:\/\/www.facebook.com\/Magnetenspecialist.nl","https:\/\/x.com\/magnetenspecial"]}]},"product_price_amount":"14.01","product_price_currency":"EUR","og_availability":"instock","product_availability":"instock","product_retailer_item_id":"st-ha","product_condition":"new"},"_links":{"self":[{"href":"https:\/\/www.magnetenspecialist.nl\/fr\/wp-json\/wp\/v2\/product\/91028","targetHints":{"allow":["GET"]}}],"collection":[{"href":"https:\/\/www.magnetenspecialist.nl\/fr\/wp-json\/wp\/v2\/product"}],"about":[{"href":"https:\/\/www.magnetenspecialist.nl\/fr\/wp-json\/wp\/v2\/types\/product"}],"wp:featuredmedia":[{"embeddable":true,"href":"https:\/\/www.magnetenspecialist.nl\/fr\/wp-json\/wp\/v2\/media\/129715"}],"wp:attachment":[{"href":"https:\/\/www.magnetenspecialist.nl\/fr\/wp-json\/wp\/v2\/media?parent=91028"}],"wp:term":[{"taxonomy":"product_brand","embeddable":true,"href":"https:\/\/www.magnetenspecialist.nl\/fr\/wp-json\/wp\/v2\/product_brand?post=91028"},{"taxonomy":"product_cat","embeddable":true,"href":"https:\/\/www.magnetenspecialist.nl\/fr\/wp-json\/wp\/v2\/product_cat?post=91028"},{"taxonomy":"product_tag","embeddable":true,"href":"https:\/\/www.magnetenspecialist.nl\/fr\/wp-json\/wp\/v2\/product_tag?post=91028"}],"curies":[{"name":"wp","href":"https:\/\/api.w.org\/{rel}","templated":true}]}}