{"id":91039,"date":"2019-03-08T11:02:57","date_gmt":"2019-03-08T10:02:57","guid":{"rendered":"https:\/\/www.magnetenspecialist.nl\/winkel\/non%20class\u00e9\/detecteur-de-pole-magnetique\/"},"modified":"2025-03-18T16:02:02","modified_gmt":"2025-03-18T15:02:02","slug":"detecteur-de-poles-magnetiques","status":"publish","type":"product","link":"https:\/\/www.magnetenspecialist.nl\/fr\/magasin\/autres-aimants\/detecteur-de-poles-magnetiques\/","title":{"rendered":"D\u00e9tecteur de p\u00f4les magn\u00e9tiques \/ d\u00e9tecteur de m\u00e9taux portatif pour l&#8217;inspection des denr\u00e9es alimentaires (priv\u00e9)"},"content":{"rendered":"<h3>Notre d\u00e9tecteur de p\u00f4les magn\u00e9tiques<\/h3>\n<p>  Le d\u00e9tecteur de p\u00f4les magn\u00e9tiques M-8 est un petit appareil de poche en forme de crayon qui permet de d\u00e9terminer les polarisations magn\u00e9tiques sur des pi\u00e8ces ferromagn\u00e9tiques ou sur des aimants et des circuits magn\u00e9tiques. Le petit aimant, qui oscille librement entre 4 points, s&#8217;adapte au moindre champ magn\u00e9tique externe (y compris le champ magn\u00e9tique terrestre). Le d\u00e9tecteur de p\u00f4les peut \u00e9galement \u00eatre utilis\u00e9 comme boussole ou pour identifier les particules m\u00e9talliques dans les aliments.<\/p>\n","protected":false},"excerpt":{"rendered":"<p>Livr\u00e9 dans une pochette<\/p>\n","protected":false},"featured_media":114105,"template":"","meta":{"_acf_changed":false},"product_brand":[3521],"product_cat":[1391],"product_tag":[3158],"class_list":{"0":"post-91039","1":"product","2":"type-product","3":"status-publish","4":"has-post-thumbnail","6":"product_brand-magnetenspecialist","7":"product_cat-autres-aimants","8":"product_tag-groep-3-fr","9":"pa_model-autres-aimants","11":"first","12":"instock","13":"taxable","14":"shipping-taxable","15":"purchasable","16":"product-type-simple"},"supplier_id":null,"supplier_sku":"","barcode":null,"atum_controlled":true,"out_stock_date":null,"out_stock_threshold":null,"inheritable":false,"inbound_stock":0,"stock_on_hold":0,"sold_today":1,"sales_last_days":2,"reserved_stock":0,"customer_returns":0,"warehouse_damage":0,"lost_in_post":0,"other_logs":0,"out_stock_days":0,"lost_sales":0,"has_location":false,"update_date":"2026-04-12T16:56:15","atum_locations":[],"atum_stock_status":"instock","restock_status":false,"low_stock_amount":10,"sales_update_date":"2026-04-12T16:56:14","calc_backorders":null,"acf":[],"yoast_head":"<!-- This site is optimized with the Yoast SEO Premium plugin v24.7 (Yoast SEO v24.7) - https:\/\/yoast.com\/wordpress\/plugins\/seo\/ -->\n<title>D\u00e9tecteur de p\u00f4les magn\u00e9tiques \/ d\u00e9tecteur de m\u00e9taux portatif pour l&#039;inspection des denr\u00e9es alimentaires (priv\u00e9) - Magnetenspecialist.nl<\/title>\n<meta name=\"description\" content=\"Vous cherchez un D\u00e9tecteur de p\u00f4les magn\u00e9tiques \/ d\u00e9tecteur de m\u00e9taux portatif pour l&#039;inspection des denr\u00e9es alimentaires (priv\u00e9)? Les aimants peuvent \u00eatre achet\u00e9s facilement en ligne sur Magnetenspecialist.nl \u2713 1 jour ouvrable de d\u00e9lai de livraison \u2713 14 jours de d\u00e9lai de r\u00e9flexion \u2713 Exp\u00e9dition ou enl\u00e8vement *.\" \/>\n<meta name=\"robots\" content=\"index, follow, max-snippet:-1, max-image-preview:large, max-video-preview:-1\" \/>\n<link rel=\"canonical\" href=\"https:\/\/www.magnetenspecialist.nl\/fr\/magasin\/autres-aimants\/detecteur-de-poles-magnetiques\/\" \/>\n<meta property=\"og:locale\" content=\"fr_FR\" \/>\n<meta property=\"og:type\" content=\"article\" \/>\n<meta property=\"og:title\" content=\"D\u00e9tecteur de p\u00f4les magn\u00e9tiques \/ d\u00e9tecteur de m\u00e9taux portatif pour l&#039;inspection des denr\u00e9es alimentaires (priv\u00e9)\" \/>\n<meta property=\"og:description\" content=\"Vous cherchez un D\u00e9tecteur de p\u00f4les magn\u00e9tiques \/ d\u00e9tecteur de m\u00e9taux portatif pour l&#039;inspection des denr\u00e9es alimentaires (priv\u00e9)? Les aimants peuvent \u00eatre achet\u00e9s facilement en ligne sur Magnetenspecialist.nl \u2713 1 jour ouvrable de d\u00e9lai de livraison \u2713 14 jours de d\u00e9lai de r\u00e9flexion \u2713 Exp\u00e9dition ou enl\u00e8vement *.\" \/>\n<meta property=\"og:url\" content=\"https:\/\/www.magnetenspecialist.nl\/fr\/magasin\/autres-aimants\/detecteur-de-poles-magnetiques\/\" \/>\n<meta property=\"og:site_name\" content=\"Magnetenspecialist.nl\" \/>\n<meta property=\"article:publisher\" content=\"https:\/\/www.facebook.com\/Magnetenspecialist.nl\" \/>\n<meta property=\"article:modified_time\" content=\"2025-03-18T15:02:02+00:00\" \/>\n<meta property=\"og:image\" content=\"https:\/\/www.magnetenspecialist.nl\/wp-content\/uploads\/2019\/03\/Magnetenspecialist.nl_Magnet-pole-finder-handzame-metaal-detector-voor-voedsel-inspectie-particulier_1.jpg\" \/>\n\t<meta property=\"og:image:width\" content=\"1500\" \/>\n\t<meta property=\"og:image:height\" content=\"1500\" \/>\n\t<meta property=\"og:image:type\" content=\"image\/jpeg\" \/>\n<meta name=\"twitter:card\" content=\"summary_large_image\" \/>\n<meta name=\"twitter:site\" content=\"@magnetenspecial\" \/>\n<meta name=\"twitter:label1\" content=\"Prix\" \/>\n\t<meta name=\"twitter:data1\" content=\"&euro;&nbsp;10,33\" \/>\n\t<meta name=\"twitter:label2\" content=\"Disponibilit\u00e9\" \/>\n\t<meta name=\"twitter:data2\" content=\"En stock\" \/>\n<script type=\"application\/ld+json\" class=\"yoast-schema-graph\">{\"@context\":\"https:\/\/schema.org\",\"@graph\":[{\"@type\":\"WebPage\",\"@id\":\"https:\/\/www.magnetenspecialist.nl\/fr\/magasin\/autres-aimants\/detecteur-de-poles-magnetiques\/\",\"url\":\"https:\/\/www.magnetenspecialist.nl\/fr\/magasin\/autres-aimants\/detecteur-de-poles-magnetiques\/\",\"name\":\"D\u00e9tecteur de p\u00f4les magn\u00e9tiques \/ d\u00e9tecteur de m\u00e9taux portatif pour l'inspection des denr\u00e9es alimentaires (priv\u00e9) - Magnetenspecialist.nl\",\"isPartOf\":{\"@id\":\"https:\/\/www.magnetenspecialist.nl\/fr\/#website\"},\"primaryImageOfPage\":{\"@id\":\"https:\/\/www.magnetenspecialist.nl\/fr\/magasin\/autres-aimants\/detecteur-de-poles-magnetiques\/#primaryimage\"},\"image\":{\"@id\":\"https:\/\/www.magnetenspecialist.nl\/fr\/magasin\/autres-aimants\/detecteur-de-poles-magnetiques\/#primaryimage\"},\"thumbnailUrl\":\"https:\/\/www.magnetenspecialist.nl\/wp-content\/uploads\/2019\/03\/Magnetenspecialist.nl_Magnet-pole-finder-handzame-metaal-detector-voor-voedsel-inspectie-particulier_1.jpg\",\"datePublished\":\"2019-03-08T10:02:57+00:00\",\"dateModified\":\"2025-03-18T15:02:02+00:00\",\"description\":\"Vous cherchez un D\u00e9tecteur de p\u00f4les magn\u00e9tiques \/ d\u00e9tecteur de m\u00e9taux portatif pour l'inspection des denr\u00e9es alimentaires (priv\u00e9)? Les aimants peuvent \u00eatre achet\u00e9s facilement en ligne sur Magnetenspecialist.nl \u2713 1 jour ouvrable de d\u00e9lai de livraison \u2713 14 jours de d\u00e9lai de r\u00e9flexion \u2713 Exp\u00e9dition ou enl\u00e8vement *.\",\"breadcrumb\":{\"@id\":\"https:\/\/www.magnetenspecialist.nl\/fr\/magasin\/autres-aimants\/detecteur-de-poles-magnetiques\/#breadcrumb\"},\"inLanguage\":\"fr-FR\",\"potentialAction\":[{\"@type\":\"ReadAction\",\"target\":[\"https:\/\/www.magnetenspecialist.nl\/fr\/magasin\/autres-aimants\/detecteur-de-poles-magnetiques\/\"]}]},{\"@type\":\"ImageObject\",\"inLanguage\":\"fr-FR\",\"@id\":\"https:\/\/www.magnetenspecialist.nl\/fr\/magasin\/autres-aimants\/detecteur-de-poles-magnetiques\/#primaryimage\",\"url\":\"https:\/\/www.magnetenspecialist.nl\/wp-content\/uploads\/2019\/03\/Magnetenspecialist.nl_Magnet-pole-finder-handzame-metaal-detector-voor-voedsel-inspectie-particulier_1.jpg\",\"contentUrl\":\"https:\/\/www.magnetenspecialist.nl\/wp-content\/uploads\/2019\/03\/Magnetenspecialist.nl_Magnet-pole-finder-handzame-metaal-detector-voor-voedsel-inspectie-particulier_1.jpg\",\"width\":1500,\"height\":1500},{\"@type\":\"BreadcrumbList\",\"@id\":\"https:\/\/www.magnetenspecialist.nl\/fr\/magasin\/autres-aimants\/detecteur-de-poles-magnetiques\/#breadcrumb\",\"itemListElement\":[{\"@type\":\"ListItem\",\"position\":1,\"name\":\"Accueil\",\"item\":\"https:\/\/www.magnetenspecialist.nl\/fr\/accueil\/\"},{\"@type\":\"ListItem\",\"position\":2,\"name\":\"Boutique\",\"item\":\"https:\/\/www.magnetenspecialist.nl\/fr\/boutique\/\"},{\"@type\":\"ListItem\",\"position\":3,\"name\":\"D\u00e9tecteur de p\u00f4les magn\u00e9tiques \/ d\u00e9tecteur de m\u00e9taux portatif pour l&#8217;inspection des denr\u00e9es alimentaires (priv\u00e9)\"}]},{\"@type\":\"WebSite\",\"@id\":\"https:\/\/www.magnetenspecialist.nl\/fr\/#website\",\"url\":\"https:\/\/www.magnetenspecialist.nl\/fr\/\",\"name\":\"Magnetenspecialist.nl\",\"description\":\"Vaste gamme d'aimants en n\u00e9odyme\",\"publisher\":{\"@id\":\"https:\/\/www.magnetenspecialist.nl\/fr\/#organization\"},\"potentialAction\":[{\"@type\":\"SearchAction\",\"target\":{\"@type\":\"EntryPoint\",\"urlTemplate\":\"https:\/\/www.magnetenspecialist.nl\/fr\/?s={search_term_string}\"},\"query-input\":{\"@type\":\"PropertyValueSpecification\",\"valueRequired\":true,\"valueName\":\"search_term_string\"}}],\"inLanguage\":\"fr-FR\"},{\"@type\":\"Organization\",\"@id\":\"https:\/\/www.magnetenspecialist.nl\/fr\/#organization\",\"name\":\"Magnetenspecialist.nl\",\"url\":\"https:\/\/www.magnetenspecialist.nl\/fr\/\",\"logo\":{\"@type\":\"ImageObject\",\"inLanguage\":\"fr-FR\",\"@id\":\"https:\/\/www.magnetenspecialist.nl\/fr\/#\/schema\/logo\/image\/\",\"url\":\"https:\/\/www.magnetenspecialist.nl\/wp-content\/uploads\/2018\/10\/magneten-logo.jpg\",\"contentUrl\":\"https:\/\/www.magnetenspecialist.nl\/wp-content\/uploads\/2018\/10\/magneten-logo.jpg\",\"width\":151,\"height\":151,\"caption\":\"Magnetenspecialist.nl\"},\"image\":{\"@id\":\"https:\/\/www.magnetenspecialist.nl\/fr\/#\/schema\/logo\/image\/\"},\"sameAs\":[\"https:\/\/www.facebook.com\/Magnetenspecialist.nl\",\"https:\/\/x.com\/magnetenspecial\"]}]}<\/script>\n<meta property=\"product:price:amount\" content=\"10.33\" \/>\n<meta property=\"product:price:currency\" content=\"EUR\" \/>\n<meta property=\"og:availability\" content=\"instock\" \/>\n<meta property=\"product:availability\" content=\"instock\" \/>\n<meta property=\"product:retailer_item_id\" content=\"po-fi\" \/>\n<meta property=\"product:condition\" content=\"new\" \/>\n<!-- \/ Yoast SEO Premium plugin. -->","yoast_head_json":{"title":"D\u00e9tecteur de p\u00f4les magn\u00e9tiques \/ d\u00e9tecteur de m\u00e9taux portatif pour l'inspection des denr\u00e9es alimentaires (priv\u00e9) - Magnetenspecialist.nl","description":"Vous cherchez un D\u00e9tecteur de p\u00f4les magn\u00e9tiques \/ d\u00e9tecteur de m\u00e9taux portatif pour l'inspection des denr\u00e9es alimentaires (priv\u00e9)? Les aimants peuvent \u00eatre achet\u00e9s facilement en ligne sur Magnetenspecialist.nl \u2713 1 jour ouvrable de d\u00e9lai de livraison \u2713 14 jours de d\u00e9lai de r\u00e9flexion \u2713 Exp\u00e9dition ou enl\u00e8vement *.","robots":{"index":"index","follow":"follow","max-snippet":"max-snippet:-1","max-image-preview":"max-image-preview:large","max-video-preview":"max-video-preview:-1"},"canonical":"https:\/\/www.magnetenspecialist.nl\/fr\/magasin\/autres-aimants\/detecteur-de-poles-magnetiques\/","og_locale":"fr_FR","og_type":"article","og_title":"D\u00e9tecteur de p\u00f4les magn\u00e9tiques \/ d\u00e9tecteur de m\u00e9taux portatif pour l'inspection des denr\u00e9es alimentaires (priv\u00e9)","og_description":"Vous cherchez un D\u00e9tecteur de p\u00f4les magn\u00e9tiques \/ d\u00e9tecteur de m\u00e9taux portatif pour l'inspection des denr\u00e9es alimentaires (priv\u00e9)? Les aimants peuvent \u00eatre achet\u00e9s facilement en ligne sur Magnetenspecialist.nl \u2713 1 jour ouvrable de d\u00e9lai de livraison \u2713 14 jours de d\u00e9lai de r\u00e9flexion \u2713 Exp\u00e9dition ou enl\u00e8vement *.","og_url":"https:\/\/www.magnetenspecialist.nl\/fr\/magasin\/autres-aimants\/detecteur-de-poles-magnetiques\/","og_site_name":"Magnetenspecialist.nl","article_publisher":"https:\/\/www.facebook.com\/Magnetenspecialist.nl","article_modified_time":"2025-03-18T15:02:02+00:00","og_image":[{"width":1500,"height":1500,"url":"https:\/\/www.magnetenspecialist.nl\/wp-content\/uploads\/2019\/03\/Magnetenspecialist.nl_Magnet-pole-finder-handzame-metaal-detector-voor-voedsel-inspectie-particulier_1.jpg","type":"image\/jpeg"}],"twitter_card":"summary_large_image","twitter_site":"@magnetenspecial","twitter_misc":{"Prix":"&euro;&nbsp;10,33","Disponibilit\u00e9":"En stock"},"schema":{"@context":"https:\/\/schema.org","@graph":[{"@type":"WebPage","@id":"https:\/\/www.magnetenspecialist.nl\/fr\/magasin\/autres-aimants\/detecteur-de-poles-magnetiques\/","url":"https:\/\/www.magnetenspecialist.nl\/fr\/magasin\/autres-aimants\/detecteur-de-poles-magnetiques\/","name":"D\u00e9tecteur de p\u00f4les magn\u00e9tiques \/ d\u00e9tecteur de m\u00e9taux portatif pour l'inspection des denr\u00e9es alimentaires (priv\u00e9) - Magnetenspecialist.nl","isPartOf":{"@id":"https:\/\/www.magnetenspecialist.nl\/fr\/#website"},"primaryImageOfPage":{"@id":"https:\/\/www.magnetenspecialist.nl\/fr\/magasin\/autres-aimants\/detecteur-de-poles-magnetiques\/#primaryimage"},"image":{"@id":"https:\/\/www.magnetenspecialist.nl\/fr\/magasin\/autres-aimants\/detecteur-de-poles-magnetiques\/#primaryimage"},"thumbnailUrl":"https:\/\/www.magnetenspecialist.nl\/wp-content\/uploads\/2019\/03\/Magnetenspecialist.nl_Magnet-pole-finder-handzame-metaal-detector-voor-voedsel-inspectie-particulier_1.jpg","datePublished":"2019-03-08T10:02:57+00:00","dateModified":"2025-03-18T15:02:02+00:00","description":"Vous cherchez un D\u00e9tecteur de p\u00f4les magn\u00e9tiques \/ d\u00e9tecteur de m\u00e9taux portatif pour l'inspection des denr\u00e9es alimentaires (priv\u00e9)? Les aimants peuvent \u00eatre achet\u00e9s facilement en ligne sur Magnetenspecialist.nl \u2713 1 jour ouvrable de d\u00e9lai de livraison \u2713 14 jours de d\u00e9lai de r\u00e9flexion \u2713 Exp\u00e9dition ou enl\u00e8vement *.","breadcrumb":{"@id":"https:\/\/www.magnetenspecialist.nl\/fr\/magasin\/autres-aimants\/detecteur-de-poles-magnetiques\/#breadcrumb"},"inLanguage":"fr-FR","potentialAction":[{"@type":"ReadAction","target":["https:\/\/www.magnetenspecialist.nl\/fr\/magasin\/autres-aimants\/detecteur-de-poles-magnetiques\/"]}]},{"@type":"ImageObject","inLanguage":"fr-FR","@id":"https:\/\/www.magnetenspecialist.nl\/fr\/magasin\/autres-aimants\/detecteur-de-poles-magnetiques\/#primaryimage","url":"https:\/\/www.magnetenspecialist.nl\/wp-content\/uploads\/2019\/03\/Magnetenspecialist.nl_Magnet-pole-finder-handzame-metaal-detector-voor-voedsel-inspectie-particulier_1.jpg","contentUrl":"https:\/\/www.magnetenspecialist.nl\/wp-content\/uploads\/2019\/03\/Magnetenspecialist.nl_Magnet-pole-finder-handzame-metaal-detector-voor-voedsel-inspectie-particulier_1.jpg","width":1500,"height":1500},{"@type":"BreadcrumbList","@id":"https:\/\/www.magnetenspecialist.nl\/fr\/magasin\/autres-aimants\/detecteur-de-poles-magnetiques\/#breadcrumb","itemListElement":[{"@type":"ListItem","position":1,"name":"Accueil","item":"https:\/\/www.magnetenspecialist.nl\/fr\/accueil\/"},{"@type":"ListItem","position":2,"name":"Boutique","item":"https:\/\/www.magnetenspecialist.nl\/fr\/boutique\/"},{"@type":"ListItem","position":3,"name":"D\u00e9tecteur de p\u00f4les magn\u00e9tiques \/ d\u00e9tecteur de m\u00e9taux portatif pour l&#8217;inspection des denr\u00e9es alimentaires (priv\u00e9)"}]},{"@type":"WebSite","@id":"https:\/\/www.magnetenspecialist.nl\/fr\/#website","url":"https:\/\/www.magnetenspecialist.nl\/fr\/","name":"Magnetenspecialist.nl","description":"Vaste gamme d'aimants en n\u00e9odyme","publisher":{"@id":"https:\/\/www.magnetenspecialist.nl\/fr\/#organization"},"potentialAction":[{"@type":"SearchAction","target":{"@type":"EntryPoint","urlTemplate":"https:\/\/www.magnetenspecialist.nl\/fr\/?s={search_term_string}"},"query-input":{"@type":"PropertyValueSpecification","valueRequired":true,"valueName":"search_term_string"}}],"inLanguage":"fr-FR"},{"@type":"Organization","@id":"https:\/\/www.magnetenspecialist.nl\/fr\/#organization","name":"Magnetenspecialist.nl","url":"https:\/\/www.magnetenspecialist.nl\/fr\/","logo":{"@type":"ImageObject","inLanguage":"fr-FR","@id":"https:\/\/www.magnetenspecialist.nl\/fr\/#\/schema\/logo\/image\/","url":"https:\/\/www.magnetenspecialist.nl\/wp-content\/uploads\/2018\/10\/magneten-logo.jpg","contentUrl":"https:\/\/www.magnetenspecialist.nl\/wp-content\/uploads\/2018\/10\/magneten-logo.jpg","width":151,"height":151,"caption":"Magnetenspecialist.nl"},"image":{"@id":"https:\/\/www.magnetenspecialist.nl\/fr\/#\/schema\/logo\/image\/"},"sameAs":["https:\/\/www.facebook.com\/Magnetenspecialist.nl","https:\/\/x.com\/magnetenspecial"]}]},"product_price_amount":"10.33","product_price_currency":"EUR","og_availability":"instock","product_availability":"instock","product_retailer_item_id":"po-fi","product_condition":"new"},"_links":{"self":[{"href":"https:\/\/www.magnetenspecialist.nl\/fr\/wp-json\/wp\/v2\/product\/91039","targetHints":{"allow":["GET"]}}],"collection":[{"href":"https:\/\/www.magnetenspecialist.nl\/fr\/wp-json\/wp\/v2\/product"}],"about":[{"href":"https:\/\/www.magnetenspecialist.nl\/fr\/wp-json\/wp\/v2\/types\/product"}],"wp:featuredmedia":[{"embeddable":true,"href":"https:\/\/www.magnetenspecialist.nl\/fr\/wp-json\/wp\/v2\/media\/114105"}],"wp:attachment":[{"href":"https:\/\/www.magnetenspecialist.nl\/fr\/wp-json\/wp\/v2\/media?parent=91039"}],"wp:term":[{"taxonomy":"product_brand","embeddable":true,"href":"https:\/\/www.magnetenspecialist.nl\/fr\/wp-json\/wp\/v2\/product_brand?post=91039"},{"taxonomy":"product_cat","embeddable":true,"href":"https:\/\/www.magnetenspecialist.nl\/fr\/wp-json\/wp\/v2\/product_cat?post=91039"},{"taxonomy":"product_tag","embeddable":true,"href":"https:\/\/www.magnetenspecialist.nl\/fr\/wp-json\/wp\/v2\/product_tag?post=91039"}],"curies":[{"name":"wp","href":"https:\/\/api.w.org\/{rel}","templated":true}]}}