{"id":91485,"date":"2019-03-08T11:01:41","date_gmt":"2019-03-08T10:01:41","guid":{"rendered":"https:\/\/www.magnetenspecialist.nl\/winkel\/non%20class\u00e9\/parallelepipede-magnetique-autocollant-30-x-10-x-1-mm\/"},"modified":"2025-04-07T10:44:02","modified_gmt":"2025-04-07T08:44:02","slug":"blokmagneet-30-x-10-x-1-mm-zelfklevend","status":"publish","type":"product","link":"https:\/\/www.magnetenspecialist.nl\/fr\/magasin\/parallelepipedes-magnetiques\/blokmagneet-30-x-10-x-1-mm-zelfklevend\/","title":{"rendered":"Bloc magn\u00e9tique 30 x 10 x 1 mm (autocollant)"},"content":{"rendered":"<p class=\"\" data-start=\"92\" data-end=\"136\"><strong data-start=\"92\" data-end=\"136\">Bloc magn\u00e9tique 30 x 10 x 1 mm (autocollant)<\/strong><\/p>\n<p class=\"\" data-start=\"138\" data-end=\"557\">Ce bloc aimant\u00e9 autocollant mesure 30 mm x 10 mm x 1 mm et est id\u00e9al pour diverses applications n\u00e9cessitant une forte force magn\u00e9tique. Le support autocollant permet de fixer facilement l&#8217;aimant sur diverses surfaces, rapidement et sans outils. Cet aimant est parfait pour fixer des objets, cr\u00e9er des pr\u00e9sentoirs ou utiliser dans des projets d&#8217;artisanat et de loisirs.  <\/p>\n<p class=\"\" data-start=\"559\" data-end=\"573\"><strong data-start=\"559\" data-end=\"573\">Caract\u00e9ristiques :<\/strong><\/p>\n<ul data-start=\"574\" data-end=\"909\">\n<li class=\"\" data-start=\"574\" data-end=\"635\">\n<p class=\"\" data-start=\"576\" data-end=\"635\">Dimensions : 30 mm (longueur) x 10 mm (largeur) x 1 mm (\u00e9paisseur)<\/p>\n<\/li>\n<li class=\"\" data-start=\"636\" data-end=\"689\">\n<p class=\"\" data-start=\"638\" data-end=\"689\">Forte force magn\u00e9tique pour une adh\u00e9sion fiable<\/p>\n<\/li>\n<li class=\"\" data-start=\"690\" data-end=\"745\">\n<p class=\"\" data-start=\"692\" data-end=\"745\">Support autocollant pour une installation facile<\/p>\n<\/li>\n<li class=\"\" data-start=\"746\" data-end=\"827\">\n<p class=\"\" data-start=\"748\" data-end=\"827\">Convient \u00e0 une large gamme de surfaces, telles que le m\u00e9tal, le bois et le plastique.<\/p>\n<\/li>\n<li class=\"\" data-start=\"828\" data-end=\"909\">\n<p class=\"\" data-start=\"830\" data-end=\"909\">Parfait pour l&#8217;artisanat, les loisirs, les pr\u00e9sentoirs et la fixation d&#8217;objets l\u00e9gers.<\/p>\n<\/li>\n<\/ul>\n<p class=\"\" data-start=\"911\" data-end=\"1036\">Avec cet aimant en forme de bloc, vous pouvez facilement et rapidement \u00e9tablir une connexion magn\u00e9tique solide sans mat\u00e9riel ni outils suppl\u00e9mentaires.<\/p>\n","protected":false},"excerpt":{"rendered":"<p>Bloc magn\u00e9tique 30 x 10 x 1 mm (autocollant) Ce bloc aimant\u00e9 autocollant mesure 30 mm x 10 mm x 1 mm et est id\u00e9al pour diverses applications n\u00e9cessitant une forte force magn\u00e9tique. Le support autocollant permet de fixer facilement l&#8217;aimant sur diverses surfaces, rapidement et sans outils. Cet aimant est parfait pour fixer des [&hellip;]<\/p>\n","protected":false},"featured_media":113417,"template":"","meta":{"_acf_changed":false},"product_brand":[3521],"product_cat":[1376],"product_tag":[3159],"class_list":{"0":"post-91485","1":"product","2":"type-product","3":"status-publish","4":"has-post-thumbnail","6":"product_brand-magnetenspecialist","7":"product_cat-parallelepipedes-magnetiques","8":"product_tag-groep-4-fr","9":"pa_herkomst-chine","10":"pa_houdkracht-1-1-fr","11":"pa_magnetisering-n45-fr","12":"pa_magnetiseringsrichting-axiaal-fr","13":"pa_materiaal-nickele-ni-cu-ni-fr-2","14":"pa_maximale-gebruikstemperatuur-80-fr","15":"pa_model-bloc","16":"pa_preferentiele-oorsprong-non","17":"pa_taric-code-8505-1110-99-0-fr","19":"first","20":"instock","21":"taxable","22":"shipping-taxable","23":"purchasable","24":"product-type-simple"},"supplier_id":null,"supplier_sku":"","barcode":null,"atum_controlled":true,"out_stock_date":null,"out_stock_threshold":null,"inheritable":false,"inbound_stock":0,"stock_on_hold":0,"sold_today":40,"sales_last_days":50,"reserved_stock":0,"customer_returns":0,"warehouse_damage":0,"lost_in_post":0,"other_logs":0,"out_stock_days":0,"lost_sales":0,"has_location":false,"update_date":"2026-04-21T13:20:33","atum_locations":[],"atum_stock_status":"instock","restock_status":false,"low_stock_amount":3000,"sales_update_date":"2026-04-20T08:53:12","calc_backorders":null,"acf":[],"yoast_head":"<!-- This site is optimized with the Yoast SEO Premium plugin v24.7 (Yoast SEO v24.7) - https:\/\/yoast.com\/wordpress\/plugins\/seo\/ -->\n<title>Bloc aimant\u00e9 30 x 10 x 1 mm (autocollant) Fixer des objets l\u00e9gers<\/title>\n<meta name=\"description\" content=\"D\u00e9couvrez la puissance du bloc magn\u00e9tique 30 x 10 x 1 mm (autocollant) pour une fixation facile. Id\u00e9al pour les projets d&#039;artisanat et de loisirs !\" \/>\n<meta name=\"robots\" content=\"index, follow, max-snippet:-1, max-image-preview:large, max-video-preview:-1\" \/>\n<link rel=\"canonical\" href=\"https:\/\/www.magnetenspecialist.nl\/fr\/magasin\/parallelepipedes-magnetiques\/blokmagneet-30-x-10-x-1-mm-zelfklevend\/\" \/>\n<meta property=\"og:locale\" content=\"fr_FR\" \/>\n<meta property=\"og:type\" content=\"article\" \/>\n<meta property=\"og:title\" content=\"Bloc magn\u00e9tique 30 x 10 x 1 mm (autocollant)\" \/>\n<meta property=\"og:description\" content=\"D\u00e9couvrez la puissance du bloc magn\u00e9tique 30 x 10 x 1 mm (autocollant) pour une fixation facile. Id\u00e9al pour les projets d&#039;artisanat et de loisirs !\" \/>\n<meta property=\"og:url\" content=\"https:\/\/www.magnetenspecialist.nl\/fr\/magasin\/parallelepipedes-magnetiques\/blokmagneet-30-x-10-x-1-mm-zelfklevend\/\" \/>\n<meta property=\"og:site_name\" content=\"Magnetenspecialist.nl\" \/>\n<meta property=\"article:publisher\" content=\"https:\/\/www.facebook.com\/Magnetenspecialist.nl\" \/>\n<meta property=\"article:modified_time\" content=\"2025-04-07T08:44:02+00:00\" \/>\n<meta property=\"og:image\" content=\"https:\/\/www.magnetenspecialist.nl\/wp-content\/uploads\/2019\/03\/Magnetenspecialist.nl_Blokmagneet-30-x-10-x-1-mm-zelfklevend_1.jpg\" \/>\n\t<meta property=\"og:image:width\" content=\"1500\" \/>\n\t<meta property=\"og:image:height\" content=\"1500\" \/>\n\t<meta property=\"og:image:type\" content=\"image\/jpeg\" \/>\n<meta name=\"twitter:card\" content=\"summary_large_image\" \/>\n<meta name=\"twitter:site\" content=\"@magnetenspecial\" \/>\n<meta name=\"twitter:label1\" content=\"Prix\" \/>\n\t<meta name=\"twitter:data1\" content=\"&euro;&nbsp;1,24\" \/>\n\t<meta name=\"twitter:label2\" content=\"Disponibilit\u00e9\" \/>\n\t<meta name=\"twitter:data2\" content=\"En stock\" \/>\n<script type=\"application\/ld+json\" class=\"yoast-schema-graph\">{\"@context\":\"https:\/\/schema.org\",\"@graph\":[{\"@type\":\"WebPage\",\"@id\":\"https:\/\/www.magnetenspecialist.nl\/fr\/magasin\/parallelepipedes-magnetiques\/blokmagneet-30-x-10-x-1-mm-zelfklevend\/\",\"url\":\"https:\/\/www.magnetenspecialist.nl\/fr\/magasin\/parallelepipedes-magnetiques\/blokmagneet-30-x-10-x-1-mm-zelfklevend\/\",\"name\":\"Bloc aimant\u00e9 30 x 10 x 1 mm (autocollant) Fixer des objets l\u00e9gers\",\"isPartOf\":{\"@id\":\"https:\/\/www.magnetenspecialist.nl\/fr\/#website\"},\"primaryImageOfPage\":{\"@id\":\"https:\/\/www.magnetenspecialist.nl\/fr\/magasin\/parallelepipedes-magnetiques\/blokmagneet-30-x-10-x-1-mm-zelfklevend\/#primaryimage\"},\"image\":{\"@id\":\"https:\/\/www.magnetenspecialist.nl\/fr\/magasin\/parallelepipedes-magnetiques\/blokmagneet-30-x-10-x-1-mm-zelfklevend\/#primaryimage\"},\"thumbnailUrl\":\"https:\/\/www.magnetenspecialist.nl\/wp-content\/uploads\/2019\/03\/Magnetenspecialist.nl_Blokmagneet-30-x-10-x-1-mm-zelfklevend_1.jpg\",\"datePublished\":\"2019-03-08T10:01:41+00:00\",\"dateModified\":\"2025-04-07T08:44:02+00:00\",\"description\":\"D\u00e9couvrez la puissance du bloc magn\u00e9tique 30 x 10 x 1 mm (autocollant) pour une fixation facile. Id\u00e9al pour les projets d'artisanat et de loisirs !\",\"breadcrumb\":{\"@id\":\"https:\/\/www.magnetenspecialist.nl\/fr\/magasin\/parallelepipedes-magnetiques\/blokmagneet-30-x-10-x-1-mm-zelfklevend\/#breadcrumb\"},\"inLanguage\":\"fr-FR\",\"potentialAction\":[{\"@type\":\"ReadAction\",\"target\":[\"https:\/\/www.magnetenspecialist.nl\/fr\/magasin\/parallelepipedes-magnetiques\/blokmagneet-30-x-10-x-1-mm-zelfklevend\/\"]}]},{\"@type\":\"ImageObject\",\"inLanguage\":\"fr-FR\",\"@id\":\"https:\/\/www.magnetenspecialist.nl\/fr\/magasin\/parallelepipedes-magnetiques\/blokmagneet-30-x-10-x-1-mm-zelfklevend\/#primaryimage\",\"url\":\"https:\/\/www.magnetenspecialist.nl\/wp-content\/uploads\/2019\/03\/Magnetenspecialist.nl_Blokmagneet-30-x-10-x-1-mm-zelfklevend_1.jpg\",\"contentUrl\":\"https:\/\/www.magnetenspecialist.nl\/wp-content\/uploads\/2019\/03\/Magnetenspecialist.nl_Blokmagneet-30-x-10-x-1-mm-zelfklevend_1.jpg\",\"width\":1500,\"height\":1500},{\"@type\":\"BreadcrumbList\",\"@id\":\"https:\/\/www.magnetenspecialist.nl\/fr\/magasin\/parallelepipedes-magnetiques\/blokmagneet-30-x-10-x-1-mm-zelfklevend\/#breadcrumb\",\"itemListElement\":[{\"@type\":\"ListItem\",\"position\":1,\"name\":\"Accueil\",\"item\":\"https:\/\/www.magnetenspecialist.nl\/fr\/accueil\/\"},{\"@type\":\"ListItem\",\"position\":2,\"name\":\"Boutique\",\"item\":\"https:\/\/www.magnetenspecialist.nl\/fr\/boutique\/\"},{\"@type\":\"ListItem\",\"position\":3,\"name\":\"Bloc magn\u00e9tique 30 x 10 x 1 mm (autocollant)\"}]},{\"@type\":\"WebSite\",\"@id\":\"https:\/\/www.magnetenspecialist.nl\/fr\/#website\",\"url\":\"https:\/\/www.magnetenspecialist.nl\/fr\/\",\"name\":\"Magnetenspecialist.nl\",\"description\":\"Vaste gamme d'aimants en n\u00e9odyme\",\"publisher\":{\"@id\":\"https:\/\/www.magnetenspecialist.nl\/fr\/#organization\"},\"potentialAction\":[{\"@type\":\"SearchAction\",\"target\":{\"@type\":\"EntryPoint\",\"urlTemplate\":\"https:\/\/www.magnetenspecialist.nl\/fr\/?s={search_term_string}\"},\"query-input\":{\"@type\":\"PropertyValueSpecification\",\"valueRequired\":true,\"valueName\":\"search_term_string\"}}],\"inLanguage\":\"fr-FR\"},{\"@type\":\"Organization\",\"@id\":\"https:\/\/www.magnetenspecialist.nl\/fr\/#organization\",\"name\":\"Magnetenspecialist.nl\",\"url\":\"https:\/\/www.magnetenspecialist.nl\/fr\/\",\"logo\":{\"@type\":\"ImageObject\",\"inLanguage\":\"fr-FR\",\"@id\":\"https:\/\/www.magnetenspecialist.nl\/fr\/#\/schema\/logo\/image\/\",\"url\":\"https:\/\/www.magnetenspecialist.nl\/wp-content\/uploads\/2018\/10\/magneten-logo.jpg\",\"contentUrl\":\"https:\/\/www.magnetenspecialist.nl\/wp-content\/uploads\/2018\/10\/magneten-logo.jpg\",\"width\":151,\"height\":151,\"caption\":\"Magnetenspecialist.nl\"},\"image\":{\"@id\":\"https:\/\/www.magnetenspecialist.nl\/fr\/#\/schema\/logo\/image\/\"},\"sameAs\":[\"https:\/\/www.facebook.com\/Magnetenspecialist.nl\",\"https:\/\/x.com\/magnetenspecial\"]}]}<\/script>\n<meta property=\"product:price:amount\" content=\"1.24\" \/>\n<meta property=\"product:price:currency\" content=\"EUR\" \/>\n<meta property=\"og:availability\" content=\"instock\" \/>\n<meta property=\"product:availability\" content=\"instock\" \/>\n<meta property=\"product:retailer_item_id\" content=\"bl030x010x001-N-Z\" \/>\n<meta property=\"product:condition\" content=\"new\" \/>\n<!-- \/ Yoast SEO Premium plugin. -->","yoast_head_json":{"title":"Bloc aimant\u00e9 30 x 10 x 1 mm (autocollant) Fixer des objets l\u00e9gers","description":"D\u00e9couvrez la puissance du bloc magn\u00e9tique 30 x 10 x 1 mm (autocollant) pour une fixation facile. Id\u00e9al pour les projets d'artisanat et de loisirs !","robots":{"index":"index","follow":"follow","max-snippet":"max-snippet:-1","max-image-preview":"max-image-preview:large","max-video-preview":"max-video-preview:-1"},"canonical":"https:\/\/www.magnetenspecialist.nl\/fr\/magasin\/parallelepipedes-magnetiques\/blokmagneet-30-x-10-x-1-mm-zelfklevend\/","og_locale":"fr_FR","og_type":"article","og_title":"Bloc magn\u00e9tique 30 x 10 x 1 mm (autocollant)","og_description":"D\u00e9couvrez la puissance du bloc magn\u00e9tique 30 x 10 x 1 mm (autocollant) pour une fixation facile. Id\u00e9al pour les projets d'artisanat et de loisirs !","og_url":"https:\/\/www.magnetenspecialist.nl\/fr\/magasin\/parallelepipedes-magnetiques\/blokmagneet-30-x-10-x-1-mm-zelfklevend\/","og_site_name":"Magnetenspecialist.nl","article_publisher":"https:\/\/www.facebook.com\/Magnetenspecialist.nl","article_modified_time":"2025-04-07T08:44:02+00:00","og_image":[{"width":1500,"height":1500,"url":"https:\/\/www.magnetenspecialist.nl\/wp-content\/uploads\/2019\/03\/Magnetenspecialist.nl_Blokmagneet-30-x-10-x-1-mm-zelfklevend_1.jpg","type":"image\/jpeg"}],"twitter_card":"summary_large_image","twitter_site":"@magnetenspecial","twitter_misc":{"Prix":"&euro;&nbsp;1,24","Disponibilit\u00e9":"En stock"},"schema":{"@context":"https:\/\/schema.org","@graph":[{"@type":"WebPage","@id":"https:\/\/www.magnetenspecialist.nl\/fr\/magasin\/parallelepipedes-magnetiques\/blokmagneet-30-x-10-x-1-mm-zelfklevend\/","url":"https:\/\/www.magnetenspecialist.nl\/fr\/magasin\/parallelepipedes-magnetiques\/blokmagneet-30-x-10-x-1-mm-zelfklevend\/","name":"Bloc aimant\u00e9 30 x 10 x 1 mm (autocollant) Fixer des objets l\u00e9gers","isPartOf":{"@id":"https:\/\/www.magnetenspecialist.nl\/fr\/#website"},"primaryImageOfPage":{"@id":"https:\/\/www.magnetenspecialist.nl\/fr\/magasin\/parallelepipedes-magnetiques\/blokmagneet-30-x-10-x-1-mm-zelfklevend\/#primaryimage"},"image":{"@id":"https:\/\/www.magnetenspecialist.nl\/fr\/magasin\/parallelepipedes-magnetiques\/blokmagneet-30-x-10-x-1-mm-zelfklevend\/#primaryimage"},"thumbnailUrl":"https:\/\/www.magnetenspecialist.nl\/wp-content\/uploads\/2019\/03\/Magnetenspecialist.nl_Blokmagneet-30-x-10-x-1-mm-zelfklevend_1.jpg","datePublished":"2019-03-08T10:01:41+00:00","dateModified":"2025-04-07T08:44:02+00:00","description":"D\u00e9couvrez la puissance du bloc magn\u00e9tique 30 x 10 x 1 mm (autocollant) pour une fixation facile. Id\u00e9al pour les projets d'artisanat et de loisirs !","breadcrumb":{"@id":"https:\/\/www.magnetenspecialist.nl\/fr\/magasin\/parallelepipedes-magnetiques\/blokmagneet-30-x-10-x-1-mm-zelfklevend\/#breadcrumb"},"inLanguage":"fr-FR","potentialAction":[{"@type":"ReadAction","target":["https:\/\/www.magnetenspecialist.nl\/fr\/magasin\/parallelepipedes-magnetiques\/blokmagneet-30-x-10-x-1-mm-zelfklevend\/"]}]},{"@type":"ImageObject","inLanguage":"fr-FR","@id":"https:\/\/www.magnetenspecialist.nl\/fr\/magasin\/parallelepipedes-magnetiques\/blokmagneet-30-x-10-x-1-mm-zelfklevend\/#primaryimage","url":"https:\/\/www.magnetenspecialist.nl\/wp-content\/uploads\/2019\/03\/Magnetenspecialist.nl_Blokmagneet-30-x-10-x-1-mm-zelfklevend_1.jpg","contentUrl":"https:\/\/www.magnetenspecialist.nl\/wp-content\/uploads\/2019\/03\/Magnetenspecialist.nl_Blokmagneet-30-x-10-x-1-mm-zelfklevend_1.jpg","width":1500,"height":1500},{"@type":"BreadcrumbList","@id":"https:\/\/www.magnetenspecialist.nl\/fr\/magasin\/parallelepipedes-magnetiques\/blokmagneet-30-x-10-x-1-mm-zelfklevend\/#breadcrumb","itemListElement":[{"@type":"ListItem","position":1,"name":"Accueil","item":"https:\/\/www.magnetenspecialist.nl\/fr\/accueil\/"},{"@type":"ListItem","position":2,"name":"Boutique","item":"https:\/\/www.magnetenspecialist.nl\/fr\/boutique\/"},{"@type":"ListItem","position":3,"name":"Bloc magn\u00e9tique 30 x 10 x 1 mm (autocollant)"}]},{"@type":"WebSite","@id":"https:\/\/www.magnetenspecialist.nl\/fr\/#website","url":"https:\/\/www.magnetenspecialist.nl\/fr\/","name":"Magnetenspecialist.nl","description":"Vaste gamme d'aimants en n\u00e9odyme","publisher":{"@id":"https:\/\/www.magnetenspecialist.nl\/fr\/#organization"},"potentialAction":[{"@type":"SearchAction","target":{"@type":"EntryPoint","urlTemplate":"https:\/\/www.magnetenspecialist.nl\/fr\/?s={search_term_string}"},"query-input":{"@type":"PropertyValueSpecification","valueRequired":true,"valueName":"search_term_string"}}],"inLanguage":"fr-FR"},{"@type":"Organization","@id":"https:\/\/www.magnetenspecialist.nl\/fr\/#organization","name":"Magnetenspecialist.nl","url":"https:\/\/www.magnetenspecialist.nl\/fr\/","logo":{"@type":"ImageObject","inLanguage":"fr-FR","@id":"https:\/\/www.magnetenspecialist.nl\/fr\/#\/schema\/logo\/image\/","url":"https:\/\/www.magnetenspecialist.nl\/wp-content\/uploads\/2018\/10\/magneten-logo.jpg","contentUrl":"https:\/\/www.magnetenspecialist.nl\/wp-content\/uploads\/2018\/10\/magneten-logo.jpg","width":151,"height":151,"caption":"Magnetenspecialist.nl"},"image":{"@id":"https:\/\/www.magnetenspecialist.nl\/fr\/#\/schema\/logo\/image\/"},"sameAs":["https:\/\/www.facebook.com\/Magnetenspecialist.nl","https:\/\/x.com\/magnetenspecial"]}]},"product_price_amount":"1.24","product_price_currency":"EUR","og_availability":"instock","product_availability":"instock","product_retailer_item_id":"bl030x010x001-N-Z","product_condition":"new"},"_links":{"self":[{"href":"https:\/\/www.magnetenspecialist.nl\/fr\/wp-json\/wp\/v2\/product\/91485","targetHints":{"allow":["GET"]}}],"collection":[{"href":"https:\/\/www.magnetenspecialist.nl\/fr\/wp-json\/wp\/v2\/product"}],"about":[{"href":"https:\/\/www.magnetenspecialist.nl\/fr\/wp-json\/wp\/v2\/types\/product"}],"wp:featuredmedia":[{"embeddable":true,"href":"https:\/\/www.magnetenspecialist.nl\/fr\/wp-json\/wp\/v2\/media\/113417"}],"wp:attachment":[{"href":"https:\/\/www.magnetenspecialist.nl\/fr\/wp-json\/wp\/v2\/media?parent=91485"}],"wp:term":[{"taxonomy":"product_brand","embeddable":true,"href":"https:\/\/www.magnetenspecialist.nl\/fr\/wp-json\/wp\/v2\/product_brand?post=91485"},{"taxonomy":"product_cat","embeddable":true,"href":"https:\/\/www.magnetenspecialist.nl\/fr\/wp-json\/wp\/v2\/product_cat?post=91485"},{"taxonomy":"product_tag","embeddable":true,"href":"https:\/\/www.magnetenspecialist.nl\/fr\/wp-json\/wp\/v2\/product_tag?post=91485"}],"curies":[{"name":"wp","href":"https:\/\/api.w.org\/{rel}","templated":true}]}}