{"id":91525,"date":"2019-03-08T11:02:12","date_gmt":"2019-03-08T10:02:12","guid":{"rendered":"https:\/\/www.magnetenspecialist.nl\/winkel\/non%20class\u00e9\/parallelepipede-magnetique-10-x-5-x-2-mm\/"},"modified":"2025-04-07T12:38:32","modified_gmt":"2025-04-07T10:38:32","slug":"blokmagneet-10-x-5-x-2-mm","status":"publish","type":"product","link":"https:\/\/www.magnetenspecialist.nl\/fr\/magasin\/parallelepipedes-magnetiques\/blokmagneet-10-x-5-x-2-mm\/","title":{"rendered":"Bloc magn\u00e9tique 10 x 5 x 2 mm, N50"},"content":{"rendered":"<h3><img decoding=\"async\" class=\"alignnone wp-image-111535\" src=\"https:\/\/www.magnetenspecialist.nl\/wp-content\/uploads\/2019\/03\/Magnetenspecialist.nl_Blokmagneet-10-x-5-x-2-mm_2-300x300.jpg\" alt=\"\" width=\"243\" height=\"243\" srcset=\"https:\/\/www.magnetenspecialist.nl\/wp-content\/uploads\/2019\/03\/Magnetenspecialist.nl_Blokmagneet-10-x-5-x-2-mm_2-300x300.jpg 300w, https:\/\/www.magnetenspecialist.nl\/wp-content\/uploads\/2019\/03\/Magnetenspecialist.nl_Blokmagneet-10-x-5-x-2-mm_2-1024x1024.jpg 1024w, https:\/\/www.magnetenspecialist.nl\/wp-content\/uploads\/2019\/03\/Magnetenspecialist.nl_Blokmagneet-10-x-5-x-2-mm_2-150x150.jpg 150w, https:\/\/www.magnetenspecialist.nl\/wp-content\/uploads\/2019\/03\/Magnetenspecialist.nl_Blokmagneet-10-x-5-x-2-mm_2-768x768.jpg 768w, https:\/\/www.magnetenspecialist.nl\/wp-content\/uploads\/2019\/03\/Magnetenspecialist.nl_Blokmagneet-10-x-5-x-2-mm_2-600x600.jpg 600w, https:\/\/www.magnetenspecialist.nl\/wp-content\/uploads\/2019\/03\/Magnetenspecialist.nl_Blokmagneet-10-x-5-x-2-mm_2-100x100.jpg 100w, https:\/\/www.magnetenspecialist.nl\/wp-content\/uploads\/2019\/03\/Magnetenspecialist.nl_Blokmagneet-10-x-5-x-2-mm_2.jpg 1500w\" sizes=\"(max-width: 243px) 100vw, 243px\" \/><\/h3>\n<p class=\"\" data-start=\"82\" data-end=\"116\"><strong data-start=\"82\" data-end=\"116\">Bloc magn\u00e9tique 10 x 5 x 2 mm, N50<\/strong><\/p>\n<p class=\"\" data-start=\"118\" data-end=\"557\">Ce puissant aimant en forme de bloc mesure 10 mm x 5 mm x 2 mm et est de la plus haute qualit\u00e9, N50. Gr\u00e2ce \u00e0 la qualit\u00e9 N50, cet aimant offre une force magn\u00e9tique exceptionnellement forte, ce qui le rend id\u00e9al pour les applications n\u00e9cessitant des performances \u00e9lev\u00e9es et des dimensions compactes. Cet aimant est parfait pour les projets d&#8217;artisanat, les applications industrielles et la cr\u00e9ation de connexions magn\u00e9tiques dans les petits espaces.  <\/p>\n<p class=\"\" data-start=\"559\" data-end=\"573\"><strong data-start=\"559\" data-end=\"573\">Caract\u00e9ristiques :<\/strong><\/p>\n<ul data-start=\"574\" data-end=\"982\">\n<li class=\"\" data-start=\"574\" data-end=\"639\">\n<p class=\"\" data-start=\"576\" data-end=\"639\"><strong data-start=\"576\" data-end=\"590\">Dimensions<\/strong>: 10 mm (longueur) x 5 mm (largeur) x 2 mm (hauteur)<\/p>\n<\/li>\n<li class=\"\" data-start=\"640\" data-end=\"692\">\n<p class=\"\" data-start=\"642\" data-end=\"692\"><strong data-start=\"642\" data-end=\"655\">Qualit\u00e9<\/strong>: N50 (aimant n\u00e9odyme tr\u00e8s puissant)<\/p>\n<\/li>\n<li class=\"\" data-start=\"693\" data-end=\"770\">\n<p class=\"\" data-start=\"695\" data-end=\"770\"><strong data-start=\"695\" data-end=\"708\">Mat\u00e9riau<\/strong>: n\u00e9odyme, avec finition nickel\u00e9e pour une plus grande durabilit\u00e9<\/p>\n<\/li>\n<li class=\"\" data-start=\"771\" data-end=\"850\">\n<p class=\"\" data-start=\"773\" data-end=\"850\"><strong data-start=\"773\" data-end=\"802\">Forte force magn\u00e9tique<\/strong> gr\u00e2ce \u00e0 la gradation N50 pour une adh\u00e9sion fiable<\/p>\n<\/li>\n<li class=\"\" data-start=\"851\" data-end=\"982\">\n<p class=\"\" data-start=\"853\" data-end=\"982\">Convient pour des applications telles que la fixation d&#8217;objets, les applications industrielles et la r\u00e9alisation de connexions magn\u00e9tiques.<\/p>\n<\/li>\n<\/ul>\n<p class=\"\" data-start=\"984\" data-end=\"1090\">Ce bloc magn\u00e9tique offre une combinaison parfaite de taille et de r\u00e9sistance pour une large gamme d&#8217;applications.<\/p>\n","protected":false},"excerpt":{"rendered":"<p>Bloc magn\u00e9tique 10 x 5 x 2 mm, N50 Ce puissant aimant en forme de bloc mesure 10 mm x 5 mm x 2 mm et est de la plus haute qualit\u00e9, N50. Gr\u00e2ce \u00e0 la qualit\u00e9 N50, cet aimant offre une force magn\u00e9tique exceptionnellement forte, ce qui le rend id\u00e9al pour les applications n\u00e9cessitant [&hellip;]<\/p>\n","protected":false},"featured_media":111533,"template":"","meta":{"_acf_changed":false},"product_brand":[3521],"product_cat":[1376],"product_tag":[3160],"class_list":{"0":"post-91525","1":"product","2":"type-product","3":"status-publish","4":"has-post-thumbnail","6":"product_brand-magnetenspecialist","7":"product_cat-parallelepipedes-magnetiques","8":"product_tag-groep-5-fr","9":"pa_herkomst-chine","10":"pa_magnetisering-n52-fr","11":"pa_magnetiseringsrichting-axiaal-fr","12":"pa_materiaal-nickele-ni-cu-ni-fr-2","13":"pa_maximale-gebruikstemperatuur-80-fr","14":"pa_model-bloc","15":"pa_preferentiele-oorsprong-non","16":"pa_taric-code-8505-1110-99-0-fr","18":"first","19":"instock","20":"taxable","21":"shipping-taxable","22":"purchasable","23":"product-type-simple"},"supplier_id":null,"supplier_sku":"","barcode":null,"atum_controlled":true,"out_stock_date":null,"out_stock_threshold":null,"inheritable":false,"inbound_stock":0,"stock_on_hold":0,"sold_today":20,"sales_last_days":71,"reserved_stock":0,"customer_returns":0,"warehouse_damage":0,"lost_in_post":0,"other_logs":0,"out_stock_days":0,"lost_sales":0,"has_location":false,"update_date":"2026-04-21T09:43:40","atum_locations":[],"atum_stock_status":"instock","restock_status":false,"low_stock_amount":6000,"sales_update_date":"2026-04-04T11:28:56","calc_backorders":null,"acf":[],"yoast_head":"<!-- This site is optimized with the Yoast SEO Premium plugin v24.7 (Yoast SEO v24.7) - https:\/\/yoast.com\/wordpress\/plugins\/seo\/ -->\n<title>Aimant en bloc 10 x 5 x 2 mm, N50 - Fort et durable<\/title>\n<meta name=\"description\" content=\"Mettez votre cr\u00e9ativit\u00e9 \u00e0 l&#039;\u0153uvre avec le bloc magn\u00e9tique 10 x 5 x 2 mm, N50. Gr\u00e2ce \u00e0 sa force magn\u00e9tique puissante, il est parfait pour tous les projets !\" \/>\n<meta name=\"robots\" content=\"index, follow, max-snippet:-1, max-image-preview:large, max-video-preview:-1\" \/>\n<link rel=\"canonical\" href=\"https:\/\/www.magnetenspecialist.nl\/fr\/magasin\/parallelepipedes-magnetiques\/blokmagneet-10-x-5-x-2-mm\/\" \/>\n<meta property=\"og:locale\" content=\"fr_FR\" \/>\n<meta property=\"og:type\" content=\"article\" \/>\n<meta property=\"og:title\" content=\"Bloc magn\u00e9tique 10 x 5 x 2 mm, N50\" \/>\n<meta property=\"og:description\" content=\"Mettez votre cr\u00e9ativit\u00e9 \u00e0 l&#039;\u0153uvre avec le bloc magn\u00e9tique 10 x 5 x 2 mm, N50. Gr\u00e2ce \u00e0 sa force magn\u00e9tique puissante, il est parfait pour tous les projets !\" \/>\n<meta property=\"og:url\" content=\"https:\/\/www.magnetenspecialist.nl\/fr\/magasin\/parallelepipedes-magnetiques\/blokmagneet-10-x-5-x-2-mm\/\" \/>\n<meta property=\"og:site_name\" content=\"Magnetenspecialist.nl\" \/>\n<meta property=\"article:publisher\" content=\"https:\/\/www.facebook.com\/Magnetenspecialist.nl\" \/>\n<meta property=\"article:modified_time\" content=\"2025-04-07T10:38:32+00:00\" \/>\n<meta property=\"og:image\" content=\"https:\/\/www.magnetenspecialist.nl\/wp-content\/uploads\/2019\/03\/Magnetenspecialist.nl_Blokmagneet-10-x-5-x-2-mm_1.jpg\" \/>\n\t<meta property=\"og:image:width\" content=\"1500\" \/>\n\t<meta property=\"og:image:height\" content=\"1500\" \/>\n\t<meta property=\"og:image:type\" content=\"image\/jpeg\" \/>\n<meta name=\"twitter:card\" content=\"summary_large_image\" \/>\n<meta name=\"twitter:site\" content=\"@magnetenspecial\" \/>\n<meta name=\"twitter:label1\" content=\"Prix\" \/>\n\t<meta name=\"twitter:data1\" content=\"&euro;&nbsp;0,54\" \/>\n\t<meta name=\"twitter:label2\" content=\"Disponibilit\u00e9\" \/>\n\t<meta name=\"twitter:data2\" content=\"En stock\" \/>\n<script type=\"application\/ld+json\" class=\"yoast-schema-graph\">{\"@context\":\"https:\/\/schema.org\",\"@graph\":[{\"@type\":\"WebPage\",\"@id\":\"https:\/\/www.magnetenspecialist.nl\/fr\/magasin\/parallelepipedes-magnetiques\/blokmagneet-10-x-5-x-2-mm\/\",\"url\":\"https:\/\/www.magnetenspecialist.nl\/fr\/magasin\/parallelepipedes-magnetiques\/blokmagneet-10-x-5-x-2-mm\/\",\"name\":\"Aimant en bloc 10 x 5 x 2 mm, N50 - Fort et durable\",\"isPartOf\":{\"@id\":\"https:\/\/www.magnetenspecialist.nl\/fr\/#website\"},\"primaryImageOfPage\":{\"@id\":\"https:\/\/www.magnetenspecialist.nl\/fr\/magasin\/parallelepipedes-magnetiques\/blokmagneet-10-x-5-x-2-mm\/#primaryimage\"},\"image\":{\"@id\":\"https:\/\/www.magnetenspecialist.nl\/fr\/magasin\/parallelepipedes-magnetiques\/blokmagneet-10-x-5-x-2-mm\/#primaryimage\"},\"thumbnailUrl\":\"https:\/\/www.magnetenspecialist.nl\/wp-content\/uploads\/2019\/03\/Magnetenspecialist.nl_Blokmagneet-10-x-5-x-2-mm_1.jpg\",\"datePublished\":\"2019-03-08T10:02:12+00:00\",\"dateModified\":\"2025-04-07T10:38:32+00:00\",\"description\":\"Mettez votre cr\u00e9ativit\u00e9 \u00e0 l'\u0153uvre avec le bloc magn\u00e9tique 10 x 5 x 2 mm, N50. Gr\u00e2ce \u00e0 sa force magn\u00e9tique puissante, il est parfait pour tous les projets !\",\"breadcrumb\":{\"@id\":\"https:\/\/www.magnetenspecialist.nl\/fr\/magasin\/parallelepipedes-magnetiques\/blokmagneet-10-x-5-x-2-mm\/#breadcrumb\"},\"inLanguage\":\"fr-FR\",\"potentialAction\":[{\"@type\":\"ReadAction\",\"target\":[\"https:\/\/www.magnetenspecialist.nl\/fr\/magasin\/parallelepipedes-magnetiques\/blokmagneet-10-x-5-x-2-mm\/\"]}]},{\"@type\":\"ImageObject\",\"inLanguage\":\"fr-FR\",\"@id\":\"https:\/\/www.magnetenspecialist.nl\/fr\/magasin\/parallelepipedes-magnetiques\/blokmagneet-10-x-5-x-2-mm\/#primaryimage\",\"url\":\"https:\/\/www.magnetenspecialist.nl\/wp-content\/uploads\/2019\/03\/Magnetenspecialist.nl_Blokmagneet-10-x-5-x-2-mm_1.jpg\",\"contentUrl\":\"https:\/\/www.magnetenspecialist.nl\/wp-content\/uploads\/2019\/03\/Magnetenspecialist.nl_Blokmagneet-10-x-5-x-2-mm_1.jpg\",\"width\":1500,\"height\":1500},{\"@type\":\"BreadcrumbList\",\"@id\":\"https:\/\/www.magnetenspecialist.nl\/fr\/magasin\/parallelepipedes-magnetiques\/blokmagneet-10-x-5-x-2-mm\/#breadcrumb\",\"itemListElement\":[{\"@type\":\"ListItem\",\"position\":1,\"name\":\"Accueil\",\"item\":\"https:\/\/www.magnetenspecialist.nl\/fr\/accueil\/\"},{\"@type\":\"ListItem\",\"position\":2,\"name\":\"Boutique\",\"item\":\"https:\/\/www.magnetenspecialist.nl\/fr\/boutique\/\"},{\"@type\":\"ListItem\",\"position\":3,\"name\":\"Bloc magn\u00e9tique 10 x 5 x 2 mm, N50\"}]},{\"@type\":\"WebSite\",\"@id\":\"https:\/\/www.magnetenspecialist.nl\/fr\/#website\",\"url\":\"https:\/\/www.magnetenspecialist.nl\/fr\/\",\"name\":\"Magnetenspecialist.nl\",\"description\":\"Vaste gamme d'aimants en n\u00e9odyme\",\"publisher\":{\"@id\":\"https:\/\/www.magnetenspecialist.nl\/fr\/#organization\"},\"potentialAction\":[{\"@type\":\"SearchAction\",\"target\":{\"@type\":\"EntryPoint\",\"urlTemplate\":\"https:\/\/www.magnetenspecialist.nl\/fr\/?s={search_term_string}\"},\"query-input\":{\"@type\":\"PropertyValueSpecification\",\"valueRequired\":true,\"valueName\":\"search_term_string\"}}],\"inLanguage\":\"fr-FR\"},{\"@type\":\"Organization\",\"@id\":\"https:\/\/www.magnetenspecialist.nl\/fr\/#organization\",\"name\":\"Magnetenspecialist.nl\",\"url\":\"https:\/\/www.magnetenspecialist.nl\/fr\/\",\"logo\":{\"@type\":\"ImageObject\",\"inLanguage\":\"fr-FR\",\"@id\":\"https:\/\/www.magnetenspecialist.nl\/fr\/#\/schema\/logo\/image\/\",\"url\":\"https:\/\/www.magnetenspecialist.nl\/wp-content\/uploads\/2018\/10\/magneten-logo.jpg\",\"contentUrl\":\"https:\/\/www.magnetenspecialist.nl\/wp-content\/uploads\/2018\/10\/magneten-logo.jpg\",\"width\":151,\"height\":151,\"caption\":\"Magnetenspecialist.nl\"},\"image\":{\"@id\":\"https:\/\/www.magnetenspecialist.nl\/fr\/#\/schema\/logo\/image\/\"},\"sameAs\":[\"https:\/\/www.facebook.com\/Magnetenspecialist.nl\",\"https:\/\/x.com\/magnetenspecial\"]}]}<\/script>\n<meta property=\"product:price:amount\" content=\"0.54\" \/>\n<meta property=\"product:price:currency\" content=\"EUR\" \/>\n<meta property=\"og:availability\" content=\"instock\" \/>\n<meta property=\"product:availability\" content=\"instock\" \/>\n<meta property=\"product:retailer_item_id\" content=\"bl010x005x002-N\" \/>\n<meta property=\"product:condition\" content=\"new\" \/>\n<!-- \/ Yoast SEO Premium plugin. -->","yoast_head_json":{"title":"Aimant en bloc 10 x 5 x 2 mm, N50 - Fort et durable","description":"Mettez votre cr\u00e9ativit\u00e9 \u00e0 l'\u0153uvre avec le bloc magn\u00e9tique 10 x 5 x 2 mm, N50. Gr\u00e2ce \u00e0 sa force magn\u00e9tique puissante, il est parfait pour tous les projets !","robots":{"index":"index","follow":"follow","max-snippet":"max-snippet:-1","max-image-preview":"max-image-preview:large","max-video-preview":"max-video-preview:-1"},"canonical":"https:\/\/www.magnetenspecialist.nl\/fr\/magasin\/parallelepipedes-magnetiques\/blokmagneet-10-x-5-x-2-mm\/","og_locale":"fr_FR","og_type":"article","og_title":"Bloc magn\u00e9tique 10 x 5 x 2 mm, N50","og_description":"Mettez votre cr\u00e9ativit\u00e9 \u00e0 l'\u0153uvre avec le bloc magn\u00e9tique 10 x 5 x 2 mm, N50. Gr\u00e2ce \u00e0 sa force magn\u00e9tique puissante, il est parfait pour tous les projets !","og_url":"https:\/\/www.magnetenspecialist.nl\/fr\/magasin\/parallelepipedes-magnetiques\/blokmagneet-10-x-5-x-2-mm\/","og_site_name":"Magnetenspecialist.nl","article_publisher":"https:\/\/www.facebook.com\/Magnetenspecialist.nl","article_modified_time":"2025-04-07T10:38:32+00:00","og_image":[{"width":1500,"height":1500,"url":"https:\/\/www.magnetenspecialist.nl\/wp-content\/uploads\/2019\/03\/Magnetenspecialist.nl_Blokmagneet-10-x-5-x-2-mm_1.jpg","type":"image\/jpeg"}],"twitter_card":"summary_large_image","twitter_site":"@magnetenspecial","twitter_misc":{"Prix":"&euro;&nbsp;0,54","Disponibilit\u00e9":"En stock"},"schema":{"@context":"https:\/\/schema.org","@graph":[{"@type":"WebPage","@id":"https:\/\/www.magnetenspecialist.nl\/fr\/magasin\/parallelepipedes-magnetiques\/blokmagneet-10-x-5-x-2-mm\/","url":"https:\/\/www.magnetenspecialist.nl\/fr\/magasin\/parallelepipedes-magnetiques\/blokmagneet-10-x-5-x-2-mm\/","name":"Aimant en bloc 10 x 5 x 2 mm, N50 - Fort et durable","isPartOf":{"@id":"https:\/\/www.magnetenspecialist.nl\/fr\/#website"},"primaryImageOfPage":{"@id":"https:\/\/www.magnetenspecialist.nl\/fr\/magasin\/parallelepipedes-magnetiques\/blokmagneet-10-x-5-x-2-mm\/#primaryimage"},"image":{"@id":"https:\/\/www.magnetenspecialist.nl\/fr\/magasin\/parallelepipedes-magnetiques\/blokmagneet-10-x-5-x-2-mm\/#primaryimage"},"thumbnailUrl":"https:\/\/www.magnetenspecialist.nl\/wp-content\/uploads\/2019\/03\/Magnetenspecialist.nl_Blokmagneet-10-x-5-x-2-mm_1.jpg","datePublished":"2019-03-08T10:02:12+00:00","dateModified":"2025-04-07T10:38:32+00:00","description":"Mettez votre cr\u00e9ativit\u00e9 \u00e0 l'\u0153uvre avec le bloc magn\u00e9tique 10 x 5 x 2 mm, N50. Gr\u00e2ce \u00e0 sa force magn\u00e9tique puissante, il est parfait pour tous les projets !","breadcrumb":{"@id":"https:\/\/www.magnetenspecialist.nl\/fr\/magasin\/parallelepipedes-magnetiques\/blokmagneet-10-x-5-x-2-mm\/#breadcrumb"},"inLanguage":"fr-FR","potentialAction":[{"@type":"ReadAction","target":["https:\/\/www.magnetenspecialist.nl\/fr\/magasin\/parallelepipedes-magnetiques\/blokmagneet-10-x-5-x-2-mm\/"]}]},{"@type":"ImageObject","inLanguage":"fr-FR","@id":"https:\/\/www.magnetenspecialist.nl\/fr\/magasin\/parallelepipedes-magnetiques\/blokmagneet-10-x-5-x-2-mm\/#primaryimage","url":"https:\/\/www.magnetenspecialist.nl\/wp-content\/uploads\/2019\/03\/Magnetenspecialist.nl_Blokmagneet-10-x-5-x-2-mm_1.jpg","contentUrl":"https:\/\/www.magnetenspecialist.nl\/wp-content\/uploads\/2019\/03\/Magnetenspecialist.nl_Blokmagneet-10-x-5-x-2-mm_1.jpg","width":1500,"height":1500},{"@type":"BreadcrumbList","@id":"https:\/\/www.magnetenspecialist.nl\/fr\/magasin\/parallelepipedes-magnetiques\/blokmagneet-10-x-5-x-2-mm\/#breadcrumb","itemListElement":[{"@type":"ListItem","position":1,"name":"Accueil","item":"https:\/\/www.magnetenspecialist.nl\/fr\/accueil\/"},{"@type":"ListItem","position":2,"name":"Boutique","item":"https:\/\/www.magnetenspecialist.nl\/fr\/boutique\/"},{"@type":"ListItem","position":3,"name":"Bloc magn\u00e9tique 10 x 5 x 2 mm, N50"}]},{"@type":"WebSite","@id":"https:\/\/www.magnetenspecialist.nl\/fr\/#website","url":"https:\/\/www.magnetenspecialist.nl\/fr\/","name":"Magnetenspecialist.nl","description":"Vaste gamme d'aimants en n\u00e9odyme","publisher":{"@id":"https:\/\/www.magnetenspecialist.nl\/fr\/#organization"},"potentialAction":[{"@type":"SearchAction","target":{"@type":"EntryPoint","urlTemplate":"https:\/\/www.magnetenspecialist.nl\/fr\/?s={search_term_string}"},"query-input":{"@type":"PropertyValueSpecification","valueRequired":true,"valueName":"search_term_string"}}],"inLanguage":"fr-FR"},{"@type":"Organization","@id":"https:\/\/www.magnetenspecialist.nl\/fr\/#organization","name":"Magnetenspecialist.nl","url":"https:\/\/www.magnetenspecialist.nl\/fr\/","logo":{"@type":"ImageObject","inLanguage":"fr-FR","@id":"https:\/\/www.magnetenspecialist.nl\/fr\/#\/schema\/logo\/image\/","url":"https:\/\/www.magnetenspecialist.nl\/wp-content\/uploads\/2018\/10\/magneten-logo.jpg","contentUrl":"https:\/\/www.magnetenspecialist.nl\/wp-content\/uploads\/2018\/10\/magneten-logo.jpg","width":151,"height":151,"caption":"Magnetenspecialist.nl"},"image":{"@id":"https:\/\/www.magnetenspecialist.nl\/fr\/#\/schema\/logo\/image\/"},"sameAs":["https:\/\/www.facebook.com\/Magnetenspecialist.nl","https:\/\/x.com\/magnetenspecial"]}]},"product_price_amount":"0.54","product_price_currency":"EUR","og_availability":"instock","product_availability":"instock","product_retailer_item_id":"bl010x005x002-N","product_condition":"new"},"_links":{"self":[{"href":"https:\/\/www.magnetenspecialist.nl\/fr\/wp-json\/wp\/v2\/product\/91525","targetHints":{"allow":["GET"]}}],"collection":[{"href":"https:\/\/www.magnetenspecialist.nl\/fr\/wp-json\/wp\/v2\/product"}],"about":[{"href":"https:\/\/www.magnetenspecialist.nl\/fr\/wp-json\/wp\/v2\/types\/product"}],"wp:featuredmedia":[{"embeddable":true,"href":"https:\/\/www.magnetenspecialist.nl\/fr\/wp-json\/wp\/v2\/media\/111533"}],"wp:attachment":[{"href":"https:\/\/www.magnetenspecialist.nl\/fr\/wp-json\/wp\/v2\/media?parent=91525"}],"wp:term":[{"taxonomy":"product_brand","embeddable":true,"href":"https:\/\/www.magnetenspecialist.nl\/fr\/wp-json\/wp\/v2\/product_brand?post=91525"},{"taxonomy":"product_cat","embeddable":true,"href":"https:\/\/www.magnetenspecialist.nl\/fr\/wp-json\/wp\/v2\/product_cat?post=91525"},{"taxonomy":"product_tag","embeddable":true,"href":"https:\/\/www.magnetenspecialist.nl\/fr\/wp-json\/wp\/v2\/product_tag?post=91525"}],"curies":[{"name":"wp","href":"https:\/\/api.w.org\/{rel}","templated":true}]}}