{"id":91553,"date":"2019-03-08T11:02:19","date_gmt":"2019-03-08T10:02:19","guid":{"rendered":"https:\/\/www.magnetenspecialist.nl\/winkel\/non%20class\u00e9\/parallelepipede-magnetique-30-x-15-x-2-mm-epoxy\/"},"modified":"2025-04-15T17:21:21","modified_gmt":"2025-04-15T15:21:21","slug":"blokmagneet-30-x-15-x-2-mm-epoxy","status":"publish","type":"product","link":"https:\/\/www.magnetenspecialist.nl\/fr\/magasin\/epoxy-fr\/blokmagneet-30-x-15-x-2-mm-epoxy\/","title":{"rendered":"Bloc magn\u00e9tique en n\u00e9odyme 30 x 15 x 2 mm &#8211; rev\u00eatement \u00e9poxy (N42)"},"content":{"rendered":"<blockquote>\n<h3>Bloc magn\u00e9tique 30 x 15 x 2 mm (\u00e9poxy), N42, force de maintien 5,5 KG  <img decoding=\"async\" class=\"alignnone wp-image-111806\" src=\"https:\/\/www.magnetenspecialist.nl\/wp-content\/uploads\/2019\/03\/Magnetenspecialist.nl_Blokmagneet-30-x-15-x-2-mm-epoxy_2-300x300.jpg\" alt=\"\" width=\"159\" height=\"159\" srcset=\"https:\/\/www.magnetenspecialist.nl\/wp-content\/uploads\/2019\/03\/Magnetenspecialist.nl_Blokmagneet-30-x-15-x-2-mm-epoxy_2-300x300.jpg 300w, https:\/\/www.magnetenspecialist.nl\/wp-content\/uploads\/2019\/03\/Magnetenspecialist.nl_Blokmagneet-30-x-15-x-2-mm-epoxy_2-1024x1024.jpg 1024w, https:\/\/www.magnetenspecialist.nl\/wp-content\/uploads\/2019\/03\/Magnetenspecialist.nl_Blokmagneet-30-x-15-x-2-mm-epoxy_2-150x150.jpg 150w, https:\/\/www.magnetenspecialist.nl\/wp-content\/uploads\/2019\/03\/Magnetenspecialist.nl_Blokmagneet-30-x-15-x-2-mm-epoxy_2-768x768.jpg 768w, https:\/\/www.magnetenspecialist.nl\/wp-content\/uploads\/2019\/03\/Magnetenspecialist.nl_Blokmagneet-30-x-15-x-2-mm-epoxy_2-600x600.jpg 600w, https:\/\/www.magnetenspecialist.nl\/wp-content\/uploads\/2019\/03\/Magnetenspecialist.nl_Blokmagneet-30-x-15-x-2-mm-epoxy_2-100x100.jpg 100w, https:\/\/www.magnetenspecialist.nl\/wp-content\/uploads\/2019\/03\/Magnetenspecialist.nl_Blokmagneet-30-x-15-x-2-mm-epoxy_2.jpg 1500w\" sizes=\"(max-width: 159px) 100vw, 159px\" \/><\/h3>\n<\/blockquote>\n<p class=\"\" data-start=\"110\" data-end=\"172\"><strong data-start=\"110\" data-end=\"172\">Bloc magn\u00e9tique 30 x 15 x 2 mm (\u00e9poxy), N42, force de maintien 5,5 KG<\/strong><\/p>\n<p class=\"\" data-start=\"174\" data-end=\"643\">Ce bloc magn\u00e9tique robuste mesure 30 mm x 15 mm x 2 mm et est fabriqu\u00e9 en n\u00e9odyme (N42), ce qui lui conf\u00e8re une grande force magn\u00e9tique. L&#8217;aimant est recouvert d&#8217;une couche d&#8217;\u00e9poxy pour une protection suppl\u00e9mentaire contre la corrosion, ce qui le rend particuli\u00e8rement adapt\u00e9 \u00e0 une utilisation dans des environnements exigeants. Avec une force de r\u00e9tention de 5,5 KG, cet aimant offre une adh\u00e9rence fiable pour les applications industrielles et commerciales, ainsi que pour les objets plus lourds.  <\/p>\n<p class=\"\" data-start=\"645\" data-end=\"659\"><strong data-start=\"645\" data-end=\"659\">Caract\u00e9ristiques :<\/strong><\/p>\n<ul data-start=\"660\" data-end=\"1207\">\n<li class=\"\" data-start=\"660\" data-end=\"726\">\n<p class=\"\" data-start=\"662\" data-end=\"726\"><strong data-start=\"662\" data-end=\"676\">Dimensions<\/strong>: 30 mm (longueur) x 15 mm (largeur) x 2 mm (hauteur)<\/p>\n<\/li>\n<li class=\"\" data-start=\"727\" data-end=\"774\">\n<p class=\"\" data-start=\"729\" data-end=\"774\"><strong data-start=\"729\" data-end=\"742\">Qualit\u00e9<\/strong>: N42 (aimant n\u00e9odyme puissant)<\/p>\n<\/li>\n<li class=\"\" data-start=\"775\" data-end=\"856\">\n<p class=\"\" data-start=\"777\" data-end=\"856\"><strong data-start=\"777\" data-end=\"791\">Force de maintien<\/strong>: jusqu&#8217;\u00e0 5,5 KG (en fonction de la surface et des conditions)<\/p>\n<\/li>\n<li class=\"\" data-start=\"857\" data-end=\"927\">\n<p class=\"\" data-start=\"859\" data-end=\"927\"><strong data-start=\"859\" data-end=\"870\">Rev\u00eatement<\/strong>: \u00e9poxy pour une protection suppl\u00e9mentaire contre la corrosion et l&#8217;abrasion<\/p>\n<\/li>\n<li class=\"\" data-start=\"928\" data-end=\"999\">\n<p class=\"\" data-start=\"930\" data-end=\"999\"><strong data-start=\"930\" data-end=\"943\">Mat\u00e9riau<\/strong>: n\u00e9odyme, avec finition nickel\u00e9e pour la durabilit\u00e9<\/p>\n<\/li>\n<li class=\"\" data-start=\"1000\" data-end=\"1057\">\n<p class=\"\" data-start=\"1002\" data-end=\"1057\"><strong data-start=\"1002\" data-end=\"1031\">Forte force magn\u00e9tique<\/strong> pour une adh\u00e9sion fiable<\/p>\n<\/li>\n<li class=\"\" data-start=\"1058\" data-end=\"1207\">\n<p class=\"\" data-start=\"1060\" data-end=\"1207\">Id\u00e9al pour des applications telles que la fixation d&#8217;objets, les applications industrielles et la r\u00e9alisation de connexions magn\u00e9tiques dans des environnements difficiles.<\/p>\n<\/li>\n<\/ul>\n<p class=\"\" data-start=\"1209\" data-end=\"1360\">Cet aimant bloc est un choix id\u00e9al pour les applications industrielles lourdes ou pour fixer des objets en toute s\u00e9curit\u00e9, m\u00eame dans des environnements difficiles.<\/p>\n","protected":false},"excerpt":{"rendered":"<p>Bloc magn\u00e9tique 30 x 15 x 2 mm (\u00e9poxy), N42, force de maintien 5,5 KG Bloc magn\u00e9tique 30 x 15 x 2 mm (\u00e9poxy), N42, force de maintien 5,5 KG Ce bloc magn\u00e9tique robuste mesure 30 mm x 15 mm x 2 mm et est fabriqu\u00e9 en n\u00e9odyme (N42), ce qui lui conf\u00e8re une grande [&hellip;]<\/p>\n","protected":false},"featured_media":111804,"template":"","meta":{"_acf_changed":false},"product_brand":[3521],"product_cat":[1376,1379],"product_tag":[3159],"class_list":{"0":"post-91553","1":"product","2":"type-product","3":"status-publish","4":"has-post-thumbnail","6":"product_brand-magnetenspecialist","7":"product_cat-parallelepipedes-magnetiques","8":"product_cat-epoxy-fr","9":"product_tag-groep-4-fr","10":"pa_herkomst-chine","11":"pa_houdkracht-5-5-fr","12":"pa_magnetisering-n42-fr","13":"pa_magnetiseringsrichting-axiaal-fr","14":"pa_materiaal-epoxy-fr-2","15":"pa_maximale-gebruikstemperatuur-80-fr","16":"pa_model-bloc","17":"pa_preferentiele-oorsprong-non","18":"pa_taric-code-8505-1110-99-0-fr","20":"first","21":"instock","22":"taxable","23":"shipping-taxable","24":"purchasable","25":"product-type-simple"},"supplier_id":null,"supplier_sku":"","barcode":null,"atum_controlled":true,"out_stock_date":null,"out_stock_threshold":null,"inheritable":false,"inbound_stock":0,"stock_on_hold":0,"sold_today":0,"sales_last_days":1,"reserved_stock":0,"customer_returns":0,"warehouse_damage":0,"lost_in_post":0,"other_logs":0,"out_stock_days":0,"lost_sales":0,"has_location":false,"update_date":"2026-04-14T08:32:00","atum_locations":[],"atum_stock_status":"instock","restock_status":false,"low_stock_amount":1000,"sales_update_date":"2026-04-14T08:31:58","calc_backorders":null,"acf":[],"yoast_head":"<!-- This site is optimized with the Yoast SEO Premium plugin v24.7 (Yoast SEO v24.7) - https:\/\/yoast.com\/wordpress\/plugins\/seo\/ -->\n<title>Bloc magn\u00e9tique 30 x 15 x 2 mm (\u00e9poxy) avec une force de r\u00e9tention de 5,5 KG<\/title>\n<meta name=\"description\" content=\"Vous cherchez un Bloc magn\u00e9tique en n\u00e9odyme 30 x 15 x 2 mm - rev\u00eatement \u00e9poxy (N42)? Les aimants peuvent \u00eatre achet\u00e9s facilement en ligne sur Magnetenspecialist.nl \u2713 1 jour ouvrable de d\u00e9lai de livraison \u2713 14 jours de d\u00e9lai de r\u00e9flexion \u2713 Exp\u00e9dition ou enl\u00e8vement *.\" \/>\n<meta name=\"robots\" content=\"index, follow, max-snippet:-1, max-image-preview:large, max-video-preview:-1\" \/>\n<link rel=\"canonical\" href=\"https:\/\/www.magnetenspecialist.nl\/fr\/magasin\/epoxy-fr\/blokmagneet-30-x-15-x-2-mm-epoxy\/\" \/>\n<meta property=\"og:locale\" content=\"fr_FR\" \/>\n<meta property=\"og:type\" content=\"article\" \/>\n<meta property=\"og:title\" content=\"Bloc magn\u00e9tique en n\u00e9odyme 30 x 15 x 2 mm - rev\u00eatement \u00e9poxy (N42)\" \/>\n<meta property=\"og:description\" content=\"Vous cherchez un Bloc magn\u00e9tique en n\u00e9odyme 30 x 15 x 2 mm - rev\u00eatement \u00e9poxy (N42)? Les aimants peuvent \u00eatre achet\u00e9s facilement en ligne sur Magnetenspecialist.nl \u2713 1 jour ouvrable de d\u00e9lai de livraison \u2713 14 jours de d\u00e9lai de r\u00e9flexion \u2713 Exp\u00e9dition ou enl\u00e8vement *.\" \/>\n<meta property=\"og:url\" content=\"https:\/\/www.magnetenspecialist.nl\/fr\/magasin\/epoxy-fr\/blokmagneet-30-x-15-x-2-mm-epoxy\/\" \/>\n<meta property=\"og:site_name\" content=\"Magnetenspecialist.nl\" \/>\n<meta property=\"article:publisher\" content=\"https:\/\/www.facebook.com\/Magnetenspecialist.nl\" \/>\n<meta property=\"article:modified_time\" content=\"2025-04-15T15:21:21+00:00\" \/>\n<meta property=\"og:image\" content=\"https:\/\/www.magnetenspecialist.nl\/wp-content\/uploads\/2019\/03\/Magnetenspecialist.nl_Blokmagneet-30-x-15-x-2-mm-epoxy_1.jpg\" \/>\n\t<meta property=\"og:image:width\" content=\"1500\" \/>\n\t<meta property=\"og:image:height\" content=\"1500\" \/>\n\t<meta property=\"og:image:type\" content=\"image\/jpeg\" \/>\n<meta name=\"twitter:card\" content=\"summary_large_image\" \/>\n<meta name=\"twitter:site\" content=\"@magnetenspecial\" \/>\n<meta name=\"twitter:label1\" content=\"Prix\" \/>\n\t<meta name=\"twitter:data1\" content=\"&euro;&nbsp;3,80\" \/>\n\t<meta name=\"twitter:label2\" content=\"Disponibilit\u00e9\" \/>\n\t<meta name=\"twitter:data2\" content=\"En stock\" \/>\n<script type=\"application\/ld+json\" class=\"yoast-schema-graph\">{\"@context\":\"https:\/\/schema.org\",\"@graph\":[{\"@type\":\"WebPage\",\"@id\":\"https:\/\/www.magnetenspecialist.nl\/fr\/magasin\/epoxy-fr\/blokmagneet-30-x-15-x-2-mm-epoxy\/\",\"url\":\"https:\/\/www.magnetenspecialist.nl\/fr\/magasin\/epoxy-fr\/blokmagneet-30-x-15-x-2-mm-epoxy\/\",\"name\":\"Bloc magn\u00e9tique 30 x 15 x 2 mm (\u00e9poxy) avec une force de r\u00e9tention de 5,5 KG\",\"isPartOf\":{\"@id\":\"https:\/\/www.magnetenspecialist.nl\/fr\/#website\"},\"primaryImageOfPage\":{\"@id\":\"https:\/\/www.magnetenspecialist.nl\/fr\/magasin\/epoxy-fr\/blokmagneet-30-x-15-x-2-mm-epoxy\/#primaryimage\"},\"image\":{\"@id\":\"https:\/\/www.magnetenspecialist.nl\/fr\/magasin\/epoxy-fr\/blokmagneet-30-x-15-x-2-mm-epoxy\/#primaryimage\"},\"thumbnailUrl\":\"https:\/\/www.magnetenspecialist.nl\/wp-content\/uploads\/2019\/03\/Magnetenspecialist.nl_Blokmagneet-30-x-15-x-2-mm-epoxy_1.jpg\",\"datePublished\":\"2019-03-08T10:02:19+00:00\",\"dateModified\":\"2025-04-15T15:21:21+00:00\",\"description\":\"Vous cherchez un Bloc magn\u00e9tique en n\u00e9odyme 30 x 15 x 2 mm - rev\u00eatement \u00e9poxy (N42)? Les aimants peuvent \u00eatre achet\u00e9s facilement en ligne sur Magnetenspecialist.nl \u2713 1 jour ouvrable de d\u00e9lai de livraison \u2713 14 jours de d\u00e9lai de r\u00e9flexion \u2713 Exp\u00e9dition ou enl\u00e8vement *.\",\"breadcrumb\":{\"@id\":\"https:\/\/www.magnetenspecialist.nl\/fr\/magasin\/epoxy-fr\/blokmagneet-30-x-15-x-2-mm-epoxy\/#breadcrumb\"},\"inLanguage\":\"fr-FR\",\"potentialAction\":[{\"@type\":\"ReadAction\",\"target\":[\"https:\/\/www.magnetenspecialist.nl\/fr\/magasin\/epoxy-fr\/blokmagneet-30-x-15-x-2-mm-epoxy\/\"]}]},{\"@type\":\"ImageObject\",\"inLanguage\":\"fr-FR\",\"@id\":\"https:\/\/www.magnetenspecialist.nl\/fr\/magasin\/epoxy-fr\/blokmagneet-30-x-15-x-2-mm-epoxy\/#primaryimage\",\"url\":\"https:\/\/www.magnetenspecialist.nl\/wp-content\/uploads\/2019\/03\/Magnetenspecialist.nl_Blokmagneet-30-x-15-x-2-mm-epoxy_1.jpg\",\"contentUrl\":\"https:\/\/www.magnetenspecialist.nl\/wp-content\/uploads\/2019\/03\/Magnetenspecialist.nl_Blokmagneet-30-x-15-x-2-mm-epoxy_1.jpg\",\"width\":1500,\"height\":1500},{\"@type\":\"BreadcrumbList\",\"@id\":\"https:\/\/www.magnetenspecialist.nl\/fr\/magasin\/epoxy-fr\/blokmagneet-30-x-15-x-2-mm-epoxy\/#breadcrumb\",\"itemListElement\":[{\"@type\":\"ListItem\",\"position\":1,\"name\":\"Accueil\",\"item\":\"https:\/\/www.magnetenspecialist.nl\/fr\/accueil\/\"},{\"@type\":\"ListItem\",\"position\":2,\"name\":\"Boutique\",\"item\":\"https:\/\/www.magnetenspecialist.nl\/fr\/boutique\/\"},{\"@type\":\"ListItem\",\"position\":3,\"name\":\"Bloc magn\u00e9tique en n\u00e9odyme 30 x 15 x 2 mm &#8211; rev\u00eatement \u00e9poxy (N42)\"}]},{\"@type\":\"WebSite\",\"@id\":\"https:\/\/www.magnetenspecialist.nl\/fr\/#website\",\"url\":\"https:\/\/www.magnetenspecialist.nl\/fr\/\",\"name\":\"Magnetenspecialist.nl\",\"description\":\"Vaste gamme d'aimants en n\u00e9odyme\",\"publisher\":{\"@id\":\"https:\/\/www.magnetenspecialist.nl\/fr\/#organization\"},\"potentialAction\":[{\"@type\":\"SearchAction\",\"target\":{\"@type\":\"EntryPoint\",\"urlTemplate\":\"https:\/\/www.magnetenspecialist.nl\/fr\/?s={search_term_string}\"},\"query-input\":{\"@type\":\"PropertyValueSpecification\",\"valueRequired\":true,\"valueName\":\"search_term_string\"}}],\"inLanguage\":\"fr-FR\"},{\"@type\":\"Organization\",\"@id\":\"https:\/\/www.magnetenspecialist.nl\/fr\/#organization\",\"name\":\"Magnetenspecialist.nl\",\"url\":\"https:\/\/www.magnetenspecialist.nl\/fr\/\",\"logo\":{\"@type\":\"ImageObject\",\"inLanguage\":\"fr-FR\",\"@id\":\"https:\/\/www.magnetenspecialist.nl\/fr\/#\/schema\/logo\/image\/\",\"url\":\"https:\/\/www.magnetenspecialist.nl\/wp-content\/uploads\/2018\/10\/magneten-logo.jpg\",\"contentUrl\":\"https:\/\/www.magnetenspecialist.nl\/wp-content\/uploads\/2018\/10\/magneten-logo.jpg\",\"width\":151,\"height\":151,\"caption\":\"Magnetenspecialist.nl\"},\"image\":{\"@id\":\"https:\/\/www.magnetenspecialist.nl\/fr\/#\/schema\/logo\/image\/\"},\"sameAs\":[\"https:\/\/www.facebook.com\/Magnetenspecialist.nl\",\"https:\/\/x.com\/magnetenspecial\"]}]}<\/script>\n<meta property=\"product:price:amount\" content=\"3.80\" \/>\n<meta property=\"product:price:currency\" content=\"EUR\" \/>\n<meta property=\"og:availability\" content=\"instock\" \/>\n<meta property=\"product:availability\" content=\"instock\" \/>\n<meta property=\"product:retailer_item_id\" content=\"bl030x015x002-E\" \/>\n<meta property=\"product:condition\" content=\"new\" \/>\n<!-- \/ Yoast SEO Premium plugin. -->","yoast_head_json":{"title":"Bloc magn\u00e9tique 30 x 15 x 2 mm (\u00e9poxy) avec une force de r\u00e9tention de 5,5 KG","description":"Vous cherchez un Bloc magn\u00e9tique en n\u00e9odyme 30 x 15 x 2 mm - rev\u00eatement \u00e9poxy (N42)? Les aimants peuvent \u00eatre achet\u00e9s facilement en ligne sur Magnetenspecialist.nl \u2713 1 jour ouvrable de d\u00e9lai de livraison \u2713 14 jours de d\u00e9lai de r\u00e9flexion \u2713 Exp\u00e9dition ou enl\u00e8vement *.","robots":{"index":"index","follow":"follow","max-snippet":"max-snippet:-1","max-image-preview":"max-image-preview:large","max-video-preview":"max-video-preview:-1"},"canonical":"https:\/\/www.magnetenspecialist.nl\/fr\/magasin\/epoxy-fr\/blokmagneet-30-x-15-x-2-mm-epoxy\/","og_locale":"fr_FR","og_type":"article","og_title":"Bloc magn\u00e9tique en n\u00e9odyme 30 x 15 x 2 mm - rev\u00eatement \u00e9poxy (N42)","og_description":"Vous cherchez un Bloc magn\u00e9tique en n\u00e9odyme 30 x 15 x 2 mm - rev\u00eatement \u00e9poxy (N42)? Les aimants peuvent \u00eatre achet\u00e9s facilement en ligne sur Magnetenspecialist.nl \u2713 1 jour ouvrable de d\u00e9lai de livraison \u2713 14 jours de d\u00e9lai de r\u00e9flexion \u2713 Exp\u00e9dition ou enl\u00e8vement *.","og_url":"https:\/\/www.magnetenspecialist.nl\/fr\/magasin\/epoxy-fr\/blokmagneet-30-x-15-x-2-mm-epoxy\/","og_site_name":"Magnetenspecialist.nl","article_publisher":"https:\/\/www.facebook.com\/Magnetenspecialist.nl","article_modified_time":"2025-04-15T15:21:21+00:00","og_image":[{"width":1500,"height":1500,"url":"https:\/\/www.magnetenspecialist.nl\/wp-content\/uploads\/2019\/03\/Magnetenspecialist.nl_Blokmagneet-30-x-15-x-2-mm-epoxy_1.jpg","type":"image\/jpeg"}],"twitter_card":"summary_large_image","twitter_site":"@magnetenspecial","twitter_misc":{"Prix":"&euro;&nbsp;3,80","Disponibilit\u00e9":"En stock"},"schema":{"@context":"https:\/\/schema.org","@graph":[{"@type":"WebPage","@id":"https:\/\/www.magnetenspecialist.nl\/fr\/magasin\/epoxy-fr\/blokmagneet-30-x-15-x-2-mm-epoxy\/","url":"https:\/\/www.magnetenspecialist.nl\/fr\/magasin\/epoxy-fr\/blokmagneet-30-x-15-x-2-mm-epoxy\/","name":"Bloc magn\u00e9tique 30 x 15 x 2 mm (\u00e9poxy) avec une force de r\u00e9tention de 5,5 KG","isPartOf":{"@id":"https:\/\/www.magnetenspecialist.nl\/fr\/#website"},"primaryImageOfPage":{"@id":"https:\/\/www.magnetenspecialist.nl\/fr\/magasin\/epoxy-fr\/blokmagneet-30-x-15-x-2-mm-epoxy\/#primaryimage"},"image":{"@id":"https:\/\/www.magnetenspecialist.nl\/fr\/magasin\/epoxy-fr\/blokmagneet-30-x-15-x-2-mm-epoxy\/#primaryimage"},"thumbnailUrl":"https:\/\/www.magnetenspecialist.nl\/wp-content\/uploads\/2019\/03\/Magnetenspecialist.nl_Blokmagneet-30-x-15-x-2-mm-epoxy_1.jpg","datePublished":"2019-03-08T10:02:19+00:00","dateModified":"2025-04-15T15:21:21+00:00","description":"Vous cherchez un Bloc magn\u00e9tique en n\u00e9odyme 30 x 15 x 2 mm - rev\u00eatement \u00e9poxy (N42)? Les aimants peuvent \u00eatre achet\u00e9s facilement en ligne sur Magnetenspecialist.nl \u2713 1 jour ouvrable de d\u00e9lai de livraison \u2713 14 jours de d\u00e9lai de r\u00e9flexion \u2713 Exp\u00e9dition ou enl\u00e8vement *.","breadcrumb":{"@id":"https:\/\/www.magnetenspecialist.nl\/fr\/magasin\/epoxy-fr\/blokmagneet-30-x-15-x-2-mm-epoxy\/#breadcrumb"},"inLanguage":"fr-FR","potentialAction":[{"@type":"ReadAction","target":["https:\/\/www.magnetenspecialist.nl\/fr\/magasin\/epoxy-fr\/blokmagneet-30-x-15-x-2-mm-epoxy\/"]}]},{"@type":"ImageObject","inLanguage":"fr-FR","@id":"https:\/\/www.magnetenspecialist.nl\/fr\/magasin\/epoxy-fr\/blokmagneet-30-x-15-x-2-mm-epoxy\/#primaryimage","url":"https:\/\/www.magnetenspecialist.nl\/wp-content\/uploads\/2019\/03\/Magnetenspecialist.nl_Blokmagneet-30-x-15-x-2-mm-epoxy_1.jpg","contentUrl":"https:\/\/www.magnetenspecialist.nl\/wp-content\/uploads\/2019\/03\/Magnetenspecialist.nl_Blokmagneet-30-x-15-x-2-mm-epoxy_1.jpg","width":1500,"height":1500},{"@type":"BreadcrumbList","@id":"https:\/\/www.magnetenspecialist.nl\/fr\/magasin\/epoxy-fr\/blokmagneet-30-x-15-x-2-mm-epoxy\/#breadcrumb","itemListElement":[{"@type":"ListItem","position":1,"name":"Accueil","item":"https:\/\/www.magnetenspecialist.nl\/fr\/accueil\/"},{"@type":"ListItem","position":2,"name":"Boutique","item":"https:\/\/www.magnetenspecialist.nl\/fr\/boutique\/"},{"@type":"ListItem","position":3,"name":"Bloc magn\u00e9tique en n\u00e9odyme 30 x 15 x 2 mm &#8211; rev\u00eatement \u00e9poxy (N42)"}]},{"@type":"WebSite","@id":"https:\/\/www.magnetenspecialist.nl\/fr\/#website","url":"https:\/\/www.magnetenspecialist.nl\/fr\/","name":"Magnetenspecialist.nl","description":"Vaste gamme d'aimants en n\u00e9odyme","publisher":{"@id":"https:\/\/www.magnetenspecialist.nl\/fr\/#organization"},"potentialAction":[{"@type":"SearchAction","target":{"@type":"EntryPoint","urlTemplate":"https:\/\/www.magnetenspecialist.nl\/fr\/?s={search_term_string}"},"query-input":{"@type":"PropertyValueSpecification","valueRequired":true,"valueName":"search_term_string"}}],"inLanguage":"fr-FR"},{"@type":"Organization","@id":"https:\/\/www.magnetenspecialist.nl\/fr\/#organization","name":"Magnetenspecialist.nl","url":"https:\/\/www.magnetenspecialist.nl\/fr\/","logo":{"@type":"ImageObject","inLanguage":"fr-FR","@id":"https:\/\/www.magnetenspecialist.nl\/fr\/#\/schema\/logo\/image\/","url":"https:\/\/www.magnetenspecialist.nl\/wp-content\/uploads\/2018\/10\/magneten-logo.jpg","contentUrl":"https:\/\/www.magnetenspecialist.nl\/wp-content\/uploads\/2018\/10\/magneten-logo.jpg","width":151,"height":151,"caption":"Magnetenspecialist.nl"},"image":{"@id":"https:\/\/www.magnetenspecialist.nl\/fr\/#\/schema\/logo\/image\/"},"sameAs":["https:\/\/www.facebook.com\/Magnetenspecialist.nl","https:\/\/x.com\/magnetenspecial"]}]},"product_price_amount":"3.80","product_price_currency":"EUR","og_availability":"instock","product_availability":"instock","product_retailer_item_id":"bl030x015x002-E","product_condition":"new"},"_links":{"self":[{"href":"https:\/\/www.magnetenspecialist.nl\/fr\/wp-json\/wp\/v2\/product\/91553","targetHints":{"allow":["GET"]}}],"collection":[{"href":"https:\/\/www.magnetenspecialist.nl\/fr\/wp-json\/wp\/v2\/product"}],"about":[{"href":"https:\/\/www.magnetenspecialist.nl\/fr\/wp-json\/wp\/v2\/types\/product"}],"wp:featuredmedia":[{"embeddable":true,"href":"https:\/\/www.magnetenspecialist.nl\/fr\/wp-json\/wp\/v2\/media\/111804"}],"wp:attachment":[{"href":"https:\/\/www.magnetenspecialist.nl\/fr\/wp-json\/wp\/v2\/media?parent=91553"}],"wp:term":[{"taxonomy":"product_brand","embeddable":true,"href":"https:\/\/www.magnetenspecialist.nl\/fr\/wp-json\/wp\/v2\/product_brand?post=91553"},{"taxonomy":"product_cat","embeddable":true,"href":"https:\/\/www.magnetenspecialist.nl\/fr\/wp-json\/wp\/v2\/product_cat?post=91553"},{"taxonomy":"product_tag","embeddable":true,"href":"https:\/\/www.magnetenspecialist.nl\/fr\/wp-json\/wp\/v2\/product_tag?post=91553"}],"curies":[{"name":"wp","href":"https:\/\/api.w.org\/{rel}","templated":true}]}}