{"id":91555,"date":"2019-03-08T11:02:12","date_gmt":"2019-03-08T10:02:12","guid":{"rendered":"https:\/\/www.magnetenspecialist.nl\/winkel\/non%20class\u00e9\/parallelepipede-magnetique-13-5-x-13-5-x-5-mm-avec-trou-de-fixation-biseaute-4-5-mm-pole-sud\/"},"modified":"2025-03-18T16:18:32","modified_gmt":"2025-03-18T15:18:32","slug":"blokmagneet-13-5-x-13-5-x-5-mm-met-verzonken-gat-4-5-mm-n-pool","status":"publish","type":"product","link":"https:\/\/www.magnetenspecialist.nl\/fr\/magasin\/parallelepipedes-magnetiques\/blokmagneet-13-5-x-13-5-x-5-mm-met-verzonken-gat-4-5-mm-n-pool\/","title":{"rendered":"Aimant en bloc 13,5 x 13,5 x 5 mm, N48 avec fraisage 4,5 mm (p\u00f4le nord)"},"content":{"rendered":"<h3>Des blocs magn\u00e9tiques puissants livr\u00e9s rapidement et \u00e0 un prix abordable aussi <img decoding=\"async\" class=\"alignnone wp-image-112601\" src=\"https:\/\/www.magnetenspecialist.nl\/wp-content\/uploads\/2019\/03\/Magnetenspecialist.nl_Blokmagneet-13.5-x-13.5-x-5-mm-met-verzonken-gat-4.5-mm_2-300x300.jpg\" alt=\"\" width=\"178\" height=\"178\" srcset=\"https:\/\/www.magnetenspecialist.nl\/wp-content\/uploads\/2019\/03\/Magnetenspecialist.nl_Blokmagneet-13.5-x-13.5-x-5-mm-met-verzonken-gat-4.5-mm_2-300x300.jpg 300w, https:\/\/www.magnetenspecialist.nl\/wp-content\/uploads\/2019\/03\/Magnetenspecialist.nl_Blokmagneet-13.5-x-13.5-x-5-mm-met-verzonken-gat-4.5-mm_2-1024x1024.jpg 1024w, https:\/\/www.magnetenspecialist.nl\/wp-content\/uploads\/2019\/03\/Magnetenspecialist.nl_Blokmagneet-13.5-x-13.5-x-5-mm-met-verzonken-gat-4.5-mm_2-150x150.jpg 150w, https:\/\/www.magnetenspecialist.nl\/wp-content\/uploads\/2019\/03\/Magnetenspecialist.nl_Blokmagneet-13.5-x-13.5-x-5-mm-met-verzonken-gat-4.5-mm_2-768x768.jpg 768w, https:\/\/www.magnetenspecialist.nl\/wp-content\/uploads\/2019\/03\/Magnetenspecialist.nl_Blokmagneet-13.5-x-13.5-x-5-mm-met-verzonken-gat-4.5-mm_2-600x600.jpg 600w, https:\/\/www.magnetenspecialist.nl\/wp-content\/uploads\/2019\/03\/Magnetenspecialist.nl_Blokmagneet-13.5-x-13.5-x-5-mm-met-verzonken-gat-4.5-mm_2-100x100.jpg 100w, https:\/\/www.magnetenspecialist.nl\/wp-content\/uploads\/2019\/03\/Magnetenspecialist.nl_Blokmagneet-13.5-x-13.5-x-5-mm-met-verzonken-gat-4.5-mm_2.jpg 1500w\" sizes=\"(max-width: 178px) 100vw, 178px\" \/><\/h3>\n<p>  Un aimant en forme de bloc est peut-\u00eatre la forme la plus traditionnelle d&#8217;aimant : rectangulaire et facile \u00e0 saisir. En m\u00eame temps, les blocs magn\u00e9tiques sont puissants. Id\u00e9al pour une utilisation \u00e0 la maison, au bureau ou pour des applications industrielles. Vous recherchez des aimants puissants en n\u00e9odyme ? Chez Magnetenspecialist.nl, vous pouvez les commander en ligne. Sur ce site web, vous pouvez voir notre gamme compl\u00e8te. Pour chaque bloc magn\u00e9tique, vous verrez une photo avec la taille et les sp\u00e9cifications.<\/p>\n","protected":false},"excerpt":{"rendered":"<p>avec fraises N-p\u00f4le<\/p>\n","protected":false},"featured_media":112599,"template":"","meta":{"_acf_changed":false},"product_brand":[3521],"product_cat":[1376,2940],"product_tag":[3159],"class_list":{"0":"post-91555","1":"product","2":"type-product","3":"status-publish","4":"has-post-thumbnail","6":"product_brand-magnetenspecialist","7":"product_cat-parallelepipedes-magnetiques","8":"product_cat-aimants-a-visser","9":"product_tag-groep-4-fr","10":"pa_herkomst-chine","11":"pa_houdkracht-4-2-fr","12":"pa_magnetisering-n48-fr","13":"pa_magnetiseringsrichting-axiaal-fr","14":"pa_materiaal-nickele-ni-cu-ni-fr-2","15":"pa_maximale-gebruikstemperatuur-80-fr","16":"pa_model-bloc","17":"pa_preferentiele-oorsprong-non","18":"pa_taric-code-8505-1110-99-0-fr","20":"first","21":"instock","22":"taxable","23":"shipping-taxable","24":"purchasable","25":"product-type-simple"},"supplier_id":null,"supplier_sku":"","barcode":null,"atum_controlled":true,"out_stock_date":null,"out_stock_threshold":null,"inheritable":false,"inbound_stock":0,"stock_on_hold":0,"sold_today":0,"sales_last_days":10,"reserved_stock":0,"customer_returns":0,"warehouse_damage":0,"lost_in_post":0,"other_logs":0,"out_stock_days":0,"lost_sales":0,"has_location":false,"update_date":"2026-04-03T08:06:29","atum_locations":[],"atum_stock_status":"instock","restock_status":false,"low_stock_amount":1500,"sales_update_date":"2026-04-03T08:06:29","calc_backorders":null,"acf":[],"yoast_head":"<!-- This site is optimized with the Yoast SEO Premium plugin v24.7 (Yoast SEO v24.7) - https:\/\/yoast.com\/wordpress\/plugins\/seo\/ -->\n<title>Aimant en Bloc 13,5 x 13,5 x 5 mm N48 avec Fraisage 4,5 mm (P\u00f4le Nord)<\/title>\n<meta name=\"description\" content=\"Vous cherchez un Aimant en bloc 13,5 x 13,5 x 5 mm, N48 avec fraisage 4,5 mm (p\u00f4le nord)? Les aimants peuvent \u00eatre achet\u00e9s facilement en ligne sur Magnetenspecialist.nl \u2713 1 jour ouvrable de d\u00e9lai de livraison \u2713 14 jours de d\u00e9lai de r\u00e9flexion \u2713 Exp\u00e9dition ou enl\u00e8vement *.\" \/>\n<meta name=\"robots\" content=\"index, follow, max-snippet:-1, max-image-preview:large, max-video-preview:-1\" \/>\n<link rel=\"canonical\" href=\"https:\/\/www.magnetenspecialist.nl\/fr\/magasin\/parallelepipedes-magnetiques\/blokmagneet-13-5-x-13-5-x-5-mm-met-verzonken-gat-4-5-mm-n-pool\/\" \/>\n<meta property=\"og:locale\" content=\"fr_FR\" \/>\n<meta property=\"og:type\" content=\"article\" \/>\n<meta property=\"og:title\" content=\"Aimant en bloc 13,5 x 13,5 x 5 mm, N48 avec fraisage 4,5 mm (p\u00f4le nord)\" \/>\n<meta property=\"og:description\" content=\"Vous cherchez un Aimant en bloc 13,5 x 13,5 x 5 mm, N48 avec fraisage 4,5 mm (p\u00f4le nord)? Les aimants peuvent \u00eatre achet\u00e9s facilement en ligne sur Magnetenspecialist.nl \u2713 1 jour ouvrable de d\u00e9lai de livraison \u2713 14 jours de d\u00e9lai de r\u00e9flexion \u2713 Exp\u00e9dition ou enl\u00e8vement *.\" \/>\n<meta property=\"og:url\" content=\"https:\/\/www.magnetenspecialist.nl\/fr\/magasin\/parallelepipedes-magnetiques\/blokmagneet-13-5-x-13-5-x-5-mm-met-verzonken-gat-4-5-mm-n-pool\/\" \/>\n<meta property=\"og:site_name\" content=\"Magnetenspecialist.nl\" \/>\n<meta property=\"article:publisher\" content=\"https:\/\/www.facebook.com\/Magnetenspecialist.nl\" \/>\n<meta property=\"article:modified_time\" content=\"2025-03-18T15:18:32+00:00\" \/>\n<meta property=\"og:image\" content=\"https:\/\/www.magnetenspecialist.nl\/wp-content\/uploads\/2019\/03\/Magnetenspecialist.nl_Blokmagneet-13.5-x-13.5-x-5-mm-met-verzonken-gat-4.5-mm_1.jpg\" \/>\n\t<meta property=\"og:image:width\" content=\"1500\" \/>\n\t<meta property=\"og:image:height\" content=\"1500\" \/>\n\t<meta property=\"og:image:type\" content=\"image\/jpeg\" \/>\n<meta name=\"twitter:card\" content=\"summary_large_image\" \/>\n<meta name=\"twitter:site\" content=\"@magnetenspecial\" \/>\n<meta name=\"twitter:label1\" content=\"Prix\" \/>\n\t<meta name=\"twitter:data1\" content=\"&euro;&nbsp;2,06\" \/>\n\t<meta name=\"twitter:label2\" content=\"Disponibilit\u00e9\" \/>\n\t<meta name=\"twitter:data2\" content=\"En stock\" \/>\n<script type=\"application\/ld+json\" class=\"yoast-schema-graph\">{\"@context\":\"https:\/\/schema.org\",\"@graph\":[{\"@type\":\"WebPage\",\"@id\":\"https:\/\/www.magnetenspecialist.nl\/fr\/magasin\/parallelepipedes-magnetiques\/blokmagneet-13-5-x-13-5-x-5-mm-met-verzonken-gat-4-5-mm-n-pool\/\",\"url\":\"https:\/\/www.magnetenspecialist.nl\/fr\/magasin\/parallelepipedes-magnetiques\/blokmagneet-13-5-x-13-5-x-5-mm-met-verzonken-gat-4-5-mm-n-pool\/\",\"name\":\"Aimant en Bloc 13,5 x 13,5 x 5 mm N48 avec Fraisage 4,5 mm (P\u00f4le Nord)\",\"isPartOf\":{\"@id\":\"https:\/\/www.magnetenspecialist.nl\/fr\/#website\"},\"primaryImageOfPage\":{\"@id\":\"https:\/\/www.magnetenspecialist.nl\/fr\/magasin\/parallelepipedes-magnetiques\/blokmagneet-13-5-x-13-5-x-5-mm-met-verzonken-gat-4-5-mm-n-pool\/#primaryimage\"},\"image\":{\"@id\":\"https:\/\/www.magnetenspecialist.nl\/fr\/magasin\/parallelepipedes-magnetiques\/blokmagneet-13-5-x-13-5-x-5-mm-met-verzonken-gat-4-5-mm-n-pool\/#primaryimage\"},\"thumbnailUrl\":\"https:\/\/www.magnetenspecialist.nl\/wp-content\/uploads\/2019\/03\/Magnetenspecialist.nl_Blokmagneet-13.5-x-13.5-x-5-mm-met-verzonken-gat-4.5-mm_1.jpg\",\"datePublished\":\"2019-03-08T10:02:12+00:00\",\"dateModified\":\"2025-03-18T15:18:32+00:00\",\"description\":\"Vous cherchez un Aimant en bloc 13,5 x 13,5 x 5 mm, N48 avec fraisage 4,5 mm (p\u00f4le nord)? Les aimants peuvent \u00eatre achet\u00e9s facilement en ligne sur Magnetenspecialist.nl \u2713 1 jour ouvrable de d\u00e9lai de livraison \u2713 14 jours de d\u00e9lai de r\u00e9flexion \u2713 Exp\u00e9dition ou enl\u00e8vement *.\",\"breadcrumb\":{\"@id\":\"https:\/\/www.magnetenspecialist.nl\/fr\/magasin\/parallelepipedes-magnetiques\/blokmagneet-13-5-x-13-5-x-5-mm-met-verzonken-gat-4-5-mm-n-pool\/#breadcrumb\"},\"inLanguage\":\"fr-FR\",\"potentialAction\":[{\"@type\":\"ReadAction\",\"target\":[\"https:\/\/www.magnetenspecialist.nl\/fr\/magasin\/parallelepipedes-magnetiques\/blokmagneet-13-5-x-13-5-x-5-mm-met-verzonken-gat-4-5-mm-n-pool\/\"]}]},{\"@type\":\"ImageObject\",\"inLanguage\":\"fr-FR\",\"@id\":\"https:\/\/www.magnetenspecialist.nl\/fr\/magasin\/parallelepipedes-magnetiques\/blokmagneet-13-5-x-13-5-x-5-mm-met-verzonken-gat-4-5-mm-n-pool\/#primaryimage\",\"url\":\"https:\/\/www.magnetenspecialist.nl\/wp-content\/uploads\/2019\/03\/Magnetenspecialist.nl_Blokmagneet-13.5-x-13.5-x-5-mm-met-verzonken-gat-4.5-mm_1.jpg\",\"contentUrl\":\"https:\/\/www.magnetenspecialist.nl\/wp-content\/uploads\/2019\/03\/Magnetenspecialist.nl_Blokmagneet-13.5-x-13.5-x-5-mm-met-verzonken-gat-4.5-mm_1.jpg\",\"width\":1500,\"height\":1500},{\"@type\":\"BreadcrumbList\",\"@id\":\"https:\/\/www.magnetenspecialist.nl\/fr\/magasin\/parallelepipedes-magnetiques\/blokmagneet-13-5-x-13-5-x-5-mm-met-verzonken-gat-4-5-mm-n-pool\/#breadcrumb\",\"itemListElement\":[{\"@type\":\"ListItem\",\"position\":1,\"name\":\"Accueil\",\"item\":\"https:\/\/www.magnetenspecialist.nl\/fr\/accueil\/\"},{\"@type\":\"ListItem\",\"position\":2,\"name\":\"Boutique\",\"item\":\"https:\/\/www.magnetenspecialist.nl\/fr\/boutique\/\"},{\"@type\":\"ListItem\",\"position\":3,\"name\":\"Aimant en bloc 13,5 x 13,5 x 5 mm, N48 avec fraisage 4,5 mm (p\u00f4le nord)\"}]},{\"@type\":\"WebSite\",\"@id\":\"https:\/\/www.magnetenspecialist.nl\/fr\/#website\",\"url\":\"https:\/\/www.magnetenspecialist.nl\/fr\/\",\"name\":\"Magnetenspecialist.nl\",\"description\":\"Vaste gamme d'aimants en n\u00e9odyme\",\"publisher\":{\"@id\":\"https:\/\/www.magnetenspecialist.nl\/fr\/#organization\"},\"potentialAction\":[{\"@type\":\"SearchAction\",\"target\":{\"@type\":\"EntryPoint\",\"urlTemplate\":\"https:\/\/www.magnetenspecialist.nl\/fr\/?s={search_term_string}\"},\"query-input\":{\"@type\":\"PropertyValueSpecification\",\"valueRequired\":true,\"valueName\":\"search_term_string\"}}],\"inLanguage\":\"fr-FR\"},{\"@type\":\"Organization\",\"@id\":\"https:\/\/www.magnetenspecialist.nl\/fr\/#organization\",\"name\":\"Magnetenspecialist.nl\",\"url\":\"https:\/\/www.magnetenspecialist.nl\/fr\/\",\"logo\":{\"@type\":\"ImageObject\",\"inLanguage\":\"fr-FR\",\"@id\":\"https:\/\/www.magnetenspecialist.nl\/fr\/#\/schema\/logo\/image\/\",\"url\":\"https:\/\/www.magnetenspecialist.nl\/wp-content\/uploads\/2018\/10\/magneten-logo.jpg\",\"contentUrl\":\"https:\/\/www.magnetenspecialist.nl\/wp-content\/uploads\/2018\/10\/magneten-logo.jpg\",\"width\":151,\"height\":151,\"caption\":\"Magnetenspecialist.nl\"},\"image\":{\"@id\":\"https:\/\/www.magnetenspecialist.nl\/fr\/#\/schema\/logo\/image\/\"},\"sameAs\":[\"https:\/\/www.facebook.com\/Magnetenspecialist.nl\",\"https:\/\/x.com\/magnetenspecial\"]}]}<\/script>\n<meta property=\"product:price:amount\" content=\"2.06\" \/>\n<meta property=\"product:price:currency\" content=\"EUR\" \/>\n<meta property=\"og:availability\" content=\"instock\" \/>\n<meta property=\"product:availability\" content=\"instock\" \/>\n<meta property=\"product:retailer_item_id\" content=\"bl0135x0135x005-N-N\" \/>\n<meta property=\"product:condition\" content=\"new\" \/>\n<!-- \/ Yoast SEO Premium plugin. -->","yoast_head_json":{"title":"Aimant en Bloc 13,5 x 13,5 x 5 mm N48 avec Fraisage 4,5 mm (P\u00f4le Nord)","description":"Vous cherchez un Aimant en bloc 13,5 x 13,5 x 5 mm, N48 avec fraisage 4,5 mm (p\u00f4le nord)? Les aimants peuvent \u00eatre achet\u00e9s facilement en ligne sur Magnetenspecialist.nl \u2713 1 jour ouvrable de d\u00e9lai de livraison \u2713 14 jours de d\u00e9lai de r\u00e9flexion \u2713 Exp\u00e9dition ou enl\u00e8vement *.","robots":{"index":"index","follow":"follow","max-snippet":"max-snippet:-1","max-image-preview":"max-image-preview:large","max-video-preview":"max-video-preview:-1"},"canonical":"https:\/\/www.magnetenspecialist.nl\/fr\/magasin\/parallelepipedes-magnetiques\/blokmagneet-13-5-x-13-5-x-5-mm-met-verzonken-gat-4-5-mm-n-pool\/","og_locale":"fr_FR","og_type":"article","og_title":"Aimant en bloc 13,5 x 13,5 x 5 mm, N48 avec fraisage 4,5 mm (p\u00f4le nord)","og_description":"Vous cherchez un Aimant en bloc 13,5 x 13,5 x 5 mm, N48 avec fraisage 4,5 mm (p\u00f4le nord)? Les aimants peuvent \u00eatre achet\u00e9s facilement en ligne sur Magnetenspecialist.nl \u2713 1 jour ouvrable de d\u00e9lai de livraison \u2713 14 jours de d\u00e9lai de r\u00e9flexion \u2713 Exp\u00e9dition ou enl\u00e8vement *.","og_url":"https:\/\/www.magnetenspecialist.nl\/fr\/magasin\/parallelepipedes-magnetiques\/blokmagneet-13-5-x-13-5-x-5-mm-met-verzonken-gat-4-5-mm-n-pool\/","og_site_name":"Magnetenspecialist.nl","article_publisher":"https:\/\/www.facebook.com\/Magnetenspecialist.nl","article_modified_time":"2025-03-18T15:18:32+00:00","og_image":[{"width":1500,"height":1500,"url":"https:\/\/www.magnetenspecialist.nl\/wp-content\/uploads\/2019\/03\/Magnetenspecialist.nl_Blokmagneet-13.5-x-13.5-x-5-mm-met-verzonken-gat-4.5-mm_1.jpg","type":"image\/jpeg"}],"twitter_card":"summary_large_image","twitter_site":"@magnetenspecial","twitter_misc":{"Prix":"&euro;&nbsp;2,06","Disponibilit\u00e9":"En stock"},"schema":{"@context":"https:\/\/schema.org","@graph":[{"@type":"WebPage","@id":"https:\/\/www.magnetenspecialist.nl\/fr\/magasin\/parallelepipedes-magnetiques\/blokmagneet-13-5-x-13-5-x-5-mm-met-verzonken-gat-4-5-mm-n-pool\/","url":"https:\/\/www.magnetenspecialist.nl\/fr\/magasin\/parallelepipedes-magnetiques\/blokmagneet-13-5-x-13-5-x-5-mm-met-verzonken-gat-4-5-mm-n-pool\/","name":"Aimant en Bloc 13,5 x 13,5 x 5 mm N48 avec Fraisage 4,5 mm (P\u00f4le Nord)","isPartOf":{"@id":"https:\/\/www.magnetenspecialist.nl\/fr\/#website"},"primaryImageOfPage":{"@id":"https:\/\/www.magnetenspecialist.nl\/fr\/magasin\/parallelepipedes-magnetiques\/blokmagneet-13-5-x-13-5-x-5-mm-met-verzonken-gat-4-5-mm-n-pool\/#primaryimage"},"image":{"@id":"https:\/\/www.magnetenspecialist.nl\/fr\/magasin\/parallelepipedes-magnetiques\/blokmagneet-13-5-x-13-5-x-5-mm-met-verzonken-gat-4-5-mm-n-pool\/#primaryimage"},"thumbnailUrl":"https:\/\/www.magnetenspecialist.nl\/wp-content\/uploads\/2019\/03\/Magnetenspecialist.nl_Blokmagneet-13.5-x-13.5-x-5-mm-met-verzonken-gat-4.5-mm_1.jpg","datePublished":"2019-03-08T10:02:12+00:00","dateModified":"2025-03-18T15:18:32+00:00","description":"Vous cherchez un Aimant en bloc 13,5 x 13,5 x 5 mm, N48 avec fraisage 4,5 mm (p\u00f4le nord)? Les aimants peuvent \u00eatre achet\u00e9s facilement en ligne sur Magnetenspecialist.nl \u2713 1 jour ouvrable de d\u00e9lai de livraison \u2713 14 jours de d\u00e9lai de r\u00e9flexion \u2713 Exp\u00e9dition ou enl\u00e8vement *.","breadcrumb":{"@id":"https:\/\/www.magnetenspecialist.nl\/fr\/magasin\/parallelepipedes-magnetiques\/blokmagneet-13-5-x-13-5-x-5-mm-met-verzonken-gat-4-5-mm-n-pool\/#breadcrumb"},"inLanguage":"fr-FR","potentialAction":[{"@type":"ReadAction","target":["https:\/\/www.magnetenspecialist.nl\/fr\/magasin\/parallelepipedes-magnetiques\/blokmagneet-13-5-x-13-5-x-5-mm-met-verzonken-gat-4-5-mm-n-pool\/"]}]},{"@type":"ImageObject","inLanguage":"fr-FR","@id":"https:\/\/www.magnetenspecialist.nl\/fr\/magasin\/parallelepipedes-magnetiques\/blokmagneet-13-5-x-13-5-x-5-mm-met-verzonken-gat-4-5-mm-n-pool\/#primaryimage","url":"https:\/\/www.magnetenspecialist.nl\/wp-content\/uploads\/2019\/03\/Magnetenspecialist.nl_Blokmagneet-13.5-x-13.5-x-5-mm-met-verzonken-gat-4.5-mm_1.jpg","contentUrl":"https:\/\/www.magnetenspecialist.nl\/wp-content\/uploads\/2019\/03\/Magnetenspecialist.nl_Blokmagneet-13.5-x-13.5-x-5-mm-met-verzonken-gat-4.5-mm_1.jpg","width":1500,"height":1500},{"@type":"BreadcrumbList","@id":"https:\/\/www.magnetenspecialist.nl\/fr\/magasin\/parallelepipedes-magnetiques\/blokmagneet-13-5-x-13-5-x-5-mm-met-verzonken-gat-4-5-mm-n-pool\/#breadcrumb","itemListElement":[{"@type":"ListItem","position":1,"name":"Accueil","item":"https:\/\/www.magnetenspecialist.nl\/fr\/accueil\/"},{"@type":"ListItem","position":2,"name":"Boutique","item":"https:\/\/www.magnetenspecialist.nl\/fr\/boutique\/"},{"@type":"ListItem","position":3,"name":"Aimant en bloc 13,5 x 13,5 x 5 mm, N48 avec fraisage 4,5 mm (p\u00f4le nord)"}]},{"@type":"WebSite","@id":"https:\/\/www.magnetenspecialist.nl\/fr\/#website","url":"https:\/\/www.magnetenspecialist.nl\/fr\/","name":"Magnetenspecialist.nl","description":"Vaste gamme d'aimants en n\u00e9odyme","publisher":{"@id":"https:\/\/www.magnetenspecialist.nl\/fr\/#organization"},"potentialAction":[{"@type":"SearchAction","target":{"@type":"EntryPoint","urlTemplate":"https:\/\/www.magnetenspecialist.nl\/fr\/?s={search_term_string}"},"query-input":{"@type":"PropertyValueSpecification","valueRequired":true,"valueName":"search_term_string"}}],"inLanguage":"fr-FR"},{"@type":"Organization","@id":"https:\/\/www.magnetenspecialist.nl\/fr\/#organization","name":"Magnetenspecialist.nl","url":"https:\/\/www.magnetenspecialist.nl\/fr\/","logo":{"@type":"ImageObject","inLanguage":"fr-FR","@id":"https:\/\/www.magnetenspecialist.nl\/fr\/#\/schema\/logo\/image\/","url":"https:\/\/www.magnetenspecialist.nl\/wp-content\/uploads\/2018\/10\/magneten-logo.jpg","contentUrl":"https:\/\/www.magnetenspecialist.nl\/wp-content\/uploads\/2018\/10\/magneten-logo.jpg","width":151,"height":151,"caption":"Magnetenspecialist.nl"},"image":{"@id":"https:\/\/www.magnetenspecialist.nl\/fr\/#\/schema\/logo\/image\/"},"sameAs":["https:\/\/www.facebook.com\/Magnetenspecialist.nl","https:\/\/x.com\/magnetenspecial"]}]},"product_price_amount":"2.06","product_price_currency":"EUR","og_availability":"instock","product_availability":"instock","product_retailer_item_id":"bl0135x0135x005-N-N","product_condition":"new"},"_links":{"self":[{"href":"https:\/\/www.magnetenspecialist.nl\/fr\/wp-json\/wp\/v2\/product\/91555"}],"collection":[{"href":"https:\/\/www.magnetenspecialist.nl\/fr\/wp-json\/wp\/v2\/product"}],"about":[{"href":"https:\/\/www.magnetenspecialist.nl\/fr\/wp-json\/wp\/v2\/types\/product"}],"wp:featuredmedia":[{"embeddable":true,"href":"https:\/\/www.magnetenspecialist.nl\/fr\/wp-json\/wp\/v2\/media\/112599"}],"wp:attachment":[{"href":"https:\/\/www.magnetenspecialist.nl\/fr\/wp-json\/wp\/v2\/media?parent=91555"}],"wp:term":[{"taxonomy":"product_brand","embeddable":true,"href":"https:\/\/www.magnetenspecialist.nl\/fr\/wp-json\/wp\/v2\/product_brand?post=91555"},{"taxonomy":"product_cat","embeddable":true,"href":"https:\/\/www.magnetenspecialist.nl\/fr\/wp-json\/wp\/v2\/product_cat?post=91555"},{"taxonomy":"product_tag","embeddable":true,"href":"https:\/\/www.magnetenspecialist.nl\/fr\/wp-json\/wp\/v2\/product_tag?post=91555"}],"curies":[{"name":"wp","href":"https:\/\/api.w.org\/{rel}","templated":true}]}}