{"id":91561,"date":"2019-03-08T11:02:05","date_gmt":"2019-03-08T10:02:05","guid":{"rendered":"https:\/\/www.magnetenspecialist.nl\/winkel\/non%20class\u00e9\/parallelepipede-magnetique-5-x-2-x-1-5-mm\/"},"modified":"2025-04-15T18:49:27","modified_gmt":"2025-04-15T16:49:27","slug":"blokmagneet-5-x-2-x-1-5-mm","status":"publish","type":"product","link":"https:\/\/www.magnetenspecialist.nl\/fr\/magasin\/parallelepipedes-magnetiques\/blokmagneet-5-x-2-x-1-5-mm\/","title":{"rendered":"Bloc magn\u00e9tique en n\u00e9odyme 5 x 2 x 1,5 mm &#8211; N50"},"content":{"rendered":"<h3>Bloc magn\u00e9tique 5 x 2 x 1,5 mm, N50, force de maintien 0,4 KG  <img decoding=\"async\" class=\"alignnone wp-image-111401\" src=\"https:\/\/www.magnetenspecialist.nl\/wp-content\/uploads\/2019\/03\/Magnetenspecialist.nl_Blokmagneet-5-x-2-x-1.5-mm_2-300x300.jpg\" alt=\"\" width=\"128\" height=\"128\" srcset=\"https:\/\/www.magnetenspecialist.nl\/wp-content\/uploads\/2019\/03\/Magnetenspecialist.nl_Blokmagneet-5-x-2-x-1.5-mm_2-300x300.jpg 300w, https:\/\/www.magnetenspecialist.nl\/wp-content\/uploads\/2019\/03\/Magnetenspecialist.nl_Blokmagneet-5-x-2-x-1.5-mm_2-1024x1024.jpg 1024w, https:\/\/www.magnetenspecialist.nl\/wp-content\/uploads\/2019\/03\/Magnetenspecialist.nl_Blokmagneet-5-x-2-x-1.5-mm_2-150x150.jpg 150w, https:\/\/www.magnetenspecialist.nl\/wp-content\/uploads\/2019\/03\/Magnetenspecialist.nl_Blokmagneet-5-x-2-x-1.5-mm_2-768x768.jpg 768w, https:\/\/www.magnetenspecialist.nl\/wp-content\/uploads\/2019\/03\/Magnetenspecialist.nl_Blokmagneet-5-x-2-x-1.5-mm_2-600x600.jpg 600w, https:\/\/www.magnetenspecialist.nl\/wp-content\/uploads\/2019\/03\/Magnetenspecialist.nl_Blokmagneet-5-x-2-x-1.5-mm_2-100x100.jpg 100w, https:\/\/www.magnetenspecialist.nl\/wp-content\/uploads\/2019\/03\/Magnetenspecialist.nl_Blokmagneet-5-x-2-x-1.5-mm_2.jpg 1500w\" sizes=\"(max-width: 128px) 100vw, 128px\" \/><\/h3>\n<p class=\"\" data-start=\"332\" data-end=\"616\">Ce <strong data-start=\"346\" data-end=\"371\">bloc aimant\u00e9<\/strong> compact <strong data-start=\"346\" data-end=\"371\">en n\u00e9odyme<\/strong> de 5 x 2 x 1,5 mm est petit par la taille, mais grand par la force. Gr\u00e2ce \u00e0 sa <strong data-start=\"459\" data-end=\"480\">magn\u00e9tisation N50<\/strong> de haute qualit\u00e9, il offre une <strong data-start=\"511\" data-end=\"540\">force de r\u00e9tention<\/strong> impressionnante <strong data-start=\"511\" data-end=\"540\">d&#8217;environ 0,4 kg<\/strong>, ce qui en fait l&#8217;outil id\u00e9al pour les applications o\u00f9 la pr\u00e9cision et la force se conjuguent. <\/p>\n<p class=\"\" data-start=\"618\" data-end=\"977\">L&#8217;aimant est fabriqu\u00e9 en n\u00e9odyme, le mat\u00e9riau magn\u00e9tique permanent le plus puissant actuellement disponible. Il est donc plus performant que les aimants standard N35 ou N42 de m\u00eame taille. Il est particuli\u00e8rement adapt\u00e9 \u00e0 l&#8217;\u00e9lectronique, aux solutions de capteurs, \u00e0 la m\u00e9canique miniature, au mod\u00e9lisme ou aux projets cr\u00e9atifs o\u00f9 l&#8217;espace est compt\u00e9.  <\/p>\n<p class=\"\" data-start=\"979\" data-end=\"1193\">Gr\u00e2ce \u00e0 sa forme plate et rectangulaire et \u00e0 sa l\u00e9g\u00e8ret\u00e9, cet aimant est facile \u00e0 int\u00e9grer dans des syst\u00e8mes adh\u00e9sifs, coulissants ou \u00e0 clics. Il peut \u00eatre int\u00e9gr\u00e9 de mani\u00e8re presque invisible dans de petites structures ou enceintes. <\/p>\n<p class=\"\" data-start=\"1195\" data-end=\"1213\"><strong data-start=\"1195\" data-end=\"1213\">Sp\u00e9cifications :<\/strong><\/p>\n<ul data-start=\"1214\" data-end=\"1457\">\n<li class=\"\" data-start=\"1214\" data-end=\"1244\">\n<p class=\"\" data-start=\"1216\" data-end=\"1244\">Dimensions : 5 x 2 x 1,5 mm<\/p>\n<\/li>\n<li class=\"\" data-start=\"1245\" data-end=\"1275\">\n<p class=\"\" data-start=\"1247\" data-end=\"1275\">Mat\u00e9riau : N\u00e9odyme (N50)<\/p>\n<\/li>\n<li class=\"\" data-start=\"1276\" data-end=\"1290\">\n<p class=\"\" data-start=\"1278\" data-end=\"1290\">Forme : Bloc<\/p>\n<\/li>\n<li class=\"\" data-start=\"1291\" data-end=\"1316\">\n<p class=\"\" data-start=\"1293\" data-end=\"1316\">Magn\u00e9tisation : Axiale<\/p>\n<\/li>\n<li class=\"\" data-start=\"1317\" data-end=\"1343\">\n<p class=\"\" data-start=\"1319\" data-end=\"1343\">Force de maintien : environ 0,4 kg<\/p>\n<\/li>\n<li class=\"\" data-start=\"1344\" data-end=\"1374\">\n<p class=\"\" data-start=\"1346\" data-end=\"1374\">Rev\u00eatement : Nickel (Ni-Cu-Ni)<\/p>\n<\/li>\n<li class=\"\" data-start=\"1375\" data-end=\"1396\">\n<p class=\"\" data-start=\"1377\" data-end=\"1396\">Poids : &lt; 1 gramme<\/p>\n<\/li>\n<li class=\"\" data-start=\"1397\" data-end=\"1457\">\n<p class=\"\" data-start=\"1399\" data-end=\"1457\">Application : \u00e9lectronique, composants miniatures, fixation<\/p>\n<\/li>\n<\/ul>\n<p class=\"\" data-start=\"1459\" data-end=\"1609\"><strong data-start=\"1459\" data-end=\"1470\">Remarque :<\/strong> les aimants en n\u00e9odyme sont fragiles malgr\u00e9 leur puissance. Manipulez-les avec pr\u00e9caution et \u00e9vitez les collisions avec d&#8217;autres aimants ou des surfaces m\u00e9talliques. <\/p>\n<p class=\"\" data-start=\"1611\" data-end=\"1784\">Vous recherchez une solution magn\u00e9tique super compacte mais puissante ? Cet aimant bloc N50 de 5 x 2 x 1,5 mm offre pr\u00e9cision, puissance et fiabilit\u00e9 dans un format mini. <\/p>\n","protected":false},"excerpt":{"rendered":"<p>Bloc magn\u00e9tique 5 x 2 x 1,5 mm, N50, force de maintien 0,4 KG Ce bloc aimant\u00e9 compact en n\u00e9odyme de 5 x 2 x 1,5 mm est petit par la taille, mais grand par la force. Gr\u00e2ce \u00e0 sa magn\u00e9tisation N50 de haute qualit\u00e9, il offre une force de r\u00e9tention impressionnante d&#8217;environ 0,4 kg, [&hellip;]<\/p>\n","protected":false},"featured_media":111412,"template":"","meta":{"_acf_changed":false},"product_brand":[3521],"product_cat":[1376],"product_tag":[3160],"class_list":{"0":"post-91561","1":"product","2":"type-product","3":"status-publish","4":"has-post-thumbnail","6":"product_brand-magnetenspecialist","7":"product_cat-parallelepipedes-magnetiques","8":"product_tag-groep-5-fr","9":"pa_herkomst-chine","10":"pa_houdkracht-0-4-fr","11":"pa_magnetisering-n45-fr","12":"pa_magnetiseringsrichting-axiaal-fr","13":"pa_materiaal-nickele-ni-cu-ni-fr-2","14":"pa_maximale-gebruikstemperatuur-80-fr","15":"pa_model-bloc","16":"pa_preferentiele-oorsprong-non","17":"pa_taric-code-8505-1110-99-0-fr","19":"first","20":"instock","21":"taxable","22":"shipping-taxable","23":"purchasable","24":"product-type-simple"},"supplier_id":null,"supplier_sku":"","barcode":null,"atum_controlled":true,"out_stock_date":null,"out_stock_threshold":null,"inheritable":false,"inbound_stock":0,"stock_on_hold":0,"sold_today":20,"sales_last_days":1432,"reserved_stock":0,"customer_returns":0,"warehouse_damage":0,"lost_in_post":0,"other_logs":0,"out_stock_days":0,"lost_sales":0,"has_location":false,"update_date":"2026-04-21T10:38:35","atum_locations":[],"atum_stock_status":"instock","restock_status":false,"low_stock_amount":5000,"sales_update_date":"2026-04-20T13:48:03","calc_backorders":null,"acf":[],"yoast_head":"<!-- This site is optimized with the Yoast SEO Premium plugin v24.7 (Yoast SEO v24.7) - https:\/\/yoast.com\/wordpress\/plugins\/seo\/ -->\n<title>Bloc magn\u00e9tique en n\u00e9odyme 5 x 2 x 1,5 mm - N50 Puissant<\/title>\n<meta name=\"description\" content=\"D\u00e9couvrez le puissant aimant bloc en n\u00e9odyme 5 x 2 x 1,5 mm - N50. Parfait pour tous vos projets magn\u00e9tiques, commandez d\u00e8s maintenant et faites-en l&#039;exp\u00e9rience !\" \/>\n<meta name=\"robots\" content=\"index, follow, max-snippet:-1, max-image-preview:large, max-video-preview:-1\" \/>\n<link rel=\"canonical\" href=\"https:\/\/www.magnetenspecialist.nl\/fr\/magasin\/parallelepipedes-magnetiques\/blokmagneet-5-x-2-x-1-5-mm\/\" \/>\n<meta property=\"og:locale\" content=\"fr_FR\" \/>\n<meta property=\"og:type\" content=\"article\" \/>\n<meta property=\"og:title\" content=\"Bloc magn\u00e9tique en n\u00e9odyme 5 x 2 x 1,5 mm - N50\" \/>\n<meta property=\"og:description\" content=\"D\u00e9couvrez le puissant aimant bloc en n\u00e9odyme 5 x 2 x 1,5 mm - N50. Parfait pour tous vos projets magn\u00e9tiques, commandez d\u00e8s maintenant et faites-en l&#039;exp\u00e9rience !\" \/>\n<meta property=\"og:url\" content=\"https:\/\/www.magnetenspecialist.nl\/fr\/magasin\/parallelepipedes-magnetiques\/blokmagneet-5-x-2-x-1-5-mm\/\" \/>\n<meta property=\"og:site_name\" content=\"Magnetenspecialist.nl\" \/>\n<meta property=\"article:publisher\" content=\"https:\/\/www.facebook.com\/Magnetenspecialist.nl\" \/>\n<meta property=\"article:modified_time\" content=\"2025-04-15T16:49:27+00:00\" \/>\n<meta property=\"og:image\" content=\"https:\/\/www.magnetenspecialist.nl\/wp-content\/uploads\/2019\/03\/Magnetenspecialist.nl_Blokmagneet-5-x-2-x-1.5-mm_2-1.jpg\" \/>\n\t<meta property=\"og:image:width\" content=\"1500\" \/>\n\t<meta property=\"og:image:height\" content=\"1500\" \/>\n\t<meta property=\"og:image:type\" content=\"image\/jpeg\" \/>\n<meta name=\"twitter:card\" content=\"summary_large_image\" \/>\n<meta name=\"twitter:site\" content=\"@magnetenspecial\" \/>\n<meta name=\"twitter:label1\" content=\"Prix\" \/>\n\t<meta name=\"twitter:data1\" content=\"&euro;&nbsp;0,29\" \/>\n\t<meta name=\"twitter:label2\" content=\"Disponibilit\u00e9\" \/>\n\t<meta name=\"twitter:data2\" content=\"En stock\" \/>\n<script type=\"application\/ld+json\" class=\"yoast-schema-graph\">{\"@context\":\"https:\/\/schema.org\",\"@graph\":[{\"@type\":\"WebPage\",\"@id\":\"https:\/\/www.magnetenspecialist.nl\/fr\/magasin\/parallelepipedes-magnetiques\/blokmagneet-5-x-2-x-1-5-mm\/\",\"url\":\"https:\/\/www.magnetenspecialist.nl\/fr\/magasin\/parallelepipedes-magnetiques\/blokmagneet-5-x-2-x-1-5-mm\/\",\"name\":\"Bloc magn\u00e9tique en n\u00e9odyme 5 x 2 x 1,5 mm - N50 Puissant\",\"isPartOf\":{\"@id\":\"https:\/\/www.magnetenspecialist.nl\/fr\/#website\"},\"primaryImageOfPage\":{\"@id\":\"https:\/\/www.magnetenspecialist.nl\/fr\/magasin\/parallelepipedes-magnetiques\/blokmagneet-5-x-2-x-1-5-mm\/#primaryimage\"},\"image\":{\"@id\":\"https:\/\/www.magnetenspecialist.nl\/fr\/magasin\/parallelepipedes-magnetiques\/blokmagneet-5-x-2-x-1-5-mm\/#primaryimage\"},\"thumbnailUrl\":\"https:\/\/www.magnetenspecialist.nl\/wp-content\/uploads\/2019\/03\/Magnetenspecialist.nl_Blokmagneet-5-x-2-x-1.5-mm_2-1.jpg\",\"datePublished\":\"2019-03-08T10:02:05+00:00\",\"dateModified\":\"2025-04-15T16:49:27+00:00\",\"description\":\"D\u00e9couvrez le puissant aimant bloc en n\u00e9odyme 5 x 2 x 1,5 mm - N50. Parfait pour tous vos projets magn\u00e9tiques, commandez d\u00e8s maintenant et faites-en l'exp\u00e9rience !\",\"breadcrumb\":{\"@id\":\"https:\/\/www.magnetenspecialist.nl\/fr\/magasin\/parallelepipedes-magnetiques\/blokmagneet-5-x-2-x-1-5-mm\/#breadcrumb\"},\"inLanguage\":\"fr-FR\",\"potentialAction\":[{\"@type\":\"ReadAction\",\"target\":[\"https:\/\/www.magnetenspecialist.nl\/fr\/magasin\/parallelepipedes-magnetiques\/blokmagneet-5-x-2-x-1-5-mm\/\"]}]},{\"@type\":\"ImageObject\",\"inLanguage\":\"fr-FR\",\"@id\":\"https:\/\/www.magnetenspecialist.nl\/fr\/magasin\/parallelepipedes-magnetiques\/blokmagneet-5-x-2-x-1-5-mm\/#primaryimage\",\"url\":\"https:\/\/www.magnetenspecialist.nl\/wp-content\/uploads\/2019\/03\/Magnetenspecialist.nl_Blokmagneet-5-x-2-x-1.5-mm_2-1.jpg\",\"contentUrl\":\"https:\/\/www.magnetenspecialist.nl\/wp-content\/uploads\/2019\/03\/Magnetenspecialist.nl_Blokmagneet-5-x-2-x-1.5-mm_2-1.jpg\",\"width\":1500,\"height\":1500},{\"@type\":\"BreadcrumbList\",\"@id\":\"https:\/\/www.magnetenspecialist.nl\/fr\/magasin\/parallelepipedes-magnetiques\/blokmagneet-5-x-2-x-1-5-mm\/#breadcrumb\",\"itemListElement\":[{\"@type\":\"ListItem\",\"position\":1,\"name\":\"Accueil\",\"item\":\"https:\/\/www.magnetenspecialist.nl\/fr\/accueil\/\"},{\"@type\":\"ListItem\",\"position\":2,\"name\":\"Boutique\",\"item\":\"https:\/\/www.magnetenspecialist.nl\/fr\/boutique\/\"},{\"@type\":\"ListItem\",\"position\":3,\"name\":\"Bloc magn\u00e9tique en n\u00e9odyme 5 x 2 x 1,5 mm &#8211; N50\"}]},{\"@type\":\"WebSite\",\"@id\":\"https:\/\/www.magnetenspecialist.nl\/fr\/#website\",\"url\":\"https:\/\/www.magnetenspecialist.nl\/fr\/\",\"name\":\"Magnetenspecialist.nl\",\"description\":\"Vaste gamme d'aimants en n\u00e9odyme\",\"publisher\":{\"@id\":\"https:\/\/www.magnetenspecialist.nl\/fr\/#organization\"},\"potentialAction\":[{\"@type\":\"SearchAction\",\"target\":{\"@type\":\"EntryPoint\",\"urlTemplate\":\"https:\/\/www.magnetenspecialist.nl\/fr\/?s={search_term_string}\"},\"query-input\":{\"@type\":\"PropertyValueSpecification\",\"valueRequired\":true,\"valueName\":\"search_term_string\"}}],\"inLanguage\":\"fr-FR\"},{\"@type\":\"Organization\",\"@id\":\"https:\/\/www.magnetenspecialist.nl\/fr\/#organization\",\"name\":\"Magnetenspecialist.nl\",\"url\":\"https:\/\/www.magnetenspecialist.nl\/fr\/\",\"logo\":{\"@type\":\"ImageObject\",\"inLanguage\":\"fr-FR\",\"@id\":\"https:\/\/www.magnetenspecialist.nl\/fr\/#\/schema\/logo\/image\/\",\"url\":\"https:\/\/www.magnetenspecialist.nl\/wp-content\/uploads\/2018\/10\/magneten-logo.jpg\",\"contentUrl\":\"https:\/\/www.magnetenspecialist.nl\/wp-content\/uploads\/2018\/10\/magneten-logo.jpg\",\"width\":151,\"height\":151,\"caption\":\"Magnetenspecialist.nl\"},\"image\":{\"@id\":\"https:\/\/www.magnetenspecialist.nl\/fr\/#\/schema\/logo\/image\/\"},\"sameAs\":[\"https:\/\/www.facebook.com\/Magnetenspecialist.nl\",\"https:\/\/x.com\/magnetenspecial\"]}]}<\/script>\n<meta property=\"product:price:amount\" content=\"0.29\" \/>\n<meta property=\"product:price:currency\" content=\"EUR\" \/>\n<meta property=\"og:availability\" content=\"instock\" \/>\n<meta property=\"product:availability\" content=\"instock\" \/>\n<meta property=\"product:retailer_item_id\" content=\"bl005x002x0015-N\" \/>\n<meta property=\"product:condition\" content=\"new\" \/>\n<!-- \/ Yoast SEO Premium plugin. -->","yoast_head_json":{"title":"Bloc magn\u00e9tique en n\u00e9odyme 5 x 2 x 1,5 mm - N50 Puissant","description":"D\u00e9couvrez le puissant aimant bloc en n\u00e9odyme 5 x 2 x 1,5 mm - N50. Parfait pour tous vos projets magn\u00e9tiques, commandez d\u00e8s maintenant et faites-en l'exp\u00e9rience !","robots":{"index":"index","follow":"follow","max-snippet":"max-snippet:-1","max-image-preview":"max-image-preview:large","max-video-preview":"max-video-preview:-1"},"canonical":"https:\/\/www.magnetenspecialist.nl\/fr\/magasin\/parallelepipedes-magnetiques\/blokmagneet-5-x-2-x-1-5-mm\/","og_locale":"fr_FR","og_type":"article","og_title":"Bloc magn\u00e9tique en n\u00e9odyme 5 x 2 x 1,5 mm - N50","og_description":"D\u00e9couvrez le puissant aimant bloc en n\u00e9odyme 5 x 2 x 1,5 mm - N50. Parfait pour tous vos projets magn\u00e9tiques, commandez d\u00e8s maintenant et faites-en l'exp\u00e9rience !","og_url":"https:\/\/www.magnetenspecialist.nl\/fr\/magasin\/parallelepipedes-magnetiques\/blokmagneet-5-x-2-x-1-5-mm\/","og_site_name":"Magnetenspecialist.nl","article_publisher":"https:\/\/www.facebook.com\/Magnetenspecialist.nl","article_modified_time":"2025-04-15T16:49:27+00:00","og_image":[{"width":1500,"height":1500,"url":"https:\/\/www.magnetenspecialist.nl\/wp-content\/uploads\/2019\/03\/Magnetenspecialist.nl_Blokmagneet-5-x-2-x-1.5-mm_2-1.jpg","type":"image\/jpeg"}],"twitter_card":"summary_large_image","twitter_site":"@magnetenspecial","twitter_misc":{"Prix":"&euro;&nbsp;0,29","Disponibilit\u00e9":"En stock"},"schema":{"@context":"https:\/\/schema.org","@graph":[{"@type":"WebPage","@id":"https:\/\/www.magnetenspecialist.nl\/fr\/magasin\/parallelepipedes-magnetiques\/blokmagneet-5-x-2-x-1-5-mm\/","url":"https:\/\/www.magnetenspecialist.nl\/fr\/magasin\/parallelepipedes-magnetiques\/blokmagneet-5-x-2-x-1-5-mm\/","name":"Bloc magn\u00e9tique en n\u00e9odyme 5 x 2 x 1,5 mm - N50 Puissant","isPartOf":{"@id":"https:\/\/www.magnetenspecialist.nl\/fr\/#website"},"primaryImageOfPage":{"@id":"https:\/\/www.magnetenspecialist.nl\/fr\/magasin\/parallelepipedes-magnetiques\/blokmagneet-5-x-2-x-1-5-mm\/#primaryimage"},"image":{"@id":"https:\/\/www.magnetenspecialist.nl\/fr\/magasin\/parallelepipedes-magnetiques\/blokmagneet-5-x-2-x-1-5-mm\/#primaryimage"},"thumbnailUrl":"https:\/\/www.magnetenspecialist.nl\/wp-content\/uploads\/2019\/03\/Magnetenspecialist.nl_Blokmagneet-5-x-2-x-1.5-mm_2-1.jpg","datePublished":"2019-03-08T10:02:05+00:00","dateModified":"2025-04-15T16:49:27+00:00","description":"D\u00e9couvrez le puissant aimant bloc en n\u00e9odyme 5 x 2 x 1,5 mm - N50. Parfait pour tous vos projets magn\u00e9tiques, commandez d\u00e8s maintenant et faites-en l'exp\u00e9rience !","breadcrumb":{"@id":"https:\/\/www.magnetenspecialist.nl\/fr\/magasin\/parallelepipedes-magnetiques\/blokmagneet-5-x-2-x-1-5-mm\/#breadcrumb"},"inLanguage":"fr-FR","potentialAction":[{"@type":"ReadAction","target":["https:\/\/www.magnetenspecialist.nl\/fr\/magasin\/parallelepipedes-magnetiques\/blokmagneet-5-x-2-x-1-5-mm\/"]}]},{"@type":"ImageObject","inLanguage":"fr-FR","@id":"https:\/\/www.magnetenspecialist.nl\/fr\/magasin\/parallelepipedes-magnetiques\/blokmagneet-5-x-2-x-1-5-mm\/#primaryimage","url":"https:\/\/www.magnetenspecialist.nl\/wp-content\/uploads\/2019\/03\/Magnetenspecialist.nl_Blokmagneet-5-x-2-x-1.5-mm_2-1.jpg","contentUrl":"https:\/\/www.magnetenspecialist.nl\/wp-content\/uploads\/2019\/03\/Magnetenspecialist.nl_Blokmagneet-5-x-2-x-1.5-mm_2-1.jpg","width":1500,"height":1500},{"@type":"BreadcrumbList","@id":"https:\/\/www.magnetenspecialist.nl\/fr\/magasin\/parallelepipedes-magnetiques\/blokmagneet-5-x-2-x-1-5-mm\/#breadcrumb","itemListElement":[{"@type":"ListItem","position":1,"name":"Accueil","item":"https:\/\/www.magnetenspecialist.nl\/fr\/accueil\/"},{"@type":"ListItem","position":2,"name":"Boutique","item":"https:\/\/www.magnetenspecialist.nl\/fr\/boutique\/"},{"@type":"ListItem","position":3,"name":"Bloc magn\u00e9tique en n\u00e9odyme 5 x 2 x 1,5 mm &#8211; N50"}]},{"@type":"WebSite","@id":"https:\/\/www.magnetenspecialist.nl\/fr\/#website","url":"https:\/\/www.magnetenspecialist.nl\/fr\/","name":"Magnetenspecialist.nl","description":"Vaste gamme d'aimants en n\u00e9odyme","publisher":{"@id":"https:\/\/www.magnetenspecialist.nl\/fr\/#organization"},"potentialAction":[{"@type":"SearchAction","target":{"@type":"EntryPoint","urlTemplate":"https:\/\/www.magnetenspecialist.nl\/fr\/?s={search_term_string}"},"query-input":{"@type":"PropertyValueSpecification","valueRequired":true,"valueName":"search_term_string"}}],"inLanguage":"fr-FR"},{"@type":"Organization","@id":"https:\/\/www.magnetenspecialist.nl\/fr\/#organization","name":"Magnetenspecialist.nl","url":"https:\/\/www.magnetenspecialist.nl\/fr\/","logo":{"@type":"ImageObject","inLanguage":"fr-FR","@id":"https:\/\/www.magnetenspecialist.nl\/fr\/#\/schema\/logo\/image\/","url":"https:\/\/www.magnetenspecialist.nl\/wp-content\/uploads\/2018\/10\/magneten-logo.jpg","contentUrl":"https:\/\/www.magnetenspecialist.nl\/wp-content\/uploads\/2018\/10\/magneten-logo.jpg","width":151,"height":151,"caption":"Magnetenspecialist.nl"},"image":{"@id":"https:\/\/www.magnetenspecialist.nl\/fr\/#\/schema\/logo\/image\/"},"sameAs":["https:\/\/www.facebook.com\/Magnetenspecialist.nl","https:\/\/x.com\/magnetenspecial"]}]},"product_price_amount":"0.29","product_price_currency":"EUR","og_availability":"instock","product_availability":"instock","product_retailer_item_id":"bl005x002x0015-N","product_condition":"new"},"_links":{"self":[{"href":"https:\/\/www.magnetenspecialist.nl\/fr\/wp-json\/wp\/v2\/product\/91561","targetHints":{"allow":["GET"]}}],"collection":[{"href":"https:\/\/www.magnetenspecialist.nl\/fr\/wp-json\/wp\/v2\/product"}],"about":[{"href":"https:\/\/www.magnetenspecialist.nl\/fr\/wp-json\/wp\/v2\/types\/product"}],"wp:featuredmedia":[{"embeddable":true,"href":"https:\/\/www.magnetenspecialist.nl\/fr\/wp-json\/wp\/v2\/media\/111412"}],"wp:attachment":[{"href":"https:\/\/www.magnetenspecialist.nl\/fr\/wp-json\/wp\/v2\/media?parent=91561"}],"wp:term":[{"taxonomy":"product_brand","embeddable":true,"href":"https:\/\/www.magnetenspecialist.nl\/fr\/wp-json\/wp\/v2\/product_brand?post=91561"},{"taxonomy":"product_cat","embeddable":true,"href":"https:\/\/www.magnetenspecialist.nl\/fr\/wp-json\/wp\/v2\/product_cat?post=91561"},{"taxonomy":"product_tag","embeddable":true,"href":"https:\/\/www.magnetenspecialist.nl\/fr\/wp-json\/wp\/v2\/product_tag?post=91561"}],"curies":[{"name":"wp","href":"https:\/\/api.w.org\/{rel}","templated":true}]}}