{"id":91563,"date":"2019-03-08T11:02:05","date_gmt":"2019-03-08T10:02:05","guid":{"rendered":"https:\/\/www.magnetenspecialist.nl\/winkel\/non%20class\u00e9\/parallelepipede-magnetique-4-x-4-x-09-mm\/"},"modified":"2025-04-15T18:40:05","modified_gmt":"2025-04-15T16:40:05","slug":"bloc-aimant-4x4x09mm","status":"publish","type":"product","link":"https:\/\/www.magnetenspecialist.nl\/fr\/magasin\/parallelepipedes-magnetiques\/bloc-aimant-4x4x09mm\/","title":{"rendered":"Bloc magn\u00e9tique en n\u00e9odyme 4x4x0,9 mm"},"content":{"rendered":"<h3>Bloc magn\u00e9tique 4 x 4 x 0,9 mm, N50, force de maintien 0,3 KG  <img decoding=\"async\" class=\"alignnone wp-image-111384\" src=\"https:\/\/www.magnetenspecialist.nl\/wp-content\/uploads\/2019\/03\/Magnetenspecialist.nl_Blokmagneet-4-x-4-x-09-mm_3-300x300.jpg\" alt=\"\" width=\"171\" height=\"171\" srcset=\"https:\/\/www.magnetenspecialist.nl\/wp-content\/uploads\/2019\/03\/Magnetenspecialist.nl_Blokmagneet-4-x-4-x-09-mm_3-300x300.jpg 300w, https:\/\/www.magnetenspecialist.nl\/wp-content\/uploads\/2019\/03\/Magnetenspecialist.nl_Blokmagneet-4-x-4-x-09-mm_3-1024x1024.jpg 1024w, https:\/\/www.magnetenspecialist.nl\/wp-content\/uploads\/2019\/03\/Magnetenspecialist.nl_Blokmagneet-4-x-4-x-09-mm_3-150x150.jpg 150w, https:\/\/www.magnetenspecialist.nl\/wp-content\/uploads\/2019\/03\/Magnetenspecialist.nl_Blokmagneet-4-x-4-x-09-mm_3-768x768.jpg 768w, https:\/\/www.magnetenspecialist.nl\/wp-content\/uploads\/2019\/03\/Magnetenspecialist.nl_Blokmagneet-4-x-4-x-09-mm_3-600x600.jpg 600w, https:\/\/www.magnetenspecialist.nl\/wp-content\/uploads\/2019\/03\/Magnetenspecialist.nl_Blokmagneet-4-x-4-x-09-mm_3-100x100.jpg 100w, https:\/\/www.magnetenspecialist.nl\/wp-content\/uploads\/2019\/03\/Magnetenspecialist.nl_Blokmagneet-4-x-4-x-09-mm_3.jpg 1500w\" sizes=\"(max-width: 171px) 100vw, 171px\" \/><\/h3>\n<p class=\"\" data-start=\"396\" data-end=\"639\">Ce bloc magn\u00e9tique en n\u00e9odyme de 4 x 4 x 0,9 mm est un aimant ultra-mince dot\u00e9 d&#8217;une force magn\u00e9tique \u00e9tonnamment forte pour sa taille. Il est id\u00e9al pour les applications o\u00f9 l&#8217;espace est limit\u00e9 mais o\u00f9 des performances magn\u00e9tiques fiables sont requises. <\/p>\n<p class=\"\" data-start=\"641\" data-end=\"990\">Fabriqu\u00e9 en <strong data-start=\"653\" data-end=\"666\">n\u00e9odyme<\/strong>, le mat\u00e9riau magn\u00e9tique permanent le plus puissant du march\u00e9, cet aimant offre de hautes performances dans un format tr\u00e8s compact. Son <strong data-start=\"801\" data-end=\"819\">profil plat<\/strong> le rend parfait pour l&#8217;int\u00e9gration dans des mat\u00e9riaux minces, tels que l&#8217;\u00e9lectronique, les \u00e9crans, l&#8217;emballage, les instruments de pr\u00e9cision, les mod\u00e8les miniatures ou d&#8217;autres applications techniques. <\/p>\n<p class=\"\" data-start=\"992\" data-end=\"1139\">Le rev\u00eatement standard de cet aimant est le <strong data-start=\"1032\" data-end=\"1044\">Ni-Cu-Ni<\/strong> (nickel-cuivre-nickel), qui offre une bonne protection contre l&#8217;oxydation et l&#8217;usure l\u00e9g\u00e8re.<\/p>\n<p class=\"\" data-start=\"1141\" data-end=\"1159\"><strong data-start=\"1141\" data-end=\"1159\">Sp\u00e9cifications :<\/strong><\/p>\n<ul data-start=\"1160\" data-end=\"1381\">\n<li class=\"\" data-start=\"1160\" data-end=\"1190\">\n<p class=\"\" data-start=\"1162\" data-end=\"1190\">Dimensions : 4 x 4 x 0,9 mm<\/p>\n<\/li>\n<li class=\"\" data-start=\"1191\" data-end=\"1205\">\n<p class=\"\" data-start=\"1193\" data-end=\"1205\">Forme : Bloc<\/p>\n<\/li>\n<li class=\"\" data-start=\"1206\" data-end=\"1230\">\n<p class=\"\" data-start=\"1208\" data-end=\"1230\">Mat\u00e9riau : N\u00e9odyme<\/p>\n<\/li>\n<li class=\"\" data-start=\"1231\" data-end=\"1261\">\n<p class=\"\" data-start=\"1233\" data-end=\"1261\">Rev\u00eatement : Nickel (Ni-Cu-Ni)<\/p>\n<\/li>\n<li class=\"\" data-start=\"1262\" data-end=\"1287\">\n<p class=\"\" data-start=\"1264\" data-end=\"1287\">Magn\u00e9tisation : Axiale<\/p>\n<\/li>\n<li class=\"\" data-start=\"1288\" data-end=\"1319\">\n<p class=\"\" data-start=\"1290\" data-end=\"1319\">Poids : Tr\u00e8s l\u00e9ger (&lt; 1 g)<\/p>\n<\/li>\n<li class=\"\" data-start=\"1320\" data-end=\"1381\">\n<p class=\"\" data-start=\"1322\" data-end=\"1381\">Utilisation : pr\u00e9cision, \u00e9lectronique, mod\u00e9lisme, applications adh\u00e9sives<\/p>\n<\/li>\n<\/ul>\n<p class=\"\" data-start=\"1383\" data-end=\"1566\"><strong data-start=\"1383\" data-end=\"1394\">Remarque :<\/strong> en raison de leur petite taille, ces aimants sont susceptibles de se briser en cas d&#8217;impact violent. Il est recommand\u00e9 de les manipuler avec pr\u00e9caution, en particulier lorsque vous en d\u00e9tachez plusieurs. <\/p>\n<p class=\"\" data-start=\"1568\" data-end=\"1746\">Que vous travailliez sur un design astucieux ou sur une application technique sophistiqu\u00e9e, ce bloc magn\u00e9tique miniature en n\u00e9odyme allie compacit\u00e9 et puissance. Petit, mais tr\u00e8s efficace. <\/p>\n","protected":false},"excerpt":{"rendered":"<p>Bloc magn\u00e9tique 4 x 4 x 0,9 mm, N50, force de maintien 0,3 KG Ce bloc magn\u00e9tique en n\u00e9odyme de 4 x 4 x 0,9 mm est un aimant ultra-mince dot\u00e9 d&#8217;une force magn\u00e9tique \u00e9tonnamment forte pour sa taille. Il est id\u00e9al pour les applications o\u00f9 l&#8217;espace est limit\u00e9 mais o\u00f9 des performances magn\u00e9tiques fiables [&hellip;]<\/p>\n","protected":false},"featured_media":111378,"template":"","meta":{"_acf_changed":false},"product_brand":[3521],"product_cat":[1376],"product_tag":[3160],"class_list":{"0":"post-91563","1":"product","2":"type-product","3":"status-publish","4":"has-post-thumbnail","6":"product_brand-magnetenspecialist","7":"product_cat-parallelepipedes-magnetiques","8":"product_tag-groep-5-fr","9":"pa_herkomst-chine","10":"pa_houdkracht-0-3-fr","11":"pa_magnetisering-n50-fr","12":"pa_magnetiseringsrichting-axiaal-fr","13":"pa_materiaal-nickele-ni-cu-ni-fr-2","14":"pa_maximale-gebruikstemperatuur-80-fr","15":"pa_model-bloc","16":"pa_preferentiele-oorsprong-non","17":"pa_taric-code-8505-1110-99-0-fr","19":"first","20":"instock","21":"taxable","22":"shipping-taxable","23":"purchasable","24":"product-type-simple"},"supplier_id":null,"supplier_sku":"","barcode":null,"atum_controlled":true,"out_stock_date":null,"out_stock_threshold":null,"inheritable":false,"inbound_stock":0,"stock_on_hold":0,"sold_today":12,"sales_last_days":12,"reserved_stock":0,"customer_returns":0,"warehouse_damage":0,"lost_in_post":0,"other_logs":0,"out_stock_days":0,"lost_sales":0,"has_location":false,"update_date":"2026-04-14T14:03:12","atum_locations":[],"atum_stock_status":"instock","restock_status":false,"low_stock_amount":3000,"sales_update_date":"2026-04-14T14:03:10","calc_backorders":null,"acf":[],"yoast_head":"<!-- This site is optimized with the Yoast SEO Premium plugin v24.7 (Yoast SEO v24.7) - https:\/\/yoast.com\/wordpress\/plugins\/seo\/ -->\n<title>Bloc magn\u00e9tique en n\u00e9odyme 4x4x0,9 mm : ultrafin et solide<\/title>\n<meta name=\"description\" content=\"D\u00e9couvrez la puissance de notre bloc magn\u00e9tique en n\u00e9odyme 4x4x0,9 mm ! Parfait pour les travaux de pr\u00e9cision et l&#039;\u00e9lectronique, commandez maintenant et d\u00e9couvrez la diff\u00e9rence !\" \/>\n<meta name=\"robots\" content=\"index, follow, max-snippet:-1, max-image-preview:large, max-video-preview:-1\" \/>\n<link rel=\"canonical\" href=\"https:\/\/www.magnetenspecialist.nl\/fr\/magasin\/parallelepipedes-magnetiques\/bloc-aimant-4x4x09mm\/\" \/>\n<meta property=\"og:locale\" content=\"fr_FR\" \/>\n<meta property=\"og:type\" content=\"article\" \/>\n<meta property=\"og:title\" content=\"Bloc magn\u00e9tique en n\u00e9odyme 4x4x0,9 mm\" \/>\n<meta property=\"og:description\" content=\"D\u00e9couvrez la puissance de notre bloc magn\u00e9tique en n\u00e9odyme 4x4x0,9 mm ! Parfait pour les travaux de pr\u00e9cision et l&#039;\u00e9lectronique, commandez maintenant et d\u00e9couvrez la diff\u00e9rence !\" \/>\n<meta property=\"og:url\" content=\"https:\/\/www.magnetenspecialist.nl\/fr\/magasin\/parallelepipedes-magnetiques\/bloc-aimant-4x4x09mm\/\" \/>\n<meta property=\"og:site_name\" content=\"Magnetenspecialist.nl\" \/>\n<meta property=\"article:publisher\" content=\"https:\/\/www.facebook.com\/Magnetenspecialist.nl\" \/>\n<meta property=\"article:modified_time\" content=\"2025-04-15T16:40:05+00:00\" \/>\n<meta property=\"og:image\" content=\"https:\/\/www.magnetenspecialist.nl\/wp-content\/uploads\/2019\/03\/Magnetenspecialist.nl_Blokmagneet-4-x-4-x-09-mm_1.jpg\" \/>\n\t<meta property=\"og:image:width\" content=\"1500\" \/>\n\t<meta property=\"og:image:height\" content=\"1500\" \/>\n\t<meta property=\"og:image:type\" content=\"image\/jpeg\" \/>\n<meta name=\"twitter:card\" content=\"summary_large_image\" \/>\n<meta name=\"twitter:site\" content=\"@magnetenspecial\" \/>\n<meta name=\"twitter:label1\" content=\"Prix\" \/>\n\t<meta name=\"twitter:data1\" content=\"&euro;&nbsp;0,25\" \/>\n\t<meta name=\"twitter:label2\" content=\"Disponibilit\u00e9\" \/>\n\t<meta name=\"twitter:data2\" content=\"En stock\" \/>\n<script type=\"application\/ld+json\" class=\"yoast-schema-graph\">{\"@context\":\"https:\/\/schema.org\",\"@graph\":[{\"@type\":\"WebPage\",\"@id\":\"https:\/\/www.magnetenspecialist.nl\/fr\/magasin\/parallelepipedes-magnetiques\/bloc-aimant-4x4x09mm\/\",\"url\":\"https:\/\/www.magnetenspecialist.nl\/fr\/magasin\/parallelepipedes-magnetiques\/bloc-aimant-4x4x09mm\/\",\"name\":\"Bloc magn\u00e9tique en n\u00e9odyme 4x4x0,9 mm : ultrafin et solide\",\"isPartOf\":{\"@id\":\"https:\/\/www.magnetenspecialist.nl\/fr\/#website\"},\"primaryImageOfPage\":{\"@id\":\"https:\/\/www.magnetenspecialist.nl\/fr\/magasin\/parallelepipedes-magnetiques\/bloc-aimant-4x4x09mm\/#primaryimage\"},\"image\":{\"@id\":\"https:\/\/www.magnetenspecialist.nl\/fr\/magasin\/parallelepipedes-magnetiques\/bloc-aimant-4x4x09mm\/#primaryimage\"},\"thumbnailUrl\":\"https:\/\/www.magnetenspecialist.nl\/wp-content\/uploads\/2019\/03\/Magnetenspecialist.nl_Blokmagneet-4-x-4-x-09-mm_1.jpg\",\"datePublished\":\"2019-03-08T10:02:05+00:00\",\"dateModified\":\"2025-04-15T16:40:05+00:00\",\"description\":\"D\u00e9couvrez la puissance de notre bloc magn\u00e9tique en n\u00e9odyme 4x4x0,9 mm ! Parfait pour les travaux de pr\u00e9cision et l'\u00e9lectronique, commandez maintenant et d\u00e9couvrez la diff\u00e9rence !\",\"breadcrumb\":{\"@id\":\"https:\/\/www.magnetenspecialist.nl\/fr\/magasin\/parallelepipedes-magnetiques\/bloc-aimant-4x4x09mm\/#breadcrumb\"},\"inLanguage\":\"fr-FR\",\"potentialAction\":[{\"@type\":\"ReadAction\",\"target\":[\"https:\/\/www.magnetenspecialist.nl\/fr\/magasin\/parallelepipedes-magnetiques\/bloc-aimant-4x4x09mm\/\"]}]},{\"@type\":\"ImageObject\",\"inLanguage\":\"fr-FR\",\"@id\":\"https:\/\/www.magnetenspecialist.nl\/fr\/magasin\/parallelepipedes-magnetiques\/bloc-aimant-4x4x09mm\/#primaryimage\",\"url\":\"https:\/\/www.magnetenspecialist.nl\/wp-content\/uploads\/2019\/03\/Magnetenspecialist.nl_Blokmagneet-4-x-4-x-09-mm_1.jpg\",\"contentUrl\":\"https:\/\/www.magnetenspecialist.nl\/wp-content\/uploads\/2019\/03\/Magnetenspecialist.nl_Blokmagneet-4-x-4-x-09-mm_1.jpg\",\"width\":1500,\"height\":1500},{\"@type\":\"BreadcrumbList\",\"@id\":\"https:\/\/www.magnetenspecialist.nl\/fr\/magasin\/parallelepipedes-magnetiques\/bloc-aimant-4x4x09mm\/#breadcrumb\",\"itemListElement\":[{\"@type\":\"ListItem\",\"position\":1,\"name\":\"Accueil\",\"item\":\"https:\/\/www.magnetenspecialist.nl\/fr\/accueil\/\"},{\"@type\":\"ListItem\",\"position\":2,\"name\":\"Boutique\",\"item\":\"https:\/\/www.magnetenspecialist.nl\/fr\/boutique\/\"},{\"@type\":\"ListItem\",\"position\":3,\"name\":\"Bloc magn\u00e9tique en n\u00e9odyme 4x4x0,9 mm\"}]},{\"@type\":\"WebSite\",\"@id\":\"https:\/\/www.magnetenspecialist.nl\/fr\/#website\",\"url\":\"https:\/\/www.magnetenspecialist.nl\/fr\/\",\"name\":\"Magnetenspecialist.nl\",\"description\":\"Vaste gamme d'aimants en n\u00e9odyme\",\"publisher\":{\"@id\":\"https:\/\/www.magnetenspecialist.nl\/fr\/#organization\"},\"potentialAction\":[{\"@type\":\"SearchAction\",\"target\":{\"@type\":\"EntryPoint\",\"urlTemplate\":\"https:\/\/www.magnetenspecialist.nl\/fr\/?s={search_term_string}\"},\"query-input\":{\"@type\":\"PropertyValueSpecification\",\"valueRequired\":true,\"valueName\":\"search_term_string\"}}],\"inLanguage\":\"fr-FR\"},{\"@type\":\"Organization\",\"@id\":\"https:\/\/www.magnetenspecialist.nl\/fr\/#organization\",\"name\":\"Magnetenspecialist.nl\",\"url\":\"https:\/\/www.magnetenspecialist.nl\/fr\/\",\"logo\":{\"@type\":\"ImageObject\",\"inLanguage\":\"fr-FR\",\"@id\":\"https:\/\/www.magnetenspecialist.nl\/fr\/#\/schema\/logo\/image\/\",\"url\":\"https:\/\/www.magnetenspecialist.nl\/wp-content\/uploads\/2018\/10\/magneten-logo.jpg\",\"contentUrl\":\"https:\/\/www.magnetenspecialist.nl\/wp-content\/uploads\/2018\/10\/magneten-logo.jpg\",\"width\":151,\"height\":151,\"caption\":\"Magnetenspecialist.nl\"},\"image\":{\"@id\":\"https:\/\/www.magnetenspecialist.nl\/fr\/#\/schema\/logo\/image\/\"},\"sameAs\":[\"https:\/\/www.facebook.com\/Magnetenspecialist.nl\",\"https:\/\/x.com\/magnetenspecial\"]}]}<\/script>\n<meta property=\"product:price:amount\" content=\"0.25\" \/>\n<meta property=\"product:price:currency\" content=\"EUR\" \/>\n<meta property=\"og:availability\" content=\"instock\" \/>\n<meta property=\"product:availability\" content=\"instock\" \/>\n<meta property=\"product:retailer_item_id\" content=\"bl004x004x0009-N\" \/>\n<meta property=\"product:condition\" content=\"new\" \/>\n<!-- \/ Yoast SEO Premium plugin. -->","yoast_head_json":{"title":"Bloc magn\u00e9tique en n\u00e9odyme 4x4x0,9 mm : ultrafin et solide","description":"D\u00e9couvrez la puissance de notre bloc magn\u00e9tique en n\u00e9odyme 4x4x0,9 mm ! Parfait pour les travaux de pr\u00e9cision et l'\u00e9lectronique, commandez maintenant et d\u00e9couvrez la diff\u00e9rence !","robots":{"index":"index","follow":"follow","max-snippet":"max-snippet:-1","max-image-preview":"max-image-preview:large","max-video-preview":"max-video-preview:-1"},"canonical":"https:\/\/www.magnetenspecialist.nl\/fr\/magasin\/parallelepipedes-magnetiques\/bloc-aimant-4x4x09mm\/","og_locale":"fr_FR","og_type":"article","og_title":"Bloc magn\u00e9tique en n\u00e9odyme 4x4x0,9 mm","og_description":"D\u00e9couvrez la puissance de notre bloc magn\u00e9tique en n\u00e9odyme 4x4x0,9 mm ! Parfait pour les travaux de pr\u00e9cision et l'\u00e9lectronique, commandez maintenant et d\u00e9couvrez la diff\u00e9rence !","og_url":"https:\/\/www.magnetenspecialist.nl\/fr\/magasin\/parallelepipedes-magnetiques\/bloc-aimant-4x4x09mm\/","og_site_name":"Magnetenspecialist.nl","article_publisher":"https:\/\/www.facebook.com\/Magnetenspecialist.nl","article_modified_time":"2025-04-15T16:40:05+00:00","og_image":[{"width":1500,"height":1500,"url":"https:\/\/www.magnetenspecialist.nl\/wp-content\/uploads\/2019\/03\/Magnetenspecialist.nl_Blokmagneet-4-x-4-x-09-mm_1.jpg","type":"image\/jpeg"}],"twitter_card":"summary_large_image","twitter_site":"@magnetenspecial","twitter_misc":{"Prix":"&euro;&nbsp;0,25","Disponibilit\u00e9":"En stock"},"schema":{"@context":"https:\/\/schema.org","@graph":[{"@type":"WebPage","@id":"https:\/\/www.magnetenspecialist.nl\/fr\/magasin\/parallelepipedes-magnetiques\/bloc-aimant-4x4x09mm\/","url":"https:\/\/www.magnetenspecialist.nl\/fr\/magasin\/parallelepipedes-magnetiques\/bloc-aimant-4x4x09mm\/","name":"Bloc magn\u00e9tique en n\u00e9odyme 4x4x0,9 mm : ultrafin et solide","isPartOf":{"@id":"https:\/\/www.magnetenspecialist.nl\/fr\/#website"},"primaryImageOfPage":{"@id":"https:\/\/www.magnetenspecialist.nl\/fr\/magasin\/parallelepipedes-magnetiques\/bloc-aimant-4x4x09mm\/#primaryimage"},"image":{"@id":"https:\/\/www.magnetenspecialist.nl\/fr\/magasin\/parallelepipedes-magnetiques\/bloc-aimant-4x4x09mm\/#primaryimage"},"thumbnailUrl":"https:\/\/www.magnetenspecialist.nl\/wp-content\/uploads\/2019\/03\/Magnetenspecialist.nl_Blokmagneet-4-x-4-x-09-mm_1.jpg","datePublished":"2019-03-08T10:02:05+00:00","dateModified":"2025-04-15T16:40:05+00:00","description":"D\u00e9couvrez la puissance de notre bloc magn\u00e9tique en n\u00e9odyme 4x4x0,9 mm ! Parfait pour les travaux de pr\u00e9cision et l'\u00e9lectronique, commandez maintenant et d\u00e9couvrez la diff\u00e9rence !","breadcrumb":{"@id":"https:\/\/www.magnetenspecialist.nl\/fr\/magasin\/parallelepipedes-magnetiques\/bloc-aimant-4x4x09mm\/#breadcrumb"},"inLanguage":"fr-FR","potentialAction":[{"@type":"ReadAction","target":["https:\/\/www.magnetenspecialist.nl\/fr\/magasin\/parallelepipedes-magnetiques\/bloc-aimant-4x4x09mm\/"]}]},{"@type":"ImageObject","inLanguage":"fr-FR","@id":"https:\/\/www.magnetenspecialist.nl\/fr\/magasin\/parallelepipedes-magnetiques\/bloc-aimant-4x4x09mm\/#primaryimage","url":"https:\/\/www.magnetenspecialist.nl\/wp-content\/uploads\/2019\/03\/Magnetenspecialist.nl_Blokmagneet-4-x-4-x-09-mm_1.jpg","contentUrl":"https:\/\/www.magnetenspecialist.nl\/wp-content\/uploads\/2019\/03\/Magnetenspecialist.nl_Blokmagneet-4-x-4-x-09-mm_1.jpg","width":1500,"height":1500},{"@type":"BreadcrumbList","@id":"https:\/\/www.magnetenspecialist.nl\/fr\/magasin\/parallelepipedes-magnetiques\/bloc-aimant-4x4x09mm\/#breadcrumb","itemListElement":[{"@type":"ListItem","position":1,"name":"Accueil","item":"https:\/\/www.magnetenspecialist.nl\/fr\/accueil\/"},{"@type":"ListItem","position":2,"name":"Boutique","item":"https:\/\/www.magnetenspecialist.nl\/fr\/boutique\/"},{"@type":"ListItem","position":3,"name":"Bloc magn\u00e9tique en n\u00e9odyme 4x4x0,9 mm"}]},{"@type":"WebSite","@id":"https:\/\/www.magnetenspecialist.nl\/fr\/#website","url":"https:\/\/www.magnetenspecialist.nl\/fr\/","name":"Magnetenspecialist.nl","description":"Vaste gamme d'aimants en n\u00e9odyme","publisher":{"@id":"https:\/\/www.magnetenspecialist.nl\/fr\/#organization"},"potentialAction":[{"@type":"SearchAction","target":{"@type":"EntryPoint","urlTemplate":"https:\/\/www.magnetenspecialist.nl\/fr\/?s={search_term_string}"},"query-input":{"@type":"PropertyValueSpecification","valueRequired":true,"valueName":"search_term_string"}}],"inLanguage":"fr-FR"},{"@type":"Organization","@id":"https:\/\/www.magnetenspecialist.nl\/fr\/#organization","name":"Magnetenspecialist.nl","url":"https:\/\/www.magnetenspecialist.nl\/fr\/","logo":{"@type":"ImageObject","inLanguage":"fr-FR","@id":"https:\/\/www.magnetenspecialist.nl\/fr\/#\/schema\/logo\/image\/","url":"https:\/\/www.magnetenspecialist.nl\/wp-content\/uploads\/2018\/10\/magneten-logo.jpg","contentUrl":"https:\/\/www.magnetenspecialist.nl\/wp-content\/uploads\/2018\/10\/magneten-logo.jpg","width":151,"height":151,"caption":"Magnetenspecialist.nl"},"image":{"@id":"https:\/\/www.magnetenspecialist.nl\/fr\/#\/schema\/logo\/image\/"},"sameAs":["https:\/\/www.facebook.com\/Magnetenspecialist.nl","https:\/\/x.com\/magnetenspecial"]}]},"product_price_amount":"0.25","product_price_currency":"EUR","og_availability":"instock","product_availability":"instock","product_retailer_item_id":"bl004x004x0009-N","product_condition":"new"},"_links":{"self":[{"href":"https:\/\/www.magnetenspecialist.nl\/fr\/wp-json\/wp\/v2\/product\/91563","targetHints":{"allow":["GET"]}}],"collection":[{"href":"https:\/\/www.magnetenspecialist.nl\/fr\/wp-json\/wp\/v2\/product"}],"about":[{"href":"https:\/\/www.magnetenspecialist.nl\/fr\/wp-json\/wp\/v2\/types\/product"}],"wp:featuredmedia":[{"embeddable":true,"href":"https:\/\/www.magnetenspecialist.nl\/fr\/wp-json\/wp\/v2\/media\/111378"}],"wp:attachment":[{"href":"https:\/\/www.magnetenspecialist.nl\/fr\/wp-json\/wp\/v2\/media?parent=91563"}],"wp:term":[{"taxonomy":"product_brand","embeddable":true,"href":"https:\/\/www.magnetenspecialist.nl\/fr\/wp-json\/wp\/v2\/product_brand?post=91563"},{"taxonomy":"product_cat","embeddable":true,"href":"https:\/\/www.magnetenspecialist.nl\/fr\/wp-json\/wp\/v2\/product_cat?post=91563"},{"taxonomy":"product_tag","embeddable":true,"href":"https:\/\/www.magnetenspecialist.nl\/fr\/wp-json\/wp\/v2\/product_tag?post=91563"}],"curies":[{"name":"wp","href":"https:\/\/api.w.org\/{rel}","templated":true}]}}