{"id":94154,"date":"2019-03-08T11:01:31","date_gmt":"2019-03-08T10:01:31","guid":{"rendered":"https:\/\/www.magnetenspecialist.nl\/winkel\/non%20class\u00e9\/aimant-disque-20-x-51-x-98-x-5-mm-acier-attention-pas-daimant-pole-sud-epoxy\/"},"modified":"2025-04-15T18:19:36","modified_gmt":"2025-04-15T16:19:36","slug":"ringmagneet-20-x-51-x-98-x-5-mm-met-boor-verzinkgat-zuid-pool-epoxy","status":"publish","type":"product","link":"https:\/\/www.magnetenspecialist.nl\/fr\/magasin\/aimants-a-visser\/ringmagneet-20-x-51-x-98-x-5-mm-met-boor-verzinkgat-zuid-pool-epoxy\/","title":{"rendered":"Aimant annulaire en n\u00e9odyme 20 x 9,8 x 5,1 mm &#8211; rev\u00eatement \u00e9poxy avec fraise (p\u00f4le sud)"},"content":{"rendered":"<h3>Aimant annulaire en n\u00e9odyme 20 x 9,8 x 5,1 mm &#8211; rev\u00eatement \u00e9poxy avec fraise (p\u00f4le sud)<\/h3>\n<p class=\"\" data-start=\"366\" data-end=\"696\">Cet aimant annulaire en n\u00e9odyme avec trou d&#8217;\u00e9videment a un diam\u00e8tre de 20 mm, un diam\u00e8tre int\u00e9rieur de 9,8 mm et une \u00e9paisseur de 5,1 mm. Le centre de l&#8217;anneau est perc\u00e9 d&#8217;un <strong data-start=\"524\" data-end=\"544\">trou<\/strong>, ce qui facilite le montage de l&#8217;aimant \u00e0 l&#8217;aide d&#8217;une vis. Le p\u00f4le sud est en retrait, ce qui est important pour les applications directionnelles.  <\/p>\n<p class=\"\" data-start=\"698\" data-end=\"1036\">L&#8217;aimant est fabriqu\u00e9 en <strong data-start=\"733\" data-end=\"746\">n\u00e9odyme<\/strong> haute performance (le mat\u00e9riau magn\u00e9tique permanent le plus puissant) et recouvert d&#8217;une <strong data-start=\"823\" data-end=\"840\">couche \u00e9poxydique<\/strong> durable (Ni-Cu-Ni-EP). Ce rev\u00eatement protecteur noir offre une excellente r\u00e9sistance \u00e0 la <strong data-start=\"915\" data-end=\"946\">corrosion, \u00e0 l&#8217;humidit\u00e9 et \u00e0 l&#8217;usure<\/strong>, et rend l&#8217;aimant particuli\u00e8rement adapt\u00e9 aux applications dans des environnements humides ou difficiles. <\/p>\n<p class=\"\" data-start=\"1038\" data-end=\"1268\">Gr\u00e2ce \u00e0 son trou galvanis\u00e9, cet aimant annulaire est parfait pour un <strong data-start=\"1097\" data-end=\"1114\">montage fixe<\/strong> sur des surfaces en bois, en m\u00e9tal ou en plastique, sans faire saillie. Il est couramment utilis\u00e9 dans l&#8217;ameublement, les pr\u00e9sentoirs, la construction m\u00e9canique ou comme syst\u00e8me de montage dissimul\u00e9. <\/p>\n<p class=\"\" data-start=\"1270\" data-end=\"1288\"><strong data-start=\"1270\" data-end=\"1288\">Sp\u00e9cifications :<\/strong><\/p>\n<ul data-start=\"1289\" data-end=\"1541\">\n<li class=\"\" data-start=\"1289\" data-end=\"1311\">\n<p class=\"\" data-start=\"1291\" data-end=\"1311\">Dimensions externes : \u00d820 mm<\/p>\n<\/li>\n<li class=\"\" data-start=\"1312\" data-end=\"1339\">\n<p class=\"\" data-start=\"1314\" data-end=\"1339\">Diam\u00e8tre int\u00e9rieur : \u00d89,8 mm<\/p>\n<\/li>\n<li class=\"\" data-start=\"1340\" data-end=\"1358\">\n<p class=\"\" data-start=\"1342\" data-end=\"1358\">Hauteur : 5,1 mm<\/p>\n<\/li>\n<li class=\"\" data-start=\"1359\" data-end=\"1410\">\n<p class=\"\" data-start=\"1361\" data-end=\"1410\">Per\u00e7age : zingu\u00e9, adapt\u00e9 au montage par vis<\/p>\n<\/li>\n<li class=\"\" data-start=\"1411\" data-end=\"1435\">\n<p class=\"\" data-start=\"1413\" data-end=\"1435\">Mat\u00e9riau : N\u00e9odyme<\/p>\n<\/li>\n<li class=\"\" data-start=\"1436\" data-end=\"1483\">\n<p class=\"\" data-start=\"1438\" data-end=\"1483\">Magn\u00e9tisation : p\u00f4le sud sur le c\u00f4t\u00e9 encastr\u00e9<\/p>\n<\/li>\n<li class=\"\" data-start=\"1484\" data-end=\"1516\">\n<p class=\"\" data-start=\"1486\" data-end=\"1516\">Rev\u00eatement : \u00e9poxy (Ni-Cu-Ni-EP)<\/p>\n<\/li>\n<li class=\"\" data-start=\"1517\" data-end=\"1541\">\n<p class=\"\" data-start=\"1519\" data-end=\"1541\">Traction : Tr\u00e8s forte<\/p>\n<\/li>\n<\/ul>\n<p class=\"\" data-start=\"1543\" data-end=\"1647\"><strong data-start=\"1543\" data-end=\"1554\">Remarque :<\/strong> les aimants en n\u00e9odyme sont puissants mais fragiles. \u00c9vitez les chocs violents pour ne pas les casser. <\/p>\n<p class=\"\" data-start=\"1649\" data-end=\"1800\">Vous recherchez un aimant de fixation compact, solide et durablement prot\u00e9g\u00e9 ? Cet aimant en forme d&#8217;anneau avec fraise et rev\u00eatement \u00e9poxy est exactement ce qu&#8217;il vous faut ! <\/p>\n","protected":false},"excerpt":{"rendered":"<p>avec fraise de per\u00e7age (p\u00f4le sud)<\/p>\n","protected":false},"featured_media":112586,"template":"","meta":{"_acf_changed":false},"product_brand":[3521],"product_cat":[2940,1397,1379],"product_tag":[3159],"class_list":{"0":"post-94154","1":"product","2":"type-product","3":"status-publish","4":"has-post-thumbnail","6":"product_brand-magnetenspecialist","7":"product_cat-aimants-a-visser","8":"product_cat-anneaux-magnetiques","9":"product_cat-epoxy-fr","10":"product_tag-groep-4-fr","11":"pa_houdkracht-13-fr","12":"pa_magnetisering-n35-fr","13":"pa_magnetiseringsrichting-axiaal-fr","14":"pa_materiaal-epoxy-fr-2","15":"pa_maximale-gebruikstemperatuur-80-fr","16":"pa_model-anneaux","18":"first","19":"outofstock","20":"taxable","21":"shipping-taxable","22":"purchasable","23":"product-type-simple"},"supplier_id":null,"supplier_sku":"","barcode":null,"atum_controlled":true,"out_stock_date":"2026-05-01 11:18:34","out_stock_threshold":null,"inheritable":false,"inbound_stock":0,"stock_on_hold":0,"sold_today":6,"sales_last_days":9,"reserved_stock":0,"customer_returns":0,"warehouse_damage":0,"lost_in_post":0,"other_logs":0,"out_stock_days":0,"lost_sales":0,"has_location":false,"update_date":"2026-05-01T12:30:30","atum_locations":[],"atum_stock_status":"outofstock","restock_status":false,"low_stock_amount":1200,"sales_update_date":"2026-05-01T12:30:28","calc_backorders":null,"acf":[],"yoast_head":"<!-- This site is optimized with the Yoast SEO Premium plugin v24.7 (Yoast SEO v24.7) - https:\/\/yoast.com\/wordpress\/plugins\/seo\/ -->\n<title>Aimant annulaire en n\u00e9odyme 20 x 9.8 x 5.1 mm - Rev\u00eatement \u00e9poxy - Magnetenspecialist.nl<\/title>\n<meta name=\"description\" content=\"D\u00e9couvrez le puissant aimant annulaire en n\u00e9odyme de 20 x 9,8 x 5,1 mm ! Dot\u00e9 d&#039;un rev\u00eatement \u00e9poxy et d&#039;une fraise, il est parfait pour une grande vari\u00e9t\u00e9 d&#039;applications.\" \/>\n<meta name=\"robots\" content=\"index, follow, max-snippet:-1, max-image-preview:large, max-video-preview:-1\" \/>\n<link rel=\"canonical\" href=\"https:\/\/www.magnetenspecialist.nl\/fr\/magasin\/aimants-a-visser\/ringmagneet-20-x-51-x-98-x-5-mm-met-boor-verzinkgat-zuid-pool-epoxy\/\" \/>\n<meta property=\"og:locale\" content=\"fr_FR\" \/>\n<meta property=\"og:type\" content=\"article\" \/>\n<meta property=\"og:title\" content=\"Aimant annulaire en n\u00e9odyme 20 x 9,8 x 5,1 mm - rev\u00eatement \u00e9poxy avec fraise (p\u00f4le sud)\" \/>\n<meta property=\"og:description\" content=\"D\u00e9couvrez le puissant aimant annulaire en n\u00e9odyme de 20 x 9,8 x 5,1 mm ! Dot\u00e9 d&#039;un rev\u00eatement \u00e9poxy et d&#039;une fraise, il est parfait pour une grande vari\u00e9t\u00e9 d&#039;applications.\" \/>\n<meta property=\"og:url\" content=\"https:\/\/www.magnetenspecialist.nl\/fr\/magasin\/aimants-a-visser\/ringmagneet-20-x-51-x-98-x-5-mm-met-boor-verzinkgat-zuid-pool-epoxy\/\" \/>\n<meta property=\"og:site_name\" content=\"Magnetenspecialist.nl\" \/>\n<meta property=\"article:publisher\" content=\"https:\/\/www.facebook.com\/Magnetenspecialist.nl\" \/>\n<meta property=\"article:modified_time\" content=\"2025-04-15T16:19:36+00:00\" \/>\n<meta property=\"og:image\" content=\"https:\/\/www.magnetenspecialist.nl\/wp-content\/uploads\/2019\/03\/Magnetenspecialist.nl_Ringmagneet-20-x-98-x-51-x-5-mm-met-boor-verzinkgat-Epoxy_1.jpg\" \/>\n\t<meta property=\"og:image:width\" content=\"1500\" \/>\n\t<meta property=\"og:image:height\" content=\"1500\" \/>\n\t<meta property=\"og:image:type\" content=\"image\/jpeg\" \/>\n<meta name=\"twitter:card\" content=\"summary_large_image\" \/>\n<meta name=\"twitter:site\" content=\"@magnetenspecial\" \/>\n<meta name=\"twitter:label1\" content=\"Prix\" \/>\n\t<meta name=\"twitter:data1\" content=\"&euro;&nbsp;3,32\" \/>\n\t<meta name=\"twitter:label2\" content=\"Disponibilit\u00e9\" \/>\n\t<meta name=\"twitter:data2\" content=\"Rupture de stock\" \/>\n<script type=\"application\/ld+json\" class=\"yoast-schema-graph\">{\"@context\":\"https:\/\/schema.org\",\"@graph\":[{\"@type\":\"WebPage\",\"@id\":\"https:\/\/www.magnetenspecialist.nl\/fr\/magasin\/aimants-a-visser\/ringmagneet-20-x-51-x-98-x-5-mm-met-boor-verzinkgat-zuid-pool-epoxy\/\",\"url\":\"https:\/\/www.magnetenspecialist.nl\/fr\/magasin\/aimants-a-visser\/ringmagneet-20-x-51-x-98-x-5-mm-met-boor-verzinkgat-zuid-pool-epoxy\/\",\"name\":\"Aimant annulaire en n\u00e9odyme 20 x 9.8 x 5.1 mm - Rev\u00eatement \u00e9poxy - Magnetenspecialist.nl\",\"isPartOf\":{\"@id\":\"https:\/\/www.magnetenspecialist.nl\/fr\/#website\"},\"primaryImageOfPage\":{\"@id\":\"https:\/\/www.magnetenspecialist.nl\/fr\/magasin\/aimants-a-visser\/ringmagneet-20-x-51-x-98-x-5-mm-met-boor-verzinkgat-zuid-pool-epoxy\/#primaryimage\"},\"image\":{\"@id\":\"https:\/\/www.magnetenspecialist.nl\/fr\/magasin\/aimants-a-visser\/ringmagneet-20-x-51-x-98-x-5-mm-met-boor-verzinkgat-zuid-pool-epoxy\/#primaryimage\"},\"thumbnailUrl\":\"https:\/\/www.magnetenspecialist.nl\/wp-content\/uploads\/2019\/03\/Magnetenspecialist.nl_Ringmagneet-20-x-98-x-51-x-5-mm-met-boor-verzinkgat-Epoxy_1.jpg\",\"datePublished\":\"2019-03-08T10:01:31+00:00\",\"dateModified\":\"2025-04-15T16:19:36+00:00\",\"description\":\"D\u00e9couvrez le puissant aimant annulaire en n\u00e9odyme de 20 x 9,8 x 5,1 mm ! Dot\u00e9 d'un rev\u00eatement \u00e9poxy et d'une fraise, il est parfait pour une grande vari\u00e9t\u00e9 d'applications.\",\"breadcrumb\":{\"@id\":\"https:\/\/www.magnetenspecialist.nl\/fr\/magasin\/aimants-a-visser\/ringmagneet-20-x-51-x-98-x-5-mm-met-boor-verzinkgat-zuid-pool-epoxy\/#breadcrumb\"},\"inLanguage\":\"fr-FR\",\"potentialAction\":[{\"@type\":\"ReadAction\",\"target\":[\"https:\/\/www.magnetenspecialist.nl\/fr\/magasin\/aimants-a-visser\/ringmagneet-20-x-51-x-98-x-5-mm-met-boor-verzinkgat-zuid-pool-epoxy\/\"]}]},{\"@type\":\"ImageObject\",\"inLanguage\":\"fr-FR\",\"@id\":\"https:\/\/www.magnetenspecialist.nl\/fr\/magasin\/aimants-a-visser\/ringmagneet-20-x-51-x-98-x-5-mm-met-boor-verzinkgat-zuid-pool-epoxy\/#primaryimage\",\"url\":\"https:\/\/www.magnetenspecialist.nl\/wp-content\/uploads\/2019\/03\/Magnetenspecialist.nl_Ringmagneet-20-x-98-x-51-x-5-mm-met-boor-verzinkgat-Epoxy_1.jpg\",\"contentUrl\":\"https:\/\/www.magnetenspecialist.nl\/wp-content\/uploads\/2019\/03\/Magnetenspecialist.nl_Ringmagneet-20-x-98-x-51-x-5-mm-met-boor-verzinkgat-Epoxy_1.jpg\",\"width\":1500,\"height\":1500},{\"@type\":\"BreadcrumbList\",\"@id\":\"https:\/\/www.magnetenspecialist.nl\/fr\/magasin\/aimants-a-visser\/ringmagneet-20-x-51-x-98-x-5-mm-met-boor-verzinkgat-zuid-pool-epoxy\/#breadcrumb\",\"itemListElement\":[{\"@type\":\"ListItem\",\"position\":1,\"name\":\"Accueil\",\"item\":\"https:\/\/www.magnetenspecialist.nl\/fr\/accueil\/\"},{\"@type\":\"ListItem\",\"position\":2,\"name\":\"Boutique\",\"item\":\"https:\/\/www.magnetenspecialist.nl\/fr\/boutique\/\"},{\"@type\":\"ListItem\",\"position\":3,\"name\":\"Aimant annulaire en n\u00e9odyme 20 x 9,8 x 5,1 mm &#8211; rev\u00eatement \u00e9poxy avec fraise (p\u00f4le sud)\"}]},{\"@type\":\"WebSite\",\"@id\":\"https:\/\/www.magnetenspecialist.nl\/fr\/#website\",\"url\":\"https:\/\/www.magnetenspecialist.nl\/fr\/\",\"name\":\"Magnetenspecialist.nl\",\"description\":\"Vaste gamme d'aimants en n\u00e9odyme\",\"publisher\":{\"@id\":\"https:\/\/www.magnetenspecialist.nl\/fr\/#organization\"},\"potentialAction\":[{\"@type\":\"SearchAction\",\"target\":{\"@type\":\"EntryPoint\",\"urlTemplate\":\"https:\/\/www.magnetenspecialist.nl\/fr\/?s={search_term_string}\"},\"query-input\":{\"@type\":\"PropertyValueSpecification\",\"valueRequired\":true,\"valueName\":\"search_term_string\"}}],\"inLanguage\":\"fr-FR\"},{\"@type\":\"Organization\",\"@id\":\"https:\/\/www.magnetenspecialist.nl\/fr\/#organization\",\"name\":\"Magnetenspecialist.nl\",\"url\":\"https:\/\/www.magnetenspecialist.nl\/fr\/\",\"logo\":{\"@type\":\"ImageObject\",\"inLanguage\":\"fr-FR\",\"@id\":\"https:\/\/www.magnetenspecialist.nl\/fr\/#\/schema\/logo\/image\/\",\"url\":\"https:\/\/www.magnetenspecialist.nl\/wp-content\/uploads\/2018\/10\/magneten-logo.jpg\",\"contentUrl\":\"https:\/\/www.magnetenspecialist.nl\/wp-content\/uploads\/2018\/10\/magneten-logo.jpg\",\"width\":151,\"height\":151,\"caption\":\"Magnetenspecialist.nl\"},\"image\":{\"@id\":\"https:\/\/www.magnetenspecialist.nl\/fr\/#\/schema\/logo\/image\/\"},\"sameAs\":[\"https:\/\/www.facebook.com\/Magnetenspecialist.nl\",\"https:\/\/x.com\/magnetenspecial\"]}]}<\/script>\n<meta property=\"product:price:amount\" content=\"3.32\" \/>\n<meta property=\"product:price:currency\" content=\"EUR\" \/>\n<meta property=\"og:availability\" content=\"out of stock\" \/>\n<meta property=\"product:availability\" content=\"out of stock\" \/>\n<meta property=\"product:retailer_item_id\" content=\"ri020x0051x0098x005-N-1-1\" \/>\n<meta property=\"product:condition\" content=\"new\" \/>\n<!-- \/ Yoast SEO Premium plugin. -->","yoast_head_json":{"title":"Aimant annulaire en n\u00e9odyme 20 x 9.8 x 5.1 mm - Rev\u00eatement \u00e9poxy - Magnetenspecialist.nl","description":"D\u00e9couvrez le puissant aimant annulaire en n\u00e9odyme de 20 x 9,8 x 5,1 mm ! Dot\u00e9 d'un rev\u00eatement \u00e9poxy et d'une fraise, il est parfait pour une grande vari\u00e9t\u00e9 d'applications.","robots":{"index":"index","follow":"follow","max-snippet":"max-snippet:-1","max-image-preview":"max-image-preview:large","max-video-preview":"max-video-preview:-1"},"canonical":"https:\/\/www.magnetenspecialist.nl\/fr\/magasin\/aimants-a-visser\/ringmagneet-20-x-51-x-98-x-5-mm-met-boor-verzinkgat-zuid-pool-epoxy\/","og_locale":"fr_FR","og_type":"article","og_title":"Aimant annulaire en n\u00e9odyme 20 x 9,8 x 5,1 mm - rev\u00eatement \u00e9poxy avec fraise (p\u00f4le sud)","og_description":"D\u00e9couvrez le puissant aimant annulaire en n\u00e9odyme de 20 x 9,8 x 5,1 mm ! Dot\u00e9 d'un rev\u00eatement \u00e9poxy et d'une fraise, il est parfait pour une grande vari\u00e9t\u00e9 d'applications.","og_url":"https:\/\/www.magnetenspecialist.nl\/fr\/magasin\/aimants-a-visser\/ringmagneet-20-x-51-x-98-x-5-mm-met-boor-verzinkgat-zuid-pool-epoxy\/","og_site_name":"Magnetenspecialist.nl","article_publisher":"https:\/\/www.facebook.com\/Magnetenspecialist.nl","article_modified_time":"2025-04-15T16:19:36+00:00","og_image":[{"width":1500,"height":1500,"url":"https:\/\/www.magnetenspecialist.nl\/wp-content\/uploads\/2019\/03\/Magnetenspecialist.nl_Ringmagneet-20-x-98-x-51-x-5-mm-met-boor-verzinkgat-Epoxy_1.jpg","type":"image\/jpeg"}],"twitter_card":"summary_large_image","twitter_site":"@magnetenspecial","twitter_misc":{"Prix":"&euro;&nbsp;3,32","Disponibilit\u00e9":"Rupture de stock"},"schema":{"@context":"https:\/\/schema.org","@graph":[{"@type":"WebPage","@id":"https:\/\/www.magnetenspecialist.nl\/fr\/magasin\/aimants-a-visser\/ringmagneet-20-x-51-x-98-x-5-mm-met-boor-verzinkgat-zuid-pool-epoxy\/","url":"https:\/\/www.magnetenspecialist.nl\/fr\/magasin\/aimants-a-visser\/ringmagneet-20-x-51-x-98-x-5-mm-met-boor-verzinkgat-zuid-pool-epoxy\/","name":"Aimant annulaire en n\u00e9odyme 20 x 9.8 x 5.1 mm - Rev\u00eatement \u00e9poxy - Magnetenspecialist.nl","isPartOf":{"@id":"https:\/\/www.magnetenspecialist.nl\/fr\/#website"},"primaryImageOfPage":{"@id":"https:\/\/www.magnetenspecialist.nl\/fr\/magasin\/aimants-a-visser\/ringmagneet-20-x-51-x-98-x-5-mm-met-boor-verzinkgat-zuid-pool-epoxy\/#primaryimage"},"image":{"@id":"https:\/\/www.magnetenspecialist.nl\/fr\/magasin\/aimants-a-visser\/ringmagneet-20-x-51-x-98-x-5-mm-met-boor-verzinkgat-zuid-pool-epoxy\/#primaryimage"},"thumbnailUrl":"https:\/\/www.magnetenspecialist.nl\/wp-content\/uploads\/2019\/03\/Magnetenspecialist.nl_Ringmagneet-20-x-98-x-51-x-5-mm-met-boor-verzinkgat-Epoxy_1.jpg","datePublished":"2019-03-08T10:01:31+00:00","dateModified":"2025-04-15T16:19:36+00:00","description":"D\u00e9couvrez le puissant aimant annulaire en n\u00e9odyme de 20 x 9,8 x 5,1 mm ! Dot\u00e9 d'un rev\u00eatement \u00e9poxy et d'une fraise, il est parfait pour une grande vari\u00e9t\u00e9 d'applications.","breadcrumb":{"@id":"https:\/\/www.magnetenspecialist.nl\/fr\/magasin\/aimants-a-visser\/ringmagneet-20-x-51-x-98-x-5-mm-met-boor-verzinkgat-zuid-pool-epoxy\/#breadcrumb"},"inLanguage":"fr-FR","potentialAction":[{"@type":"ReadAction","target":["https:\/\/www.magnetenspecialist.nl\/fr\/magasin\/aimants-a-visser\/ringmagneet-20-x-51-x-98-x-5-mm-met-boor-verzinkgat-zuid-pool-epoxy\/"]}]},{"@type":"ImageObject","inLanguage":"fr-FR","@id":"https:\/\/www.magnetenspecialist.nl\/fr\/magasin\/aimants-a-visser\/ringmagneet-20-x-51-x-98-x-5-mm-met-boor-verzinkgat-zuid-pool-epoxy\/#primaryimage","url":"https:\/\/www.magnetenspecialist.nl\/wp-content\/uploads\/2019\/03\/Magnetenspecialist.nl_Ringmagneet-20-x-98-x-51-x-5-mm-met-boor-verzinkgat-Epoxy_1.jpg","contentUrl":"https:\/\/www.magnetenspecialist.nl\/wp-content\/uploads\/2019\/03\/Magnetenspecialist.nl_Ringmagneet-20-x-98-x-51-x-5-mm-met-boor-verzinkgat-Epoxy_1.jpg","width":1500,"height":1500},{"@type":"BreadcrumbList","@id":"https:\/\/www.magnetenspecialist.nl\/fr\/magasin\/aimants-a-visser\/ringmagneet-20-x-51-x-98-x-5-mm-met-boor-verzinkgat-zuid-pool-epoxy\/#breadcrumb","itemListElement":[{"@type":"ListItem","position":1,"name":"Accueil","item":"https:\/\/www.magnetenspecialist.nl\/fr\/accueil\/"},{"@type":"ListItem","position":2,"name":"Boutique","item":"https:\/\/www.magnetenspecialist.nl\/fr\/boutique\/"},{"@type":"ListItem","position":3,"name":"Aimant annulaire en n\u00e9odyme 20 x 9,8 x 5,1 mm &#8211; rev\u00eatement \u00e9poxy avec fraise (p\u00f4le sud)"}]},{"@type":"WebSite","@id":"https:\/\/www.magnetenspecialist.nl\/fr\/#website","url":"https:\/\/www.magnetenspecialist.nl\/fr\/","name":"Magnetenspecialist.nl","description":"Vaste gamme d'aimants en n\u00e9odyme","publisher":{"@id":"https:\/\/www.magnetenspecialist.nl\/fr\/#organization"},"potentialAction":[{"@type":"SearchAction","target":{"@type":"EntryPoint","urlTemplate":"https:\/\/www.magnetenspecialist.nl\/fr\/?s={search_term_string}"},"query-input":{"@type":"PropertyValueSpecification","valueRequired":true,"valueName":"search_term_string"}}],"inLanguage":"fr-FR"},{"@type":"Organization","@id":"https:\/\/www.magnetenspecialist.nl\/fr\/#organization","name":"Magnetenspecialist.nl","url":"https:\/\/www.magnetenspecialist.nl\/fr\/","logo":{"@type":"ImageObject","inLanguage":"fr-FR","@id":"https:\/\/www.magnetenspecialist.nl\/fr\/#\/schema\/logo\/image\/","url":"https:\/\/www.magnetenspecialist.nl\/wp-content\/uploads\/2018\/10\/magneten-logo.jpg","contentUrl":"https:\/\/www.magnetenspecialist.nl\/wp-content\/uploads\/2018\/10\/magneten-logo.jpg","width":151,"height":151,"caption":"Magnetenspecialist.nl"},"image":{"@id":"https:\/\/www.magnetenspecialist.nl\/fr\/#\/schema\/logo\/image\/"},"sameAs":["https:\/\/www.facebook.com\/Magnetenspecialist.nl","https:\/\/x.com\/magnetenspecial"]}]},"product_price_amount":"3.32","product_price_currency":"EUR","og_availability":"out of stock","product_availability":"out of stock","product_retailer_item_id":"ri020x0051x0098x005-N-1-1","product_condition":"new"},"_links":{"self":[{"href":"https:\/\/www.magnetenspecialist.nl\/fr\/wp-json\/wp\/v2\/product\/94154","targetHints":{"allow":["GET"]}}],"collection":[{"href":"https:\/\/www.magnetenspecialist.nl\/fr\/wp-json\/wp\/v2\/product"}],"about":[{"href":"https:\/\/www.magnetenspecialist.nl\/fr\/wp-json\/wp\/v2\/types\/product"}],"wp:featuredmedia":[{"embeddable":true,"href":"https:\/\/www.magnetenspecialist.nl\/fr\/wp-json\/wp\/v2\/media\/112586"}],"wp:attachment":[{"href":"https:\/\/www.magnetenspecialist.nl\/fr\/wp-json\/wp\/v2\/media?parent=94154"}],"wp:term":[{"taxonomy":"product_brand","embeddable":true,"href":"https:\/\/www.magnetenspecialist.nl\/fr\/wp-json\/wp\/v2\/product_brand?post=94154"},{"taxonomy":"product_cat","embeddable":true,"href":"https:\/\/www.magnetenspecialist.nl\/fr\/wp-json\/wp\/v2\/product_cat?post=94154"},{"taxonomy":"product_tag","embeddable":true,"href":"https:\/\/www.magnetenspecialist.nl\/fr\/wp-json\/wp\/v2\/product_tag?post=94154"}],"curies":[{"name":"wp","href":"https:\/\/api.w.org\/{rel}","templated":true}]}}