{"id":94155,"date":"2019-03-08T11:01:28","date_gmt":"2019-03-08T10:01:28","guid":{"rendered":"https:\/\/www.magnetenspecialist.nl\/winkel\/non%20class\u00e9\/aimant-disque-20-x-51-x-98-x-5-mm-met-boor-verzinkgat-noord-pool-epoxy\/"},"modified":"2025-04-15T18:25:53","modified_gmt":"2025-04-15T16:25:53","slug":"ringmagneet-20-x-51-x-98-x-5-mm-met-boor-verzinkgat-noord-pool-epoxy","status":"publish","type":"product","link":"https:\/\/www.magnetenspecialist.nl\/fr\/magasin\/aimants-a-visser\/ringmagneet-20-x-51-x-98-x-5-mm-met-boor-verzinkgat-noord-pool-epoxy\/","title":{"rendered":"Aimant annulaire en n\u00e9odyme 20 x 9,8 x 5,1 mm &#8211; rev\u00eatement \u00e9poxy avec fraise (p\u00f4le nord)"},"content":{"rendered":"<p class=\"\" data-start=\"363\" data-end=\"764\">Cet aimant annulaire en n\u00e9odyme a une taille ext\u00e9rieure de 20 mm, un diam\u00e8tre int\u00e9rieur de 9,8 mm et une \u00e9paisseur de 5,1 mm. L&#8217;aimant est dot\u00e9 d&#8217;un <strong data-start=\"506\" data-end=\"526\">trou de forage galvanis\u00e9<\/strong> sur le dessus, ce qui vous permet de le fixer facilement \u00e0 diverses surfaces \u00e0 l&#8217;aide d&#8217;une vis. Sur ce mod\u00e8le, le <strong data-start=\"656\" data-end=\"692\">p\u00f4le nord est en retrait<\/strong>, ce qui est important pour les applications o\u00f9 la polarisation est directionnelle.  <\/p>\n<p class=\"\" data-start=\"766\" data-end=\"1080\">L&#8217;aimant est fabriqu\u00e9 en <strong data-start=\"792\" data-end=\"814\">n\u00e9odyme puissant<\/strong>, ce qui garantit un effet magn\u00e9tique tr\u00e8s puissant malgr\u00e9 sa taille compacte. Le <strong data-start=\"916\" data-end=\"933\">rev\u00eatement \u00e9poxy<\/strong> robuste (Ni-Cu-Ni-EP) prot\u00e8ge l&#8217;aimant contre la corrosion, l&#8217;humidit\u00e9 et l&#8217;usure, ce qui permet de l&#8217;utiliser dans des environnements humides ou exigeants. <\/p>\n<p class=\"\" data-start=\"1082\" data-end=\"1322\">Cet aimant annulaire convient parfaitement pour un montage permanent, par exemple dans des meubles, des pr\u00e9sentoirs, des installations techniques ou comme solution de montage dissimul\u00e9 dans le bois ou le m\u00e9tal. Gr\u00e2ce \u00e0 la fixation encastr\u00e9e, l&#8217;aimant reste bien \u00e0 plat apr\u00e8s le montage. <\/p>\n<p class=\"\" data-start=\"1324\" data-end=\"1342\"><strong data-start=\"1324\" data-end=\"1342\">Sp\u00e9cifications :<\/strong><\/p>\n<ul data-start=\"1343\" data-end=\"1634\">\n<li class=\"\" data-start=\"1343\" data-end=\"1365\">\n<p class=\"\" data-start=\"1345\" data-end=\"1365\">Dimensions externes : \u00d820 mm<\/p>\n<\/li>\n<li class=\"\" data-start=\"1366\" data-end=\"1393\">\n<p class=\"\" data-start=\"1368\" data-end=\"1393\">Diam\u00e8tre int\u00e9rieur : \u00d89,8 mm<\/p>\n<\/li>\n<li class=\"\" data-start=\"1394\" data-end=\"1412\">\n<p class=\"\" data-start=\"1396\" data-end=\"1412\">Hauteur : 5,1 mm<\/p>\n<\/li>\n<li class=\"\" data-start=\"1413\" data-end=\"1455\">\n<p class=\"\" data-start=\"1415\" data-end=\"1455\">Per\u00e7age : fraisage pour fixation par vis<\/p>\n<\/li>\n<li class=\"\" data-start=\"1456\" data-end=\"1495\">\n<p class=\"\" data-start=\"1458\" data-end=\"1495\">Rev\u00eatement : \u00e9poxy (Ni-Cu-Ni-EP), noir<\/p>\n<\/li>\n<li class=\"\" data-start=\"1496\" data-end=\"1548\">\n<p class=\"\" data-start=\"1498\" data-end=\"1548\">Magn\u00e9tisation : <strong data-start=\"1513\" data-end=\"1546\">p\u00f4le nord sur le c\u00f4t\u00e9 encastr\u00e9<\/strong><\/p>\n<\/li>\n<li class=\"\" data-start=\"1549\" data-end=\"1573\">\n<p class=\"\" data-start=\"1551\" data-end=\"1573\">Mat\u00e9riau : N\u00e9odyme<\/p>\n<\/li>\n<li class=\"\" data-start=\"1574\" data-end=\"1634\">\n<p class=\"\" data-start=\"1576\" data-end=\"1634\">Application : Assemblage, fixation, applications industrielles<\/p>\n<\/li>\n<\/ul>\n<p class=\"\" data-start=\"1636\" data-end=\"1729\"><strong data-start=\"1636\" data-end=\"1647\">Remarque :<\/strong> les aimants en n\u00e9odyme sont puissants mais fragiles. Ne les laissez pas s&#8217;entrechoquer violemment. <\/p>\n<p class=\"\" data-start=\"1731\" data-end=\"1893\">Vous recherchez un aimant de fixation puissant \u00e0 polarit\u00e9 directionnelle ? Cet aimant annulaire \u00e0 rev\u00eatement \u00e9poxy avec p\u00f4le nord en retrait est id\u00e9al ! <\/p>\n","protected":false},"excerpt":{"rendered":"<p>avec trou de forage\/galvanisation (p\u00f4le Nord)<\/p>\n","protected":false},"featured_media":112586,"template":"","meta":{"_acf_changed":false},"product_brand":[3521],"product_cat":[2940,1397,1379],"product_tag":[3159],"class_list":{"0":"post-94155","1":"product","2":"type-product","3":"status-publish","4":"has-post-thumbnail","6":"product_brand-magnetenspecialist","7":"product_cat-aimants-a-visser","8":"product_cat-anneaux-magnetiques","9":"product_cat-epoxy-fr","10":"product_tag-groep-4-fr","11":"pa_houdkracht-13-fr","12":"pa_magnetisering-n40-fr","13":"pa_magnetiseringsrichting-axiaal-fr","14":"pa_materiaal-epoxy-fr-2","15":"pa_maximale-gebruikstemperatuur-80-fr","16":"pa_model-anneaux","18":"first","19":"instock","20":"taxable","21":"shipping-taxable","22":"purchasable","23":"product-type-simple"},"supplier_id":null,"supplier_sku":"","barcode":null,"atum_controlled":true,"out_stock_date":null,"out_stock_threshold":null,"inheritable":false,"inbound_stock":0,"stock_on_hold":0,"sold_today":0,"sales_last_days":5,"reserved_stock":0,"customer_returns":0,"warehouse_damage":0,"lost_in_post":0,"other_logs":0,"out_stock_days":0,"lost_sales":0,"has_location":false,"update_date":"2026-04-07T10:02:22","atum_locations":[],"atum_stock_status":"instock","restock_status":false,"low_stock_amount":1200,"sales_update_date":"2026-04-07T10:02:20","calc_backorders":null,"acf":[],"yoast_head":"<!-- This site is optimized with the Yoast SEO Premium plugin v24.7 (Yoast SEO v24.7) - https:\/\/yoast.com\/wordpress\/plugins\/seo\/ -->\n<title>Aimant annulaire en n\u00e9odyme 20 x 9,8 x 5,1 mm - rev\u00eatement \u00e9poxy - Magnetenspecialist.nl<\/title>\n<meta name=\"description\" content=\"D\u00e9couvrez la puissance de notre aimant annulaire en n\u00e9odyme de 20 x 9,8 x 5,1 mm avec rev\u00eatement \u00e9poxy. Parfait pour une fixation durable sur diverses surfaces !\" \/>\n<meta name=\"robots\" content=\"index, follow, max-snippet:-1, max-image-preview:large, max-video-preview:-1\" \/>\n<link rel=\"canonical\" href=\"https:\/\/www.magnetenspecialist.nl\/fr\/magasin\/aimants-a-visser\/ringmagneet-20-x-51-x-98-x-5-mm-met-boor-verzinkgat-noord-pool-epoxy\/\" \/>\n<meta property=\"og:locale\" content=\"fr_FR\" \/>\n<meta property=\"og:type\" content=\"article\" \/>\n<meta property=\"og:title\" content=\"Aimant annulaire en n\u00e9odyme 20 x 9,8 x 5,1 mm - rev\u00eatement \u00e9poxy avec fraise (p\u00f4le nord)\" \/>\n<meta property=\"og:description\" content=\"D\u00e9couvrez la puissance de notre aimant annulaire en n\u00e9odyme de 20 x 9,8 x 5,1 mm avec rev\u00eatement \u00e9poxy. Parfait pour une fixation durable sur diverses surfaces !\" \/>\n<meta property=\"og:url\" content=\"https:\/\/www.magnetenspecialist.nl\/fr\/magasin\/aimants-a-visser\/ringmagneet-20-x-51-x-98-x-5-mm-met-boor-verzinkgat-noord-pool-epoxy\/\" \/>\n<meta property=\"og:site_name\" content=\"Magnetenspecialist.nl\" \/>\n<meta property=\"article:publisher\" content=\"https:\/\/www.facebook.com\/Magnetenspecialist.nl\" \/>\n<meta property=\"article:modified_time\" content=\"2025-04-15T16:25:53+00:00\" \/>\n<meta property=\"og:image\" content=\"https:\/\/www.magnetenspecialist.nl\/wp-content\/uploads\/2019\/03\/Magnetenspecialist.nl_Ringmagneet-20-x-98-x-51-x-5-mm-met-boor-verzinkgat-Epoxy_1.jpg\" \/>\n\t<meta property=\"og:image:width\" content=\"1500\" \/>\n\t<meta property=\"og:image:height\" content=\"1500\" \/>\n\t<meta property=\"og:image:type\" content=\"image\/jpeg\" \/>\n<meta name=\"twitter:card\" content=\"summary_large_image\" \/>\n<meta name=\"twitter:site\" content=\"@magnetenspecial\" \/>\n<meta name=\"twitter:label1\" content=\"Prix\" \/>\n\t<meta name=\"twitter:data1\" content=\"&euro;&nbsp;3,32\" \/>\n\t<meta name=\"twitter:label2\" content=\"Disponibilit\u00e9\" \/>\n\t<meta name=\"twitter:data2\" content=\"En stock\" \/>\n<script type=\"application\/ld+json\" class=\"yoast-schema-graph\">{\"@context\":\"https:\/\/schema.org\",\"@graph\":[{\"@type\":\"WebPage\",\"@id\":\"https:\/\/www.magnetenspecialist.nl\/fr\/magasin\/aimants-a-visser\/ringmagneet-20-x-51-x-98-x-5-mm-met-boor-verzinkgat-noord-pool-epoxy\/\",\"url\":\"https:\/\/www.magnetenspecialist.nl\/fr\/magasin\/aimants-a-visser\/ringmagneet-20-x-51-x-98-x-5-mm-met-boor-verzinkgat-noord-pool-epoxy\/\",\"name\":\"Aimant annulaire en n\u00e9odyme 20 x 9,8 x 5,1 mm - rev\u00eatement \u00e9poxy - Magnetenspecialist.nl\",\"isPartOf\":{\"@id\":\"https:\/\/www.magnetenspecialist.nl\/fr\/#website\"},\"primaryImageOfPage\":{\"@id\":\"https:\/\/www.magnetenspecialist.nl\/fr\/magasin\/aimants-a-visser\/ringmagneet-20-x-51-x-98-x-5-mm-met-boor-verzinkgat-noord-pool-epoxy\/#primaryimage\"},\"image\":{\"@id\":\"https:\/\/www.magnetenspecialist.nl\/fr\/magasin\/aimants-a-visser\/ringmagneet-20-x-51-x-98-x-5-mm-met-boor-verzinkgat-noord-pool-epoxy\/#primaryimage\"},\"thumbnailUrl\":\"https:\/\/www.magnetenspecialist.nl\/wp-content\/uploads\/2019\/03\/Magnetenspecialist.nl_Ringmagneet-20-x-98-x-51-x-5-mm-met-boor-verzinkgat-Epoxy_1.jpg\",\"datePublished\":\"2019-03-08T10:01:28+00:00\",\"dateModified\":\"2025-04-15T16:25:53+00:00\",\"description\":\"D\u00e9couvrez la puissance de notre aimant annulaire en n\u00e9odyme de 20 x 9,8 x 5,1 mm avec rev\u00eatement \u00e9poxy. Parfait pour une fixation durable sur diverses surfaces !\",\"breadcrumb\":{\"@id\":\"https:\/\/www.magnetenspecialist.nl\/fr\/magasin\/aimants-a-visser\/ringmagneet-20-x-51-x-98-x-5-mm-met-boor-verzinkgat-noord-pool-epoxy\/#breadcrumb\"},\"inLanguage\":\"fr-FR\",\"potentialAction\":[{\"@type\":\"ReadAction\",\"target\":[\"https:\/\/www.magnetenspecialist.nl\/fr\/magasin\/aimants-a-visser\/ringmagneet-20-x-51-x-98-x-5-mm-met-boor-verzinkgat-noord-pool-epoxy\/\"]}]},{\"@type\":\"ImageObject\",\"inLanguage\":\"fr-FR\",\"@id\":\"https:\/\/www.magnetenspecialist.nl\/fr\/magasin\/aimants-a-visser\/ringmagneet-20-x-51-x-98-x-5-mm-met-boor-verzinkgat-noord-pool-epoxy\/#primaryimage\",\"url\":\"https:\/\/www.magnetenspecialist.nl\/wp-content\/uploads\/2019\/03\/Magnetenspecialist.nl_Ringmagneet-20-x-98-x-51-x-5-mm-met-boor-verzinkgat-Epoxy_1.jpg\",\"contentUrl\":\"https:\/\/www.magnetenspecialist.nl\/wp-content\/uploads\/2019\/03\/Magnetenspecialist.nl_Ringmagneet-20-x-98-x-51-x-5-mm-met-boor-verzinkgat-Epoxy_1.jpg\",\"width\":1500,\"height\":1500},{\"@type\":\"BreadcrumbList\",\"@id\":\"https:\/\/www.magnetenspecialist.nl\/fr\/magasin\/aimants-a-visser\/ringmagneet-20-x-51-x-98-x-5-mm-met-boor-verzinkgat-noord-pool-epoxy\/#breadcrumb\",\"itemListElement\":[{\"@type\":\"ListItem\",\"position\":1,\"name\":\"Accueil\",\"item\":\"https:\/\/www.magnetenspecialist.nl\/fr\/accueil\/\"},{\"@type\":\"ListItem\",\"position\":2,\"name\":\"Boutique\",\"item\":\"https:\/\/www.magnetenspecialist.nl\/fr\/boutique\/\"},{\"@type\":\"ListItem\",\"position\":3,\"name\":\"Aimant annulaire en n\u00e9odyme 20 x 9,8 x 5,1 mm &#8211; rev\u00eatement \u00e9poxy avec fraise (p\u00f4le nord)\"}]},{\"@type\":\"WebSite\",\"@id\":\"https:\/\/www.magnetenspecialist.nl\/fr\/#website\",\"url\":\"https:\/\/www.magnetenspecialist.nl\/fr\/\",\"name\":\"Magnetenspecialist.nl\",\"description\":\"Vaste gamme d'aimants en n\u00e9odyme\",\"publisher\":{\"@id\":\"https:\/\/www.magnetenspecialist.nl\/fr\/#organization\"},\"potentialAction\":[{\"@type\":\"SearchAction\",\"target\":{\"@type\":\"EntryPoint\",\"urlTemplate\":\"https:\/\/www.magnetenspecialist.nl\/fr\/?s={search_term_string}\"},\"query-input\":{\"@type\":\"PropertyValueSpecification\",\"valueRequired\":true,\"valueName\":\"search_term_string\"}}],\"inLanguage\":\"fr-FR\"},{\"@type\":\"Organization\",\"@id\":\"https:\/\/www.magnetenspecialist.nl\/fr\/#organization\",\"name\":\"Magnetenspecialist.nl\",\"url\":\"https:\/\/www.magnetenspecialist.nl\/fr\/\",\"logo\":{\"@type\":\"ImageObject\",\"inLanguage\":\"fr-FR\",\"@id\":\"https:\/\/www.magnetenspecialist.nl\/fr\/#\/schema\/logo\/image\/\",\"url\":\"https:\/\/www.magnetenspecialist.nl\/wp-content\/uploads\/2018\/10\/magneten-logo.jpg\",\"contentUrl\":\"https:\/\/www.magnetenspecialist.nl\/wp-content\/uploads\/2018\/10\/magneten-logo.jpg\",\"width\":151,\"height\":151,\"caption\":\"Magnetenspecialist.nl\"},\"image\":{\"@id\":\"https:\/\/www.magnetenspecialist.nl\/fr\/#\/schema\/logo\/image\/\"},\"sameAs\":[\"https:\/\/www.facebook.com\/Magnetenspecialist.nl\",\"https:\/\/x.com\/magnetenspecial\"]}]}<\/script>\n<meta property=\"product:price:amount\" content=\"3.32\" \/>\n<meta property=\"product:price:currency\" content=\"EUR\" \/>\n<meta property=\"og:availability\" content=\"instock\" \/>\n<meta property=\"product:availability\" content=\"instock\" \/>\n<meta property=\"product:retailer_item_id\" content=\"ri020x0051x0098x005-N-E-N\" \/>\n<meta property=\"product:condition\" content=\"new\" \/>\n<!-- \/ Yoast SEO Premium plugin. -->","yoast_head_json":{"title":"Aimant annulaire en n\u00e9odyme 20 x 9,8 x 5,1 mm - rev\u00eatement \u00e9poxy - Magnetenspecialist.nl","description":"D\u00e9couvrez la puissance de notre aimant annulaire en n\u00e9odyme de 20 x 9,8 x 5,1 mm avec rev\u00eatement \u00e9poxy. Parfait pour une fixation durable sur diverses surfaces !","robots":{"index":"index","follow":"follow","max-snippet":"max-snippet:-1","max-image-preview":"max-image-preview:large","max-video-preview":"max-video-preview:-1"},"canonical":"https:\/\/www.magnetenspecialist.nl\/fr\/magasin\/aimants-a-visser\/ringmagneet-20-x-51-x-98-x-5-mm-met-boor-verzinkgat-noord-pool-epoxy\/","og_locale":"fr_FR","og_type":"article","og_title":"Aimant annulaire en n\u00e9odyme 20 x 9,8 x 5,1 mm - rev\u00eatement \u00e9poxy avec fraise (p\u00f4le nord)","og_description":"D\u00e9couvrez la puissance de notre aimant annulaire en n\u00e9odyme de 20 x 9,8 x 5,1 mm avec rev\u00eatement \u00e9poxy. Parfait pour une fixation durable sur diverses surfaces !","og_url":"https:\/\/www.magnetenspecialist.nl\/fr\/magasin\/aimants-a-visser\/ringmagneet-20-x-51-x-98-x-5-mm-met-boor-verzinkgat-noord-pool-epoxy\/","og_site_name":"Magnetenspecialist.nl","article_publisher":"https:\/\/www.facebook.com\/Magnetenspecialist.nl","article_modified_time":"2025-04-15T16:25:53+00:00","og_image":[{"width":1500,"height":1500,"url":"https:\/\/www.magnetenspecialist.nl\/wp-content\/uploads\/2019\/03\/Magnetenspecialist.nl_Ringmagneet-20-x-98-x-51-x-5-mm-met-boor-verzinkgat-Epoxy_1.jpg","type":"image\/jpeg"}],"twitter_card":"summary_large_image","twitter_site":"@magnetenspecial","twitter_misc":{"Prix":"&euro;&nbsp;3,32","Disponibilit\u00e9":"En stock"},"schema":{"@context":"https:\/\/schema.org","@graph":[{"@type":"WebPage","@id":"https:\/\/www.magnetenspecialist.nl\/fr\/magasin\/aimants-a-visser\/ringmagneet-20-x-51-x-98-x-5-mm-met-boor-verzinkgat-noord-pool-epoxy\/","url":"https:\/\/www.magnetenspecialist.nl\/fr\/magasin\/aimants-a-visser\/ringmagneet-20-x-51-x-98-x-5-mm-met-boor-verzinkgat-noord-pool-epoxy\/","name":"Aimant annulaire en n\u00e9odyme 20 x 9,8 x 5,1 mm - rev\u00eatement \u00e9poxy - Magnetenspecialist.nl","isPartOf":{"@id":"https:\/\/www.magnetenspecialist.nl\/fr\/#website"},"primaryImageOfPage":{"@id":"https:\/\/www.magnetenspecialist.nl\/fr\/magasin\/aimants-a-visser\/ringmagneet-20-x-51-x-98-x-5-mm-met-boor-verzinkgat-noord-pool-epoxy\/#primaryimage"},"image":{"@id":"https:\/\/www.magnetenspecialist.nl\/fr\/magasin\/aimants-a-visser\/ringmagneet-20-x-51-x-98-x-5-mm-met-boor-verzinkgat-noord-pool-epoxy\/#primaryimage"},"thumbnailUrl":"https:\/\/www.magnetenspecialist.nl\/wp-content\/uploads\/2019\/03\/Magnetenspecialist.nl_Ringmagneet-20-x-98-x-51-x-5-mm-met-boor-verzinkgat-Epoxy_1.jpg","datePublished":"2019-03-08T10:01:28+00:00","dateModified":"2025-04-15T16:25:53+00:00","description":"D\u00e9couvrez la puissance de notre aimant annulaire en n\u00e9odyme de 20 x 9,8 x 5,1 mm avec rev\u00eatement \u00e9poxy. Parfait pour une fixation durable sur diverses surfaces !","breadcrumb":{"@id":"https:\/\/www.magnetenspecialist.nl\/fr\/magasin\/aimants-a-visser\/ringmagneet-20-x-51-x-98-x-5-mm-met-boor-verzinkgat-noord-pool-epoxy\/#breadcrumb"},"inLanguage":"fr-FR","potentialAction":[{"@type":"ReadAction","target":["https:\/\/www.magnetenspecialist.nl\/fr\/magasin\/aimants-a-visser\/ringmagneet-20-x-51-x-98-x-5-mm-met-boor-verzinkgat-noord-pool-epoxy\/"]}]},{"@type":"ImageObject","inLanguage":"fr-FR","@id":"https:\/\/www.magnetenspecialist.nl\/fr\/magasin\/aimants-a-visser\/ringmagneet-20-x-51-x-98-x-5-mm-met-boor-verzinkgat-noord-pool-epoxy\/#primaryimage","url":"https:\/\/www.magnetenspecialist.nl\/wp-content\/uploads\/2019\/03\/Magnetenspecialist.nl_Ringmagneet-20-x-98-x-51-x-5-mm-met-boor-verzinkgat-Epoxy_1.jpg","contentUrl":"https:\/\/www.magnetenspecialist.nl\/wp-content\/uploads\/2019\/03\/Magnetenspecialist.nl_Ringmagneet-20-x-98-x-51-x-5-mm-met-boor-verzinkgat-Epoxy_1.jpg","width":1500,"height":1500},{"@type":"BreadcrumbList","@id":"https:\/\/www.magnetenspecialist.nl\/fr\/magasin\/aimants-a-visser\/ringmagneet-20-x-51-x-98-x-5-mm-met-boor-verzinkgat-noord-pool-epoxy\/#breadcrumb","itemListElement":[{"@type":"ListItem","position":1,"name":"Accueil","item":"https:\/\/www.magnetenspecialist.nl\/fr\/accueil\/"},{"@type":"ListItem","position":2,"name":"Boutique","item":"https:\/\/www.magnetenspecialist.nl\/fr\/boutique\/"},{"@type":"ListItem","position":3,"name":"Aimant annulaire en n\u00e9odyme 20 x 9,8 x 5,1 mm &#8211; rev\u00eatement \u00e9poxy avec fraise (p\u00f4le nord)"}]},{"@type":"WebSite","@id":"https:\/\/www.magnetenspecialist.nl\/fr\/#website","url":"https:\/\/www.magnetenspecialist.nl\/fr\/","name":"Magnetenspecialist.nl","description":"Vaste gamme d'aimants en n\u00e9odyme","publisher":{"@id":"https:\/\/www.magnetenspecialist.nl\/fr\/#organization"},"potentialAction":[{"@type":"SearchAction","target":{"@type":"EntryPoint","urlTemplate":"https:\/\/www.magnetenspecialist.nl\/fr\/?s={search_term_string}"},"query-input":{"@type":"PropertyValueSpecification","valueRequired":true,"valueName":"search_term_string"}}],"inLanguage":"fr-FR"},{"@type":"Organization","@id":"https:\/\/www.magnetenspecialist.nl\/fr\/#organization","name":"Magnetenspecialist.nl","url":"https:\/\/www.magnetenspecialist.nl\/fr\/","logo":{"@type":"ImageObject","inLanguage":"fr-FR","@id":"https:\/\/www.magnetenspecialist.nl\/fr\/#\/schema\/logo\/image\/","url":"https:\/\/www.magnetenspecialist.nl\/wp-content\/uploads\/2018\/10\/magneten-logo.jpg","contentUrl":"https:\/\/www.magnetenspecialist.nl\/wp-content\/uploads\/2018\/10\/magneten-logo.jpg","width":151,"height":151,"caption":"Magnetenspecialist.nl"},"image":{"@id":"https:\/\/www.magnetenspecialist.nl\/fr\/#\/schema\/logo\/image\/"},"sameAs":["https:\/\/www.facebook.com\/Magnetenspecialist.nl","https:\/\/x.com\/magnetenspecial"]}]},"product_price_amount":"3.32","product_price_currency":"EUR","og_availability":"instock","product_availability":"instock","product_retailer_item_id":"ri020x0051x0098x005-N-E-N","product_condition":"new"},"_links":{"self":[{"href":"https:\/\/www.magnetenspecialist.nl\/fr\/wp-json\/wp\/v2\/product\/94155","targetHints":{"allow":["GET"]}}],"collection":[{"href":"https:\/\/www.magnetenspecialist.nl\/fr\/wp-json\/wp\/v2\/product"}],"about":[{"href":"https:\/\/www.magnetenspecialist.nl\/fr\/wp-json\/wp\/v2\/types\/product"}],"wp:featuredmedia":[{"embeddable":true,"href":"https:\/\/www.magnetenspecialist.nl\/fr\/wp-json\/wp\/v2\/media\/112586"}],"wp:attachment":[{"href":"https:\/\/www.magnetenspecialist.nl\/fr\/wp-json\/wp\/v2\/media?parent=94155"}],"wp:term":[{"taxonomy":"product_brand","embeddable":true,"href":"https:\/\/www.magnetenspecialist.nl\/fr\/wp-json\/wp\/v2\/product_brand?post=94155"},{"taxonomy":"product_cat","embeddable":true,"href":"https:\/\/www.magnetenspecialist.nl\/fr\/wp-json\/wp\/v2\/product_cat?post=94155"},{"taxonomy":"product_tag","embeddable":true,"href":"https:\/\/www.magnetenspecialist.nl\/fr\/wp-json\/wp\/v2\/product_tag?post=94155"}],"curies":[{"name":"wp","href":"https:\/\/api.w.org\/{rel}","templated":true}]}}