{"id":94172,"date":"2019-03-08T11:02:42","date_gmt":"2019-03-08T10:02:42","guid":{"rendered":"https:\/\/www.magnetenspecialist.nl\/winkel\/non%20class\u00e9\/aimant-en-pot-avec-trou-fraise-32-x-7-mm\/"},"modified":"2025-04-07T12:35:05","modified_gmt":"2025-04-07T10:35:05","slug":"pot-magnetique-32-x-8-mm-avec-trous-perfores-5-5-10-4-mm-et-trou-galvanise-2-5-mm","status":"publish","type":"product","link":"https:\/\/www.magnetenspecialist.nl\/fr\/magasin\/aimants-en-pot\/pot-magnetique-32-x-8-mm-avec-trous-perfores-5-5-10-4-mm-et-trou-galvanise-2-5-mm\/","title":{"rendered":"Pot magn\u00e9tique 32 x 8 mm, avec trou de per\u00e7age\/galvanisation"},"content":{"rendered":"<p class=\"\" data-start=\"94\" data-end=\"140\"><strong data-start=\"94\" data-end=\"140\">Pot magn\u00e9tique 32 x 8 mm, avec trou de per\u00e7age\/galvanisation<\/strong><\/p>\n<p class=\"\" data-start=\"142\" data-end=\"625\">Cet aimant en forme de pot a un diam\u00e8tre de 32 mm et une hauteur de 8 mm. Il est dot\u00e9 d&#8217;un trou de per\u00e7age ou de fraisage pour faciliter la fixation. Gr\u00e2ce \u00e0 sa force magn\u00e9tique puissante, cet aimant est id\u00e9al pour les applications n\u00e9cessitant une connexion magn\u00e9tique solide et fiable, telles que les applications industrielles, la fixation d&#8217;objets ou la fabrication de supports magn\u00e9tiques. Le trou de per\u00e7age permet une installation rapide et facile sur diff\u00e9rentes surfaces.  <\/p>\n<p class=\"\" data-start=\"627\" data-end=\"641\"><strong data-start=\"627\" data-end=\"641\">Caract\u00e9ristiques :<\/strong><\/p>\n<ul data-start=\"642\" data-end=\"1040\">\n<li class=\"\" data-start=\"642\" data-end=\"692\">\n<p class=\"\" data-start=\"644\" data-end=\"692\"><strong data-start=\"644\" data-end=\"658\">Dimensions<\/strong>: 32 mm (diam\u00e8tre) x 8 mm (hauteur)<\/p>\n<\/li>\n<li class=\"\" data-start=\"693\" data-end=\"743\">\n<p class=\"\" data-start=\"695\" data-end=\"743\"><strong data-start=\"695\" data-end=\"715\">Percez\/percez un trou<\/strong> pour faciliter la fixation<\/p>\n<\/li>\n<li class=\"\" data-start=\"744\" data-end=\"836\">\n<p class=\"\" data-start=\"746\" data-end=\"836\"><strong data-start=\"746\" data-end=\"759\">Mat\u00e9riau<\/strong>: N\u00e9odyme, avec finition nickel\u00e9e pour une durabilit\u00e9 et une protection accrues.<\/p>\n<\/li>\n<li class=\"\" data-start=\"837\" data-end=\"894\">\n<p class=\"\" data-start=\"839\" data-end=\"894\"><strong data-start=\"839\" data-end=\"868\">Forte force magn\u00e9tique<\/strong> pour une adh\u00e9sion fiable<\/p>\n<\/li>\n<li class=\"\" data-start=\"895\" data-end=\"1040\">\n<p class=\"\" data-start=\"897\" data-end=\"1040\">Convient \u00e0 diverses applications telles que la fixation d&#8217;objets, la cr\u00e9ation de syst\u00e8mes magn\u00e9tiques ou les applications industrielles.<\/p>\n<\/li>\n<\/ul>\n<p class=\"\" data-start=\"1042\" data-end=\"1165\">Cet aimant \u00e0 pot offre une solution magn\u00e9tique fiable et puissante pour les applications commerciales et cr\u00e9atives.<\/p>\n","protected":false},"excerpt":{"rendered":"<p>Aimant en n\u00e9odyme dans un pot en acier avec per\u00e7age et fraisage.<br \/>\nMax. Temp\u00e9rature de fonctionnement : 80\u00b0C<\/p>\n","protected":false},"featured_media":112711,"template":"","meta":{"_acf_changed":false},"product_brand":[3521],"product_cat":[1394],"product_tag":[3158],"class_list":{"0":"post-94172","1":"product","2":"type-product","3":"status-publish","4":"has-post-thumbnail","6":"product_brand-magnetenspecialist","7":"product_cat-aimants-en-pot","8":"product_tag-groep-3-fr","9":"pa_houdkracht-32-fr","10":"pa_magnetisering-n40-fr","11":"pa_magnetiseringsrichting-axiaal-fr","12":"pa_materiaal-nickele-ni-cu-ni-fr-2","13":"pa_maximale-gebruikstemperatuur-80-fr","14":"pa_model-aimant-en-neodyme-en-pot","16":"first","17":"instock","18":"taxable","19":"shipping-taxable","20":"purchasable","21":"product-type-simple"},"supplier_id":null,"supplier_sku":"","barcode":null,"atum_controlled":true,"out_stock_date":null,"out_stock_threshold":null,"inheritable":false,"inbound_stock":1,"stock_on_hold":0,"sold_today":0,"sales_last_days":2,"reserved_stock":0,"customer_returns":0,"warehouse_damage":0,"lost_in_post":0,"other_logs":0,"out_stock_days":0,"lost_sales":0,"has_location":false,"update_date":"2026-04-28T20:50:24","atum_locations":[],"atum_stock_status":"instock","restock_status":false,"low_stock_amount":1500,"sales_update_date":"2026-04-20T06:40:12","calc_backorders":null,"acf":[],"yoast_head":"<!-- This site is optimized with the Yoast SEO Premium plugin v24.7 (Yoast SEO v24.7) - https:\/\/yoast.com\/wordpress\/plugins\/seo\/ -->\n<title>Aimant en pot 32 x 8 mm, avec trou de per\u00e7age\/creusage commander - Magnetenspecialist.nl<\/title>\n<meta name=\"description\" content=\"L&#039;aimant \u00e0 pot 32 x 8 mm, avec trou de per\u00e7age, offre une forte puissance magn\u00e9tique et est parfait pour les applications industrielles. Commandez maintenant et fixez-le facilement !\" \/>\n<meta name=\"robots\" content=\"index, follow, max-snippet:-1, max-image-preview:large, max-video-preview:-1\" \/>\n<link rel=\"canonical\" href=\"https:\/\/www.magnetenspecialist.nl\/fr\/magasin\/aimants-en-pot\/pot-magnetique-32-x-8-mm-avec-trous-perfores-5-5-10-4-mm-et-trou-galvanise-2-5-mm\/\" \/>\n<meta property=\"og:locale\" content=\"fr_FR\" \/>\n<meta property=\"og:type\" content=\"article\" \/>\n<meta property=\"og:title\" content=\"Pot magn\u00e9tique 32 x 8 mm, avec trou de per\u00e7age\/galvanisation\" \/>\n<meta property=\"og:description\" content=\"L&#039;aimant \u00e0 pot 32 x 8 mm, avec trou de per\u00e7age, offre une forte puissance magn\u00e9tique et est parfait pour les applications industrielles. Commandez maintenant et fixez-le facilement !\" \/>\n<meta property=\"og:url\" content=\"https:\/\/www.magnetenspecialist.nl\/fr\/magasin\/aimants-en-pot\/pot-magnetique-32-x-8-mm-avec-trous-perfores-5-5-10-4-mm-et-trou-galvanise-2-5-mm\/\" \/>\n<meta property=\"og:site_name\" content=\"Magnetenspecialist.nl\" \/>\n<meta property=\"article:publisher\" content=\"https:\/\/www.facebook.com\/Magnetenspecialist.nl\" \/>\n<meta property=\"article:modified_time\" content=\"2025-04-07T10:35:05+00:00\" \/>\n<meta property=\"og:image\" content=\"https:\/\/www.magnetenspecialist.nl\/wp-content\/uploads\/2019\/03\/Magnetenspecialist.nl_Potmagneet-32-x-8-mm-met-boor-verzinkgat_2.jpg\" \/>\n\t<meta property=\"og:image:width\" content=\"1500\" \/>\n\t<meta property=\"og:image:height\" content=\"1500\" \/>\n\t<meta property=\"og:image:type\" content=\"image\/jpeg\" \/>\n<meta name=\"twitter:card\" content=\"summary_large_image\" \/>\n<meta name=\"twitter:site\" content=\"@magnetenspecial\" \/>\n<meta name=\"twitter:label1\" content=\"Prix\" \/>\n\t<meta name=\"twitter:data1\" content=\"&euro;&nbsp;6,03\" \/>\n\t<meta name=\"twitter:label2\" content=\"Disponibilit\u00e9\" \/>\n\t<meta name=\"twitter:data2\" content=\"En stock\" \/>\n<script type=\"application\/ld+json\" class=\"yoast-schema-graph\">{\"@context\":\"https:\/\/schema.org\",\"@graph\":[{\"@type\":\"WebPage\",\"@id\":\"https:\/\/www.magnetenspecialist.nl\/fr\/magasin\/aimants-en-pot\/pot-magnetique-32-x-8-mm-avec-trous-perfores-5-5-10-4-mm-et-trou-galvanise-2-5-mm\/\",\"url\":\"https:\/\/www.magnetenspecialist.nl\/fr\/magasin\/aimants-en-pot\/pot-magnetique-32-x-8-mm-avec-trous-perfores-5-5-10-4-mm-et-trou-galvanise-2-5-mm\/\",\"name\":\"Aimant en pot 32 x 8 mm, avec trou de per\u00e7age\/creusage commander - Magnetenspecialist.nl\",\"isPartOf\":{\"@id\":\"https:\/\/www.magnetenspecialist.nl\/fr\/#website\"},\"primaryImageOfPage\":{\"@id\":\"https:\/\/www.magnetenspecialist.nl\/fr\/magasin\/aimants-en-pot\/pot-magnetique-32-x-8-mm-avec-trous-perfores-5-5-10-4-mm-et-trou-galvanise-2-5-mm\/#primaryimage\"},\"image\":{\"@id\":\"https:\/\/www.magnetenspecialist.nl\/fr\/magasin\/aimants-en-pot\/pot-magnetique-32-x-8-mm-avec-trous-perfores-5-5-10-4-mm-et-trou-galvanise-2-5-mm\/#primaryimage\"},\"thumbnailUrl\":\"https:\/\/www.magnetenspecialist.nl\/wp-content\/uploads\/2019\/03\/Magnetenspecialist.nl_Potmagneet-32-x-8-mm-met-boor-verzinkgat_2.jpg\",\"datePublished\":\"2019-03-08T10:02:42+00:00\",\"dateModified\":\"2025-04-07T10:35:05+00:00\",\"description\":\"L'aimant \u00e0 pot 32 x 8 mm, avec trou de per\u00e7age, offre une forte puissance magn\u00e9tique et est parfait pour les applications industrielles. Commandez maintenant et fixez-le facilement !\",\"breadcrumb\":{\"@id\":\"https:\/\/www.magnetenspecialist.nl\/fr\/magasin\/aimants-en-pot\/pot-magnetique-32-x-8-mm-avec-trous-perfores-5-5-10-4-mm-et-trou-galvanise-2-5-mm\/#breadcrumb\"},\"inLanguage\":\"fr-FR\",\"potentialAction\":[{\"@type\":\"ReadAction\",\"target\":[\"https:\/\/www.magnetenspecialist.nl\/fr\/magasin\/aimants-en-pot\/pot-magnetique-32-x-8-mm-avec-trous-perfores-5-5-10-4-mm-et-trou-galvanise-2-5-mm\/\"]}]},{\"@type\":\"ImageObject\",\"inLanguage\":\"fr-FR\",\"@id\":\"https:\/\/www.magnetenspecialist.nl\/fr\/magasin\/aimants-en-pot\/pot-magnetique-32-x-8-mm-avec-trous-perfores-5-5-10-4-mm-et-trou-galvanise-2-5-mm\/#primaryimage\",\"url\":\"https:\/\/www.magnetenspecialist.nl\/wp-content\/uploads\/2019\/03\/Magnetenspecialist.nl_Potmagneet-32-x-8-mm-met-boor-verzinkgat_2.jpg\",\"contentUrl\":\"https:\/\/www.magnetenspecialist.nl\/wp-content\/uploads\/2019\/03\/Magnetenspecialist.nl_Potmagneet-32-x-8-mm-met-boor-verzinkgat_2.jpg\",\"width\":1500,\"height\":1500},{\"@type\":\"BreadcrumbList\",\"@id\":\"https:\/\/www.magnetenspecialist.nl\/fr\/magasin\/aimants-en-pot\/pot-magnetique-32-x-8-mm-avec-trous-perfores-5-5-10-4-mm-et-trou-galvanise-2-5-mm\/#breadcrumb\",\"itemListElement\":[{\"@type\":\"ListItem\",\"position\":1,\"name\":\"Accueil\",\"item\":\"https:\/\/www.magnetenspecialist.nl\/fr\/accueil\/\"},{\"@type\":\"ListItem\",\"position\":2,\"name\":\"Boutique\",\"item\":\"https:\/\/www.magnetenspecialist.nl\/fr\/boutique\/\"},{\"@type\":\"ListItem\",\"position\":3,\"name\":\"Pot magn\u00e9tique 32 x 8 mm, avec trou de per\u00e7age\/galvanisation\"}]},{\"@type\":\"WebSite\",\"@id\":\"https:\/\/www.magnetenspecialist.nl\/fr\/#website\",\"url\":\"https:\/\/www.magnetenspecialist.nl\/fr\/\",\"name\":\"Magnetenspecialist.nl\",\"description\":\"Vaste gamme d'aimants en n\u00e9odyme\",\"publisher\":{\"@id\":\"https:\/\/www.magnetenspecialist.nl\/fr\/#organization\"},\"potentialAction\":[{\"@type\":\"SearchAction\",\"target\":{\"@type\":\"EntryPoint\",\"urlTemplate\":\"https:\/\/www.magnetenspecialist.nl\/fr\/?s={search_term_string}\"},\"query-input\":{\"@type\":\"PropertyValueSpecification\",\"valueRequired\":true,\"valueName\":\"search_term_string\"}}],\"inLanguage\":\"fr-FR\"},{\"@type\":\"Organization\",\"@id\":\"https:\/\/www.magnetenspecialist.nl\/fr\/#organization\",\"name\":\"Magnetenspecialist.nl\",\"url\":\"https:\/\/www.magnetenspecialist.nl\/fr\/\",\"logo\":{\"@type\":\"ImageObject\",\"inLanguage\":\"fr-FR\",\"@id\":\"https:\/\/www.magnetenspecialist.nl\/fr\/#\/schema\/logo\/image\/\",\"url\":\"https:\/\/www.magnetenspecialist.nl\/wp-content\/uploads\/2018\/10\/magneten-logo.jpg\",\"contentUrl\":\"https:\/\/www.magnetenspecialist.nl\/wp-content\/uploads\/2018\/10\/magneten-logo.jpg\",\"width\":151,\"height\":151,\"caption\":\"Magnetenspecialist.nl\"},\"image\":{\"@id\":\"https:\/\/www.magnetenspecialist.nl\/fr\/#\/schema\/logo\/image\/\"},\"sameAs\":[\"https:\/\/www.facebook.com\/Magnetenspecialist.nl\",\"https:\/\/x.com\/magnetenspecial\"]}]}<\/script>\n<meta property=\"product:price:amount\" content=\"6.03\" \/>\n<meta property=\"product:price:currency\" content=\"EUR\" \/>\n<meta property=\"og:availability\" content=\"instock\" \/>\n<meta property=\"product:availability\" content=\"instock\" \/>\n<meta property=\"product:retailer_item_id\" content=\"po032x008-N\" \/>\n<meta property=\"product:condition\" content=\"new\" \/>\n<!-- \/ Yoast SEO Premium plugin. -->","yoast_head_json":{"title":"Aimant en pot 32 x 8 mm, avec trou de per\u00e7age\/creusage commander - Magnetenspecialist.nl","description":"L'aimant \u00e0 pot 32 x 8 mm, avec trou de per\u00e7age, offre une forte puissance magn\u00e9tique et est parfait pour les applications industrielles. Commandez maintenant et fixez-le facilement !","robots":{"index":"index","follow":"follow","max-snippet":"max-snippet:-1","max-image-preview":"max-image-preview:large","max-video-preview":"max-video-preview:-1"},"canonical":"https:\/\/www.magnetenspecialist.nl\/fr\/magasin\/aimants-en-pot\/pot-magnetique-32-x-8-mm-avec-trous-perfores-5-5-10-4-mm-et-trou-galvanise-2-5-mm\/","og_locale":"fr_FR","og_type":"article","og_title":"Pot magn\u00e9tique 32 x 8 mm, avec trou de per\u00e7age\/galvanisation","og_description":"L'aimant \u00e0 pot 32 x 8 mm, avec trou de per\u00e7age, offre une forte puissance magn\u00e9tique et est parfait pour les applications industrielles. Commandez maintenant et fixez-le facilement !","og_url":"https:\/\/www.magnetenspecialist.nl\/fr\/magasin\/aimants-en-pot\/pot-magnetique-32-x-8-mm-avec-trous-perfores-5-5-10-4-mm-et-trou-galvanise-2-5-mm\/","og_site_name":"Magnetenspecialist.nl","article_publisher":"https:\/\/www.facebook.com\/Magnetenspecialist.nl","article_modified_time":"2025-04-07T10:35:05+00:00","og_image":[{"width":1500,"height":1500,"url":"https:\/\/www.magnetenspecialist.nl\/wp-content\/uploads\/2019\/03\/Magnetenspecialist.nl_Potmagneet-32-x-8-mm-met-boor-verzinkgat_2.jpg","type":"image\/jpeg"}],"twitter_card":"summary_large_image","twitter_site":"@magnetenspecial","twitter_misc":{"Prix":"&euro;&nbsp;6,03","Disponibilit\u00e9":"En stock"},"schema":{"@context":"https:\/\/schema.org","@graph":[{"@type":"WebPage","@id":"https:\/\/www.magnetenspecialist.nl\/fr\/magasin\/aimants-en-pot\/pot-magnetique-32-x-8-mm-avec-trous-perfores-5-5-10-4-mm-et-trou-galvanise-2-5-mm\/","url":"https:\/\/www.magnetenspecialist.nl\/fr\/magasin\/aimants-en-pot\/pot-magnetique-32-x-8-mm-avec-trous-perfores-5-5-10-4-mm-et-trou-galvanise-2-5-mm\/","name":"Aimant en pot 32 x 8 mm, avec trou de per\u00e7age\/creusage commander - Magnetenspecialist.nl","isPartOf":{"@id":"https:\/\/www.magnetenspecialist.nl\/fr\/#website"},"primaryImageOfPage":{"@id":"https:\/\/www.magnetenspecialist.nl\/fr\/magasin\/aimants-en-pot\/pot-magnetique-32-x-8-mm-avec-trous-perfores-5-5-10-4-mm-et-trou-galvanise-2-5-mm\/#primaryimage"},"image":{"@id":"https:\/\/www.magnetenspecialist.nl\/fr\/magasin\/aimants-en-pot\/pot-magnetique-32-x-8-mm-avec-trous-perfores-5-5-10-4-mm-et-trou-galvanise-2-5-mm\/#primaryimage"},"thumbnailUrl":"https:\/\/www.magnetenspecialist.nl\/wp-content\/uploads\/2019\/03\/Magnetenspecialist.nl_Potmagneet-32-x-8-mm-met-boor-verzinkgat_2.jpg","datePublished":"2019-03-08T10:02:42+00:00","dateModified":"2025-04-07T10:35:05+00:00","description":"L'aimant \u00e0 pot 32 x 8 mm, avec trou de per\u00e7age, offre une forte puissance magn\u00e9tique et est parfait pour les applications industrielles. Commandez maintenant et fixez-le facilement !","breadcrumb":{"@id":"https:\/\/www.magnetenspecialist.nl\/fr\/magasin\/aimants-en-pot\/pot-magnetique-32-x-8-mm-avec-trous-perfores-5-5-10-4-mm-et-trou-galvanise-2-5-mm\/#breadcrumb"},"inLanguage":"fr-FR","potentialAction":[{"@type":"ReadAction","target":["https:\/\/www.magnetenspecialist.nl\/fr\/magasin\/aimants-en-pot\/pot-magnetique-32-x-8-mm-avec-trous-perfores-5-5-10-4-mm-et-trou-galvanise-2-5-mm\/"]}]},{"@type":"ImageObject","inLanguage":"fr-FR","@id":"https:\/\/www.magnetenspecialist.nl\/fr\/magasin\/aimants-en-pot\/pot-magnetique-32-x-8-mm-avec-trous-perfores-5-5-10-4-mm-et-trou-galvanise-2-5-mm\/#primaryimage","url":"https:\/\/www.magnetenspecialist.nl\/wp-content\/uploads\/2019\/03\/Magnetenspecialist.nl_Potmagneet-32-x-8-mm-met-boor-verzinkgat_2.jpg","contentUrl":"https:\/\/www.magnetenspecialist.nl\/wp-content\/uploads\/2019\/03\/Magnetenspecialist.nl_Potmagneet-32-x-8-mm-met-boor-verzinkgat_2.jpg","width":1500,"height":1500},{"@type":"BreadcrumbList","@id":"https:\/\/www.magnetenspecialist.nl\/fr\/magasin\/aimants-en-pot\/pot-magnetique-32-x-8-mm-avec-trous-perfores-5-5-10-4-mm-et-trou-galvanise-2-5-mm\/#breadcrumb","itemListElement":[{"@type":"ListItem","position":1,"name":"Accueil","item":"https:\/\/www.magnetenspecialist.nl\/fr\/accueil\/"},{"@type":"ListItem","position":2,"name":"Boutique","item":"https:\/\/www.magnetenspecialist.nl\/fr\/boutique\/"},{"@type":"ListItem","position":3,"name":"Pot magn\u00e9tique 32 x 8 mm, avec trou de per\u00e7age\/galvanisation"}]},{"@type":"WebSite","@id":"https:\/\/www.magnetenspecialist.nl\/fr\/#website","url":"https:\/\/www.magnetenspecialist.nl\/fr\/","name":"Magnetenspecialist.nl","description":"Vaste gamme d'aimants en n\u00e9odyme","publisher":{"@id":"https:\/\/www.magnetenspecialist.nl\/fr\/#organization"},"potentialAction":[{"@type":"SearchAction","target":{"@type":"EntryPoint","urlTemplate":"https:\/\/www.magnetenspecialist.nl\/fr\/?s={search_term_string}"},"query-input":{"@type":"PropertyValueSpecification","valueRequired":true,"valueName":"search_term_string"}}],"inLanguage":"fr-FR"},{"@type":"Organization","@id":"https:\/\/www.magnetenspecialist.nl\/fr\/#organization","name":"Magnetenspecialist.nl","url":"https:\/\/www.magnetenspecialist.nl\/fr\/","logo":{"@type":"ImageObject","inLanguage":"fr-FR","@id":"https:\/\/www.magnetenspecialist.nl\/fr\/#\/schema\/logo\/image\/","url":"https:\/\/www.magnetenspecialist.nl\/wp-content\/uploads\/2018\/10\/magneten-logo.jpg","contentUrl":"https:\/\/www.magnetenspecialist.nl\/wp-content\/uploads\/2018\/10\/magneten-logo.jpg","width":151,"height":151,"caption":"Magnetenspecialist.nl"},"image":{"@id":"https:\/\/www.magnetenspecialist.nl\/fr\/#\/schema\/logo\/image\/"},"sameAs":["https:\/\/www.facebook.com\/Magnetenspecialist.nl","https:\/\/x.com\/magnetenspecial"]}]},"product_price_amount":"6.03","product_price_currency":"EUR","og_availability":"instock","product_availability":"instock","product_retailer_item_id":"po032x008-N","product_condition":"new"},"_links":{"self":[{"href":"https:\/\/www.magnetenspecialist.nl\/fr\/wp-json\/wp\/v2\/product\/94172","targetHints":{"allow":["GET"]}}],"collection":[{"href":"https:\/\/www.magnetenspecialist.nl\/fr\/wp-json\/wp\/v2\/product"}],"about":[{"href":"https:\/\/www.magnetenspecialist.nl\/fr\/wp-json\/wp\/v2\/types\/product"}],"wp:featuredmedia":[{"embeddable":true,"href":"https:\/\/www.magnetenspecialist.nl\/fr\/wp-json\/wp\/v2\/media\/112711"}],"wp:attachment":[{"href":"https:\/\/www.magnetenspecialist.nl\/fr\/wp-json\/wp\/v2\/media?parent=94172"}],"wp:term":[{"taxonomy":"product_brand","embeddable":true,"href":"https:\/\/www.magnetenspecialist.nl\/fr\/wp-json\/wp\/v2\/product_brand?post=94172"},{"taxonomy":"product_cat","embeddable":true,"href":"https:\/\/www.magnetenspecialist.nl\/fr\/wp-json\/wp\/v2\/product_cat?post=94172"},{"taxonomy":"product_tag","embeddable":true,"href":"https:\/\/www.magnetenspecialist.nl\/fr\/wp-json\/wp\/v2\/product_tag?post=94172"}],"curies":[{"name":"wp","href":"https:\/\/api.w.org\/{rel}","templated":true}]}}