{"id":94174,"date":"2019-03-08T11:02:42","date_gmt":"2019-03-08T10:02:42","guid":{"rendered":"https:\/\/www.magnetenspecialist.nl\/winkel\/non%20class\u00e9\/aimant-en-pot-avec-trou-fraise-25-x-7-x-55-mm\/"},"modified":"2025-04-07T12:30:15","modified_gmt":"2025-04-07T10:30:15","slug":"pot-magnetique-25-x-8-x-55-mm-avec-trous-perfores-5-5-10-4-mm-et-trou-galvanise-2-5-mm","status":"publish","type":"product","link":"https:\/\/www.magnetenspecialist.nl\/fr\/magasin\/aimants-en-pot\/pot-magnetique-25-x-8-x-55-mm-avec-trous-perfores-5-5-10-4-mm-et-trou-galvanise-2-5-mm\/","title":{"rendered":"Pot magn\u00e9tique 25 x 8 x 5,5 mm, avec per\u00e7age\/trou galvanis\u00e9"},"content":{"rendered":"<p class=\"\" data-start=\"100\" data-end=\"152\"><strong data-start=\"100\" data-end=\"152\">Pot magn\u00e9tique 25 x 8 x 5,5 mm, avec per\u00e7age\/trou galvanis\u00e9<\/strong><\/p>\n<p class=\"\" data-start=\"154\" data-end=\"629\">Cet aimant pour pot mesure 25 mm (diam\u00e8tre) x 8 mm (hauteur) x 5,5 mm et comporte un trou de per\u00e7age ou de fraisage pour une fixation facile et s\u00fbre. Gr\u00e2ce \u00e0 sa force magn\u00e9tique \u00e9lev\u00e9e, cet aimant est id\u00e9al pour de nombreuses applications, qu&#8217;il s&#8217;agisse d&#8217;utilisations industrielles ou de projets cr\u00e9atifs. Le trou de per\u00e7age permet d&#8217;installer rapidement l&#8217;aimant sur des surfaces m\u00e9talliques, des supports ou dans le cadre d&#8217;un syst\u00e8me de fixation magn\u00e9tique.  <\/p>\n<p class=\"\" data-start=\"631\" data-end=\"645\"><strong data-start=\"631\" data-end=\"645\">Caract\u00e9ristiques :<\/strong><\/p>\n<ul data-start=\"646\" data-end=\"1040\">\n<li class=\"\" data-start=\"646\" data-end=\"705\">\n<p class=\"\" data-start=\"648\" data-end=\"705\"><strong data-start=\"648\" data-end=\"662\">Dimensions<\/strong>: 25 mm (diam\u00e8tre) x 8 mm (hauteur) x 5,5 mm<\/p>\n<\/li>\n<li class=\"\" data-start=\"706\" data-end=\"756\">\n<p class=\"\" data-start=\"708\" data-end=\"756\"><strong data-start=\"708\" data-end=\"728\">Trou de per\u00e7age\/enfoncement<\/strong> pour une installation facile<\/p>\n<\/li>\n<li class=\"\" data-start=\"757\" data-end=\"849\">\n<p class=\"\" data-start=\"759\" data-end=\"849\"><strong data-start=\"759\" data-end=\"772\">Mat\u00e9riau<\/strong>: N\u00e9odyme, avec finition nickel\u00e9e pour une durabilit\u00e9 et une protection accrues.<\/p>\n<\/li>\n<li class=\"\" data-start=\"850\" data-end=\"907\">\n<p class=\"\" data-start=\"852\" data-end=\"907\"><strong data-start=\"852\" data-end=\"881\">Forte force magn\u00e9tique<\/strong> pour une adh\u00e9sion fiable<\/p>\n<\/li>\n<li class=\"\" data-start=\"908\" data-end=\"1040\">\n<p class=\"\" data-start=\"910\" data-end=\"1040\">Convient \u00e0 un large \u00e9ventail d&#8217;applications telles que la fixation d&#8217;objets, les syst\u00e8mes magn\u00e9tiques et les installations industrielles.<\/p>\n<\/li>\n<\/ul>\n<p class=\"\" data-start=\"1042\" data-end=\"1179\">Avec cet aimant en forme de pot, vous cr\u00e9ez des connexions magn\u00e9tiques fiables et solides pour des applications professionnelles ou de loisir.<\/p>\n","protected":false},"excerpt":{"rendered":"<p>Aimant en n\u00e9odyme dans un pot en acier avec per\u00e7age et fraisage.<br \/>\nMax. Temp\u00e9rature de fonctionnement : 80\u00b0C<\/p>\n","protected":false},"featured_media":112803,"template":"","meta":{"_acf_changed":false},"product_brand":[3521],"product_cat":[1394],"product_tag":[3159],"class_list":{"0":"post-94174","1":"product","2":"type-product","3":"status-publish","4":"has-post-thumbnail","6":"product_brand-magnetenspecialist","7":"product_cat-aimants-en-pot","8":"product_tag-groep-4-fr","9":"pa_houdkracht-17-fr","10":"pa_magnetisering-n40-fr","11":"pa_magnetiseringsrichting-axiaal-fr","12":"pa_materiaal-nickele-ni-cu-ni-fr-2","13":"pa_maximale-gebruikstemperatuur-80-fr","14":"pa_model-aimant-en-neodyme-en-pot","16":"first","17":"instock","18":"taxable","19":"shipping-taxable","20":"purchasable","21":"product-type-simple"},"supplier_id":null,"supplier_sku":"","barcode":null,"atum_controlled":true,"out_stock_date":null,"out_stock_threshold":null,"inheritable":false,"inbound_stock":1,"stock_on_hold":0,"sold_today":0,"sales_last_days":12,"reserved_stock":0,"customer_returns":0,"warehouse_damage":0,"lost_in_post":0,"other_logs":0,"out_stock_days":0,"lost_sales":0,"has_location":false,"update_date":"2026-04-21T10:03:10","atum_locations":[],"atum_stock_status":"instock","restock_status":false,"low_stock_amount":2000,"sales_update_date":"2026-04-16T07:43:35","calc_backorders":null,"acf":[],"yoast_head":"<!-- This site is optimized with the Yoast SEO Premium plugin v24.7 (Yoast SEO v24.7) - https:\/\/yoast.com\/wordpress\/plugins\/seo\/ -->\n<title>Aimant en pot 25 x 8 x 5,5 mm, avec trou de per\u00e7age - Magnetenspecialist.nl<\/title>\n<meta name=\"description\" content=\"L&#039;aimant \u00e0 pot 25 x 8 x 5,5 mm, avec trou de per\u00e7age et d&#039;enfoncement, allie facilit\u00e9 d&#039;utilisation et solidit\u00e9. Fixez-le facilement et en toute s\u00e9curit\u00e9 !\" \/>\n<meta name=\"robots\" content=\"index, follow, max-snippet:-1, max-image-preview:large, max-video-preview:-1\" \/>\n<link rel=\"canonical\" href=\"https:\/\/www.magnetenspecialist.nl\/fr\/magasin\/aimants-en-pot\/pot-magnetique-25-x-8-x-55-mm-avec-trous-perfores-5-5-10-4-mm-et-trou-galvanise-2-5-mm\/\" \/>\n<meta property=\"og:locale\" content=\"fr_FR\" \/>\n<meta property=\"og:type\" content=\"article\" \/>\n<meta property=\"og:title\" content=\"Pot magn\u00e9tique 25 x 8 x 5,5 mm, avec per\u00e7age\/trou galvanis\u00e9\" \/>\n<meta property=\"og:description\" content=\"L&#039;aimant \u00e0 pot 25 x 8 x 5,5 mm, avec trou de per\u00e7age et d&#039;enfoncement, allie facilit\u00e9 d&#039;utilisation et solidit\u00e9. Fixez-le facilement et en toute s\u00e9curit\u00e9 !\" \/>\n<meta property=\"og:url\" content=\"https:\/\/www.magnetenspecialist.nl\/fr\/magasin\/aimants-en-pot\/pot-magnetique-25-x-8-x-55-mm-avec-trous-perfores-5-5-10-4-mm-et-trou-galvanise-2-5-mm\/\" \/>\n<meta property=\"og:site_name\" content=\"Magnetenspecialist.nl\" \/>\n<meta property=\"article:publisher\" content=\"https:\/\/www.facebook.com\/Magnetenspecialist.nl\" \/>\n<meta property=\"article:modified_time\" content=\"2025-04-07T10:30:15+00:00\" \/>\n<meta property=\"og:image\" content=\"https:\/\/www.magnetenspecialist.nl\/wp-content\/uploads\/2019\/03\/Magnetenspecialist.nl_Potmagneet-25-x-7-x-55-mm-met-boor-verzinkgat_1.jpg\" \/>\n\t<meta property=\"og:image:width\" content=\"1500\" \/>\n\t<meta property=\"og:image:height\" content=\"1500\" \/>\n\t<meta property=\"og:image:type\" content=\"image\/jpeg\" \/>\n<meta name=\"twitter:card\" content=\"summary_large_image\" \/>\n<meta name=\"twitter:site\" content=\"@magnetenspecial\" \/>\n<meta name=\"twitter:label1\" content=\"Prix\" \/>\n\t<meta name=\"twitter:data1\" content=\"&euro;&nbsp;4,30\" \/>\n\t<meta name=\"twitter:label2\" content=\"Disponibilit\u00e9\" \/>\n\t<meta name=\"twitter:data2\" content=\"En stock\" \/>\n<script type=\"application\/ld+json\" class=\"yoast-schema-graph\">{\"@context\":\"https:\/\/schema.org\",\"@graph\":[{\"@type\":\"WebPage\",\"@id\":\"https:\/\/www.magnetenspecialist.nl\/fr\/magasin\/aimants-en-pot\/pot-magnetique-25-x-8-x-55-mm-avec-trous-perfores-5-5-10-4-mm-et-trou-galvanise-2-5-mm\/\",\"url\":\"https:\/\/www.magnetenspecialist.nl\/fr\/magasin\/aimants-en-pot\/pot-magnetique-25-x-8-x-55-mm-avec-trous-perfores-5-5-10-4-mm-et-trou-galvanise-2-5-mm\/\",\"name\":\"Aimant en pot 25 x 8 x 5,5 mm, avec trou de per\u00e7age - Magnetenspecialist.nl\",\"isPartOf\":{\"@id\":\"https:\/\/www.magnetenspecialist.nl\/fr\/#website\"},\"primaryImageOfPage\":{\"@id\":\"https:\/\/www.magnetenspecialist.nl\/fr\/magasin\/aimants-en-pot\/pot-magnetique-25-x-8-x-55-mm-avec-trous-perfores-5-5-10-4-mm-et-trou-galvanise-2-5-mm\/#primaryimage\"},\"image\":{\"@id\":\"https:\/\/www.magnetenspecialist.nl\/fr\/magasin\/aimants-en-pot\/pot-magnetique-25-x-8-x-55-mm-avec-trous-perfores-5-5-10-4-mm-et-trou-galvanise-2-5-mm\/#primaryimage\"},\"thumbnailUrl\":\"https:\/\/www.magnetenspecialist.nl\/wp-content\/uploads\/2019\/03\/Magnetenspecialist.nl_Potmagneet-25-x-7-x-55-mm-met-boor-verzinkgat_1.jpg\",\"datePublished\":\"2019-03-08T10:02:42+00:00\",\"dateModified\":\"2025-04-07T10:30:15+00:00\",\"description\":\"L'aimant \u00e0 pot 25 x 8 x 5,5 mm, avec trou de per\u00e7age et d'enfoncement, allie facilit\u00e9 d'utilisation et solidit\u00e9. Fixez-le facilement et en toute s\u00e9curit\u00e9 !\",\"breadcrumb\":{\"@id\":\"https:\/\/www.magnetenspecialist.nl\/fr\/magasin\/aimants-en-pot\/pot-magnetique-25-x-8-x-55-mm-avec-trous-perfores-5-5-10-4-mm-et-trou-galvanise-2-5-mm\/#breadcrumb\"},\"inLanguage\":\"fr-FR\",\"potentialAction\":[{\"@type\":\"ReadAction\",\"target\":[\"https:\/\/www.magnetenspecialist.nl\/fr\/magasin\/aimants-en-pot\/pot-magnetique-25-x-8-x-55-mm-avec-trous-perfores-5-5-10-4-mm-et-trou-galvanise-2-5-mm\/\"]}]},{\"@type\":\"ImageObject\",\"inLanguage\":\"fr-FR\",\"@id\":\"https:\/\/www.magnetenspecialist.nl\/fr\/magasin\/aimants-en-pot\/pot-magnetique-25-x-8-x-55-mm-avec-trous-perfores-5-5-10-4-mm-et-trou-galvanise-2-5-mm\/#primaryimage\",\"url\":\"https:\/\/www.magnetenspecialist.nl\/wp-content\/uploads\/2019\/03\/Magnetenspecialist.nl_Potmagneet-25-x-7-x-55-mm-met-boor-verzinkgat_1.jpg\",\"contentUrl\":\"https:\/\/www.magnetenspecialist.nl\/wp-content\/uploads\/2019\/03\/Magnetenspecialist.nl_Potmagneet-25-x-7-x-55-mm-met-boor-verzinkgat_1.jpg\",\"width\":1500,\"height\":1500},{\"@type\":\"BreadcrumbList\",\"@id\":\"https:\/\/www.magnetenspecialist.nl\/fr\/magasin\/aimants-en-pot\/pot-magnetique-25-x-8-x-55-mm-avec-trous-perfores-5-5-10-4-mm-et-trou-galvanise-2-5-mm\/#breadcrumb\",\"itemListElement\":[{\"@type\":\"ListItem\",\"position\":1,\"name\":\"Accueil\",\"item\":\"https:\/\/www.magnetenspecialist.nl\/fr\/accueil\/\"},{\"@type\":\"ListItem\",\"position\":2,\"name\":\"Boutique\",\"item\":\"https:\/\/www.magnetenspecialist.nl\/fr\/boutique\/\"},{\"@type\":\"ListItem\",\"position\":3,\"name\":\"Pot magn\u00e9tique 25 x 8 x 5,5 mm, avec per\u00e7age\/trou galvanis\u00e9\"}]},{\"@type\":\"WebSite\",\"@id\":\"https:\/\/www.magnetenspecialist.nl\/fr\/#website\",\"url\":\"https:\/\/www.magnetenspecialist.nl\/fr\/\",\"name\":\"Magnetenspecialist.nl\",\"description\":\"Vaste gamme d'aimants en n\u00e9odyme\",\"publisher\":{\"@id\":\"https:\/\/www.magnetenspecialist.nl\/fr\/#organization\"},\"potentialAction\":[{\"@type\":\"SearchAction\",\"target\":{\"@type\":\"EntryPoint\",\"urlTemplate\":\"https:\/\/www.magnetenspecialist.nl\/fr\/?s={search_term_string}\"},\"query-input\":{\"@type\":\"PropertyValueSpecification\",\"valueRequired\":true,\"valueName\":\"search_term_string\"}}],\"inLanguage\":\"fr-FR\"},{\"@type\":\"Organization\",\"@id\":\"https:\/\/www.magnetenspecialist.nl\/fr\/#organization\",\"name\":\"Magnetenspecialist.nl\",\"url\":\"https:\/\/www.magnetenspecialist.nl\/fr\/\",\"logo\":{\"@type\":\"ImageObject\",\"inLanguage\":\"fr-FR\",\"@id\":\"https:\/\/www.magnetenspecialist.nl\/fr\/#\/schema\/logo\/image\/\",\"url\":\"https:\/\/www.magnetenspecialist.nl\/wp-content\/uploads\/2018\/10\/magneten-logo.jpg\",\"contentUrl\":\"https:\/\/www.magnetenspecialist.nl\/wp-content\/uploads\/2018\/10\/magneten-logo.jpg\",\"width\":151,\"height\":151,\"caption\":\"Magnetenspecialist.nl\"},\"image\":{\"@id\":\"https:\/\/www.magnetenspecialist.nl\/fr\/#\/schema\/logo\/image\/\"},\"sameAs\":[\"https:\/\/www.facebook.com\/Magnetenspecialist.nl\",\"https:\/\/x.com\/magnetenspecial\"]}]}<\/script>\n<meta property=\"product:price:amount\" content=\"4.30\" \/>\n<meta property=\"product:price:currency\" content=\"EUR\" \/>\n<meta property=\"og:availability\" content=\"instock\" \/>\n<meta property=\"product:availability\" content=\"instock\" \/>\n<meta property=\"product:retailer_item_id\" content=\"po025x008-N\" \/>\n<meta property=\"product:condition\" content=\"new\" \/>\n<!-- \/ Yoast SEO Premium plugin. -->","yoast_head_json":{"title":"Aimant en pot 25 x 8 x 5,5 mm, avec trou de per\u00e7age - Magnetenspecialist.nl","description":"L'aimant \u00e0 pot 25 x 8 x 5,5 mm, avec trou de per\u00e7age et d'enfoncement, allie facilit\u00e9 d'utilisation et solidit\u00e9. Fixez-le facilement et en toute s\u00e9curit\u00e9 !","robots":{"index":"index","follow":"follow","max-snippet":"max-snippet:-1","max-image-preview":"max-image-preview:large","max-video-preview":"max-video-preview:-1"},"canonical":"https:\/\/www.magnetenspecialist.nl\/fr\/magasin\/aimants-en-pot\/pot-magnetique-25-x-8-x-55-mm-avec-trous-perfores-5-5-10-4-mm-et-trou-galvanise-2-5-mm\/","og_locale":"fr_FR","og_type":"article","og_title":"Pot magn\u00e9tique 25 x 8 x 5,5 mm, avec per\u00e7age\/trou galvanis\u00e9","og_description":"L'aimant \u00e0 pot 25 x 8 x 5,5 mm, avec trou de per\u00e7age et d'enfoncement, allie facilit\u00e9 d'utilisation et solidit\u00e9. Fixez-le facilement et en toute s\u00e9curit\u00e9 !","og_url":"https:\/\/www.magnetenspecialist.nl\/fr\/magasin\/aimants-en-pot\/pot-magnetique-25-x-8-x-55-mm-avec-trous-perfores-5-5-10-4-mm-et-trou-galvanise-2-5-mm\/","og_site_name":"Magnetenspecialist.nl","article_publisher":"https:\/\/www.facebook.com\/Magnetenspecialist.nl","article_modified_time":"2025-04-07T10:30:15+00:00","og_image":[{"width":1500,"height":1500,"url":"https:\/\/www.magnetenspecialist.nl\/wp-content\/uploads\/2019\/03\/Magnetenspecialist.nl_Potmagneet-25-x-7-x-55-mm-met-boor-verzinkgat_1.jpg","type":"image\/jpeg"}],"twitter_card":"summary_large_image","twitter_site":"@magnetenspecial","twitter_misc":{"Prix":"&euro;&nbsp;4,30","Disponibilit\u00e9":"En stock"},"schema":{"@context":"https:\/\/schema.org","@graph":[{"@type":"WebPage","@id":"https:\/\/www.magnetenspecialist.nl\/fr\/magasin\/aimants-en-pot\/pot-magnetique-25-x-8-x-55-mm-avec-trous-perfores-5-5-10-4-mm-et-trou-galvanise-2-5-mm\/","url":"https:\/\/www.magnetenspecialist.nl\/fr\/magasin\/aimants-en-pot\/pot-magnetique-25-x-8-x-55-mm-avec-trous-perfores-5-5-10-4-mm-et-trou-galvanise-2-5-mm\/","name":"Aimant en pot 25 x 8 x 5,5 mm, avec trou de per\u00e7age - Magnetenspecialist.nl","isPartOf":{"@id":"https:\/\/www.magnetenspecialist.nl\/fr\/#website"},"primaryImageOfPage":{"@id":"https:\/\/www.magnetenspecialist.nl\/fr\/magasin\/aimants-en-pot\/pot-magnetique-25-x-8-x-55-mm-avec-trous-perfores-5-5-10-4-mm-et-trou-galvanise-2-5-mm\/#primaryimage"},"image":{"@id":"https:\/\/www.magnetenspecialist.nl\/fr\/magasin\/aimants-en-pot\/pot-magnetique-25-x-8-x-55-mm-avec-trous-perfores-5-5-10-4-mm-et-trou-galvanise-2-5-mm\/#primaryimage"},"thumbnailUrl":"https:\/\/www.magnetenspecialist.nl\/wp-content\/uploads\/2019\/03\/Magnetenspecialist.nl_Potmagneet-25-x-7-x-55-mm-met-boor-verzinkgat_1.jpg","datePublished":"2019-03-08T10:02:42+00:00","dateModified":"2025-04-07T10:30:15+00:00","description":"L'aimant \u00e0 pot 25 x 8 x 5,5 mm, avec trou de per\u00e7age et d'enfoncement, allie facilit\u00e9 d'utilisation et solidit\u00e9. Fixez-le facilement et en toute s\u00e9curit\u00e9 !","breadcrumb":{"@id":"https:\/\/www.magnetenspecialist.nl\/fr\/magasin\/aimants-en-pot\/pot-magnetique-25-x-8-x-55-mm-avec-trous-perfores-5-5-10-4-mm-et-trou-galvanise-2-5-mm\/#breadcrumb"},"inLanguage":"fr-FR","potentialAction":[{"@type":"ReadAction","target":["https:\/\/www.magnetenspecialist.nl\/fr\/magasin\/aimants-en-pot\/pot-magnetique-25-x-8-x-55-mm-avec-trous-perfores-5-5-10-4-mm-et-trou-galvanise-2-5-mm\/"]}]},{"@type":"ImageObject","inLanguage":"fr-FR","@id":"https:\/\/www.magnetenspecialist.nl\/fr\/magasin\/aimants-en-pot\/pot-magnetique-25-x-8-x-55-mm-avec-trous-perfores-5-5-10-4-mm-et-trou-galvanise-2-5-mm\/#primaryimage","url":"https:\/\/www.magnetenspecialist.nl\/wp-content\/uploads\/2019\/03\/Magnetenspecialist.nl_Potmagneet-25-x-7-x-55-mm-met-boor-verzinkgat_1.jpg","contentUrl":"https:\/\/www.magnetenspecialist.nl\/wp-content\/uploads\/2019\/03\/Magnetenspecialist.nl_Potmagneet-25-x-7-x-55-mm-met-boor-verzinkgat_1.jpg","width":1500,"height":1500},{"@type":"BreadcrumbList","@id":"https:\/\/www.magnetenspecialist.nl\/fr\/magasin\/aimants-en-pot\/pot-magnetique-25-x-8-x-55-mm-avec-trous-perfores-5-5-10-4-mm-et-trou-galvanise-2-5-mm\/#breadcrumb","itemListElement":[{"@type":"ListItem","position":1,"name":"Accueil","item":"https:\/\/www.magnetenspecialist.nl\/fr\/accueil\/"},{"@type":"ListItem","position":2,"name":"Boutique","item":"https:\/\/www.magnetenspecialist.nl\/fr\/boutique\/"},{"@type":"ListItem","position":3,"name":"Pot magn\u00e9tique 25 x 8 x 5,5 mm, avec per\u00e7age\/trou galvanis\u00e9"}]},{"@type":"WebSite","@id":"https:\/\/www.magnetenspecialist.nl\/fr\/#website","url":"https:\/\/www.magnetenspecialist.nl\/fr\/","name":"Magnetenspecialist.nl","description":"Vaste gamme d'aimants en n\u00e9odyme","publisher":{"@id":"https:\/\/www.magnetenspecialist.nl\/fr\/#organization"},"potentialAction":[{"@type":"SearchAction","target":{"@type":"EntryPoint","urlTemplate":"https:\/\/www.magnetenspecialist.nl\/fr\/?s={search_term_string}"},"query-input":{"@type":"PropertyValueSpecification","valueRequired":true,"valueName":"search_term_string"}}],"inLanguage":"fr-FR"},{"@type":"Organization","@id":"https:\/\/www.magnetenspecialist.nl\/fr\/#organization","name":"Magnetenspecialist.nl","url":"https:\/\/www.magnetenspecialist.nl\/fr\/","logo":{"@type":"ImageObject","inLanguage":"fr-FR","@id":"https:\/\/www.magnetenspecialist.nl\/fr\/#\/schema\/logo\/image\/","url":"https:\/\/www.magnetenspecialist.nl\/wp-content\/uploads\/2018\/10\/magneten-logo.jpg","contentUrl":"https:\/\/www.magnetenspecialist.nl\/wp-content\/uploads\/2018\/10\/magneten-logo.jpg","width":151,"height":151,"caption":"Magnetenspecialist.nl"},"image":{"@id":"https:\/\/www.magnetenspecialist.nl\/fr\/#\/schema\/logo\/image\/"},"sameAs":["https:\/\/www.facebook.com\/Magnetenspecialist.nl","https:\/\/x.com\/magnetenspecial"]}]},"product_price_amount":"4.30","product_price_currency":"EUR","og_availability":"instock","product_availability":"instock","product_retailer_item_id":"po025x008-N","product_condition":"new"},"_links":{"self":[{"href":"https:\/\/www.magnetenspecialist.nl\/fr\/wp-json\/wp\/v2\/product\/94174","targetHints":{"allow":["GET"]}}],"collection":[{"href":"https:\/\/www.magnetenspecialist.nl\/fr\/wp-json\/wp\/v2\/product"}],"about":[{"href":"https:\/\/www.magnetenspecialist.nl\/fr\/wp-json\/wp\/v2\/types\/product"}],"wp:featuredmedia":[{"embeddable":true,"href":"https:\/\/www.magnetenspecialist.nl\/fr\/wp-json\/wp\/v2\/media\/112803"}],"wp:attachment":[{"href":"https:\/\/www.magnetenspecialist.nl\/fr\/wp-json\/wp\/v2\/media?parent=94174"}],"wp:term":[{"taxonomy":"product_brand","embeddable":true,"href":"https:\/\/www.magnetenspecialist.nl\/fr\/wp-json\/wp\/v2\/product_brand?post=94174"},{"taxonomy":"product_cat","embeddable":true,"href":"https:\/\/www.magnetenspecialist.nl\/fr\/wp-json\/wp\/v2\/product_cat?post=94174"},{"taxonomy":"product_tag","embeddable":true,"href":"https:\/\/www.magnetenspecialist.nl\/fr\/wp-json\/wp\/v2\/product_tag?post=94174"}],"curies":[{"name":"wp","href":"https:\/\/api.w.org\/{rel}","templated":true}]}}