{"id":94177,"date":"2019-03-08T11:02:35","date_gmt":"2019-03-08T10:02:35","guid":{"rendered":"https:\/\/www.magnetenspecialist.nl\/winkel\/non%20class\u00e9\/aimant-en-pot-avec-trou-fraise-13-x-45-mm\/"},"modified":"2025-04-07T11:59:11","modified_gmt":"2025-04-07T09:59:11","slug":"pot-magnetique-13-x-4-5-mm-avec-trous-perfores-3-5-7-mm-et-trou-galvanise-2-mm","status":"publish","type":"product","link":"https:\/\/www.magnetenspecialist.nl\/fr\/magasin\/aimants-en-pot\/pot-magnetique-13-x-4-5-mm-avec-trous-perfores-3-5-7-mm-et-trou-galvanise-2-mm\/","title":{"rendered":"Pot magn\u00e9tique 13 x 4,5 mm, avec perceuse\/trou galvanis\u00e9"},"content":{"rendered":"<h3>Aimants super puissants de diff\u00e9rentes tailles et forces <img decoding=\"async\" class=\"alignnone wp-image-112657\" src=\"https:\/\/www.magnetenspecialist.nl\/wp-content\/uploads\/2019\/03\/Magnetenspecialist.nl_Potmagneet-13-x-45-mm-met-boor-verzinkgat_2-300x300.jpg\" alt=\"\" width=\"155\" height=\"155\" srcset=\"https:\/\/www.magnetenspecialist.nl\/wp-content\/uploads\/2019\/03\/Magnetenspecialist.nl_Potmagneet-13-x-45-mm-met-boor-verzinkgat_2-300x300.jpg 300w, https:\/\/www.magnetenspecialist.nl\/wp-content\/uploads\/2019\/03\/Magnetenspecialist.nl_Potmagneet-13-x-45-mm-met-boor-verzinkgat_2-1024x1024.jpg 1024w, https:\/\/www.magnetenspecialist.nl\/wp-content\/uploads\/2019\/03\/Magnetenspecialist.nl_Potmagneet-13-x-45-mm-met-boor-verzinkgat_2-150x150.jpg 150w, https:\/\/www.magnetenspecialist.nl\/wp-content\/uploads\/2019\/03\/Magnetenspecialist.nl_Potmagneet-13-x-45-mm-met-boor-verzinkgat_2-768x768.jpg 768w, https:\/\/www.magnetenspecialist.nl\/wp-content\/uploads\/2019\/03\/Magnetenspecialist.nl_Potmagneet-13-x-45-mm-met-boor-verzinkgat_2-600x600.jpg 600w, https:\/\/www.magnetenspecialist.nl\/wp-content\/uploads\/2019\/03\/Magnetenspecialist.nl_Potmagneet-13-x-45-mm-met-boor-verzinkgat_2-100x100.jpg 100w, https:\/\/www.magnetenspecialist.nl\/wp-content\/uploads\/2019\/03\/Magnetenspecialist.nl_Potmagneet-13-x-45-mm-met-boor-verzinkgat_2.jpg 1500w\" sizes=\"(max-width: 155px) 100vw, 155px\" \/><\/h3>\n<p class=\"\" data-start=\"96\" data-end=\"144\"><strong data-start=\"96\" data-end=\"144\">Pot magn\u00e9tique 13 x 4,5 mm, avec perceuse\/trou galvanis\u00e9<\/strong><\/p>\n<p class=\"\" data-start=\"146\" data-end=\"597\">Cet aimant \u00e0 pot a un diam\u00e8tre de 13 mm et une hauteur de 4,5 mm. Il est dot\u00e9 d&#8217;un trou de per\u00e7age ou de fraisage pour faciliter son installation. Le trou de per\u00e7age permet de fixer facilement l&#8217;aimant dans diverses applications, telles que la fixation d&#8217;objets, la fabrication de supports magn\u00e9tiques ou l&#8217;int\u00e9gration dans une construction. Cet aimant pour pot offre une forte puissance magn\u00e9tique et est id\u00e9al pour les projets industriels et de loisirs.  <\/p>\n<p class=\"\" data-start=\"599\" data-end=\"613\"><strong data-start=\"599\" data-end=\"613\">Caract\u00e9ristiques :<\/strong><\/p>\n<ul data-start=\"614\" data-end=\"981\">\n<li class=\"\" data-start=\"614\" data-end=\"666\">\n<p class=\"\" data-start=\"616\" data-end=\"666\"><strong data-start=\"616\" data-end=\"630\">Dimensions<\/strong>: 13 mm (diam\u00e8tre) x 4,5 mm (hauteur)<\/p>\n<\/li>\n<li class=\"\" data-start=\"667\" data-end=\"719\">\n<p class=\"\" data-start=\"669\" data-end=\"719\"><strong data-start=\"669\" data-end=\"689\">Trou de per\u00e7age\/enfoncement<\/strong> pour un montage facile<\/p>\n<\/li>\n<li class=\"\" data-start=\"720\" data-end=\"797\">\n<p class=\"\" data-start=\"722\" data-end=\"797\"><strong data-start=\"722\" data-end=\"735\">Mat\u00e9riau<\/strong>: n\u00e9odyme, avec finition nickel\u00e9e pour une plus grande durabilit\u00e9<\/p>\n<\/li>\n<li class=\"\" data-start=\"798\" data-end=\"855\">\n<p class=\"\" data-start=\"800\" data-end=\"855\"><strong data-start=\"800\" data-end=\"829\">Forte force magn\u00e9tique<\/strong> pour une adh\u00e9sion fiable<\/p>\n<\/li>\n<li class=\"\" data-start=\"856\" data-end=\"981\">\n<p class=\"\" data-start=\"858\" data-end=\"981\">Convient \u00e0 diverses applications telles que la fixation d&#8217;objets ou la cr\u00e9ation de syst\u00e8mes magn\u00e9tiques<\/p>\n<\/li>\n<\/ul>\n<p class=\"\" data-start=\"983\" data-end=\"1164\">Cet aimant en forme de pot vous permet de fixer des objets de mani\u00e8re efficace et fiable et de cr\u00e9er des connexions magn\u00e9tiques solides, tant dans les applications professionnelles que cr\u00e9atives.<\/p>\n","protected":false},"excerpt":{"rendered":"<p>Aimant en n\u00e9odyme dans un pot en acier avec per\u00e7age et fraisage.<br \/>\nMax. Temp\u00e9rature de fonctionnement : 80\u00b0C<\/p>\n","protected":false},"featured_media":112655,"template":"","meta":{"_acf_changed":false},"product_brand":[3521],"product_cat":[1394],"product_tag":[3159],"class_list":{"0":"post-94177","1":"product","2":"type-product","3":"status-publish","4":"has-post-thumbnail","6":"product_brand-magnetenspecialist","7":"product_cat-aimants-en-pot","8":"product_tag-groep-4-fr","9":"pa_houdkracht-3-2-fr","10":"pa_magnetisering-n40-fr","11":"pa_magnetiseringsrichting-axiaal-fr","12":"pa_materiaal-nickele-ni-cu-ni-fr-2","13":"pa_maximale-gebruikstemperatuur-80-fr","14":"pa_model-aimant-en-neodyme-en-pot","16":"first","17":"instock","18":"taxable","19":"shipping-taxable","20":"purchasable","21":"product-type-simple"},"supplier_id":null,"supplier_sku":"","barcode":null,"atum_controlled":true,"out_stock_date":null,"out_stock_threshold":null,"inheritable":false,"inbound_stock":0,"stock_on_hold":0,"sold_today":1,"sales_last_days":11,"reserved_stock":0,"customer_returns":0,"warehouse_damage":0,"lost_in_post":0,"other_logs":0,"out_stock_days":0,"lost_sales":0,"has_location":false,"update_date":"2026-04-24T08:32:03","atum_locations":[],"atum_stock_status":"instock","restock_status":false,"low_stock_amount":3000,"sales_update_date":"2026-04-09T08:02:43","calc_backorders":null,"acf":[],"yoast_head":"<!-- This site is optimized with the Yoast SEO Premium plugin v24.7 (Yoast SEO v24.7) - https:\/\/yoast.com\/wordpress\/plugins\/seo\/ -->\n<title>Aimant en pot 13 x 4,5 mm, avec trou de per\u00e7age Acheter - Magnetenspecialist.nl<\/title>\n<meta name=\"description\" content=\"Renforcez vos projets avec notre aimant \u00e0 pot 13 x 4,5 mm, avec trou de per\u00e7age. Id\u00e9al pour les applications industrielles et de loisirs !\" \/>\n<meta name=\"robots\" content=\"index, follow, max-snippet:-1, max-image-preview:large, max-video-preview:-1\" \/>\n<link rel=\"canonical\" href=\"https:\/\/www.magnetenspecialist.nl\/fr\/magasin\/aimants-en-pot\/pot-magnetique-13-x-4-5-mm-avec-trous-perfores-3-5-7-mm-et-trou-galvanise-2-mm\/\" \/>\n<meta property=\"og:locale\" content=\"fr_FR\" \/>\n<meta property=\"og:type\" content=\"article\" \/>\n<meta property=\"og:title\" content=\"Pot magn\u00e9tique 13 x 4,5 mm, avec perceuse\/trou galvanis\u00e9\" \/>\n<meta property=\"og:description\" content=\"Renforcez vos projets avec notre aimant \u00e0 pot 13 x 4,5 mm, avec trou de per\u00e7age. Id\u00e9al pour les applications industrielles et de loisirs !\" \/>\n<meta property=\"og:url\" content=\"https:\/\/www.magnetenspecialist.nl\/fr\/magasin\/aimants-en-pot\/pot-magnetique-13-x-4-5-mm-avec-trous-perfores-3-5-7-mm-et-trou-galvanise-2-mm\/\" \/>\n<meta property=\"og:site_name\" content=\"Magnetenspecialist.nl\" \/>\n<meta property=\"article:publisher\" content=\"https:\/\/www.facebook.com\/Magnetenspecialist.nl\" \/>\n<meta property=\"article:modified_time\" content=\"2025-04-07T09:59:11+00:00\" \/>\n<meta property=\"og:image\" content=\"https:\/\/www.magnetenspecialist.nl\/wp-content\/uploads\/2019\/03\/Magnetenspecialist.nl_Potmagneet-13-x-45-mm-met-boor-verzinkgat_1.jpg\" \/>\n\t<meta property=\"og:image:width\" content=\"1500\" \/>\n\t<meta property=\"og:image:height\" content=\"1500\" \/>\n\t<meta property=\"og:image:type\" content=\"image\/jpeg\" \/>\n<meta name=\"twitter:card\" content=\"summary_large_image\" \/>\n<meta name=\"twitter:site\" content=\"@magnetenspecial\" \/>\n<meta name=\"twitter:label1\" content=\"Prix\" \/>\n\t<meta name=\"twitter:data1\" content=\"&euro;&nbsp;1,48\" \/>\n\t<meta name=\"twitter:label2\" content=\"Disponibilit\u00e9\" \/>\n\t<meta name=\"twitter:data2\" content=\"En stock\" \/>\n<script type=\"application\/ld+json\" class=\"yoast-schema-graph\">{\"@context\":\"https:\/\/schema.org\",\"@graph\":[{\"@type\":\"WebPage\",\"@id\":\"https:\/\/www.magnetenspecialist.nl\/fr\/magasin\/aimants-en-pot\/pot-magnetique-13-x-4-5-mm-avec-trous-perfores-3-5-7-mm-et-trou-galvanise-2-mm\/\",\"url\":\"https:\/\/www.magnetenspecialist.nl\/fr\/magasin\/aimants-en-pot\/pot-magnetique-13-x-4-5-mm-avec-trous-perfores-3-5-7-mm-et-trou-galvanise-2-mm\/\",\"name\":\"Aimant en pot 13 x 4,5 mm, avec trou de per\u00e7age Acheter - Magnetenspecialist.nl\",\"isPartOf\":{\"@id\":\"https:\/\/www.magnetenspecialist.nl\/fr\/#website\"},\"primaryImageOfPage\":{\"@id\":\"https:\/\/www.magnetenspecialist.nl\/fr\/magasin\/aimants-en-pot\/pot-magnetique-13-x-4-5-mm-avec-trous-perfores-3-5-7-mm-et-trou-galvanise-2-mm\/#primaryimage\"},\"image\":{\"@id\":\"https:\/\/www.magnetenspecialist.nl\/fr\/magasin\/aimants-en-pot\/pot-magnetique-13-x-4-5-mm-avec-trous-perfores-3-5-7-mm-et-trou-galvanise-2-mm\/#primaryimage\"},\"thumbnailUrl\":\"https:\/\/www.magnetenspecialist.nl\/wp-content\/uploads\/2019\/03\/Magnetenspecialist.nl_Potmagneet-13-x-45-mm-met-boor-verzinkgat_1.jpg\",\"datePublished\":\"2019-03-08T10:02:35+00:00\",\"dateModified\":\"2025-04-07T09:59:11+00:00\",\"description\":\"Renforcez vos projets avec notre aimant \u00e0 pot 13 x 4,5 mm, avec trou de per\u00e7age. Id\u00e9al pour les applications industrielles et de loisirs !\",\"breadcrumb\":{\"@id\":\"https:\/\/www.magnetenspecialist.nl\/fr\/magasin\/aimants-en-pot\/pot-magnetique-13-x-4-5-mm-avec-trous-perfores-3-5-7-mm-et-trou-galvanise-2-mm\/#breadcrumb\"},\"inLanguage\":\"fr-FR\",\"potentialAction\":[{\"@type\":\"ReadAction\",\"target\":[\"https:\/\/www.magnetenspecialist.nl\/fr\/magasin\/aimants-en-pot\/pot-magnetique-13-x-4-5-mm-avec-trous-perfores-3-5-7-mm-et-trou-galvanise-2-mm\/\"]}]},{\"@type\":\"ImageObject\",\"inLanguage\":\"fr-FR\",\"@id\":\"https:\/\/www.magnetenspecialist.nl\/fr\/magasin\/aimants-en-pot\/pot-magnetique-13-x-4-5-mm-avec-trous-perfores-3-5-7-mm-et-trou-galvanise-2-mm\/#primaryimage\",\"url\":\"https:\/\/www.magnetenspecialist.nl\/wp-content\/uploads\/2019\/03\/Magnetenspecialist.nl_Potmagneet-13-x-45-mm-met-boor-verzinkgat_1.jpg\",\"contentUrl\":\"https:\/\/www.magnetenspecialist.nl\/wp-content\/uploads\/2019\/03\/Magnetenspecialist.nl_Potmagneet-13-x-45-mm-met-boor-verzinkgat_1.jpg\",\"width\":1500,\"height\":1500},{\"@type\":\"BreadcrumbList\",\"@id\":\"https:\/\/www.magnetenspecialist.nl\/fr\/magasin\/aimants-en-pot\/pot-magnetique-13-x-4-5-mm-avec-trous-perfores-3-5-7-mm-et-trou-galvanise-2-mm\/#breadcrumb\",\"itemListElement\":[{\"@type\":\"ListItem\",\"position\":1,\"name\":\"Accueil\",\"item\":\"https:\/\/www.magnetenspecialist.nl\/fr\/accueil\/\"},{\"@type\":\"ListItem\",\"position\":2,\"name\":\"Boutique\",\"item\":\"https:\/\/www.magnetenspecialist.nl\/fr\/boutique\/\"},{\"@type\":\"ListItem\",\"position\":3,\"name\":\"Pot magn\u00e9tique 13 x 4,5 mm, avec perceuse\/trou galvanis\u00e9\"}]},{\"@type\":\"WebSite\",\"@id\":\"https:\/\/www.magnetenspecialist.nl\/fr\/#website\",\"url\":\"https:\/\/www.magnetenspecialist.nl\/fr\/\",\"name\":\"Magnetenspecialist.nl\",\"description\":\"Vaste gamme d'aimants en n\u00e9odyme\",\"publisher\":{\"@id\":\"https:\/\/www.magnetenspecialist.nl\/fr\/#organization\"},\"potentialAction\":[{\"@type\":\"SearchAction\",\"target\":{\"@type\":\"EntryPoint\",\"urlTemplate\":\"https:\/\/www.magnetenspecialist.nl\/fr\/?s={search_term_string}\"},\"query-input\":{\"@type\":\"PropertyValueSpecification\",\"valueRequired\":true,\"valueName\":\"search_term_string\"}}],\"inLanguage\":\"fr-FR\"},{\"@type\":\"Organization\",\"@id\":\"https:\/\/www.magnetenspecialist.nl\/fr\/#organization\",\"name\":\"Magnetenspecialist.nl\",\"url\":\"https:\/\/www.magnetenspecialist.nl\/fr\/\",\"logo\":{\"@type\":\"ImageObject\",\"inLanguage\":\"fr-FR\",\"@id\":\"https:\/\/www.magnetenspecialist.nl\/fr\/#\/schema\/logo\/image\/\",\"url\":\"https:\/\/www.magnetenspecialist.nl\/wp-content\/uploads\/2018\/10\/magneten-logo.jpg\",\"contentUrl\":\"https:\/\/www.magnetenspecialist.nl\/wp-content\/uploads\/2018\/10\/magneten-logo.jpg\",\"width\":151,\"height\":151,\"caption\":\"Magnetenspecialist.nl\"},\"image\":{\"@id\":\"https:\/\/www.magnetenspecialist.nl\/fr\/#\/schema\/logo\/image\/\"},\"sameAs\":[\"https:\/\/www.facebook.com\/Magnetenspecialist.nl\",\"https:\/\/x.com\/magnetenspecial\"]}]}<\/script>\n<meta property=\"product:price:amount\" content=\"1.48\" \/>\n<meta property=\"product:price:currency\" content=\"EUR\" \/>\n<meta property=\"og:availability\" content=\"instock\" \/>\n<meta property=\"product:availability\" content=\"instock\" \/>\n<meta property=\"product:retailer_item_id\" content=\"po013x0045-N\" \/>\n<meta property=\"product:condition\" content=\"new\" \/>\n<!-- \/ Yoast SEO Premium plugin. -->","yoast_head_json":{"title":"Aimant en pot 13 x 4,5 mm, avec trou de per\u00e7age Acheter - Magnetenspecialist.nl","description":"Renforcez vos projets avec notre aimant \u00e0 pot 13 x 4,5 mm, avec trou de per\u00e7age. Id\u00e9al pour les applications industrielles et de loisirs !","robots":{"index":"index","follow":"follow","max-snippet":"max-snippet:-1","max-image-preview":"max-image-preview:large","max-video-preview":"max-video-preview:-1"},"canonical":"https:\/\/www.magnetenspecialist.nl\/fr\/magasin\/aimants-en-pot\/pot-magnetique-13-x-4-5-mm-avec-trous-perfores-3-5-7-mm-et-trou-galvanise-2-mm\/","og_locale":"fr_FR","og_type":"article","og_title":"Pot magn\u00e9tique 13 x 4,5 mm, avec perceuse\/trou galvanis\u00e9","og_description":"Renforcez vos projets avec notre aimant \u00e0 pot 13 x 4,5 mm, avec trou de per\u00e7age. Id\u00e9al pour les applications industrielles et de loisirs !","og_url":"https:\/\/www.magnetenspecialist.nl\/fr\/magasin\/aimants-en-pot\/pot-magnetique-13-x-4-5-mm-avec-trous-perfores-3-5-7-mm-et-trou-galvanise-2-mm\/","og_site_name":"Magnetenspecialist.nl","article_publisher":"https:\/\/www.facebook.com\/Magnetenspecialist.nl","article_modified_time":"2025-04-07T09:59:11+00:00","og_image":[{"width":1500,"height":1500,"url":"https:\/\/www.magnetenspecialist.nl\/wp-content\/uploads\/2019\/03\/Magnetenspecialist.nl_Potmagneet-13-x-45-mm-met-boor-verzinkgat_1.jpg","type":"image\/jpeg"}],"twitter_card":"summary_large_image","twitter_site":"@magnetenspecial","twitter_misc":{"Prix":"&euro;&nbsp;1,48","Disponibilit\u00e9":"En stock"},"schema":{"@context":"https:\/\/schema.org","@graph":[{"@type":"WebPage","@id":"https:\/\/www.magnetenspecialist.nl\/fr\/magasin\/aimants-en-pot\/pot-magnetique-13-x-4-5-mm-avec-trous-perfores-3-5-7-mm-et-trou-galvanise-2-mm\/","url":"https:\/\/www.magnetenspecialist.nl\/fr\/magasin\/aimants-en-pot\/pot-magnetique-13-x-4-5-mm-avec-trous-perfores-3-5-7-mm-et-trou-galvanise-2-mm\/","name":"Aimant en pot 13 x 4,5 mm, avec trou de per\u00e7age Acheter - Magnetenspecialist.nl","isPartOf":{"@id":"https:\/\/www.magnetenspecialist.nl\/fr\/#website"},"primaryImageOfPage":{"@id":"https:\/\/www.magnetenspecialist.nl\/fr\/magasin\/aimants-en-pot\/pot-magnetique-13-x-4-5-mm-avec-trous-perfores-3-5-7-mm-et-trou-galvanise-2-mm\/#primaryimage"},"image":{"@id":"https:\/\/www.magnetenspecialist.nl\/fr\/magasin\/aimants-en-pot\/pot-magnetique-13-x-4-5-mm-avec-trous-perfores-3-5-7-mm-et-trou-galvanise-2-mm\/#primaryimage"},"thumbnailUrl":"https:\/\/www.magnetenspecialist.nl\/wp-content\/uploads\/2019\/03\/Magnetenspecialist.nl_Potmagneet-13-x-45-mm-met-boor-verzinkgat_1.jpg","datePublished":"2019-03-08T10:02:35+00:00","dateModified":"2025-04-07T09:59:11+00:00","description":"Renforcez vos projets avec notre aimant \u00e0 pot 13 x 4,5 mm, avec trou de per\u00e7age. Id\u00e9al pour les applications industrielles et de loisirs !","breadcrumb":{"@id":"https:\/\/www.magnetenspecialist.nl\/fr\/magasin\/aimants-en-pot\/pot-magnetique-13-x-4-5-mm-avec-trous-perfores-3-5-7-mm-et-trou-galvanise-2-mm\/#breadcrumb"},"inLanguage":"fr-FR","potentialAction":[{"@type":"ReadAction","target":["https:\/\/www.magnetenspecialist.nl\/fr\/magasin\/aimants-en-pot\/pot-magnetique-13-x-4-5-mm-avec-trous-perfores-3-5-7-mm-et-trou-galvanise-2-mm\/"]}]},{"@type":"ImageObject","inLanguage":"fr-FR","@id":"https:\/\/www.magnetenspecialist.nl\/fr\/magasin\/aimants-en-pot\/pot-magnetique-13-x-4-5-mm-avec-trous-perfores-3-5-7-mm-et-trou-galvanise-2-mm\/#primaryimage","url":"https:\/\/www.magnetenspecialist.nl\/wp-content\/uploads\/2019\/03\/Magnetenspecialist.nl_Potmagneet-13-x-45-mm-met-boor-verzinkgat_1.jpg","contentUrl":"https:\/\/www.magnetenspecialist.nl\/wp-content\/uploads\/2019\/03\/Magnetenspecialist.nl_Potmagneet-13-x-45-mm-met-boor-verzinkgat_1.jpg","width":1500,"height":1500},{"@type":"BreadcrumbList","@id":"https:\/\/www.magnetenspecialist.nl\/fr\/magasin\/aimants-en-pot\/pot-magnetique-13-x-4-5-mm-avec-trous-perfores-3-5-7-mm-et-trou-galvanise-2-mm\/#breadcrumb","itemListElement":[{"@type":"ListItem","position":1,"name":"Accueil","item":"https:\/\/www.magnetenspecialist.nl\/fr\/accueil\/"},{"@type":"ListItem","position":2,"name":"Boutique","item":"https:\/\/www.magnetenspecialist.nl\/fr\/boutique\/"},{"@type":"ListItem","position":3,"name":"Pot magn\u00e9tique 13 x 4,5 mm, avec perceuse\/trou galvanis\u00e9"}]},{"@type":"WebSite","@id":"https:\/\/www.magnetenspecialist.nl\/fr\/#website","url":"https:\/\/www.magnetenspecialist.nl\/fr\/","name":"Magnetenspecialist.nl","description":"Vaste gamme d'aimants en n\u00e9odyme","publisher":{"@id":"https:\/\/www.magnetenspecialist.nl\/fr\/#organization"},"potentialAction":[{"@type":"SearchAction","target":{"@type":"EntryPoint","urlTemplate":"https:\/\/www.magnetenspecialist.nl\/fr\/?s={search_term_string}"},"query-input":{"@type":"PropertyValueSpecification","valueRequired":true,"valueName":"search_term_string"}}],"inLanguage":"fr-FR"},{"@type":"Organization","@id":"https:\/\/www.magnetenspecialist.nl\/fr\/#organization","name":"Magnetenspecialist.nl","url":"https:\/\/www.magnetenspecialist.nl\/fr\/","logo":{"@type":"ImageObject","inLanguage":"fr-FR","@id":"https:\/\/www.magnetenspecialist.nl\/fr\/#\/schema\/logo\/image\/","url":"https:\/\/www.magnetenspecialist.nl\/wp-content\/uploads\/2018\/10\/magneten-logo.jpg","contentUrl":"https:\/\/www.magnetenspecialist.nl\/wp-content\/uploads\/2018\/10\/magneten-logo.jpg","width":151,"height":151,"caption":"Magnetenspecialist.nl"},"image":{"@id":"https:\/\/www.magnetenspecialist.nl\/fr\/#\/schema\/logo\/image\/"},"sameAs":["https:\/\/www.facebook.com\/Magnetenspecialist.nl","https:\/\/x.com\/magnetenspecial"]}]},"product_price_amount":"1.48","product_price_currency":"EUR","og_availability":"instock","product_availability":"instock","product_retailer_item_id":"po013x0045-N","product_condition":"new"},"_links":{"self":[{"href":"https:\/\/www.magnetenspecialist.nl\/fr\/wp-json\/wp\/v2\/product\/94177","targetHints":{"allow":["GET"]}}],"collection":[{"href":"https:\/\/www.magnetenspecialist.nl\/fr\/wp-json\/wp\/v2\/product"}],"about":[{"href":"https:\/\/www.magnetenspecialist.nl\/fr\/wp-json\/wp\/v2\/types\/product"}],"wp:featuredmedia":[{"embeddable":true,"href":"https:\/\/www.magnetenspecialist.nl\/fr\/wp-json\/wp\/v2\/media\/112655"}],"wp:attachment":[{"href":"https:\/\/www.magnetenspecialist.nl\/fr\/wp-json\/wp\/v2\/media?parent=94177"}],"wp:term":[{"taxonomy":"product_brand","embeddable":true,"href":"https:\/\/www.magnetenspecialist.nl\/fr\/wp-json\/wp\/v2\/product_brand?post=94177"},{"taxonomy":"product_cat","embeddable":true,"href":"https:\/\/www.magnetenspecialist.nl\/fr\/wp-json\/wp\/v2\/product_cat?post=94177"},{"taxonomy":"product_tag","embeddable":true,"href":"https:\/\/www.magnetenspecialist.nl\/fr\/wp-json\/wp\/v2\/product_tag?post=94177"}],"curies":[{"name":"wp","href":"https:\/\/api.w.org\/{rel}","templated":true}]}}