{"id":94868,"date":"2019-03-08T11:01:17","date_gmt":"2019-03-08T10:01:17","guid":{"rendered":"https:\/\/www.magnetenspecialist.nl\/winkel\/non%20class\u00e9\/aimant-disque-3-x-1-mm\/"},"modified":"2025-04-07T13:07:17","modified_gmt":"2025-04-07T11:07:17","slug":"aimant-a-disque-3-x-1-mm","status":"publish","type":"product","link":"https:\/\/www.magnetenspecialist.nl\/fr\/magasin\/aimants-a-disque\/aimant-a-disque-3-x-1-mm\/","title":{"rendered":"Disque aimant\u00e9 3 x 1 mm"},"content":{"rendered":"<p class=\"\" data-start=\"142\" data-end=\"605\"><strong>Disque aimant\u00e9 3 x 1 mm, force de maintien 0,21 KG<\/strong><\/p>\n<p class=\"\" data-start=\"142\" data-end=\"605\">Cet aimant \u00e0 disque est l&#8217;un des plus petits de notre gamme, mesurant 3 mm (diam\u00e8tre) x 1 mm (hauteur). Malgr\u00e9 sa taille compacte, il offre une force de maintien de 0,21 KG, ce qui en fait un aimant id\u00e9al pour les applications n\u00e9cessitant de la pr\u00e9cision et de petites forces magn\u00e9tiques. Cet aimant est parfait pour le mod\u00e9lisme, la fixation de petits objets ou les applications d\u00e9licates n\u00e9cessitant une connexion magn\u00e9tique petite mais puissante.  <\/p>\n<p class=\"\" data-start=\"607\" data-end=\"621\"><strong data-start=\"607\" data-end=\"621\">Caract\u00e9ristiques :<\/strong><\/p>\n<ul data-start=\"622\" data-end=\"957\">\n<li class=\"\" data-start=\"622\" data-end=\"671\">\n<p class=\"\" data-start=\"624\" data-end=\"671\"><strong data-start=\"624\" data-end=\"638\">Dimensions<\/strong>: 3 mm (diam\u00e8tre) x 1 mm (hauteur)<\/p>\n<\/li>\n<li class=\"\" data-start=\"672\" data-end=\"754\">\n<p class=\"\" data-start=\"674\" data-end=\"754\"><strong data-start=\"674\" data-end=\"688\">Force de maintien<\/strong>: jusqu&#8217;\u00e0 0,21 KG (en fonction de la surface et des conditions)<\/p>\n<\/li>\n<li class=\"\" data-start=\"755\" data-end=\"876\">\n<p class=\"\" data-start=\"757\" data-end=\"876\"><strong data-start=\"757\" data-end=\"772\">Id\u00e9al pour<\/strong>: Mod\u00e9lisme, projets de loisir et autres applications n\u00e9cessitant de la pr\u00e9cision et de petites forces magn\u00e9tiques.<\/p>\n<\/li>\n<li class=\"\" data-start=\"877\" data-end=\"957\">\n<p class=\"\" data-start=\"879\" data-end=\"957\"><strong data-start=\"879\" data-end=\"892\">Mat\u00e9riau<\/strong>: N\u00e9odyme pour une force magn\u00e9tique puissante dans un format compact<\/p>\n<\/li>\n<\/ul>\n<p class=\"\" data-start=\"959\" data-end=\"1148\">Gr\u00e2ce \u00e0 sa petite taille et \u00e0 sa force magn\u00e9tique \u00e9lev\u00e9e, cet aimant en forme de disque est un excellent choix pour les applications fines n\u00e9cessitant une connexion magn\u00e9tique puissante mais discr\u00e8te.<\/p>\n","protected":false},"excerpt":{"rendered":"<p>Disque aimant\u00e9 3 x 1 mm, force de maintien 0,21 KG Cet aimant \u00e0 disque est l&#8217;un des plus petits de notre gamme, mesurant 3 mm (diam\u00e8tre) x 1 mm (hauteur). Malgr\u00e9 sa taille compacte, il offre une force de maintien de 0,21 KG, ce qui en fait un aimant id\u00e9al pour les applications n\u00e9cessitant [&hellip;]<\/p>\n","protected":false},"featured_media":110468,"template":"","meta":{"_acf_changed":false},"product_brand":[3521],"product_cat":[1400],"product_tag":[3160],"class_list":{"0":"post-94868","1":"product","2":"type-product","3":"status-publish","4":"has-post-thumbnail","6":"product_brand-magnetenspecialist","7":"product_cat-aimants-a-disque","8":"product_tag-groep-5-fr","9":"pa_houdkracht-0-21-fr","10":"pa_magnetisering-n52-fr","11":"pa_magnetiseringsrichting-axiaal-fr","12":"pa_materiaal-nickele-ni-cu-ni-fr-2","13":"pa_maximale-gebruikstemperatuur-80-fr","14":"pa_model-aimants-a-disques","16":"first","17":"instock","18":"taxable","19":"shipping-taxable","20":"purchasable","21":"product-type-simple"},"supplier_id":null,"supplier_sku":"","barcode":null,"atum_controlled":true,"out_stock_date":null,"out_stock_threshold":null,"inheritable":false,"inbound_stock":0,"stock_on_hold":0,"sold_today":0,"sales_last_days":62,"reserved_stock":0,"customer_returns":0,"warehouse_damage":0,"lost_in_post":0,"other_logs":0,"out_stock_days":0,"lost_sales":0,"has_location":false,"update_date":"2026-04-23T09:40:35","atum_locations":[],"atum_stock_status":"instock","restock_status":false,"low_stock_amount":20000,"sales_update_date":"2026-04-20T06:41:26","calc_backorders":null,"acf":[],"yoast_head":"<!-- This site is optimized with the Yoast SEO Premium plugin v24.7 (Yoast SEO v24.7) - https:\/\/yoast.com\/wordpress\/plugins\/seo\/ -->\n<title>Aimant \u00e0 disque 3 x 1 mm, force de maintien 0,21 KG pour le mod\u00e9lisme - Magnetenspecialist.nl<\/title>\n<meta name=\"description\" content=\"D\u00e9couvrez la polyvalence de notre aimant disque 3 x 1 mm, d&#039;une puissance de 0,21 KG. Con\u00e7u pour le mod\u00e9lisme et les projets cr\u00e9atifs, achetez-le d\u00e8s aujourd&#039;hui !\" \/>\n<meta name=\"robots\" content=\"index, follow, max-snippet:-1, max-image-preview:large, max-video-preview:-1\" \/>\n<link rel=\"canonical\" href=\"https:\/\/www.magnetenspecialist.nl\/fr\/magasin\/aimants-a-disque\/aimant-a-disque-3-x-1-mm\/\" \/>\n<meta property=\"og:locale\" content=\"fr_FR\" \/>\n<meta property=\"og:type\" content=\"article\" \/>\n<meta property=\"og:title\" content=\"Disque aimant\u00e9 3 x 1 mm\" \/>\n<meta property=\"og:description\" content=\"D\u00e9couvrez la polyvalence de notre aimant disque 3 x 1 mm, d&#039;une puissance de 0,21 KG. Con\u00e7u pour le mod\u00e9lisme et les projets cr\u00e9atifs, achetez-le d\u00e8s aujourd&#039;hui !\" \/>\n<meta property=\"og:url\" content=\"https:\/\/www.magnetenspecialist.nl\/fr\/magasin\/aimants-a-disque\/aimant-a-disque-3-x-1-mm\/\" \/>\n<meta property=\"og:site_name\" content=\"Magnetenspecialist.nl\" \/>\n<meta property=\"article:publisher\" content=\"https:\/\/www.facebook.com\/Magnetenspecialist.nl\" \/>\n<meta property=\"article:modified_time\" content=\"2025-04-07T11:07:17+00:00\" \/>\n<meta property=\"og:image\" content=\"https:\/\/www.magnetenspecialist.nl\/wp-content\/uploads\/2019\/03\/Magnetenspecialist.nl_Schijfmagneet-3-x-1-mm_2-2.jpg\" \/>\n\t<meta property=\"og:image:width\" content=\"1500\" \/>\n\t<meta property=\"og:image:height\" content=\"1500\" \/>\n\t<meta property=\"og:image:type\" content=\"image\/jpeg\" \/>\n<meta name=\"twitter:card\" content=\"summary_large_image\" \/>\n<meta name=\"twitter:site\" content=\"@magnetenspecial\" \/>\n<meta name=\"twitter:label1\" content=\"Prix\" \/>\n\t<meta name=\"twitter:data1\" content=\"&euro;&nbsp;0,25\" \/>\n\t<meta name=\"twitter:label2\" content=\"Disponibilit\u00e9\" \/>\n\t<meta name=\"twitter:data2\" content=\"En stock\" \/>\n<script type=\"application\/ld+json\" class=\"yoast-schema-graph\">{\"@context\":\"https:\/\/schema.org\",\"@graph\":[{\"@type\":\"WebPage\",\"@id\":\"https:\/\/www.magnetenspecialist.nl\/fr\/magasin\/aimants-a-disque\/aimant-a-disque-3-x-1-mm\/\",\"url\":\"https:\/\/www.magnetenspecialist.nl\/fr\/magasin\/aimants-a-disque\/aimant-a-disque-3-x-1-mm\/\",\"name\":\"Aimant \u00e0 disque 3 x 1 mm, force de maintien 0,21 KG pour le mod\u00e9lisme - Magnetenspecialist.nl\",\"isPartOf\":{\"@id\":\"https:\/\/www.magnetenspecialist.nl\/fr\/#website\"},\"primaryImageOfPage\":{\"@id\":\"https:\/\/www.magnetenspecialist.nl\/fr\/magasin\/aimants-a-disque\/aimant-a-disque-3-x-1-mm\/#primaryimage\"},\"image\":{\"@id\":\"https:\/\/www.magnetenspecialist.nl\/fr\/magasin\/aimants-a-disque\/aimant-a-disque-3-x-1-mm\/#primaryimage\"},\"thumbnailUrl\":\"https:\/\/www.magnetenspecialist.nl\/wp-content\/uploads\/2019\/03\/Magnetenspecialist.nl_Schijfmagneet-3-x-1-mm_2-2.jpg\",\"datePublished\":\"2019-03-08T10:01:17+00:00\",\"dateModified\":\"2025-04-07T11:07:17+00:00\",\"description\":\"D\u00e9couvrez la polyvalence de notre aimant disque 3 x 1 mm, d'une puissance de 0,21 KG. Con\u00e7u pour le mod\u00e9lisme et les projets cr\u00e9atifs, achetez-le d\u00e8s aujourd'hui !\",\"breadcrumb\":{\"@id\":\"https:\/\/www.magnetenspecialist.nl\/fr\/magasin\/aimants-a-disque\/aimant-a-disque-3-x-1-mm\/#breadcrumb\"},\"inLanguage\":\"fr-FR\",\"potentialAction\":[{\"@type\":\"ReadAction\",\"target\":[\"https:\/\/www.magnetenspecialist.nl\/fr\/magasin\/aimants-a-disque\/aimant-a-disque-3-x-1-mm\/\"]}]},{\"@type\":\"ImageObject\",\"inLanguage\":\"fr-FR\",\"@id\":\"https:\/\/www.magnetenspecialist.nl\/fr\/magasin\/aimants-a-disque\/aimant-a-disque-3-x-1-mm\/#primaryimage\",\"url\":\"https:\/\/www.magnetenspecialist.nl\/wp-content\/uploads\/2019\/03\/Magnetenspecialist.nl_Schijfmagneet-3-x-1-mm_2-2.jpg\",\"contentUrl\":\"https:\/\/www.magnetenspecialist.nl\/wp-content\/uploads\/2019\/03\/Magnetenspecialist.nl_Schijfmagneet-3-x-1-mm_2-2.jpg\",\"width\":1500,\"height\":1500},{\"@type\":\"BreadcrumbList\",\"@id\":\"https:\/\/www.magnetenspecialist.nl\/fr\/magasin\/aimants-a-disque\/aimant-a-disque-3-x-1-mm\/#breadcrumb\",\"itemListElement\":[{\"@type\":\"ListItem\",\"position\":1,\"name\":\"Accueil\",\"item\":\"https:\/\/www.magnetenspecialist.nl\/fr\/accueil\/\"},{\"@type\":\"ListItem\",\"position\":2,\"name\":\"Boutique\",\"item\":\"https:\/\/www.magnetenspecialist.nl\/fr\/boutique\/\"},{\"@type\":\"ListItem\",\"position\":3,\"name\":\"Disque aimant\u00e9 3 x 1 mm\"}]},{\"@type\":\"WebSite\",\"@id\":\"https:\/\/www.magnetenspecialist.nl\/fr\/#website\",\"url\":\"https:\/\/www.magnetenspecialist.nl\/fr\/\",\"name\":\"Magnetenspecialist.nl\",\"description\":\"Vaste gamme d'aimants en n\u00e9odyme\",\"publisher\":{\"@id\":\"https:\/\/www.magnetenspecialist.nl\/fr\/#organization\"},\"potentialAction\":[{\"@type\":\"SearchAction\",\"target\":{\"@type\":\"EntryPoint\",\"urlTemplate\":\"https:\/\/www.magnetenspecialist.nl\/fr\/?s={search_term_string}\"},\"query-input\":{\"@type\":\"PropertyValueSpecification\",\"valueRequired\":true,\"valueName\":\"search_term_string\"}}],\"inLanguage\":\"fr-FR\"},{\"@type\":\"Organization\",\"@id\":\"https:\/\/www.magnetenspecialist.nl\/fr\/#organization\",\"name\":\"Magnetenspecialist.nl\",\"url\":\"https:\/\/www.magnetenspecialist.nl\/fr\/\",\"logo\":{\"@type\":\"ImageObject\",\"inLanguage\":\"fr-FR\",\"@id\":\"https:\/\/www.magnetenspecialist.nl\/fr\/#\/schema\/logo\/image\/\",\"url\":\"https:\/\/www.magnetenspecialist.nl\/wp-content\/uploads\/2018\/10\/magneten-logo.jpg\",\"contentUrl\":\"https:\/\/www.magnetenspecialist.nl\/wp-content\/uploads\/2018\/10\/magneten-logo.jpg\",\"width\":151,\"height\":151,\"caption\":\"Magnetenspecialist.nl\"},\"image\":{\"@id\":\"https:\/\/www.magnetenspecialist.nl\/fr\/#\/schema\/logo\/image\/\"},\"sameAs\":[\"https:\/\/www.facebook.com\/Magnetenspecialist.nl\",\"https:\/\/x.com\/magnetenspecial\"]}]}<\/script>\n<meta property=\"product:price:amount\" content=\"0.25\" \/>\n<meta property=\"product:price:currency\" content=\"EUR\" \/>\n<meta property=\"og:availability\" content=\"instock\" \/>\n<meta property=\"product:availability\" content=\"instock\" \/>\n<meta property=\"product:retailer_item_id\" content=\"sc003x001-N\" \/>\n<meta property=\"product:condition\" content=\"new\" \/>\n<!-- \/ Yoast SEO Premium plugin. -->","yoast_head_json":{"title":"Aimant \u00e0 disque 3 x 1 mm, force de maintien 0,21 KG pour le mod\u00e9lisme - Magnetenspecialist.nl","description":"D\u00e9couvrez la polyvalence de notre aimant disque 3 x 1 mm, d'une puissance de 0,21 KG. Con\u00e7u pour le mod\u00e9lisme et les projets cr\u00e9atifs, achetez-le d\u00e8s aujourd'hui !","robots":{"index":"index","follow":"follow","max-snippet":"max-snippet:-1","max-image-preview":"max-image-preview:large","max-video-preview":"max-video-preview:-1"},"canonical":"https:\/\/www.magnetenspecialist.nl\/fr\/magasin\/aimants-a-disque\/aimant-a-disque-3-x-1-mm\/","og_locale":"fr_FR","og_type":"article","og_title":"Disque aimant\u00e9 3 x 1 mm","og_description":"D\u00e9couvrez la polyvalence de notre aimant disque 3 x 1 mm, d'une puissance de 0,21 KG. Con\u00e7u pour le mod\u00e9lisme et les projets cr\u00e9atifs, achetez-le d\u00e8s aujourd'hui !","og_url":"https:\/\/www.magnetenspecialist.nl\/fr\/magasin\/aimants-a-disque\/aimant-a-disque-3-x-1-mm\/","og_site_name":"Magnetenspecialist.nl","article_publisher":"https:\/\/www.facebook.com\/Magnetenspecialist.nl","article_modified_time":"2025-04-07T11:07:17+00:00","og_image":[{"width":1500,"height":1500,"url":"https:\/\/www.magnetenspecialist.nl\/wp-content\/uploads\/2019\/03\/Magnetenspecialist.nl_Schijfmagneet-3-x-1-mm_2-2.jpg","type":"image\/jpeg"}],"twitter_card":"summary_large_image","twitter_site":"@magnetenspecial","twitter_misc":{"Prix":"&euro;&nbsp;0,25","Disponibilit\u00e9":"En stock"},"schema":{"@context":"https:\/\/schema.org","@graph":[{"@type":"WebPage","@id":"https:\/\/www.magnetenspecialist.nl\/fr\/magasin\/aimants-a-disque\/aimant-a-disque-3-x-1-mm\/","url":"https:\/\/www.magnetenspecialist.nl\/fr\/magasin\/aimants-a-disque\/aimant-a-disque-3-x-1-mm\/","name":"Aimant \u00e0 disque 3 x 1 mm, force de maintien 0,21 KG pour le mod\u00e9lisme - Magnetenspecialist.nl","isPartOf":{"@id":"https:\/\/www.magnetenspecialist.nl\/fr\/#website"},"primaryImageOfPage":{"@id":"https:\/\/www.magnetenspecialist.nl\/fr\/magasin\/aimants-a-disque\/aimant-a-disque-3-x-1-mm\/#primaryimage"},"image":{"@id":"https:\/\/www.magnetenspecialist.nl\/fr\/magasin\/aimants-a-disque\/aimant-a-disque-3-x-1-mm\/#primaryimage"},"thumbnailUrl":"https:\/\/www.magnetenspecialist.nl\/wp-content\/uploads\/2019\/03\/Magnetenspecialist.nl_Schijfmagneet-3-x-1-mm_2-2.jpg","datePublished":"2019-03-08T10:01:17+00:00","dateModified":"2025-04-07T11:07:17+00:00","description":"D\u00e9couvrez la polyvalence de notre aimant disque 3 x 1 mm, d'une puissance de 0,21 KG. Con\u00e7u pour le mod\u00e9lisme et les projets cr\u00e9atifs, achetez-le d\u00e8s aujourd'hui !","breadcrumb":{"@id":"https:\/\/www.magnetenspecialist.nl\/fr\/magasin\/aimants-a-disque\/aimant-a-disque-3-x-1-mm\/#breadcrumb"},"inLanguage":"fr-FR","potentialAction":[{"@type":"ReadAction","target":["https:\/\/www.magnetenspecialist.nl\/fr\/magasin\/aimants-a-disque\/aimant-a-disque-3-x-1-mm\/"]}]},{"@type":"ImageObject","inLanguage":"fr-FR","@id":"https:\/\/www.magnetenspecialist.nl\/fr\/magasin\/aimants-a-disque\/aimant-a-disque-3-x-1-mm\/#primaryimage","url":"https:\/\/www.magnetenspecialist.nl\/wp-content\/uploads\/2019\/03\/Magnetenspecialist.nl_Schijfmagneet-3-x-1-mm_2-2.jpg","contentUrl":"https:\/\/www.magnetenspecialist.nl\/wp-content\/uploads\/2019\/03\/Magnetenspecialist.nl_Schijfmagneet-3-x-1-mm_2-2.jpg","width":1500,"height":1500},{"@type":"BreadcrumbList","@id":"https:\/\/www.magnetenspecialist.nl\/fr\/magasin\/aimants-a-disque\/aimant-a-disque-3-x-1-mm\/#breadcrumb","itemListElement":[{"@type":"ListItem","position":1,"name":"Accueil","item":"https:\/\/www.magnetenspecialist.nl\/fr\/accueil\/"},{"@type":"ListItem","position":2,"name":"Boutique","item":"https:\/\/www.magnetenspecialist.nl\/fr\/boutique\/"},{"@type":"ListItem","position":3,"name":"Disque aimant\u00e9 3 x 1 mm"}]},{"@type":"WebSite","@id":"https:\/\/www.magnetenspecialist.nl\/fr\/#website","url":"https:\/\/www.magnetenspecialist.nl\/fr\/","name":"Magnetenspecialist.nl","description":"Vaste gamme d'aimants en n\u00e9odyme","publisher":{"@id":"https:\/\/www.magnetenspecialist.nl\/fr\/#organization"},"potentialAction":[{"@type":"SearchAction","target":{"@type":"EntryPoint","urlTemplate":"https:\/\/www.magnetenspecialist.nl\/fr\/?s={search_term_string}"},"query-input":{"@type":"PropertyValueSpecification","valueRequired":true,"valueName":"search_term_string"}}],"inLanguage":"fr-FR"},{"@type":"Organization","@id":"https:\/\/www.magnetenspecialist.nl\/fr\/#organization","name":"Magnetenspecialist.nl","url":"https:\/\/www.magnetenspecialist.nl\/fr\/","logo":{"@type":"ImageObject","inLanguage":"fr-FR","@id":"https:\/\/www.magnetenspecialist.nl\/fr\/#\/schema\/logo\/image\/","url":"https:\/\/www.magnetenspecialist.nl\/wp-content\/uploads\/2018\/10\/magneten-logo.jpg","contentUrl":"https:\/\/www.magnetenspecialist.nl\/wp-content\/uploads\/2018\/10\/magneten-logo.jpg","width":151,"height":151,"caption":"Magnetenspecialist.nl"},"image":{"@id":"https:\/\/www.magnetenspecialist.nl\/fr\/#\/schema\/logo\/image\/"},"sameAs":["https:\/\/www.facebook.com\/Magnetenspecialist.nl","https:\/\/x.com\/magnetenspecial"]}]},"product_price_amount":"0.25","product_price_currency":"EUR","og_availability":"instock","product_availability":"instock","product_retailer_item_id":"sc003x001-N","product_condition":"new"},"_links":{"self":[{"href":"https:\/\/www.magnetenspecialist.nl\/fr\/wp-json\/wp\/v2\/product\/94868","targetHints":{"allow":["GET"]}}],"collection":[{"href":"https:\/\/www.magnetenspecialist.nl\/fr\/wp-json\/wp\/v2\/product"}],"about":[{"href":"https:\/\/www.magnetenspecialist.nl\/fr\/wp-json\/wp\/v2\/types\/product"}],"wp:featuredmedia":[{"embeddable":true,"href":"https:\/\/www.magnetenspecialist.nl\/fr\/wp-json\/wp\/v2\/media\/110468"}],"wp:attachment":[{"href":"https:\/\/www.magnetenspecialist.nl\/fr\/wp-json\/wp\/v2\/media?parent=94868"}],"wp:term":[{"taxonomy":"product_brand","embeddable":true,"href":"https:\/\/www.magnetenspecialist.nl\/fr\/wp-json\/wp\/v2\/product_brand?post=94868"},{"taxonomy":"product_cat","embeddable":true,"href":"https:\/\/www.magnetenspecialist.nl\/fr\/wp-json\/wp\/v2\/product_cat?post=94868"},{"taxonomy":"product_tag","embeddable":true,"href":"https:\/\/www.magnetenspecialist.nl\/fr\/wp-json\/wp\/v2\/product_tag?post=94868"}],"curies":[{"name":"wp","href":"https:\/\/api.w.org\/{rel}","templated":true}]}}