{"id":94881,"date":"2019-03-08T11:01:28","date_gmt":"2019-03-08T10:01:28","guid":{"rendered":"https:\/\/www.magnetenspecialist.nl\/winkel\/non%20class\u00e9\/aimant-disque-6-x-3-mm\/"},"modified":"2025-03-18T16:38:43","modified_gmt":"2025-03-18T15:38:43","slug":"aimant-a-disque-6-x-3-mm","status":"publish","type":"product","link":"https:\/\/www.magnetenspecialist.nl\/fr\/magasin\/aimants-a-disque\/aimant-a-disque-6-x-3-mm\/","title":{"rendered":"Disque aimant\u00e9 6 x 3 mm"},"content":{"rendered":"<h3>Aimant \u00e0 disque 6 x 3 mm, N48, force de r\u00e9tention maximale 1,1 KG  <img decoding=\"async\" class=\"alignnone wp-image-110594\" src=\"https:\/\/www.magnetenspecialist.nl\/wp-content\/uploads\/2019\/03\/Magnetenspecialist.nl_Schijfmagneet-6-x-3-mm_2-300x300.jpg\" alt=\"\" width=\"134\" height=\"134\" srcset=\"https:\/\/www.magnetenspecialist.nl\/wp-content\/uploads\/2019\/03\/Magnetenspecialist.nl_Schijfmagneet-6-x-3-mm_2-300x300.jpg 300w, https:\/\/www.magnetenspecialist.nl\/wp-content\/uploads\/2019\/03\/Magnetenspecialist.nl_Schijfmagneet-6-x-3-mm_2-1024x1024.jpg 1024w, https:\/\/www.magnetenspecialist.nl\/wp-content\/uploads\/2019\/03\/Magnetenspecialist.nl_Schijfmagneet-6-x-3-mm_2-150x150.jpg 150w, https:\/\/www.magnetenspecialist.nl\/wp-content\/uploads\/2019\/03\/Magnetenspecialist.nl_Schijfmagneet-6-x-3-mm_2-768x768.jpg 768w, https:\/\/www.magnetenspecialist.nl\/wp-content\/uploads\/2019\/03\/Magnetenspecialist.nl_Schijfmagneet-6-x-3-mm_2-600x600.jpg 600w, https:\/\/www.magnetenspecialist.nl\/wp-content\/uploads\/2019\/03\/Magnetenspecialist.nl_Schijfmagneet-6-x-3-mm_2-100x100.jpg 100w, https:\/\/www.magnetenspecialist.nl\/wp-content\/uploads\/2019\/03\/Magnetenspecialist.nl_Schijfmagneet-6-x-3-mm_2.jpg 1500w\" sizes=\"(max-width: 134px) 100vw, 134px\" \/><\/h3>\n<p>  Un aimant en forme de disque a toutes sortes d&#8217;applications. Chez Magnetenspecialist.nl, vous avez un large choix de disques magn\u00e9tiques. Pour chaque produit, nous indiquons clairement la magn\u00e9tisation et le pouvoir de r\u00e9tention. Magnetenspecialist.nl est enti\u00e8rement sp\u00e9cialis\u00e9 dans les aimants en n\u00e9odyme. Vous pouvez les commander rapidement et facilement en ligne.<\/p>\n","protected":false},"excerpt":{"rendered":"<p>Aimant \u00e0 disque 6 x 3 mm, N48, force de r\u00e9tention maximale 1,1 KG Un aimant en forme de disque a toutes sortes d&#8217;applications. Chez Magnetenspecialist.nl, vous avez un large choix de disques magn\u00e9tiques. Pour chaque produit, nous indiquons clairement la magn\u00e9tisation et le pouvoir de r\u00e9tention. Magnetenspecialist.nl est enti\u00e8rement sp\u00e9cialis\u00e9 dans les aimants en [&hellip;]<\/p>\n","protected":false},"featured_media":110592,"template":"","meta":{"_acf_changed":false},"product_brand":[3521],"product_cat":[1400],"product_tag":[3160],"class_list":{"0":"post-94881","1":"product","2":"type-product","3":"status-publish","4":"has-post-thumbnail","6":"product_brand-magnetenspecialist","7":"product_cat-aimants-a-disque","8":"product_tag-groep-5-fr","9":"pa_houdkracht-1-1-fr","10":"pa_magnetisering-n48-fr","11":"pa_magnetiseringsrichting-axiaal-fr","12":"pa_materiaal-nickele-ni-cu-ni-fr-2","13":"pa_maximale-gebruikstemperatuur-80-fr","14":"pa_model-aimants-a-disques","16":"first","17":"instock","18":"taxable","19":"shipping-taxable","20":"purchasable","21":"product-type-simple"},"supplier_id":null,"supplier_sku":"","barcode":null,"atum_controlled":true,"out_stock_date":null,"out_stock_threshold":null,"inheritable":false,"inbound_stock":0,"stock_on_hold":0,"sold_today":50,"sales_last_days":180,"reserved_stock":0,"customer_returns":0,"warehouse_damage":0,"lost_in_post":0,"other_logs":0,"out_stock_days":0,"lost_sales":0,"has_location":false,"update_date":"2026-04-13T11:58:35","atum_locations":[],"atum_stock_status":"instock","restock_status":false,"low_stock_amount":10000,"sales_update_date":"2026-04-13T11:58:33","calc_backorders":null,"acf":[],"yoast_head":"<!-- This site is optimized with the Yoast SEO Premium plugin v24.7 (Yoast SEO v24.7) - https:\/\/yoast.com\/wordpress\/plugins\/seo\/ -->\n<title>Disque aimant\u00e9 6 x 3 mm - Magnetenspecialist.nl<\/title>\n<meta name=\"description\" content=\"Vous cherchez un Disque aimant\u00e9 6 x 3 mm? Les aimants peuvent \u00eatre achet\u00e9s facilement en ligne sur Magnetenspecialist.nl \u2713 1 jour ouvrable de d\u00e9lai de livraison \u2713 14 jours de d\u00e9lai de r\u00e9flexion \u2713 Exp\u00e9dition ou enl\u00e8vement *.\" \/>\n<meta name=\"robots\" content=\"index, follow, max-snippet:-1, max-image-preview:large, max-video-preview:-1\" \/>\n<link rel=\"canonical\" href=\"https:\/\/www.magnetenspecialist.nl\/fr\/magasin\/aimants-a-disque\/aimant-a-disque-6-x-3-mm\/\" \/>\n<meta property=\"og:locale\" content=\"fr_FR\" \/>\n<meta property=\"og:type\" content=\"article\" \/>\n<meta property=\"og:title\" content=\"Disque aimant\u00e9 6 x 3 mm\" \/>\n<meta property=\"og:description\" content=\"Vous cherchez un Disque aimant\u00e9 6 x 3 mm? Les aimants peuvent \u00eatre achet\u00e9s facilement en ligne sur Magnetenspecialist.nl \u2713 1 jour ouvrable de d\u00e9lai de livraison \u2713 14 jours de d\u00e9lai de r\u00e9flexion \u2713 Exp\u00e9dition ou enl\u00e8vement *.\" \/>\n<meta property=\"og:url\" content=\"https:\/\/www.magnetenspecialist.nl\/fr\/magasin\/aimants-a-disque\/aimant-a-disque-6-x-3-mm\/\" \/>\n<meta property=\"og:site_name\" content=\"Magnetenspecialist.nl\" \/>\n<meta property=\"article:publisher\" content=\"https:\/\/www.facebook.com\/Magnetenspecialist.nl\" \/>\n<meta property=\"article:modified_time\" content=\"2025-03-18T15:38:43+00:00\" \/>\n<meta property=\"og:image\" content=\"https:\/\/www.magnetenspecialist.nl\/wp-content\/uploads\/2019\/03\/Magnetenspecialist.nl_Schijfmagneet-6-x-3-mm_1.jpg\" \/>\n\t<meta property=\"og:image:width\" content=\"1500\" \/>\n\t<meta property=\"og:image:height\" content=\"1500\" \/>\n\t<meta property=\"og:image:type\" content=\"image\/jpeg\" \/>\n<meta name=\"twitter:card\" content=\"summary_large_image\" \/>\n<meta name=\"twitter:site\" content=\"@magnetenspecial\" \/>\n<meta name=\"twitter:label1\" content=\"Prix\" \/>\n\t<meta name=\"twitter:data1\" content=\"&euro;&nbsp;0,45\" \/>\n\t<meta name=\"twitter:label2\" content=\"Disponibilit\u00e9\" \/>\n\t<meta name=\"twitter:data2\" content=\"En stock\" \/>\n<script type=\"application\/ld+json\" class=\"yoast-schema-graph\">{\"@context\":\"https:\/\/schema.org\",\"@graph\":[{\"@type\":\"WebPage\",\"@id\":\"https:\/\/www.magnetenspecialist.nl\/fr\/magasin\/aimants-a-disque\/aimant-a-disque-6-x-3-mm\/\",\"url\":\"https:\/\/www.magnetenspecialist.nl\/fr\/magasin\/aimants-a-disque\/aimant-a-disque-6-x-3-mm\/\",\"name\":\"Disque aimant\u00e9 6 x 3 mm - Magnetenspecialist.nl\",\"isPartOf\":{\"@id\":\"https:\/\/www.magnetenspecialist.nl\/fr\/#website\"},\"primaryImageOfPage\":{\"@id\":\"https:\/\/www.magnetenspecialist.nl\/fr\/magasin\/aimants-a-disque\/aimant-a-disque-6-x-3-mm\/#primaryimage\"},\"image\":{\"@id\":\"https:\/\/www.magnetenspecialist.nl\/fr\/magasin\/aimants-a-disque\/aimant-a-disque-6-x-3-mm\/#primaryimage\"},\"thumbnailUrl\":\"https:\/\/www.magnetenspecialist.nl\/wp-content\/uploads\/2019\/03\/Magnetenspecialist.nl_Schijfmagneet-6-x-3-mm_1.jpg\",\"datePublished\":\"2019-03-08T10:01:28+00:00\",\"dateModified\":\"2025-03-18T15:38:43+00:00\",\"description\":\"Vous cherchez un Disque aimant\u00e9 6 x 3 mm? Les aimants peuvent \u00eatre achet\u00e9s facilement en ligne sur Magnetenspecialist.nl \u2713 1 jour ouvrable de d\u00e9lai de livraison \u2713 14 jours de d\u00e9lai de r\u00e9flexion \u2713 Exp\u00e9dition ou enl\u00e8vement *.\",\"breadcrumb\":{\"@id\":\"https:\/\/www.magnetenspecialist.nl\/fr\/magasin\/aimants-a-disque\/aimant-a-disque-6-x-3-mm\/#breadcrumb\"},\"inLanguage\":\"fr-FR\",\"potentialAction\":[{\"@type\":\"ReadAction\",\"target\":[\"https:\/\/www.magnetenspecialist.nl\/fr\/magasin\/aimants-a-disque\/aimant-a-disque-6-x-3-mm\/\"]}]},{\"@type\":\"ImageObject\",\"inLanguage\":\"fr-FR\",\"@id\":\"https:\/\/www.magnetenspecialist.nl\/fr\/magasin\/aimants-a-disque\/aimant-a-disque-6-x-3-mm\/#primaryimage\",\"url\":\"https:\/\/www.magnetenspecialist.nl\/wp-content\/uploads\/2019\/03\/Magnetenspecialist.nl_Schijfmagneet-6-x-3-mm_1.jpg\",\"contentUrl\":\"https:\/\/www.magnetenspecialist.nl\/wp-content\/uploads\/2019\/03\/Magnetenspecialist.nl_Schijfmagneet-6-x-3-mm_1.jpg\",\"width\":1500,\"height\":1500},{\"@type\":\"BreadcrumbList\",\"@id\":\"https:\/\/www.magnetenspecialist.nl\/fr\/magasin\/aimants-a-disque\/aimant-a-disque-6-x-3-mm\/#breadcrumb\",\"itemListElement\":[{\"@type\":\"ListItem\",\"position\":1,\"name\":\"Accueil\",\"item\":\"https:\/\/www.magnetenspecialist.nl\/fr\/accueil\/\"},{\"@type\":\"ListItem\",\"position\":2,\"name\":\"Boutique\",\"item\":\"https:\/\/www.magnetenspecialist.nl\/fr\/boutique\/\"},{\"@type\":\"ListItem\",\"position\":3,\"name\":\"Disque aimant\u00e9 6 x 3 mm\"}]},{\"@type\":\"WebSite\",\"@id\":\"https:\/\/www.magnetenspecialist.nl\/fr\/#website\",\"url\":\"https:\/\/www.magnetenspecialist.nl\/fr\/\",\"name\":\"Magnetenspecialist.nl\",\"description\":\"Vaste gamme d'aimants en n\u00e9odyme\",\"publisher\":{\"@id\":\"https:\/\/www.magnetenspecialist.nl\/fr\/#organization\"},\"potentialAction\":[{\"@type\":\"SearchAction\",\"target\":{\"@type\":\"EntryPoint\",\"urlTemplate\":\"https:\/\/www.magnetenspecialist.nl\/fr\/?s={search_term_string}\"},\"query-input\":{\"@type\":\"PropertyValueSpecification\",\"valueRequired\":true,\"valueName\":\"search_term_string\"}}],\"inLanguage\":\"fr-FR\"},{\"@type\":\"Organization\",\"@id\":\"https:\/\/www.magnetenspecialist.nl\/fr\/#organization\",\"name\":\"Magnetenspecialist.nl\",\"url\":\"https:\/\/www.magnetenspecialist.nl\/fr\/\",\"logo\":{\"@type\":\"ImageObject\",\"inLanguage\":\"fr-FR\",\"@id\":\"https:\/\/www.magnetenspecialist.nl\/fr\/#\/schema\/logo\/image\/\",\"url\":\"https:\/\/www.magnetenspecialist.nl\/wp-content\/uploads\/2018\/10\/magneten-logo.jpg\",\"contentUrl\":\"https:\/\/www.magnetenspecialist.nl\/wp-content\/uploads\/2018\/10\/magneten-logo.jpg\",\"width\":151,\"height\":151,\"caption\":\"Magnetenspecialist.nl\"},\"image\":{\"@id\":\"https:\/\/www.magnetenspecialist.nl\/fr\/#\/schema\/logo\/image\/\"},\"sameAs\":[\"https:\/\/www.facebook.com\/Magnetenspecialist.nl\",\"https:\/\/x.com\/magnetenspecial\"]}]}<\/script>\n<meta property=\"product:price:amount\" content=\"0.45\" \/>\n<meta property=\"product:price:currency\" content=\"EUR\" \/>\n<meta property=\"og:availability\" content=\"instock\" \/>\n<meta property=\"product:availability\" content=\"instock\" \/>\n<meta property=\"product:retailer_item_id\" content=\"sc006x003-N\" \/>\n<meta property=\"product:condition\" content=\"new\" \/>\n<!-- \/ Yoast SEO Premium plugin. -->","yoast_head_json":{"title":"Disque aimant\u00e9 6 x 3 mm - Magnetenspecialist.nl","description":"Vous cherchez un Disque aimant\u00e9 6 x 3 mm? Les aimants peuvent \u00eatre achet\u00e9s facilement en ligne sur Magnetenspecialist.nl \u2713 1 jour ouvrable de d\u00e9lai de livraison \u2713 14 jours de d\u00e9lai de r\u00e9flexion \u2713 Exp\u00e9dition ou enl\u00e8vement *.","robots":{"index":"index","follow":"follow","max-snippet":"max-snippet:-1","max-image-preview":"max-image-preview:large","max-video-preview":"max-video-preview:-1"},"canonical":"https:\/\/www.magnetenspecialist.nl\/fr\/magasin\/aimants-a-disque\/aimant-a-disque-6-x-3-mm\/","og_locale":"fr_FR","og_type":"article","og_title":"Disque aimant\u00e9 6 x 3 mm","og_description":"Vous cherchez un Disque aimant\u00e9 6 x 3 mm? Les aimants peuvent \u00eatre achet\u00e9s facilement en ligne sur Magnetenspecialist.nl \u2713 1 jour ouvrable de d\u00e9lai de livraison \u2713 14 jours de d\u00e9lai de r\u00e9flexion \u2713 Exp\u00e9dition ou enl\u00e8vement *.","og_url":"https:\/\/www.magnetenspecialist.nl\/fr\/magasin\/aimants-a-disque\/aimant-a-disque-6-x-3-mm\/","og_site_name":"Magnetenspecialist.nl","article_publisher":"https:\/\/www.facebook.com\/Magnetenspecialist.nl","article_modified_time":"2025-03-18T15:38:43+00:00","og_image":[{"width":1500,"height":1500,"url":"https:\/\/www.magnetenspecialist.nl\/wp-content\/uploads\/2019\/03\/Magnetenspecialist.nl_Schijfmagneet-6-x-3-mm_1.jpg","type":"image\/jpeg"}],"twitter_card":"summary_large_image","twitter_site":"@magnetenspecial","twitter_misc":{"Prix":"&euro;&nbsp;0,45","Disponibilit\u00e9":"En stock"},"schema":{"@context":"https:\/\/schema.org","@graph":[{"@type":"WebPage","@id":"https:\/\/www.magnetenspecialist.nl\/fr\/magasin\/aimants-a-disque\/aimant-a-disque-6-x-3-mm\/","url":"https:\/\/www.magnetenspecialist.nl\/fr\/magasin\/aimants-a-disque\/aimant-a-disque-6-x-3-mm\/","name":"Disque aimant\u00e9 6 x 3 mm - Magnetenspecialist.nl","isPartOf":{"@id":"https:\/\/www.magnetenspecialist.nl\/fr\/#website"},"primaryImageOfPage":{"@id":"https:\/\/www.magnetenspecialist.nl\/fr\/magasin\/aimants-a-disque\/aimant-a-disque-6-x-3-mm\/#primaryimage"},"image":{"@id":"https:\/\/www.magnetenspecialist.nl\/fr\/magasin\/aimants-a-disque\/aimant-a-disque-6-x-3-mm\/#primaryimage"},"thumbnailUrl":"https:\/\/www.magnetenspecialist.nl\/wp-content\/uploads\/2019\/03\/Magnetenspecialist.nl_Schijfmagneet-6-x-3-mm_1.jpg","datePublished":"2019-03-08T10:01:28+00:00","dateModified":"2025-03-18T15:38:43+00:00","description":"Vous cherchez un Disque aimant\u00e9 6 x 3 mm? Les aimants peuvent \u00eatre achet\u00e9s facilement en ligne sur Magnetenspecialist.nl \u2713 1 jour ouvrable de d\u00e9lai de livraison \u2713 14 jours de d\u00e9lai de r\u00e9flexion \u2713 Exp\u00e9dition ou enl\u00e8vement *.","breadcrumb":{"@id":"https:\/\/www.magnetenspecialist.nl\/fr\/magasin\/aimants-a-disque\/aimant-a-disque-6-x-3-mm\/#breadcrumb"},"inLanguage":"fr-FR","potentialAction":[{"@type":"ReadAction","target":["https:\/\/www.magnetenspecialist.nl\/fr\/magasin\/aimants-a-disque\/aimant-a-disque-6-x-3-mm\/"]}]},{"@type":"ImageObject","inLanguage":"fr-FR","@id":"https:\/\/www.magnetenspecialist.nl\/fr\/magasin\/aimants-a-disque\/aimant-a-disque-6-x-3-mm\/#primaryimage","url":"https:\/\/www.magnetenspecialist.nl\/wp-content\/uploads\/2019\/03\/Magnetenspecialist.nl_Schijfmagneet-6-x-3-mm_1.jpg","contentUrl":"https:\/\/www.magnetenspecialist.nl\/wp-content\/uploads\/2019\/03\/Magnetenspecialist.nl_Schijfmagneet-6-x-3-mm_1.jpg","width":1500,"height":1500},{"@type":"BreadcrumbList","@id":"https:\/\/www.magnetenspecialist.nl\/fr\/magasin\/aimants-a-disque\/aimant-a-disque-6-x-3-mm\/#breadcrumb","itemListElement":[{"@type":"ListItem","position":1,"name":"Accueil","item":"https:\/\/www.magnetenspecialist.nl\/fr\/accueil\/"},{"@type":"ListItem","position":2,"name":"Boutique","item":"https:\/\/www.magnetenspecialist.nl\/fr\/boutique\/"},{"@type":"ListItem","position":3,"name":"Disque aimant\u00e9 6 x 3 mm"}]},{"@type":"WebSite","@id":"https:\/\/www.magnetenspecialist.nl\/fr\/#website","url":"https:\/\/www.magnetenspecialist.nl\/fr\/","name":"Magnetenspecialist.nl","description":"Vaste gamme d'aimants en n\u00e9odyme","publisher":{"@id":"https:\/\/www.magnetenspecialist.nl\/fr\/#organization"},"potentialAction":[{"@type":"SearchAction","target":{"@type":"EntryPoint","urlTemplate":"https:\/\/www.magnetenspecialist.nl\/fr\/?s={search_term_string}"},"query-input":{"@type":"PropertyValueSpecification","valueRequired":true,"valueName":"search_term_string"}}],"inLanguage":"fr-FR"},{"@type":"Organization","@id":"https:\/\/www.magnetenspecialist.nl\/fr\/#organization","name":"Magnetenspecialist.nl","url":"https:\/\/www.magnetenspecialist.nl\/fr\/","logo":{"@type":"ImageObject","inLanguage":"fr-FR","@id":"https:\/\/www.magnetenspecialist.nl\/fr\/#\/schema\/logo\/image\/","url":"https:\/\/www.magnetenspecialist.nl\/wp-content\/uploads\/2018\/10\/magneten-logo.jpg","contentUrl":"https:\/\/www.magnetenspecialist.nl\/wp-content\/uploads\/2018\/10\/magneten-logo.jpg","width":151,"height":151,"caption":"Magnetenspecialist.nl"},"image":{"@id":"https:\/\/www.magnetenspecialist.nl\/fr\/#\/schema\/logo\/image\/"},"sameAs":["https:\/\/www.facebook.com\/Magnetenspecialist.nl","https:\/\/x.com\/magnetenspecial"]}]},"product_price_amount":"0.45","product_price_currency":"EUR","og_availability":"instock","product_availability":"instock","product_retailer_item_id":"sc006x003-N","product_condition":"new"},"_links":{"self":[{"href":"https:\/\/www.magnetenspecialist.nl\/fr\/wp-json\/wp\/v2\/product\/94881","targetHints":{"allow":["GET"]}}],"collection":[{"href":"https:\/\/www.magnetenspecialist.nl\/fr\/wp-json\/wp\/v2\/product"}],"about":[{"href":"https:\/\/www.magnetenspecialist.nl\/fr\/wp-json\/wp\/v2\/types\/product"}],"wp:featuredmedia":[{"embeddable":true,"href":"https:\/\/www.magnetenspecialist.nl\/fr\/wp-json\/wp\/v2\/media\/110592"}],"wp:attachment":[{"href":"https:\/\/www.magnetenspecialist.nl\/fr\/wp-json\/wp\/v2\/media?parent=94881"}],"wp:term":[{"taxonomy":"product_brand","embeddable":true,"href":"https:\/\/www.magnetenspecialist.nl\/fr\/wp-json\/wp\/v2\/product_brand?post=94881"},{"taxonomy":"product_cat","embeddable":true,"href":"https:\/\/www.magnetenspecialist.nl\/fr\/wp-json\/wp\/v2\/product_cat?post=94881"},{"taxonomy":"product_tag","embeddable":true,"href":"https:\/\/www.magnetenspecialist.nl\/fr\/wp-json\/wp\/v2\/product_tag?post=94881"}],"curies":[{"name":"wp","href":"https:\/\/api.w.org\/{rel}","templated":true}]}}