{"id":94998,"date":"2019-03-08T11:01:35","date_gmt":"2019-03-08T10:01:35","guid":{"rendered":"https:\/\/www.magnetenspecialist.nl\/winkel\/non%20class\u00e9\/disque-magnetique-15-x-3-mm\/"},"modified":"2025-04-07T13:20:17","modified_gmt":"2025-04-07T11:20:17","slug":"schijfmagneet-15-x-3-mm","status":"publish","type":"product","link":"https:\/\/www.magnetenspecialist.nl\/fr\/magasin\/aimants-a-disque\/schijfmagneet-15-x-3-mm\/","title":{"rendered":"Disque aimant\u00e9 15 x 3 mm"},"content":{"rendered":"<p class=\"\" data-start=\"75\" data-end=\"102\"><strong data-start=\"75\" data-end=\"102\">Disque aimant\u00e9 15 x 3 mm<\/strong><\/p>\n<p class=\"\" data-start=\"104\" data-end=\"603\">Mesurant 15 mm (diam\u00e8tre) x 3 mm (hauteur), cet aimant en forme de disque offre une action magn\u00e9tique puissante dans un format compact. Fabriqu\u00e9 en n\u00e9odyme, le mat\u00e9riau magn\u00e9tique permanent le plus puissant, cet aimant est id\u00e9al pour les applications n\u00e9cessitant une forte adh\u00e9rence sans prendre beaucoup de place. L&#8217;aimant est polyvalent pour les applications industrielles, les projets de loisirs, les supports magn\u00e9tiques et d&#8217;autres applications n\u00e9cessitant une connexion magn\u00e9tique fiable.  <\/p>\n<p class=\"\" data-start=\"605\" data-end=\"619\"><strong data-start=\"605\" data-end=\"619\">Caract\u00e9ristiques :<\/strong><\/p>\n<ul data-start=\"620\" data-end=\"1013\">\n<li class=\"\" data-start=\"620\" data-end=\"670\">\n<p class=\"\" data-start=\"622\" data-end=\"670\"><strong data-start=\"622\" data-end=\"636\">Dimensions<\/strong>: 15 mm (diam\u00e8tre) x 3 mm (hauteur)<\/p>\n<\/li>\n<li class=\"\" data-start=\"671\" data-end=\"731\">\n<p class=\"\" data-start=\"673\" data-end=\"731\"><strong data-start=\"673\" data-end=\"686\">Mat\u00e9riau<\/strong>: N\u00e9odyme pour une force magn\u00e9tique puissante<\/p>\n<\/li>\n<li class=\"\" data-start=\"732\" data-end=\"855\">\n<p class=\"\" data-start=\"734\" data-end=\"855\"><strong data-start=\"734\" data-end=\"748\">Force d&#8217;adh\u00e9rence<\/strong>: forte force magn\u00e9tique pour une adh\u00e9rence fiable (force d&#8217;adh\u00e9rence sp\u00e9cifique en fonction de la surface)<\/p>\n<\/li>\n<li class=\"\" data-start=\"856\" data-end=\"1013\">\n<p class=\"\" data-start=\"858\" data-end=\"1013\"><strong data-start=\"858\" data-end=\"874\">Applications<\/strong>: Id\u00e9al pour les applications industrielles, le mod\u00e9lisme, les supports magn\u00e9tiques et autres projets n\u00e9cessitant une connexion magn\u00e9tique solide.<\/p>\n<\/li>\n<\/ul>\n<p class=\"\" data-start=\"1015\" data-end=\"1122\">Cet aimant \u00e0 disque offre une combinaison id\u00e9ale de force et de taille pour une large gamme d&#8217;applications.<\/p>\n","protected":false},"excerpt":{"rendered":"<p>Disque aimant\u00e9 15 x 3 mm Mesurant 15 mm (diam\u00e8tre) x 3 mm (hauteur), cet aimant en forme de disque offre une action magn\u00e9tique puissante dans un format compact. Fabriqu\u00e9 en n\u00e9odyme, le mat\u00e9riau magn\u00e9tique permanent le plus puissant, cet aimant est id\u00e9al pour les applications n\u00e9cessitant une forte adh\u00e9rence sans prendre beaucoup de place. [&hellip;]<\/p>\n","protected":false},"featured_media":113230,"template":"","meta":{"_acf_changed":false},"product_brand":[3521],"product_cat":[1400],"product_tag":[3160],"class_list":{"0":"post-94998","1":"product","2":"type-product","3":"status-publish","4":"has-post-thumbnail","6":"product_brand-magnetenspecialist","7":"product_cat-aimants-a-disque","8":"product_tag-groep-5-fr","9":"pa_houdkracht-3-5-fr","10":"pa_magnetisering-n48-fr","11":"pa_magnetiseringsrichting-axiaal-fr","12":"pa_materiaal-nickele-ni-cu-ni-fr-2","13":"pa_maximale-gebruikstemperatuur-80-fr","14":"pa_model-aimants-a-disques","16":"first","17":"instock","18":"taxable","19":"shipping-taxable","20":"purchasable","21":"product-type-simple"},"supplier_id":null,"supplier_sku":"","barcode":null,"atum_controlled":true,"out_stock_date":null,"out_stock_threshold":null,"inheritable":false,"inbound_stock":0,"stock_on_hold":0,"sold_today":0,"sales_last_days":42,"reserved_stock":0,"customer_returns":0,"warehouse_damage":0,"lost_in_post":0,"other_logs":0,"out_stock_days":0,"lost_sales":0,"has_location":false,"update_date":"2026-04-25T07:18:15","atum_locations":[],"atum_stock_status":"instock","restock_status":false,"low_stock_amount":5000,"sales_update_date":"2026-04-25T07:18:13","calc_backorders":null,"acf":[],"yoast_head":"<!-- This site is optimized with the Yoast SEO Premium plugin v24.7 (Yoast SEO v24.7) - https:\/\/yoast.com\/wordpress\/plugins\/seo\/ -->\n<title>Disque aimant\u00e9 15 x 3 mm - Magnetenspecialist.nl<\/title>\n<meta name=\"description\" content=\"D\u00e9couvrez la puissance de notre aimant disque 15 x 3 mm, en n\u00e9odyme pour une forte adh\u00e9rence. Parfait pour tous vos projets industriels et de loisirs !\" \/>\n<meta name=\"robots\" content=\"index, follow, max-snippet:-1, max-image-preview:large, max-video-preview:-1\" \/>\n<link rel=\"canonical\" href=\"https:\/\/www.magnetenspecialist.nl\/fr\/magasin\/aimants-a-disque\/schijfmagneet-15-x-3-mm\/\" \/>\n<meta property=\"og:locale\" content=\"fr_FR\" \/>\n<meta property=\"og:type\" content=\"article\" \/>\n<meta property=\"og:title\" content=\"Disque aimant\u00e9 15 x 3 mm\" \/>\n<meta property=\"og:description\" content=\"D\u00e9couvrez la puissance de notre aimant disque 15 x 3 mm, en n\u00e9odyme pour une forte adh\u00e9rence. Parfait pour tous vos projets industriels et de loisirs !\" \/>\n<meta property=\"og:url\" content=\"https:\/\/www.magnetenspecialist.nl\/fr\/magasin\/aimants-a-disque\/schijfmagneet-15-x-3-mm\/\" \/>\n<meta property=\"og:site_name\" content=\"Magnetenspecialist.nl\" \/>\n<meta property=\"article:publisher\" content=\"https:\/\/www.facebook.com\/Magnetenspecialist.nl\" \/>\n<meta property=\"article:modified_time\" content=\"2025-04-07T11:20:17+00:00\" \/>\n<meta property=\"og:image\" content=\"https:\/\/www.magnetenspecialist.nl\/wp-content\/uploads\/2019\/03\/Magnetenspecialist.nl_Schijfmagneet-15-x-3-mm_1.jpg\" \/>\n\t<meta property=\"og:image:width\" content=\"1500\" \/>\n\t<meta property=\"og:image:height\" content=\"1500\" \/>\n\t<meta property=\"og:image:type\" content=\"image\/jpeg\" \/>\n<meta name=\"twitter:card\" content=\"summary_large_image\" \/>\n<meta name=\"twitter:site\" content=\"@magnetenspecial\" \/>\n<meta name=\"twitter:label1\" content=\"Prix\" \/>\n\t<meta name=\"twitter:data1\" content=\"&euro;&nbsp;1,13\" \/>\n\t<meta name=\"twitter:label2\" content=\"Disponibilit\u00e9\" \/>\n\t<meta name=\"twitter:data2\" content=\"En stock\" \/>\n<script type=\"application\/ld+json\" class=\"yoast-schema-graph\">{\"@context\":\"https:\/\/schema.org\",\"@graph\":[{\"@type\":\"WebPage\",\"@id\":\"https:\/\/www.magnetenspecialist.nl\/fr\/magasin\/aimants-a-disque\/schijfmagneet-15-x-3-mm\/\",\"url\":\"https:\/\/www.magnetenspecialist.nl\/fr\/magasin\/aimants-a-disque\/schijfmagneet-15-x-3-mm\/\",\"name\":\"Disque aimant\u00e9 15 x 3 mm - Magnetenspecialist.nl\",\"isPartOf\":{\"@id\":\"https:\/\/www.magnetenspecialist.nl\/fr\/#website\"},\"primaryImageOfPage\":{\"@id\":\"https:\/\/www.magnetenspecialist.nl\/fr\/magasin\/aimants-a-disque\/schijfmagneet-15-x-3-mm\/#primaryimage\"},\"image\":{\"@id\":\"https:\/\/www.magnetenspecialist.nl\/fr\/magasin\/aimants-a-disque\/schijfmagneet-15-x-3-mm\/#primaryimage\"},\"thumbnailUrl\":\"https:\/\/www.magnetenspecialist.nl\/wp-content\/uploads\/2019\/03\/Magnetenspecialist.nl_Schijfmagneet-15-x-3-mm_1.jpg\",\"datePublished\":\"2019-03-08T10:01:35+00:00\",\"dateModified\":\"2025-04-07T11:20:17+00:00\",\"description\":\"D\u00e9couvrez la puissance de notre aimant disque 15 x 3 mm, en n\u00e9odyme pour une forte adh\u00e9rence. Parfait pour tous vos projets industriels et de loisirs !\",\"breadcrumb\":{\"@id\":\"https:\/\/www.magnetenspecialist.nl\/fr\/magasin\/aimants-a-disque\/schijfmagneet-15-x-3-mm\/#breadcrumb\"},\"inLanguage\":\"fr-FR\",\"potentialAction\":[{\"@type\":\"ReadAction\",\"target\":[\"https:\/\/www.magnetenspecialist.nl\/fr\/magasin\/aimants-a-disque\/schijfmagneet-15-x-3-mm\/\"]}]},{\"@type\":\"ImageObject\",\"inLanguage\":\"fr-FR\",\"@id\":\"https:\/\/www.magnetenspecialist.nl\/fr\/magasin\/aimants-a-disque\/schijfmagneet-15-x-3-mm\/#primaryimage\",\"url\":\"https:\/\/www.magnetenspecialist.nl\/wp-content\/uploads\/2019\/03\/Magnetenspecialist.nl_Schijfmagneet-15-x-3-mm_1.jpg\",\"contentUrl\":\"https:\/\/www.magnetenspecialist.nl\/wp-content\/uploads\/2019\/03\/Magnetenspecialist.nl_Schijfmagneet-15-x-3-mm_1.jpg\",\"width\":1500,\"height\":1500},{\"@type\":\"BreadcrumbList\",\"@id\":\"https:\/\/www.magnetenspecialist.nl\/fr\/magasin\/aimants-a-disque\/schijfmagneet-15-x-3-mm\/#breadcrumb\",\"itemListElement\":[{\"@type\":\"ListItem\",\"position\":1,\"name\":\"Accueil\",\"item\":\"https:\/\/www.magnetenspecialist.nl\/fr\/accueil\/\"},{\"@type\":\"ListItem\",\"position\":2,\"name\":\"Boutique\",\"item\":\"https:\/\/www.magnetenspecialist.nl\/fr\/boutique\/\"},{\"@type\":\"ListItem\",\"position\":3,\"name\":\"Disque aimant\u00e9 15 x 3 mm\"}]},{\"@type\":\"WebSite\",\"@id\":\"https:\/\/www.magnetenspecialist.nl\/fr\/#website\",\"url\":\"https:\/\/www.magnetenspecialist.nl\/fr\/\",\"name\":\"Magnetenspecialist.nl\",\"description\":\"Vaste gamme d'aimants en n\u00e9odyme\",\"publisher\":{\"@id\":\"https:\/\/www.magnetenspecialist.nl\/fr\/#organization\"},\"potentialAction\":[{\"@type\":\"SearchAction\",\"target\":{\"@type\":\"EntryPoint\",\"urlTemplate\":\"https:\/\/www.magnetenspecialist.nl\/fr\/?s={search_term_string}\"},\"query-input\":{\"@type\":\"PropertyValueSpecification\",\"valueRequired\":true,\"valueName\":\"search_term_string\"}}],\"inLanguage\":\"fr-FR\"},{\"@type\":\"Organization\",\"@id\":\"https:\/\/www.magnetenspecialist.nl\/fr\/#organization\",\"name\":\"Magnetenspecialist.nl\",\"url\":\"https:\/\/www.magnetenspecialist.nl\/fr\/\",\"logo\":{\"@type\":\"ImageObject\",\"inLanguage\":\"fr-FR\",\"@id\":\"https:\/\/www.magnetenspecialist.nl\/fr\/#\/schema\/logo\/image\/\",\"url\":\"https:\/\/www.magnetenspecialist.nl\/wp-content\/uploads\/2018\/10\/magneten-logo.jpg\",\"contentUrl\":\"https:\/\/www.magnetenspecialist.nl\/wp-content\/uploads\/2018\/10\/magneten-logo.jpg\",\"width\":151,\"height\":151,\"caption\":\"Magnetenspecialist.nl\"},\"image\":{\"@id\":\"https:\/\/www.magnetenspecialist.nl\/fr\/#\/schema\/logo\/image\/\"},\"sameAs\":[\"https:\/\/www.facebook.com\/Magnetenspecialist.nl\",\"https:\/\/x.com\/magnetenspecial\"]}]}<\/script>\n<meta property=\"product:price:amount\" content=\"1.13\" \/>\n<meta property=\"product:price:currency\" content=\"EUR\" \/>\n<meta property=\"og:availability\" content=\"instock\" \/>\n<meta property=\"product:availability\" content=\"instock\" \/>\n<meta property=\"product:retailer_item_id\" content=\"sc015x003-N\" \/>\n<meta property=\"product:condition\" content=\"new\" \/>\n<!-- \/ Yoast SEO Premium plugin. -->","yoast_head_json":{"title":"Disque aimant\u00e9 15 x 3 mm - Magnetenspecialist.nl","description":"D\u00e9couvrez la puissance de notre aimant disque 15 x 3 mm, en n\u00e9odyme pour une forte adh\u00e9rence. Parfait pour tous vos projets industriels et de loisirs !","robots":{"index":"index","follow":"follow","max-snippet":"max-snippet:-1","max-image-preview":"max-image-preview:large","max-video-preview":"max-video-preview:-1"},"canonical":"https:\/\/www.magnetenspecialist.nl\/fr\/magasin\/aimants-a-disque\/schijfmagneet-15-x-3-mm\/","og_locale":"fr_FR","og_type":"article","og_title":"Disque aimant\u00e9 15 x 3 mm","og_description":"D\u00e9couvrez la puissance de notre aimant disque 15 x 3 mm, en n\u00e9odyme pour une forte adh\u00e9rence. Parfait pour tous vos projets industriels et de loisirs !","og_url":"https:\/\/www.magnetenspecialist.nl\/fr\/magasin\/aimants-a-disque\/schijfmagneet-15-x-3-mm\/","og_site_name":"Magnetenspecialist.nl","article_publisher":"https:\/\/www.facebook.com\/Magnetenspecialist.nl","article_modified_time":"2025-04-07T11:20:17+00:00","og_image":[{"width":1500,"height":1500,"url":"https:\/\/www.magnetenspecialist.nl\/wp-content\/uploads\/2019\/03\/Magnetenspecialist.nl_Schijfmagneet-15-x-3-mm_1.jpg","type":"image\/jpeg"}],"twitter_card":"summary_large_image","twitter_site":"@magnetenspecial","twitter_misc":{"Prix":"&euro;&nbsp;1,13","Disponibilit\u00e9":"En stock"},"schema":{"@context":"https:\/\/schema.org","@graph":[{"@type":"WebPage","@id":"https:\/\/www.magnetenspecialist.nl\/fr\/magasin\/aimants-a-disque\/schijfmagneet-15-x-3-mm\/","url":"https:\/\/www.magnetenspecialist.nl\/fr\/magasin\/aimants-a-disque\/schijfmagneet-15-x-3-mm\/","name":"Disque aimant\u00e9 15 x 3 mm - Magnetenspecialist.nl","isPartOf":{"@id":"https:\/\/www.magnetenspecialist.nl\/fr\/#website"},"primaryImageOfPage":{"@id":"https:\/\/www.magnetenspecialist.nl\/fr\/magasin\/aimants-a-disque\/schijfmagneet-15-x-3-mm\/#primaryimage"},"image":{"@id":"https:\/\/www.magnetenspecialist.nl\/fr\/magasin\/aimants-a-disque\/schijfmagneet-15-x-3-mm\/#primaryimage"},"thumbnailUrl":"https:\/\/www.magnetenspecialist.nl\/wp-content\/uploads\/2019\/03\/Magnetenspecialist.nl_Schijfmagneet-15-x-3-mm_1.jpg","datePublished":"2019-03-08T10:01:35+00:00","dateModified":"2025-04-07T11:20:17+00:00","description":"D\u00e9couvrez la puissance de notre aimant disque 15 x 3 mm, en n\u00e9odyme pour une forte adh\u00e9rence. Parfait pour tous vos projets industriels et de loisirs !","breadcrumb":{"@id":"https:\/\/www.magnetenspecialist.nl\/fr\/magasin\/aimants-a-disque\/schijfmagneet-15-x-3-mm\/#breadcrumb"},"inLanguage":"fr-FR","potentialAction":[{"@type":"ReadAction","target":["https:\/\/www.magnetenspecialist.nl\/fr\/magasin\/aimants-a-disque\/schijfmagneet-15-x-3-mm\/"]}]},{"@type":"ImageObject","inLanguage":"fr-FR","@id":"https:\/\/www.magnetenspecialist.nl\/fr\/magasin\/aimants-a-disque\/schijfmagneet-15-x-3-mm\/#primaryimage","url":"https:\/\/www.magnetenspecialist.nl\/wp-content\/uploads\/2019\/03\/Magnetenspecialist.nl_Schijfmagneet-15-x-3-mm_1.jpg","contentUrl":"https:\/\/www.magnetenspecialist.nl\/wp-content\/uploads\/2019\/03\/Magnetenspecialist.nl_Schijfmagneet-15-x-3-mm_1.jpg","width":1500,"height":1500},{"@type":"BreadcrumbList","@id":"https:\/\/www.magnetenspecialist.nl\/fr\/magasin\/aimants-a-disque\/schijfmagneet-15-x-3-mm\/#breadcrumb","itemListElement":[{"@type":"ListItem","position":1,"name":"Accueil","item":"https:\/\/www.magnetenspecialist.nl\/fr\/accueil\/"},{"@type":"ListItem","position":2,"name":"Boutique","item":"https:\/\/www.magnetenspecialist.nl\/fr\/boutique\/"},{"@type":"ListItem","position":3,"name":"Disque aimant\u00e9 15 x 3 mm"}]},{"@type":"WebSite","@id":"https:\/\/www.magnetenspecialist.nl\/fr\/#website","url":"https:\/\/www.magnetenspecialist.nl\/fr\/","name":"Magnetenspecialist.nl","description":"Vaste gamme d'aimants en n\u00e9odyme","publisher":{"@id":"https:\/\/www.magnetenspecialist.nl\/fr\/#organization"},"potentialAction":[{"@type":"SearchAction","target":{"@type":"EntryPoint","urlTemplate":"https:\/\/www.magnetenspecialist.nl\/fr\/?s={search_term_string}"},"query-input":{"@type":"PropertyValueSpecification","valueRequired":true,"valueName":"search_term_string"}}],"inLanguage":"fr-FR"},{"@type":"Organization","@id":"https:\/\/www.magnetenspecialist.nl\/fr\/#organization","name":"Magnetenspecialist.nl","url":"https:\/\/www.magnetenspecialist.nl\/fr\/","logo":{"@type":"ImageObject","inLanguage":"fr-FR","@id":"https:\/\/www.magnetenspecialist.nl\/fr\/#\/schema\/logo\/image\/","url":"https:\/\/www.magnetenspecialist.nl\/wp-content\/uploads\/2018\/10\/magneten-logo.jpg","contentUrl":"https:\/\/www.magnetenspecialist.nl\/wp-content\/uploads\/2018\/10\/magneten-logo.jpg","width":151,"height":151,"caption":"Magnetenspecialist.nl"},"image":{"@id":"https:\/\/www.magnetenspecialist.nl\/fr\/#\/schema\/logo\/image\/"},"sameAs":["https:\/\/www.facebook.com\/Magnetenspecialist.nl","https:\/\/x.com\/magnetenspecial"]}]},"product_price_amount":"1.13","product_price_currency":"EUR","og_availability":"instock","product_availability":"instock","product_retailer_item_id":"sc015x003-N","product_condition":"new"},"_links":{"self":[{"href":"https:\/\/www.magnetenspecialist.nl\/fr\/wp-json\/wp\/v2\/product\/94998","targetHints":{"allow":["GET"]}}],"collection":[{"href":"https:\/\/www.magnetenspecialist.nl\/fr\/wp-json\/wp\/v2\/product"}],"about":[{"href":"https:\/\/www.magnetenspecialist.nl\/fr\/wp-json\/wp\/v2\/types\/product"}],"wp:featuredmedia":[{"embeddable":true,"href":"https:\/\/www.magnetenspecialist.nl\/fr\/wp-json\/wp\/v2\/media\/113230"}],"wp:attachment":[{"href":"https:\/\/www.magnetenspecialist.nl\/fr\/wp-json\/wp\/v2\/media?parent=94998"}],"wp:term":[{"taxonomy":"product_brand","embeddable":true,"href":"https:\/\/www.magnetenspecialist.nl\/fr\/wp-json\/wp\/v2\/product_brand?post=94998"},{"taxonomy":"product_cat","embeddable":true,"href":"https:\/\/www.magnetenspecialist.nl\/fr\/wp-json\/wp\/v2\/product_cat?post=94998"},{"taxonomy":"product_tag","embeddable":true,"href":"https:\/\/www.magnetenspecialist.nl\/fr\/wp-json\/wp\/v2\/product_tag?post=94998"}],"curies":[{"name":"wp","href":"https:\/\/api.w.org\/{rel}","templated":true}]}}