{"id":95024,"date":"2021-02-02T14:06:23","date_gmt":"2021-02-02T13:06:23","guid":{"rendered":"https:\/\/www.magnetenspecialist.nl\/?post_type=product&#038;p=95024"},"modified":"2025-04-15T16:49:23","modified_gmt":"2025-04-15T14:49:23","slug":"blokmagneet-80-x-20-x-3-9-mm-epoxy","status":"publish","type":"product","link":"https:\/\/www.magnetenspecialist.nl\/fr\/magasin\/overige-magneten\/blokmagneet-80-x-20-x-3-9-mm-epoxy\/","title":{"rendered":"Bloc magn\u00e9tique en n\u00e9odyme 80x20x3.9 mm &#8211; N35 recouvert d&#8217;\u00e9poxy"},"content":{"rendered":"<p class=\"\" data-start=\"93\" data-end=\"138\"><strong data-start=\"93\" data-end=\"138\">Bloc magn\u00e9tique 80 x 20 x 3,9 mm, N35 (\u00e9poxy)<\/strong><\/p>\n<p class=\"\" data-start=\"140\" data-end=\"606\">Ce bloc aimant\u00e9 mesure 80 mm x 20 mm x 3,9 mm et est fabriqu\u00e9 en n\u00e9odyme (N35), ce qui lui conf\u00e8re une grande force magn\u00e9tique. L&#8217;aimant est recouvert d&#8217;une couche d&#8217;\u00e9poxy pour une meilleure protection contre la corrosion, ce qui le rend id\u00e9al pour une utilisation \u00e0 l&#8217;int\u00e9rieur comme \u00e0 l&#8217;ext\u00e9rieur. Cet aimant offre d&#8217;excellentes performances pour une large gamme d&#8217;applications industrielles n\u00e9cessitant une connexion magn\u00e9tique solide et fiable.  <\/p>\n<p class=\"\" data-start=\"608\" data-end=\"622\"><strong data-start=\"608\" data-end=\"622\">Caract\u00e9ristiques :<\/strong><\/p>\n<ul data-start=\"623\" data-end=\"1010\">\n<li class=\"\" data-start=\"623\" data-end=\"691\">\n<p class=\"\" data-start=\"625\" data-end=\"691\"><strong data-start=\"625\" data-end=\"639\">Dimensions<\/strong>: 80 mm (longueur) x 20 mm (largeur) x 3,9 mm (hauteur)<\/p>\n<\/li>\n<li class=\"\" data-start=\"692\" data-end=\"742\">\n<p class=\"\" data-start=\"694\" data-end=\"742\"><strong data-start=\"694\" data-end=\"707\">Qualit\u00e9<\/strong>: N35 (aimant n\u00e9odyme puissant)<\/p>\n<\/li>\n<li class=\"\" data-start=\"743\" data-end=\"813\">\n<p class=\"\" data-start=\"745\" data-end=\"813\"><strong data-start=\"745\" data-end=\"756\">Rev\u00eatement<\/strong>: \u00e9poxy pour une protection suppl\u00e9mentaire contre la corrosion et l&#8217;abrasion<\/p>\n<\/li>\n<li class=\"\" data-start=\"814\" data-end=\"875\">\n<p class=\"\" data-start=\"816\" data-end=\"875\"><strong data-start=\"816\" data-end=\"829\">Mat\u00e9riau<\/strong>: n\u00e9odyme, force magn\u00e9tique \u00e9lev\u00e9e<\/p>\n<\/li>\n<li class=\"\" data-start=\"876\" data-end=\"1010\">\n<p class=\"\" data-start=\"878\" data-end=\"1010\">Id\u00e9al pour les applications industrielles, la fixation d&#8217;objets et la cr\u00e9ation de connexions magn\u00e9tiques dans divers environnements<\/p>\n<\/li>\n<\/ul>\n<p class=\"\" data-start=\"1012\" data-end=\"1154\">Gr\u00e2ce \u00e0 son rev\u00eatement \u00e9poxy, cet aimant est tr\u00e8s r\u00e9sistant aux \u00e9l\u00e9ments, ce qui le rend parfait pour une utilisation dans des conditions exigeantes.<\/p>\n","protected":false},"excerpt":{"rendered":"<p>Ce bloc aimant\u00e9 est fabriqu\u00e9 en n\u00e9odyme, un mat\u00e9riau magn\u00e9tique puissant, et mesure 80 x 20 x 3,9 mm. Les aimants sont recouverts d&#8217;une couche d&#8217;\u00e9poxy qui les prot\u00e8ge contre la corrosion et l&#8217;usure. Ces aimants conviennent \u00e0 diverses applications, telles que la fixation d&#8217;objets sur des surfaces m\u00e9talliques, la fabrication de fermetures magn\u00e9tiques et la cr\u00e9ation de pr\u00e9sentoirs ou de tableaux magn\u00e9tiques. Ils ont une force magn\u00e9tique \u00e9lev\u00e9e et peuvent transporter jusqu&#8217;\u00e0 12 kg. Remarque : les aimants en n\u00e9odyme sont tr\u00e8s puissants et peuvent endommager les appareils \u00e9lectroniques et les cartes bancaires. Il faut donc les tenir \u00e0 l&#8217;\u00e9cart de ces objets et hors de port\u00e9e des enfants et des animaux domestiques.<\/p>\n","protected":false},"featured_media":113636,"template":"","meta":{"_acf_changed":false},"product_brand":[3521],"product_cat":[85],"product_tag":[3158],"class_list":{"0":"post-95024","1":"product","2":"type-product","3":"status-publish","4":"has-post-thumbnail","6":"product_brand-magnetenspecialist","7":"product_cat-overige-magneten","8":"product_tag-groep-3-fr","9":"pa_herkomst-chine","10":"pa_houdkracht-18-fr","11":"pa_magnetisering-n35-fr","12":"pa_magnetiseringsrichting-axiaal-fr","13":"pa_materiaal-epoxy-fr-2","14":"pa_materiaal-nickele-ni-cu-ni-fr-2","15":"pa_model-bloc","16":"pa_preferentiele-oorsprong-non","17":"pa_taric-code-8505-1110-99-0-fr","19":"first","20":"instock","21":"taxable","22":"shipping-taxable","23":"purchasable","24":"product-type-simple"},"supplier_id":null,"supplier_sku":"","barcode":null,"atum_controlled":true,"out_stock_date":null,"out_stock_threshold":null,"inheritable":false,"inbound_stock":0,"stock_on_hold":3,"sold_today":0,"sales_last_days":5,"reserved_stock":0,"customer_returns":0,"warehouse_damage":0,"lost_in_post":0,"other_logs":0,"out_stock_days":0,"lost_sales":0,"has_location":false,"update_date":"2026-05-05T07:21:15","atum_locations":[],"atum_stock_status":"instock","restock_status":false,"low_stock_amount":200,"sales_update_date":"2026-05-05T07:08:39","calc_backorders":null,"acf":[],"yoast_head":"<!-- This site is optimized with the Yoast SEO Premium plugin v24.7 (Yoast SEO v24.7) - https:\/\/yoast.com\/wordpress\/plugins\/seo\/ -->\n<title>Bloc magn\u00e9tique 80 x 20 x 3,9 mm, N35 (\u00e9poxy) N\u00e9odyme<\/title>\n<meta name=\"description\" content=\"Garantissez des fixations fiables avec l&#039;aimant en bloc 80 x 20 x 3,9 mm, N35 (\u00e9poxy). Id\u00e9al pour l&#039;int\u00e9rieur et l&#039;ext\u00e9rieur, commandez cet aimant d\u00e8s maintenant !\" \/>\n<meta name=\"robots\" content=\"index, follow, max-snippet:-1, max-image-preview:large, max-video-preview:-1\" \/>\n<link rel=\"canonical\" href=\"https:\/\/www.magnetenspecialist.nl\/fr\/magasin\/overige-magneten\/blokmagneet-80-x-20-x-3-9-mm-epoxy\/\" \/>\n<meta property=\"og:locale\" content=\"fr_FR\" \/>\n<meta property=\"og:type\" content=\"article\" \/>\n<meta property=\"og:title\" content=\"Bloc magn\u00e9tique en n\u00e9odyme 80x20x3.9 mm - N35 recouvert d&#039;\u00e9poxy\" \/>\n<meta property=\"og:description\" content=\"Garantissez des fixations fiables avec l&#039;aimant en bloc 80 x 20 x 3,9 mm, N35 (\u00e9poxy). Id\u00e9al pour l&#039;int\u00e9rieur et l&#039;ext\u00e9rieur, commandez cet aimant d\u00e8s maintenant !\" \/>\n<meta property=\"og:url\" content=\"https:\/\/www.magnetenspecialist.nl\/fr\/magasin\/overige-magneten\/blokmagneet-80-x-20-x-3-9-mm-epoxy\/\" \/>\n<meta property=\"og:site_name\" content=\"Magnetenspecialist.nl\" \/>\n<meta property=\"article:publisher\" content=\"https:\/\/www.facebook.com\/Magnetenspecialist.nl\" \/>\n<meta property=\"article:modified_time\" content=\"2025-04-15T14:49:23+00:00\" \/>\n<meta property=\"og:image\" content=\"https:\/\/www.magnetenspecialist.nl\/wp-content\/uploads\/2021\/02\/Magnetenspecialist.nl_Blokmagneet-80-x-20-x-39-mm-epoxy_1.jpg\" \/>\n\t<meta property=\"og:image:width\" content=\"1500\" \/>\n\t<meta property=\"og:image:height\" content=\"1500\" \/>\n\t<meta property=\"og:image:type\" content=\"image\/jpeg\" \/>\n<meta name=\"twitter:card\" content=\"summary_large_image\" \/>\n<meta name=\"twitter:site\" content=\"@magnetenspecial\" \/>\n<meta name=\"twitter:label1\" content=\"Prix\" \/>\n\t<meta name=\"twitter:data1\" content=\"&euro;&nbsp;10,75\" \/>\n\t<meta name=\"twitter:label2\" content=\"Disponibilit\u00e9\" \/>\n\t<meta name=\"twitter:data2\" content=\"En stock\" \/>\n<script type=\"application\/ld+json\" class=\"yoast-schema-graph\">{\"@context\":\"https:\/\/schema.org\",\"@graph\":[{\"@type\":\"WebPage\",\"@id\":\"https:\/\/www.magnetenspecialist.nl\/fr\/magasin\/overige-magneten\/blokmagneet-80-x-20-x-3-9-mm-epoxy\/\",\"url\":\"https:\/\/www.magnetenspecialist.nl\/fr\/magasin\/overige-magneten\/blokmagneet-80-x-20-x-3-9-mm-epoxy\/\",\"name\":\"Bloc magn\u00e9tique 80 x 20 x 3,9 mm, N35 (\u00e9poxy) N\u00e9odyme\",\"isPartOf\":{\"@id\":\"https:\/\/www.magnetenspecialist.nl\/fr\/#website\"},\"primaryImageOfPage\":{\"@id\":\"https:\/\/www.magnetenspecialist.nl\/fr\/magasin\/overige-magneten\/blokmagneet-80-x-20-x-3-9-mm-epoxy\/#primaryimage\"},\"image\":{\"@id\":\"https:\/\/www.magnetenspecialist.nl\/fr\/magasin\/overige-magneten\/blokmagneet-80-x-20-x-3-9-mm-epoxy\/#primaryimage\"},\"thumbnailUrl\":\"https:\/\/www.magnetenspecialist.nl\/wp-content\/uploads\/2021\/02\/Magnetenspecialist.nl_Blokmagneet-80-x-20-x-39-mm-epoxy_1.jpg\",\"datePublished\":\"2021-02-02T13:06:23+00:00\",\"dateModified\":\"2025-04-15T14:49:23+00:00\",\"description\":\"Garantissez des fixations fiables avec l'aimant en bloc 80 x 20 x 3,9 mm, N35 (\u00e9poxy). Id\u00e9al pour l'int\u00e9rieur et l'ext\u00e9rieur, commandez cet aimant d\u00e8s maintenant !\",\"breadcrumb\":{\"@id\":\"https:\/\/www.magnetenspecialist.nl\/fr\/magasin\/overige-magneten\/blokmagneet-80-x-20-x-3-9-mm-epoxy\/#breadcrumb\"},\"inLanguage\":\"fr-FR\",\"potentialAction\":[{\"@type\":\"ReadAction\",\"target\":[\"https:\/\/www.magnetenspecialist.nl\/fr\/magasin\/overige-magneten\/blokmagneet-80-x-20-x-3-9-mm-epoxy\/\"]}]},{\"@type\":\"ImageObject\",\"inLanguage\":\"fr-FR\",\"@id\":\"https:\/\/www.magnetenspecialist.nl\/fr\/magasin\/overige-magneten\/blokmagneet-80-x-20-x-3-9-mm-epoxy\/#primaryimage\",\"url\":\"https:\/\/www.magnetenspecialist.nl\/wp-content\/uploads\/2021\/02\/Magnetenspecialist.nl_Blokmagneet-80-x-20-x-39-mm-epoxy_1.jpg\",\"contentUrl\":\"https:\/\/www.magnetenspecialist.nl\/wp-content\/uploads\/2021\/02\/Magnetenspecialist.nl_Blokmagneet-80-x-20-x-39-mm-epoxy_1.jpg\",\"width\":1500,\"height\":1500},{\"@type\":\"BreadcrumbList\",\"@id\":\"https:\/\/www.magnetenspecialist.nl\/fr\/magasin\/overige-magneten\/blokmagneet-80-x-20-x-3-9-mm-epoxy\/#breadcrumb\",\"itemListElement\":[{\"@type\":\"ListItem\",\"position\":1,\"name\":\"Accueil\",\"item\":\"https:\/\/www.magnetenspecialist.nl\/fr\/accueil\/\"},{\"@type\":\"ListItem\",\"position\":2,\"name\":\"Boutique\",\"item\":\"https:\/\/www.magnetenspecialist.nl\/fr\/boutique\/\"},{\"@type\":\"ListItem\",\"position\":3,\"name\":\"Bloc magn\u00e9tique en n\u00e9odyme 80x20x3.9 mm &#8211; N35 recouvert d&#8217;\u00e9poxy\"}]},{\"@type\":\"WebSite\",\"@id\":\"https:\/\/www.magnetenspecialist.nl\/fr\/#website\",\"url\":\"https:\/\/www.magnetenspecialist.nl\/fr\/\",\"name\":\"Magnetenspecialist.nl\",\"description\":\"Vaste gamme d'aimants en n\u00e9odyme\",\"publisher\":{\"@id\":\"https:\/\/www.magnetenspecialist.nl\/fr\/#organization\"},\"potentialAction\":[{\"@type\":\"SearchAction\",\"target\":{\"@type\":\"EntryPoint\",\"urlTemplate\":\"https:\/\/www.magnetenspecialist.nl\/fr\/?s={search_term_string}\"},\"query-input\":{\"@type\":\"PropertyValueSpecification\",\"valueRequired\":true,\"valueName\":\"search_term_string\"}}],\"inLanguage\":\"fr-FR\"},{\"@type\":\"Organization\",\"@id\":\"https:\/\/www.magnetenspecialist.nl\/fr\/#organization\",\"name\":\"Magnetenspecialist.nl\",\"url\":\"https:\/\/www.magnetenspecialist.nl\/fr\/\",\"logo\":{\"@type\":\"ImageObject\",\"inLanguage\":\"fr-FR\",\"@id\":\"https:\/\/www.magnetenspecialist.nl\/fr\/#\/schema\/logo\/image\/\",\"url\":\"https:\/\/www.magnetenspecialist.nl\/wp-content\/uploads\/2018\/10\/magneten-logo.jpg\",\"contentUrl\":\"https:\/\/www.magnetenspecialist.nl\/wp-content\/uploads\/2018\/10\/magneten-logo.jpg\",\"width\":151,\"height\":151,\"caption\":\"Magnetenspecialist.nl\"},\"image\":{\"@id\":\"https:\/\/www.magnetenspecialist.nl\/fr\/#\/schema\/logo\/image\/\"},\"sameAs\":[\"https:\/\/www.facebook.com\/Magnetenspecialist.nl\",\"https:\/\/x.com\/magnetenspecial\"]}]}<\/script>\n<meta property=\"product:price:amount\" content=\"10.75\" \/>\n<meta property=\"product:price:currency\" content=\"EUR\" \/>\n<meta property=\"og:availability\" content=\"instock\" \/>\n<meta property=\"product:availability\" content=\"instock\" \/>\n<meta property=\"product:retailer_item_id\" content=\"bl080x080x020-N-1\" \/>\n<meta property=\"product:condition\" content=\"new\" \/>\n<!-- \/ Yoast SEO Premium plugin. -->","yoast_head_json":{"title":"Bloc magn\u00e9tique 80 x 20 x 3,9 mm, N35 (\u00e9poxy) N\u00e9odyme","description":"Garantissez des fixations fiables avec l'aimant en bloc 80 x 20 x 3,9 mm, N35 (\u00e9poxy). Id\u00e9al pour l'int\u00e9rieur et l'ext\u00e9rieur, commandez cet aimant d\u00e8s maintenant !","robots":{"index":"index","follow":"follow","max-snippet":"max-snippet:-1","max-image-preview":"max-image-preview:large","max-video-preview":"max-video-preview:-1"},"canonical":"https:\/\/www.magnetenspecialist.nl\/fr\/magasin\/overige-magneten\/blokmagneet-80-x-20-x-3-9-mm-epoxy\/","og_locale":"fr_FR","og_type":"article","og_title":"Bloc magn\u00e9tique en n\u00e9odyme 80x20x3.9 mm - N35 recouvert d'\u00e9poxy","og_description":"Garantissez des fixations fiables avec l'aimant en bloc 80 x 20 x 3,9 mm, N35 (\u00e9poxy). Id\u00e9al pour l'int\u00e9rieur et l'ext\u00e9rieur, commandez cet aimant d\u00e8s maintenant !","og_url":"https:\/\/www.magnetenspecialist.nl\/fr\/magasin\/overige-magneten\/blokmagneet-80-x-20-x-3-9-mm-epoxy\/","og_site_name":"Magnetenspecialist.nl","article_publisher":"https:\/\/www.facebook.com\/Magnetenspecialist.nl","article_modified_time":"2025-04-15T14:49:23+00:00","og_image":[{"width":1500,"height":1500,"url":"https:\/\/www.magnetenspecialist.nl\/wp-content\/uploads\/2021\/02\/Magnetenspecialist.nl_Blokmagneet-80-x-20-x-39-mm-epoxy_1.jpg","type":"image\/jpeg"}],"twitter_card":"summary_large_image","twitter_site":"@magnetenspecial","twitter_misc":{"Prix":"&euro;&nbsp;10,75","Disponibilit\u00e9":"En stock"},"schema":{"@context":"https:\/\/schema.org","@graph":[{"@type":"WebPage","@id":"https:\/\/www.magnetenspecialist.nl\/fr\/magasin\/overige-magneten\/blokmagneet-80-x-20-x-3-9-mm-epoxy\/","url":"https:\/\/www.magnetenspecialist.nl\/fr\/magasin\/overige-magneten\/blokmagneet-80-x-20-x-3-9-mm-epoxy\/","name":"Bloc magn\u00e9tique 80 x 20 x 3,9 mm, N35 (\u00e9poxy) N\u00e9odyme","isPartOf":{"@id":"https:\/\/www.magnetenspecialist.nl\/fr\/#website"},"primaryImageOfPage":{"@id":"https:\/\/www.magnetenspecialist.nl\/fr\/magasin\/overige-magneten\/blokmagneet-80-x-20-x-3-9-mm-epoxy\/#primaryimage"},"image":{"@id":"https:\/\/www.magnetenspecialist.nl\/fr\/magasin\/overige-magneten\/blokmagneet-80-x-20-x-3-9-mm-epoxy\/#primaryimage"},"thumbnailUrl":"https:\/\/www.magnetenspecialist.nl\/wp-content\/uploads\/2021\/02\/Magnetenspecialist.nl_Blokmagneet-80-x-20-x-39-mm-epoxy_1.jpg","datePublished":"2021-02-02T13:06:23+00:00","dateModified":"2025-04-15T14:49:23+00:00","description":"Garantissez des fixations fiables avec l'aimant en bloc 80 x 20 x 3,9 mm, N35 (\u00e9poxy). Id\u00e9al pour l'int\u00e9rieur et l'ext\u00e9rieur, commandez cet aimant d\u00e8s maintenant !","breadcrumb":{"@id":"https:\/\/www.magnetenspecialist.nl\/fr\/magasin\/overige-magneten\/blokmagneet-80-x-20-x-3-9-mm-epoxy\/#breadcrumb"},"inLanguage":"fr-FR","potentialAction":[{"@type":"ReadAction","target":["https:\/\/www.magnetenspecialist.nl\/fr\/magasin\/overige-magneten\/blokmagneet-80-x-20-x-3-9-mm-epoxy\/"]}]},{"@type":"ImageObject","inLanguage":"fr-FR","@id":"https:\/\/www.magnetenspecialist.nl\/fr\/magasin\/overige-magneten\/blokmagneet-80-x-20-x-3-9-mm-epoxy\/#primaryimage","url":"https:\/\/www.magnetenspecialist.nl\/wp-content\/uploads\/2021\/02\/Magnetenspecialist.nl_Blokmagneet-80-x-20-x-39-mm-epoxy_1.jpg","contentUrl":"https:\/\/www.magnetenspecialist.nl\/wp-content\/uploads\/2021\/02\/Magnetenspecialist.nl_Blokmagneet-80-x-20-x-39-mm-epoxy_1.jpg","width":1500,"height":1500},{"@type":"BreadcrumbList","@id":"https:\/\/www.magnetenspecialist.nl\/fr\/magasin\/overige-magneten\/blokmagneet-80-x-20-x-3-9-mm-epoxy\/#breadcrumb","itemListElement":[{"@type":"ListItem","position":1,"name":"Accueil","item":"https:\/\/www.magnetenspecialist.nl\/fr\/accueil\/"},{"@type":"ListItem","position":2,"name":"Boutique","item":"https:\/\/www.magnetenspecialist.nl\/fr\/boutique\/"},{"@type":"ListItem","position":3,"name":"Bloc magn\u00e9tique en n\u00e9odyme 80x20x3.9 mm &#8211; N35 recouvert d&#8217;\u00e9poxy"}]},{"@type":"WebSite","@id":"https:\/\/www.magnetenspecialist.nl\/fr\/#website","url":"https:\/\/www.magnetenspecialist.nl\/fr\/","name":"Magnetenspecialist.nl","description":"Vaste gamme d'aimants en n\u00e9odyme","publisher":{"@id":"https:\/\/www.magnetenspecialist.nl\/fr\/#organization"},"potentialAction":[{"@type":"SearchAction","target":{"@type":"EntryPoint","urlTemplate":"https:\/\/www.magnetenspecialist.nl\/fr\/?s={search_term_string}"},"query-input":{"@type":"PropertyValueSpecification","valueRequired":true,"valueName":"search_term_string"}}],"inLanguage":"fr-FR"},{"@type":"Organization","@id":"https:\/\/www.magnetenspecialist.nl\/fr\/#organization","name":"Magnetenspecialist.nl","url":"https:\/\/www.magnetenspecialist.nl\/fr\/","logo":{"@type":"ImageObject","inLanguage":"fr-FR","@id":"https:\/\/www.magnetenspecialist.nl\/fr\/#\/schema\/logo\/image\/","url":"https:\/\/www.magnetenspecialist.nl\/wp-content\/uploads\/2018\/10\/magneten-logo.jpg","contentUrl":"https:\/\/www.magnetenspecialist.nl\/wp-content\/uploads\/2018\/10\/magneten-logo.jpg","width":151,"height":151,"caption":"Magnetenspecialist.nl"},"image":{"@id":"https:\/\/www.magnetenspecialist.nl\/fr\/#\/schema\/logo\/image\/"},"sameAs":["https:\/\/www.facebook.com\/Magnetenspecialist.nl","https:\/\/x.com\/magnetenspecial"]}]},"product_price_amount":"10.75","product_price_currency":"EUR","og_availability":"instock","product_availability":"instock","product_retailer_item_id":"bl080x080x020-N-1","product_condition":"new"},"_links":{"self":[{"href":"https:\/\/www.magnetenspecialist.nl\/fr\/wp-json\/wp\/v2\/product\/95024","targetHints":{"allow":["GET"]}}],"collection":[{"href":"https:\/\/www.magnetenspecialist.nl\/fr\/wp-json\/wp\/v2\/product"}],"about":[{"href":"https:\/\/www.magnetenspecialist.nl\/fr\/wp-json\/wp\/v2\/types\/product"}],"wp:featuredmedia":[{"embeddable":true,"href":"https:\/\/www.magnetenspecialist.nl\/fr\/wp-json\/wp\/v2\/media\/113636"}],"wp:attachment":[{"href":"https:\/\/www.magnetenspecialist.nl\/fr\/wp-json\/wp\/v2\/media?parent=95024"}],"wp:term":[{"taxonomy":"product_brand","embeddable":true,"href":"https:\/\/www.magnetenspecialist.nl\/fr\/wp-json\/wp\/v2\/product_brand?post=95024"},{"taxonomy":"product_cat","embeddable":true,"href":"https:\/\/www.magnetenspecialist.nl\/fr\/wp-json\/wp\/v2\/product_cat?post=95024"},{"taxonomy":"product_tag","embeddable":true,"href":"https:\/\/www.magnetenspecialist.nl\/fr\/wp-json\/wp\/v2\/product_tag?post=95024"}],"curies":[{"name":"wp","href":"https:\/\/api.w.org\/{rel}","templated":true}]}}