{"id":95032,"date":"2020-11-03T16:45:45","date_gmt":"2020-11-03T15:45:45","guid":{"rendered":"https:\/\/www.magnetenspecialist.nl\/winkel\/non%20class\u00e9\/disque-magnetique-15-x-10-mm-autocollant\/"},"modified":"2025-04-07T11:41:32","modified_gmt":"2025-04-07T09:41:32","slug":"aimant-disque-15-x-1-mm-autocollant","status":"publish","type":"product","link":"https:\/\/www.magnetenspecialist.nl\/fr\/magasin\/aimants-a-disque\/aimant-disque-15-x-1-mm-autocollant\/","title":{"rendered":"Disque aimant\u00e9 15 x 1,0 mm (autocollant)"},"content":{"rendered":"<p class=\"\" data-start=\"132\" data-end=\"172\"><strong data-start=\"132\" data-end=\"172\">Disque magn\u00e9tique en n\u00e9odyme adh\u00e9sif<\/strong><\/p>\n<p class=\"\" data-start=\"174\" data-end=\"597\">Cet aimant plat en n\u00e9odyme est dot\u00e9 d&#8217;une face adh\u00e9sive, ce qui permet de le fixer facilement sur diverses surfaces sans outil suppl\u00e9mentaire. Avec un diam\u00e8tre de 15 mm et une hauteur de 1,0 mm, cet aimant offre une forte adh\u00e9rence pour un large \u00e9ventail d&#8217;applications. L&#8217;aimant est de qualit\u00e9 N45, ce qui garantit une force magn\u00e9tique puissante de 1,2 kg.  <\/p>\n<p class=\"\" data-start=\"599\" data-end=\"613\"><strong data-start=\"599\" data-end=\"613\">Caract\u00e9ristiques :<\/strong><\/p>\n<ul data-start=\"614\" data-end=\"958\">\n<li class=\"\" data-start=\"614\" data-end=\"668\">\n<p class=\"\" data-start=\"616\" data-end=\"668\"><strong data-start=\"616\" data-end=\"630\">Dimensions<\/strong>: \u00d8 15 mm (diam\u00e8tre) x 1,0 mm (hauteur)<\/p>\n<\/li>\n<li class=\"\" data-start=\"669\" data-end=\"722\">\n<p class=\"\" data-start=\"671\" data-end=\"722\"><strong data-start=\"671\" data-end=\"684\">Qualit\u00e9<\/strong>: N45 (aimant n\u00e9odyme de haute qualit\u00e9)<\/p>\n<\/li>\n<li class=\"\" data-start=\"723\" data-end=\"753\">\n<p class=\"\" data-start=\"725\" data-end=\"753\"><strong data-start=\"725\" data-end=\"739\">Force de maintien<\/strong>: jusqu&#8217;\u00e0 1,2 kg<\/p>\n<\/li>\n<li class=\"\" data-start=\"754\" data-end=\"792\">\n<p class=\"\" data-start=\"756\" data-end=\"792\"><strong data-start=\"756\" data-end=\"769\">Mat\u00e9riau<\/strong>: n\u00e9odyme, nickel\u00e9<\/p>\n<\/li>\n<li class=\"\" data-start=\"793\" data-end=\"882\">\n<p class=\"\" data-start=\"795\" data-end=\"882\"><strong data-start=\"795\" data-end=\"822\">Support autocollant<\/strong> pour une installation facile sur diff\u00e9rentes surfaces<\/p>\n<\/li>\n<li class=\"\" data-start=\"883\" data-end=\"958\">\n<p class=\"\" data-start=\"885\" data-end=\"958\">Id\u00e9al pour fixer des objets, des pr\u00e9sentoirs et des projets cr\u00e9atifs<\/p>\n<\/li>\n<\/ul>\n<p class=\"\" data-start=\"960\" data-end=\"1102\">Gr\u00e2ce \u00e0 sa force magn\u00e9tique \u00e9lev\u00e9e et \u00e0 sa propri\u00e9t\u00e9 adh\u00e9sive, cet aimant est parfait pour des applications pratiques et d\u00e9coratives.<\/p>\n","protected":false},"excerpt":{"rendered":"<p>Autocollant<\/p>\n","protected":false},"featured_media":113466,"template":"","meta":{"_acf_changed":false},"product_brand":[3521],"product_cat":[1400],"product_tag":[3160],"class_list":{"0":"post-95032","1":"product","2":"type-product","3":"status-publish","4":"has-post-thumbnail","6":"product_brand-magnetenspecialist","7":"product_cat-aimants-a-disque","8":"product_tag-groep-5-fr","9":"pa_houdkracht-1-2-fr","10":"pa_magnetisering-n45-fr","11":"pa_magnetiseringsrichting-axiaal-fr","12":"pa_materiaal-nickele-ni-cu-ni-fr-2","13":"pa_maximale-gebruikstemperatuur-80-fr","14":"pa_model-aimants-a-disques","16":"first","17":"instock","18":"taxable","19":"shipping-taxable","20":"purchasable","21":"product-type-simple"},"supplier_id":null,"supplier_sku":"","barcode":null,"atum_controlled":true,"out_stock_date":null,"out_stock_threshold":null,"inheritable":false,"inbound_stock":0,"stock_on_hold":0,"sold_today":0,"sales_last_days":1,"reserved_stock":0,"customer_returns":0,"warehouse_damage":0,"lost_in_post":0,"other_logs":0,"out_stock_days":0,"lost_sales":0,"has_location":false,"update_date":"2026-04-21T10:20:01","atum_locations":[],"atum_stock_status":"instock","restock_status":false,"low_stock_amount":3000,"sales_update_date":"2026-04-03T08:06:21","calc_backorders":null,"acf":[],"yoast_head":"<!-- This site is optimized with the Yoast SEO Premium plugin v24.7 (Yoast SEO v24.7) - https:\/\/yoast.com\/wordpress\/plugins\/seo\/ -->\n<title>Aimant disque 15 x 1,0 mm (auto-adh\u00e9sif) avec forte adh\u00e9rence - Magnetenspecialist.nl<\/title>\n<meta name=\"description\" content=\"D\u00e9couvrez la polyvalence de notre aimant disque 15 x 1,0 mm (autocollant). Parfait pour les projets pratiques et d\u00e9coratifs, commandez d\u00e8s maintenant !\" \/>\n<meta name=\"robots\" content=\"index, follow, max-snippet:-1, max-image-preview:large, max-video-preview:-1\" \/>\n<link rel=\"canonical\" href=\"https:\/\/www.magnetenspecialist.nl\/fr\/magasin\/aimants-a-disque\/aimant-disque-15-x-1-mm-autocollant\/\" \/>\n<meta property=\"og:locale\" content=\"fr_FR\" \/>\n<meta property=\"og:type\" content=\"article\" \/>\n<meta property=\"og:title\" content=\"Disque aimant\u00e9 15 x 1,0 mm (autocollant)\" \/>\n<meta property=\"og:description\" content=\"D\u00e9couvrez la polyvalence de notre aimant disque 15 x 1,0 mm (autocollant). Parfait pour les projets pratiques et d\u00e9coratifs, commandez d\u00e8s maintenant !\" \/>\n<meta property=\"og:url\" content=\"https:\/\/www.magnetenspecialist.nl\/fr\/magasin\/aimants-a-disque\/aimant-disque-15-x-1-mm-autocollant\/\" \/>\n<meta property=\"og:site_name\" content=\"Magnetenspecialist.nl\" \/>\n<meta property=\"article:publisher\" content=\"https:\/\/www.facebook.com\/Magnetenspecialist.nl\" \/>\n<meta property=\"article:modified_time\" content=\"2025-04-07T09:41:32+00:00\" \/>\n<meta property=\"og:image\" content=\"https:\/\/www.magnetenspecialist.nl\/wp-content\/uploads\/2020\/11\/Magnetenspecialist.nl_Schijfmagneet-15-x-10-mm-Zelfklevend_1.jpg\" \/>\n\t<meta property=\"og:image:width\" content=\"1500\" \/>\n\t<meta property=\"og:image:height\" content=\"1500\" \/>\n\t<meta property=\"og:image:type\" content=\"image\/jpeg\" \/>\n<meta name=\"twitter:card\" content=\"summary_large_image\" \/>\n<meta name=\"twitter:site\" content=\"@magnetenspecial\" \/>\n<meta name=\"twitter:label1\" content=\"Prix\" \/>\n\t<meta name=\"twitter:data1\" content=\"&euro;&nbsp;0,98\" \/>\n\t<meta name=\"twitter:label2\" content=\"Disponibilit\u00e9\" \/>\n\t<meta name=\"twitter:data2\" content=\"En stock\" \/>\n<script type=\"application\/ld+json\" class=\"yoast-schema-graph\">{\"@context\":\"https:\/\/schema.org\",\"@graph\":[{\"@type\":\"WebPage\",\"@id\":\"https:\/\/www.magnetenspecialist.nl\/fr\/magasin\/aimants-a-disque\/aimant-disque-15-x-1-mm-autocollant\/\",\"url\":\"https:\/\/www.magnetenspecialist.nl\/fr\/magasin\/aimants-a-disque\/aimant-disque-15-x-1-mm-autocollant\/\",\"name\":\"Aimant disque 15 x 1,0 mm (auto-adh\u00e9sif) avec forte adh\u00e9rence - Magnetenspecialist.nl\",\"isPartOf\":{\"@id\":\"https:\/\/www.magnetenspecialist.nl\/fr\/#website\"},\"primaryImageOfPage\":{\"@id\":\"https:\/\/www.magnetenspecialist.nl\/fr\/magasin\/aimants-a-disque\/aimant-disque-15-x-1-mm-autocollant\/#primaryimage\"},\"image\":{\"@id\":\"https:\/\/www.magnetenspecialist.nl\/fr\/magasin\/aimants-a-disque\/aimant-disque-15-x-1-mm-autocollant\/#primaryimage\"},\"thumbnailUrl\":\"https:\/\/www.magnetenspecialist.nl\/wp-content\/uploads\/2020\/11\/Magnetenspecialist.nl_Schijfmagneet-15-x-10-mm-Zelfklevend_1.jpg\",\"datePublished\":\"2020-11-03T15:45:45+00:00\",\"dateModified\":\"2025-04-07T09:41:32+00:00\",\"description\":\"D\u00e9couvrez la polyvalence de notre aimant disque 15 x 1,0 mm (autocollant). Parfait pour les projets pratiques et d\u00e9coratifs, commandez d\u00e8s maintenant !\",\"breadcrumb\":{\"@id\":\"https:\/\/www.magnetenspecialist.nl\/fr\/magasin\/aimants-a-disque\/aimant-disque-15-x-1-mm-autocollant\/#breadcrumb\"},\"inLanguage\":\"fr-FR\",\"potentialAction\":[{\"@type\":\"ReadAction\",\"target\":[\"https:\/\/www.magnetenspecialist.nl\/fr\/magasin\/aimants-a-disque\/aimant-disque-15-x-1-mm-autocollant\/\"]}]},{\"@type\":\"ImageObject\",\"inLanguage\":\"fr-FR\",\"@id\":\"https:\/\/www.magnetenspecialist.nl\/fr\/magasin\/aimants-a-disque\/aimant-disque-15-x-1-mm-autocollant\/#primaryimage\",\"url\":\"https:\/\/www.magnetenspecialist.nl\/wp-content\/uploads\/2020\/11\/Magnetenspecialist.nl_Schijfmagneet-15-x-10-mm-Zelfklevend_1.jpg\",\"contentUrl\":\"https:\/\/www.magnetenspecialist.nl\/wp-content\/uploads\/2020\/11\/Magnetenspecialist.nl_Schijfmagneet-15-x-10-mm-Zelfklevend_1.jpg\",\"width\":1500,\"height\":1500},{\"@type\":\"BreadcrumbList\",\"@id\":\"https:\/\/www.magnetenspecialist.nl\/fr\/magasin\/aimants-a-disque\/aimant-disque-15-x-1-mm-autocollant\/#breadcrumb\",\"itemListElement\":[{\"@type\":\"ListItem\",\"position\":1,\"name\":\"Accueil\",\"item\":\"https:\/\/www.magnetenspecialist.nl\/fr\/accueil\/\"},{\"@type\":\"ListItem\",\"position\":2,\"name\":\"Boutique\",\"item\":\"https:\/\/www.magnetenspecialist.nl\/fr\/boutique\/\"},{\"@type\":\"ListItem\",\"position\":3,\"name\":\"Disque aimant\u00e9 15 x 1,0 mm (autocollant)\"}]},{\"@type\":\"WebSite\",\"@id\":\"https:\/\/www.magnetenspecialist.nl\/fr\/#website\",\"url\":\"https:\/\/www.magnetenspecialist.nl\/fr\/\",\"name\":\"Magnetenspecialist.nl\",\"description\":\"Vaste gamme d'aimants en n\u00e9odyme\",\"publisher\":{\"@id\":\"https:\/\/www.magnetenspecialist.nl\/fr\/#organization\"},\"potentialAction\":[{\"@type\":\"SearchAction\",\"target\":{\"@type\":\"EntryPoint\",\"urlTemplate\":\"https:\/\/www.magnetenspecialist.nl\/fr\/?s={search_term_string}\"},\"query-input\":{\"@type\":\"PropertyValueSpecification\",\"valueRequired\":true,\"valueName\":\"search_term_string\"}}],\"inLanguage\":\"fr-FR\"},{\"@type\":\"Organization\",\"@id\":\"https:\/\/www.magnetenspecialist.nl\/fr\/#organization\",\"name\":\"Magnetenspecialist.nl\",\"url\":\"https:\/\/www.magnetenspecialist.nl\/fr\/\",\"logo\":{\"@type\":\"ImageObject\",\"inLanguage\":\"fr-FR\",\"@id\":\"https:\/\/www.magnetenspecialist.nl\/fr\/#\/schema\/logo\/image\/\",\"url\":\"https:\/\/www.magnetenspecialist.nl\/wp-content\/uploads\/2018\/10\/magneten-logo.jpg\",\"contentUrl\":\"https:\/\/www.magnetenspecialist.nl\/wp-content\/uploads\/2018\/10\/magneten-logo.jpg\",\"width\":151,\"height\":151,\"caption\":\"Magnetenspecialist.nl\"},\"image\":{\"@id\":\"https:\/\/www.magnetenspecialist.nl\/fr\/#\/schema\/logo\/image\/\"},\"sameAs\":[\"https:\/\/www.facebook.com\/Magnetenspecialist.nl\",\"https:\/\/x.com\/magnetenspecial\"]}]}<\/script>\n<meta property=\"product:price:amount\" content=\"0.98\" \/>\n<meta property=\"product:price:currency\" content=\"EUR\" \/>\n<meta property=\"og:availability\" content=\"instock\" \/>\n<meta property=\"product:availability\" content=\"instock\" \/>\n<meta property=\"product:retailer_item_id\" content=\"Sc015x001-N-Z\" \/>\n<meta property=\"product:condition\" content=\"new\" \/>\n<!-- \/ Yoast SEO Premium plugin. -->","yoast_head_json":{"title":"Aimant disque 15 x 1,0 mm (auto-adh\u00e9sif) avec forte adh\u00e9rence - Magnetenspecialist.nl","description":"D\u00e9couvrez la polyvalence de notre aimant disque 15 x 1,0 mm (autocollant). Parfait pour les projets pratiques et d\u00e9coratifs, commandez d\u00e8s maintenant !","robots":{"index":"index","follow":"follow","max-snippet":"max-snippet:-1","max-image-preview":"max-image-preview:large","max-video-preview":"max-video-preview:-1"},"canonical":"https:\/\/www.magnetenspecialist.nl\/fr\/magasin\/aimants-a-disque\/aimant-disque-15-x-1-mm-autocollant\/","og_locale":"fr_FR","og_type":"article","og_title":"Disque aimant\u00e9 15 x 1,0 mm (autocollant)","og_description":"D\u00e9couvrez la polyvalence de notre aimant disque 15 x 1,0 mm (autocollant). Parfait pour les projets pratiques et d\u00e9coratifs, commandez d\u00e8s maintenant !","og_url":"https:\/\/www.magnetenspecialist.nl\/fr\/magasin\/aimants-a-disque\/aimant-disque-15-x-1-mm-autocollant\/","og_site_name":"Magnetenspecialist.nl","article_publisher":"https:\/\/www.facebook.com\/Magnetenspecialist.nl","article_modified_time":"2025-04-07T09:41:32+00:00","og_image":[{"width":1500,"height":1500,"url":"https:\/\/www.magnetenspecialist.nl\/wp-content\/uploads\/2020\/11\/Magnetenspecialist.nl_Schijfmagneet-15-x-10-mm-Zelfklevend_1.jpg","type":"image\/jpeg"}],"twitter_card":"summary_large_image","twitter_site":"@magnetenspecial","twitter_misc":{"Prix":"&euro;&nbsp;0,98","Disponibilit\u00e9":"En stock"},"schema":{"@context":"https:\/\/schema.org","@graph":[{"@type":"WebPage","@id":"https:\/\/www.magnetenspecialist.nl\/fr\/magasin\/aimants-a-disque\/aimant-disque-15-x-1-mm-autocollant\/","url":"https:\/\/www.magnetenspecialist.nl\/fr\/magasin\/aimants-a-disque\/aimant-disque-15-x-1-mm-autocollant\/","name":"Aimant disque 15 x 1,0 mm (auto-adh\u00e9sif) avec forte adh\u00e9rence - Magnetenspecialist.nl","isPartOf":{"@id":"https:\/\/www.magnetenspecialist.nl\/fr\/#website"},"primaryImageOfPage":{"@id":"https:\/\/www.magnetenspecialist.nl\/fr\/magasin\/aimants-a-disque\/aimant-disque-15-x-1-mm-autocollant\/#primaryimage"},"image":{"@id":"https:\/\/www.magnetenspecialist.nl\/fr\/magasin\/aimants-a-disque\/aimant-disque-15-x-1-mm-autocollant\/#primaryimage"},"thumbnailUrl":"https:\/\/www.magnetenspecialist.nl\/wp-content\/uploads\/2020\/11\/Magnetenspecialist.nl_Schijfmagneet-15-x-10-mm-Zelfklevend_1.jpg","datePublished":"2020-11-03T15:45:45+00:00","dateModified":"2025-04-07T09:41:32+00:00","description":"D\u00e9couvrez la polyvalence de notre aimant disque 15 x 1,0 mm (autocollant). Parfait pour les projets pratiques et d\u00e9coratifs, commandez d\u00e8s maintenant !","breadcrumb":{"@id":"https:\/\/www.magnetenspecialist.nl\/fr\/magasin\/aimants-a-disque\/aimant-disque-15-x-1-mm-autocollant\/#breadcrumb"},"inLanguage":"fr-FR","potentialAction":[{"@type":"ReadAction","target":["https:\/\/www.magnetenspecialist.nl\/fr\/magasin\/aimants-a-disque\/aimant-disque-15-x-1-mm-autocollant\/"]}]},{"@type":"ImageObject","inLanguage":"fr-FR","@id":"https:\/\/www.magnetenspecialist.nl\/fr\/magasin\/aimants-a-disque\/aimant-disque-15-x-1-mm-autocollant\/#primaryimage","url":"https:\/\/www.magnetenspecialist.nl\/wp-content\/uploads\/2020\/11\/Magnetenspecialist.nl_Schijfmagneet-15-x-10-mm-Zelfklevend_1.jpg","contentUrl":"https:\/\/www.magnetenspecialist.nl\/wp-content\/uploads\/2020\/11\/Magnetenspecialist.nl_Schijfmagneet-15-x-10-mm-Zelfklevend_1.jpg","width":1500,"height":1500},{"@type":"BreadcrumbList","@id":"https:\/\/www.magnetenspecialist.nl\/fr\/magasin\/aimants-a-disque\/aimant-disque-15-x-1-mm-autocollant\/#breadcrumb","itemListElement":[{"@type":"ListItem","position":1,"name":"Accueil","item":"https:\/\/www.magnetenspecialist.nl\/fr\/accueil\/"},{"@type":"ListItem","position":2,"name":"Boutique","item":"https:\/\/www.magnetenspecialist.nl\/fr\/boutique\/"},{"@type":"ListItem","position":3,"name":"Disque aimant\u00e9 15 x 1,0 mm (autocollant)"}]},{"@type":"WebSite","@id":"https:\/\/www.magnetenspecialist.nl\/fr\/#website","url":"https:\/\/www.magnetenspecialist.nl\/fr\/","name":"Magnetenspecialist.nl","description":"Vaste gamme d'aimants en n\u00e9odyme","publisher":{"@id":"https:\/\/www.magnetenspecialist.nl\/fr\/#organization"},"potentialAction":[{"@type":"SearchAction","target":{"@type":"EntryPoint","urlTemplate":"https:\/\/www.magnetenspecialist.nl\/fr\/?s={search_term_string}"},"query-input":{"@type":"PropertyValueSpecification","valueRequired":true,"valueName":"search_term_string"}}],"inLanguage":"fr-FR"},{"@type":"Organization","@id":"https:\/\/www.magnetenspecialist.nl\/fr\/#organization","name":"Magnetenspecialist.nl","url":"https:\/\/www.magnetenspecialist.nl\/fr\/","logo":{"@type":"ImageObject","inLanguage":"fr-FR","@id":"https:\/\/www.magnetenspecialist.nl\/fr\/#\/schema\/logo\/image\/","url":"https:\/\/www.magnetenspecialist.nl\/wp-content\/uploads\/2018\/10\/magneten-logo.jpg","contentUrl":"https:\/\/www.magnetenspecialist.nl\/wp-content\/uploads\/2018\/10\/magneten-logo.jpg","width":151,"height":151,"caption":"Magnetenspecialist.nl"},"image":{"@id":"https:\/\/www.magnetenspecialist.nl\/fr\/#\/schema\/logo\/image\/"},"sameAs":["https:\/\/www.facebook.com\/Magnetenspecialist.nl","https:\/\/x.com\/magnetenspecial"]}]},"product_price_amount":"0.98","product_price_currency":"EUR","og_availability":"instock","product_availability":"instock","product_retailer_item_id":"Sc015x001-N-Z","product_condition":"new"},"_links":{"self":[{"href":"https:\/\/www.magnetenspecialist.nl\/fr\/wp-json\/wp\/v2\/product\/95032","targetHints":{"allow":["GET"]}}],"collection":[{"href":"https:\/\/www.magnetenspecialist.nl\/fr\/wp-json\/wp\/v2\/product"}],"about":[{"href":"https:\/\/www.magnetenspecialist.nl\/fr\/wp-json\/wp\/v2\/types\/product"}],"wp:featuredmedia":[{"embeddable":true,"href":"https:\/\/www.magnetenspecialist.nl\/fr\/wp-json\/wp\/v2\/media\/113466"}],"wp:attachment":[{"href":"https:\/\/www.magnetenspecialist.nl\/fr\/wp-json\/wp\/v2\/media?parent=95032"}],"wp:term":[{"taxonomy":"product_brand","embeddable":true,"href":"https:\/\/www.magnetenspecialist.nl\/fr\/wp-json\/wp\/v2\/product_brand?post=95032"},{"taxonomy":"product_cat","embeddable":true,"href":"https:\/\/www.magnetenspecialist.nl\/fr\/wp-json\/wp\/v2\/product_cat?post=95032"},{"taxonomy":"product_tag","embeddable":true,"href":"https:\/\/www.magnetenspecialist.nl\/fr\/wp-json\/wp\/v2\/product_tag?post=95032"}],"curies":[{"name":"wp","href":"https:\/\/api.w.org\/{rel}","templated":true}]}}