{"id":95061,"date":"2019-03-08T11:01:42","date_gmt":"2019-03-08T10:01:42","guid":{"rendered":"https:\/\/www.magnetenspecialist.nl\/winkel\/non%20class\u00e9\/disque-magnetique-80-x-35-mm-avec-trou-fraise\/"},"modified":"2025-03-18T16:32:03","modified_gmt":"2025-03-18T15:32:03","slug":"disc-magnet-80-x-35-mm-with-sink-hole","status":"publish","type":"product","link":"https:\/\/www.magnetenspecialist.nl\/fr\/magasin\/aimants-a-disque\/disc-magnet-80-x-35-mm-with-sink-hole\/","title":{"rendered":"Disque aimant\u00e9 80 x 35 mm avec trou noy\u00e9"},"content":{"rendered":"<h3>Large gamme de disques magn\u00e9tiques super puissants de diff\u00e9rentes tailles et puissances<\/h3>\n<p>  D\u00e9couvrez notre puissant aimant en forme de disque aux dimensions impressionnantes : 80 x 35 mm, avec un trou encastr\u00e9 robuste.<br \/>\nCet aimant est con\u00e7u pour r\u00e9pondre aux applications les plus exigeantes, qu&#8217;il s&#8217;agisse d&#8217;une puissance industrielle ou d&#8217;une solution fiable pour un usage domestique.<br \/>\nAvec son grand diam\u00e8tre de 80 mm et son \u00e9paisseur de 35 mm, cet aimant en forme de disque offre une force de traction et une stabilit\u00e9 in\u00e9gal\u00e9es.<br \/>\nLe trou encastr\u00e9 permet une fixation facile \u00e0 l&#8217;aide d&#8217;une vis ou d&#8217;un boulon robuste, ce qui le rend parfait pour un montage dans une vari\u00e9t\u00e9 d&#8217;environnements.<br \/>\nQue vous souhaitiez fixer des mat\u00e9riaux lourds, s\u00e9curiser des \u00e9quipements industriels ou cr\u00e9er des solutions magn\u00e9tiques \u00e0 grande \u00e9chelle, cet aimant \u00e0 disque est pr\u00eat \u00e0 faire le travail.<br \/>\nFabriqu\u00e9 avec des mat\u00e9riaux de haute qualit\u00e9 et con\u00e7u pour une durabilit\u00e9 maximale, cet aimant offre une solution fiable et puissante pour tous vos besoins magn\u00e9tiques.<br \/>\nAjoutez notre \u00e9norme aimant \u00e0 disque de 80 x 35 mm avec trou frais\u00e9 \u00e0 votre arsenal et d\u00e9couvrez les possibilit\u00e9s illimit\u00e9es qu&#8217;il offre pour s\u00e9curiser, fixer et cr\u00e9er des solutions magn\u00e9tiques robustes.<\/p>\n","protected":false},"excerpt":{"rendered":"<p>Large gamme de disques magn\u00e9tiques super puissants de diff\u00e9rentes tailles et puissances D\u00e9couvrez notre puissant aimant en forme de disque aux dimensions impressionnantes : 80 x 35 mm, avec un trou encastr\u00e9 robuste. Cet aimant est con\u00e7u pour r\u00e9pondre aux applications les plus exigeantes, qu&#8217;il s&#8217;agisse d&#8217;une puissance industrielle ou d&#8217;une solution fiable pour un [&hellip;]<\/p>\n","protected":false},"featured_media":113758,"template":"","meta":{"_acf_changed":false},"product_brand":[3521],"product_cat":[1400,2940],"product_tag":[3156],"class_list":{"0":"post-95061","1":"product","2":"type-product","3":"status-publish","4":"has-post-thumbnail","6":"product_brand-magnetenspecialist","7":"product_cat-aimants-a-disque","8":"product_cat-aimants-a-visser","9":"product_tag-groep-1-fr","10":"pa_houdkracht-360-fr","11":"pa_magnetisering-n48-fr","12":"pa_magnetiseringsrichting-axiaal-fr","13":"pa_materiaal-nickele-ni-cu-ni-fr-2","14":"pa_maximale-gebruikstemperatuur-80-fr","15":"pa_model-aimants-a-disques","17":"first","18":"instock","19":"taxable","20":"shipping-taxable","21":"purchasable","22":"product-type-simple"},"supplier_id":null,"supplier_sku":"","barcode":null,"atum_controlled":true,"out_stock_date":null,"out_stock_threshold":null,"inheritable":false,"inbound_stock":0,"stock_on_hold":0,"sold_today":0,"sales_last_days":0,"reserved_stock":0,"customer_returns":0,"warehouse_damage":0,"lost_in_post":0,"other_logs":0,"out_stock_days":0,"lost_sales":0,"has_location":false,"update_date":"2026-04-03T08:06:33","atum_locations":[],"atum_stock_status":"instock","restock_status":false,"low_stock_amount":5,"sales_update_date":"2026-04-03T08:06:33","calc_backorders":null,"acf":[],"yoast_head":"<!-- This site is optimized with the Yoast SEO Premium plugin v24.7 (Yoast SEO v24.7) - https:\/\/yoast.com\/wordpress\/plugins\/seo\/ -->\n<title>Disque aimant\u00e9 80 x 35 mm avec trou noy\u00e9 - Magnetenspecialist.nl<\/title>\n<meta name=\"description\" content=\"Vous cherchez un Disque aimant\u00e9 80 x 35 mm avec trou noy\u00e9? Les aimants peuvent \u00eatre achet\u00e9s facilement en ligne sur Magnetenspecialist.nl \u2713 1 jour ouvrable de d\u00e9lai de livraison \u2713 14 jours de d\u00e9lai de r\u00e9flexion \u2713 Exp\u00e9dition ou enl\u00e8vement *.\" \/>\n<meta name=\"robots\" content=\"index, follow, max-snippet:-1, max-image-preview:large, max-video-preview:-1\" \/>\n<link rel=\"canonical\" href=\"https:\/\/www.magnetenspecialist.nl\/fr\/magasin\/aimants-a-disque\/disc-magnet-80-x-35-mm-with-sink-hole\/\" \/>\n<meta property=\"og:locale\" content=\"fr_FR\" \/>\n<meta property=\"og:type\" content=\"article\" \/>\n<meta property=\"og:title\" content=\"Disque aimant\u00e9 80 x 35 mm avec trou noy\u00e9\" \/>\n<meta property=\"og:description\" content=\"Vous cherchez un Disque aimant\u00e9 80 x 35 mm avec trou noy\u00e9? Les aimants peuvent \u00eatre achet\u00e9s facilement en ligne sur Magnetenspecialist.nl \u2713 1 jour ouvrable de d\u00e9lai de livraison \u2713 14 jours de d\u00e9lai de r\u00e9flexion \u2713 Exp\u00e9dition ou enl\u00e8vement *.\" \/>\n<meta property=\"og:url\" content=\"https:\/\/www.magnetenspecialist.nl\/fr\/magasin\/aimants-a-disque\/disc-magnet-80-x-35-mm-with-sink-hole\/\" \/>\n<meta property=\"og:site_name\" content=\"Magnetenspecialist.nl\" \/>\n<meta property=\"article:publisher\" content=\"https:\/\/www.facebook.com\/Magnetenspecialist.nl\" \/>\n<meta property=\"article:modified_time\" content=\"2025-03-18T15:32:03+00:00\" \/>\n<meta property=\"og:image\" content=\"https:\/\/www.magnetenspecialist.nl\/wp-content\/uploads\/2019\/03\/Magnetenspecialist.nl_Schijfmagneet-80-x-35-mm-met-verzonken-gat_2.jpg\" \/>\n\t<meta property=\"og:image:width\" content=\"1500\" \/>\n\t<meta property=\"og:image:height\" content=\"1500\" \/>\n\t<meta property=\"og:image:type\" content=\"image\/jpeg\" \/>\n<meta name=\"twitter:card\" content=\"summary_large_image\" \/>\n<meta name=\"twitter:site\" content=\"@magnetenspecial\" \/>\n<meta name=\"twitter:label1\" content=\"Prix\" \/>\n\t<meta name=\"twitter:data1\" content=\"&euro;&nbsp;165,09\" \/>\n\t<meta name=\"twitter:label2\" content=\"Disponibilit\u00e9\" \/>\n\t<meta name=\"twitter:data2\" content=\"En stock\" \/>\n<script type=\"application\/ld+json\" class=\"yoast-schema-graph\">{\"@context\":\"https:\/\/schema.org\",\"@graph\":[{\"@type\":\"WebPage\",\"@id\":\"https:\/\/www.magnetenspecialist.nl\/fr\/magasin\/aimants-a-disque\/disc-magnet-80-x-35-mm-with-sink-hole\/\",\"url\":\"https:\/\/www.magnetenspecialist.nl\/fr\/magasin\/aimants-a-disque\/disc-magnet-80-x-35-mm-with-sink-hole\/\",\"name\":\"Disque aimant\u00e9 80 x 35 mm avec trou noy\u00e9 - Magnetenspecialist.nl\",\"isPartOf\":{\"@id\":\"https:\/\/www.magnetenspecialist.nl\/fr\/#website\"},\"primaryImageOfPage\":{\"@id\":\"https:\/\/www.magnetenspecialist.nl\/fr\/magasin\/aimants-a-disque\/disc-magnet-80-x-35-mm-with-sink-hole\/#primaryimage\"},\"image\":{\"@id\":\"https:\/\/www.magnetenspecialist.nl\/fr\/magasin\/aimants-a-disque\/disc-magnet-80-x-35-mm-with-sink-hole\/#primaryimage\"},\"thumbnailUrl\":\"https:\/\/www.magnetenspecialist.nl\/wp-content\/uploads\/2019\/03\/Magnetenspecialist.nl_Schijfmagneet-80-x-35-mm-met-verzonken-gat_2.jpg\",\"datePublished\":\"2019-03-08T10:01:42+00:00\",\"dateModified\":\"2025-03-18T15:32:03+00:00\",\"description\":\"Vous cherchez un Disque aimant\u00e9 80 x 35 mm avec trou noy\u00e9? Les aimants peuvent \u00eatre achet\u00e9s facilement en ligne sur Magnetenspecialist.nl \u2713 1 jour ouvrable de d\u00e9lai de livraison \u2713 14 jours de d\u00e9lai de r\u00e9flexion \u2713 Exp\u00e9dition ou enl\u00e8vement *.\",\"breadcrumb\":{\"@id\":\"https:\/\/www.magnetenspecialist.nl\/fr\/magasin\/aimants-a-disque\/disc-magnet-80-x-35-mm-with-sink-hole\/#breadcrumb\"},\"inLanguage\":\"fr-FR\",\"potentialAction\":[{\"@type\":\"ReadAction\",\"target\":[\"https:\/\/www.magnetenspecialist.nl\/fr\/magasin\/aimants-a-disque\/disc-magnet-80-x-35-mm-with-sink-hole\/\"]}]},{\"@type\":\"ImageObject\",\"inLanguage\":\"fr-FR\",\"@id\":\"https:\/\/www.magnetenspecialist.nl\/fr\/magasin\/aimants-a-disque\/disc-magnet-80-x-35-mm-with-sink-hole\/#primaryimage\",\"url\":\"https:\/\/www.magnetenspecialist.nl\/wp-content\/uploads\/2019\/03\/Magnetenspecialist.nl_Schijfmagneet-80-x-35-mm-met-verzonken-gat_2.jpg\",\"contentUrl\":\"https:\/\/www.magnetenspecialist.nl\/wp-content\/uploads\/2019\/03\/Magnetenspecialist.nl_Schijfmagneet-80-x-35-mm-met-verzonken-gat_2.jpg\",\"width\":1500,\"height\":1500},{\"@type\":\"BreadcrumbList\",\"@id\":\"https:\/\/www.magnetenspecialist.nl\/fr\/magasin\/aimants-a-disque\/disc-magnet-80-x-35-mm-with-sink-hole\/#breadcrumb\",\"itemListElement\":[{\"@type\":\"ListItem\",\"position\":1,\"name\":\"Accueil\",\"item\":\"https:\/\/www.magnetenspecialist.nl\/fr\/accueil\/\"},{\"@type\":\"ListItem\",\"position\":2,\"name\":\"Boutique\",\"item\":\"https:\/\/www.magnetenspecialist.nl\/fr\/boutique\/\"},{\"@type\":\"ListItem\",\"position\":3,\"name\":\"Disque aimant\u00e9 80 x 35 mm avec trou noy\u00e9\"}]},{\"@type\":\"WebSite\",\"@id\":\"https:\/\/www.magnetenspecialist.nl\/fr\/#website\",\"url\":\"https:\/\/www.magnetenspecialist.nl\/fr\/\",\"name\":\"Magnetenspecialist.nl\",\"description\":\"Vaste gamme d'aimants en n\u00e9odyme\",\"publisher\":{\"@id\":\"https:\/\/www.magnetenspecialist.nl\/fr\/#organization\"},\"potentialAction\":[{\"@type\":\"SearchAction\",\"target\":{\"@type\":\"EntryPoint\",\"urlTemplate\":\"https:\/\/www.magnetenspecialist.nl\/fr\/?s={search_term_string}\"},\"query-input\":{\"@type\":\"PropertyValueSpecification\",\"valueRequired\":true,\"valueName\":\"search_term_string\"}}],\"inLanguage\":\"fr-FR\"},{\"@type\":\"Organization\",\"@id\":\"https:\/\/www.magnetenspecialist.nl\/fr\/#organization\",\"name\":\"Magnetenspecialist.nl\",\"url\":\"https:\/\/www.magnetenspecialist.nl\/fr\/\",\"logo\":{\"@type\":\"ImageObject\",\"inLanguage\":\"fr-FR\",\"@id\":\"https:\/\/www.magnetenspecialist.nl\/fr\/#\/schema\/logo\/image\/\",\"url\":\"https:\/\/www.magnetenspecialist.nl\/wp-content\/uploads\/2018\/10\/magneten-logo.jpg\",\"contentUrl\":\"https:\/\/www.magnetenspecialist.nl\/wp-content\/uploads\/2018\/10\/magneten-logo.jpg\",\"width\":151,\"height\":151,\"caption\":\"Magnetenspecialist.nl\"},\"image\":{\"@id\":\"https:\/\/www.magnetenspecialist.nl\/fr\/#\/schema\/logo\/image\/\"},\"sameAs\":[\"https:\/\/www.facebook.com\/Magnetenspecialist.nl\",\"https:\/\/x.com\/magnetenspecial\"]}]}<\/script>\n<meta property=\"product:price:amount\" content=\"165.09\" \/>\n<meta property=\"product:price:currency\" content=\"EUR\" \/>\n<meta property=\"og:availability\" content=\"instock\" \/>\n<meta property=\"product:availability\" content=\"instock\" \/>\n<meta property=\"product:retailer_item_id\" content=\"sc080x035-N\" \/>\n<meta property=\"product:condition\" content=\"new\" \/>\n<!-- \/ Yoast SEO Premium plugin. -->","yoast_head_json":{"title":"Disque aimant\u00e9 80 x 35 mm avec trou noy\u00e9 - Magnetenspecialist.nl","description":"Vous cherchez un Disque aimant\u00e9 80 x 35 mm avec trou noy\u00e9? Les aimants peuvent \u00eatre achet\u00e9s facilement en ligne sur Magnetenspecialist.nl \u2713 1 jour ouvrable de d\u00e9lai de livraison \u2713 14 jours de d\u00e9lai de r\u00e9flexion \u2713 Exp\u00e9dition ou enl\u00e8vement *.","robots":{"index":"index","follow":"follow","max-snippet":"max-snippet:-1","max-image-preview":"max-image-preview:large","max-video-preview":"max-video-preview:-1"},"canonical":"https:\/\/www.magnetenspecialist.nl\/fr\/magasin\/aimants-a-disque\/disc-magnet-80-x-35-mm-with-sink-hole\/","og_locale":"fr_FR","og_type":"article","og_title":"Disque aimant\u00e9 80 x 35 mm avec trou noy\u00e9","og_description":"Vous cherchez un Disque aimant\u00e9 80 x 35 mm avec trou noy\u00e9? Les aimants peuvent \u00eatre achet\u00e9s facilement en ligne sur Magnetenspecialist.nl \u2713 1 jour ouvrable de d\u00e9lai de livraison \u2713 14 jours de d\u00e9lai de r\u00e9flexion \u2713 Exp\u00e9dition ou enl\u00e8vement *.","og_url":"https:\/\/www.magnetenspecialist.nl\/fr\/magasin\/aimants-a-disque\/disc-magnet-80-x-35-mm-with-sink-hole\/","og_site_name":"Magnetenspecialist.nl","article_publisher":"https:\/\/www.facebook.com\/Magnetenspecialist.nl","article_modified_time":"2025-03-18T15:32:03+00:00","og_image":[{"width":1500,"height":1500,"url":"https:\/\/www.magnetenspecialist.nl\/wp-content\/uploads\/2019\/03\/Magnetenspecialist.nl_Schijfmagneet-80-x-35-mm-met-verzonken-gat_2.jpg","type":"image\/jpeg"}],"twitter_card":"summary_large_image","twitter_site":"@magnetenspecial","twitter_misc":{"Prix":"&euro;&nbsp;165,09","Disponibilit\u00e9":"En stock"},"schema":{"@context":"https:\/\/schema.org","@graph":[{"@type":"WebPage","@id":"https:\/\/www.magnetenspecialist.nl\/fr\/magasin\/aimants-a-disque\/disc-magnet-80-x-35-mm-with-sink-hole\/","url":"https:\/\/www.magnetenspecialist.nl\/fr\/magasin\/aimants-a-disque\/disc-magnet-80-x-35-mm-with-sink-hole\/","name":"Disque aimant\u00e9 80 x 35 mm avec trou noy\u00e9 - Magnetenspecialist.nl","isPartOf":{"@id":"https:\/\/www.magnetenspecialist.nl\/fr\/#website"},"primaryImageOfPage":{"@id":"https:\/\/www.magnetenspecialist.nl\/fr\/magasin\/aimants-a-disque\/disc-magnet-80-x-35-mm-with-sink-hole\/#primaryimage"},"image":{"@id":"https:\/\/www.magnetenspecialist.nl\/fr\/magasin\/aimants-a-disque\/disc-magnet-80-x-35-mm-with-sink-hole\/#primaryimage"},"thumbnailUrl":"https:\/\/www.magnetenspecialist.nl\/wp-content\/uploads\/2019\/03\/Magnetenspecialist.nl_Schijfmagneet-80-x-35-mm-met-verzonken-gat_2.jpg","datePublished":"2019-03-08T10:01:42+00:00","dateModified":"2025-03-18T15:32:03+00:00","description":"Vous cherchez un Disque aimant\u00e9 80 x 35 mm avec trou noy\u00e9? Les aimants peuvent \u00eatre achet\u00e9s facilement en ligne sur Magnetenspecialist.nl \u2713 1 jour ouvrable de d\u00e9lai de livraison \u2713 14 jours de d\u00e9lai de r\u00e9flexion \u2713 Exp\u00e9dition ou enl\u00e8vement *.","breadcrumb":{"@id":"https:\/\/www.magnetenspecialist.nl\/fr\/magasin\/aimants-a-disque\/disc-magnet-80-x-35-mm-with-sink-hole\/#breadcrumb"},"inLanguage":"fr-FR","potentialAction":[{"@type":"ReadAction","target":["https:\/\/www.magnetenspecialist.nl\/fr\/magasin\/aimants-a-disque\/disc-magnet-80-x-35-mm-with-sink-hole\/"]}]},{"@type":"ImageObject","inLanguage":"fr-FR","@id":"https:\/\/www.magnetenspecialist.nl\/fr\/magasin\/aimants-a-disque\/disc-magnet-80-x-35-mm-with-sink-hole\/#primaryimage","url":"https:\/\/www.magnetenspecialist.nl\/wp-content\/uploads\/2019\/03\/Magnetenspecialist.nl_Schijfmagneet-80-x-35-mm-met-verzonken-gat_2.jpg","contentUrl":"https:\/\/www.magnetenspecialist.nl\/wp-content\/uploads\/2019\/03\/Magnetenspecialist.nl_Schijfmagneet-80-x-35-mm-met-verzonken-gat_2.jpg","width":1500,"height":1500},{"@type":"BreadcrumbList","@id":"https:\/\/www.magnetenspecialist.nl\/fr\/magasin\/aimants-a-disque\/disc-magnet-80-x-35-mm-with-sink-hole\/#breadcrumb","itemListElement":[{"@type":"ListItem","position":1,"name":"Accueil","item":"https:\/\/www.magnetenspecialist.nl\/fr\/accueil\/"},{"@type":"ListItem","position":2,"name":"Boutique","item":"https:\/\/www.magnetenspecialist.nl\/fr\/boutique\/"},{"@type":"ListItem","position":3,"name":"Disque aimant\u00e9 80 x 35 mm avec trou noy\u00e9"}]},{"@type":"WebSite","@id":"https:\/\/www.magnetenspecialist.nl\/fr\/#website","url":"https:\/\/www.magnetenspecialist.nl\/fr\/","name":"Magnetenspecialist.nl","description":"Vaste gamme d'aimants en n\u00e9odyme","publisher":{"@id":"https:\/\/www.magnetenspecialist.nl\/fr\/#organization"},"potentialAction":[{"@type":"SearchAction","target":{"@type":"EntryPoint","urlTemplate":"https:\/\/www.magnetenspecialist.nl\/fr\/?s={search_term_string}"},"query-input":{"@type":"PropertyValueSpecification","valueRequired":true,"valueName":"search_term_string"}}],"inLanguage":"fr-FR"},{"@type":"Organization","@id":"https:\/\/www.magnetenspecialist.nl\/fr\/#organization","name":"Magnetenspecialist.nl","url":"https:\/\/www.magnetenspecialist.nl\/fr\/","logo":{"@type":"ImageObject","inLanguage":"fr-FR","@id":"https:\/\/www.magnetenspecialist.nl\/fr\/#\/schema\/logo\/image\/","url":"https:\/\/www.magnetenspecialist.nl\/wp-content\/uploads\/2018\/10\/magneten-logo.jpg","contentUrl":"https:\/\/www.magnetenspecialist.nl\/wp-content\/uploads\/2018\/10\/magneten-logo.jpg","width":151,"height":151,"caption":"Magnetenspecialist.nl"},"image":{"@id":"https:\/\/www.magnetenspecialist.nl\/fr\/#\/schema\/logo\/image\/"},"sameAs":["https:\/\/www.facebook.com\/Magnetenspecialist.nl","https:\/\/x.com\/magnetenspecial"]}]},"product_price_amount":"165.09","product_price_currency":"EUR","og_availability":"instock","product_availability":"instock","product_retailer_item_id":"sc080x035-N","product_condition":"new"},"_links":{"self":[{"href":"https:\/\/www.magnetenspecialist.nl\/fr\/wp-json\/wp\/v2\/product\/95061"}],"collection":[{"href":"https:\/\/www.magnetenspecialist.nl\/fr\/wp-json\/wp\/v2\/product"}],"about":[{"href":"https:\/\/www.magnetenspecialist.nl\/fr\/wp-json\/wp\/v2\/types\/product"}],"wp:featuredmedia":[{"embeddable":true,"href":"https:\/\/www.magnetenspecialist.nl\/fr\/wp-json\/wp\/v2\/media\/113758"}],"wp:attachment":[{"href":"https:\/\/www.magnetenspecialist.nl\/fr\/wp-json\/wp\/v2\/media?parent=95061"}],"wp:term":[{"taxonomy":"product_brand","embeddable":true,"href":"https:\/\/www.magnetenspecialist.nl\/fr\/wp-json\/wp\/v2\/product_brand?post=95061"},{"taxonomy":"product_cat","embeddable":true,"href":"https:\/\/www.magnetenspecialist.nl\/fr\/wp-json\/wp\/v2\/product_cat?post=95061"},{"taxonomy":"product_tag","embeddable":true,"href":"https:\/\/www.magnetenspecialist.nl\/fr\/wp-json\/wp\/v2\/product_tag?post=95061"}],"curies":[{"name":"wp","href":"https:\/\/api.w.org\/{rel}","templated":true}]}}