{"id":95062,"date":"2019-03-08T11:01:39","date_gmt":"2019-03-08T10:01:39","guid":{"rendered":"https:\/\/www.magnetenspecialist.nl\/winkel\/non%20class\u00e9\/disque-magnetique-10-x-5-mm-epoxy\/"},"modified":"2025-05-23T01:00:12","modified_gmt":"2025-05-22T23:00:12","slug":"disque-aimante-10-x-5-mm-epoxy","status":"publish","type":"product","link":"https:\/\/www.magnetenspecialist.nl\/fr\/magasin\/aimants-a-disque\/disque-aimante-10-x-5-mm-epoxy\/","title":{"rendered":"Aimant disque en n\u00e9odyme 10 x 5 mm &#8211; rev\u00eatement \u00e9poxy"},"content":{"rendered":"<h3>Aimant \u00e0 disque 10 x 5 mm Epoxy, N50, force de maintien maximale 3 KG  <img decoding=\"async\" class=\"alignnone size-medium wp-image-110749\" src=\"https:\/\/www.magnetenspecialist.nl\/wp-content\/uploads\/2019\/03\/Magnetenspecialist.nl_Schijfmagneet-10-x-5-mm-Epoxy_2-300x300.jpg\" alt=\"\" width=\"300\" height=\"300\" srcset=\"https:\/\/www.magnetenspecialist.nl\/wp-content\/uploads\/2019\/03\/Magnetenspecialist.nl_Schijfmagneet-10-x-5-mm-Epoxy_2-300x300.jpg 300w, https:\/\/www.magnetenspecialist.nl\/wp-content\/uploads\/2019\/03\/Magnetenspecialist.nl_Schijfmagneet-10-x-5-mm-Epoxy_2-1024x1024.jpg 1024w, https:\/\/www.magnetenspecialist.nl\/wp-content\/uploads\/2019\/03\/Magnetenspecialist.nl_Schijfmagneet-10-x-5-mm-Epoxy_2-150x150.jpg 150w, https:\/\/www.magnetenspecialist.nl\/wp-content\/uploads\/2019\/03\/Magnetenspecialist.nl_Schijfmagneet-10-x-5-mm-Epoxy_2-768x768.jpg 768w, https:\/\/www.magnetenspecialist.nl\/wp-content\/uploads\/2019\/03\/Magnetenspecialist.nl_Schijfmagneet-10-x-5-mm-Epoxy_2-600x600.jpg 600w, https:\/\/www.magnetenspecialist.nl\/wp-content\/uploads\/2019\/03\/Magnetenspecialist.nl_Schijfmagneet-10-x-5-mm-Epoxy_2-100x100.jpg 100w, https:\/\/www.magnetenspecialist.nl\/wp-content\/uploads\/2019\/03\/Magnetenspecialist.nl_Schijfmagneet-10-x-5-mm-Epoxy_2.jpg 1500w\" sizes=\"(max-width: 300px) 100vw, 300px\" \/><\/h3>\n<p class=\"\" data-start=\"289\" data-end=\"574\">Cet aimant \u00e0 disque en n\u00e9odyme a un diam\u00e8tre de 10 mm et une hauteur de 5 mm. Gr\u00e2ce \u00e0 sa taille compacte et \u00e0 sa force magn\u00e9tique \u00e9lev\u00e9e, cet aimant convient \u00e0 une vari\u00e9t\u00e9 d&#8217;applications telles que le mod\u00e9lisme, le d\u00e9veloppement de produits, les syst\u00e8mes de fixation et les applications industrielles. <\/p>\n<p class=\"\" data-start=\"576\" data-end=\"785\">L&#8217;aimant est fabriqu\u00e9 en <strong data-start=\"618\" data-end=\"631\">n\u00e9odyme<\/strong> de haute qualit\u00e9, le mat\u00e9riau magn\u00e9tique permanent le plus puissant du march\u00e9. Il offre donc une puissance de traction impressionnante malgr\u00e9 sa taille relativement petite. <\/p>\n<p class=\"\" data-start=\"787\" data-end=\"1061\">Pour augmenter la durabilit\u00e9, cet aimant \u00e0 disque est <strong data-start=\"857\" data-end=\"874\">recouvert d&#8217;une couche \u00e9poxy<\/strong> (Ni-Cu-Ni-EP). Ce rev\u00eatement protecteur noir offre une r\u00e9sistance suppl\u00e9mentaire \u00e0 la <strong data-start=\"943\" data-end=\"986\">corrosion, \u00e0 l&#8217;humidit\u00e9 et \u00e0 l&#8217;usure m\u00e9canique<\/strong>, ce qui permet \u00e9galement \u00e0 l&#8217;aimant d&#8217;\u00eatre utilis\u00e9 dans des environnements exigeants. <\/p>\n<p class=\"\" data-start=\"1063\" data-end=\"1255\">La combinaison de la force, de la taille et de la protection fait de cet aimant un choix id\u00e9al pour les professionnels et les bricoleurs \u00e0 la recherche d&#8217;une solution magn\u00e9tique fiable et puissante.<\/p>\n<p class=\"\" data-start=\"1257\" data-end=\"1275\"><strong data-start=\"1257\" data-end=\"1275\">Sp\u00e9cifications :<\/strong><\/p>\n<ul data-start=\"1276\" data-end=\"1423\">\n<li class=\"\" data-start=\"1276\" data-end=\"1302\">\n<p class=\"\" data-start=\"1278\" data-end=\"1302\">Dimensions : \u00d810 x 5 mm<\/p>\n<\/li>\n<li class=\"\" data-start=\"1303\" data-end=\"1327\">\n<p class=\"\" data-start=\"1305\" data-end=\"1327\">Mat\u00e9riau : N\u00e9odyme<\/p>\n<\/li>\n<li class=\"\" data-start=\"1328\" data-end=\"1360\">\n<p class=\"\" data-start=\"1330\" data-end=\"1360\">Rev\u00eatement : \u00e9poxy (Ni-Cu-Ni-EP)<\/p>\n<\/li>\n<li class=\"\" data-start=\"1361\" data-end=\"1377\">\n<p class=\"\" data-start=\"1363\" data-end=\"1377\">Forme : Disque<\/p>\n<\/li>\n<li class=\"\" data-start=\"1378\" data-end=\"1402\">\n<p class=\"\" data-start=\"1380\" data-end=\"1402\">Couleur du rev\u00eatement : noir<\/p>\n<\/li>\n<li class=\"\" data-start=\"1403\" data-end=\"1423\">\n<p class=\"\" data-start=\"1405\" data-end=\"1423\">Force de traction : \u00e9lev\u00e9e<\/p>\n<\/li>\n<\/ul>\n<p class=\"\" data-start=\"1425\" data-end=\"1555\"><strong data-start=\"1425\" data-end=\"1436\">Remarque : les<\/strong> aimants en n\u00e9odyme sont puissants mais aussi fragiles. Ne les laissez pas s&#8217;entrechoquer avec force pour \u00e9viter de les endommager. <\/p>\n<p class=\"\" data-start=\"1557\" data-end=\"1686\">Vous recherchez un aimant robuste avec une protection suppl\u00e9mentaire ? Cet aimant \u00e0 disque en n\u00e9odyme recouvert d&#8217;\u00e9poxy est exactement ce qu&#8217;il vous faut. <\/p>\n","protected":false},"excerpt":{"rendered":"<p>Aimant \u00e0 disque 10 x 5 mm Epoxy, N50, force de maintien maximale 3 KG Cet aimant \u00e0 disque en n\u00e9odyme a un diam\u00e8tre de 10 mm et une hauteur de 5 mm. Gr\u00e2ce \u00e0 sa taille compacte et \u00e0 sa force magn\u00e9tique \u00e9lev\u00e9e, cet aimant convient \u00e0 une vari\u00e9t\u00e9 d&#8217;applications telles que le mod\u00e9lisme, [&hellip;]<\/p>\n","protected":false},"featured_media":110747,"template":"","meta":{"_acf_changed":false},"product_brand":[3521],"product_cat":[1400,1379],"product_tag":[3160],"class_list":{"0":"post-95062","1":"product","2":"type-product","3":"status-publish","4":"has-post-thumbnail","6":"product_brand-magnetenspecialist","7":"product_cat-aimants-a-disque","8":"product_cat-epoxy-fr","9":"product_tag-groep-5-fr","10":"pa_houdkracht-3-fr","11":"pa_magnetisering-n42-fr","12":"pa_magnetiseringsrichting-axiaal-fr","13":"pa_materiaal-epoxy-fr-2","14":"pa_maximale-gebruikstemperatuur-80-fr","15":"pa_model-aimants-a-disques","17":"first","18":"instock","19":"taxable","20":"shipping-taxable","21":"purchasable","22":"product-type-simple"},"supplier_id":null,"supplier_sku":"","barcode":null,"atum_controlled":true,"out_stock_date":null,"out_stock_threshold":null,"inheritable":false,"inbound_stock":0,"stock_on_hold":0,"sold_today":8,"sales_last_days":14,"reserved_stock":0,"customer_returns":0,"warehouse_damage":0,"lost_in_post":0,"other_logs":0,"out_stock_days":0,"lost_sales":0,"has_location":false,"update_date":"2026-04-15T08:49:34","atum_locations":[],"atum_stock_status":"instock","restock_status":false,"low_stock_amount":4000,"sales_update_date":"2026-04-15T08:49:33","calc_backorders":null,"acf":[],"yoast_head":"<!-- This site is optimized with the Yoast SEO Premium plugin v24.7 (Yoast SEO v24.7) - https:\/\/yoast.com\/wordpress\/plugins\/seo\/ -->\n<title>Aimant disque en n\u00e9odyme 10 x 5 mm - rev\u00eatement \u00e9poxy - Magnetenspecialist.nl<\/title>\n<meta name=\"description\" content=\"Vous cherchez un Aimant disque en n\u00e9odyme 10 x 5 mm - rev\u00eatement \u00e9poxy? Les aimants peuvent \u00eatre achet\u00e9s facilement en ligne sur Magnetenspecialist.nl \u2713 1 jour ouvrable de d\u00e9lai de livraison \u2713 14 jours de d\u00e9lai de r\u00e9flexion \u2713 Exp\u00e9dition ou enl\u00e8vement *.\" \/>\n<meta name=\"robots\" content=\"index, follow, max-snippet:-1, max-image-preview:large, max-video-preview:-1\" \/>\n<link rel=\"canonical\" href=\"https:\/\/www.magnetenspecialist.nl\/fr\/magasin\/aimants-a-disque\/disque-aimante-10-x-5-mm-epoxy\/\" \/>\n<meta property=\"og:locale\" content=\"fr_FR\" \/>\n<meta property=\"og:type\" content=\"article\" \/>\n<meta property=\"og:title\" content=\"Aimant disque en n\u00e9odyme 10 x 5 mm - rev\u00eatement \u00e9poxy\" \/>\n<meta property=\"og:description\" content=\"Vous cherchez un Aimant disque en n\u00e9odyme 10 x 5 mm - rev\u00eatement \u00e9poxy? Les aimants peuvent \u00eatre achet\u00e9s facilement en ligne sur Magnetenspecialist.nl \u2713 1 jour ouvrable de d\u00e9lai de livraison \u2713 14 jours de d\u00e9lai de r\u00e9flexion \u2713 Exp\u00e9dition ou enl\u00e8vement *.\" \/>\n<meta property=\"og:url\" content=\"https:\/\/www.magnetenspecialist.nl\/fr\/magasin\/aimants-a-disque\/disque-aimante-10-x-5-mm-epoxy\/\" \/>\n<meta property=\"og:site_name\" content=\"Magnetenspecialist.nl\" \/>\n<meta property=\"article:publisher\" content=\"https:\/\/www.facebook.com\/Magnetenspecialist.nl\" \/>\n<meta property=\"article:modified_time\" content=\"2025-05-22T23:00:12+00:00\" \/>\n<meta property=\"og:image\" content=\"https:\/\/www.magnetenspecialist.nl\/wp-content\/uploads\/2019\/03\/Magnetenspecialist.nl_Schijfmagneet-10-x-5-mm-Epoxy_1.jpg\" \/>\n\t<meta property=\"og:image:width\" content=\"1500\" \/>\n\t<meta property=\"og:image:height\" content=\"1500\" \/>\n\t<meta property=\"og:image:type\" content=\"image\/jpeg\" \/>\n<meta name=\"twitter:card\" content=\"summary_large_image\" \/>\n<meta name=\"twitter:site\" content=\"@magnetenspecial\" \/>\n<meta name=\"twitter:label1\" content=\"Prix\" \/>\n\t<meta name=\"twitter:data1\" content=\"&euro;&nbsp;1,18\" \/>\n\t<meta name=\"twitter:label2\" content=\"Disponibilit\u00e9\" \/>\n\t<meta name=\"twitter:data2\" content=\"En stock\" \/>\n<script type=\"application\/ld+json\" class=\"yoast-schema-graph\">{\"@context\":\"https:\/\/schema.org\",\"@graph\":[{\"@type\":\"WebPage\",\"@id\":\"https:\/\/www.magnetenspecialist.nl\/fr\/magasin\/aimants-a-disque\/disque-aimante-10-x-5-mm-epoxy\/\",\"url\":\"https:\/\/www.magnetenspecialist.nl\/fr\/magasin\/aimants-a-disque\/disque-aimante-10-x-5-mm-epoxy\/\",\"name\":\"Aimant disque en n\u00e9odyme 10 x 5 mm - rev\u00eatement \u00e9poxy - Magnetenspecialist.nl\",\"isPartOf\":{\"@id\":\"https:\/\/www.magnetenspecialist.nl\/fr\/#website\"},\"primaryImageOfPage\":{\"@id\":\"https:\/\/www.magnetenspecialist.nl\/fr\/magasin\/aimants-a-disque\/disque-aimante-10-x-5-mm-epoxy\/#primaryimage\"},\"image\":{\"@id\":\"https:\/\/www.magnetenspecialist.nl\/fr\/magasin\/aimants-a-disque\/disque-aimante-10-x-5-mm-epoxy\/#primaryimage\"},\"thumbnailUrl\":\"https:\/\/www.magnetenspecialist.nl\/wp-content\/uploads\/2019\/03\/Magnetenspecialist.nl_Schijfmagneet-10-x-5-mm-Epoxy_1.jpg\",\"datePublished\":\"2019-03-08T10:01:39+00:00\",\"dateModified\":\"2025-05-22T23:00:12+00:00\",\"description\":\"Vous cherchez un Aimant disque en n\u00e9odyme 10 x 5 mm - rev\u00eatement \u00e9poxy? Les aimants peuvent \u00eatre achet\u00e9s facilement en ligne sur Magnetenspecialist.nl \u2713 1 jour ouvrable de d\u00e9lai de livraison \u2713 14 jours de d\u00e9lai de r\u00e9flexion \u2713 Exp\u00e9dition ou enl\u00e8vement *.\",\"breadcrumb\":{\"@id\":\"https:\/\/www.magnetenspecialist.nl\/fr\/magasin\/aimants-a-disque\/disque-aimante-10-x-5-mm-epoxy\/#breadcrumb\"},\"inLanguage\":\"fr-FR\",\"potentialAction\":[{\"@type\":\"ReadAction\",\"target\":[\"https:\/\/www.magnetenspecialist.nl\/fr\/magasin\/aimants-a-disque\/disque-aimante-10-x-5-mm-epoxy\/\"]}]},{\"@type\":\"ImageObject\",\"inLanguage\":\"fr-FR\",\"@id\":\"https:\/\/www.magnetenspecialist.nl\/fr\/magasin\/aimants-a-disque\/disque-aimante-10-x-5-mm-epoxy\/#primaryimage\",\"url\":\"https:\/\/www.magnetenspecialist.nl\/wp-content\/uploads\/2019\/03\/Magnetenspecialist.nl_Schijfmagneet-10-x-5-mm-Epoxy_1.jpg\",\"contentUrl\":\"https:\/\/www.magnetenspecialist.nl\/wp-content\/uploads\/2019\/03\/Magnetenspecialist.nl_Schijfmagneet-10-x-5-mm-Epoxy_1.jpg\",\"width\":1500,\"height\":1500},{\"@type\":\"BreadcrumbList\",\"@id\":\"https:\/\/www.magnetenspecialist.nl\/fr\/magasin\/aimants-a-disque\/disque-aimante-10-x-5-mm-epoxy\/#breadcrumb\",\"itemListElement\":[{\"@type\":\"ListItem\",\"position\":1,\"name\":\"Accueil\",\"item\":\"https:\/\/www.magnetenspecialist.nl\/fr\/accueil\/\"},{\"@type\":\"ListItem\",\"position\":2,\"name\":\"Boutique\",\"item\":\"https:\/\/www.magnetenspecialist.nl\/fr\/boutique\/\"},{\"@type\":\"ListItem\",\"position\":3,\"name\":\"Aimant disque en n\u00e9odyme 10 x 5 mm &#8211; rev\u00eatement \u00e9poxy\"}]},{\"@type\":\"WebSite\",\"@id\":\"https:\/\/www.magnetenspecialist.nl\/fr\/#website\",\"url\":\"https:\/\/www.magnetenspecialist.nl\/fr\/\",\"name\":\"Magnetenspecialist.nl\",\"description\":\"Vaste gamme d'aimants en n\u00e9odyme\",\"publisher\":{\"@id\":\"https:\/\/www.magnetenspecialist.nl\/fr\/#organization\"},\"potentialAction\":[{\"@type\":\"SearchAction\",\"target\":{\"@type\":\"EntryPoint\",\"urlTemplate\":\"https:\/\/www.magnetenspecialist.nl\/fr\/?s={search_term_string}\"},\"query-input\":{\"@type\":\"PropertyValueSpecification\",\"valueRequired\":true,\"valueName\":\"search_term_string\"}}],\"inLanguage\":\"fr-FR\"},{\"@type\":\"Organization\",\"@id\":\"https:\/\/www.magnetenspecialist.nl\/fr\/#organization\",\"name\":\"Magnetenspecialist.nl\",\"url\":\"https:\/\/www.magnetenspecialist.nl\/fr\/\",\"logo\":{\"@type\":\"ImageObject\",\"inLanguage\":\"fr-FR\",\"@id\":\"https:\/\/www.magnetenspecialist.nl\/fr\/#\/schema\/logo\/image\/\",\"url\":\"https:\/\/www.magnetenspecialist.nl\/wp-content\/uploads\/2018\/10\/magneten-logo.jpg\",\"contentUrl\":\"https:\/\/www.magnetenspecialist.nl\/wp-content\/uploads\/2018\/10\/magneten-logo.jpg\",\"width\":151,\"height\":151,\"caption\":\"Magnetenspecialist.nl\"},\"image\":{\"@id\":\"https:\/\/www.magnetenspecialist.nl\/fr\/#\/schema\/logo\/image\/\"},\"sameAs\":[\"https:\/\/www.facebook.com\/Magnetenspecialist.nl\",\"https:\/\/x.com\/magnetenspecial\"]}]}<\/script>\n<meta property=\"product:price:amount\" content=\"1.18\" \/>\n<meta property=\"product:price:currency\" content=\"EUR\" \/>\n<meta property=\"og:availability\" content=\"instock\" \/>\n<meta property=\"product:availability\" content=\"instock\" \/>\n<meta property=\"product:retailer_item_id\" content=\"sc010x005-E\" \/>\n<meta property=\"product:condition\" content=\"new\" \/>\n<!-- \/ Yoast SEO Premium plugin. -->","yoast_head_json":{"title":"Aimant disque en n\u00e9odyme 10 x 5 mm - rev\u00eatement \u00e9poxy - Magnetenspecialist.nl","description":"Vous cherchez un Aimant disque en n\u00e9odyme 10 x 5 mm - rev\u00eatement \u00e9poxy? Les aimants peuvent \u00eatre achet\u00e9s facilement en ligne sur Magnetenspecialist.nl \u2713 1 jour ouvrable de d\u00e9lai de livraison \u2713 14 jours de d\u00e9lai de r\u00e9flexion \u2713 Exp\u00e9dition ou enl\u00e8vement *.","robots":{"index":"index","follow":"follow","max-snippet":"max-snippet:-1","max-image-preview":"max-image-preview:large","max-video-preview":"max-video-preview:-1"},"canonical":"https:\/\/www.magnetenspecialist.nl\/fr\/magasin\/aimants-a-disque\/disque-aimante-10-x-5-mm-epoxy\/","og_locale":"fr_FR","og_type":"article","og_title":"Aimant disque en n\u00e9odyme 10 x 5 mm - rev\u00eatement \u00e9poxy","og_description":"Vous cherchez un Aimant disque en n\u00e9odyme 10 x 5 mm - rev\u00eatement \u00e9poxy? Les aimants peuvent \u00eatre achet\u00e9s facilement en ligne sur Magnetenspecialist.nl \u2713 1 jour ouvrable de d\u00e9lai de livraison \u2713 14 jours de d\u00e9lai de r\u00e9flexion \u2713 Exp\u00e9dition ou enl\u00e8vement *.","og_url":"https:\/\/www.magnetenspecialist.nl\/fr\/magasin\/aimants-a-disque\/disque-aimante-10-x-5-mm-epoxy\/","og_site_name":"Magnetenspecialist.nl","article_publisher":"https:\/\/www.facebook.com\/Magnetenspecialist.nl","article_modified_time":"2025-05-22T23:00:12+00:00","og_image":[{"width":1500,"height":1500,"url":"https:\/\/www.magnetenspecialist.nl\/wp-content\/uploads\/2019\/03\/Magnetenspecialist.nl_Schijfmagneet-10-x-5-mm-Epoxy_1.jpg","type":"image\/jpeg"}],"twitter_card":"summary_large_image","twitter_site":"@magnetenspecial","twitter_misc":{"Prix":"&euro;&nbsp;1,18","Disponibilit\u00e9":"En stock"},"schema":{"@context":"https:\/\/schema.org","@graph":[{"@type":"WebPage","@id":"https:\/\/www.magnetenspecialist.nl\/fr\/magasin\/aimants-a-disque\/disque-aimante-10-x-5-mm-epoxy\/","url":"https:\/\/www.magnetenspecialist.nl\/fr\/magasin\/aimants-a-disque\/disque-aimante-10-x-5-mm-epoxy\/","name":"Aimant disque en n\u00e9odyme 10 x 5 mm - rev\u00eatement \u00e9poxy - Magnetenspecialist.nl","isPartOf":{"@id":"https:\/\/www.magnetenspecialist.nl\/fr\/#website"},"primaryImageOfPage":{"@id":"https:\/\/www.magnetenspecialist.nl\/fr\/magasin\/aimants-a-disque\/disque-aimante-10-x-5-mm-epoxy\/#primaryimage"},"image":{"@id":"https:\/\/www.magnetenspecialist.nl\/fr\/magasin\/aimants-a-disque\/disque-aimante-10-x-5-mm-epoxy\/#primaryimage"},"thumbnailUrl":"https:\/\/www.magnetenspecialist.nl\/wp-content\/uploads\/2019\/03\/Magnetenspecialist.nl_Schijfmagneet-10-x-5-mm-Epoxy_1.jpg","datePublished":"2019-03-08T10:01:39+00:00","dateModified":"2025-05-22T23:00:12+00:00","description":"Vous cherchez un Aimant disque en n\u00e9odyme 10 x 5 mm - rev\u00eatement \u00e9poxy? Les aimants peuvent \u00eatre achet\u00e9s facilement en ligne sur Magnetenspecialist.nl \u2713 1 jour ouvrable de d\u00e9lai de livraison \u2713 14 jours de d\u00e9lai de r\u00e9flexion \u2713 Exp\u00e9dition ou enl\u00e8vement *.","breadcrumb":{"@id":"https:\/\/www.magnetenspecialist.nl\/fr\/magasin\/aimants-a-disque\/disque-aimante-10-x-5-mm-epoxy\/#breadcrumb"},"inLanguage":"fr-FR","potentialAction":[{"@type":"ReadAction","target":["https:\/\/www.magnetenspecialist.nl\/fr\/magasin\/aimants-a-disque\/disque-aimante-10-x-5-mm-epoxy\/"]}]},{"@type":"ImageObject","inLanguage":"fr-FR","@id":"https:\/\/www.magnetenspecialist.nl\/fr\/magasin\/aimants-a-disque\/disque-aimante-10-x-5-mm-epoxy\/#primaryimage","url":"https:\/\/www.magnetenspecialist.nl\/wp-content\/uploads\/2019\/03\/Magnetenspecialist.nl_Schijfmagneet-10-x-5-mm-Epoxy_1.jpg","contentUrl":"https:\/\/www.magnetenspecialist.nl\/wp-content\/uploads\/2019\/03\/Magnetenspecialist.nl_Schijfmagneet-10-x-5-mm-Epoxy_1.jpg","width":1500,"height":1500},{"@type":"BreadcrumbList","@id":"https:\/\/www.magnetenspecialist.nl\/fr\/magasin\/aimants-a-disque\/disque-aimante-10-x-5-mm-epoxy\/#breadcrumb","itemListElement":[{"@type":"ListItem","position":1,"name":"Accueil","item":"https:\/\/www.magnetenspecialist.nl\/fr\/accueil\/"},{"@type":"ListItem","position":2,"name":"Boutique","item":"https:\/\/www.magnetenspecialist.nl\/fr\/boutique\/"},{"@type":"ListItem","position":3,"name":"Aimant disque en n\u00e9odyme 10 x 5 mm &#8211; rev\u00eatement \u00e9poxy"}]},{"@type":"WebSite","@id":"https:\/\/www.magnetenspecialist.nl\/fr\/#website","url":"https:\/\/www.magnetenspecialist.nl\/fr\/","name":"Magnetenspecialist.nl","description":"Vaste gamme d'aimants en n\u00e9odyme","publisher":{"@id":"https:\/\/www.magnetenspecialist.nl\/fr\/#organization"},"potentialAction":[{"@type":"SearchAction","target":{"@type":"EntryPoint","urlTemplate":"https:\/\/www.magnetenspecialist.nl\/fr\/?s={search_term_string}"},"query-input":{"@type":"PropertyValueSpecification","valueRequired":true,"valueName":"search_term_string"}}],"inLanguage":"fr-FR"},{"@type":"Organization","@id":"https:\/\/www.magnetenspecialist.nl\/fr\/#organization","name":"Magnetenspecialist.nl","url":"https:\/\/www.magnetenspecialist.nl\/fr\/","logo":{"@type":"ImageObject","inLanguage":"fr-FR","@id":"https:\/\/www.magnetenspecialist.nl\/fr\/#\/schema\/logo\/image\/","url":"https:\/\/www.magnetenspecialist.nl\/wp-content\/uploads\/2018\/10\/magneten-logo.jpg","contentUrl":"https:\/\/www.magnetenspecialist.nl\/wp-content\/uploads\/2018\/10\/magneten-logo.jpg","width":151,"height":151,"caption":"Magnetenspecialist.nl"},"image":{"@id":"https:\/\/www.magnetenspecialist.nl\/fr\/#\/schema\/logo\/image\/"},"sameAs":["https:\/\/www.facebook.com\/Magnetenspecialist.nl","https:\/\/x.com\/magnetenspecial"]}]},"product_price_amount":"1.18","product_price_currency":"EUR","og_availability":"instock","product_availability":"instock","product_retailer_item_id":"sc010x005-E","product_condition":"new"},"_links":{"self":[{"href":"https:\/\/www.magnetenspecialist.nl\/fr\/wp-json\/wp\/v2\/product\/95062","targetHints":{"allow":["GET"]}}],"collection":[{"href":"https:\/\/www.magnetenspecialist.nl\/fr\/wp-json\/wp\/v2\/product"}],"about":[{"href":"https:\/\/www.magnetenspecialist.nl\/fr\/wp-json\/wp\/v2\/types\/product"}],"wp:featuredmedia":[{"embeddable":true,"href":"https:\/\/www.magnetenspecialist.nl\/fr\/wp-json\/wp\/v2\/media\/110747"}],"wp:attachment":[{"href":"https:\/\/www.magnetenspecialist.nl\/fr\/wp-json\/wp\/v2\/media?parent=95062"}],"wp:term":[{"taxonomy":"product_brand","embeddable":true,"href":"https:\/\/www.magnetenspecialist.nl\/fr\/wp-json\/wp\/v2\/product_brand?post=95062"},{"taxonomy":"product_cat","embeddable":true,"href":"https:\/\/www.magnetenspecialist.nl\/fr\/wp-json\/wp\/v2\/product_cat?post=95062"},{"taxonomy":"product_tag","embeddable":true,"href":"https:\/\/www.magnetenspecialist.nl\/fr\/wp-json\/wp\/v2\/product_tag?post=95062"}],"curies":[{"name":"wp","href":"https:\/\/api.w.org\/{rel}","templated":true}]}}