{"id":95670,"date":"2019-03-08T11:02:49","date_gmt":"2019-03-08T10:02:49","guid":{"rendered":"https:\/\/www.magnetenspecialist.nl\/winkel\/non%20class\u00e9\/crochet-magnetique-10-x-5-x-4-5-mm\/"},"modified":"2025-05-06T16:07:22","modified_gmt":"2025-05-06T14:07:22","slug":"haakmagneet-10-x-5-x-4-5-mm","status":"publish","type":"product","link":"https:\/\/www.magnetenspecialist.nl\/fr\/magasin\/aimants-a-crochet\/haakmagneet-10-x-5-x-4-5-mm\/","title":{"rendered":"Aimant \u00e0 crochet 10 x 5 x 4,5 mm &#8211; Aimant en n\u00e9odyme N40 dans un bo\u00eetier en acier"},"content":{"rendered":"<p class=\"\" data-start=\"182\" data-end=\"529\"><strong data-start=\"182\" data-end=\"257\">Aimant \u00e0 crochet 10 x 5 x 4,5 mm &#8211; Aimant en n\u00e9odyme N40 dans un bo\u00eetier en acier<\/strong><br data-start=\"257\" data-end=\"260\">Cet aimant \u00e0 crochet compact mais puissant est \u00e9quip\u00e9 d&#8217;un aimant en n\u00e9odyme N40 et d&#8217;un bo\u00eetier en acier robuste. Avec un diam\u00e8tre de seulement 10 mm, il convient parfaitement aux applications o\u00f9 l&#8217;espace est limit\u00e9 mais o\u00f9 une force de maintien fiable est n\u00e9cessaire. <\/p>\n<p class=\"\" data-start=\"531\" data-end=\"840\">Le crochet int\u00e9gr\u00e9 permet de suspendre facilement des objets l\u00e9gers tels que des cl\u00e9s, des outils, des \u00e9tiquettes ou des c\u00e2bles. Id\u00e9al pour une utilisation dans les m\u00e9nages, les ateliers, les bureaux, les entrep\u00f4ts ou les v\u00e9hicules. Le bo\u00eetier en acier augmente la durabilit\u00e9 de l&#8217;aimant et le prot\u00e8ge contre les chocs.  <\/p>\n<h3 class=\"\" data-start=\"842\" data-end=\"860\"><strong data-start=\"846\" data-end=\"860\">Caract\u00e9ristiques :<\/strong><\/h3>\n<ul data-start=\"861\" data-end=\"1241\">\n<li class=\"\" data-start=\"861\" data-end=\"897\">\n<p class=\"\" data-start=\"863\" data-end=\"897\"><strong data-start=\"863\" data-end=\"878\">Dimensions :<\/strong> \u00d810 x 5 x 4,5 mm<\/p>\n<\/li>\n<li class=\"\" data-start=\"898\" data-end=\"946\">\n<p class=\"\" data-start=\"900\" data-end=\"946\"><strong data-start=\"900\" data-end=\"922\">Mat\u00e9riau de l&#8217;aimant :<\/strong> N\u00e9odyme N40 (NdFeB)<\/p>\n<\/li>\n<li class=\"\" data-start=\"947\" data-end=\"971\">\n<p class=\"\" data-start=\"949\" data-end=\"971\"><strong data-start=\"949\" data-end=\"963\">Bo\u00eetier :<\/strong> acier<\/p>\n<\/li>\n<li class=\"\" data-start=\"972\" data-end=\"1067\">\n<p class=\"\" data-start=\"974\" data-end=\"1067\"><strong data-start=\"974\" data-end=\"989\">Application :<\/strong> zones int\u00e9rieures avec un espace limit\u00e9 o\u00f9 des applications de suspension l\u00e9g\u00e8re sont n\u00e9cessaires<\/p>\n<\/li>\n<li class=\"\" data-start=\"1068\" data-end=\"1155\">\n<p class=\"\" data-start=\"1070\" data-end=\"1155\"><strong data-start=\"1070\" data-end=\"1082\">Montage :<\/strong> facile \u00e0 placer sur des surfaces m\u00e9talliques &#8211; aucune fixation n&#8217;est n\u00e9cessaire<\/p>\n<\/li>\n<li class=\"\" data-start=\"1156\" data-end=\"1241\">\n<p class=\"\" data-start=\"1158\" data-end=\"1241\"><strong data-start=\"1158\" data-end=\"1172\">Avantages :<\/strong> Compact, solide, r\u00e9utilisable et inoxydable dans des conditions normales d&#8217;utilisation.<\/p>\n<\/li>\n<\/ul>\n","protected":false},"excerpt":{"rendered":"<p>Aimant n\u00e9odyme plat avec crochet (filetage M3)<br \/>\nMax. Temp\u00e9rature de fonctionnement : 80\u00b0C<br \/>\nCrochet inclus. <\/p>\n","protected":false},"featured_media":113486,"template":"","meta":{"_acf_changed":false},"product_brand":[3521],"product_cat":[1382],"product_tag":[3159],"class_list":{"0":"post-95670","1":"product","2":"type-product","3":"status-publish","4":"has-post-thumbnail","6":"product_brand-magnetenspecialist","7":"product_cat-aimants-a-crochet","8":"product_tag-groep-4-fr","9":"pa_houdkracht-2-fr","10":"pa_magnetisering-n40-fr","11":"pa_magnetiseringsrichting-axiaal-fr","12":"pa_materiaal-neodyme-nickele","13":"pa_model-crochets-aimantes","15":"first","16":"instock","17":"taxable","18":"shipping-taxable","19":"purchasable","20":"product-type-simple"},"supplier_id":null,"supplier_sku":"","barcode":null,"atum_controlled":true,"out_stock_date":null,"out_stock_threshold":null,"inheritable":false,"inbound_stock":0,"stock_on_hold":0,"sold_today":0,"sales_last_days":0,"reserved_stock":0,"customer_returns":0,"warehouse_damage":0,"lost_in_post":0,"other_logs":0,"out_stock_days":0,"lost_sales":0,"has_location":false,"update_date":"2026-04-21T09:52:17","atum_locations":[],"atum_stock_status":"instock","restock_status":false,"low_stock_amount":2000,"sales_update_date":"2026-04-03T08:06:24","calc_backorders":null,"acf":[],"yoast_head":"<!-- This site is optimized with the Yoast SEO Premium plugin v24.7 (Yoast SEO v24.7) - https:\/\/yoast.com\/wordpress\/plugins\/seo\/ -->\n<title>Aimant \u00e0 crochet 10 x 5 x 4,5 mm : Aimant compact et puissant - Magnetenspecialist.nl<\/title>\n<meta name=\"description\" content=\"D\u00e9couvrez le puissant aimant \u00e0 crochet 10 x 5 x 4,5 mm - aimant en n\u00e9odyme N40 dans un bo\u00eetier en acier, parfait pour les espaces compacts. Accrochez facilement des objets !\" \/>\n<meta name=\"robots\" content=\"index, follow, max-snippet:-1, max-image-preview:large, max-video-preview:-1\" \/>\n<link rel=\"canonical\" href=\"https:\/\/www.magnetenspecialist.nl\/fr\/magasin\/aimants-a-crochet\/haakmagneet-10-x-5-x-4-5-mm\/\" \/>\n<meta property=\"og:locale\" content=\"fr_FR\" \/>\n<meta property=\"og:type\" content=\"article\" \/>\n<meta property=\"og:title\" content=\"Aimant \u00e0 crochet 10 x 5 x 4,5 mm - Aimant en n\u00e9odyme N40 dans un bo\u00eetier en acier\" \/>\n<meta property=\"og:description\" content=\"D\u00e9couvrez le puissant aimant \u00e0 crochet 10 x 5 x 4,5 mm - aimant en n\u00e9odyme N40 dans un bo\u00eetier en acier, parfait pour les espaces compacts. Accrochez facilement des objets !\" \/>\n<meta property=\"og:url\" content=\"https:\/\/www.magnetenspecialist.nl\/fr\/magasin\/aimants-a-crochet\/haakmagneet-10-x-5-x-4-5-mm\/\" \/>\n<meta property=\"og:site_name\" content=\"Magnetenspecialist.nl\" \/>\n<meta property=\"article:publisher\" content=\"https:\/\/www.facebook.com\/Magnetenspecialist.nl\" \/>\n<meta property=\"article:modified_time\" content=\"2025-05-06T14:07:22+00:00\" \/>\n<meta property=\"og:image\" content=\"https:\/\/www.magnetenspecialist.nl\/wp-content\/uploads\/2019\/03\/Magnetenspecialist.nl_Haakmagneet-10-x-5-x-4.5-mm_1.jpg\" \/>\n\t<meta property=\"og:image:width\" content=\"1500\" \/>\n\t<meta property=\"og:image:height\" content=\"1500\" \/>\n\t<meta property=\"og:image:type\" content=\"image\/jpeg\" \/>\n<meta name=\"twitter:card\" content=\"summary_large_image\" \/>\n<meta name=\"twitter:site\" content=\"@magnetenspecial\" \/>\n<meta name=\"twitter:label1\" content=\"Prix\" \/>\n\t<meta name=\"twitter:data1\" content=\"&euro;&nbsp;1,69\" \/>\n\t<meta name=\"twitter:label2\" content=\"Disponibilit\u00e9\" \/>\n\t<meta name=\"twitter:data2\" content=\"En stock\" \/>\n<script type=\"application\/ld+json\" class=\"yoast-schema-graph\">{\"@context\":\"https:\/\/schema.org\",\"@graph\":[{\"@type\":\"WebPage\",\"@id\":\"https:\/\/www.magnetenspecialist.nl\/fr\/magasin\/aimants-a-crochet\/haakmagneet-10-x-5-x-4-5-mm\/\",\"url\":\"https:\/\/www.magnetenspecialist.nl\/fr\/magasin\/aimants-a-crochet\/haakmagneet-10-x-5-x-4-5-mm\/\",\"name\":\"Aimant \u00e0 crochet 10 x 5 x 4,5 mm : Aimant compact et puissant - Magnetenspecialist.nl\",\"isPartOf\":{\"@id\":\"https:\/\/www.magnetenspecialist.nl\/fr\/#website\"},\"primaryImageOfPage\":{\"@id\":\"https:\/\/www.magnetenspecialist.nl\/fr\/magasin\/aimants-a-crochet\/haakmagneet-10-x-5-x-4-5-mm\/#primaryimage\"},\"image\":{\"@id\":\"https:\/\/www.magnetenspecialist.nl\/fr\/magasin\/aimants-a-crochet\/haakmagneet-10-x-5-x-4-5-mm\/#primaryimage\"},\"thumbnailUrl\":\"https:\/\/www.magnetenspecialist.nl\/wp-content\/uploads\/2019\/03\/Magnetenspecialist.nl_Haakmagneet-10-x-5-x-4.5-mm_1.jpg\",\"datePublished\":\"2019-03-08T10:02:49+00:00\",\"dateModified\":\"2025-05-06T14:07:22+00:00\",\"description\":\"D\u00e9couvrez le puissant aimant \u00e0 crochet 10 x 5 x 4,5 mm - aimant en n\u00e9odyme N40 dans un bo\u00eetier en acier, parfait pour les espaces compacts. Accrochez facilement des objets !\",\"breadcrumb\":{\"@id\":\"https:\/\/www.magnetenspecialist.nl\/fr\/magasin\/aimants-a-crochet\/haakmagneet-10-x-5-x-4-5-mm\/#breadcrumb\"},\"inLanguage\":\"fr-FR\",\"potentialAction\":[{\"@type\":\"ReadAction\",\"target\":[\"https:\/\/www.magnetenspecialist.nl\/fr\/magasin\/aimants-a-crochet\/haakmagneet-10-x-5-x-4-5-mm\/\"]}]},{\"@type\":\"ImageObject\",\"inLanguage\":\"fr-FR\",\"@id\":\"https:\/\/www.magnetenspecialist.nl\/fr\/magasin\/aimants-a-crochet\/haakmagneet-10-x-5-x-4-5-mm\/#primaryimage\",\"url\":\"https:\/\/www.magnetenspecialist.nl\/wp-content\/uploads\/2019\/03\/Magnetenspecialist.nl_Haakmagneet-10-x-5-x-4.5-mm_1.jpg\",\"contentUrl\":\"https:\/\/www.magnetenspecialist.nl\/wp-content\/uploads\/2019\/03\/Magnetenspecialist.nl_Haakmagneet-10-x-5-x-4.5-mm_1.jpg\",\"width\":1500,\"height\":1500,\"caption\":\"Krachtige neodymium blokmagneet met verzinkgat \u2013 beschermd met duurzame kunststofmantel\"},{\"@type\":\"BreadcrumbList\",\"@id\":\"https:\/\/www.magnetenspecialist.nl\/fr\/magasin\/aimants-a-crochet\/haakmagneet-10-x-5-x-4-5-mm\/#breadcrumb\",\"itemListElement\":[{\"@type\":\"ListItem\",\"position\":1,\"name\":\"Accueil\",\"item\":\"https:\/\/www.magnetenspecialist.nl\/fr\/accueil\/\"},{\"@type\":\"ListItem\",\"position\":2,\"name\":\"Boutique\",\"item\":\"https:\/\/www.magnetenspecialist.nl\/fr\/boutique\/\"},{\"@type\":\"ListItem\",\"position\":3,\"name\":\"Aimant \u00e0 crochet 10 x 5 x 4,5 mm &#8211; Aimant en n\u00e9odyme N40 dans un bo\u00eetier en acier\"}]},{\"@type\":\"WebSite\",\"@id\":\"https:\/\/www.magnetenspecialist.nl\/fr\/#website\",\"url\":\"https:\/\/www.magnetenspecialist.nl\/fr\/\",\"name\":\"Magnetenspecialist.nl\",\"description\":\"Vaste gamme d'aimants en n\u00e9odyme\",\"publisher\":{\"@id\":\"https:\/\/www.magnetenspecialist.nl\/fr\/#organization\"},\"potentialAction\":[{\"@type\":\"SearchAction\",\"target\":{\"@type\":\"EntryPoint\",\"urlTemplate\":\"https:\/\/www.magnetenspecialist.nl\/fr\/?s={search_term_string}\"},\"query-input\":{\"@type\":\"PropertyValueSpecification\",\"valueRequired\":true,\"valueName\":\"search_term_string\"}}],\"inLanguage\":\"fr-FR\"},{\"@type\":\"Organization\",\"@id\":\"https:\/\/www.magnetenspecialist.nl\/fr\/#organization\",\"name\":\"Magnetenspecialist.nl\",\"url\":\"https:\/\/www.magnetenspecialist.nl\/fr\/\",\"logo\":{\"@type\":\"ImageObject\",\"inLanguage\":\"fr-FR\",\"@id\":\"https:\/\/www.magnetenspecialist.nl\/fr\/#\/schema\/logo\/image\/\",\"url\":\"https:\/\/www.magnetenspecialist.nl\/wp-content\/uploads\/2018\/10\/magneten-logo.jpg\",\"contentUrl\":\"https:\/\/www.magnetenspecialist.nl\/wp-content\/uploads\/2018\/10\/magneten-logo.jpg\",\"width\":151,\"height\":151,\"caption\":\"Magnetenspecialist.nl\"},\"image\":{\"@id\":\"https:\/\/www.magnetenspecialist.nl\/fr\/#\/schema\/logo\/image\/\"},\"sameAs\":[\"https:\/\/www.facebook.com\/Magnetenspecialist.nl\",\"https:\/\/x.com\/magnetenspecial\"]}]}<\/script>\n<meta property=\"product:price:amount\" content=\"1.69\" \/>\n<meta property=\"product:price:currency\" content=\"EUR\" \/>\n<meta property=\"og:availability\" content=\"instock\" \/>\n<meta property=\"product:availability\" content=\"instock\" \/>\n<meta property=\"product:retailer_item_id\" content=\"ha010x005x0045-N\" \/>\n<meta property=\"product:condition\" content=\"new\" \/>\n<!-- \/ Yoast SEO Premium plugin. -->","yoast_head_json":{"title":"Aimant \u00e0 crochet 10 x 5 x 4,5 mm : Aimant compact et puissant - Magnetenspecialist.nl","description":"D\u00e9couvrez le puissant aimant \u00e0 crochet 10 x 5 x 4,5 mm - aimant en n\u00e9odyme N40 dans un bo\u00eetier en acier, parfait pour les espaces compacts. Accrochez facilement des objets !","robots":{"index":"index","follow":"follow","max-snippet":"max-snippet:-1","max-image-preview":"max-image-preview:large","max-video-preview":"max-video-preview:-1"},"canonical":"https:\/\/www.magnetenspecialist.nl\/fr\/magasin\/aimants-a-crochet\/haakmagneet-10-x-5-x-4-5-mm\/","og_locale":"fr_FR","og_type":"article","og_title":"Aimant \u00e0 crochet 10 x 5 x 4,5 mm - Aimant en n\u00e9odyme N40 dans un bo\u00eetier en acier","og_description":"D\u00e9couvrez le puissant aimant \u00e0 crochet 10 x 5 x 4,5 mm - aimant en n\u00e9odyme N40 dans un bo\u00eetier en acier, parfait pour les espaces compacts. Accrochez facilement des objets !","og_url":"https:\/\/www.magnetenspecialist.nl\/fr\/magasin\/aimants-a-crochet\/haakmagneet-10-x-5-x-4-5-mm\/","og_site_name":"Magnetenspecialist.nl","article_publisher":"https:\/\/www.facebook.com\/Magnetenspecialist.nl","article_modified_time":"2025-05-06T14:07:22+00:00","og_image":[{"width":1500,"height":1500,"url":"https:\/\/www.magnetenspecialist.nl\/wp-content\/uploads\/2019\/03\/Magnetenspecialist.nl_Haakmagneet-10-x-5-x-4.5-mm_1.jpg","type":"image\/jpeg"}],"twitter_card":"summary_large_image","twitter_site":"@magnetenspecial","twitter_misc":{"Prix":"&euro;&nbsp;1,69","Disponibilit\u00e9":"En stock"},"schema":{"@context":"https:\/\/schema.org","@graph":[{"@type":"WebPage","@id":"https:\/\/www.magnetenspecialist.nl\/fr\/magasin\/aimants-a-crochet\/haakmagneet-10-x-5-x-4-5-mm\/","url":"https:\/\/www.magnetenspecialist.nl\/fr\/magasin\/aimants-a-crochet\/haakmagneet-10-x-5-x-4-5-mm\/","name":"Aimant \u00e0 crochet 10 x 5 x 4,5 mm : Aimant compact et puissant - Magnetenspecialist.nl","isPartOf":{"@id":"https:\/\/www.magnetenspecialist.nl\/fr\/#website"},"primaryImageOfPage":{"@id":"https:\/\/www.magnetenspecialist.nl\/fr\/magasin\/aimants-a-crochet\/haakmagneet-10-x-5-x-4-5-mm\/#primaryimage"},"image":{"@id":"https:\/\/www.magnetenspecialist.nl\/fr\/magasin\/aimants-a-crochet\/haakmagneet-10-x-5-x-4-5-mm\/#primaryimage"},"thumbnailUrl":"https:\/\/www.magnetenspecialist.nl\/wp-content\/uploads\/2019\/03\/Magnetenspecialist.nl_Haakmagneet-10-x-5-x-4.5-mm_1.jpg","datePublished":"2019-03-08T10:02:49+00:00","dateModified":"2025-05-06T14:07:22+00:00","description":"D\u00e9couvrez le puissant aimant \u00e0 crochet 10 x 5 x 4,5 mm - aimant en n\u00e9odyme N40 dans un bo\u00eetier en acier, parfait pour les espaces compacts. Accrochez facilement des objets !","breadcrumb":{"@id":"https:\/\/www.magnetenspecialist.nl\/fr\/magasin\/aimants-a-crochet\/haakmagneet-10-x-5-x-4-5-mm\/#breadcrumb"},"inLanguage":"fr-FR","potentialAction":[{"@type":"ReadAction","target":["https:\/\/www.magnetenspecialist.nl\/fr\/magasin\/aimants-a-crochet\/haakmagneet-10-x-5-x-4-5-mm\/"]}]},{"@type":"ImageObject","inLanguage":"fr-FR","@id":"https:\/\/www.magnetenspecialist.nl\/fr\/magasin\/aimants-a-crochet\/haakmagneet-10-x-5-x-4-5-mm\/#primaryimage","url":"https:\/\/www.magnetenspecialist.nl\/wp-content\/uploads\/2019\/03\/Magnetenspecialist.nl_Haakmagneet-10-x-5-x-4.5-mm_1.jpg","contentUrl":"https:\/\/www.magnetenspecialist.nl\/wp-content\/uploads\/2019\/03\/Magnetenspecialist.nl_Haakmagneet-10-x-5-x-4.5-mm_1.jpg","width":1500,"height":1500,"caption":"Krachtige neodymium blokmagneet met verzinkgat \u2013 beschermd met duurzame kunststofmantel"},{"@type":"BreadcrumbList","@id":"https:\/\/www.magnetenspecialist.nl\/fr\/magasin\/aimants-a-crochet\/haakmagneet-10-x-5-x-4-5-mm\/#breadcrumb","itemListElement":[{"@type":"ListItem","position":1,"name":"Accueil","item":"https:\/\/www.magnetenspecialist.nl\/fr\/accueil\/"},{"@type":"ListItem","position":2,"name":"Boutique","item":"https:\/\/www.magnetenspecialist.nl\/fr\/boutique\/"},{"@type":"ListItem","position":3,"name":"Aimant \u00e0 crochet 10 x 5 x 4,5 mm &#8211; Aimant en n\u00e9odyme N40 dans un bo\u00eetier en acier"}]},{"@type":"WebSite","@id":"https:\/\/www.magnetenspecialist.nl\/fr\/#website","url":"https:\/\/www.magnetenspecialist.nl\/fr\/","name":"Magnetenspecialist.nl","description":"Vaste gamme d'aimants en n\u00e9odyme","publisher":{"@id":"https:\/\/www.magnetenspecialist.nl\/fr\/#organization"},"potentialAction":[{"@type":"SearchAction","target":{"@type":"EntryPoint","urlTemplate":"https:\/\/www.magnetenspecialist.nl\/fr\/?s={search_term_string}"},"query-input":{"@type":"PropertyValueSpecification","valueRequired":true,"valueName":"search_term_string"}}],"inLanguage":"fr-FR"},{"@type":"Organization","@id":"https:\/\/www.magnetenspecialist.nl\/fr\/#organization","name":"Magnetenspecialist.nl","url":"https:\/\/www.magnetenspecialist.nl\/fr\/","logo":{"@type":"ImageObject","inLanguage":"fr-FR","@id":"https:\/\/www.magnetenspecialist.nl\/fr\/#\/schema\/logo\/image\/","url":"https:\/\/www.magnetenspecialist.nl\/wp-content\/uploads\/2018\/10\/magneten-logo.jpg","contentUrl":"https:\/\/www.magnetenspecialist.nl\/wp-content\/uploads\/2018\/10\/magneten-logo.jpg","width":151,"height":151,"caption":"Magnetenspecialist.nl"},"image":{"@id":"https:\/\/www.magnetenspecialist.nl\/fr\/#\/schema\/logo\/image\/"},"sameAs":["https:\/\/www.facebook.com\/Magnetenspecialist.nl","https:\/\/x.com\/magnetenspecial"]}]},"product_price_amount":"1.69","product_price_currency":"EUR","og_availability":"instock","product_availability":"instock","product_retailer_item_id":"ha010x005x0045-N","product_condition":"new"},"_links":{"self":[{"href":"https:\/\/www.magnetenspecialist.nl\/fr\/wp-json\/wp\/v2\/product\/95670","targetHints":{"allow":["GET"]}}],"collection":[{"href":"https:\/\/www.magnetenspecialist.nl\/fr\/wp-json\/wp\/v2\/product"}],"about":[{"href":"https:\/\/www.magnetenspecialist.nl\/fr\/wp-json\/wp\/v2\/types\/product"}],"wp:featuredmedia":[{"embeddable":true,"href":"https:\/\/www.magnetenspecialist.nl\/fr\/wp-json\/wp\/v2\/media\/113486"}],"wp:attachment":[{"href":"https:\/\/www.magnetenspecialist.nl\/fr\/wp-json\/wp\/v2\/media?parent=95670"}],"wp:term":[{"taxonomy":"product_brand","embeddable":true,"href":"https:\/\/www.magnetenspecialist.nl\/fr\/wp-json\/wp\/v2\/product_brand?post=95670"},{"taxonomy":"product_cat","embeddable":true,"href":"https:\/\/www.magnetenspecialist.nl\/fr\/wp-json\/wp\/v2\/product_cat?post=95670"},{"taxonomy":"product_tag","embeddable":true,"href":"https:\/\/www.magnetenspecialist.nl\/fr\/wp-json\/wp\/v2\/product_tag?post=95670"}],"curies":[{"name":"wp","href":"https:\/\/api.w.org\/{rel}","templated":true}]}}