{"id":95691,"date":"2020-02-04T14:52:29","date_gmt":"2020-02-04T13:52:29","guid":{"rendered":"https:\/\/www.magnetenspecialist.nl\/winkel\/non%20class\u00e9\/crochet-magnetique-66mm-caoutchoute\/"},"modified":"2025-05-20T15:24:29","modified_gmt":"2025-05-20T13:24:29","slug":"crochet-aimant-66mm-gaine-en-caoutchouc","status":"publish","type":"product","link":"https:\/\/www.magnetenspecialist.nl\/fr\/magasin\/aimants-a-crochet\/crochet-aimant-66mm-gaine-en-caoutchouc\/","title":{"rendered":"Aimant \u00e0 crochet 66 mm avec bo\u00eetier en caoutchouc &#8211; Aimant en n\u00e9odyme dans un bo\u00eetier de protection en caoutchouc"},"content":{"rendered":"<p class=\"\" data-start=\"81\" data-end=\"179\"><strong data-start=\"81\" data-end=\"179\">Aimant \u00e0 crochet 66 mm avec bo\u00eetier en caoutchouc &#8211; Aimant en n\u00e9odyme dans un bo\u00eetier de protection en caoutchouc<\/strong><\/p>\n<p class=\"\" data-start=\"181\" data-end=\"517\">Ce puissant aimant \u00e0 crochet de 66 mm de diam\u00e8tre est dot\u00e9 d&#8217;un aimant en n\u00e9odyme de haute qualit\u00e9 int\u00e9gr\u00e9 dans un bo\u00eetier en acier robuste avec une gaine protectrice en caoutchouc. Le rev\u00eatement en caoutchouc \u00e9vite de rayer les surfaces d\u00e9licates et augmente la friction, ce qui r\u00e9duit le risque de glissement de l&#8217;aimant lorsqu&#8217;il est soumis \u00e0 des charges lat\u00e9rales. <\/p>\n<p class=\"\" data-start=\"519\" data-end=\"795\">Gr\u00e2ce \u00e0 son solide crochet, cet aimant est id\u00e9al pour suspendre des objets lourds sur des surfaces m\u00e9talliques telles que des rayonnages d&#8217;entrep\u00f4t, des \u00e9tablis, des v\u00e9hicules ou du mat\u00e9riel de foire. Gr\u00e2ce \u00e0 son bo\u00eetier caoutchout\u00e9, il peut \u00eatre utilis\u00e9 aussi bien \u00e0 l&#8217;int\u00e9rieur qu&#8217;\u00e0 l&#8217;ext\u00e9rieur. <\/p>\n<p class=\"\" data-start=\"797\" data-end=\"811\"><strong data-start=\"797\" data-end=\"811\">Caract\u00e9ristiques :<\/strong><\/p>\n<ul data-start=\"812\" data-end=\"1214\">\n<li class=\"\" data-start=\"812\" data-end=\"838\">\n<p class=\"\" data-start=\"814\" data-end=\"838\"><strong data-start=\"814\" data-end=\"829\">Dimensions :<\/strong> \u00d866 mm<\/p>\n<\/li>\n<li class=\"\" data-start=\"839\" data-end=\"920\">\n<p class=\"\" data-start=\"841\" data-end=\"920\"><strong data-start=\"841\" data-end=\"855\">Mat\u00e9riau :<\/strong> aimant en n\u00e9odyme dans un bo\u00eetier en acier avec gaine en caoutchouc<\/p>\n<\/li>\n<li class=\"\" data-start=\"921\" data-end=\"971\">\n<p class=\"\" data-start=\"923\" data-end=\"971\"><strong data-start=\"923\" data-end=\"932\">Crochet :<\/strong> crochet \u00e0 vis stable &#8211; amovible<\/p>\n<\/li>\n<li class=\"\" data-start=\"972\" data-end=\"1074\">\n<p class=\"\" data-start=\"974\" data-end=\"1074\"><strong data-start=\"974\" data-end=\"989\">Application :<\/strong> Pour l&#8217;int\u00e9rieur et l&#8217;ext\u00e9rieur &#8211; c\u00e2bles de suspension, \u00e9clairage, outils et d\u00e9coration<\/p>\n<\/li>\n<li class=\"\" data-start=\"1075\" data-end=\"1159\">\n<p class=\"\" data-start=\"1077\" data-end=\"1159\"><strong data-start=\"1077\" data-end=\"1093\">Protection :<\/strong> Le caoutchouc emp\u00eache les rayures et augmente l&#8217;adh\u00e9rence sur les surfaces lisses.<\/p>\n<\/li>\n<li class=\"\" data-start=\"1160\" data-end=\"1214\">\n<p class=\"\" data-start=\"1162\" data-end=\"1214\"><strong data-start=\"1162\" data-end=\"1174\">Montage :<\/strong> magn\u00e9tique, sans outil ni per\u00e7age<\/p>\n<\/li>\n<\/ul>\n","protected":false},"excerpt":{"rendered":"<p>filetage int\u00e9rieur M6<\/p>\n","protected":false},"featured_media":113020,"template":"","meta":{"_acf_changed":false},"product_brand":[3521],"product_cat":[1382],"product_tag":[3158],"class_list":{"0":"post-95691","1":"product","2":"type-product","3":"status-publish","4":"has-post-thumbnail","6":"product_brand-magnetenspecialist","7":"product_cat-aimants-a-crochet","8":"product_tag-groep-3-fr","9":"pa_houdkracht-25-fr","10":"pa_magnetisering-n40-fr","11":"pa_magnetiseringsrichting-axiaal-fr","12":"pa_materiaal-neodyme-nickele","13":"pa_model-crochets-aimantes","15":"first","16":"instock","17":"taxable","18":"shipping-taxable","19":"purchasable","20":"product-type-simple"},"supplier_id":null,"supplier_sku":"","barcode":null,"atum_controlled":true,"out_stock_date":null,"out_stock_threshold":null,"inheritable":false,"inbound_stock":0,"stock_on_hold":0,"sold_today":0,"sales_last_days":0,"reserved_stock":0,"customer_returns":0,"warehouse_damage":0,"lost_in_post":0,"other_logs":0,"out_stock_days":0,"lost_sales":0,"has_location":false,"update_date":"2026-04-21T09:53:33","atum_locations":[],"atum_stock_status":"instock","restock_status":false,"low_stock_amount":200,"sales_update_date":"2026-04-03T08:06:21","calc_backorders":null,"acf":[],"yoast_head":"<!-- This site is optimized with the Yoast SEO Premium plugin v24.7 (Yoast SEO v24.7) - https:\/\/yoast.com\/wordpress\/plugins\/seo\/ -->\n<title>&quot;Aimant \u00e0 Crochet 66mm avec Gaine en Caoutchouc - Puissant et Prot\u00e9g\u00e9 pour Fixations Solides<\/title>\n<meta name=\"description\" content=\"Vous cherchez un Aimant \u00e0 crochet 66 mm avec bo\u00eetier en caoutchouc - Aimant en n\u00e9odyme dans un bo\u00eetier de protection en caoutchouc? Les aimants peuvent \u00eatre achet\u00e9s facilement en ligne sur Magnetenspecialist.nl \u2713 1 jour ouvrable de d\u00e9lai de livraison \u2713 14 jours de d\u00e9lai de r\u00e9flexion \u2713 Exp\u00e9dition ou enl\u00e8vement *.\" \/>\n<meta name=\"robots\" content=\"index, follow, max-snippet:-1, max-image-preview:large, max-video-preview:-1\" \/>\n<link rel=\"canonical\" href=\"https:\/\/www.magnetenspecialist.nl\/fr\/magasin\/aimants-a-crochet\/crochet-aimant-66mm-gaine-en-caoutchouc\/\" \/>\n<meta property=\"og:locale\" content=\"fr_FR\" \/>\n<meta property=\"og:type\" content=\"article\" \/>\n<meta property=\"og:title\" content=\"Aimant \u00e0 crochet 66 mm avec bo\u00eetier en caoutchouc - Aimant en n\u00e9odyme dans un bo\u00eetier de protection en caoutchouc\" \/>\n<meta property=\"og:description\" content=\"Vous cherchez un Aimant \u00e0 crochet 66 mm avec bo\u00eetier en caoutchouc - Aimant en n\u00e9odyme dans un bo\u00eetier de protection en caoutchouc? Les aimants peuvent \u00eatre achet\u00e9s facilement en ligne sur Magnetenspecialist.nl \u2713 1 jour ouvrable de d\u00e9lai de livraison \u2713 14 jours de d\u00e9lai de r\u00e9flexion \u2713 Exp\u00e9dition ou enl\u00e8vement *.\" \/>\n<meta property=\"og:url\" content=\"https:\/\/www.magnetenspecialist.nl\/fr\/magasin\/aimants-a-crochet\/crochet-aimant-66mm-gaine-en-caoutchouc\/\" \/>\n<meta property=\"og:site_name\" content=\"Magnetenspecialist.nl\" \/>\n<meta property=\"article:publisher\" content=\"https:\/\/www.facebook.com\/Magnetenspecialist.nl\" \/>\n<meta property=\"article:modified_time\" content=\"2025-05-20T13:24:29+00:00\" \/>\n<meta property=\"og:image\" content=\"https:\/\/www.magnetenspecialist.nl\/wp-content\/uploads\/2020\/02\/Magnetenspecialist.nl_Haakmagneet-66mm-rubberen-ommanteling_1.jpg\" \/>\n\t<meta property=\"og:image:width\" content=\"1500\" \/>\n\t<meta property=\"og:image:height\" content=\"1500\" \/>\n\t<meta property=\"og:image:type\" content=\"image\/jpeg\" \/>\n<meta name=\"twitter:card\" content=\"summary_large_image\" \/>\n<meta name=\"twitter:site\" content=\"@magnetenspecial\" \/>\n<meta name=\"twitter:label1\" content=\"Prix\" \/>\n\t<meta name=\"twitter:data1\" content=\"&euro;&nbsp;13,73\" \/>\n\t<meta name=\"twitter:label2\" content=\"Disponibilit\u00e9\" \/>\n\t<meta name=\"twitter:data2\" content=\"En stock\" \/>\n<script type=\"application\/ld+json\" class=\"yoast-schema-graph\">{\"@context\":\"https:\/\/schema.org\",\"@graph\":[{\"@type\":\"WebPage\",\"@id\":\"https:\/\/www.magnetenspecialist.nl\/fr\/magasin\/aimants-a-crochet\/crochet-aimant-66mm-gaine-en-caoutchouc\/\",\"url\":\"https:\/\/www.magnetenspecialist.nl\/fr\/magasin\/aimants-a-crochet\/crochet-aimant-66mm-gaine-en-caoutchouc\/\",\"name\":\"\\\"Aimant \u00e0 Crochet 66mm avec Gaine en Caoutchouc - Puissant et Prot\u00e9g\u00e9 pour Fixations Solides\",\"isPartOf\":{\"@id\":\"https:\/\/www.magnetenspecialist.nl\/fr\/#website\"},\"primaryImageOfPage\":{\"@id\":\"https:\/\/www.magnetenspecialist.nl\/fr\/magasin\/aimants-a-crochet\/crochet-aimant-66mm-gaine-en-caoutchouc\/#primaryimage\"},\"image\":{\"@id\":\"https:\/\/www.magnetenspecialist.nl\/fr\/magasin\/aimants-a-crochet\/crochet-aimant-66mm-gaine-en-caoutchouc\/#primaryimage\"},\"thumbnailUrl\":\"https:\/\/www.magnetenspecialist.nl\/wp-content\/uploads\/2020\/02\/Magnetenspecialist.nl_Haakmagneet-66mm-rubberen-ommanteling_1.jpg\",\"datePublished\":\"2020-02-04T13:52:29+00:00\",\"dateModified\":\"2025-05-20T13:24:29+00:00\",\"description\":\"Vous cherchez un Aimant \u00e0 crochet 66 mm avec bo\u00eetier en caoutchouc - Aimant en n\u00e9odyme dans un bo\u00eetier de protection en caoutchouc? Les aimants peuvent \u00eatre achet\u00e9s facilement en ligne sur Magnetenspecialist.nl \u2713 1 jour ouvrable de d\u00e9lai de livraison \u2713 14 jours de d\u00e9lai de r\u00e9flexion \u2713 Exp\u00e9dition ou enl\u00e8vement *.\",\"breadcrumb\":{\"@id\":\"https:\/\/www.magnetenspecialist.nl\/fr\/magasin\/aimants-a-crochet\/crochet-aimant-66mm-gaine-en-caoutchouc\/#breadcrumb\"},\"inLanguage\":\"fr-FR\",\"potentialAction\":[{\"@type\":\"ReadAction\",\"target\":[\"https:\/\/www.magnetenspecialist.nl\/fr\/magasin\/aimants-a-crochet\/crochet-aimant-66mm-gaine-en-caoutchouc\/\"]}]},{\"@type\":\"ImageObject\",\"inLanguage\":\"fr-FR\",\"@id\":\"https:\/\/www.magnetenspecialist.nl\/fr\/magasin\/aimants-a-crochet\/crochet-aimant-66mm-gaine-en-caoutchouc\/#primaryimage\",\"url\":\"https:\/\/www.magnetenspecialist.nl\/wp-content\/uploads\/2020\/02\/Magnetenspecialist.nl_Haakmagneet-66mm-rubberen-ommanteling_1.jpg\",\"contentUrl\":\"https:\/\/www.magnetenspecialist.nl\/wp-content\/uploads\/2020\/02\/Magnetenspecialist.nl_Haakmagneet-66mm-rubberen-ommanteling_1.jpg\",\"width\":1500,\"height\":1500,\"caption\":\"Rubberen haakmagneet \u00d866 mm \u2013 extra grip en krasbescherming\"},{\"@type\":\"BreadcrumbList\",\"@id\":\"https:\/\/www.magnetenspecialist.nl\/fr\/magasin\/aimants-a-crochet\/crochet-aimant-66mm-gaine-en-caoutchouc\/#breadcrumb\",\"itemListElement\":[{\"@type\":\"ListItem\",\"position\":1,\"name\":\"Accueil\",\"item\":\"https:\/\/www.magnetenspecialist.nl\/fr\/accueil\/\"},{\"@type\":\"ListItem\",\"position\":2,\"name\":\"Boutique\",\"item\":\"https:\/\/www.magnetenspecialist.nl\/fr\/boutique\/\"},{\"@type\":\"ListItem\",\"position\":3,\"name\":\"Aimant \u00e0 crochet 66 mm avec bo\u00eetier en caoutchouc &#8211; Aimant en n\u00e9odyme dans un bo\u00eetier de protection en caoutchouc\"}]},{\"@type\":\"WebSite\",\"@id\":\"https:\/\/www.magnetenspecialist.nl\/fr\/#website\",\"url\":\"https:\/\/www.magnetenspecialist.nl\/fr\/\",\"name\":\"Magnetenspecialist.nl\",\"description\":\"Vaste gamme d'aimants en n\u00e9odyme\",\"publisher\":{\"@id\":\"https:\/\/www.magnetenspecialist.nl\/fr\/#organization\"},\"potentialAction\":[{\"@type\":\"SearchAction\",\"target\":{\"@type\":\"EntryPoint\",\"urlTemplate\":\"https:\/\/www.magnetenspecialist.nl\/fr\/?s={search_term_string}\"},\"query-input\":{\"@type\":\"PropertyValueSpecification\",\"valueRequired\":true,\"valueName\":\"search_term_string\"}}],\"inLanguage\":\"fr-FR\"},{\"@type\":\"Organization\",\"@id\":\"https:\/\/www.magnetenspecialist.nl\/fr\/#organization\",\"name\":\"Magnetenspecialist.nl\",\"url\":\"https:\/\/www.magnetenspecialist.nl\/fr\/\",\"logo\":{\"@type\":\"ImageObject\",\"inLanguage\":\"fr-FR\",\"@id\":\"https:\/\/www.magnetenspecialist.nl\/fr\/#\/schema\/logo\/image\/\",\"url\":\"https:\/\/www.magnetenspecialist.nl\/wp-content\/uploads\/2018\/10\/magneten-logo.jpg\",\"contentUrl\":\"https:\/\/www.magnetenspecialist.nl\/wp-content\/uploads\/2018\/10\/magneten-logo.jpg\",\"width\":151,\"height\":151,\"caption\":\"Magnetenspecialist.nl\"},\"image\":{\"@id\":\"https:\/\/www.magnetenspecialist.nl\/fr\/#\/schema\/logo\/image\/\"},\"sameAs\":[\"https:\/\/www.facebook.com\/Magnetenspecialist.nl\",\"https:\/\/x.com\/magnetenspecial\"]}]}<\/script>\n<meta property=\"product:price:amount\" content=\"13.73\" \/>\n<meta property=\"product:price:currency\" content=\"EUR\" \/>\n<meta property=\"og:availability\" content=\"instock\" \/>\n<meta property=\"product:availability\" content=\"instock\" \/>\n<meta property=\"product:retailer_item_id\" content=\"ha066x000x0000-N\" \/>\n<meta property=\"product:condition\" content=\"new\" \/>\n<!-- \/ Yoast SEO Premium plugin. -->","yoast_head_json":{"title":"\"Aimant \u00e0 Crochet 66mm avec Gaine en Caoutchouc - Puissant et Prot\u00e9g\u00e9 pour Fixations Solides","description":"Vous cherchez un Aimant \u00e0 crochet 66 mm avec bo\u00eetier en caoutchouc - Aimant en n\u00e9odyme dans un bo\u00eetier de protection en caoutchouc? Les aimants peuvent \u00eatre achet\u00e9s facilement en ligne sur Magnetenspecialist.nl \u2713 1 jour ouvrable de d\u00e9lai de livraison \u2713 14 jours de d\u00e9lai de r\u00e9flexion \u2713 Exp\u00e9dition ou enl\u00e8vement *.","robots":{"index":"index","follow":"follow","max-snippet":"max-snippet:-1","max-image-preview":"max-image-preview:large","max-video-preview":"max-video-preview:-1"},"canonical":"https:\/\/www.magnetenspecialist.nl\/fr\/magasin\/aimants-a-crochet\/crochet-aimant-66mm-gaine-en-caoutchouc\/","og_locale":"fr_FR","og_type":"article","og_title":"Aimant \u00e0 crochet 66 mm avec bo\u00eetier en caoutchouc - Aimant en n\u00e9odyme dans un bo\u00eetier de protection en caoutchouc","og_description":"Vous cherchez un Aimant \u00e0 crochet 66 mm avec bo\u00eetier en caoutchouc - Aimant en n\u00e9odyme dans un bo\u00eetier de protection en caoutchouc? Les aimants peuvent \u00eatre achet\u00e9s facilement en ligne sur Magnetenspecialist.nl \u2713 1 jour ouvrable de d\u00e9lai de livraison \u2713 14 jours de d\u00e9lai de r\u00e9flexion \u2713 Exp\u00e9dition ou enl\u00e8vement *.","og_url":"https:\/\/www.magnetenspecialist.nl\/fr\/magasin\/aimants-a-crochet\/crochet-aimant-66mm-gaine-en-caoutchouc\/","og_site_name":"Magnetenspecialist.nl","article_publisher":"https:\/\/www.facebook.com\/Magnetenspecialist.nl","article_modified_time":"2025-05-20T13:24:29+00:00","og_image":[{"width":1500,"height":1500,"url":"https:\/\/www.magnetenspecialist.nl\/wp-content\/uploads\/2020\/02\/Magnetenspecialist.nl_Haakmagneet-66mm-rubberen-ommanteling_1.jpg","type":"image\/jpeg"}],"twitter_card":"summary_large_image","twitter_site":"@magnetenspecial","twitter_misc":{"Prix":"&euro;&nbsp;13,73","Disponibilit\u00e9":"En stock"},"schema":{"@context":"https:\/\/schema.org","@graph":[{"@type":"WebPage","@id":"https:\/\/www.magnetenspecialist.nl\/fr\/magasin\/aimants-a-crochet\/crochet-aimant-66mm-gaine-en-caoutchouc\/","url":"https:\/\/www.magnetenspecialist.nl\/fr\/magasin\/aimants-a-crochet\/crochet-aimant-66mm-gaine-en-caoutchouc\/","name":"\"Aimant \u00e0 Crochet 66mm avec Gaine en Caoutchouc - Puissant et Prot\u00e9g\u00e9 pour Fixations Solides","isPartOf":{"@id":"https:\/\/www.magnetenspecialist.nl\/fr\/#website"},"primaryImageOfPage":{"@id":"https:\/\/www.magnetenspecialist.nl\/fr\/magasin\/aimants-a-crochet\/crochet-aimant-66mm-gaine-en-caoutchouc\/#primaryimage"},"image":{"@id":"https:\/\/www.magnetenspecialist.nl\/fr\/magasin\/aimants-a-crochet\/crochet-aimant-66mm-gaine-en-caoutchouc\/#primaryimage"},"thumbnailUrl":"https:\/\/www.magnetenspecialist.nl\/wp-content\/uploads\/2020\/02\/Magnetenspecialist.nl_Haakmagneet-66mm-rubberen-ommanteling_1.jpg","datePublished":"2020-02-04T13:52:29+00:00","dateModified":"2025-05-20T13:24:29+00:00","description":"Vous cherchez un Aimant \u00e0 crochet 66 mm avec bo\u00eetier en caoutchouc - Aimant en n\u00e9odyme dans un bo\u00eetier de protection en caoutchouc? Les aimants peuvent \u00eatre achet\u00e9s facilement en ligne sur Magnetenspecialist.nl \u2713 1 jour ouvrable de d\u00e9lai de livraison \u2713 14 jours de d\u00e9lai de r\u00e9flexion \u2713 Exp\u00e9dition ou enl\u00e8vement *.","breadcrumb":{"@id":"https:\/\/www.magnetenspecialist.nl\/fr\/magasin\/aimants-a-crochet\/crochet-aimant-66mm-gaine-en-caoutchouc\/#breadcrumb"},"inLanguage":"fr-FR","potentialAction":[{"@type":"ReadAction","target":["https:\/\/www.magnetenspecialist.nl\/fr\/magasin\/aimants-a-crochet\/crochet-aimant-66mm-gaine-en-caoutchouc\/"]}]},{"@type":"ImageObject","inLanguage":"fr-FR","@id":"https:\/\/www.magnetenspecialist.nl\/fr\/magasin\/aimants-a-crochet\/crochet-aimant-66mm-gaine-en-caoutchouc\/#primaryimage","url":"https:\/\/www.magnetenspecialist.nl\/wp-content\/uploads\/2020\/02\/Magnetenspecialist.nl_Haakmagneet-66mm-rubberen-ommanteling_1.jpg","contentUrl":"https:\/\/www.magnetenspecialist.nl\/wp-content\/uploads\/2020\/02\/Magnetenspecialist.nl_Haakmagneet-66mm-rubberen-ommanteling_1.jpg","width":1500,"height":1500,"caption":"Rubberen haakmagneet \u00d866 mm \u2013 extra grip en krasbescherming"},{"@type":"BreadcrumbList","@id":"https:\/\/www.magnetenspecialist.nl\/fr\/magasin\/aimants-a-crochet\/crochet-aimant-66mm-gaine-en-caoutchouc\/#breadcrumb","itemListElement":[{"@type":"ListItem","position":1,"name":"Accueil","item":"https:\/\/www.magnetenspecialist.nl\/fr\/accueil\/"},{"@type":"ListItem","position":2,"name":"Boutique","item":"https:\/\/www.magnetenspecialist.nl\/fr\/boutique\/"},{"@type":"ListItem","position":3,"name":"Aimant \u00e0 crochet 66 mm avec bo\u00eetier en caoutchouc &#8211; Aimant en n\u00e9odyme dans un bo\u00eetier de protection en caoutchouc"}]},{"@type":"WebSite","@id":"https:\/\/www.magnetenspecialist.nl\/fr\/#website","url":"https:\/\/www.magnetenspecialist.nl\/fr\/","name":"Magnetenspecialist.nl","description":"Vaste gamme d'aimants en n\u00e9odyme","publisher":{"@id":"https:\/\/www.magnetenspecialist.nl\/fr\/#organization"},"potentialAction":[{"@type":"SearchAction","target":{"@type":"EntryPoint","urlTemplate":"https:\/\/www.magnetenspecialist.nl\/fr\/?s={search_term_string}"},"query-input":{"@type":"PropertyValueSpecification","valueRequired":true,"valueName":"search_term_string"}}],"inLanguage":"fr-FR"},{"@type":"Organization","@id":"https:\/\/www.magnetenspecialist.nl\/fr\/#organization","name":"Magnetenspecialist.nl","url":"https:\/\/www.magnetenspecialist.nl\/fr\/","logo":{"@type":"ImageObject","inLanguage":"fr-FR","@id":"https:\/\/www.magnetenspecialist.nl\/fr\/#\/schema\/logo\/image\/","url":"https:\/\/www.magnetenspecialist.nl\/wp-content\/uploads\/2018\/10\/magneten-logo.jpg","contentUrl":"https:\/\/www.magnetenspecialist.nl\/wp-content\/uploads\/2018\/10\/magneten-logo.jpg","width":151,"height":151,"caption":"Magnetenspecialist.nl"},"image":{"@id":"https:\/\/www.magnetenspecialist.nl\/fr\/#\/schema\/logo\/image\/"},"sameAs":["https:\/\/www.facebook.com\/Magnetenspecialist.nl","https:\/\/x.com\/magnetenspecial"]}]},"product_price_amount":"13.73","product_price_currency":"EUR","og_availability":"instock","product_availability":"instock","product_retailer_item_id":"ha066x000x0000-N","product_condition":"new"},"_links":{"self":[{"href":"https:\/\/www.magnetenspecialist.nl\/fr\/wp-json\/wp\/v2\/product\/95691","targetHints":{"allow":["GET"]}}],"collection":[{"href":"https:\/\/www.magnetenspecialist.nl\/fr\/wp-json\/wp\/v2\/product"}],"about":[{"href":"https:\/\/www.magnetenspecialist.nl\/fr\/wp-json\/wp\/v2\/types\/product"}],"wp:featuredmedia":[{"embeddable":true,"href":"https:\/\/www.magnetenspecialist.nl\/fr\/wp-json\/wp\/v2\/media\/113020"}],"wp:attachment":[{"href":"https:\/\/www.magnetenspecialist.nl\/fr\/wp-json\/wp\/v2\/media?parent=95691"}],"wp:term":[{"taxonomy":"product_brand","embeddable":true,"href":"https:\/\/www.magnetenspecialist.nl\/fr\/wp-json\/wp\/v2\/product_brand?post=95691"},{"taxonomy":"product_cat","embeddable":true,"href":"https:\/\/www.magnetenspecialist.nl\/fr\/wp-json\/wp\/v2\/product_cat?post=95691"},{"taxonomy":"product_tag","embeddable":true,"href":"https:\/\/www.magnetenspecialist.nl\/fr\/wp-json\/wp\/v2\/product_tag?post=95691"}],"curies":[{"name":"wp","href":"https:\/\/api.w.org\/{rel}","templated":true}]}}