{"id":95708,"date":"2019-03-08T11:02:57","date_gmt":"2019-03-08T10:02:57","guid":{"rendered":"https:\/\/www.magnetenspecialist.nl\/winkel\/non%20class\u00e9\/aimant-avec-oeillet-60-x-18-x-10-mm\/"},"modified":"2025-05-20T13:45:44","modified_gmt":"2025-05-20T11:45:44","slug":"magneet-met-oogmoer-60-x-18-x-10-mm","status":"publish","type":"product","link":"https:\/\/www.magnetenspecialist.nl\/fr\/magasin\/aimant-de-boulon-a-oeil\/magneet-met-oogmoer-60-x-18-x-10-mm\/","title":{"rendered":"Aimant pour boulon \u00e0 \u0153il 60 x 18 x 10 mm &#8211; Aimant en n\u00e9odyme N40 dans un bo\u00eetier en acier"},"content":{"rendered":"<p class=\"\" data-start=\"81\" data-end=\"115\"><strong data-start=\"81\" data-end=\"115\">Aimant pour boulon \u00e0 \u0153il 60 x 18 x 10 mm<\/strong><\/p>\n<p class=\"\" data-start=\"117\" data-end=\"688\">Cet aimant \u00e0 \u0153il mesure 60 mm (diam\u00e8tre) x 18 mm (hauteur) et est dot\u00e9 d&#8217;un \u0153il de 10 mm, ce qui permet de l&#8217;attacher facilement \u00e0 un crochet, \u00e0 une cha\u00eene ou \u00e0 d&#8217;autres syst\u00e8mes de fixation. Fabriqu\u00e9 en n\u00e9odyme, le mat\u00e9riau magn\u00e9tique permanent le plus puissant, cet aimant offre une force magn\u00e9tique exceptionnellement forte. Cet aimant \u00e0 \u0153illet est parfait pour les applications industrielles, la suspension d&#8217;objets lourds ou la cr\u00e9ation de syst\u00e8mes de suspension magn\u00e9tique robustes dans les ateliers, les entrep\u00f4ts ou divers projets.  <\/p>\n<p class=\"\" data-start=\"690\" data-end=\"704\"><strong data-start=\"690\" data-end=\"704\">Caract\u00e9ristiques :<\/strong><\/p>\n<ul data-start=\"705\" data-end=\"1236\">\n<li class=\"\" data-start=\"705\" data-end=\"756\">\n<p class=\"\" data-start=\"707\" data-end=\"756\"><strong data-start=\"707\" data-end=\"721\">Dimensions<\/strong>: 60 mm (diam\u00e8tre) x 18 mm (hauteur)<\/p>\n<\/li>\n<li class=\"\" data-start=\"757\" data-end=\"831\">\n<p class=\"\" data-start=\"759\" data-end=\"831\"><strong data-start=\"759\" data-end=\"776\">Longueur de l&#8217;\u0153illet<\/strong>: 10 mm pour une fixation facile au crochet ou \u00e0 la cha\u00eene<\/p>\n<\/li>\n<li class=\"\" data-start=\"832\" data-end=\"892\">\n<p class=\"\" data-start=\"834\" data-end=\"892\"><strong data-start=\"834\" data-end=\"847\">Mat\u00e9riau<\/strong>: N\u00e9odyme pour une force magn\u00e9tique puissante<\/p>\n<\/li>\n<li class=\"\" data-start=\"893\" data-end=\"968\">\n<p class=\"\" data-start=\"895\" data-end=\"968\"><strong data-start=\"895\" data-end=\"906\">Rev\u00eatement<\/strong>: nickel\u00e9 pour une protection suppl\u00e9mentaire contre la corrosion et l&#8217;abrasion<\/p>\n<\/li>\n<li class=\"\" data-start=\"969\" data-end=\"1070\">\n<p class=\"\" data-start=\"971\" data-end=\"1070\"><strong data-start=\"971\" data-end=\"985\">Force d&#8217;adh\u00e9rence<\/strong>: forte force magn\u00e9tique pour une adh\u00e9sion fiable (d\u00e9pendante de la surface)<\/p>\n<\/li>\n<li class=\"\" data-start=\"1071\" data-end=\"1236\">\n<p class=\"\" data-start=\"1073\" data-end=\"1236\"><strong data-start=\"1073\" data-end=\"1089\">Applications<\/strong>: Id\u00e9al pour les applications industrielles, pour suspendre des objets lourds, pour cr\u00e9er des syst\u00e8mes de suspension magn\u00e9tique et pour divers projets de loisirs.<\/p>\n<\/li>\n<\/ul>\n<p class=\"\" data-start=\"1238\" data-end=\"1420\">Cet aimant \u00e0 \u0153il offre une solution robuste et fiable pour suspendre des objets et cr\u00e9er des connexions magn\u00e9tiques solides dans un large \u00e9ventail d&#8217;applications.<\/p>\n","protected":false},"excerpt":{"rendered":"<p>Aimant de pot au n\u00e9odyme Plat avec \u0153il (filetage M8)<br \/>\nTemp\u00e9rature de fonctionnement max. Temp\u00e9rature de fonctionnement : 80\u00b0C<br \/>\nInclut l&#8217;anneau. <\/p>\n","protected":false},"featured_media":113547,"template":"","meta":{"_acf_changed":false},"product_brand":[3521],"product_cat":[1388],"product_tag":[3158],"class_list":{"0":"post-95708","1":"product","2":"type-product","3":"status-publish","4":"has-post-thumbnail","6":"product_brand-magnetenspecialist","7":"product_cat-aimant-de-boulon-a-oeil","8":"product_tag-groep-3-fr","9":"pa_houdkracht-110-fr","10":"pa_magnetisering-n40-fr","11":"pa_magnetiseringsrichting-axiaal-fr","12":"pa_materiaal-neodyme-nickele","13":"pa_model-aimant-avec-oeillet","15":"first","16":"instock","17":"taxable","18":"shipping-taxable","19":"purchasable","20":"product-type-simple"},"supplier_id":null,"supplier_sku":"","barcode":null,"atum_controlled":true,"out_stock_date":null,"out_stock_threshold":null,"inheritable":false,"inbound_stock":0,"stock_on_hold":0,"sold_today":0,"sales_last_days":1,"reserved_stock":0,"customer_returns":0,"warehouse_damage":0,"lost_in_post":0,"other_logs":0,"out_stock_days":0,"lost_sales":0,"has_location":false,"update_date":"2026-04-03T08:06:23","atum_locations":[],"atum_stock_status":"instock","restock_status":false,"low_stock_amount":150,"sales_update_date":"2026-04-03T08:06:23","calc_backorders":null,"acf":[],"yoast_head":"<!-- This site is optimized with the Yoast SEO Premium plugin v24.7 (Yoast SEO v24.7) - https:\/\/yoast.com\/wordpress\/plugins\/seo\/ -->\n<title>Aimant pour Boulon \u00e0 \u0152il 60 x 18 x 10 mm \u2013 Aimant avec \u0152il de Boulon 60x18x10mm<\/title>\n<meta name=\"description\" content=\"Choisissez l&#039;aimant Eyebolt 60 x 18 x 10 mm pour une solution fiable lors de la suspension d&#039;objets lourds. D\u00e9couvrez la puissance du n\u00e9odyme !\" \/>\n<meta name=\"robots\" content=\"index, follow, max-snippet:-1, max-image-preview:large, max-video-preview:-1\" \/>\n<link rel=\"canonical\" href=\"https:\/\/www.magnetenspecialist.nl\/fr\/magasin\/aimant-de-boulon-a-oeil\/magneet-met-oogmoer-60-x-18-x-10-mm\/\" \/>\n<meta property=\"og:locale\" content=\"fr_FR\" \/>\n<meta property=\"og:type\" content=\"article\" \/>\n<meta property=\"og:title\" content=\"Aimant pour boulon \u00e0 \u0153il 60 x 18 x 10 mm - Aimant en n\u00e9odyme N40 dans un bo\u00eetier en acier\" \/>\n<meta property=\"og:description\" content=\"Choisissez l&#039;aimant Eyebolt 60 x 18 x 10 mm pour une solution fiable lors de la suspension d&#039;objets lourds. D\u00e9couvrez la puissance du n\u00e9odyme !\" \/>\n<meta property=\"og:url\" content=\"https:\/\/www.magnetenspecialist.nl\/fr\/magasin\/aimant-de-boulon-a-oeil\/magneet-met-oogmoer-60-x-18-x-10-mm\/\" \/>\n<meta property=\"og:site_name\" content=\"Magnetenspecialist.nl\" \/>\n<meta property=\"article:publisher\" content=\"https:\/\/www.facebook.com\/Magnetenspecialist.nl\" \/>\n<meta property=\"article:modified_time\" content=\"2025-05-20T11:45:44+00:00\" \/>\n<meta property=\"og:image\" content=\"https:\/\/www.magnetenspecialist.nl\/wp-content\/uploads\/2019\/03\/Magnetenspecialist.nl_Oogbout-magneet-60-x-18-x-10-mm_2-1.jpg\" \/>\n\t<meta property=\"og:image:width\" content=\"1500\" \/>\n\t<meta property=\"og:image:height\" content=\"1500\" \/>\n\t<meta property=\"og:image:type\" content=\"image\/jpeg\" \/>\n<meta name=\"twitter:card\" content=\"summary_large_image\" \/>\n<meta name=\"twitter:site\" content=\"@magnetenspecial\" \/>\n<meta name=\"twitter:label1\" content=\"Prix\" \/>\n\t<meta name=\"twitter:data1\" content=\"&euro;&nbsp;23,00\" \/>\n\t<meta name=\"twitter:label2\" content=\"Disponibilit\u00e9\" \/>\n\t<meta name=\"twitter:data2\" content=\"En stock\" \/>\n<script type=\"application\/ld+json\" class=\"yoast-schema-graph\">{\"@context\":\"https:\/\/schema.org\",\"@graph\":[{\"@type\":\"WebPage\",\"@id\":\"https:\/\/www.magnetenspecialist.nl\/fr\/magasin\/aimant-de-boulon-a-oeil\/magneet-met-oogmoer-60-x-18-x-10-mm\/\",\"url\":\"https:\/\/www.magnetenspecialist.nl\/fr\/magasin\/aimant-de-boulon-a-oeil\/magneet-met-oogmoer-60-x-18-x-10-mm\/\",\"name\":\"Aimant pour Boulon \u00e0 \u0152il 60 x 18 x 10 mm \u2013 Aimant avec \u0152il de Boulon 60x18x10mm\",\"isPartOf\":{\"@id\":\"https:\/\/www.magnetenspecialist.nl\/fr\/#website\"},\"primaryImageOfPage\":{\"@id\":\"https:\/\/www.magnetenspecialist.nl\/fr\/magasin\/aimant-de-boulon-a-oeil\/magneet-met-oogmoer-60-x-18-x-10-mm\/#primaryimage\"},\"image\":{\"@id\":\"https:\/\/www.magnetenspecialist.nl\/fr\/magasin\/aimant-de-boulon-a-oeil\/magneet-met-oogmoer-60-x-18-x-10-mm\/#primaryimage\"},\"thumbnailUrl\":\"https:\/\/www.magnetenspecialist.nl\/wp-content\/uploads\/2019\/03\/Magnetenspecialist.nl_Oogbout-magneet-60-x-18-x-10-mm_2-1.jpg\",\"datePublished\":\"2019-03-08T10:02:57+00:00\",\"dateModified\":\"2025-05-20T11:45:44+00:00\",\"description\":\"Choisissez l'aimant Eyebolt 60 x 18 x 10 mm pour une solution fiable lors de la suspension d'objets lourds. D\u00e9couvrez la puissance du n\u00e9odyme !\",\"breadcrumb\":{\"@id\":\"https:\/\/www.magnetenspecialist.nl\/fr\/magasin\/aimant-de-boulon-a-oeil\/magneet-met-oogmoer-60-x-18-x-10-mm\/#breadcrumb\"},\"inLanguage\":\"fr-FR\",\"potentialAction\":[{\"@type\":\"ReadAction\",\"target\":[\"https:\/\/www.magnetenspecialist.nl\/fr\/magasin\/aimant-de-boulon-a-oeil\/magneet-met-oogmoer-60-x-18-x-10-mm\/\"]}]},{\"@type\":\"ImageObject\",\"inLanguage\":\"fr-FR\",\"@id\":\"https:\/\/www.magnetenspecialist.nl\/fr\/magasin\/aimant-de-boulon-a-oeil\/magneet-met-oogmoer-60-x-18-x-10-mm\/#primaryimage\",\"url\":\"https:\/\/www.magnetenspecialist.nl\/wp-content\/uploads\/2019\/03\/Magnetenspecialist.nl_Oogbout-magneet-60-x-18-x-10-mm_2-1.jpg\",\"contentUrl\":\"https:\/\/www.magnetenspecialist.nl\/wp-content\/uploads\/2019\/03\/Magnetenspecialist.nl_Oogbout-magneet-60-x-18-x-10-mm_2-1.jpg\",\"width\":1500,\"height\":1500,\"caption\":\"Zeer krachtige oogboutmagneet \u00d860 mm \u2013 voor zware industri\u00eble toepassingen\"},{\"@type\":\"BreadcrumbList\",\"@id\":\"https:\/\/www.magnetenspecialist.nl\/fr\/magasin\/aimant-de-boulon-a-oeil\/magneet-met-oogmoer-60-x-18-x-10-mm\/#breadcrumb\",\"itemListElement\":[{\"@type\":\"ListItem\",\"position\":1,\"name\":\"Accueil\",\"item\":\"https:\/\/www.magnetenspecialist.nl\/fr\/accueil\/\"},{\"@type\":\"ListItem\",\"position\":2,\"name\":\"Boutique\",\"item\":\"https:\/\/www.magnetenspecialist.nl\/fr\/boutique\/\"},{\"@type\":\"ListItem\",\"position\":3,\"name\":\"Aimant pour boulon \u00e0 \u0153il 60 x 18 x 10 mm &#8211; Aimant en n\u00e9odyme N40 dans un bo\u00eetier en acier\"}]},{\"@type\":\"WebSite\",\"@id\":\"https:\/\/www.magnetenspecialist.nl\/fr\/#website\",\"url\":\"https:\/\/www.magnetenspecialist.nl\/fr\/\",\"name\":\"Magnetenspecialist.nl\",\"description\":\"Vaste gamme d'aimants en n\u00e9odyme\",\"publisher\":{\"@id\":\"https:\/\/www.magnetenspecialist.nl\/fr\/#organization\"},\"potentialAction\":[{\"@type\":\"SearchAction\",\"target\":{\"@type\":\"EntryPoint\",\"urlTemplate\":\"https:\/\/www.magnetenspecialist.nl\/fr\/?s={search_term_string}\"},\"query-input\":{\"@type\":\"PropertyValueSpecification\",\"valueRequired\":true,\"valueName\":\"search_term_string\"}}],\"inLanguage\":\"fr-FR\"},{\"@type\":\"Organization\",\"@id\":\"https:\/\/www.magnetenspecialist.nl\/fr\/#organization\",\"name\":\"Magnetenspecialist.nl\",\"url\":\"https:\/\/www.magnetenspecialist.nl\/fr\/\",\"logo\":{\"@type\":\"ImageObject\",\"inLanguage\":\"fr-FR\",\"@id\":\"https:\/\/www.magnetenspecialist.nl\/fr\/#\/schema\/logo\/image\/\",\"url\":\"https:\/\/www.magnetenspecialist.nl\/wp-content\/uploads\/2018\/10\/magneten-logo.jpg\",\"contentUrl\":\"https:\/\/www.magnetenspecialist.nl\/wp-content\/uploads\/2018\/10\/magneten-logo.jpg\",\"width\":151,\"height\":151,\"caption\":\"Magnetenspecialist.nl\"},\"image\":{\"@id\":\"https:\/\/www.magnetenspecialist.nl\/fr\/#\/schema\/logo\/image\/\"},\"sameAs\":[\"https:\/\/www.facebook.com\/Magnetenspecialist.nl\",\"https:\/\/x.com\/magnetenspecial\"]}]}<\/script>\n<meta property=\"product:price:amount\" content=\"23.00\" \/>\n<meta property=\"product:price:currency\" content=\"EUR\" \/>\n<meta property=\"og:availability\" content=\"instock\" \/>\n<meta property=\"product:availability\" content=\"instock\" \/>\n<meta property=\"product:retailer_item_id\" content=\"og060x018x0100-N\" \/>\n<meta property=\"product:condition\" content=\"new\" \/>\n<!-- \/ Yoast SEO Premium plugin. -->","yoast_head_json":{"title":"Aimant pour Boulon \u00e0 \u0152il 60 x 18 x 10 mm \u2013 Aimant avec \u0152il de Boulon 60x18x10mm","description":"Choisissez l'aimant Eyebolt 60 x 18 x 10 mm pour une solution fiable lors de la suspension d'objets lourds. D\u00e9couvrez la puissance du n\u00e9odyme !","robots":{"index":"index","follow":"follow","max-snippet":"max-snippet:-1","max-image-preview":"max-image-preview:large","max-video-preview":"max-video-preview:-1"},"canonical":"https:\/\/www.magnetenspecialist.nl\/fr\/magasin\/aimant-de-boulon-a-oeil\/magneet-met-oogmoer-60-x-18-x-10-mm\/","og_locale":"fr_FR","og_type":"article","og_title":"Aimant pour boulon \u00e0 \u0153il 60 x 18 x 10 mm - Aimant en n\u00e9odyme N40 dans un bo\u00eetier en acier","og_description":"Choisissez l'aimant Eyebolt 60 x 18 x 10 mm pour une solution fiable lors de la suspension d'objets lourds. D\u00e9couvrez la puissance du n\u00e9odyme !","og_url":"https:\/\/www.magnetenspecialist.nl\/fr\/magasin\/aimant-de-boulon-a-oeil\/magneet-met-oogmoer-60-x-18-x-10-mm\/","og_site_name":"Magnetenspecialist.nl","article_publisher":"https:\/\/www.facebook.com\/Magnetenspecialist.nl","article_modified_time":"2025-05-20T11:45:44+00:00","og_image":[{"width":1500,"height":1500,"url":"https:\/\/www.magnetenspecialist.nl\/wp-content\/uploads\/2019\/03\/Magnetenspecialist.nl_Oogbout-magneet-60-x-18-x-10-mm_2-1.jpg","type":"image\/jpeg"}],"twitter_card":"summary_large_image","twitter_site":"@magnetenspecial","twitter_misc":{"Prix":"&euro;&nbsp;23,00","Disponibilit\u00e9":"En stock"},"schema":{"@context":"https:\/\/schema.org","@graph":[{"@type":"WebPage","@id":"https:\/\/www.magnetenspecialist.nl\/fr\/magasin\/aimant-de-boulon-a-oeil\/magneet-met-oogmoer-60-x-18-x-10-mm\/","url":"https:\/\/www.magnetenspecialist.nl\/fr\/magasin\/aimant-de-boulon-a-oeil\/magneet-met-oogmoer-60-x-18-x-10-mm\/","name":"Aimant pour Boulon \u00e0 \u0152il 60 x 18 x 10 mm \u2013 Aimant avec \u0152il de Boulon 60x18x10mm","isPartOf":{"@id":"https:\/\/www.magnetenspecialist.nl\/fr\/#website"},"primaryImageOfPage":{"@id":"https:\/\/www.magnetenspecialist.nl\/fr\/magasin\/aimant-de-boulon-a-oeil\/magneet-met-oogmoer-60-x-18-x-10-mm\/#primaryimage"},"image":{"@id":"https:\/\/www.magnetenspecialist.nl\/fr\/magasin\/aimant-de-boulon-a-oeil\/magneet-met-oogmoer-60-x-18-x-10-mm\/#primaryimage"},"thumbnailUrl":"https:\/\/www.magnetenspecialist.nl\/wp-content\/uploads\/2019\/03\/Magnetenspecialist.nl_Oogbout-magneet-60-x-18-x-10-mm_2-1.jpg","datePublished":"2019-03-08T10:02:57+00:00","dateModified":"2025-05-20T11:45:44+00:00","description":"Choisissez l'aimant Eyebolt 60 x 18 x 10 mm pour une solution fiable lors de la suspension d'objets lourds. D\u00e9couvrez la puissance du n\u00e9odyme !","breadcrumb":{"@id":"https:\/\/www.magnetenspecialist.nl\/fr\/magasin\/aimant-de-boulon-a-oeil\/magneet-met-oogmoer-60-x-18-x-10-mm\/#breadcrumb"},"inLanguage":"fr-FR","potentialAction":[{"@type":"ReadAction","target":["https:\/\/www.magnetenspecialist.nl\/fr\/magasin\/aimant-de-boulon-a-oeil\/magneet-met-oogmoer-60-x-18-x-10-mm\/"]}]},{"@type":"ImageObject","inLanguage":"fr-FR","@id":"https:\/\/www.magnetenspecialist.nl\/fr\/magasin\/aimant-de-boulon-a-oeil\/magneet-met-oogmoer-60-x-18-x-10-mm\/#primaryimage","url":"https:\/\/www.magnetenspecialist.nl\/wp-content\/uploads\/2019\/03\/Magnetenspecialist.nl_Oogbout-magneet-60-x-18-x-10-mm_2-1.jpg","contentUrl":"https:\/\/www.magnetenspecialist.nl\/wp-content\/uploads\/2019\/03\/Magnetenspecialist.nl_Oogbout-magneet-60-x-18-x-10-mm_2-1.jpg","width":1500,"height":1500,"caption":"Zeer krachtige oogboutmagneet \u00d860 mm \u2013 voor zware industri\u00eble toepassingen"},{"@type":"BreadcrumbList","@id":"https:\/\/www.magnetenspecialist.nl\/fr\/magasin\/aimant-de-boulon-a-oeil\/magneet-met-oogmoer-60-x-18-x-10-mm\/#breadcrumb","itemListElement":[{"@type":"ListItem","position":1,"name":"Accueil","item":"https:\/\/www.magnetenspecialist.nl\/fr\/accueil\/"},{"@type":"ListItem","position":2,"name":"Boutique","item":"https:\/\/www.magnetenspecialist.nl\/fr\/boutique\/"},{"@type":"ListItem","position":3,"name":"Aimant pour boulon \u00e0 \u0153il 60 x 18 x 10 mm &#8211; Aimant en n\u00e9odyme N40 dans un bo\u00eetier en acier"}]},{"@type":"WebSite","@id":"https:\/\/www.magnetenspecialist.nl\/fr\/#website","url":"https:\/\/www.magnetenspecialist.nl\/fr\/","name":"Magnetenspecialist.nl","description":"Vaste gamme d'aimants en n\u00e9odyme","publisher":{"@id":"https:\/\/www.magnetenspecialist.nl\/fr\/#organization"},"potentialAction":[{"@type":"SearchAction","target":{"@type":"EntryPoint","urlTemplate":"https:\/\/www.magnetenspecialist.nl\/fr\/?s={search_term_string}"},"query-input":{"@type":"PropertyValueSpecification","valueRequired":true,"valueName":"search_term_string"}}],"inLanguage":"fr-FR"},{"@type":"Organization","@id":"https:\/\/www.magnetenspecialist.nl\/fr\/#organization","name":"Magnetenspecialist.nl","url":"https:\/\/www.magnetenspecialist.nl\/fr\/","logo":{"@type":"ImageObject","inLanguage":"fr-FR","@id":"https:\/\/www.magnetenspecialist.nl\/fr\/#\/schema\/logo\/image\/","url":"https:\/\/www.magnetenspecialist.nl\/wp-content\/uploads\/2018\/10\/magneten-logo.jpg","contentUrl":"https:\/\/www.magnetenspecialist.nl\/wp-content\/uploads\/2018\/10\/magneten-logo.jpg","width":151,"height":151,"caption":"Magnetenspecialist.nl"},"image":{"@id":"https:\/\/www.magnetenspecialist.nl\/fr\/#\/schema\/logo\/image\/"},"sameAs":["https:\/\/www.facebook.com\/Magnetenspecialist.nl","https:\/\/x.com\/magnetenspecial"]}]},"product_price_amount":"23.00","product_price_currency":"EUR","og_availability":"instock","product_availability":"instock","product_retailer_item_id":"og060x018x0100-N","product_condition":"new"},"_links":{"self":[{"href":"https:\/\/www.magnetenspecialist.nl\/fr\/wp-json\/wp\/v2\/product\/95708","targetHints":{"allow":["GET"]}}],"collection":[{"href":"https:\/\/www.magnetenspecialist.nl\/fr\/wp-json\/wp\/v2\/product"}],"about":[{"href":"https:\/\/www.magnetenspecialist.nl\/fr\/wp-json\/wp\/v2\/types\/product"}],"wp:featuredmedia":[{"embeddable":true,"href":"https:\/\/www.magnetenspecialist.nl\/fr\/wp-json\/wp\/v2\/media\/113547"}],"wp:attachment":[{"href":"https:\/\/www.magnetenspecialist.nl\/fr\/wp-json\/wp\/v2\/media?parent=95708"}],"wp:term":[{"taxonomy":"product_brand","embeddable":true,"href":"https:\/\/www.magnetenspecialist.nl\/fr\/wp-json\/wp\/v2\/product_brand?post=95708"},{"taxonomy":"product_cat","embeddable":true,"href":"https:\/\/www.magnetenspecialist.nl\/fr\/wp-json\/wp\/v2\/product_cat?post=95708"},{"taxonomy":"product_tag","embeddable":true,"href":"https:\/\/www.magnetenspecialist.nl\/fr\/wp-json\/wp\/v2\/product_tag?post=95708"}],"curies":[{"name":"wp","href":"https:\/\/api.w.org\/{rel}","templated":true}]}}