{"id":95711,"date":"2019-03-08T11:02:49","date_gmt":"2019-03-08T10:02:49","guid":{"rendered":"https:\/\/www.magnetenspecialist.nl\/winkel\/non%20class\u00e9\/aimant-avec-oeillet-32-x-16-x-9-mm\/"},"modified":"2025-04-07T13:48:14","modified_gmt":"2025-04-07T11:48:14","slug":"magneet-met-oogmoer-32-x-16-x-9-mm","status":"publish","type":"product","link":"https:\/\/www.magnetenspecialist.nl\/fr\/magasin\/aimant-de-boulon-a-oeil\/magneet-met-oogmoer-32-x-16-x-9-mm\/","title":{"rendered":"Aimant pour boulon \u00e0 \u0153il 32 x 16 x 9 mm"},"content":{"rendered":"<p class=\"\" data-start=\"81\" data-end=\"114\"><strong data-start=\"81\" data-end=\"114\">Aimant pour boulon \u00e0 \u0153il 32 x 16 x 9 mm<\/strong><\/p>\n<p class=\"\" data-start=\"116\" data-end=\"702\">Cet aimant \u00e0 \u0153illet mesure 32 mm (diam\u00e8tre) x 16 mm (hauteur) et est dot\u00e9 d&#8217;un \u0153illet de 9 mm, ce qui permet de le fixer ou de l&#8217;accrocher facilement. Fabriqu\u00e9 en n\u00e9odyme, le mat\u00e9riau magn\u00e9tique permanent le plus puissant, l&#8217;aimant fournit une force magn\u00e9tique puissante pour une adh\u00e9sion fiable. Gr\u00e2ce au boulon \u00e0 \u0153il, cet aimant peut \u00eatre rapidement fix\u00e9 \u00e0 un crochet, une cha\u00eene ou un autre syst\u00e8me de fixation, ce qui le rend id\u00e9al pour les applications industrielles, les entrep\u00f4ts, les ateliers et pour cr\u00e9er des syst\u00e8mes de suspension magn\u00e9tiques dans divers projets.  <\/p>\n<p class=\"\" data-start=\"704\" data-end=\"718\"><strong data-start=\"704\" data-end=\"718\">Caract\u00e9ristiques :<\/strong><\/p>\n<ul data-start=\"719\" data-end=\"1255\">\n<li class=\"\" data-start=\"719\" data-end=\"770\">\n<p class=\"\" data-start=\"721\" data-end=\"770\"><strong data-start=\"721\" data-end=\"735\">Dimensions<\/strong>: 32 mm (diam\u00e8tre) x 16 mm (hauteur)<\/p>\n<\/li>\n<li class=\"\" data-start=\"771\" data-end=\"844\">\n<p class=\"\" data-start=\"773\" data-end=\"844\"><strong data-start=\"773\" data-end=\"790\">Longueur de l&#8217;\u0153illet<\/strong>: 9 mm pour une fixation facile au crochet ou \u00e0 la cha\u00eene<\/p>\n<\/li>\n<li class=\"\" data-start=\"845\" data-end=\"905\">\n<p class=\"\" data-start=\"847\" data-end=\"905\"><strong data-start=\"847\" data-end=\"860\">Mat\u00e9riau<\/strong>: N\u00e9odyme pour une force magn\u00e9tique puissante<\/p>\n<\/li>\n<li class=\"\" data-start=\"906\" data-end=\"985\">\n<p class=\"\" data-start=\"908\" data-end=\"985\"><strong data-start=\"908\" data-end=\"919\">Rev\u00eatement<\/strong>: nickel\u00e9 pour une plus grande durabilit\u00e9 et une meilleure protection contre la corrosion<\/p>\n<\/li>\n<li class=\"\" data-start=\"986\" data-end=\"1109\">\n<p class=\"\" data-start=\"988\" data-end=\"1109\"><strong data-start=\"988\" data-end=\"1002\">Force d&#8217;adh\u00e9rence<\/strong>: forte force magn\u00e9tique pour une adh\u00e9rence fiable (force d&#8217;adh\u00e9rence sp\u00e9cifique en fonction de la surface)<\/p>\n<\/li>\n<li class=\"\" data-start=\"1110\" data-end=\"1255\">\n<p class=\"\" data-start=\"1112\" data-end=\"1255\"><strong data-start=\"1112\" data-end=\"1128\">Applications<\/strong>: Id\u00e9al pour suspendre des objets, pour des applications industrielles, pour cr\u00e9er des syst\u00e8mes de suspension magn\u00e9tique et pour des projets de loisirs.<\/p>\n<\/li>\n<\/ul>\n<p class=\"\" data-start=\"1257\" data-end=\"1404\">Avec cet aimant \u00e0 \u0153il, vous pouvez facilement accrocher ou fixer des objets, tandis que le puissant aimant en n\u00e9odyme assure une connexion solide.<\/p>\n","protected":false},"excerpt":{"rendered":"<p>Aimant de pot au n\u00e9odyme Plat avec \u0153illet (filetage M6)<br \/>\nTemp\u00e9rature d&#8217;utilisation max. Temp\u00e9rature de fonctionnement : 80\u00b0C<br \/>\nInclut l&#8217;anneau. <\/p>\n","protected":false},"featured_media":113573,"template":"","meta":{"_acf_changed":false},"product_brand":[3521],"product_cat":[1388],"product_tag":[3159],"class_list":{"0":"post-95711","1":"product","2":"type-product","3":"status-publish","4":"has-post-thumbnail","6":"product_brand-magnetenspecialist","7":"product_cat-aimant-de-boulon-a-oeil","8":"product_tag-groep-4-fr","9":"pa_houdkracht-28-fr","10":"pa_magnetisering-n40-fr","11":"pa_magnetiseringsrichting-axiaal-fr","12":"pa_materiaal-neodyme-nickele","13":"pa_model-aimant-avec-oeillet","15":"first","16":"instock","17":"taxable","18":"shipping-taxable","19":"purchasable","20":"product-type-simple"},"supplier_id":null,"supplier_sku":"","barcode":null,"atum_controlled":true,"out_stock_date":null,"out_stock_threshold":null,"inheritable":false,"inbound_stock":0,"stock_on_hold":0,"sold_today":0,"sales_last_days":0,"reserved_stock":0,"customer_returns":0,"warehouse_damage":0,"lost_in_post":0,"other_logs":0,"out_stock_days":0,"lost_sales":0,"has_location":false,"update_date":"2026-04-28T06:51:24","atum_locations":[],"atum_stock_status":"instock","restock_status":false,"low_stock_amount":1000,"sales_update_date":"2026-04-03T08:06:24","calc_backorders":null,"acf":[],"yoast_head":"<!-- This site is optimized with the Yoast SEO Premium plugin v24.7 (Yoast SEO v24.7) - https:\/\/yoast.com\/wordpress\/plugins\/seo\/ -->\n<title>Aimant pour Boulon \u00e0 \u0152il 32 x 16 x 9 mm \u2013 Aimant avec \u0152il de Boulon 32x16x9mm<\/title>\n<meta name=\"description\" content=\"D\u00e9couvrez le puissant aimant Eyebolt 32 x 16 x 9 mm pour tout lieu de travail. Commandez facilement ces aimants en n\u00e9odyme en ligne d\u00e8s maintenant !\" \/>\n<meta name=\"robots\" content=\"index, follow, max-snippet:-1, max-image-preview:large, max-video-preview:-1\" \/>\n<link rel=\"canonical\" href=\"https:\/\/www.magnetenspecialist.nl\/fr\/magasin\/aimant-de-boulon-a-oeil\/magneet-met-oogmoer-32-x-16-x-9-mm\/\" \/>\n<meta property=\"og:locale\" content=\"fr_FR\" \/>\n<meta property=\"og:type\" content=\"article\" \/>\n<meta property=\"og:title\" content=\"Aimant pour boulon \u00e0 \u0153il 32 x 16 x 9 mm\" \/>\n<meta property=\"og:description\" content=\"D\u00e9couvrez le puissant aimant Eyebolt 32 x 16 x 9 mm pour tout lieu de travail. Commandez facilement ces aimants en n\u00e9odyme en ligne d\u00e8s maintenant !\" \/>\n<meta property=\"og:url\" content=\"https:\/\/www.magnetenspecialist.nl\/fr\/magasin\/aimant-de-boulon-a-oeil\/magneet-met-oogmoer-32-x-16-x-9-mm\/\" \/>\n<meta property=\"og:site_name\" content=\"Magnetenspecialist.nl\" \/>\n<meta property=\"article:publisher\" content=\"https:\/\/www.facebook.com\/Magnetenspecialist.nl\" \/>\n<meta property=\"article:modified_time\" content=\"2025-04-07T11:48:14+00:00\" \/>\n<meta property=\"og:image\" content=\"https:\/\/www.magnetenspecialist.nl\/wp-content\/uploads\/2019\/03\/Magnetenspecialist.nl_Oogbout-magneet-32-x-16-x-9-mm_1.jpg\" \/>\n\t<meta property=\"og:image:width\" content=\"1500\" \/>\n\t<meta property=\"og:image:height\" content=\"1500\" \/>\n\t<meta property=\"og:image:type\" content=\"image\/jpeg\" \/>\n<meta name=\"twitter:card\" content=\"summary_large_image\" \/>\n<meta name=\"twitter:site\" content=\"@magnetenspecial\" \/>\n<meta name=\"twitter:label1\" content=\"Prix\" \/>\n\t<meta name=\"twitter:data1\" content=\"&euro;&nbsp;5,16\" \/>\n\t<meta name=\"twitter:label2\" content=\"Disponibilit\u00e9\" \/>\n\t<meta name=\"twitter:data2\" content=\"En stock\" \/>\n<script type=\"application\/ld+json\" class=\"yoast-schema-graph\">{\"@context\":\"https:\/\/schema.org\",\"@graph\":[{\"@type\":\"WebPage\",\"@id\":\"https:\/\/www.magnetenspecialist.nl\/fr\/magasin\/aimant-de-boulon-a-oeil\/magneet-met-oogmoer-32-x-16-x-9-mm\/\",\"url\":\"https:\/\/www.magnetenspecialist.nl\/fr\/magasin\/aimant-de-boulon-a-oeil\/magneet-met-oogmoer-32-x-16-x-9-mm\/\",\"name\":\"Aimant pour Boulon \u00e0 \u0152il 32 x 16 x 9 mm \u2013 Aimant avec \u0152il de Boulon 32x16x9mm\",\"isPartOf\":{\"@id\":\"https:\/\/www.magnetenspecialist.nl\/fr\/#website\"},\"primaryImageOfPage\":{\"@id\":\"https:\/\/www.magnetenspecialist.nl\/fr\/magasin\/aimant-de-boulon-a-oeil\/magneet-met-oogmoer-32-x-16-x-9-mm\/#primaryimage\"},\"image\":{\"@id\":\"https:\/\/www.magnetenspecialist.nl\/fr\/magasin\/aimant-de-boulon-a-oeil\/magneet-met-oogmoer-32-x-16-x-9-mm\/#primaryimage\"},\"thumbnailUrl\":\"https:\/\/www.magnetenspecialist.nl\/wp-content\/uploads\/2019\/03\/Magnetenspecialist.nl_Oogbout-magneet-32-x-16-x-9-mm_1.jpg\",\"datePublished\":\"2019-03-08T10:02:49+00:00\",\"dateModified\":\"2025-04-07T11:48:14+00:00\",\"description\":\"D\u00e9couvrez le puissant aimant Eyebolt 32 x 16 x 9 mm pour tout lieu de travail. Commandez facilement ces aimants en n\u00e9odyme en ligne d\u00e8s maintenant !\",\"breadcrumb\":{\"@id\":\"https:\/\/www.magnetenspecialist.nl\/fr\/magasin\/aimant-de-boulon-a-oeil\/magneet-met-oogmoer-32-x-16-x-9-mm\/#breadcrumb\"},\"inLanguage\":\"fr-FR\",\"potentialAction\":[{\"@type\":\"ReadAction\",\"target\":[\"https:\/\/www.magnetenspecialist.nl\/fr\/magasin\/aimant-de-boulon-a-oeil\/magneet-met-oogmoer-32-x-16-x-9-mm\/\"]}]},{\"@type\":\"ImageObject\",\"inLanguage\":\"fr-FR\",\"@id\":\"https:\/\/www.magnetenspecialist.nl\/fr\/magasin\/aimant-de-boulon-a-oeil\/magneet-met-oogmoer-32-x-16-x-9-mm\/#primaryimage\",\"url\":\"https:\/\/www.magnetenspecialist.nl\/wp-content\/uploads\/2019\/03\/Magnetenspecialist.nl_Oogbout-magneet-32-x-16-x-9-mm_1.jpg\",\"contentUrl\":\"https:\/\/www.magnetenspecialist.nl\/wp-content\/uploads\/2019\/03\/Magnetenspecialist.nl_Oogbout-magneet-32-x-16-x-9-mm_1.jpg\",\"width\":1500,\"height\":1500,\"caption\":\"Krachtige neodymium oogboutmagneet \u00d832 mm \u2013 geschikt voor stevige bevestiging\"},{\"@type\":\"BreadcrumbList\",\"@id\":\"https:\/\/www.magnetenspecialist.nl\/fr\/magasin\/aimant-de-boulon-a-oeil\/magneet-met-oogmoer-32-x-16-x-9-mm\/#breadcrumb\",\"itemListElement\":[{\"@type\":\"ListItem\",\"position\":1,\"name\":\"Accueil\",\"item\":\"https:\/\/www.magnetenspecialist.nl\/fr\/accueil\/\"},{\"@type\":\"ListItem\",\"position\":2,\"name\":\"Boutique\",\"item\":\"https:\/\/www.magnetenspecialist.nl\/fr\/boutique\/\"},{\"@type\":\"ListItem\",\"position\":3,\"name\":\"Aimant pour boulon \u00e0 \u0153il 32 x 16 x 9 mm\"}]},{\"@type\":\"WebSite\",\"@id\":\"https:\/\/www.magnetenspecialist.nl\/fr\/#website\",\"url\":\"https:\/\/www.magnetenspecialist.nl\/fr\/\",\"name\":\"Magnetenspecialist.nl\",\"description\":\"Vaste gamme d'aimants en n\u00e9odyme\",\"publisher\":{\"@id\":\"https:\/\/www.magnetenspecialist.nl\/fr\/#organization\"},\"potentialAction\":[{\"@type\":\"SearchAction\",\"target\":{\"@type\":\"EntryPoint\",\"urlTemplate\":\"https:\/\/www.magnetenspecialist.nl\/fr\/?s={search_term_string}\"},\"query-input\":{\"@type\":\"PropertyValueSpecification\",\"valueRequired\":true,\"valueName\":\"search_term_string\"}}],\"inLanguage\":\"fr-FR\"},{\"@type\":\"Organization\",\"@id\":\"https:\/\/www.magnetenspecialist.nl\/fr\/#organization\",\"name\":\"Magnetenspecialist.nl\",\"url\":\"https:\/\/www.magnetenspecialist.nl\/fr\/\",\"logo\":{\"@type\":\"ImageObject\",\"inLanguage\":\"fr-FR\",\"@id\":\"https:\/\/www.magnetenspecialist.nl\/fr\/#\/schema\/logo\/image\/\",\"url\":\"https:\/\/www.magnetenspecialist.nl\/wp-content\/uploads\/2018\/10\/magneten-logo.jpg\",\"contentUrl\":\"https:\/\/www.magnetenspecialist.nl\/wp-content\/uploads\/2018\/10\/magneten-logo.jpg\",\"width\":151,\"height\":151,\"caption\":\"Magnetenspecialist.nl\"},\"image\":{\"@id\":\"https:\/\/www.magnetenspecialist.nl\/fr\/#\/schema\/logo\/image\/\"},\"sameAs\":[\"https:\/\/www.facebook.com\/Magnetenspecialist.nl\",\"https:\/\/x.com\/magnetenspecial\"]}]}<\/script>\n<meta property=\"product:price:amount\" content=\"5.16\" \/>\n<meta property=\"product:price:currency\" content=\"EUR\" \/>\n<meta property=\"og:availability\" content=\"instock\" \/>\n<meta property=\"product:availability\" content=\"instock\" \/>\n<meta property=\"product:retailer_item_id\" content=\"og032x016x0090-N\" \/>\n<meta property=\"product:condition\" content=\"new\" \/>\n<!-- \/ Yoast SEO Premium plugin. -->","yoast_head_json":{"title":"Aimant pour Boulon \u00e0 \u0152il 32 x 16 x 9 mm \u2013 Aimant avec \u0152il de Boulon 32x16x9mm","description":"D\u00e9couvrez le puissant aimant Eyebolt 32 x 16 x 9 mm pour tout lieu de travail. Commandez facilement ces aimants en n\u00e9odyme en ligne d\u00e8s maintenant !","robots":{"index":"index","follow":"follow","max-snippet":"max-snippet:-1","max-image-preview":"max-image-preview:large","max-video-preview":"max-video-preview:-1"},"canonical":"https:\/\/www.magnetenspecialist.nl\/fr\/magasin\/aimant-de-boulon-a-oeil\/magneet-met-oogmoer-32-x-16-x-9-mm\/","og_locale":"fr_FR","og_type":"article","og_title":"Aimant pour boulon \u00e0 \u0153il 32 x 16 x 9 mm","og_description":"D\u00e9couvrez le puissant aimant Eyebolt 32 x 16 x 9 mm pour tout lieu de travail. Commandez facilement ces aimants en n\u00e9odyme en ligne d\u00e8s maintenant !","og_url":"https:\/\/www.magnetenspecialist.nl\/fr\/magasin\/aimant-de-boulon-a-oeil\/magneet-met-oogmoer-32-x-16-x-9-mm\/","og_site_name":"Magnetenspecialist.nl","article_publisher":"https:\/\/www.facebook.com\/Magnetenspecialist.nl","article_modified_time":"2025-04-07T11:48:14+00:00","og_image":[{"width":1500,"height":1500,"url":"https:\/\/www.magnetenspecialist.nl\/wp-content\/uploads\/2019\/03\/Magnetenspecialist.nl_Oogbout-magneet-32-x-16-x-9-mm_1.jpg","type":"image\/jpeg"}],"twitter_card":"summary_large_image","twitter_site":"@magnetenspecial","twitter_misc":{"Prix":"&euro;&nbsp;5,16","Disponibilit\u00e9":"En stock"},"schema":{"@context":"https:\/\/schema.org","@graph":[{"@type":"WebPage","@id":"https:\/\/www.magnetenspecialist.nl\/fr\/magasin\/aimant-de-boulon-a-oeil\/magneet-met-oogmoer-32-x-16-x-9-mm\/","url":"https:\/\/www.magnetenspecialist.nl\/fr\/magasin\/aimant-de-boulon-a-oeil\/magneet-met-oogmoer-32-x-16-x-9-mm\/","name":"Aimant pour Boulon \u00e0 \u0152il 32 x 16 x 9 mm \u2013 Aimant avec \u0152il de Boulon 32x16x9mm","isPartOf":{"@id":"https:\/\/www.magnetenspecialist.nl\/fr\/#website"},"primaryImageOfPage":{"@id":"https:\/\/www.magnetenspecialist.nl\/fr\/magasin\/aimant-de-boulon-a-oeil\/magneet-met-oogmoer-32-x-16-x-9-mm\/#primaryimage"},"image":{"@id":"https:\/\/www.magnetenspecialist.nl\/fr\/magasin\/aimant-de-boulon-a-oeil\/magneet-met-oogmoer-32-x-16-x-9-mm\/#primaryimage"},"thumbnailUrl":"https:\/\/www.magnetenspecialist.nl\/wp-content\/uploads\/2019\/03\/Magnetenspecialist.nl_Oogbout-magneet-32-x-16-x-9-mm_1.jpg","datePublished":"2019-03-08T10:02:49+00:00","dateModified":"2025-04-07T11:48:14+00:00","description":"D\u00e9couvrez le puissant aimant Eyebolt 32 x 16 x 9 mm pour tout lieu de travail. Commandez facilement ces aimants en n\u00e9odyme en ligne d\u00e8s maintenant !","breadcrumb":{"@id":"https:\/\/www.magnetenspecialist.nl\/fr\/magasin\/aimant-de-boulon-a-oeil\/magneet-met-oogmoer-32-x-16-x-9-mm\/#breadcrumb"},"inLanguage":"fr-FR","potentialAction":[{"@type":"ReadAction","target":["https:\/\/www.magnetenspecialist.nl\/fr\/magasin\/aimant-de-boulon-a-oeil\/magneet-met-oogmoer-32-x-16-x-9-mm\/"]}]},{"@type":"ImageObject","inLanguage":"fr-FR","@id":"https:\/\/www.magnetenspecialist.nl\/fr\/magasin\/aimant-de-boulon-a-oeil\/magneet-met-oogmoer-32-x-16-x-9-mm\/#primaryimage","url":"https:\/\/www.magnetenspecialist.nl\/wp-content\/uploads\/2019\/03\/Magnetenspecialist.nl_Oogbout-magneet-32-x-16-x-9-mm_1.jpg","contentUrl":"https:\/\/www.magnetenspecialist.nl\/wp-content\/uploads\/2019\/03\/Magnetenspecialist.nl_Oogbout-magneet-32-x-16-x-9-mm_1.jpg","width":1500,"height":1500,"caption":"Krachtige neodymium oogboutmagneet \u00d832 mm \u2013 geschikt voor stevige bevestiging"},{"@type":"BreadcrumbList","@id":"https:\/\/www.magnetenspecialist.nl\/fr\/magasin\/aimant-de-boulon-a-oeil\/magneet-met-oogmoer-32-x-16-x-9-mm\/#breadcrumb","itemListElement":[{"@type":"ListItem","position":1,"name":"Accueil","item":"https:\/\/www.magnetenspecialist.nl\/fr\/accueil\/"},{"@type":"ListItem","position":2,"name":"Boutique","item":"https:\/\/www.magnetenspecialist.nl\/fr\/boutique\/"},{"@type":"ListItem","position":3,"name":"Aimant pour boulon \u00e0 \u0153il 32 x 16 x 9 mm"}]},{"@type":"WebSite","@id":"https:\/\/www.magnetenspecialist.nl\/fr\/#website","url":"https:\/\/www.magnetenspecialist.nl\/fr\/","name":"Magnetenspecialist.nl","description":"Vaste gamme d'aimants en n\u00e9odyme","publisher":{"@id":"https:\/\/www.magnetenspecialist.nl\/fr\/#organization"},"potentialAction":[{"@type":"SearchAction","target":{"@type":"EntryPoint","urlTemplate":"https:\/\/www.magnetenspecialist.nl\/fr\/?s={search_term_string}"},"query-input":{"@type":"PropertyValueSpecification","valueRequired":true,"valueName":"search_term_string"}}],"inLanguage":"fr-FR"},{"@type":"Organization","@id":"https:\/\/www.magnetenspecialist.nl\/fr\/#organization","name":"Magnetenspecialist.nl","url":"https:\/\/www.magnetenspecialist.nl\/fr\/","logo":{"@type":"ImageObject","inLanguage":"fr-FR","@id":"https:\/\/www.magnetenspecialist.nl\/fr\/#\/schema\/logo\/image\/","url":"https:\/\/www.magnetenspecialist.nl\/wp-content\/uploads\/2018\/10\/magneten-logo.jpg","contentUrl":"https:\/\/www.magnetenspecialist.nl\/wp-content\/uploads\/2018\/10\/magneten-logo.jpg","width":151,"height":151,"caption":"Magnetenspecialist.nl"},"image":{"@id":"https:\/\/www.magnetenspecialist.nl\/fr\/#\/schema\/logo\/image\/"},"sameAs":["https:\/\/www.facebook.com\/Magnetenspecialist.nl","https:\/\/x.com\/magnetenspecial"]}]},"product_price_amount":"5.16","product_price_currency":"EUR","og_availability":"instock","product_availability":"instock","product_retailer_item_id":"og032x016x0090-N","product_condition":"new"},"_links":{"self":[{"href":"https:\/\/www.magnetenspecialist.nl\/fr\/wp-json\/wp\/v2\/product\/95711","targetHints":{"allow":["GET"]}}],"collection":[{"href":"https:\/\/www.magnetenspecialist.nl\/fr\/wp-json\/wp\/v2\/product"}],"about":[{"href":"https:\/\/www.magnetenspecialist.nl\/fr\/wp-json\/wp\/v2\/types\/product"}],"wp:featuredmedia":[{"embeddable":true,"href":"https:\/\/www.magnetenspecialist.nl\/fr\/wp-json\/wp\/v2\/media\/113573"}],"wp:attachment":[{"href":"https:\/\/www.magnetenspecialist.nl\/fr\/wp-json\/wp\/v2\/media?parent=95711"}],"wp:term":[{"taxonomy":"product_brand","embeddable":true,"href":"https:\/\/www.magnetenspecialist.nl\/fr\/wp-json\/wp\/v2\/product_brand?post=95711"},{"taxonomy":"product_cat","embeddable":true,"href":"https:\/\/www.magnetenspecialist.nl\/fr\/wp-json\/wp\/v2\/product_cat?post=95711"},{"taxonomy":"product_tag","embeddable":true,"href":"https:\/\/www.magnetenspecialist.nl\/fr\/wp-json\/wp\/v2\/product_tag?post=95711"}],"curies":[{"name":"wp","href":"https:\/\/api.w.org\/{rel}","templated":true}]}}