{"id":95823,"date":"2019-03-08T11:02:42","date_gmt":"2019-03-08T10:02:42","guid":{"rendered":"https:\/\/www.magnetenspecialist.nl\/winkel\/non%20class\u00e9\/aimant-en-pot-caoutchoute-43mm-avec-filetage-interieur-m4\/"},"modified":"2025-03-18T16:07:36","modified_gmt":"2025-03-18T15:07:36","slug":"pot-aimant-avec-gaine-en-caoutchouc-43mm-filetage-mince-m4","status":"publish","type":"product","link":"https:\/\/www.magnetenspecialist.nl\/fr\/magasin\/aimants-en-pot-avec-filetage-interieur\/pot-aimant-avec-gaine-en-caoutchouc-43mm-filetage-mince-m4\/","title":{"rendered":"Aimant en pot avec gaine en caoutchouc 43mm, filetage int\u00e9rieur M4"},"content":{"rendered":"<h3>Aimants super puissants de diff\u00e9rentes tailles et forces<\/h3>\n<p>  Un aimant en forme de pot peut \u00eatre utilis\u00e9 \u00e0 diverses fins. Chez Magnetenspecialist.nl, vous avez le choix entre diff\u00e9rents aimants de pot. Pour chaque aimant en pot, nous indiquons clairement la magn\u00e9tisation et le pouvoir de r\u00e9tention. Magnetenspecialist.nl est enti\u00e8rement sp\u00e9cialis\u00e9 dans les aimants en n\u00e9odyme. Cela vous fera gagner du temps et, peut-\u00eatre plus important encore, de l&#8217;argent.<\/p>\n","protected":false},"excerpt":{"rendered":"<p>filetage int\u00e9rieur M4<\/p>\n","protected":false},"featured_media":112968,"template":"","meta":{"_acf_changed":false},"product_brand":[3521],"product_cat":[2951,2956,1394,3273],"product_tag":[3158],"class_list":{"0":"post-95823","1":"product","2":"type-product","3":"status-publish","4":"has-post-thumbnail","6":"product_brand-magnetenspecialist","7":"product_cat-aimants-en-pot-avec-filetage-interieur","8":"product_cat-aimants-en-pot-avec-revetement-caoutchouc","9":"product_cat-aimants-en-pot","10":"product_cat-caoutchouc","11":"product_tag-groep-3-fr","12":"pa_houdkracht-10-fr","13":"pa_magnetisering-n40-fr","14":"pa_magnetiseringsrichting-axiaal-fr","15":"pa_materiaal-neodyme-nickele","16":"pa_model-aimant-en-neodyme-en-pot","18":"first","19":"instock","20":"taxable","21":"shipping-taxable","22":"purchasable","23":"product-type-simple"},"supplier_id":null,"supplier_sku":"","barcode":null,"atum_controlled":true,"out_stock_date":null,"out_stock_threshold":null,"inheritable":false,"inbound_stock":0,"stock_on_hold":0,"sold_today":0,"sales_last_days":1,"reserved_stock":0,"customer_returns":0,"warehouse_damage":0,"lost_in_post":0,"other_logs":0,"out_stock_days":0,"lost_sales":0,"has_location":false,"update_date":"2026-04-03T08:06:25","atum_locations":[],"atum_stock_status":"instock","restock_status":false,"low_stock_amount":1000,"sales_update_date":"2026-04-03T08:06:25","calc_backorders":null,"acf":[],"yoast_head":"<!-- This site is optimized with the Yoast SEO Premium plugin v24.7 (Yoast SEO v24.7) - https:\/\/yoast.com\/wordpress\/plugins\/seo\/ -->\n<title>Aimant en Pot avec Gaine en Caoutchouc 43mm, Filetage Int\u00e9rieur M4 \u2013 Aimant \u00e0 Pot Prot\u00e9g\u00e9 avec Gaine Caoutchouc et Filetage M4<\/title>\n<meta name=\"description\" content=\"Vous cherchez un Aimant en pot avec gaine en caoutchouc 43mm, filetage int\u00e9rieur M4? Les aimants peuvent \u00eatre achet\u00e9s facilement en ligne sur Magnetenspecialist.nl \u2713 1 jour ouvrable de d\u00e9lai de livraison \u2713 14 jours de d\u00e9lai de r\u00e9flexion \u2713 Exp\u00e9dition ou enl\u00e8vement *.\" \/>\n<meta name=\"robots\" content=\"index, follow, max-snippet:-1, max-image-preview:large, max-video-preview:-1\" \/>\n<link rel=\"canonical\" href=\"https:\/\/www.magnetenspecialist.nl\/fr\/magasin\/aimants-en-pot-avec-filetage-interieur\/pot-aimant-avec-gaine-en-caoutchouc-43mm-filetage-mince-m4\/\" \/>\n<meta property=\"og:locale\" content=\"fr_FR\" \/>\n<meta property=\"og:type\" content=\"article\" \/>\n<meta property=\"og:title\" content=\"Aimant en pot avec gaine en caoutchouc 43mm, filetage int\u00e9rieur M4\" \/>\n<meta property=\"og:description\" content=\"Vous cherchez un Aimant en pot avec gaine en caoutchouc 43mm, filetage int\u00e9rieur M4? Les aimants peuvent \u00eatre achet\u00e9s facilement en ligne sur Magnetenspecialist.nl \u2713 1 jour ouvrable de d\u00e9lai de livraison \u2713 14 jours de d\u00e9lai de r\u00e9flexion \u2713 Exp\u00e9dition ou enl\u00e8vement *.\" \/>\n<meta property=\"og:url\" content=\"https:\/\/www.magnetenspecialist.nl\/fr\/magasin\/aimants-en-pot-avec-filetage-interieur\/pot-aimant-avec-gaine-en-caoutchouc-43mm-filetage-mince-m4\/\" \/>\n<meta property=\"og:site_name\" content=\"Magnetenspecialist.nl\" \/>\n<meta property=\"article:publisher\" content=\"https:\/\/www.facebook.com\/Magnetenspecialist.nl\" \/>\n<meta property=\"article:modified_time\" content=\"2025-03-18T15:07:36+00:00\" \/>\n<meta property=\"og:image\" content=\"https:\/\/www.magnetenspecialist.nl\/wp-content\/uploads\/2019\/03\/Magnetenspecialist.nl_Potmagneet-met-rubberen-ommanteling-43mm-inwendige-schroefdraad-M4_1-3.jpg\" \/>\n\t<meta property=\"og:image:width\" content=\"1500\" \/>\n\t<meta property=\"og:image:height\" content=\"1500\" \/>\n\t<meta property=\"og:image:type\" content=\"image\/jpeg\" \/>\n<meta name=\"twitter:card\" content=\"summary_large_image\" \/>\n<meta name=\"twitter:site\" content=\"@magnetenspecial\" \/>\n<meta name=\"twitter:label1\" content=\"Prix\" \/>\n\t<meta name=\"twitter:data1\" content=\"&euro;&nbsp;5,86\" \/>\n\t<meta name=\"twitter:label2\" content=\"Disponibilit\u00e9\" \/>\n\t<meta name=\"twitter:data2\" content=\"En stock\" \/>\n<script type=\"application\/ld+json\" class=\"yoast-schema-graph\">{\"@context\":\"https:\/\/schema.org\",\"@graph\":[{\"@type\":\"WebPage\",\"@id\":\"https:\/\/www.magnetenspecialist.nl\/fr\/magasin\/aimants-en-pot-avec-filetage-interieur\/pot-aimant-avec-gaine-en-caoutchouc-43mm-filetage-mince-m4\/\",\"url\":\"https:\/\/www.magnetenspecialist.nl\/fr\/magasin\/aimants-en-pot-avec-filetage-interieur\/pot-aimant-avec-gaine-en-caoutchouc-43mm-filetage-mince-m4\/\",\"name\":\"Aimant en Pot avec Gaine en Caoutchouc 43mm, Filetage Int\u00e9rieur M4 \u2013 Aimant \u00e0 Pot Prot\u00e9g\u00e9 avec Gaine Caoutchouc et Filetage M4\",\"isPartOf\":{\"@id\":\"https:\/\/www.magnetenspecialist.nl\/fr\/#website\"},\"primaryImageOfPage\":{\"@id\":\"https:\/\/www.magnetenspecialist.nl\/fr\/magasin\/aimants-en-pot-avec-filetage-interieur\/pot-aimant-avec-gaine-en-caoutchouc-43mm-filetage-mince-m4\/#primaryimage\"},\"image\":{\"@id\":\"https:\/\/www.magnetenspecialist.nl\/fr\/magasin\/aimants-en-pot-avec-filetage-interieur\/pot-aimant-avec-gaine-en-caoutchouc-43mm-filetage-mince-m4\/#primaryimage\"},\"thumbnailUrl\":\"https:\/\/www.magnetenspecialist.nl\/wp-content\/uploads\/2019\/03\/Magnetenspecialist.nl_Potmagneet-met-rubberen-ommanteling-43mm-inwendige-schroefdraad-M4_1-3.jpg\",\"datePublished\":\"2019-03-08T10:02:42+00:00\",\"dateModified\":\"2025-03-18T15:07:36+00:00\",\"description\":\"Vous cherchez un Aimant en pot avec gaine en caoutchouc 43mm, filetage int\u00e9rieur M4? Les aimants peuvent \u00eatre achet\u00e9s facilement en ligne sur Magnetenspecialist.nl \u2713 1 jour ouvrable de d\u00e9lai de livraison \u2713 14 jours de d\u00e9lai de r\u00e9flexion \u2713 Exp\u00e9dition ou enl\u00e8vement *.\",\"breadcrumb\":{\"@id\":\"https:\/\/www.magnetenspecialist.nl\/fr\/magasin\/aimants-en-pot-avec-filetage-interieur\/pot-aimant-avec-gaine-en-caoutchouc-43mm-filetage-mince-m4\/#breadcrumb\"},\"inLanguage\":\"fr-FR\",\"potentialAction\":[{\"@type\":\"ReadAction\",\"target\":[\"https:\/\/www.magnetenspecialist.nl\/fr\/magasin\/aimants-en-pot-avec-filetage-interieur\/pot-aimant-avec-gaine-en-caoutchouc-43mm-filetage-mince-m4\/\"]}]},{\"@type\":\"ImageObject\",\"inLanguage\":\"fr-FR\",\"@id\":\"https:\/\/www.magnetenspecialist.nl\/fr\/magasin\/aimants-en-pot-avec-filetage-interieur\/pot-aimant-avec-gaine-en-caoutchouc-43mm-filetage-mince-m4\/#primaryimage\",\"url\":\"https:\/\/www.magnetenspecialist.nl\/wp-content\/uploads\/2019\/03\/Magnetenspecialist.nl_Potmagneet-met-rubberen-ommanteling-43mm-inwendige-schroefdraad-M4_1-3.jpg\",\"contentUrl\":\"https:\/\/www.magnetenspecialist.nl\/wp-content\/uploads\/2019\/03\/Magnetenspecialist.nl_Potmagneet-met-rubberen-ommanteling-43mm-inwendige-schroefdraad-M4_1-3.jpg\",\"width\":1500,\"height\":1500},{\"@type\":\"BreadcrumbList\",\"@id\":\"https:\/\/www.magnetenspecialist.nl\/fr\/magasin\/aimants-en-pot-avec-filetage-interieur\/pot-aimant-avec-gaine-en-caoutchouc-43mm-filetage-mince-m4\/#breadcrumb\",\"itemListElement\":[{\"@type\":\"ListItem\",\"position\":1,\"name\":\"Accueil\",\"item\":\"https:\/\/www.magnetenspecialist.nl\/fr\/accueil\/\"},{\"@type\":\"ListItem\",\"position\":2,\"name\":\"Boutique\",\"item\":\"https:\/\/www.magnetenspecialist.nl\/fr\/boutique\/\"},{\"@type\":\"ListItem\",\"position\":3,\"name\":\"Aimant en pot avec gaine en caoutchouc 43mm, filetage int\u00e9rieur M4\"}]},{\"@type\":\"WebSite\",\"@id\":\"https:\/\/www.magnetenspecialist.nl\/fr\/#website\",\"url\":\"https:\/\/www.magnetenspecialist.nl\/fr\/\",\"name\":\"Magnetenspecialist.nl\",\"description\":\"Vaste gamme d'aimants en n\u00e9odyme\",\"publisher\":{\"@id\":\"https:\/\/www.magnetenspecialist.nl\/fr\/#organization\"},\"potentialAction\":[{\"@type\":\"SearchAction\",\"target\":{\"@type\":\"EntryPoint\",\"urlTemplate\":\"https:\/\/www.magnetenspecialist.nl\/fr\/?s={search_term_string}\"},\"query-input\":{\"@type\":\"PropertyValueSpecification\",\"valueRequired\":true,\"valueName\":\"search_term_string\"}}],\"inLanguage\":\"fr-FR\"},{\"@type\":\"Organization\",\"@id\":\"https:\/\/www.magnetenspecialist.nl\/fr\/#organization\",\"name\":\"Magnetenspecialist.nl\",\"url\":\"https:\/\/www.magnetenspecialist.nl\/fr\/\",\"logo\":{\"@type\":\"ImageObject\",\"inLanguage\":\"fr-FR\",\"@id\":\"https:\/\/www.magnetenspecialist.nl\/fr\/#\/schema\/logo\/image\/\",\"url\":\"https:\/\/www.magnetenspecialist.nl\/wp-content\/uploads\/2018\/10\/magneten-logo.jpg\",\"contentUrl\":\"https:\/\/www.magnetenspecialist.nl\/wp-content\/uploads\/2018\/10\/magneten-logo.jpg\",\"width\":151,\"height\":151,\"caption\":\"Magnetenspecialist.nl\"},\"image\":{\"@id\":\"https:\/\/www.magnetenspecialist.nl\/fr\/#\/schema\/logo\/image\/\"},\"sameAs\":[\"https:\/\/www.facebook.com\/Magnetenspecialist.nl\",\"https:\/\/x.com\/magnetenspecial\"]}]}<\/script>\n<meta property=\"product:price:amount\" content=\"5.86\" \/>\n<meta property=\"product:price:currency\" content=\"EUR\" \/>\n<meta property=\"og:availability\" content=\"instock\" \/>\n<meta property=\"product:availability\" content=\"instock\" \/>\n<meta property=\"product:retailer_item_id\" content=\"po043x006-N-R\" \/>\n<meta property=\"product:condition\" content=\"new\" \/>\n<!-- \/ Yoast SEO Premium plugin. -->","yoast_head_json":{"title":"Aimant en Pot avec Gaine en Caoutchouc 43mm, Filetage Int\u00e9rieur M4 \u2013 Aimant \u00e0 Pot Prot\u00e9g\u00e9 avec Gaine Caoutchouc et Filetage M4","description":"Vous cherchez un Aimant en pot avec gaine en caoutchouc 43mm, filetage int\u00e9rieur M4? Les aimants peuvent \u00eatre achet\u00e9s facilement en ligne sur Magnetenspecialist.nl \u2713 1 jour ouvrable de d\u00e9lai de livraison \u2713 14 jours de d\u00e9lai de r\u00e9flexion \u2713 Exp\u00e9dition ou enl\u00e8vement *.","robots":{"index":"index","follow":"follow","max-snippet":"max-snippet:-1","max-image-preview":"max-image-preview:large","max-video-preview":"max-video-preview:-1"},"canonical":"https:\/\/www.magnetenspecialist.nl\/fr\/magasin\/aimants-en-pot-avec-filetage-interieur\/pot-aimant-avec-gaine-en-caoutchouc-43mm-filetage-mince-m4\/","og_locale":"fr_FR","og_type":"article","og_title":"Aimant en pot avec gaine en caoutchouc 43mm, filetage int\u00e9rieur M4","og_description":"Vous cherchez un Aimant en pot avec gaine en caoutchouc 43mm, filetage int\u00e9rieur M4? Les aimants peuvent \u00eatre achet\u00e9s facilement en ligne sur Magnetenspecialist.nl \u2713 1 jour ouvrable de d\u00e9lai de livraison \u2713 14 jours de d\u00e9lai de r\u00e9flexion \u2713 Exp\u00e9dition ou enl\u00e8vement *.","og_url":"https:\/\/www.magnetenspecialist.nl\/fr\/magasin\/aimants-en-pot-avec-filetage-interieur\/pot-aimant-avec-gaine-en-caoutchouc-43mm-filetage-mince-m4\/","og_site_name":"Magnetenspecialist.nl","article_publisher":"https:\/\/www.facebook.com\/Magnetenspecialist.nl","article_modified_time":"2025-03-18T15:07:36+00:00","og_image":[{"width":1500,"height":1500,"url":"https:\/\/www.magnetenspecialist.nl\/wp-content\/uploads\/2019\/03\/Magnetenspecialist.nl_Potmagneet-met-rubberen-ommanteling-43mm-inwendige-schroefdraad-M4_1-3.jpg","type":"image\/jpeg"}],"twitter_card":"summary_large_image","twitter_site":"@magnetenspecial","twitter_misc":{"Prix":"&euro;&nbsp;5,86","Disponibilit\u00e9":"En stock"},"schema":{"@context":"https:\/\/schema.org","@graph":[{"@type":"WebPage","@id":"https:\/\/www.magnetenspecialist.nl\/fr\/magasin\/aimants-en-pot-avec-filetage-interieur\/pot-aimant-avec-gaine-en-caoutchouc-43mm-filetage-mince-m4\/","url":"https:\/\/www.magnetenspecialist.nl\/fr\/magasin\/aimants-en-pot-avec-filetage-interieur\/pot-aimant-avec-gaine-en-caoutchouc-43mm-filetage-mince-m4\/","name":"Aimant en Pot avec Gaine en Caoutchouc 43mm, Filetage Int\u00e9rieur M4 \u2013 Aimant \u00e0 Pot Prot\u00e9g\u00e9 avec Gaine Caoutchouc et Filetage M4","isPartOf":{"@id":"https:\/\/www.magnetenspecialist.nl\/fr\/#website"},"primaryImageOfPage":{"@id":"https:\/\/www.magnetenspecialist.nl\/fr\/magasin\/aimants-en-pot-avec-filetage-interieur\/pot-aimant-avec-gaine-en-caoutchouc-43mm-filetage-mince-m4\/#primaryimage"},"image":{"@id":"https:\/\/www.magnetenspecialist.nl\/fr\/magasin\/aimants-en-pot-avec-filetage-interieur\/pot-aimant-avec-gaine-en-caoutchouc-43mm-filetage-mince-m4\/#primaryimage"},"thumbnailUrl":"https:\/\/www.magnetenspecialist.nl\/wp-content\/uploads\/2019\/03\/Magnetenspecialist.nl_Potmagneet-met-rubberen-ommanteling-43mm-inwendige-schroefdraad-M4_1-3.jpg","datePublished":"2019-03-08T10:02:42+00:00","dateModified":"2025-03-18T15:07:36+00:00","description":"Vous cherchez un Aimant en pot avec gaine en caoutchouc 43mm, filetage int\u00e9rieur M4? Les aimants peuvent \u00eatre achet\u00e9s facilement en ligne sur Magnetenspecialist.nl \u2713 1 jour ouvrable de d\u00e9lai de livraison \u2713 14 jours de d\u00e9lai de r\u00e9flexion \u2713 Exp\u00e9dition ou enl\u00e8vement *.","breadcrumb":{"@id":"https:\/\/www.magnetenspecialist.nl\/fr\/magasin\/aimants-en-pot-avec-filetage-interieur\/pot-aimant-avec-gaine-en-caoutchouc-43mm-filetage-mince-m4\/#breadcrumb"},"inLanguage":"fr-FR","potentialAction":[{"@type":"ReadAction","target":["https:\/\/www.magnetenspecialist.nl\/fr\/magasin\/aimants-en-pot-avec-filetage-interieur\/pot-aimant-avec-gaine-en-caoutchouc-43mm-filetage-mince-m4\/"]}]},{"@type":"ImageObject","inLanguage":"fr-FR","@id":"https:\/\/www.magnetenspecialist.nl\/fr\/magasin\/aimants-en-pot-avec-filetage-interieur\/pot-aimant-avec-gaine-en-caoutchouc-43mm-filetage-mince-m4\/#primaryimage","url":"https:\/\/www.magnetenspecialist.nl\/wp-content\/uploads\/2019\/03\/Magnetenspecialist.nl_Potmagneet-met-rubberen-ommanteling-43mm-inwendige-schroefdraad-M4_1-3.jpg","contentUrl":"https:\/\/www.magnetenspecialist.nl\/wp-content\/uploads\/2019\/03\/Magnetenspecialist.nl_Potmagneet-met-rubberen-ommanteling-43mm-inwendige-schroefdraad-M4_1-3.jpg","width":1500,"height":1500},{"@type":"BreadcrumbList","@id":"https:\/\/www.magnetenspecialist.nl\/fr\/magasin\/aimants-en-pot-avec-filetage-interieur\/pot-aimant-avec-gaine-en-caoutchouc-43mm-filetage-mince-m4\/#breadcrumb","itemListElement":[{"@type":"ListItem","position":1,"name":"Accueil","item":"https:\/\/www.magnetenspecialist.nl\/fr\/accueil\/"},{"@type":"ListItem","position":2,"name":"Boutique","item":"https:\/\/www.magnetenspecialist.nl\/fr\/boutique\/"},{"@type":"ListItem","position":3,"name":"Aimant en pot avec gaine en caoutchouc 43mm, filetage int\u00e9rieur M4"}]},{"@type":"WebSite","@id":"https:\/\/www.magnetenspecialist.nl\/fr\/#website","url":"https:\/\/www.magnetenspecialist.nl\/fr\/","name":"Magnetenspecialist.nl","description":"Vaste gamme d'aimants en n\u00e9odyme","publisher":{"@id":"https:\/\/www.magnetenspecialist.nl\/fr\/#organization"},"potentialAction":[{"@type":"SearchAction","target":{"@type":"EntryPoint","urlTemplate":"https:\/\/www.magnetenspecialist.nl\/fr\/?s={search_term_string}"},"query-input":{"@type":"PropertyValueSpecification","valueRequired":true,"valueName":"search_term_string"}}],"inLanguage":"fr-FR"},{"@type":"Organization","@id":"https:\/\/www.magnetenspecialist.nl\/fr\/#organization","name":"Magnetenspecialist.nl","url":"https:\/\/www.magnetenspecialist.nl\/fr\/","logo":{"@type":"ImageObject","inLanguage":"fr-FR","@id":"https:\/\/www.magnetenspecialist.nl\/fr\/#\/schema\/logo\/image\/","url":"https:\/\/www.magnetenspecialist.nl\/wp-content\/uploads\/2018\/10\/magneten-logo.jpg","contentUrl":"https:\/\/www.magnetenspecialist.nl\/wp-content\/uploads\/2018\/10\/magneten-logo.jpg","width":151,"height":151,"caption":"Magnetenspecialist.nl"},"image":{"@id":"https:\/\/www.magnetenspecialist.nl\/fr\/#\/schema\/logo\/image\/"},"sameAs":["https:\/\/www.facebook.com\/Magnetenspecialist.nl","https:\/\/x.com\/magnetenspecial"]}]},"product_price_amount":"5.86","product_price_currency":"EUR","og_availability":"instock","product_availability":"instock","product_retailer_item_id":"po043x006-N-R","product_condition":"new"},"_links":{"self":[{"href":"https:\/\/www.magnetenspecialist.nl\/fr\/wp-json\/wp\/v2\/product\/95823","targetHints":{"allow":["GET"]}}],"collection":[{"href":"https:\/\/www.magnetenspecialist.nl\/fr\/wp-json\/wp\/v2\/product"}],"about":[{"href":"https:\/\/www.magnetenspecialist.nl\/fr\/wp-json\/wp\/v2\/types\/product"}],"wp:featuredmedia":[{"embeddable":true,"href":"https:\/\/www.magnetenspecialist.nl\/fr\/wp-json\/wp\/v2\/media\/112968"}],"wp:attachment":[{"href":"https:\/\/www.magnetenspecialist.nl\/fr\/wp-json\/wp\/v2\/media?parent=95823"}],"wp:term":[{"taxonomy":"product_brand","embeddable":true,"href":"https:\/\/www.magnetenspecialist.nl\/fr\/wp-json\/wp\/v2\/product_brand?post=95823"},{"taxonomy":"product_cat","embeddable":true,"href":"https:\/\/www.magnetenspecialist.nl\/fr\/wp-json\/wp\/v2\/product_cat?post=95823"},{"taxonomy":"product_tag","embeddable":true,"href":"https:\/\/www.magnetenspecialist.nl\/fr\/wp-json\/wp\/v2\/product_tag?post=95823"}],"curies":[{"name":"wp","href":"https:\/\/api.w.org\/{rel}","templated":true}]}}